{"id":1760,"date":"2021-08-09T23:29:48","date_gmt":"2021-08-09T20:29:48","guid":{"rendered":"https:\/\/hylajams.fi\/?post_type=product&#038;p=1760"},"modified":"2026-02-27T20:48:00","modified_gmt":"2026-02-27T18:48:00","slug":"mikrokuituliinat-setti","status":"publish","type":"product","link":"https:\/\/hylajams.fi\/?product=mikrokuituliinat-setti","title":{"rendered":"46755 Mikrokuituliinat setti \u2013 3 kpl"},"content":{"rendered":"<p><strong>Mikrokuituliinat setti, 3 kpl<\/strong><\/p>\n<p>Mikrokuituliinat yleislattiasuulakkeen pidikkeeseen \u2013 3 kpl ilman pidikett\u00e4.<\/p>\n<p>HYLA mikrokuituliinat 3 kpl setti on suunniteltu erityisesti HYLA yleislattiasuulakkeen pidikkeeseen. Setti ei sis\u00e4ll\u00e4 pidikett\u00e4, vaan liinat kiinnitet\u00e4\u00e4n olemassa olevaan pidikkeeseen. Jokainen liina on tarkoitettu eri lattiatyypeille, mik\u00e4 tekee siivouksesta tehokasta ja hell\u00e4varaista pinnan mukaan.<\/p>\n<ul>\n<li><strong>Valkoinen PROFI-puuvillakuitu:<\/strong> Ihanteellinen vahattujen ja \u00f6ljyttyjen puulattioiden, parketin ja korkkipintojen puhdistukseen. Suunniteltu erityisesti puulattioille ja puolikoville pinnoille.<\/li>\n<li><strong>Vihre\u00e4 Luxury-mikrokuitu:<\/strong> Erityinen mikrokuitu- ja polyesterikuiturakenne soveltuu graniitille, marmorille, kiilt\u00e4v\u00e4lle laatalle ja muille koville pinnoille.<\/li>\n<li><strong>Vihre\u00e4-valkoraitainen Filsain:<\/strong> PREMIUM-matriisikuidusta valmistettu liina, joka tarjoaa erinomaisen puhdistustehon ja kiillotuksen kiilt\u00e4ville pinnoille. Sopii kaikille pinnoille, erityisesti laattalattioille.<\/li>\n<\/ul>\n<p>Liinat ovat konepest\u00e4vi\u00e4 60 \u00b0C:ssa, mik\u00e4 helpottaa niiden huoltoa ja pident\u00e4\u00e4 k\u00e4ytt\u00f6ik\u00e4\u00e4. T\u00e4m\u00e4 setti tarjoaa laadukkaan ja monipuolisen ratkaisun kodin erilaisten lattioiden puhtaanapitoon.<\/p>\n<p><strong>Tuotetiedot:<\/strong><\/p>\n<ul>\n<li>Sopii HYLA yleislattiasuulakkeeseen (esim. 34700, 46700)<\/li>\n<li>3 kpl mikrokuituliinoja eri lattiatyypeille<\/li>\n<li>Ei sis\u00e4ll\u00e4 pidikett\u00e4<\/li>\n<li>Konepest\u00e4v\u00e4t 60 \u00b0C:ssa<\/li>\n<li>Laadukas ja pitk\u00e4ik\u00e4inen valinta<\/li>\n<\/ul>\n<p><strong><a href=\"https:\/\/hylajams.fi\/?page_id=7252\">HYLA EST TUOTTEET<\/a><\/strong><\/p>\n<p><strong><a href=\"https:\/\/hylajams.fi\/?page_id=8366\">HYLA GST TUOTTEET<\/a><\/strong><\/p>\n<p><strong><a href=\"https:\/\/hylajams.fi\/?page_id=8371\">HYLA NST TUOTTEET<\/a><\/strong><\/p>\n<p><strong><a href=\"https:\/\/www.hyla.com\/products\/products\">HYLA INTERNATIONAL<\/a><\/strong><\/p>\n","protected":false},"excerpt":{"rendered":"<p><strong>HYLA mikrokuituliinat moppiin \u2013 3 kpl setti<\/strong> eri lattiatyypeille. Konepest\u00e4v\u00e4t ja helposti kiinnitett\u00e4v\u00e4t yleislattiasuulakkeeseen.<\/p>\n","protected":false},"featured_media":10851,"template":"","meta":[],"product_brand":[],"product_cat":[950,951,945,944,773,774,775,290,941,847,260],"product_tag":[1131,1679,1675,1680,1590,1674,1329,1678,1676,1677],"class_list":{"0":"post-1760","1":"product","2":"type-product","3":"status-publish","4":"has-post-thumbnail","6":"product_cat-est-suulakkeet-ja-harjat","7":"product_cat-est-varaosat","8":"product_cat-hyla-gst-suulakkeet-ja-harjat","9":"product_cat-hyla-gst-varaosat","10":"product_cat-hyla-est","11":"product_cat-hyla-gst","12":"product_cat-hyla-nst","13":"product_cat-hylan-lisatarvikkeet","14":"product_cat-hyla-nst-suulakkeet","15":"product_cat-hyla-nst-varaosat","16":"product_cat-siivoustarvikkeet-ja-hygieniatuotteet","17":"product_tag-hyla-lisavaruste","18":"product_tag-lattian-puhdistus","19":"product_tag-lattianpesuliina","20":"product_tag-mikrokuitu","21":"product_tag-mikrokuituliina","22":"product_tag-mikrokuituliina-3-kpl","23":"product_tag-mikrokuituliinat-setti","24":"product_tag-moppi-liinat","25":"product_tag-puhdistusliina","26":"product_tag-yleislattiaharja-liinat","27":"product_shipping_class-posti-s-paketti-11x32x3-cm-35-kg","28":"_wholesalex wsx-wholesalex-product","30":"first","31":"instock","32":"featured","33":"shipping-taxable","34":"purchasable","35":"product-type-simple"},"yoast_head":"<!-- This site is optimized with the Yoast SEO plugin v27.3 - https:\/\/yoast.com\/product\/yoast-seo-wordpress\/ -->\n<title>Mikrokuituliinat setti - Erilaisille lattiatyypeille.<\/title>\n<meta name=\"description\" content=\"Mikrokuituliinat setti - Mikrokuituliinat 3 kpl setti lattioiden puhdistukseen. Konepest\u00e4v\u00e4t, helposti kiinnitett\u00e4v\u00e4t ja sopivat eri lattiatyypeille.\" \/>\n<meta name=\"robots\" content=\"index, follow, max-snippet:-1, max-image-preview:large, max-video-preview:-1\" \/>\n<link rel=\"canonical\" href=\"https:\/\/hylajams.fi\/?product=mikrokuituliinat-setti\" \/>\n<meta property=\"og:locale\" content=\"fi_FI\" \/>\n<meta property=\"og:type\" content=\"article\" \/>\n<meta property=\"og:title\" content=\"Mikrokuituliinat setti - Erilaisille lattiatyypeille.\" \/>\n<meta property=\"og:description\" content=\"Mikrokuituliinat setti - Mikrokuituliinat 3 kpl setti lattioiden puhdistukseen. Konepest\u00e4v\u00e4t, helposti kiinnitett\u00e4v\u00e4t ja sopivat eri lattiatyypeille.\" \/>\n<meta property=\"og:url\" content=\"https:\/\/hylajams.fi\/?product=mikrokuituliinat-setti\" \/>\n<meta property=\"og:site_name\" content=\"Hyla Jams Verkkokauppa\" \/>\n<meta property=\"article:modified_time\" content=\"2026-02-27T18:48:00+00:00\" \/>\n<meta property=\"og:image\" content=\"https:\/\/hylajams.fi\/wp-content\/uploads\/2021\/08\/46745-Hyla-moppi-liina-setti-2.jpg\" \/>\n\t<meta property=\"og:image:width\" content=\"945\" \/>\n\t<meta property=\"og:image:height\" content=\"945\" \/>\n\t<meta property=\"og:image:type\" content=\"image\/jpeg\" \/>\n<meta name=\"twitter:card\" content=\"summary_large_image\" \/>\n<meta name=\"twitter:label1\" content=\"Arvioitu lukuaika\" \/>\n\t<meta name=\"twitter:data1\" content=\"2 minuuttia\" \/>\n<script type=\"application\/ld+json\" class=\"yoast-schema-graph\">{\"@context\":\"https:\\\/\\\/schema.org\",\"@graph\":[{\"@type\":\"WebPage\",\"@id\":\"https:\\\/\\\/hylajams.fi\\\/?product=mikrokuituliinat-setti\",\"url\":\"https:\\\/\\\/hylajams.fi\\\/?product=mikrokuituliinat-setti\",\"name\":\"Mikrokuituliinat setti - Erilaisille lattiatyypeille.\",\"isPartOf\":{\"@id\":\"https:\\\/\\\/hylajams.fi\\\/#website\"},\"primaryImageOfPage\":{\"@id\":\"https:\\\/\\\/hylajams.fi\\\/?product=mikrokuituliinat-setti#primaryimage\"},\"image\":{\"@id\":\"https:\\\/\\\/hylajams.fi\\\/?product=mikrokuituliinat-setti#primaryimage\"},\"thumbnailUrl\":\"https:\\\/\\\/hylajams.fi\\\/wp-content\\\/uploads\\\/2021\\\/08\\\/46745-Hyla-moppi-liina-setti-2.jpg\",\"datePublished\":\"2021-08-09T20:29:48+00:00\",\"dateModified\":\"2026-02-27T18:48:00+00:00\",\"description\":\"Mikrokuituliinat setti - Mikrokuituliinat 3 kpl setti lattioiden puhdistukseen. Konepest\u00e4v\u00e4t, helposti kiinnitett\u00e4v\u00e4t ja sopivat eri lattiatyypeille.\",\"breadcrumb\":{\"@id\":\"https:\\\/\\\/hylajams.fi\\\/?product=mikrokuituliinat-setti#breadcrumb\"},\"inLanguage\":\"fi\",\"potentialAction\":[{\"@type\":\"ReadAction\",\"target\":[\"https:\\\/\\\/hylajams.fi\\\/?product=mikrokuituliinat-setti\"]}]},{\"@type\":\"ImageObject\",\"inLanguage\":\"fi\",\"@id\":\"https:\\\/\\\/hylajams.fi\\\/?product=mikrokuituliinat-setti#primaryimage\",\"url\":\"https:\\\/\\\/hylajams.fi\\\/wp-content\\\/uploads\\\/2021\\\/08\\\/46745-Hyla-moppi-liina-setti-2.jpg\",\"contentUrl\":\"https:\\\/\\\/hylajams.fi\\\/wp-content\\\/uploads\\\/2021\\\/08\\\/46745-Hyla-moppi-liina-setti-2.jpg\",\"width\":945,\"height\":945,\"caption\":\"Mikrokuituliinat setti\"},{\"@type\":\"BreadcrumbList\",\"@id\":\"https:\\\/\\\/hylajams.fi\\\/?product=mikrokuituliinat-setti#breadcrumb\",\"itemListElement\":[{\"@type\":\"ListItem\",\"position\":1,\"name\":\"Etusivu\",\"item\":\"https:\\\/\\\/hylajams.fi\\\/\"},{\"@type\":\"ListItem\",\"position\":2,\"name\":\"VERKKOKAUPPA\",\"item\":\"https:\\\/\\\/hylajams.fi\\\/?page_id=9\"},{\"@type\":\"ListItem\",\"position\":3,\"name\":\"46755 Mikrokuituliinat setti \u2013 3 kpl\"}]},{\"@type\":\"WebSite\",\"@id\":\"https:\\\/\\\/hylajams.fi\\\/#website\",\"url\":\"https:\\\/\\\/hylajams.fi\\\/\",\"name\":\"Hyla Jams Verkkokauppa\",\"description\":\"Hyla ilman- ja huoneen puhdistusj\u00e4rjestelm\u00e4 Suomessa\",\"publisher\":{\"@id\":\"https:\\\/\\\/hylajams.fi\\\/#organization\"},\"potentialAction\":[{\"@type\":\"SearchAction\",\"target\":{\"@type\":\"EntryPoint\",\"urlTemplate\":\"https:\\\/\\\/hylajams.fi\\\/?s={search_term_string}\"},\"query-input\":{\"@type\":\"PropertyValueSpecification\",\"valueRequired\":true,\"valueName\":\"search_term_string\"}}],\"inLanguage\":\"fi\"},{\"@type\":\"Organization\",\"@id\":\"https:\\\/\\\/hylajams.fi\\\/#organization\",\"name\":\"Hyla Jams Verkkokauppa\",\"url\":\"https:\\\/\\\/hylajams.fi\\\/\",\"logo\":{\"@type\":\"ImageObject\",\"inLanguage\":\"fi\",\"@id\":\"https:\\\/\\\/hylajams.fi\\\/#\\\/schema\\\/logo\\\/image\\\/\",\"url\":\"https:\\\/\\\/hylajams.fi\\\/wp-content\\\/uploads\\\/2025\\\/02\\\/Logo-1-2.jpg\",\"contentUrl\":\"https:\\\/\\\/hylajams.fi\\\/wp-content\\\/uploads\\\/2025\\\/02\\\/Logo-1-2.jpg\",\"width\":500,\"height\":500,\"caption\":\"Hyla Jams Verkkokauppa\"},\"image\":{\"@id\":\"https:\\\/\\\/hylajams.fi\\\/#\\\/schema\\\/logo\\\/image\\\/\"},\"sameAs\":[\"https:\\\/\\\/www.instagram.com\\\/hylasiivous\\\/\"]}]}<\/script>\n<!-- \/ Yoast SEO plugin. -->","yoast_head_json":{"title":"Mikrokuituliinat setti - Erilaisille lattiatyypeille.","description":"Mikrokuituliinat setti - Mikrokuituliinat 3 kpl setti lattioiden puhdistukseen. Konepest\u00e4v\u00e4t, helposti kiinnitett\u00e4v\u00e4t ja sopivat eri lattiatyypeille.","robots":{"index":"index","follow":"follow","max-snippet":"max-snippet:-1","max-image-preview":"max-image-preview:large","max-video-preview":"max-video-preview:-1"},"canonical":"https:\/\/hylajams.fi\/?product=mikrokuituliinat-setti","og_locale":"fi_FI","og_type":"article","og_title":"Mikrokuituliinat setti - Erilaisille lattiatyypeille.","og_description":"Mikrokuituliinat setti - Mikrokuituliinat 3 kpl setti lattioiden puhdistukseen. Konepest\u00e4v\u00e4t, helposti kiinnitett\u00e4v\u00e4t ja sopivat eri lattiatyypeille.","og_url":"https:\/\/hylajams.fi\/?product=mikrokuituliinat-setti","og_site_name":"Hyla Jams Verkkokauppa","article_modified_time":"2026-02-27T18:48:00+00:00","og_image":[{"width":945,"height":945,"url":"https:\/\/hylajams.fi\/wp-content\/uploads\/2021\/08\/46745-Hyla-moppi-liina-setti-2.jpg","type":"image\/jpeg"}],"twitter_card":"summary_large_image","twitter_misc":{"Arvioitu lukuaika":"2 minuuttia"},"schema":{"@context":"https:\/\/schema.org","@graph":[{"@type":"WebPage","@id":"https:\/\/hylajams.fi\/?product=mikrokuituliinat-setti","url":"https:\/\/hylajams.fi\/?product=mikrokuituliinat-setti","name":"Mikrokuituliinat setti - Erilaisille lattiatyypeille.","isPartOf":{"@id":"https:\/\/hylajams.fi\/#website"},"primaryImageOfPage":{"@id":"https:\/\/hylajams.fi\/?product=mikrokuituliinat-setti#primaryimage"},"image":{"@id":"https:\/\/hylajams.fi\/?product=mikrokuituliinat-setti#primaryimage"},"thumbnailUrl":"https:\/\/hylajams.fi\/wp-content\/uploads\/2021\/08\/46745-Hyla-moppi-liina-setti-2.jpg","datePublished":"2021-08-09T20:29:48+00:00","dateModified":"2026-02-27T18:48:00+00:00","description":"Mikrokuituliinat setti - Mikrokuituliinat 3 kpl setti lattioiden puhdistukseen. Konepest\u00e4v\u00e4t, helposti kiinnitett\u00e4v\u00e4t ja sopivat eri lattiatyypeille.","breadcrumb":{"@id":"https:\/\/hylajams.fi\/?product=mikrokuituliinat-setti#breadcrumb"},"inLanguage":"fi","potentialAction":[{"@type":"ReadAction","target":["https:\/\/hylajams.fi\/?product=mikrokuituliinat-setti"]}]},{"@type":"ImageObject","inLanguage":"fi","@id":"https:\/\/hylajams.fi\/?product=mikrokuituliinat-setti#primaryimage","url":"https:\/\/hylajams.fi\/wp-content\/uploads\/2021\/08\/46745-Hyla-moppi-liina-setti-2.jpg","contentUrl":"https:\/\/hylajams.fi\/wp-content\/uploads\/2021\/08\/46745-Hyla-moppi-liina-setti-2.jpg","width":945,"height":945,"caption":"Mikrokuituliinat setti"},{"@type":"BreadcrumbList","@id":"https:\/\/hylajams.fi\/?product=mikrokuituliinat-setti#breadcrumb","itemListElement":[{"@type":"ListItem","position":1,"name":"Etusivu","item":"https:\/\/hylajams.fi\/"},{"@type":"ListItem","position":2,"name":"VERKKOKAUPPA","item":"https:\/\/hylajams.fi\/?page_id=9"},{"@type":"ListItem","position":3,"name":"46755 Mikrokuituliinat setti \u2013 3 kpl"}]},{"@type":"WebSite","@id":"https:\/\/hylajams.fi\/#website","url":"https:\/\/hylajams.fi\/","name":"Hyla Jams Verkkokauppa","description":"Hyla ilman- ja huoneen puhdistusj\u00e4rjestelm\u00e4 Suomessa","publisher":{"@id":"https:\/\/hylajams.fi\/#organization"},"potentialAction":[{"@type":"SearchAction","target":{"@type":"EntryPoint","urlTemplate":"https:\/\/hylajams.fi\/?s={search_term_string}"},"query-input":{"@type":"PropertyValueSpecification","valueRequired":true,"valueName":"search_term_string"}}],"inLanguage":"fi"},{"@type":"Organization","@id":"https:\/\/hylajams.fi\/#organization","name":"Hyla Jams Verkkokauppa","url":"https:\/\/hylajams.fi\/","logo":{"@type":"ImageObject","inLanguage":"fi","@id":"https:\/\/hylajams.fi\/#\/schema\/logo\/image\/","url":"https:\/\/hylajams.fi\/wp-content\/uploads\/2025\/02\/Logo-1-2.jpg","contentUrl":"https:\/\/hylajams.fi\/wp-content\/uploads\/2025\/02\/Logo-1-2.jpg","width":500,"height":500,"caption":"Hyla Jams Verkkokauppa"},"image":{"@id":"https:\/\/hylajams.fi\/#\/schema\/logo\/image\/"},"sameAs":["https:\/\/www.instagram.com\/hylasiivous\/"]}]}},"_links":{"self":[{"href":"https:\/\/hylajams.fi\/index.php?rest_route=\/wp\/v2\/product\/1760","targetHints":{"allow":["GET"]}}],"collection":[{"href":"https:\/\/hylajams.fi\/index.php?rest_route=\/wp\/v2\/product"}],"about":[{"href":"https:\/\/hylajams.fi\/index.php?rest_route=\/wp\/v2\/types\/product"}],"version-history":[{"count":7,"href":"https:\/\/hylajams.fi\/index.php?rest_route=\/wp\/v2\/product\/1760\/revisions"}],"predecessor-version":[{"id":13165,"href":"https:\/\/hylajams.fi\/index.php?rest_route=\/wp\/v2\/product\/1760\/revisions\/13165"}],"wp:featuredmedia":[{"embeddable":true,"href":"https:\/\/hylajams.fi\/index.php?rest_route=\/wp\/v2\/media\/10851"}],"wp:attachment":[{"href":"https:\/\/hylajams.fi\/index.php?rest_route=%2Fwp%2Fv2%2Fmedia&parent=1760"}],"wp:term":[{"taxonomy":"product_brand","embeddable":true,"href":"https:\/\/hylajams.fi\/index.php?rest_route=%2Fwp%2Fv2%2Fproduct_brand&post=1760"},{"taxonomy":"product_cat","embeddable":true,"href":"https:\/\/hylajams.fi\/index.php?rest_route=%2Fwp%2Fv2%2Fproduct_cat&post=1760"},{"taxonomy":"product_tag","embeddable":true,"href":"https:\/\/hylajams.fi\/index.php?rest_route=%2Fwp%2Fv2%2Fproduct_tag&post=1760"}],"curies":[{"name":"wp","href":"https:\/\/api.w.org\/{rel}","templated":true}]}}