{"id":1728,"date":"2021-08-09T22:36:25","date_gmt":"2021-08-09T19:36:25","guid":{"rendered":"https:\/\/hylajams.fi\/?post_type=product&#038;p=1728"},"modified":"2026-02-27T20:45:55","modified_gmt":"2026-02-27T18:45:55","slug":"mikrokuituliina-pidike-setti-yleislattiaharjalle","status":"publish","type":"product","link":"https:\/\/hylajams.fi\/?product=mikrokuituliina-pidike-setti-yleislattiaharjalle","title":{"rendered":"46745 Hyla Mikrokuituliinapidike setti yleislattiaharjalle (pidike + 3 liinaa)"},"content":{"rendered":"<p data-start=\"214\" data-end=\"294\"><strong data-start=\"214\" data-end=\"292\">Mikrokuituliinapidike setti yleislattiaharjalle \u2013 Monipuolinen puhdistusratkaisu kaikille lattioille\u00a0<\/strong><\/p>\n<p>HYLA mikrokuituliinapidike setti yleislattiaharjalle tarjoaa t\u00e4ydellisen ratkaisun lattioiden tehokkaaseen puhdistamiseen. Setti sis\u00e4lt\u00e4\u00e4 pidikkeen sek\u00e4 kolme erilaista mikrokuituliinaa, jotka soveltuvat monille eri lattiatyypeille. Pidike kiinnittyy helposti Hylan vakiovarusteena olevaan yleislattiaharjaan, ja tarrakiinnitys varmistaa, ett\u00e4 liinat pysyv\u00e4t napakasti paikallaan siivouksen aikana. Pidike sopii kaikkiin Hyla mallin yleislattiasuulakkeisiin.<\/p>\n<p>Monet asiakkaamme ovat toivoneet mahdollisuutta vaihtaa siivotessa erilaisia mikrokuituliinoja kesken\u00e4\u00e4n erilaisille lattia tyypeille, ja vastauksena tarjoamme nyt Hyla Mikrokuituliinapidike setin, joka sis\u00e4lt\u00e4\u00e4 per\u00e4ti kolme erilaista mikrokuituliinaa erilaisiin tarpeisiin.<\/p>\n<p>Mukana tulevat kolme mikrokuituliinaa:<\/p>\n<ul>\n<li><strong>Valkoinen<\/strong>: herk\u00e4t pinnat, laminaatti, parketti, korkki ja muut \u00f6ljytyt tai vahatut puulattiat<\/li>\n<li><strong>Vihre\u00e4<\/strong>: yleisk\u00e4ytt\u00f6inen vaihtoehto, erinomainen kiilt\u00e4ville pinnoille, kuten marmori- ja laattalattioille<\/li>\n<li><strong>Vihre\u00e4-valkoraitainen<\/strong>: yleisk\u00e4ytt\u00f6inen vaihtoehto, erinomainen kiilt\u00e4ville pinnoille, kuten marmori- ja laattalattioille<\/li>\n<\/ul>\n<p>Moppauksen avulla voidaan imuroida ja pyyhki\u00e4 lattiat samalla kertaa, j\u00e4tt\u00e4en pinnat puhtaiksi ja kiilt\u00e4viksi. Mikrokuituliinat ovat konepest\u00e4vi\u00e4 60 \u00b0C:ssa, mik\u00e4 tekee k\u00e4yt\u00f6st\u00e4 hygieenist\u00e4 ja pitk\u00e4ik\u00e4ist\u00e4.<\/p>\n<p><strong>Tuotetiedot:<\/strong><\/p>\n<ul>\n<li>Setti sis\u00e4lt\u00e4\u00e4: pidike + 3 mikrokuituliinaa<\/li>\n<li>Yhteensopiva HYLA yleislattiaharjan kanssa<\/li>\n<li>Tarrakiinnitys mikrokuituliinoihin<\/li>\n<li>Liinat pest\u00e4viss\u00e4 60 \u00b0C:ssa<\/li>\n<li>Soveltuu parketille, laminaatille, laatoille ja muille koville pinnoille<\/li>\n<\/ul>\n<p data-start=\"296\" data-end=\"624\">T\u00e4ydellinen lis\u00e4varuste kaikenlaisten kovien lattioiden, seinien ja kattojen puhdistamiseen.<\/p>\n<p data-start=\"296\" data-end=\"624\"><img decoding=\"async\" class=\"alignnone wp-image-11281\" src=\"https:\/\/hylajams.fi\/wp-content\/uploads\/2021\/08\/46745-Moppi-pidike-3-liinaa-268x300.png\" alt=\"Liinapidike mikrokuituliinojen sarja - Moppi pidike pit\u00e4\u00e4 tiukasti kiinni\" width=\"197\" height=\"221\" srcset=\"https:\/\/hylajams.fi\/wp-content\/uploads\/2021\/08\/46745-Moppi-pidike-3-liinaa-268x300.png 268w, https:\/\/hylajams.fi\/wp-content\/uploads\/2021\/08\/46745-Moppi-pidike-3-liinaa.png 435w\" sizes=\"(max-width: 197px) 100vw, 197px\" \/> <img decoding=\"async\" class=\"alignnone wp-image-11282\" src=\"https:\/\/hylajams.fi\/wp-content\/uploads\/2021\/08\/46745-Moppi-pidike-3-liinaa1-181x300.png\" alt=\"Liinapidike mikrokuituliinojen sarja - Moppipidike irrottaminen on helppoa\" width=\"133\" height=\"221\" srcset=\"https:\/\/hylajams.fi\/wp-content\/uploads\/2021\/08\/46745-Moppi-pidike-3-liinaa1-181x300.png 181w, https:\/\/hylajams.fi\/wp-content\/uploads\/2021\/08\/46745-Moppi-pidike-3-liinaa1.png 451w\" sizes=\"(max-width: 133px) 100vw, 133px\" \/> <img decoding=\"async\" class=\"alignnone wp-image-11283\" src=\"https:\/\/hylajams.fi\/wp-content\/uploads\/2021\/08\/46745-Moppi-pidike-3-liinaa2-168x300.png\" alt=\"Liinapidike mikrokuituliinojen sarja - Moppipidike irrottaminen on helppoa\" width=\"122\" height=\"218\" srcset=\"https:\/\/hylajams.fi\/wp-content\/uploads\/2021\/08\/46745-Moppi-pidike-3-liinaa2-168x300.png 168w, https:\/\/hylajams.fi\/wp-content\/uploads\/2021\/08\/46745-Moppi-pidike-3-liinaa2.png 449w\" sizes=\"(max-width: 122px) 100vw, 122px\" \/> <img loading=\"lazy\" decoding=\"async\" class=\"alignnone wp-image-11284\" src=\"https:\/\/hylajams.fi\/wp-content\/uploads\/2021\/08\/46745-Moppi-pidike-3-liinaa3-199x300.png\" alt=\"Liinapidike mikrokuituliinojen sarja - Moppipidike imee hiekat samalla kun pyyhit lattiaa\" width=\"143\" height=\"216\" srcset=\"https:\/\/hylajams.fi\/wp-content\/uploads\/2021\/08\/46745-Moppi-pidike-3-liinaa3-199x300.png 199w, https:\/\/hylajams.fi\/wp-content\/uploads\/2021\/08\/46745-Moppi-pidike-3-liinaa3.png 464w\" sizes=\"(max-width: 143px) 100vw, 143px\" \/><\/p>\n<p data-start=\"296\" data-end=\"624\">Helppo vaihtaa vaikka varpailla painamalla ja jatkaa siivousta. Samalla kun siivoat kostealla mikrokuituliinalla, voit imuroida kaikki hiekan murut lattialta.<\/p>\n<p><img loading=\"lazy\" decoding=\"async\" class=\"alignnone wp-image-11285 size-full\" src=\"https:\/\/hylajams.fi\/wp-content\/uploads\/2021\/08\/46745-Kaannettava-lattiasuuttimen-pidike-jossa-on-3-korkealaatuista-pyyhetta.jpg\" alt=\"Liinapidike mikrokuituliinojen sarja - pidike ja pyyhkeet\" width=\"153\" height=\"114\" \/><\/p>\n<p data-start=\"998\" data-end=\"1017\"><strong data-start=\"998\" data-end=\"1015\">Ominaisuudet:<\/strong><\/p>\n<ul>\n<li data-start=\"1020\" data-end=\"1071\">Pidike napsautetaan helposti lattiasuulakkeeseen.<\/li>\n<li data-start=\"1074\" data-end=\"1116\">Liinat voidaan pest\u00e4 60 \u00b0C l\u00e4mp\u00f6tilassa.<\/li>\n<li data-start=\"1119\" data-end=\"1185\">Soveltuu lattioiden lis\u00e4ksi my\u00f6s seinien ja kattojen pyyhint\u00e4\u00e4n.<\/li>\n<li data-start=\"1188\" data-end=\"1370\">Voidaan yhdist\u00e4\u00e4 lis\u00e4varusteena hankittavaan <strong><a href=\"https:\/\/hylajams.fi\/?product=hyla-est-yleislattiaharja-suihkeella\">Hyla EST -suihkutettavan yleislattiaharjan<\/a> <\/strong>kanssa: pesuvesi voidaan suihkuttaa pinnalle ja pyyhki\u00e4 kuivaksi samassa ty\u00f6vaiheessa (ei k\u00e4ytett\u00e4viss\u00e4 vanhemmissa NST\/GST-malleissa). T\u00e4t\u00e4 ei pystyt\u00e4 tekem\u00e4\u00e4n vanhemmilla Hyla NST\/GST malleilla.<\/li>\n<\/ul>\n<p><img loading=\"lazy\" decoding=\"async\" class=\"alignnone wp-image-8430 size-medium\" src=\"https:\/\/hylajams.fi\/wp-content\/uploads\/2024\/10\/46706-Hyla-EST-vaihdettava-lattiaharja-suihkeella4-300x169.jpg\" alt=\"Hyla EST -suihkutettavan yleislattiasuulakkeen kanssa\" width=\"300\" height=\"169\" srcset=\"https:\/\/hylajams.fi\/wp-content\/uploads\/2024\/10\/46706-Hyla-EST-vaihdettava-lattiaharja-suihkeella4-300x169.jpg 300w, https:\/\/hylajams.fi\/wp-content\/uploads\/2024\/10\/46706-Hyla-EST-vaihdettava-lattiaharja-suihkeella4-1024x576.jpg 1024w, https:\/\/hylajams.fi\/wp-content\/uploads\/2024\/10\/46706-Hyla-EST-vaihdettava-lattiaharja-suihkeella4-768x432.jpg 768w, https:\/\/hylajams.fi\/wp-content\/uploads\/2024\/10\/46706-Hyla-EST-vaihdettava-lattiaharja-suihkeella4-600x338.jpg 600w, https:\/\/hylajams.fi\/wp-content\/uploads\/2024\/10\/46706-Hyla-EST-vaihdettava-lattiaharja-suihkeella4.jpg 1200w\" sizes=\"(max-width: 300px) 100vw, 300px\" \/> <img loading=\"lazy\" decoding=\"async\" class=\"alignnone wp-image-8428 size-medium\" src=\"https:\/\/hylajams.fi\/wp-content\/uploads\/2024\/10\/46706-Hyla-EST-vaihdettava-lattiaharja-suihkeella2-300x169.jpg\" alt=\"Hyla EST -suihkutettavan yleislattiasuulakkeen kanssa\" width=\"300\" height=\"169\" srcset=\"https:\/\/hylajams.fi\/wp-content\/uploads\/2024\/10\/46706-Hyla-EST-vaihdettava-lattiaharja-suihkeella2-300x169.jpg 300w, https:\/\/hylajams.fi\/wp-content\/uploads\/2024\/10\/46706-Hyla-EST-vaihdettava-lattiaharja-suihkeella2-1024x576.jpg 1024w, https:\/\/hylajams.fi\/wp-content\/uploads\/2024\/10\/46706-Hyla-EST-vaihdettava-lattiaharja-suihkeella2-768x432.jpg 768w, https:\/\/hylajams.fi\/wp-content\/uploads\/2024\/10\/46706-Hyla-EST-vaihdettava-lattiaharja-suihkeella2-600x338.jpg 600w, https:\/\/hylajams.fi\/wp-content\/uploads\/2024\/10\/46706-Hyla-EST-vaihdettava-lattiaharja-suihkeella2.jpg 1200w\" sizes=\"(max-width: 300px) 100vw, 300px\" \/><\/p>\n<p data-start=\"1372\" data-end=\"1518\">HYLA Lattianpesusarja on t\u00e4ydellinen lis\u00e4varuste, kun haluat yhdist\u00e4\u00e4 imuroinnin ja lattioiden kiilt\u00e4v\u00e4n puhdistuksen helposti ja hygieenisesti.<\/p>\n<h3 data-start=\"185\" data-end=\"220\">HYLA <strong data-start=\"214\" data-end=\"292\">Mikrokuituliina pidike setti liinat<\/strong><\/h3>\n<h5><img loading=\"lazy\" decoding=\"async\" class=\"alignnone wp-image-1756\" src=\"https:\/\/hylajams.fi\/wp-content\/uploads\/2021\/08\/46755__-3-liinaa-300x219.png\" alt=\"Mikrokuituliinat\" width=\"225\" height=\"164\" srcset=\"https:\/\/hylajams.fi\/wp-content\/uploads\/2021\/08\/46755__-3-liinaa-300x219.png 300w, https:\/\/hylajams.fi\/wp-content\/uploads\/2021\/08\/46755__-3-liinaa.png 472w\" sizes=\"(max-width: 225px) 100vw, 225px\" \/><\/h5>\n<p data-start=\"222\" data-end=\"274\"><strong data-start=\"222\" data-end=\"272\">1. Vihre\u00e4-valkoraitainen (Filsain-lattiakuitu)<\/strong><\/p>\n<ul>\n<li><strong data-start=\"277\" data-end=\"292\">Materiaali:<\/strong> PREMIUM-matriisikuitu<\/li>\n<li><strong data-start=\"319\" data-end=\"336\">Ominaisuudet:<\/strong> Erinomainen puhdistusteho, kiillotuskyky kiilt\u00e4ville pinnoille<\/li>\n<li><strong data-start=\"404\" data-end=\"422\">K\u00e4ytt\u00f6kohteet:<\/strong> Kaikenlaiset lattiat, erityisen hyv\u00e4 laatoille ja kiilt\u00e4ville pinnoille<\/li>\n<\/ul>\n<p data-start=\"498\" data-end=\"531\"><strong data-start=\"498\" data-end=\"529\">2. Vihre\u00e4 (Luxury-pyyhkij\u00e4)<\/strong><\/p>\n<ul>\n<li data-start=\"534\" data-end=\"607\"><strong data-start=\"534\" data-end=\"549\">Materiaali:<\/strong> Kierretty silmukkakangas mikrokuidusta ja polyesterist\u00e4<\/li>\n<li data-start=\"610\" data-end=\"673\"><strong data-start=\"610\" data-end=\"627\">Ominaisuudet:<\/strong> Tehokas imukyky, soveltuu koville pinnoille<\/li>\n<li data-start=\"676\" data-end=\"755\"><strong data-start=\"676\" data-end=\"694\">K\u00e4ytt\u00f6kohteet:<\/strong> Graniitti, marmori, kiilt\u00e4v\u00e4t laatat ja muut kovat lattiat<\/li>\n<\/ul>\n<p data-start=\"757\" data-end=\"797\"><strong data-start=\"757\" data-end=\"795\">3. Valkoinen (PROFI-puuvillakuitu)<\/strong><\/p>\n<ul>\n<li data-start=\"800\" data-end=\"849\"><strong data-start=\"800\" data-end=\"815\">Materiaali:<\/strong> Puuvilla- ja mikrokuitusekoitus<\/li>\n<li data-start=\"852\" data-end=\"940\"><strong data-start=\"852\" data-end=\"869\">Ominaisuudet:<\/strong> Hell\u00e4varainen, sopii erityisesti \u00f6ljytyille ja vahatuille pinnoille<\/li>\n<li data-start=\"943\" data-end=\"1033\"><strong data-start=\"943\" data-end=\"961\">K\u00e4ytt\u00f6kohteet:<\/strong> Parketti, puu- ja korkkilattiat (\u00f6ljytyt, vahatut), puolikovat pinnat<\/li>\n<\/ul>\n<p data-start=\"1520\" data-end=\"1600\"><strong>\ud83d\udc49 Tilaa nyt ja koe, miten siivous muuttuu vaivattomaksi \u2013 lattiasi kiitt\u00e4v\u00e4t!<\/strong><\/p>\n<p><strong>HYLA Mikrokuitupidikesetti + 3 mikrokuituliina &#8211; Tehokas ja monipuolinen puhdistusratkaisu<\/strong><\/p>\n<p>&nbsp;<\/p>\n<p><strong><a href=\"https:\/\/hylajams.fi\/?page_id=7252\">HYLA EST TUOTTEET<\/a><\/strong><\/p>\n<p><strong><a href=\"https:\/\/hylajams.fi\/?page_id=8366\">HYLA GST TUOTTEET<\/a><\/strong><\/p>\n<p><strong><a href=\"https:\/\/hylajams.fi\/?page_id=8371\">HYLA NST TUOTTEET<\/a><\/strong><\/p>\n<p><strong><a href=\"https:\/\/www.hyla.com\/products\/products\"><span dir=\"auto\" style=\"vertical-align: inherit;\"><span dir=\"auto\" style=\"vertical-align: inherit;\"><span dir=\"auto\" style=\"vertical-align: inherit;\"><span dir=\"auto\" style=\"vertical-align: inherit;\">HYLA INTERNATIONAL<\/span><\/span><\/span><\/span><\/a><\/strong><\/p>\n","protected":false},"excerpt":{"rendered":"<p><strong>HYLA mikrokuituliinapidike setti yleislattiaharjalle<\/strong> \u2013 sis\u00e4lt\u00e4\u00e4 pidikkeen ja 3 erilaista mikrokuituliinaa eri lattiatyypeille.<\/p>\n<p>Tehokas, monipuolinen ja helppok\u00e4ytt\u00f6inen ratkaisu lattioiden puhdistukseen saman aikaisesti. <strong>Mikrokuituliinapidike<\/strong> sarjan avulla imuroit ja pyyhit lattiat samalla kertaa. Mikrokuituliinat kiinnittyv\u00e4t pidikkeeseen vaivattomasti tarran avulla ja soveltuvat erilaisille lattiamateriaaleille.<\/p>\n<p><strong><a href=\"https:\/\/hylajams.fi\/?product=hyla-est-yleislattiaharja-suihkeella\">Hyla EST -suihkutettavan yleislattiaharjan<\/a>\u00a0kanssa<\/strong> voit viimeistell\u00e4 pesun. Yleislattiaharja ei kuulu settiin.<\/p>\n","protected":false},"featured_media":10853,"template":"","meta":[],"product_brand":[],"product_cat":[952,950,946,945,773,774,775,290,942,941],"product_tag":[1131,1669,1671,209,1672,1590,1670,1673,184,211,1631],"class_list":{"0":"post-1728","1":"product","2":"type-product","3":"status-publish","4":"has-post-thumbnail","6":"product_cat-est-lisatarvikkeet","7":"product_cat-est-suulakkeet-ja-harjat","8":"product_cat-hyla-gst-lisatarvikkeet","9":"product_cat-hyla-gst-suulakkeet-ja-harjat","10":"product_cat-hyla-est","11":"product_cat-hyla-gst","12":"product_cat-hyla-nst","13":"product_cat-hylan-lisatarvikkeet","14":"product_cat-hyla-nst-lisatarvikkeet","15":"product_cat-hyla-nst-suulakkeet","16":"product_tag-hyla-lisavaruste","17":"product_tag-hyla-mikrokuituliinapidike-setti","18":"product_tag-lattianpesusarja","19":"product_tag-lattiasuulake","20":"product_tag-liinapidike-setti","21":"product_tag-mikrokuituliina","22":"product_tag-mikrokuituliinapidike","23":"product_tag-monipuolinen-puhdistus","24":"product_tag-moppi","25":"product_tag-pidike","26":"product_tag-yleislattiaharja","27":"product_shipping_class-posti-s-paketti-11x32x3-cm-35-kg","28":"_wholesalex wsx-wholesalex-product","30":"first","31":"instock","32":"featured","33":"shipping-taxable","34":"purchasable","35":"product-type-simple"},"yoast_head":"<!-- This site is optimized with the Yoast SEO plugin v27.3 - https:\/\/yoast.com\/product\/yoast-seo-wordpress\/ -->\n<title>Mikrokuituliina pidike setti yleislattiaharjalle - Monipuolinen setti<\/title>\n<meta name=\"description\" content=\"Mikrokuituliina pidike setti yleislattiaharjalle - Samalla kun siivoat kostealla mikrokuituliinalla, voit imuroida kaikki hiekan murut lattialta.\" \/>\n<meta name=\"robots\" content=\"index, follow, max-snippet:-1, max-image-preview:large, max-video-preview:-1\" \/>\n<link rel=\"canonical\" href=\"https:\/\/hylajams.fi\/?product=mikrokuituliina-pidike-setti-yleislattiaharjalle\" \/>\n<meta property=\"og:locale\" content=\"fi_FI\" \/>\n<meta property=\"og:type\" content=\"article\" \/>\n<meta property=\"og:title\" content=\"Mikrokuituliina pidike setti yleislattiaharjalle - Monipuolinen setti\" \/>\n<meta property=\"og:description\" content=\"Mikrokuituliina pidike setti yleislattiaharjalle - Samalla kun siivoat kostealla mikrokuituliinalla, voit imuroida kaikki hiekan murut lattialta.\" \/>\n<meta property=\"og:url\" content=\"https:\/\/hylajams.fi\/?product=mikrokuituliina-pidike-setti-yleislattiaharjalle\" \/>\n<meta property=\"og:site_name\" content=\"Hyla Jams Verkkokauppa\" \/>\n<meta property=\"article:modified_time\" content=\"2026-02-27T18:45:55+00:00\" \/>\n<meta property=\"og:image\" content=\"https:\/\/hylajams.fi\/wp-content\/uploads\/2021\/08\/46745-Hyla-moppi-pidike-3-liinan-setti-1.jpg\" \/>\n\t<meta property=\"og:image:width\" content=\"945\" \/>\n\t<meta property=\"og:image:height\" content=\"945\" \/>\n\t<meta property=\"og:image:type\" content=\"image\/jpeg\" \/>\n<meta name=\"twitter:card\" content=\"summary_large_image\" \/>\n<meta name=\"twitter:label1\" content=\"Arvioitu lukuaika\" \/>\n\t<meta name=\"twitter:data1\" content=\"5 minuuttia\" \/>\n<script type=\"application\/ld+json\" class=\"yoast-schema-graph\">{\"@context\":\"https:\\\/\\\/schema.org\",\"@graph\":[{\"@type\":\"WebPage\",\"@id\":\"https:\\\/\\\/hylajams.fi\\\/?product=mikrokuituliina-pidike-setti-yleislattiaharjalle\",\"url\":\"https:\\\/\\\/hylajams.fi\\\/?product=mikrokuituliina-pidike-setti-yleislattiaharjalle\",\"name\":\"Mikrokuituliina pidike setti yleislattiaharjalle - Monipuolinen setti\",\"isPartOf\":{\"@id\":\"https:\\\/\\\/hylajams.fi\\\/#website\"},\"primaryImageOfPage\":{\"@id\":\"https:\\\/\\\/hylajams.fi\\\/?product=mikrokuituliina-pidike-setti-yleislattiaharjalle#primaryimage\"},\"image\":{\"@id\":\"https:\\\/\\\/hylajams.fi\\\/?product=mikrokuituliina-pidike-setti-yleislattiaharjalle#primaryimage\"},\"thumbnailUrl\":\"https:\\\/\\\/hylajams.fi\\\/wp-content\\\/uploads\\\/2021\\\/08\\\/46745-Hyla-moppi-pidike-3-liinan-setti-1.jpg\",\"datePublished\":\"2021-08-09T19:36:25+00:00\",\"dateModified\":\"2026-02-27T18:45:55+00:00\",\"description\":\"Mikrokuituliina pidike setti yleislattiaharjalle - Samalla kun siivoat kostealla mikrokuituliinalla, voit imuroida kaikki hiekan murut lattialta.\",\"breadcrumb\":{\"@id\":\"https:\\\/\\\/hylajams.fi\\\/?product=mikrokuituliina-pidike-setti-yleislattiaharjalle#breadcrumb\"},\"inLanguage\":\"fi\",\"potentialAction\":[{\"@type\":\"ReadAction\",\"target\":[\"https:\\\/\\\/hylajams.fi\\\/?product=mikrokuituliina-pidike-setti-yleislattiaharjalle\"]}]},{\"@type\":\"ImageObject\",\"inLanguage\":\"fi\",\"@id\":\"https:\\\/\\\/hylajams.fi\\\/?product=mikrokuituliina-pidike-setti-yleislattiaharjalle#primaryimage\",\"url\":\"https:\\\/\\\/hylajams.fi\\\/wp-content\\\/uploads\\\/2021\\\/08\\\/46745-Hyla-moppi-pidike-3-liinan-setti-1.jpg\",\"contentUrl\":\"https:\\\/\\\/hylajams.fi\\\/wp-content\\\/uploads\\\/2021\\\/08\\\/46745-Hyla-moppi-pidike-3-liinan-setti-1.jpg\",\"width\":945,\"height\":945,\"caption\":\"Mikrokuituliina pidike setti yleislattiaharjalle\"},{\"@type\":\"BreadcrumbList\",\"@id\":\"https:\\\/\\\/hylajams.fi\\\/?product=mikrokuituliina-pidike-setti-yleislattiaharjalle#breadcrumb\",\"itemListElement\":[{\"@type\":\"ListItem\",\"position\":1,\"name\":\"Etusivu\",\"item\":\"https:\\\/\\\/hylajams.fi\\\/\"},{\"@type\":\"ListItem\",\"position\":2,\"name\":\"VERKKOKAUPPA\",\"item\":\"https:\\\/\\\/hylajams.fi\\\/?page_id=9\"},{\"@type\":\"ListItem\",\"position\":3,\"name\":\"46745 Hyla Mikrokuituliinapidike setti yleislattiaharjalle (pidike + 3 liinaa)\"}]},{\"@type\":\"WebSite\",\"@id\":\"https:\\\/\\\/hylajams.fi\\\/#website\",\"url\":\"https:\\\/\\\/hylajams.fi\\\/\",\"name\":\"Hyla Jams Verkkokauppa\",\"description\":\"Hyla ilman- ja huoneen puhdistusj\u00e4rjestelm\u00e4 Suomessa\",\"publisher\":{\"@id\":\"https:\\\/\\\/hylajams.fi\\\/#organization\"},\"potentialAction\":[{\"@type\":\"SearchAction\",\"target\":{\"@type\":\"EntryPoint\",\"urlTemplate\":\"https:\\\/\\\/hylajams.fi\\\/?s={search_term_string}\"},\"query-input\":{\"@type\":\"PropertyValueSpecification\",\"valueRequired\":true,\"valueName\":\"search_term_string\"}}],\"inLanguage\":\"fi\"},{\"@type\":\"Organization\",\"@id\":\"https:\\\/\\\/hylajams.fi\\\/#organization\",\"name\":\"Hyla Jams Verkkokauppa\",\"url\":\"https:\\\/\\\/hylajams.fi\\\/\",\"logo\":{\"@type\":\"ImageObject\",\"inLanguage\":\"fi\",\"@id\":\"https:\\\/\\\/hylajams.fi\\\/#\\\/schema\\\/logo\\\/image\\\/\",\"url\":\"https:\\\/\\\/hylajams.fi\\\/wp-content\\\/uploads\\\/2025\\\/02\\\/Logo-1-2.jpg\",\"contentUrl\":\"https:\\\/\\\/hylajams.fi\\\/wp-content\\\/uploads\\\/2025\\\/02\\\/Logo-1-2.jpg\",\"width\":500,\"height\":500,\"caption\":\"Hyla Jams Verkkokauppa\"},\"image\":{\"@id\":\"https:\\\/\\\/hylajams.fi\\\/#\\\/schema\\\/logo\\\/image\\\/\"},\"sameAs\":[\"https:\\\/\\\/www.instagram.com\\\/hylasiivous\\\/\"]}]}<\/script>\n<!-- \/ Yoast SEO plugin. -->","yoast_head_json":{"title":"Mikrokuituliina pidike setti yleislattiaharjalle - Monipuolinen setti","description":"Mikrokuituliina pidike setti yleislattiaharjalle - Samalla kun siivoat kostealla mikrokuituliinalla, voit imuroida kaikki hiekan murut lattialta.","robots":{"index":"index","follow":"follow","max-snippet":"max-snippet:-1","max-image-preview":"max-image-preview:large","max-video-preview":"max-video-preview:-1"},"canonical":"https:\/\/hylajams.fi\/?product=mikrokuituliina-pidike-setti-yleislattiaharjalle","og_locale":"fi_FI","og_type":"article","og_title":"Mikrokuituliina pidike setti yleislattiaharjalle - Monipuolinen setti","og_description":"Mikrokuituliina pidike setti yleislattiaharjalle - Samalla kun siivoat kostealla mikrokuituliinalla, voit imuroida kaikki hiekan murut lattialta.","og_url":"https:\/\/hylajams.fi\/?product=mikrokuituliina-pidike-setti-yleislattiaharjalle","og_site_name":"Hyla Jams Verkkokauppa","article_modified_time":"2026-02-27T18:45:55+00:00","og_image":[{"width":945,"height":945,"url":"https:\/\/hylajams.fi\/wp-content\/uploads\/2021\/08\/46745-Hyla-moppi-pidike-3-liinan-setti-1.jpg","type":"image\/jpeg"}],"twitter_card":"summary_large_image","twitter_misc":{"Arvioitu lukuaika":"5 minuuttia"},"schema":{"@context":"https:\/\/schema.org","@graph":[{"@type":"WebPage","@id":"https:\/\/hylajams.fi\/?product=mikrokuituliina-pidike-setti-yleislattiaharjalle","url":"https:\/\/hylajams.fi\/?product=mikrokuituliina-pidike-setti-yleislattiaharjalle","name":"Mikrokuituliina pidike setti yleislattiaharjalle - Monipuolinen setti","isPartOf":{"@id":"https:\/\/hylajams.fi\/#website"},"primaryImageOfPage":{"@id":"https:\/\/hylajams.fi\/?product=mikrokuituliina-pidike-setti-yleislattiaharjalle#primaryimage"},"image":{"@id":"https:\/\/hylajams.fi\/?product=mikrokuituliina-pidike-setti-yleislattiaharjalle#primaryimage"},"thumbnailUrl":"https:\/\/hylajams.fi\/wp-content\/uploads\/2021\/08\/46745-Hyla-moppi-pidike-3-liinan-setti-1.jpg","datePublished":"2021-08-09T19:36:25+00:00","dateModified":"2026-02-27T18:45:55+00:00","description":"Mikrokuituliina pidike setti yleislattiaharjalle - Samalla kun siivoat kostealla mikrokuituliinalla, voit imuroida kaikki hiekan murut lattialta.","breadcrumb":{"@id":"https:\/\/hylajams.fi\/?product=mikrokuituliina-pidike-setti-yleislattiaharjalle#breadcrumb"},"inLanguage":"fi","potentialAction":[{"@type":"ReadAction","target":["https:\/\/hylajams.fi\/?product=mikrokuituliina-pidike-setti-yleislattiaharjalle"]}]},{"@type":"ImageObject","inLanguage":"fi","@id":"https:\/\/hylajams.fi\/?product=mikrokuituliina-pidike-setti-yleislattiaharjalle#primaryimage","url":"https:\/\/hylajams.fi\/wp-content\/uploads\/2021\/08\/46745-Hyla-moppi-pidike-3-liinan-setti-1.jpg","contentUrl":"https:\/\/hylajams.fi\/wp-content\/uploads\/2021\/08\/46745-Hyla-moppi-pidike-3-liinan-setti-1.jpg","width":945,"height":945,"caption":"Mikrokuituliina pidike setti yleislattiaharjalle"},{"@type":"BreadcrumbList","@id":"https:\/\/hylajams.fi\/?product=mikrokuituliina-pidike-setti-yleislattiaharjalle#breadcrumb","itemListElement":[{"@type":"ListItem","position":1,"name":"Etusivu","item":"https:\/\/hylajams.fi\/"},{"@type":"ListItem","position":2,"name":"VERKKOKAUPPA","item":"https:\/\/hylajams.fi\/?page_id=9"},{"@type":"ListItem","position":3,"name":"46745 Hyla Mikrokuituliinapidike setti yleislattiaharjalle (pidike + 3 liinaa)"}]},{"@type":"WebSite","@id":"https:\/\/hylajams.fi\/#website","url":"https:\/\/hylajams.fi\/","name":"Hyla Jams Verkkokauppa","description":"Hyla ilman- ja huoneen puhdistusj\u00e4rjestelm\u00e4 Suomessa","publisher":{"@id":"https:\/\/hylajams.fi\/#organization"},"potentialAction":[{"@type":"SearchAction","target":{"@type":"EntryPoint","urlTemplate":"https:\/\/hylajams.fi\/?s={search_term_string}"},"query-input":{"@type":"PropertyValueSpecification","valueRequired":true,"valueName":"search_term_string"}}],"inLanguage":"fi"},{"@type":"Organization","@id":"https:\/\/hylajams.fi\/#organization","name":"Hyla Jams Verkkokauppa","url":"https:\/\/hylajams.fi\/","logo":{"@type":"ImageObject","inLanguage":"fi","@id":"https:\/\/hylajams.fi\/#\/schema\/logo\/image\/","url":"https:\/\/hylajams.fi\/wp-content\/uploads\/2025\/02\/Logo-1-2.jpg","contentUrl":"https:\/\/hylajams.fi\/wp-content\/uploads\/2025\/02\/Logo-1-2.jpg","width":500,"height":500,"caption":"Hyla Jams Verkkokauppa"},"image":{"@id":"https:\/\/hylajams.fi\/#\/schema\/logo\/image\/"},"sameAs":["https:\/\/www.instagram.com\/hylasiivous\/"]}]}},"_links":{"self":[{"href":"https:\/\/hylajams.fi\/index.php?rest_route=\/wp\/v2\/product\/1728","targetHints":{"allow":["GET"]}}],"collection":[{"href":"https:\/\/hylajams.fi\/index.php?rest_route=\/wp\/v2\/product"}],"about":[{"href":"https:\/\/hylajams.fi\/index.php?rest_route=\/wp\/v2\/types\/product"}],"version-history":[{"count":13,"href":"https:\/\/hylajams.fi\/index.php?rest_route=\/wp\/v2\/product\/1728\/revisions"}],"predecessor-version":[{"id":13164,"href":"https:\/\/hylajams.fi\/index.php?rest_route=\/wp\/v2\/product\/1728\/revisions\/13164"}],"wp:featuredmedia":[{"embeddable":true,"href":"https:\/\/hylajams.fi\/index.php?rest_route=\/wp\/v2\/media\/10853"}],"wp:attachment":[{"href":"https:\/\/hylajams.fi\/index.php?rest_route=%2Fwp%2Fv2%2Fmedia&parent=1728"}],"wp:term":[{"taxonomy":"product_brand","embeddable":true,"href":"https:\/\/hylajams.fi\/index.php?rest_route=%2Fwp%2Fv2%2Fproduct_brand&post=1728"},{"taxonomy":"product_cat","embeddable":true,"href":"https:\/\/hylajams.fi\/index.php?rest_route=%2Fwp%2Fv2%2Fproduct_cat&post=1728"},{"taxonomy":"product_tag","embeddable":true,"href":"https:\/\/hylajams.fi\/index.php?rest_route=%2Fwp%2Fv2%2Fproduct_tag&post=1728"}],"curies":[{"name":"wp","href":"https:\/\/api.w.org\/{rel}","templated":true}]}}