{"id":1716,"date":"2021-08-09T21:31:37","date_gmt":"2021-08-09T18:31:37","guid":{"rendered":"https:\/\/hylajams.fi\/?post_type=product&#038;p=1716"},"modified":"2026-02-28T00:54:22","modified_gmt":"2026-02-27T22:54:22","slug":"hyla-lapinakyvan-verhosuulakkeen-verhokiinnike","status":"publish","type":"product","link":"https:\/\/hylajams.fi\/?product=hyla-lapinakyvan-verhosuulakkeen-verhokiinnike","title":{"rendered":"14071 Hyla l\u00e4pin\u00e4kyv\u00e4n verhosuulakkeen verhokiinnike"},"content":{"rendered":"<p><strong>HYLA l\u00e4pin\u00e4kyv\u00e4n verhosuulakkeen verhokiinnike (varaosa tarvike)<\/strong><\/p>\n<p>Verhosuulakkeen verhokiinnike on k\u00e4tev\u00e4 lis\u00e4osa HYLA:n pieneen kirkkaaseen suulakkeeseen. Sen avulla voidaan vaivattomasti imuroida suuret ja pitk\u00e4t verhot, herk\u00e4tkin kankaat, kuten silkkiverhot, helposti ja turvallisesti suoraan ikkunan verhotangosta. Verhokiinnike est\u00e4\u00e4 kankaan imeytymisen suulakkeen sis\u00e4lle ja poistaa p\u00f6lyn kankaan pinnalta hell\u00e4varaisesti.<\/p>\n<p>Verhoja ei tarvitse irrottaa paikoiltaan, vaan ne voidaan puhdistaa suoraan ikkunassa. Verhokiinnike soveltuu erinomaisesti kaikenlaisille verhoille (silkinohuet tai paksut) sek\u00e4 muille tekstiileille, kuten tyynyille ja p\u00e4iv\u00e4peitteille.<\/p>\n<p><strong>HYLA l\u00e4pin\u00e4kyv\u00e4n verhosuulakkeen verhokiinnike:<\/strong><\/p>\n<p><strong>Ominaisuudet:<\/strong><\/p>\n<ul>\n<li>Yhteensopiva HYLA:n pienen kirkkaan vesisuulakkeen kanssa<\/li>\n<li>Est\u00e4\u00e4 kankaan tarttumisen ja imeytymisen suulakkeen sis\u00e4lle<\/li>\n<li>Sopii kaikille verhokankaille (ohuet, silkkiset ja paksut)<\/li>\n<li>Helppo ja nopea k\u00e4ytt\u00f6 p\u00f6lyn irrottamiseen kankaan pinnasta<\/li>\n<li>Puhdistuksen voi suorittaa verhon ollessa paikoillaan<\/li>\n<\/ul>\n<p><strong><a href=\"https:\/\/hylajams.fi\/?page_id=7252\">HYLA EST TUOTTEET<\/a><\/strong><\/p>\n<p><strong><a href=\"https:\/\/hylajams.fi\/?page_id=8366\">HYLA GST TUOTTEET<\/a><\/strong><\/p>\n<p><strong><a href=\"https:\/\/hylajams.fi\/?page_id=8371\">HYLA NST TUOTTEET<\/a><\/strong><\/p>\n<p><strong><a href=\"https:\/\/www.hyla.com\/products\/products\">HYLA INTERNATIONAL<\/a><\/strong><\/p>\n","protected":false},"excerpt":{"rendered":"<p><strong>HYLA l\u00e4pin\u00e4kyv\u00e4n verhosuulakkeen verhokiinnike &#8211; Kuuluu yleens\u00e4 verhosuulake settiin ja k\u00e4ytet\u00e4\u00e4n Hylan kirkkaassa l\u00e4pin\u00e4kyv\u00e4ss\u00e4 vesisuulakkeessa.<\/strong><\/p>\n<p>HYLA verhosuulakkeen verhokiinnike tekee verhojen, kangaspintojen ja tekstiilien imuroinnista turvallista ja helppoa. Est\u00e4\u00e4 kankaan tarttumisen suulakkeeseen ja sopii kaikille verhokankaille.<\/p>\n","protected":false},"featured_media":7206,"template":"","meta":[],"product_brand":[],"product_cat":[951,944,773,774,775,847],"product_tag":[1204,1773,1333,1131,1792,1825,1891],"class_list":{"0":"post-1716","1":"product","2":"type-product","3":"status-publish","4":"has-post-thumbnail","6":"product_cat-est-varaosat","7":"product_cat-hyla-gst-varaosat","8":"product_cat-hyla-est","9":"product_cat-hyla-gst","10":"product_cat-hyla-nst","11":"product_cat-hyla-nst-varaosat","12":"product_tag-hyla-est-lisaosa","13":"product_tag-hyla-gst-lisaosa","14":"product_tag-hyla-lapinakyvan-verhosuulakkeen-verhokiinnike","15":"product_tag-hyla-lisavaruste","16":"product_tag-hyla-nst-lisaosa","17":"product_tag-imurin-lisaosa","18":"product_tag-verhosuulake-kiinnike","19":"product_shipping_class-posti-xxs-paketti-35x25x3-cm-2-kg","20":"_wholesalex wsx-wholesalex-product","22":"first","23":"instock","24":"featured","25":"shipping-taxable","26":"purchasable","27":"product-type-simple"},"yoast_head":"<!-- This site is optimized with the Yoast SEO plugin v27.3 - https:\/\/yoast.com\/product\/yoast-seo-wordpress\/ -->\n<title>HYLA l\u00e4pin\u00e4kyv\u00e4n verhosuulakkeen verhokiinnike<\/title>\n<meta name=\"description\" content=\"HYLA l\u00e4pin\u00e4kyv\u00e4n verhosuulakkeen verhokiinnike est\u00e4\u00e4 kankaan tarttumisen suulakkeeseen ja sopii kaikille verhokankaille. Sopii vesi suulakkeeseen.\" \/>\n<meta name=\"robots\" content=\"index, follow, max-snippet:-1, max-image-preview:large, max-video-preview:-1\" \/>\n<link rel=\"canonical\" href=\"https:\/\/hylajams.fi\/?product=hyla-lapinakyvan-verhosuulakkeen-verhokiinnike\" \/>\n<meta property=\"og:locale\" content=\"fi_FI\" \/>\n<meta property=\"og:type\" content=\"article\" \/>\n<meta property=\"og:title\" content=\"HYLA l\u00e4pin\u00e4kyv\u00e4n verhosuulakkeen verhokiinnike\" \/>\n<meta property=\"og:description\" content=\"HYLA l\u00e4pin\u00e4kyv\u00e4n verhosuulakkeen verhokiinnike est\u00e4\u00e4 kankaan tarttumisen suulakkeeseen ja sopii kaikille verhokankaille. Sopii vesi suulakkeeseen.\" \/>\n<meta property=\"og:url\" content=\"https:\/\/hylajams.fi\/?product=hyla-lapinakyvan-verhosuulakkeen-verhokiinnike\" \/>\n<meta property=\"og:site_name\" content=\"Hyla Jams Verkkokauppa\" \/>\n<meta property=\"article:modified_time\" content=\"2026-02-27T22:54:22+00:00\" \/>\n<meta property=\"og:image\" content=\"https:\/\/hylajams.fi\/wp-content\/uploads\/2021\/08\/14071-Verhoritila.png\" \/>\n\t<meta property=\"og:image:width\" content=\"545\" \/>\n\t<meta property=\"og:image:height\" content=\"554\" \/>\n\t<meta property=\"og:image:type\" content=\"image\/png\" \/>\n<meta name=\"twitter:card\" content=\"summary_large_image\" \/>\n<meta name=\"twitter:label1\" content=\"Arvioitu lukuaika\" \/>\n\t<meta name=\"twitter:data1\" content=\"1 minuutti\" \/>\n<script type=\"application\/ld+json\" class=\"yoast-schema-graph\">{\"@context\":\"https:\\\/\\\/schema.org\",\"@graph\":[{\"@type\":\"WebPage\",\"@id\":\"https:\\\/\\\/hylajams.fi\\\/?product=hyla-lapinakyvan-verhosuulakkeen-verhokiinnike\",\"url\":\"https:\\\/\\\/hylajams.fi\\\/?product=hyla-lapinakyvan-verhosuulakkeen-verhokiinnike\",\"name\":\"HYLA l\u00e4pin\u00e4kyv\u00e4n verhosuulakkeen verhokiinnike\",\"isPartOf\":{\"@id\":\"https:\\\/\\\/hylajams.fi\\\/#website\"},\"primaryImageOfPage\":{\"@id\":\"https:\\\/\\\/hylajams.fi\\\/?product=hyla-lapinakyvan-verhosuulakkeen-verhokiinnike#primaryimage\"},\"image\":{\"@id\":\"https:\\\/\\\/hylajams.fi\\\/?product=hyla-lapinakyvan-verhosuulakkeen-verhokiinnike#primaryimage\"},\"thumbnailUrl\":\"https:\\\/\\\/hylajams.fi\\\/wp-content\\\/uploads\\\/2021\\\/08\\\/14071-Verhoritila.png\",\"datePublished\":\"2021-08-09T18:31:37+00:00\",\"dateModified\":\"2026-02-27T22:54:22+00:00\",\"description\":\"HYLA l\u00e4pin\u00e4kyv\u00e4n verhosuulakkeen verhokiinnike est\u00e4\u00e4 kankaan tarttumisen suulakkeeseen ja sopii kaikille verhokankaille. Sopii vesi suulakkeeseen.\",\"breadcrumb\":{\"@id\":\"https:\\\/\\\/hylajams.fi\\\/?product=hyla-lapinakyvan-verhosuulakkeen-verhokiinnike#breadcrumb\"},\"inLanguage\":\"fi\",\"potentialAction\":[{\"@type\":\"ReadAction\",\"target\":[\"https:\\\/\\\/hylajams.fi\\\/?product=hyla-lapinakyvan-verhosuulakkeen-verhokiinnike\"]}]},{\"@type\":\"ImageObject\",\"inLanguage\":\"fi\",\"@id\":\"https:\\\/\\\/hylajams.fi\\\/?product=hyla-lapinakyvan-verhosuulakkeen-verhokiinnike#primaryimage\",\"url\":\"https:\\\/\\\/hylajams.fi\\\/wp-content\\\/uploads\\\/2021\\\/08\\\/14071-Verhoritila.png\",\"contentUrl\":\"https:\\\/\\\/hylajams.fi\\\/wp-content\\\/uploads\\\/2021\\\/08\\\/14071-Verhoritila.png\",\"width\":545,\"height\":554,\"caption\":\"HYLA l\u00e4pin\u00e4kyv\u00e4n verhosuulakkeen verhokiinnike\"},{\"@type\":\"BreadcrumbList\",\"@id\":\"https:\\\/\\\/hylajams.fi\\\/?product=hyla-lapinakyvan-verhosuulakkeen-verhokiinnike#breadcrumb\",\"itemListElement\":[{\"@type\":\"ListItem\",\"position\":1,\"name\":\"Etusivu\",\"item\":\"https:\\\/\\\/hylajams.fi\\\/\"},{\"@type\":\"ListItem\",\"position\":2,\"name\":\"VERKKOKAUPPA\",\"item\":\"https:\\\/\\\/hylajams.fi\\\/?page_id=9\"},{\"@type\":\"ListItem\",\"position\":3,\"name\":\"14071 Hyla l\u00e4pin\u00e4kyv\u00e4n verhosuulakkeen verhokiinnike\"}]},{\"@type\":\"WebSite\",\"@id\":\"https:\\\/\\\/hylajams.fi\\\/#website\",\"url\":\"https:\\\/\\\/hylajams.fi\\\/\",\"name\":\"Hyla Jams Verkkokauppa\",\"description\":\"Hyla ilman- ja huoneen puhdistusj\u00e4rjestelm\u00e4 Suomessa\",\"publisher\":{\"@id\":\"https:\\\/\\\/hylajams.fi\\\/#organization\"},\"potentialAction\":[{\"@type\":\"SearchAction\",\"target\":{\"@type\":\"EntryPoint\",\"urlTemplate\":\"https:\\\/\\\/hylajams.fi\\\/?s={search_term_string}\"},\"query-input\":{\"@type\":\"PropertyValueSpecification\",\"valueRequired\":true,\"valueName\":\"search_term_string\"}}],\"inLanguage\":\"fi\"},{\"@type\":\"Organization\",\"@id\":\"https:\\\/\\\/hylajams.fi\\\/#organization\",\"name\":\"Hyla Jams Verkkokauppa\",\"url\":\"https:\\\/\\\/hylajams.fi\\\/\",\"logo\":{\"@type\":\"ImageObject\",\"inLanguage\":\"fi\",\"@id\":\"https:\\\/\\\/hylajams.fi\\\/#\\\/schema\\\/logo\\\/image\\\/\",\"url\":\"https:\\\/\\\/hylajams.fi\\\/wp-content\\\/uploads\\\/2025\\\/02\\\/Logo-1-2.jpg\",\"contentUrl\":\"https:\\\/\\\/hylajams.fi\\\/wp-content\\\/uploads\\\/2025\\\/02\\\/Logo-1-2.jpg\",\"width\":500,\"height\":500,\"caption\":\"Hyla Jams Verkkokauppa\"},\"image\":{\"@id\":\"https:\\\/\\\/hylajams.fi\\\/#\\\/schema\\\/logo\\\/image\\\/\"},\"sameAs\":[\"https:\\\/\\\/www.instagram.com\\\/hylasiivous\\\/\"]}]}<\/script>\n<!-- \/ Yoast SEO plugin. -->","yoast_head_json":{"title":"HYLA l\u00e4pin\u00e4kyv\u00e4n verhosuulakkeen verhokiinnike","description":"HYLA l\u00e4pin\u00e4kyv\u00e4n verhosuulakkeen verhokiinnike est\u00e4\u00e4 kankaan tarttumisen suulakkeeseen ja sopii kaikille verhokankaille. Sopii vesi suulakkeeseen.","robots":{"index":"index","follow":"follow","max-snippet":"max-snippet:-1","max-image-preview":"max-image-preview:large","max-video-preview":"max-video-preview:-1"},"canonical":"https:\/\/hylajams.fi\/?product=hyla-lapinakyvan-verhosuulakkeen-verhokiinnike","og_locale":"fi_FI","og_type":"article","og_title":"HYLA l\u00e4pin\u00e4kyv\u00e4n verhosuulakkeen verhokiinnike","og_description":"HYLA l\u00e4pin\u00e4kyv\u00e4n verhosuulakkeen verhokiinnike est\u00e4\u00e4 kankaan tarttumisen suulakkeeseen ja sopii kaikille verhokankaille. Sopii vesi suulakkeeseen.","og_url":"https:\/\/hylajams.fi\/?product=hyla-lapinakyvan-verhosuulakkeen-verhokiinnike","og_site_name":"Hyla Jams Verkkokauppa","article_modified_time":"2026-02-27T22:54:22+00:00","og_image":[{"width":545,"height":554,"url":"https:\/\/hylajams.fi\/wp-content\/uploads\/2021\/08\/14071-Verhoritila.png","type":"image\/png"}],"twitter_card":"summary_large_image","twitter_misc":{"Arvioitu lukuaika":"1 minuutti"},"schema":{"@context":"https:\/\/schema.org","@graph":[{"@type":"WebPage","@id":"https:\/\/hylajams.fi\/?product=hyla-lapinakyvan-verhosuulakkeen-verhokiinnike","url":"https:\/\/hylajams.fi\/?product=hyla-lapinakyvan-verhosuulakkeen-verhokiinnike","name":"HYLA l\u00e4pin\u00e4kyv\u00e4n verhosuulakkeen verhokiinnike","isPartOf":{"@id":"https:\/\/hylajams.fi\/#website"},"primaryImageOfPage":{"@id":"https:\/\/hylajams.fi\/?product=hyla-lapinakyvan-verhosuulakkeen-verhokiinnike#primaryimage"},"image":{"@id":"https:\/\/hylajams.fi\/?product=hyla-lapinakyvan-verhosuulakkeen-verhokiinnike#primaryimage"},"thumbnailUrl":"https:\/\/hylajams.fi\/wp-content\/uploads\/2021\/08\/14071-Verhoritila.png","datePublished":"2021-08-09T18:31:37+00:00","dateModified":"2026-02-27T22:54:22+00:00","description":"HYLA l\u00e4pin\u00e4kyv\u00e4n verhosuulakkeen verhokiinnike est\u00e4\u00e4 kankaan tarttumisen suulakkeeseen ja sopii kaikille verhokankaille. Sopii vesi suulakkeeseen.","breadcrumb":{"@id":"https:\/\/hylajams.fi\/?product=hyla-lapinakyvan-verhosuulakkeen-verhokiinnike#breadcrumb"},"inLanguage":"fi","potentialAction":[{"@type":"ReadAction","target":["https:\/\/hylajams.fi\/?product=hyla-lapinakyvan-verhosuulakkeen-verhokiinnike"]}]},{"@type":"ImageObject","inLanguage":"fi","@id":"https:\/\/hylajams.fi\/?product=hyla-lapinakyvan-verhosuulakkeen-verhokiinnike#primaryimage","url":"https:\/\/hylajams.fi\/wp-content\/uploads\/2021\/08\/14071-Verhoritila.png","contentUrl":"https:\/\/hylajams.fi\/wp-content\/uploads\/2021\/08\/14071-Verhoritila.png","width":545,"height":554,"caption":"HYLA l\u00e4pin\u00e4kyv\u00e4n verhosuulakkeen verhokiinnike"},{"@type":"BreadcrumbList","@id":"https:\/\/hylajams.fi\/?product=hyla-lapinakyvan-verhosuulakkeen-verhokiinnike#breadcrumb","itemListElement":[{"@type":"ListItem","position":1,"name":"Etusivu","item":"https:\/\/hylajams.fi\/"},{"@type":"ListItem","position":2,"name":"VERKKOKAUPPA","item":"https:\/\/hylajams.fi\/?page_id=9"},{"@type":"ListItem","position":3,"name":"14071 Hyla l\u00e4pin\u00e4kyv\u00e4n verhosuulakkeen verhokiinnike"}]},{"@type":"WebSite","@id":"https:\/\/hylajams.fi\/#website","url":"https:\/\/hylajams.fi\/","name":"Hyla Jams Verkkokauppa","description":"Hyla ilman- ja huoneen puhdistusj\u00e4rjestelm\u00e4 Suomessa","publisher":{"@id":"https:\/\/hylajams.fi\/#organization"},"potentialAction":[{"@type":"SearchAction","target":{"@type":"EntryPoint","urlTemplate":"https:\/\/hylajams.fi\/?s={search_term_string}"},"query-input":{"@type":"PropertyValueSpecification","valueRequired":true,"valueName":"search_term_string"}}],"inLanguage":"fi"},{"@type":"Organization","@id":"https:\/\/hylajams.fi\/#organization","name":"Hyla Jams Verkkokauppa","url":"https:\/\/hylajams.fi\/","logo":{"@type":"ImageObject","inLanguage":"fi","@id":"https:\/\/hylajams.fi\/#\/schema\/logo\/image\/","url":"https:\/\/hylajams.fi\/wp-content\/uploads\/2025\/02\/Logo-1-2.jpg","contentUrl":"https:\/\/hylajams.fi\/wp-content\/uploads\/2025\/02\/Logo-1-2.jpg","width":500,"height":500,"caption":"Hyla Jams Verkkokauppa"},"image":{"@id":"https:\/\/hylajams.fi\/#\/schema\/logo\/image\/"},"sameAs":["https:\/\/www.instagram.com\/hylasiivous\/"]}]}},"_links":{"self":[{"href":"https:\/\/hylajams.fi\/index.php?rest_route=\/wp\/v2\/product\/1716","targetHints":{"allow":["GET"]}}],"collection":[{"href":"https:\/\/hylajams.fi\/index.php?rest_route=\/wp\/v2\/product"}],"about":[{"href":"https:\/\/hylajams.fi\/index.php?rest_route=\/wp\/v2\/types\/product"}],"version-history":[{"count":8,"href":"https:\/\/hylajams.fi\/index.php?rest_route=\/wp\/v2\/product\/1716\/revisions"}],"predecessor-version":[{"id":13196,"href":"https:\/\/hylajams.fi\/index.php?rest_route=\/wp\/v2\/product\/1716\/revisions\/13196"}],"wp:featuredmedia":[{"embeddable":true,"href":"https:\/\/hylajams.fi\/index.php?rest_route=\/wp\/v2\/media\/7206"}],"wp:attachment":[{"href":"https:\/\/hylajams.fi\/index.php?rest_route=%2Fwp%2Fv2%2Fmedia&parent=1716"}],"wp:term":[{"taxonomy":"product_brand","embeddable":true,"href":"https:\/\/hylajams.fi\/index.php?rest_route=%2Fwp%2Fv2%2Fproduct_brand&post=1716"},{"taxonomy":"product_cat","embeddable":true,"href":"https:\/\/hylajams.fi\/index.php?rest_route=%2Fwp%2Fv2%2Fproduct_cat&post=1716"},{"taxonomy":"product_tag","embeddable":true,"href":"https:\/\/hylajams.fi\/index.php?rest_route=%2Fwp%2Fv2%2Fproduct_tag&post=1716"}],"curies":[{"name":"wp","href":"https:\/\/api.w.org\/{rel}","templated":true}]}}