{"id":1714,"date":"2021-08-09T21:24:50","date_gmt":"2021-08-09T18:24:50","guid":{"rendered":"https:\/\/hylajams.fi\/?post_type=product&#038;p=1714"},"modified":"2026-02-28T00:55:20","modified_gmt":"2026-02-27T22:55:20","slug":"hyla-lapinakyvan-verhosuulakkeen-harjaosa","status":"publish","type":"product","link":"https:\/\/hylajams.fi\/?product=hyla-lapinakyvan-verhosuulakkeen-harjaosa","title":{"rendered":"14072 Hyla l\u00e4pin\u00e4kyv\u00e4n verhosuulakkeen harjaosa"},"content":{"rendered":"<p><strong><span dir=\"auto\" style=\"vertical-align: inherit;\"><span dir=\"auto\" style=\"vertical-align: inherit;\">HYLA l\u00e4pin\u00e4kyv\u00e4n verhosuulakkeen harjaosa<\/span><\/span><\/strong><\/p>\n<p>HYLA l\u00e4pin\u00e4kyv\u00e4n verhosuulakkeen harjaosa kuuluu yhten\u00e4 osana verhosuulakesettiin, joka on suunniteltu tekem\u00e4\u00e4n tekstiilien puhdistamisesta tehokasta ja hell\u00e4varaista. Harja kiinnitet\u00e4\u00e4n kirkkaaseen verhosuulake osaan, jolloin se est\u00e4\u00e4 kankaita imeytym\u00e4st\u00e4 suulakkeen sis\u00e4\u00e4n ja poistaa p\u00f6lyn sek\u00e4 irtokarvat kankaan pinnalta.<\/p>\n<p>Se soveltuu erinomaisesti esimerkiksi verhoilusohvien, nojatuolien, tyynyjen, paksujen verhokankaiden sek\u00e4 pehmeiden lelujen puhdistukseen. Lis\u00e4ksi sit\u00e4 voidaan k\u00e4ytt\u00e4\u00e4 p\u00e4\u00e4llystakkeihin ja muihin tekstiileihin kertyvien karvojen poistamiseen. Helppok\u00e4ytt\u00f6inen ja k\u00e4tev\u00e4 tapa yll\u00e4pit\u00e4\u00e4 kankaiden puhtautta ja s\u00e4ilytt\u00e4\u00e4 niiden ulkon\u00e4k\u00f6.<\/p>\n<p><strong>Tuotetiedot:<\/strong><\/p>\n<ul>\n<li>Verhosuulake setin &#8211; harjan osa<\/li>\n<li>K\u00e4ytet\u00e4\u00e4n yhdess\u00e4 HYLA:n kirkkaan verhosuulakkeen kanssa<\/li>\n<li>Harjakset poistavat p\u00f6lyn ja karvat tehokkaasti<\/li>\n<li>Est\u00e4\u00e4 kankaan tarttumisen suulakkeeseen<\/li>\n<li>Sopii verhoilukankaille, paksuille verhoille, tyynyille ja muille tekstiileille<\/li>\n<li>Kevyt ja helppok\u00e4ytt\u00f6inen lis\u00e4osa<\/li>\n<\/ul>\n<p><strong><a href=\"https:\/\/hylajams.fi\/?page_id=7252\">HYLA EST TUOTTEET<\/a><\/strong><\/p>\n<p><strong><a href=\"https:\/\/hylajams.fi\/?page_id=8366\">HYLA GST TUOTTEET<\/a><\/strong><\/p>\n<p><strong><a href=\"https:\/\/hylajams.fi\/?page_id=8371\">HYLA NST TUOTTEET<\/a><\/strong><\/p>\n<p><strong><a href=\"https:\/\/www.hyla.com\/products\/products\"><span dir=\"auto\" style=\"vertical-align: inherit;\"><span dir=\"auto\" style=\"vertical-align: inherit;\">HYLA INTERNATIONAL<\/span><\/span><\/a><\/strong><\/p>\n","protected":false},"excerpt":{"rendered":"<p><strong>HYLA l\u00e4pin\u00e4kyv\u00e4n verhosuulakkeen harjaosa<\/strong><\/p>\n<p>HYLA l\u00e4pin\u00e4kyv\u00e4n verhosuulakkeen harjaosa helpottaa erilaisten tekstiilien, verhojen ja verhoilujen puhdistamista p\u00f6lyst\u00e4 ja karvoista.<\/p>\n","protected":false},"featured_media":7212,"template":"","meta":[],"product_brand":[],"product_cat":[951,944,773,774,775,847],"product_tag":[1204,1773,1334,1131,1792,1825,1892],"class_list":{"0":"post-1714","1":"product","2":"type-product","3":"status-publish","4":"has-post-thumbnail","6":"product_cat-est-varaosat","7":"product_cat-hyla-gst-varaosat","8":"product_cat-hyla-est","9":"product_cat-hyla-gst","10":"product_cat-hyla-nst","11":"product_cat-hyla-nst-varaosat","12":"product_tag-hyla-est-lisaosa","13":"product_tag-hyla-gst-lisaosa","14":"product_tag-hyla-lapinakyvan-verhosuulakkeen-harjaosa","15":"product_tag-hyla-lisavaruste","16":"product_tag-hyla-nst-lisaosa","17":"product_tag-imurin-lisaosa","18":"product_tag-verhosuulake-harja","19":"product_shipping_class-posti-xxs-paketti-35x25x3-cm-2-kg","20":"_wholesalex wsx-wholesalex-product","22":"first","23":"instock","24":"featured","25":"shipping-taxable","26":"purchasable","27":"product-type-simple"},"yoast_head":"<!-- This site is optimized with the Yoast SEO plugin v27.3 - https:\/\/yoast.com\/product\/yoast-seo-wordpress\/ -->\n<title>HYLA l\u00e4pin\u00e4kyv\u00e4n verhosuulakkeen harjaosa - verhosuulake harja<\/title>\n<meta name=\"description\" content=\"HYLA l\u00e4pin\u00e4kyv\u00e4n verhosuulakkeen harjaosa puhdistaa verhot, tekstiilit ja verhoilut p\u00f6lyst\u00e4 ja karvoista tehokkaasti ja hell\u00e4varaisesti.\" \/>\n<meta name=\"robots\" content=\"index, follow, max-snippet:-1, max-image-preview:large, max-video-preview:-1\" \/>\n<link rel=\"canonical\" href=\"https:\/\/hylajams.fi\/?product=hyla-lapinakyvan-verhosuulakkeen-harjaosa\" \/>\n<meta property=\"og:locale\" content=\"fi_FI\" \/>\n<meta property=\"og:type\" content=\"article\" \/>\n<meta property=\"og:title\" content=\"HYLA l\u00e4pin\u00e4kyv\u00e4n verhosuulakkeen harjaosa - verhosuulake harja\" \/>\n<meta property=\"og:description\" content=\"HYLA l\u00e4pin\u00e4kyv\u00e4n verhosuulakkeen harjaosa puhdistaa verhot, tekstiilit ja verhoilut p\u00f6lyst\u00e4 ja karvoista tehokkaasti ja hell\u00e4varaisesti.\" \/>\n<meta property=\"og:url\" content=\"https:\/\/hylajams.fi\/?product=hyla-lapinakyvan-verhosuulakkeen-harjaosa\" \/>\n<meta property=\"og:site_name\" content=\"Hyla Jams Verkkokauppa\" \/>\n<meta property=\"article:modified_time\" content=\"2026-02-27T22:55:20+00:00\" \/>\n<meta property=\"og:image\" content=\"https:\/\/hylajams.fi\/wp-content\/uploads\/2021\/08\/14072-harjaosa.png\" \/>\n\t<meta property=\"og:image:width\" content=\"590\" \/>\n\t<meta property=\"og:image:height\" content=\"600\" \/>\n\t<meta property=\"og:image:type\" content=\"image\/png\" \/>\n<meta name=\"twitter:card\" content=\"summary_large_image\" \/>\n<meta name=\"twitter:label1\" content=\"Arvioitu lukuaika\" \/>\n\t<meta name=\"twitter:data1\" content=\"1 minuutti\" \/>\n<script type=\"application\/ld+json\" class=\"yoast-schema-graph\">{\"@context\":\"https:\\\/\\\/schema.org\",\"@graph\":[{\"@type\":\"WebPage\",\"@id\":\"https:\\\/\\\/hylajams.fi\\\/?product=hyla-lapinakyvan-verhosuulakkeen-harjaosa\",\"url\":\"https:\\\/\\\/hylajams.fi\\\/?product=hyla-lapinakyvan-verhosuulakkeen-harjaosa\",\"name\":\"HYLA l\u00e4pin\u00e4kyv\u00e4n verhosuulakkeen harjaosa - verhosuulake harja\",\"isPartOf\":{\"@id\":\"https:\\\/\\\/hylajams.fi\\\/#website\"},\"primaryImageOfPage\":{\"@id\":\"https:\\\/\\\/hylajams.fi\\\/?product=hyla-lapinakyvan-verhosuulakkeen-harjaosa#primaryimage\"},\"image\":{\"@id\":\"https:\\\/\\\/hylajams.fi\\\/?product=hyla-lapinakyvan-verhosuulakkeen-harjaosa#primaryimage\"},\"thumbnailUrl\":\"https:\\\/\\\/hylajams.fi\\\/wp-content\\\/uploads\\\/2021\\\/08\\\/14072-harjaosa.png\",\"datePublished\":\"2021-08-09T18:24:50+00:00\",\"dateModified\":\"2026-02-27T22:55:20+00:00\",\"description\":\"HYLA l\u00e4pin\u00e4kyv\u00e4n verhosuulakkeen harjaosa puhdistaa verhot, tekstiilit ja verhoilut p\u00f6lyst\u00e4 ja karvoista tehokkaasti ja hell\u00e4varaisesti.\",\"breadcrumb\":{\"@id\":\"https:\\\/\\\/hylajams.fi\\\/?product=hyla-lapinakyvan-verhosuulakkeen-harjaosa#breadcrumb\"},\"inLanguage\":\"fi\",\"potentialAction\":[{\"@type\":\"ReadAction\",\"target\":[\"https:\\\/\\\/hylajams.fi\\\/?product=hyla-lapinakyvan-verhosuulakkeen-harjaosa\"]}]},{\"@type\":\"ImageObject\",\"inLanguage\":\"fi\",\"@id\":\"https:\\\/\\\/hylajams.fi\\\/?product=hyla-lapinakyvan-verhosuulakkeen-harjaosa#primaryimage\",\"url\":\"https:\\\/\\\/hylajams.fi\\\/wp-content\\\/uploads\\\/2021\\\/08\\\/14072-harjaosa.png\",\"contentUrl\":\"https:\\\/\\\/hylajams.fi\\\/wp-content\\\/uploads\\\/2021\\\/08\\\/14072-harjaosa.png\",\"width\":590,\"height\":600,\"caption\":\"HYLA l\u00e4pin\u00e4kyv\u00e4n verhosuulakkeen harjaosa\"},{\"@type\":\"BreadcrumbList\",\"@id\":\"https:\\\/\\\/hylajams.fi\\\/?product=hyla-lapinakyvan-verhosuulakkeen-harjaosa#breadcrumb\",\"itemListElement\":[{\"@type\":\"ListItem\",\"position\":1,\"name\":\"Etusivu\",\"item\":\"https:\\\/\\\/hylajams.fi\\\/\"},{\"@type\":\"ListItem\",\"position\":2,\"name\":\"VERKKOKAUPPA\",\"item\":\"https:\\\/\\\/hylajams.fi\\\/?page_id=9\"},{\"@type\":\"ListItem\",\"position\":3,\"name\":\"14072 Hyla l\u00e4pin\u00e4kyv\u00e4n verhosuulakkeen harjaosa\"}]},{\"@type\":\"WebSite\",\"@id\":\"https:\\\/\\\/hylajams.fi\\\/#website\",\"url\":\"https:\\\/\\\/hylajams.fi\\\/\",\"name\":\"Hyla Jams Verkkokauppa\",\"description\":\"Hyla ilman- ja huoneen puhdistusj\u00e4rjestelm\u00e4 Suomessa\",\"publisher\":{\"@id\":\"https:\\\/\\\/hylajams.fi\\\/#organization\"},\"potentialAction\":[{\"@type\":\"SearchAction\",\"target\":{\"@type\":\"EntryPoint\",\"urlTemplate\":\"https:\\\/\\\/hylajams.fi\\\/?s={search_term_string}\"},\"query-input\":{\"@type\":\"PropertyValueSpecification\",\"valueRequired\":true,\"valueName\":\"search_term_string\"}}],\"inLanguage\":\"fi\"},{\"@type\":\"Organization\",\"@id\":\"https:\\\/\\\/hylajams.fi\\\/#organization\",\"name\":\"Hyla Jams Verkkokauppa\",\"url\":\"https:\\\/\\\/hylajams.fi\\\/\",\"logo\":{\"@type\":\"ImageObject\",\"inLanguage\":\"fi\",\"@id\":\"https:\\\/\\\/hylajams.fi\\\/#\\\/schema\\\/logo\\\/image\\\/\",\"url\":\"https:\\\/\\\/hylajams.fi\\\/wp-content\\\/uploads\\\/2025\\\/02\\\/Logo-1-2.jpg\",\"contentUrl\":\"https:\\\/\\\/hylajams.fi\\\/wp-content\\\/uploads\\\/2025\\\/02\\\/Logo-1-2.jpg\",\"width\":500,\"height\":500,\"caption\":\"Hyla Jams Verkkokauppa\"},\"image\":{\"@id\":\"https:\\\/\\\/hylajams.fi\\\/#\\\/schema\\\/logo\\\/image\\\/\"},\"sameAs\":[\"https:\\\/\\\/www.instagram.com\\\/hylasiivous\\\/\"]}]}<\/script>\n<!-- \/ Yoast SEO plugin. -->","yoast_head_json":{"title":"HYLA l\u00e4pin\u00e4kyv\u00e4n verhosuulakkeen harjaosa - verhosuulake harja","description":"HYLA l\u00e4pin\u00e4kyv\u00e4n verhosuulakkeen harjaosa puhdistaa verhot, tekstiilit ja verhoilut p\u00f6lyst\u00e4 ja karvoista tehokkaasti ja hell\u00e4varaisesti.","robots":{"index":"index","follow":"follow","max-snippet":"max-snippet:-1","max-image-preview":"max-image-preview:large","max-video-preview":"max-video-preview:-1"},"canonical":"https:\/\/hylajams.fi\/?product=hyla-lapinakyvan-verhosuulakkeen-harjaosa","og_locale":"fi_FI","og_type":"article","og_title":"HYLA l\u00e4pin\u00e4kyv\u00e4n verhosuulakkeen harjaosa - verhosuulake harja","og_description":"HYLA l\u00e4pin\u00e4kyv\u00e4n verhosuulakkeen harjaosa puhdistaa verhot, tekstiilit ja verhoilut p\u00f6lyst\u00e4 ja karvoista tehokkaasti ja hell\u00e4varaisesti.","og_url":"https:\/\/hylajams.fi\/?product=hyla-lapinakyvan-verhosuulakkeen-harjaosa","og_site_name":"Hyla Jams Verkkokauppa","article_modified_time":"2026-02-27T22:55:20+00:00","og_image":[{"width":590,"height":600,"url":"https:\/\/hylajams.fi\/wp-content\/uploads\/2021\/08\/14072-harjaosa.png","type":"image\/png"}],"twitter_card":"summary_large_image","twitter_misc":{"Arvioitu lukuaika":"1 minuutti"},"schema":{"@context":"https:\/\/schema.org","@graph":[{"@type":"WebPage","@id":"https:\/\/hylajams.fi\/?product=hyla-lapinakyvan-verhosuulakkeen-harjaosa","url":"https:\/\/hylajams.fi\/?product=hyla-lapinakyvan-verhosuulakkeen-harjaosa","name":"HYLA l\u00e4pin\u00e4kyv\u00e4n verhosuulakkeen harjaosa - verhosuulake harja","isPartOf":{"@id":"https:\/\/hylajams.fi\/#website"},"primaryImageOfPage":{"@id":"https:\/\/hylajams.fi\/?product=hyla-lapinakyvan-verhosuulakkeen-harjaosa#primaryimage"},"image":{"@id":"https:\/\/hylajams.fi\/?product=hyla-lapinakyvan-verhosuulakkeen-harjaosa#primaryimage"},"thumbnailUrl":"https:\/\/hylajams.fi\/wp-content\/uploads\/2021\/08\/14072-harjaosa.png","datePublished":"2021-08-09T18:24:50+00:00","dateModified":"2026-02-27T22:55:20+00:00","description":"HYLA l\u00e4pin\u00e4kyv\u00e4n verhosuulakkeen harjaosa puhdistaa verhot, tekstiilit ja verhoilut p\u00f6lyst\u00e4 ja karvoista tehokkaasti ja hell\u00e4varaisesti.","breadcrumb":{"@id":"https:\/\/hylajams.fi\/?product=hyla-lapinakyvan-verhosuulakkeen-harjaosa#breadcrumb"},"inLanguage":"fi","potentialAction":[{"@type":"ReadAction","target":["https:\/\/hylajams.fi\/?product=hyla-lapinakyvan-verhosuulakkeen-harjaosa"]}]},{"@type":"ImageObject","inLanguage":"fi","@id":"https:\/\/hylajams.fi\/?product=hyla-lapinakyvan-verhosuulakkeen-harjaosa#primaryimage","url":"https:\/\/hylajams.fi\/wp-content\/uploads\/2021\/08\/14072-harjaosa.png","contentUrl":"https:\/\/hylajams.fi\/wp-content\/uploads\/2021\/08\/14072-harjaosa.png","width":590,"height":600,"caption":"HYLA l\u00e4pin\u00e4kyv\u00e4n verhosuulakkeen harjaosa"},{"@type":"BreadcrumbList","@id":"https:\/\/hylajams.fi\/?product=hyla-lapinakyvan-verhosuulakkeen-harjaosa#breadcrumb","itemListElement":[{"@type":"ListItem","position":1,"name":"Etusivu","item":"https:\/\/hylajams.fi\/"},{"@type":"ListItem","position":2,"name":"VERKKOKAUPPA","item":"https:\/\/hylajams.fi\/?page_id=9"},{"@type":"ListItem","position":3,"name":"14072 Hyla l\u00e4pin\u00e4kyv\u00e4n verhosuulakkeen harjaosa"}]},{"@type":"WebSite","@id":"https:\/\/hylajams.fi\/#website","url":"https:\/\/hylajams.fi\/","name":"Hyla Jams Verkkokauppa","description":"Hyla ilman- ja huoneen puhdistusj\u00e4rjestelm\u00e4 Suomessa","publisher":{"@id":"https:\/\/hylajams.fi\/#organization"},"potentialAction":[{"@type":"SearchAction","target":{"@type":"EntryPoint","urlTemplate":"https:\/\/hylajams.fi\/?s={search_term_string}"},"query-input":{"@type":"PropertyValueSpecification","valueRequired":true,"valueName":"search_term_string"}}],"inLanguage":"fi"},{"@type":"Organization","@id":"https:\/\/hylajams.fi\/#organization","name":"Hyla Jams Verkkokauppa","url":"https:\/\/hylajams.fi\/","logo":{"@type":"ImageObject","inLanguage":"fi","@id":"https:\/\/hylajams.fi\/#\/schema\/logo\/image\/","url":"https:\/\/hylajams.fi\/wp-content\/uploads\/2025\/02\/Logo-1-2.jpg","contentUrl":"https:\/\/hylajams.fi\/wp-content\/uploads\/2025\/02\/Logo-1-2.jpg","width":500,"height":500,"caption":"Hyla Jams Verkkokauppa"},"image":{"@id":"https:\/\/hylajams.fi\/#\/schema\/logo\/image\/"},"sameAs":["https:\/\/www.instagram.com\/hylasiivous\/"]}]}},"_links":{"self":[{"href":"https:\/\/hylajams.fi\/index.php?rest_route=\/wp\/v2\/product\/1714","targetHints":{"allow":["GET"]}}],"collection":[{"href":"https:\/\/hylajams.fi\/index.php?rest_route=\/wp\/v2\/product"}],"about":[{"href":"https:\/\/hylajams.fi\/index.php?rest_route=\/wp\/v2\/types\/product"}],"version-history":[{"count":7,"href":"https:\/\/hylajams.fi\/index.php?rest_route=\/wp\/v2\/product\/1714\/revisions"}],"predecessor-version":[{"id":13197,"href":"https:\/\/hylajams.fi\/index.php?rest_route=\/wp\/v2\/product\/1714\/revisions\/13197"}],"wp:featuredmedia":[{"embeddable":true,"href":"https:\/\/hylajams.fi\/index.php?rest_route=\/wp\/v2\/media\/7212"}],"wp:attachment":[{"href":"https:\/\/hylajams.fi\/index.php?rest_route=%2Fwp%2Fv2%2Fmedia&parent=1714"}],"wp:term":[{"taxonomy":"product_brand","embeddable":true,"href":"https:\/\/hylajams.fi\/index.php?rest_route=%2Fwp%2Fv2%2Fproduct_brand&post=1714"},{"taxonomy":"product_cat","embeddable":true,"href":"https:\/\/hylajams.fi\/index.php?rest_route=%2Fwp%2Fv2%2Fproduct_cat&post=1714"},{"taxonomy":"product_tag","embeddable":true,"href":"https:\/\/hylajams.fi\/index.php?rest_route=%2Fwp%2Fv2%2Fproduct_tag&post=1714"}],"curies":[{"name":"wp","href":"https:\/\/api.w.org\/{rel}","templated":true}]}}