{"id":1517,"date":"2021-08-04T18:01:36","date_gmt":"2021-08-04T15:01:36","guid":{"rendered":"https:\/\/hylajams.fi\/?post_type=product&#038;p=1517"},"modified":"2026-03-17T12:50:47","modified_gmt":"2026-03-17T10:50:47","slug":"hyla-nst-rullakko","status":"publish","type":"product","link":"https:\/\/hylajams.fi\/?product=hyla-nst-rullakko","title":{"rendered":"12102 Hyla NST Rullakko"},"content":{"rendered":"<p><strong>HYLA NST Rullakko<\/strong><\/p>\n<p><strong>HYLA NST vesiastian rullakko kokonaisuus<\/strong><\/p>\n<p>T\u00e4m\u00e4 HYLA NST -mallin vesiastian rullakko kokonaisuus tarjoaa k\u00e4ytt\u00e4j\u00e4lle liikkuvuutta ja k\u00e4tev\u00e4\u00e4 s\u00e4ilytystilaa puhdistusty\u00f6n aikana.<br \/>\nRullakon reunoille voi sijoittaa erilaisia suulakkeita ja putkia helpottamaan niiden siirt\u00e4mist\u00e4 paikasta toiseen.<\/p>\n<p><strong>T\u00c4RKEIMM\u00c4T OMINAISUUDET:<\/strong><\/p>\n<p><strong>Liikkuva ratkaisu:<br \/>\n<\/strong>Rullakon ansiosta vesiastia liikkuu kevyesti ja tasaisesti Hylan mukana, varmistaen turvallisen siivoamisen huoneesta toiseen. T\u00e4m\u00e4 tekee siivoamisesta hauskaa, joustavaa ja vaivatonta. Aina kun k\u00e4\u00e4nnyt ymp\u00e4ri, HYLA on siell\u00e4 turvallisesti per\u00e4ss\u00e4.<\/p>\n<p><strong>Monipuolinen s\u00e4ilytys:<br \/>\n<\/strong><\/p>\n<p>Rullakon reunoille voi asetella erilaisia suulakkeita ja putkia ty\u00f6skentelyn ajaksi ja s\u00e4ilytykseen, jolloin tarvittavat ty\u00f6kalut kulkevat k\u00e4tev\u00e4sti Hylan mukana ja ovat aina k\u00e4den ulottuvilla. T\u00e4m\u00e4 helpottaa suulakkeiden nopean vaihtamisen sek\u00e4 niiden tallessa s\u00e4ilymisen, kun ne pysyv\u00e4t mukana siivotessa. Isommat lis\u00e4varusteet voi kiinnitt\u00e4\u00e4 takaosaan, helpottaen kahvojen avaamista ja sulkemista.<\/p>\n<p><strong>Vakaa ja kaatumaton:<br \/>\n<\/strong>Vesiastia liikkuu kevyesti rullakon avulla, pysyen vakaana ja tasaisena Hylan mukana liikuttaessa huoneesta toiseen sek\u00e4 mattojen yli. Rullakon tulee olla tukevasti kiinnitetty vesiastiaan, ja ett\u00e4 kaikki py\u00f6r\u00e4t ovat ehj\u00e4t, ennen kuin aloitat siivoamisen.<\/p>\n<p><strong>Varaosat saatavana:<br \/>\n<\/strong>Varaosat, kuten py\u00f6r\u00e4t, ovat varaosa tarvikkeita, joten rullakko voidaan helposti yll\u00e4pit\u00e4\u00e4 ja p\u00e4ivitt\u00e4\u00e4 tarpeen mukaan.<\/p>\n<p>HYLA NST -mallin vesiastian rullakko kokonaisuus tarjoaa k\u00e4ytt\u00e4j\u00e4lle k\u00e4tev\u00e4n liikkuvuuden ja helpon suulakkeiden sek\u00e4 putkien s\u00e4ilytyksen puhdistuksen aikana. Varaosien saatavuus mahdollistaa kokonaisuuden yll\u00e4pidon ja p\u00e4ivitt\u00e4misen tarpeen mukaan.<\/p>\n<p><strong>Tuotetiedot:<\/strong><\/p>\n<ul>\n<li>Sopii HYLA NST -malliin<\/li>\n<li>Vesiastian rullakko kokonaisuus<\/li>\n<li>Liikkuva ja vakaa ratkaisu siivoukseen<\/li>\n<li>Mukana kulkeva tarvike s\u00e4ilytys suulakkeille ja putkille<\/li>\n<li>Varaosien saatavuus mahdollistaa huollon ja rullakon rikkonaisten osien korjaaminen<\/li>\n<li>Alkuper\u00e4inen lis\u00e4varuste<\/li>\n<\/ul>\n<p><strong><a href=\"https:\/\/hylajams.fi\/?page_id=8371\">HYLA NST TUOTTEET<\/a><\/strong><\/p>\n<p><strong><a href=\"https:\/\/www.hyla.com\/products\/products\">HYLA INTERNATIONAL<\/a><\/strong><\/p>\n","protected":false},"excerpt":{"rendered":"<p>HYLA NST vesiastian rullakko \u2013 liikkuva ja vakaa ratkaisu. S\u00e4ilyt\u00e4 suulakkeet ja putket k\u00e4tev\u00e4sti mukana siivotessa.<\/p>\n","protected":false},"featured_media":10378,"template":"","meta":[],"product_brand":[],"product_cat":[775,290,942,847],"product_tag":[1131,1917,1792,1328,1825,1916,1833],"class_list":{"0":"post-1517","1":"product","2":"type-product","3":"status-publish","4":"has-post-thumbnail","6":"product_cat-hyla-nst","7":"product_cat-hylan-lisatarvikkeet","8":"product_cat-hyla-nst-lisatarvikkeet","9":"product_cat-hyla-nst-varaosat","10":"product_tag-hyla-lisavaruste","11":"product_tag-hyla-nst-alusta","12":"product_tag-hyla-nst-lisaosa","13":"product_tag-hyla-nst-rullakko","14":"product_tag-imurin-lisaosa","15":"product_tag-nst-imurin-rullakko","16":"product_tag-rullakon-osa","17":"product_shipping_class-posti-m-paketti-19x36x60-cm-35-kg","18":"_wholesalex wsx-wholesalex-product","20":"first","21":"instock","22":"featured","23":"shipping-taxable","24":"purchasable","25":"product-type-simple"},"yoast_head":"<!-- This site is optimized with the Yoast SEO plugin v27.3 - https:\/\/yoast.com\/product\/yoast-seo-wordpress\/ -->\n<title>HYLA NST Rullakko - joka seuraa sinua kevyesti paikasta toiseen<\/title>\n<meta name=\"description\" content=\"HYLA NST Rullakko \u2013 vakaa ja liikkuva ratkaisu. S\u00e4ilyt\u00e4 kaikki suulakkeet ja putket k\u00e4tev\u00e4sti mukana siivotessa. Py\u00f6r\u00e4st\u00f6n py\u00f6r\u00e4t saatavana varaosina.\" \/>\n<meta name=\"robots\" content=\"index, follow, max-snippet:-1, max-image-preview:large, max-video-preview:-1\" \/>\n<link rel=\"canonical\" href=\"https:\/\/hylajams.fi\/?product=hyla-nst-rullakko\" \/>\n<meta property=\"og:locale\" content=\"fi_FI\" \/>\n<meta property=\"og:type\" content=\"article\" \/>\n<meta property=\"og:title\" content=\"HYLA NST Rullakko - joka seuraa sinua kevyesti paikasta toiseen\" \/>\n<meta property=\"og:description\" content=\"HYLA NST Rullakko \u2013 vakaa ja liikkuva ratkaisu. S\u00e4ilyt\u00e4 kaikki suulakkeet ja putket k\u00e4tev\u00e4sti mukana siivotessa. Py\u00f6r\u00e4st\u00f6n py\u00f6r\u00e4t saatavana varaosina.\" \/>\n<meta property=\"og:url\" content=\"https:\/\/hylajams.fi\/?product=hyla-nst-rullakko\" \/>\n<meta property=\"og:site_name\" content=\"Hyla Jams Verkkokauppa\" \/>\n<meta property=\"article:modified_time\" content=\"2026-03-17T10:50:47+00:00\" \/>\n<meta property=\"og:image\" content=\"https:\/\/hylajams.fi\/wp-content\/uploads\/2025\/05\/4-1.jpg\" \/>\n\t<meta property=\"og:image:width\" content=\"960\" \/>\n\t<meta property=\"og:image:height\" content=\"540\" \/>\n\t<meta property=\"og:image:type\" content=\"image\/jpeg\" \/>\n<meta name=\"twitter:card\" content=\"summary_large_image\" \/>\n<meta name=\"twitter:label1\" content=\"Arvioitu lukuaika\" \/>\n\t<meta name=\"twitter:data1\" content=\"2 minuuttia\" \/>\n<script type=\"application\/ld+json\" class=\"yoast-schema-graph\">{\"@context\":\"https:\\\/\\\/schema.org\",\"@graph\":[{\"@type\":\"WebPage\",\"@id\":\"https:\\\/\\\/hylajams.fi\\\/?product=hyla-nst-rullakko\",\"url\":\"https:\\\/\\\/hylajams.fi\\\/?product=hyla-nst-rullakko\",\"name\":\"HYLA NST Rullakko - joka seuraa sinua kevyesti paikasta toiseen\",\"isPartOf\":{\"@id\":\"https:\\\/\\\/hylajams.fi\\\/#website\"},\"primaryImageOfPage\":{\"@id\":\"https:\\\/\\\/hylajams.fi\\\/?product=hyla-nst-rullakko#primaryimage\"},\"image\":{\"@id\":\"https:\\\/\\\/hylajams.fi\\\/?product=hyla-nst-rullakko#primaryimage\"},\"thumbnailUrl\":\"https:\\\/\\\/hylajams.fi\\\/wp-content\\\/uploads\\\/2025\\\/05\\\/4-1.jpg\",\"datePublished\":\"2021-08-04T15:01:36+00:00\",\"dateModified\":\"2026-03-17T10:50:47+00:00\",\"description\":\"HYLA NST Rullakko \u2013 vakaa ja liikkuva ratkaisu. S\u00e4ilyt\u00e4 kaikki suulakkeet ja putket k\u00e4tev\u00e4sti mukana siivotessa. Py\u00f6r\u00e4st\u00f6n py\u00f6r\u00e4t saatavana varaosina.\",\"breadcrumb\":{\"@id\":\"https:\\\/\\\/hylajams.fi\\\/?product=hyla-nst-rullakko#breadcrumb\"},\"inLanguage\":\"fi\",\"potentialAction\":[{\"@type\":\"ReadAction\",\"target\":[\"https:\\\/\\\/hylajams.fi\\\/?product=hyla-nst-rullakko\"]}]},{\"@type\":\"ImageObject\",\"inLanguage\":\"fi\",\"@id\":\"https:\\\/\\\/hylajams.fi\\\/?product=hyla-nst-rullakko#primaryimage\",\"url\":\"https:\\\/\\\/hylajams.fi\\\/wp-content\\\/uploads\\\/2025\\\/05\\\/4-1.jpg\",\"contentUrl\":\"https:\\\/\\\/hylajams.fi\\\/wp-content\\\/uploads\\\/2025\\\/05\\\/4-1.jpg\",\"width\":960,\"height\":540,\"caption\":\"HYLA NST Rullakko\"},{\"@type\":\"BreadcrumbList\",\"@id\":\"https:\\\/\\\/hylajams.fi\\\/?product=hyla-nst-rullakko#breadcrumb\",\"itemListElement\":[{\"@type\":\"ListItem\",\"position\":1,\"name\":\"Etusivu\",\"item\":\"https:\\\/\\\/hylajams.fi\\\/\"},{\"@type\":\"ListItem\",\"position\":2,\"name\":\"VERKKOKAUPPA\",\"item\":\"https:\\\/\\\/hylajams.fi\\\/?page_id=9\"},{\"@type\":\"ListItem\",\"position\":3,\"name\":\"12102 Hyla NST Rullakko\"}]},{\"@type\":\"WebSite\",\"@id\":\"https:\\\/\\\/hylajams.fi\\\/#website\",\"url\":\"https:\\\/\\\/hylajams.fi\\\/\",\"name\":\"Hyla Jams Verkkokauppa\",\"description\":\"Hyla ilman- ja huoneen puhdistusj\u00e4rjestelm\u00e4 Suomessa\",\"publisher\":{\"@id\":\"https:\\\/\\\/hylajams.fi\\\/#organization\"},\"potentialAction\":[{\"@type\":\"SearchAction\",\"target\":{\"@type\":\"EntryPoint\",\"urlTemplate\":\"https:\\\/\\\/hylajams.fi\\\/?s={search_term_string}\"},\"query-input\":{\"@type\":\"PropertyValueSpecification\",\"valueRequired\":true,\"valueName\":\"search_term_string\"}}],\"inLanguage\":\"fi\"},{\"@type\":\"Organization\",\"@id\":\"https:\\\/\\\/hylajams.fi\\\/#organization\",\"name\":\"Hyla Jams Verkkokauppa\",\"url\":\"https:\\\/\\\/hylajams.fi\\\/\",\"logo\":{\"@type\":\"ImageObject\",\"inLanguage\":\"fi\",\"@id\":\"https:\\\/\\\/hylajams.fi\\\/#\\\/schema\\\/logo\\\/image\\\/\",\"url\":\"https:\\\/\\\/hylajams.fi\\\/wp-content\\\/uploads\\\/2025\\\/02\\\/Logo-1-2.jpg\",\"contentUrl\":\"https:\\\/\\\/hylajams.fi\\\/wp-content\\\/uploads\\\/2025\\\/02\\\/Logo-1-2.jpg\",\"width\":500,\"height\":500,\"caption\":\"Hyla Jams Verkkokauppa\"},\"image\":{\"@id\":\"https:\\\/\\\/hylajams.fi\\\/#\\\/schema\\\/logo\\\/image\\\/\"},\"sameAs\":[\"https:\\\/\\\/www.instagram.com\\\/hylasiivous\\\/\"]}]}<\/script>\n<!-- \/ Yoast SEO plugin. -->","yoast_head_json":{"title":"HYLA NST Rullakko - joka seuraa sinua kevyesti paikasta toiseen","description":"HYLA NST Rullakko \u2013 vakaa ja liikkuva ratkaisu. S\u00e4ilyt\u00e4 kaikki suulakkeet ja putket k\u00e4tev\u00e4sti mukana siivotessa. Py\u00f6r\u00e4st\u00f6n py\u00f6r\u00e4t saatavana varaosina.","robots":{"index":"index","follow":"follow","max-snippet":"max-snippet:-1","max-image-preview":"max-image-preview:large","max-video-preview":"max-video-preview:-1"},"canonical":"https:\/\/hylajams.fi\/?product=hyla-nst-rullakko","og_locale":"fi_FI","og_type":"article","og_title":"HYLA NST Rullakko - joka seuraa sinua kevyesti paikasta toiseen","og_description":"HYLA NST Rullakko \u2013 vakaa ja liikkuva ratkaisu. S\u00e4ilyt\u00e4 kaikki suulakkeet ja putket k\u00e4tev\u00e4sti mukana siivotessa. Py\u00f6r\u00e4st\u00f6n py\u00f6r\u00e4t saatavana varaosina.","og_url":"https:\/\/hylajams.fi\/?product=hyla-nst-rullakko","og_site_name":"Hyla Jams Verkkokauppa","article_modified_time":"2026-03-17T10:50:47+00:00","og_image":[{"width":960,"height":540,"url":"https:\/\/hylajams.fi\/wp-content\/uploads\/2025\/05\/4-1.jpg","type":"image\/jpeg"}],"twitter_card":"summary_large_image","twitter_misc":{"Arvioitu lukuaika":"2 minuuttia"},"schema":{"@context":"https:\/\/schema.org","@graph":[{"@type":"WebPage","@id":"https:\/\/hylajams.fi\/?product=hyla-nst-rullakko","url":"https:\/\/hylajams.fi\/?product=hyla-nst-rullakko","name":"HYLA NST Rullakko - joka seuraa sinua kevyesti paikasta toiseen","isPartOf":{"@id":"https:\/\/hylajams.fi\/#website"},"primaryImageOfPage":{"@id":"https:\/\/hylajams.fi\/?product=hyla-nst-rullakko#primaryimage"},"image":{"@id":"https:\/\/hylajams.fi\/?product=hyla-nst-rullakko#primaryimage"},"thumbnailUrl":"https:\/\/hylajams.fi\/wp-content\/uploads\/2025\/05\/4-1.jpg","datePublished":"2021-08-04T15:01:36+00:00","dateModified":"2026-03-17T10:50:47+00:00","description":"HYLA NST Rullakko \u2013 vakaa ja liikkuva ratkaisu. S\u00e4ilyt\u00e4 kaikki suulakkeet ja putket k\u00e4tev\u00e4sti mukana siivotessa. Py\u00f6r\u00e4st\u00f6n py\u00f6r\u00e4t saatavana varaosina.","breadcrumb":{"@id":"https:\/\/hylajams.fi\/?product=hyla-nst-rullakko#breadcrumb"},"inLanguage":"fi","potentialAction":[{"@type":"ReadAction","target":["https:\/\/hylajams.fi\/?product=hyla-nst-rullakko"]}]},{"@type":"ImageObject","inLanguage":"fi","@id":"https:\/\/hylajams.fi\/?product=hyla-nst-rullakko#primaryimage","url":"https:\/\/hylajams.fi\/wp-content\/uploads\/2025\/05\/4-1.jpg","contentUrl":"https:\/\/hylajams.fi\/wp-content\/uploads\/2025\/05\/4-1.jpg","width":960,"height":540,"caption":"HYLA NST Rullakko"},{"@type":"BreadcrumbList","@id":"https:\/\/hylajams.fi\/?product=hyla-nst-rullakko#breadcrumb","itemListElement":[{"@type":"ListItem","position":1,"name":"Etusivu","item":"https:\/\/hylajams.fi\/"},{"@type":"ListItem","position":2,"name":"VERKKOKAUPPA","item":"https:\/\/hylajams.fi\/?page_id=9"},{"@type":"ListItem","position":3,"name":"12102 Hyla NST Rullakko"}]},{"@type":"WebSite","@id":"https:\/\/hylajams.fi\/#website","url":"https:\/\/hylajams.fi\/","name":"Hyla Jams Verkkokauppa","description":"Hyla ilman- ja huoneen puhdistusj\u00e4rjestelm\u00e4 Suomessa","publisher":{"@id":"https:\/\/hylajams.fi\/#organization"},"potentialAction":[{"@type":"SearchAction","target":{"@type":"EntryPoint","urlTemplate":"https:\/\/hylajams.fi\/?s={search_term_string}"},"query-input":{"@type":"PropertyValueSpecification","valueRequired":true,"valueName":"search_term_string"}}],"inLanguage":"fi"},{"@type":"Organization","@id":"https:\/\/hylajams.fi\/#organization","name":"Hyla Jams Verkkokauppa","url":"https:\/\/hylajams.fi\/","logo":{"@type":"ImageObject","inLanguage":"fi","@id":"https:\/\/hylajams.fi\/#\/schema\/logo\/image\/","url":"https:\/\/hylajams.fi\/wp-content\/uploads\/2025\/02\/Logo-1-2.jpg","contentUrl":"https:\/\/hylajams.fi\/wp-content\/uploads\/2025\/02\/Logo-1-2.jpg","width":500,"height":500,"caption":"Hyla Jams Verkkokauppa"},"image":{"@id":"https:\/\/hylajams.fi\/#\/schema\/logo\/image\/"},"sameAs":["https:\/\/www.instagram.com\/hylasiivous\/"]}]}},"_links":{"self":[{"href":"https:\/\/hylajams.fi\/index.php?rest_route=\/wp\/v2\/product\/1517","targetHints":{"allow":["GET"]}}],"collection":[{"href":"https:\/\/hylajams.fi\/index.php?rest_route=\/wp\/v2\/product"}],"about":[{"href":"https:\/\/hylajams.fi\/index.php?rest_route=\/wp\/v2\/types\/product"}],"version-history":[{"count":9,"href":"https:\/\/hylajams.fi\/index.php?rest_route=\/wp\/v2\/product\/1517\/revisions"}],"predecessor-version":[{"id":13206,"href":"https:\/\/hylajams.fi\/index.php?rest_route=\/wp\/v2\/product\/1517\/revisions\/13206"}],"wp:featuredmedia":[{"embeddable":true,"href":"https:\/\/hylajams.fi\/index.php?rest_route=\/wp\/v2\/media\/10378"}],"wp:attachment":[{"href":"https:\/\/hylajams.fi\/index.php?rest_route=%2Fwp%2Fv2%2Fmedia&parent=1517"}],"wp:term":[{"taxonomy":"product_brand","embeddable":true,"href":"https:\/\/hylajams.fi\/index.php?rest_route=%2Fwp%2Fv2%2Fproduct_brand&post=1517"},{"taxonomy":"product_cat","embeddable":true,"href":"https:\/\/hylajams.fi\/index.php?rest_route=%2Fwp%2Fv2%2Fproduct_cat&post=1517"},{"taxonomy":"product_tag","embeddable":true,"href":"https:\/\/hylajams.fi\/index.php?rest_route=%2Fwp%2Fv2%2Fproduct_tag&post=1517"}],"curies":[{"name":"wp","href":"https:\/\/api.w.org\/{rel}","templated":true}]}}