{"id":1465,"date":"2021-08-03T23:22:08","date_gmt":"2021-08-03T20:22:08","guid":{"rendered":"https:\/\/hylajams.fi\/?post_type=product&#038;p=1465"},"modified":"2026-02-27T20:25:01","modified_gmt":"2026-02-27T18:25:01","slug":"pitka-rakosuulake-35-cm","status":"publish","type":"product","link":"https:\/\/hylajams.fi\/?product=pitka-rakosuulake-35-cm","title":{"rendered":"14039 Hyla NST\/GST Pitk\u00e4 rakosuulake (35 cm)"},"content":{"rendered":"<p data-start=\"1451\" data-end=\"1763\"><strong>Pitk\u00e4 rakosuulake (35 cm)<\/strong> on suunniteltu syv\u00e4puhdistukseen ja ulottuvuutta vaativiin tilanteisiin. Pituutensa ansiosta se ylt\u00e4\u00e4 esimerkiksi sohvien, autonpenkkien ja kaappien v\u00e4leihin, joihin lyhyt suulake ei yll\u00e4. N\u00e4in saat siivottua my\u00f6s ne piilossa olevat syv\u00e4t kohteet, joihin p\u00f6ly\u00e4 ja likaa helposti kertyy.<\/p>\n<p data-start=\"1451\" data-end=\"1763\"><strong>Veden imemiseen sek\u00e4 kulmien ja ahtaiden v\u00e4lien puhdistukseen: Hyla Rakosuulake<\/strong><\/p>\n<p data-start=\"1765\" data-end=\"2038\">T\u00e4m\u00e4 <strong>pitk\u00e4 rakosuulake (35 cm)<\/strong> ei ole vain kuivan p\u00f6lyn poistamiseen \u2013 se soveltuu my\u00f6s veden ja nesteiden imurointiin. Olipa kyseess\u00e4 kaatunut juoma auton matolla, auton istuinten syv\u00e4t v\u00e4lit, pesutilan kostea nurkka, syv\u00e4st\u00e4 kapeasta raosta tai astiasta veden imeminen tai pienten ja isojen vesiroiskeiden poistaminen, pitk\u00e4 rakosuulake hoitaa teht\u00e4v\u00e4n nopeasti ja vaivattomasti.<\/p>\n<p data-start=\"2040\" data-end=\"2320\">Autoilijoille se on l\u00e4hes v\u00e4ltt\u00e4m\u00e4t\u00f6n lis\u00e4varuste: auton sis\u00e4tiloissa on paljon pitki\u00e4 ja kapeita rakoja, joihin muuten olisi mahdotonta p\u00e4\u00e4st\u00e4 k\u00e4siksi. Samalla se sopii kodin hankaliin kohteisiin, kuten patjojen sivustoihin, sohvan rakenteisiin ja ahtaiden huonekalujen taakse. Pitk\u00e4 suulake on my\u00f6s erinomainen vakuumointia suorittaville.<\/p>\n<p data-start=\"2322\" data-end=\"2471\">Pitk\u00e4 rakosuulake on kest\u00e4v\u00e4, helppok\u00e4ytt\u00f6inen ja t\u00e4ydellinen pari Hyla-j\u00e4rjestelm\u00e4llesi, kun haluat varmistaa perusteellisen puhtauden kaikkialla.<\/p>\n<p data-start=\"1178\" data-end=\"1355\"><strong>Lyhyempi vaihtoehto saatavana:<\/strong><\/p>\n<p data-start=\"1178\" data-end=\"1355\">Jos tarvitset v\u00e4hemm\u00e4n ulottuvuutta, valittavana on my\u00f6s <strong>lyhyempi 20 cm<\/strong> (Tuote: <a href=\"https:\/\/hylajams.fi\/?product=hyla-lyhyt-rakosuulake-20-cm\">46017<\/a>)<strong>\u00a0<\/strong>versio (EST,GST, NST).<\/p>\n<p data-start=\"1178\" data-end=\"1355\"><strong>Valitse oikea pituus tarpeidesi mukaan ja paranna Hyla-j\u00e4rjestelm\u00e4si suorituskyky\u00e4.<\/strong><\/p>\n<p><strong><a href=\"https:\/\/hylajams.fi\/?page_id=7252\">HYLA EST TUOTTEET<\/a><\/strong><\/p>\n<p><strong><a href=\"https:\/\/hylajams.fi\/?page_id=8366\">HYLA GST TUOTTEET<\/a><\/strong><\/p>\n<p><strong><a href=\"https:\/\/hylajams.fi\/?page_id=8371\">HYLA NST TUOTTEET<\/a><\/strong><\/p>\n<p><strong><a href=\"https:\/\/www.hyla.com\/products\/products\"><span dir=\"auto\">HYLA INTERNATIONAL<\/span><\/a><\/strong><\/p>\n","protected":false},"excerpt":{"rendered":"<div class=\"grid-block shrink layout4-content\">\n<div class=\"product-image\">\n<div>\n<p><strong>Hyla pitk\u00e4 rakosuulake<\/strong> (35 cm) sopii\u00a0 GST ja NST -malleihin, ei EST. Puhdistaa tehokkaasti kapeat raot ja autonpenkkien v\u00e4lit \u2013 my\u00f6s nesteiden imurointiin.<\/p>\n<p data-start=\"719\" data-end=\"1029\">Veden imemiseen sek\u00e4 kulmien ja ahtaiden v\u00e4lien puhdistukseen.<\/p>\n<\/div>\n<div><\/div>\n<\/div>\n<\/div>\n","protected":false},"featured_media":6680,"template":"","meta":[],"product_brand":[],"product_cat":[945,774,775,290,941],"product_tag":[1643,1219,1131,1220,1642,939,1644,154],"class_list":{"0":"post-1465","1":"product","2":"type-product","3":"status-publish","4":"has-post-thumbnail","6":"product_cat-hyla-gst-suulakkeet-ja-harjat","7":"product_cat-hyla-gst","8":"product_cat-hyla-nst","9":"product_cat-hylan-lisatarvikkeet","10":"product_cat-hyla-nst-suulakkeet","11":"product_tag-35-cm-rakosuulake","12":"product_tag-hyla-gst-lisavaruste","13":"product_tag-hyla-lisavaruste","14":"product_tag-hyla-nst-lisavaruste","15":"product_tag-hyla-nst-gst-pitka-rakosuulake","16":"product_tag-pitka-rakosuulake","17":"product_tag-pitkan-rakosuulakkeen-lisavaruste","18":"product_tag-rakosuulake","19":"product_shipping_class-posti-s-paketti-11x32x3-cm-35-kg","20":"_wholesalex wsx-wholesalex-product","22":"first","23":"instock","24":"featured","25":"shipping-taxable","26":"purchasable","27":"product-type-simple"},"yoast_head":"<!-- This site is optimized with the Yoast SEO plugin v27.3 - https:\/\/yoast.com\/product\/yoast-seo-wordpress\/ -->\n<title>Pitk\u00e4 rakosuulake 35 cm - nesteille ja syv\u00e4puhdistukseen<\/title>\n<meta name=\"description\" content=\"Pitk\u00e4 rakosuulake 35 cm - Ylt\u00e4\u00e4 syv\u00e4lle kapeisiin v\u00e4leihin, auton ja sohvan penkkeihin sek\u00e4 imee my\u00f6s nesteit\u00e4 - GST ja NST -malleihin.\" \/>\n<meta name=\"robots\" content=\"index, follow, max-snippet:-1, max-image-preview:large, max-video-preview:-1\" \/>\n<link rel=\"canonical\" href=\"https:\/\/hylajams.fi\/?product=pitka-rakosuulake-35-cm\" \/>\n<meta property=\"og:locale\" content=\"fi_FI\" \/>\n<meta property=\"og:type\" content=\"article\" \/>\n<meta property=\"og:title\" content=\"Pitk\u00e4 rakosuulake 35 cm - nesteille ja syv\u00e4puhdistukseen\" \/>\n<meta property=\"og:description\" content=\"Pitk\u00e4 rakosuulake 35 cm - Ylt\u00e4\u00e4 syv\u00e4lle kapeisiin v\u00e4leihin, auton ja sohvan penkkeihin sek\u00e4 imee my\u00f6s nesteit\u00e4 - GST ja NST -malleihin.\" \/>\n<meta property=\"og:url\" content=\"https:\/\/hylajams.fi\/?product=pitka-rakosuulake-35-cm\" \/>\n<meta property=\"og:site_name\" content=\"Hyla Jams Verkkokauppa\" \/>\n<meta property=\"article:modified_time\" content=\"2026-02-27T18:25:01+00:00\" \/>\n<meta property=\"og:image\" content=\"https:\/\/hylajams.fi\/wp-content\/uploads\/2021\/08\/14039-Pitka-rakosuulake.png\" \/>\n\t<meta property=\"og:image:width\" content=\"620\" \/>\n\t<meta property=\"og:image:height\" content=\"619\" \/>\n\t<meta property=\"og:image:type\" content=\"image\/png\" \/>\n<meta name=\"twitter:card\" content=\"summary_large_image\" \/>\n<meta name=\"twitter:label1\" content=\"Arvioitu lukuaika\" \/>\n\t<meta name=\"twitter:data1\" content=\"2 minuuttia\" \/>\n<script type=\"application\/ld+json\" class=\"yoast-schema-graph\">{\"@context\":\"https:\\\/\\\/schema.org\",\"@graph\":[{\"@type\":\"WebPage\",\"@id\":\"https:\\\/\\\/hylajams.fi\\\/?product=pitka-rakosuulake-35-cm\",\"url\":\"https:\\\/\\\/hylajams.fi\\\/?product=pitka-rakosuulake-35-cm\",\"name\":\"Pitk\u00e4 rakosuulake 35 cm - nesteille ja syv\u00e4puhdistukseen\",\"isPartOf\":{\"@id\":\"https:\\\/\\\/hylajams.fi\\\/#website\"},\"primaryImageOfPage\":{\"@id\":\"https:\\\/\\\/hylajams.fi\\\/?product=pitka-rakosuulake-35-cm#primaryimage\"},\"image\":{\"@id\":\"https:\\\/\\\/hylajams.fi\\\/?product=pitka-rakosuulake-35-cm#primaryimage\"},\"thumbnailUrl\":\"https:\\\/\\\/hylajams.fi\\\/wp-content\\\/uploads\\\/2021\\\/08\\\/14039-Pitka-rakosuulake.png\",\"datePublished\":\"2021-08-03T20:22:08+00:00\",\"dateModified\":\"2026-02-27T18:25:01+00:00\",\"description\":\"Pitk\u00e4 rakosuulake 35 cm - Ylt\u00e4\u00e4 syv\u00e4lle kapeisiin v\u00e4leihin, auton ja sohvan penkkeihin sek\u00e4 imee my\u00f6s nesteit\u00e4 - GST ja NST -malleihin.\",\"breadcrumb\":{\"@id\":\"https:\\\/\\\/hylajams.fi\\\/?product=pitka-rakosuulake-35-cm#breadcrumb\"},\"inLanguage\":\"fi\",\"potentialAction\":[{\"@type\":\"ReadAction\",\"target\":[\"https:\\\/\\\/hylajams.fi\\\/?product=pitka-rakosuulake-35-cm\"]}]},{\"@type\":\"ImageObject\",\"inLanguage\":\"fi\",\"@id\":\"https:\\\/\\\/hylajams.fi\\\/?product=pitka-rakosuulake-35-cm#primaryimage\",\"url\":\"https:\\\/\\\/hylajams.fi\\\/wp-content\\\/uploads\\\/2021\\\/08\\\/14039-Pitka-rakosuulake.png\",\"contentUrl\":\"https:\\\/\\\/hylajams.fi\\\/wp-content\\\/uploads\\\/2021\\\/08\\\/14039-Pitka-rakosuulake.png\",\"width\":620,\"height\":619,\"caption\":\"14039 Pitk\u00e4 rakosuulake\"},{\"@type\":\"BreadcrumbList\",\"@id\":\"https:\\\/\\\/hylajams.fi\\\/?product=pitka-rakosuulake-35-cm#breadcrumb\",\"itemListElement\":[{\"@type\":\"ListItem\",\"position\":1,\"name\":\"Etusivu\",\"item\":\"https:\\\/\\\/hylajams.fi\\\/\"},{\"@type\":\"ListItem\",\"position\":2,\"name\":\"VERKKOKAUPPA\",\"item\":\"https:\\\/\\\/hylajams.fi\\\/?page_id=9\"},{\"@type\":\"ListItem\",\"position\":3,\"name\":\"14039 Hyla NST\\\/GST Pitk\u00e4 rakosuulake (35 cm)\"}]},{\"@type\":\"WebSite\",\"@id\":\"https:\\\/\\\/hylajams.fi\\\/#website\",\"url\":\"https:\\\/\\\/hylajams.fi\\\/\",\"name\":\"Hyla Jams Verkkokauppa\",\"description\":\"Hyla ilman- ja huoneen puhdistusj\u00e4rjestelm\u00e4 Suomessa\",\"publisher\":{\"@id\":\"https:\\\/\\\/hylajams.fi\\\/#organization\"},\"potentialAction\":[{\"@type\":\"SearchAction\",\"target\":{\"@type\":\"EntryPoint\",\"urlTemplate\":\"https:\\\/\\\/hylajams.fi\\\/?s={search_term_string}\"},\"query-input\":{\"@type\":\"PropertyValueSpecification\",\"valueRequired\":true,\"valueName\":\"search_term_string\"}}],\"inLanguage\":\"fi\"},{\"@type\":\"Organization\",\"@id\":\"https:\\\/\\\/hylajams.fi\\\/#organization\",\"name\":\"Hyla Jams Verkkokauppa\",\"url\":\"https:\\\/\\\/hylajams.fi\\\/\",\"logo\":{\"@type\":\"ImageObject\",\"inLanguage\":\"fi\",\"@id\":\"https:\\\/\\\/hylajams.fi\\\/#\\\/schema\\\/logo\\\/image\\\/\",\"url\":\"https:\\\/\\\/hylajams.fi\\\/wp-content\\\/uploads\\\/2025\\\/02\\\/Logo-1-2.jpg\",\"contentUrl\":\"https:\\\/\\\/hylajams.fi\\\/wp-content\\\/uploads\\\/2025\\\/02\\\/Logo-1-2.jpg\",\"width\":500,\"height\":500,\"caption\":\"Hyla Jams Verkkokauppa\"},\"image\":{\"@id\":\"https:\\\/\\\/hylajams.fi\\\/#\\\/schema\\\/logo\\\/image\\\/\"},\"sameAs\":[\"https:\\\/\\\/www.instagram.com\\\/hylasiivous\\\/\"]}]}<\/script>\n<!-- \/ Yoast SEO plugin. -->","yoast_head_json":{"title":"Pitk\u00e4 rakosuulake 35 cm - nesteille ja syv\u00e4puhdistukseen","description":"Pitk\u00e4 rakosuulake 35 cm - Ylt\u00e4\u00e4 syv\u00e4lle kapeisiin v\u00e4leihin, auton ja sohvan penkkeihin sek\u00e4 imee my\u00f6s nesteit\u00e4 - GST ja NST -malleihin.","robots":{"index":"index","follow":"follow","max-snippet":"max-snippet:-1","max-image-preview":"max-image-preview:large","max-video-preview":"max-video-preview:-1"},"canonical":"https:\/\/hylajams.fi\/?product=pitka-rakosuulake-35-cm","og_locale":"fi_FI","og_type":"article","og_title":"Pitk\u00e4 rakosuulake 35 cm - nesteille ja syv\u00e4puhdistukseen","og_description":"Pitk\u00e4 rakosuulake 35 cm - Ylt\u00e4\u00e4 syv\u00e4lle kapeisiin v\u00e4leihin, auton ja sohvan penkkeihin sek\u00e4 imee my\u00f6s nesteit\u00e4 - GST ja NST -malleihin.","og_url":"https:\/\/hylajams.fi\/?product=pitka-rakosuulake-35-cm","og_site_name":"Hyla Jams Verkkokauppa","article_modified_time":"2026-02-27T18:25:01+00:00","og_image":[{"width":620,"height":619,"url":"https:\/\/hylajams.fi\/wp-content\/uploads\/2021\/08\/14039-Pitka-rakosuulake.png","type":"image\/png"}],"twitter_card":"summary_large_image","twitter_misc":{"Arvioitu lukuaika":"2 minuuttia"},"schema":{"@context":"https:\/\/schema.org","@graph":[{"@type":"WebPage","@id":"https:\/\/hylajams.fi\/?product=pitka-rakosuulake-35-cm","url":"https:\/\/hylajams.fi\/?product=pitka-rakosuulake-35-cm","name":"Pitk\u00e4 rakosuulake 35 cm - nesteille ja syv\u00e4puhdistukseen","isPartOf":{"@id":"https:\/\/hylajams.fi\/#website"},"primaryImageOfPage":{"@id":"https:\/\/hylajams.fi\/?product=pitka-rakosuulake-35-cm#primaryimage"},"image":{"@id":"https:\/\/hylajams.fi\/?product=pitka-rakosuulake-35-cm#primaryimage"},"thumbnailUrl":"https:\/\/hylajams.fi\/wp-content\/uploads\/2021\/08\/14039-Pitka-rakosuulake.png","datePublished":"2021-08-03T20:22:08+00:00","dateModified":"2026-02-27T18:25:01+00:00","description":"Pitk\u00e4 rakosuulake 35 cm - Ylt\u00e4\u00e4 syv\u00e4lle kapeisiin v\u00e4leihin, auton ja sohvan penkkeihin sek\u00e4 imee my\u00f6s nesteit\u00e4 - GST ja NST -malleihin.","breadcrumb":{"@id":"https:\/\/hylajams.fi\/?product=pitka-rakosuulake-35-cm#breadcrumb"},"inLanguage":"fi","potentialAction":[{"@type":"ReadAction","target":["https:\/\/hylajams.fi\/?product=pitka-rakosuulake-35-cm"]}]},{"@type":"ImageObject","inLanguage":"fi","@id":"https:\/\/hylajams.fi\/?product=pitka-rakosuulake-35-cm#primaryimage","url":"https:\/\/hylajams.fi\/wp-content\/uploads\/2021\/08\/14039-Pitka-rakosuulake.png","contentUrl":"https:\/\/hylajams.fi\/wp-content\/uploads\/2021\/08\/14039-Pitka-rakosuulake.png","width":620,"height":619,"caption":"14039 Pitk\u00e4 rakosuulake"},{"@type":"BreadcrumbList","@id":"https:\/\/hylajams.fi\/?product=pitka-rakosuulake-35-cm#breadcrumb","itemListElement":[{"@type":"ListItem","position":1,"name":"Etusivu","item":"https:\/\/hylajams.fi\/"},{"@type":"ListItem","position":2,"name":"VERKKOKAUPPA","item":"https:\/\/hylajams.fi\/?page_id=9"},{"@type":"ListItem","position":3,"name":"14039 Hyla NST\/GST Pitk\u00e4 rakosuulake (35 cm)"}]},{"@type":"WebSite","@id":"https:\/\/hylajams.fi\/#website","url":"https:\/\/hylajams.fi\/","name":"Hyla Jams Verkkokauppa","description":"Hyla ilman- ja huoneen puhdistusj\u00e4rjestelm\u00e4 Suomessa","publisher":{"@id":"https:\/\/hylajams.fi\/#organization"},"potentialAction":[{"@type":"SearchAction","target":{"@type":"EntryPoint","urlTemplate":"https:\/\/hylajams.fi\/?s={search_term_string}"},"query-input":{"@type":"PropertyValueSpecification","valueRequired":true,"valueName":"search_term_string"}}],"inLanguage":"fi"},{"@type":"Organization","@id":"https:\/\/hylajams.fi\/#organization","name":"Hyla Jams Verkkokauppa","url":"https:\/\/hylajams.fi\/","logo":{"@type":"ImageObject","inLanguage":"fi","@id":"https:\/\/hylajams.fi\/#\/schema\/logo\/image\/","url":"https:\/\/hylajams.fi\/wp-content\/uploads\/2025\/02\/Logo-1-2.jpg","contentUrl":"https:\/\/hylajams.fi\/wp-content\/uploads\/2025\/02\/Logo-1-2.jpg","width":500,"height":500,"caption":"Hyla Jams Verkkokauppa"},"image":{"@id":"https:\/\/hylajams.fi\/#\/schema\/logo\/image\/"},"sameAs":["https:\/\/www.instagram.com\/hylasiivous\/"]}]}},"_links":{"self":[{"href":"https:\/\/hylajams.fi\/index.php?rest_route=\/wp\/v2\/product\/1465","targetHints":{"allow":["GET"]}}],"collection":[{"href":"https:\/\/hylajams.fi\/index.php?rest_route=\/wp\/v2\/product"}],"about":[{"href":"https:\/\/hylajams.fi\/index.php?rest_route=\/wp\/v2\/types\/product"}],"version-history":[{"count":8,"href":"https:\/\/hylajams.fi\/index.php?rest_route=\/wp\/v2\/product\/1465\/revisions"}],"predecessor-version":[{"id":13157,"href":"https:\/\/hylajams.fi\/index.php?rest_route=\/wp\/v2\/product\/1465\/revisions\/13157"}],"wp:featuredmedia":[{"embeddable":true,"href":"https:\/\/hylajams.fi\/index.php?rest_route=\/wp\/v2\/media\/6680"}],"wp:attachment":[{"href":"https:\/\/hylajams.fi\/index.php?rest_route=%2Fwp%2Fv2%2Fmedia&parent=1465"}],"wp:term":[{"taxonomy":"product_brand","embeddable":true,"href":"https:\/\/hylajams.fi\/index.php?rest_route=%2Fwp%2Fv2%2Fproduct_brand&post=1465"},{"taxonomy":"product_cat","embeddable":true,"href":"https:\/\/hylajams.fi\/index.php?rest_route=%2Fwp%2Fv2%2Fproduct_cat&post=1465"},{"taxonomy":"product_tag","embeddable":true,"href":"https:\/\/hylajams.fi\/index.php?rest_route=%2Fwp%2Fv2%2Fproduct_tag&post=1465"}],"curies":[{"name":"wp","href":"https:\/\/api.w.org\/{rel}","templated":true}]}}