{"id":1440,"date":"2021-08-03T22:45:24","date_gmt":"2021-08-03T19:45:24","guid":{"rendered":"https:\/\/hylajams.fi\/?post_type=product&#038;p=1440"},"modified":"2026-02-27T20:29:40","modified_gmt":"2026-02-27T18:29:40","slug":"hyla-antistaattinen-kaantyva-harja","status":"publish","type":"product","link":"https:\/\/hylajams.fi\/?product=hyla-antistaattinen-kaantyva-harja","title":{"rendered":"46032 Hyla antistaattinen k\u00e4\u00e4ntyv\u00e4 harja"},"content":{"rendered":"<h4 data-start=\"557\" data-end=\"939\">Hyla antistaattinen k\u00e4\u00e4ntyv\u00e4 harja \u2013 hell\u00e4varainen puhdistus herkille pinnoille<\/h4>\n<p data-start=\"557\" data-end=\"939\"><strong data-start=\"557\" data-end=\"595\">Hyla antistaattinen k\u00e4\u00e4ntyv\u00e4 harja<\/strong> on suunniteltu kaikkien Hyla-j\u00e4rjestelmien yhteensopivaksi suulake harjaksi, joka tekee p\u00f6lynpoistosta tehokasta ja turvallista my\u00f6s herkille pinnoille.<br data-start=\"742\" data-end=\"745\" \/>Harjan <strong data-start=\"752\" data-end=\"808\">kamelinkarvasta valmistetut antistaattiset harjakset<\/strong> est\u00e4v\u00e4t staattisen s\u00e4hk\u00f6n syntymist\u00e4, jolloin p\u00f6ly ei tartu pintoihin, vaan poistuu tehokkaasti veden avulla Hyla-j\u00e4rjestelm\u00e4\u00e4n.<\/p>\n<h5 data-start=\"557\" data-end=\"939\">Kamelinkarvainen Hyla-harja poistaa p\u00f6lyn tehokkaasti ilman s\u00e4hk\u00f6isyytt\u00e4<\/h5>\n<p data-start=\"941\" data-end=\"1263\">K\u00e4\u00e4ntyv\u00e4 suutinosa mahdollistaa siistin ja joustavan ty\u00f6skentelyn monessa kulmassa, esimerkiksi televisioiden, tietokonen\u00e4ytt\u00f6jen tai lampunvarjostimien ymp\u00e4rill\u00e4.<br data-start=\"1104\" data-end=\"1107\" \/>T\u00e4m\u00e4 harja on erinomainen valinta silloin, kun halutaan yhdist\u00e4\u00e4 <strong data-start=\"1172\" data-end=\"1222\">hell\u00e4varainen puhdistus ja tehokas p\u00f6lynpoisto<\/strong> ilman riski\u00e4 pintojen naarmuuntumisesta.<\/p>\n<hr data-start=\"1265\" data-end=\"1268\" \/>\n<h3 data-start=\"1270\" data-end=\"1295\">\ud83d\udfe9 <strong data-start=\"1277\" data-end=\"1293\">Ominaisuudet<\/strong><\/h3>\n<ul data-start=\"1296\" data-end=\"1622\">\n<li data-start=\"1296\" data-end=\"1356\">\n<p data-start=\"1298\" data-end=\"1356\">Sopii <strong data-start=\"1304\" data-end=\"1332\">kaikkiin HYLAn malleihin<\/strong> (EST, GST, NGT, jne.)<\/p>\n<\/li>\n<li data-start=\"1357\" data-end=\"1437\">\n<p data-start=\"1359\" data-end=\"1437\"><strong data-start=\"1359\" data-end=\"1395\">Antistaattinen kamelinkarvaharja<\/strong> \u2013 ehk\u00e4isee staattisen s\u00e4hk\u00f6n syntymist\u00e4<\/p>\n<\/li>\n<li data-start=\"1438\" data-end=\"1502\">\n<p data-start=\"1440\" data-end=\"1502\"><strong data-start=\"1440\" data-end=\"1476\">K\u00e4\u00e4ntyv\u00e4 ja ergonominen muotoilu<\/strong>, joka helpottaa k\u00e4ytt\u00f6\u00e4<\/p>\n<\/li>\n<li data-start=\"1503\" data-end=\"1562\">\n<p data-start=\"1505\" data-end=\"1562\"><strong data-start=\"1505\" data-end=\"1534\">Hell\u00e4varainen p\u00f6lynpoisto<\/strong> herkille ja arvoesineille<\/p>\n<\/li>\n<li data-start=\"1563\" data-end=\"1622\">\n<p data-start=\"1565\" data-end=\"1622\"><strong data-start=\"1565\" data-end=\"1596\">Kest\u00e4v\u00e4 ja laadukas rakenne<\/strong> pitk\u00e4aikaiseen k\u00e4ytt\u00f6\u00f6n<\/p>\n<\/li>\n<\/ul>\n<hr data-start=\"1624\" data-end=\"1627\" \/>\n<h3 data-start=\"1629\" data-end=\"1655\">\ud83d\udfe6 <strong data-start=\"1636\" data-end=\"1653\">K\u00e4ytt\u00f6kohteet<\/strong><\/h3>\n<p data-start=\"1656\" data-end=\"1728\"><strong data-start=\"1656\" data-end=\"1694\">Antistaattinen k\u00e4\u00e4ntyv\u00e4 harja<\/strong> sopii t\u00e4ydellisesti seuraaviin:<\/p>\n<p data-start=\"1730\" data-end=\"1805\"><strong data-start=\"1730\" data-end=\"1748\">Elektroniikka:<\/strong><br data-start=\"1748\" data-end=\"1751\" \/>televisiot, tietokoneet, n\u00e4yt\u00f6t, \u00e4\u00e4nentoistolaitteet<\/p>\n<p data-start=\"1807\" data-end=\"1893\"><strong data-start=\"1807\" data-end=\"1839\">Kodinkoneet ja pienlaitteet:<\/strong><br data-start=\"1839\" data-end=\"1842\" \/>ilmal\u00e4mp\u00f6pumput, mikroaaltouunit, kahvinkeittimet<\/p>\n<p data-start=\"1895\" data-end=\"1961\"><strong data-start=\"1895\" data-end=\"1922\">Huonekalut ja sisustus:<\/strong><br data-start=\"1922\" data-end=\"1925\" \/>p\u00f6yd\u00e4t, hyllyt, lamput, valaisimet<\/p>\n<p data-start=\"1963\" data-end=\"2040\"><strong data-start=\"1963\" data-end=\"1996\">Herkkien esineiden puhdistus:<\/strong><br data-start=\"1996\" data-end=\"1999\" \/>pianot, viulut, figuurit, pienoismallit<\/p>\n<p><strong><a href=\"https:\/\/hylajams.fi\/?page_id=7252\">HYLA EST TUOTTEET<\/a><\/strong><\/p>\n<p><strong><a href=\"https:\/\/hylajams.fi\/?page_id=8366\">HYLA GST TUOTTEET<\/a><\/strong><\/p>\n<p><strong><a href=\"https:\/\/hylajams.fi\/?page_id=8371\">HYLA NST TUOTTEET<\/a><\/strong><\/p>\n<p><strong><a href=\"https:\/\/www.hyla.com\/products\/products\"><span dir=\"auto\" style=\"vertical-align: inherit;\"><span dir=\"auto\" style=\"vertical-align: inherit;\"><span dir=\"auto\" style=\"vertical-align: inherit;\"><span dir=\"auto\" style=\"vertical-align: inherit;\"><span dir=\"auto\" style=\"vertical-align: inherit;\"><span dir=\"auto\" style=\"vertical-align: inherit;\">HYLA INTERNATIONAL<\/span><\/span><\/span><\/span><\/span><\/span><\/a><\/strong><\/p>\n","protected":false},"excerpt":{"rendered":"<div class=\"grid-block shrink layout4-content\">\n<div class=\"product-image\">\n<h4>Hyla antistaattinen k\u00e4\u00e4ntyv\u00e4 harja \u2013 hell\u00e4varainen puhdistus herkille pinnoille<\/h4>\n<p>Pid\u00e4 kodin herk\u00e4t pinnat puhtaana ja p\u00f6lytt\u00f6m\u00e4n\u00e4. Tilaa <strong data-start=\"2143\" data-end=\"2181\">Hyla antistaattinen k\u00e4\u00e4ntyv\u00e4 harja<\/strong> nyt ja tee siivouksesta huolettomampaa!<\/p>\n<p>Hyla kamelinkarvaharjasta valmistettu herkille pinnoille.\u00a0Hell\u00e4varainen suulake, joka sopii kaikkiin malleihin. Poistaa p\u00f6lyn ja lian turvallisesti herkilt\u00e4 pinnoilta, kuten elektroniikasta ja huonekaluista.<\/p>\n<\/div>\n<\/div>\n","protected":false},"featured_media":11615,"template":"","meta":[],"product_brand":[],"product_cat":[950,945,773,774,775,941],"product_tag":[1649,1654,1652,1386,1131,1650,1651,1653,1640,258],"class_list":{"0":"post-1440","1":"product","2":"type-product","3":"status-publish","4":"has-post-thumbnail","6":"product_cat-est-suulakkeet-ja-harjat","7":"product_cat-hyla-gst-suulakkeet-ja-harjat","8":"product_cat-hyla-est","9":"product_cat-hyla-gst","10":"product_cat-hyla-nst","11":"product_cat-hyla-nst-suulakkeet","12":"product_tag-antistaattinen-harja","13":"product_tag-est-lisavaruste","14":"product_tag-gst-lisavaruste","15":"product_tag-hyla-antistaattinen-kaantyva-harja","16":"product_tag-hyla-lisavaruste","17":"product_tag-kaantyva-harja","18":"product_tag-mattoharja","19":"product_tag-nst-lisavaruste","20":"product_tag-tekstiiliharja","21":"product_tag-yleisharja","22":"product_shipping_class-posti-s-paketti-11x32x3-cm-35-kg","23":"_wholesalex wsx-wholesalex-product","25":"first","26":"instock","27":"featured","28":"shipping-taxable","29":"purchasable","30":"product-type-simple"},"yoast_head":"<!-- This site is optimized with the Yoast SEO plugin v27.3 - https:\/\/yoast.com\/product\/yoast-seo-wordpress\/ -->\n<title>Hyla antistaattinen k\u00e4\u00e4ntyv\u00e4 harja - herkille pinnoille<\/title>\n<meta name=\"description\" content=\"Hyla antistaattinen k\u00e4\u00e4ntyv\u00e4 harja poistaa p\u00f6lyn hell\u00e4varaisesti herkilt\u00e4 pinnoilta. Sopii kaikkiin Hyla-malleihin ja est\u00e4\u00e4 staattisen s\u00e4hk\u00f6n syntymist\u00e4.\" \/>\n<meta name=\"robots\" content=\"index, follow, max-snippet:-1, max-image-preview:large, max-video-preview:-1\" \/>\n<link rel=\"canonical\" href=\"https:\/\/hylajams.fi\/?product=hyla-antistaattinen-kaantyva-harja\" \/>\n<meta property=\"og:locale\" content=\"fi_FI\" \/>\n<meta property=\"og:type\" content=\"article\" \/>\n<meta property=\"og:title\" content=\"Hyla antistaattinen k\u00e4\u00e4ntyv\u00e4 harja - herkille pinnoille\" \/>\n<meta property=\"og:description\" content=\"Hyla antistaattinen k\u00e4\u00e4ntyv\u00e4 harja poistaa p\u00f6lyn hell\u00e4varaisesti herkilt\u00e4 pinnoilta. Sopii kaikkiin Hyla-malleihin ja est\u00e4\u00e4 staattisen s\u00e4hk\u00f6n syntymist\u00e4.\" \/>\n<meta property=\"og:url\" content=\"https:\/\/hylajams.fi\/?product=hyla-antistaattinen-kaantyva-harja\" \/>\n<meta property=\"og:site_name\" content=\"Hyla Jams Verkkokauppa\" \/>\n<meta property=\"article:modified_time\" content=\"2026-02-27T18:29:40+00:00\" \/>\n<meta property=\"og:image\" content=\"https:\/\/hylajams.fi\/wp-content\/uploads\/2021\/08\/46032-EST-Antistaattinen-suulake.jpg\" \/>\n\t<meta property=\"og:image:width\" content=\"960\" \/>\n\t<meta property=\"og:image:height\" content=\"540\" \/>\n\t<meta property=\"og:image:type\" content=\"image\/jpeg\" \/>\n<meta name=\"twitter:card\" content=\"summary_large_image\" \/>\n<meta name=\"twitter:label1\" content=\"Arvioitu lukuaika\" \/>\n\t<meta name=\"twitter:data1\" content=\"2 minuuttia\" \/>\n<script type=\"application\/ld+json\" class=\"yoast-schema-graph\">{\"@context\":\"https:\\\/\\\/schema.org\",\"@graph\":[{\"@type\":\"WebPage\",\"@id\":\"https:\\\/\\\/hylajams.fi\\\/?product=hyla-antistaattinen-kaantyva-harja\",\"url\":\"https:\\\/\\\/hylajams.fi\\\/?product=hyla-antistaattinen-kaantyva-harja\",\"name\":\"Hyla antistaattinen k\u00e4\u00e4ntyv\u00e4 harja - herkille pinnoille\",\"isPartOf\":{\"@id\":\"https:\\\/\\\/hylajams.fi\\\/#website\"},\"primaryImageOfPage\":{\"@id\":\"https:\\\/\\\/hylajams.fi\\\/?product=hyla-antistaattinen-kaantyva-harja#primaryimage\"},\"image\":{\"@id\":\"https:\\\/\\\/hylajams.fi\\\/?product=hyla-antistaattinen-kaantyva-harja#primaryimage\"},\"thumbnailUrl\":\"https:\\\/\\\/hylajams.fi\\\/wp-content\\\/uploads\\\/2021\\\/08\\\/46032-EST-Antistaattinen-suulake.jpg\",\"datePublished\":\"2021-08-03T19:45:24+00:00\",\"dateModified\":\"2026-02-27T18:29:40+00:00\",\"description\":\"Hyla antistaattinen k\u00e4\u00e4ntyv\u00e4 harja poistaa p\u00f6lyn hell\u00e4varaisesti herkilt\u00e4 pinnoilta. Sopii kaikkiin Hyla-malleihin ja est\u00e4\u00e4 staattisen s\u00e4hk\u00f6n syntymist\u00e4.\",\"breadcrumb\":{\"@id\":\"https:\\\/\\\/hylajams.fi\\\/?product=hyla-antistaattinen-kaantyva-harja#breadcrumb\"},\"inLanguage\":\"fi\",\"potentialAction\":[{\"@type\":\"ReadAction\",\"target\":[\"https:\\\/\\\/hylajams.fi\\\/?product=hyla-antistaattinen-kaantyva-harja\"]}]},{\"@type\":\"ImageObject\",\"inLanguage\":\"fi\",\"@id\":\"https:\\\/\\\/hylajams.fi\\\/?product=hyla-antistaattinen-kaantyva-harja#primaryimage\",\"url\":\"https:\\\/\\\/hylajams.fi\\\/wp-content\\\/uploads\\\/2021\\\/08\\\/46032-EST-Antistaattinen-suulake.jpg\",\"contentUrl\":\"https:\\\/\\\/hylajams.fi\\\/wp-content\\\/uploads\\\/2021\\\/08\\\/46032-EST-Antistaattinen-suulake.jpg\",\"width\":960,\"height\":540,\"caption\":\"Hyla antistaattinen k\u00e4\u00e4ntyv\u00e4 harja herkille pinnoille\"},{\"@type\":\"BreadcrumbList\",\"@id\":\"https:\\\/\\\/hylajams.fi\\\/?product=hyla-antistaattinen-kaantyva-harja#breadcrumb\",\"itemListElement\":[{\"@type\":\"ListItem\",\"position\":1,\"name\":\"Etusivu\",\"item\":\"https:\\\/\\\/hylajams.fi\\\/\"},{\"@type\":\"ListItem\",\"position\":2,\"name\":\"VERKKOKAUPPA\",\"item\":\"https:\\\/\\\/hylajams.fi\\\/?page_id=9\"},{\"@type\":\"ListItem\",\"position\":3,\"name\":\"46032 Hyla antistaattinen k\u00e4\u00e4ntyv\u00e4 harja\"}]},{\"@type\":\"WebSite\",\"@id\":\"https:\\\/\\\/hylajams.fi\\\/#website\",\"url\":\"https:\\\/\\\/hylajams.fi\\\/\",\"name\":\"Hyla Jams Verkkokauppa\",\"description\":\"Hyla ilman- ja huoneen puhdistusj\u00e4rjestelm\u00e4 Suomessa\",\"publisher\":{\"@id\":\"https:\\\/\\\/hylajams.fi\\\/#organization\"},\"potentialAction\":[{\"@type\":\"SearchAction\",\"target\":{\"@type\":\"EntryPoint\",\"urlTemplate\":\"https:\\\/\\\/hylajams.fi\\\/?s={search_term_string}\"},\"query-input\":{\"@type\":\"PropertyValueSpecification\",\"valueRequired\":true,\"valueName\":\"search_term_string\"}}],\"inLanguage\":\"fi\"},{\"@type\":\"Organization\",\"@id\":\"https:\\\/\\\/hylajams.fi\\\/#organization\",\"name\":\"Hyla Jams Verkkokauppa\",\"url\":\"https:\\\/\\\/hylajams.fi\\\/\",\"logo\":{\"@type\":\"ImageObject\",\"inLanguage\":\"fi\",\"@id\":\"https:\\\/\\\/hylajams.fi\\\/#\\\/schema\\\/logo\\\/image\\\/\",\"url\":\"https:\\\/\\\/hylajams.fi\\\/wp-content\\\/uploads\\\/2025\\\/02\\\/Logo-1-2.jpg\",\"contentUrl\":\"https:\\\/\\\/hylajams.fi\\\/wp-content\\\/uploads\\\/2025\\\/02\\\/Logo-1-2.jpg\",\"width\":500,\"height\":500,\"caption\":\"Hyla Jams Verkkokauppa\"},\"image\":{\"@id\":\"https:\\\/\\\/hylajams.fi\\\/#\\\/schema\\\/logo\\\/image\\\/\"},\"sameAs\":[\"https:\\\/\\\/www.instagram.com\\\/hylasiivous\\\/\"]}]}<\/script>\n<!-- \/ Yoast SEO plugin. -->","yoast_head_json":{"title":"Hyla antistaattinen k\u00e4\u00e4ntyv\u00e4 harja - herkille pinnoille","description":"Hyla antistaattinen k\u00e4\u00e4ntyv\u00e4 harja poistaa p\u00f6lyn hell\u00e4varaisesti herkilt\u00e4 pinnoilta. Sopii kaikkiin Hyla-malleihin ja est\u00e4\u00e4 staattisen s\u00e4hk\u00f6n syntymist\u00e4.","robots":{"index":"index","follow":"follow","max-snippet":"max-snippet:-1","max-image-preview":"max-image-preview:large","max-video-preview":"max-video-preview:-1"},"canonical":"https:\/\/hylajams.fi\/?product=hyla-antistaattinen-kaantyva-harja","og_locale":"fi_FI","og_type":"article","og_title":"Hyla antistaattinen k\u00e4\u00e4ntyv\u00e4 harja - herkille pinnoille","og_description":"Hyla antistaattinen k\u00e4\u00e4ntyv\u00e4 harja poistaa p\u00f6lyn hell\u00e4varaisesti herkilt\u00e4 pinnoilta. Sopii kaikkiin Hyla-malleihin ja est\u00e4\u00e4 staattisen s\u00e4hk\u00f6n syntymist\u00e4.","og_url":"https:\/\/hylajams.fi\/?product=hyla-antistaattinen-kaantyva-harja","og_site_name":"Hyla Jams Verkkokauppa","article_modified_time":"2026-02-27T18:29:40+00:00","og_image":[{"width":960,"height":540,"url":"https:\/\/hylajams.fi\/wp-content\/uploads\/2021\/08\/46032-EST-Antistaattinen-suulake.jpg","type":"image\/jpeg"}],"twitter_card":"summary_large_image","twitter_misc":{"Arvioitu lukuaika":"2 minuuttia"},"schema":{"@context":"https:\/\/schema.org","@graph":[{"@type":"WebPage","@id":"https:\/\/hylajams.fi\/?product=hyla-antistaattinen-kaantyva-harja","url":"https:\/\/hylajams.fi\/?product=hyla-antistaattinen-kaantyva-harja","name":"Hyla antistaattinen k\u00e4\u00e4ntyv\u00e4 harja - herkille pinnoille","isPartOf":{"@id":"https:\/\/hylajams.fi\/#website"},"primaryImageOfPage":{"@id":"https:\/\/hylajams.fi\/?product=hyla-antistaattinen-kaantyva-harja#primaryimage"},"image":{"@id":"https:\/\/hylajams.fi\/?product=hyla-antistaattinen-kaantyva-harja#primaryimage"},"thumbnailUrl":"https:\/\/hylajams.fi\/wp-content\/uploads\/2021\/08\/46032-EST-Antistaattinen-suulake.jpg","datePublished":"2021-08-03T19:45:24+00:00","dateModified":"2026-02-27T18:29:40+00:00","description":"Hyla antistaattinen k\u00e4\u00e4ntyv\u00e4 harja poistaa p\u00f6lyn hell\u00e4varaisesti herkilt\u00e4 pinnoilta. Sopii kaikkiin Hyla-malleihin ja est\u00e4\u00e4 staattisen s\u00e4hk\u00f6n syntymist\u00e4.","breadcrumb":{"@id":"https:\/\/hylajams.fi\/?product=hyla-antistaattinen-kaantyva-harja#breadcrumb"},"inLanguage":"fi","potentialAction":[{"@type":"ReadAction","target":["https:\/\/hylajams.fi\/?product=hyla-antistaattinen-kaantyva-harja"]}]},{"@type":"ImageObject","inLanguage":"fi","@id":"https:\/\/hylajams.fi\/?product=hyla-antistaattinen-kaantyva-harja#primaryimage","url":"https:\/\/hylajams.fi\/wp-content\/uploads\/2021\/08\/46032-EST-Antistaattinen-suulake.jpg","contentUrl":"https:\/\/hylajams.fi\/wp-content\/uploads\/2021\/08\/46032-EST-Antistaattinen-suulake.jpg","width":960,"height":540,"caption":"Hyla antistaattinen k\u00e4\u00e4ntyv\u00e4 harja herkille pinnoille"},{"@type":"BreadcrumbList","@id":"https:\/\/hylajams.fi\/?product=hyla-antistaattinen-kaantyva-harja#breadcrumb","itemListElement":[{"@type":"ListItem","position":1,"name":"Etusivu","item":"https:\/\/hylajams.fi\/"},{"@type":"ListItem","position":2,"name":"VERKKOKAUPPA","item":"https:\/\/hylajams.fi\/?page_id=9"},{"@type":"ListItem","position":3,"name":"46032 Hyla antistaattinen k\u00e4\u00e4ntyv\u00e4 harja"}]},{"@type":"WebSite","@id":"https:\/\/hylajams.fi\/#website","url":"https:\/\/hylajams.fi\/","name":"Hyla Jams Verkkokauppa","description":"Hyla ilman- ja huoneen puhdistusj\u00e4rjestelm\u00e4 Suomessa","publisher":{"@id":"https:\/\/hylajams.fi\/#organization"},"potentialAction":[{"@type":"SearchAction","target":{"@type":"EntryPoint","urlTemplate":"https:\/\/hylajams.fi\/?s={search_term_string}"},"query-input":{"@type":"PropertyValueSpecification","valueRequired":true,"valueName":"search_term_string"}}],"inLanguage":"fi"},{"@type":"Organization","@id":"https:\/\/hylajams.fi\/#organization","name":"Hyla Jams Verkkokauppa","url":"https:\/\/hylajams.fi\/","logo":{"@type":"ImageObject","inLanguage":"fi","@id":"https:\/\/hylajams.fi\/#\/schema\/logo\/image\/","url":"https:\/\/hylajams.fi\/wp-content\/uploads\/2025\/02\/Logo-1-2.jpg","contentUrl":"https:\/\/hylajams.fi\/wp-content\/uploads\/2025\/02\/Logo-1-2.jpg","width":500,"height":500,"caption":"Hyla Jams Verkkokauppa"},"image":{"@id":"https:\/\/hylajams.fi\/#\/schema\/logo\/image\/"},"sameAs":["https:\/\/www.instagram.com\/hylasiivous\/"]}]}},"_links":{"self":[{"href":"https:\/\/hylajams.fi\/index.php?rest_route=\/wp\/v2\/product\/1440","targetHints":{"allow":["GET"]}}],"collection":[{"href":"https:\/\/hylajams.fi\/index.php?rest_route=\/wp\/v2\/product"}],"about":[{"href":"https:\/\/hylajams.fi\/index.php?rest_route=\/wp\/v2\/types\/product"}],"version-history":[{"count":7,"href":"https:\/\/hylajams.fi\/index.php?rest_route=\/wp\/v2\/product\/1440\/revisions"}],"predecessor-version":[{"id":13159,"href":"https:\/\/hylajams.fi\/index.php?rest_route=\/wp\/v2\/product\/1440\/revisions\/13159"}],"wp:featuredmedia":[{"embeddable":true,"href":"https:\/\/hylajams.fi\/index.php?rest_route=\/wp\/v2\/media\/11615"}],"wp:attachment":[{"href":"https:\/\/hylajams.fi\/index.php?rest_route=%2Fwp%2Fv2%2Fmedia&parent=1440"}],"wp:term":[{"taxonomy":"product_brand","embeddable":true,"href":"https:\/\/hylajams.fi\/index.php?rest_route=%2Fwp%2Fv2%2Fproduct_brand&post=1440"},{"taxonomy":"product_cat","embeddable":true,"href":"https:\/\/hylajams.fi\/index.php?rest_route=%2Fwp%2Fv2%2Fproduct_cat&post=1440"},{"taxonomy":"product_tag","embeddable":true,"href":"https:\/\/hylajams.fi\/index.php?rest_route=%2Fwp%2Fv2%2Fproduct_tag&post=1440"}],"curies":[{"name":"wp","href":"https:\/\/api.w.org\/{rel}","templated":true}]}}