{"id":1438,"date":"2021-08-03T20:22:32","date_gmt":"2021-08-03T17:22:32","guid":{"rendered":"https:\/\/hylajams.fi\/?post_type=product&#038;p=1438"},"modified":"2026-02-28T02:16:10","modified_gmt":"2026-02-28T00:16:10","slug":"hyla-tuoksusetti-kesa","status":"publish","type":"product","link":"https:\/\/hylajams.fi\/?product=hyla-tuoksusetti-kesa","title":{"rendered":"17257 Hyla tuoksusetti Kes\u00e4, 4 \u00d7 90 ml"},"content":{"rendered":"<p><strong>HYLA tuoksusetti kes\u00e4, 4 \u00d7 90 ml<\/strong><\/p>\n<p>HYLA kes\u00e4 tuoksusetti tuo kotiisi raikkautta ja miellytt\u00e4v\u00e4\u00e4 tunnelmaa luonnollisilla aromeilla. Setti sis\u00e4lt\u00e4\u00e4 nelj\u00e4 huolella valittua tuoksua: Vanilja-mansikka, Eksoottinen, Minttu ja Everest, jotka tarjoavat monipuolisia vaihtoehtoja tunnelman luomiseen ja hemmotteluun. Jokainen pullo sis\u00e4lt\u00e4\u00e4 90 ml tuoksuainetta, tarjoten pitk\u00e4kestoista nautintoa kodin eri tiloihin.<\/p>\n<h5 class=\"entry-title\"><a href=\"https:\/\/hylajams.fi\/?p=5064\">Lue lis\u00e4\u00e4 Hyla tuoksuista<\/a><\/h5>\n<p><strong>Tuoksut ja vaikutukset:<\/strong><\/p>\n<ul>\n<li><strong>Vanilja-mansikka:<\/strong> Herkullinen yhdistelm\u00e4 makeaa vaniljaa ja raikasta mansikkaa<\/li>\n<li><strong>Eksoottinen:<\/strong> Eksoottinen tuoksu, joka kuljettaa sinut trooppisiin maisemiin.<\/li>\n<li><strong>Minttu:<\/strong> Raikas mintun tuoksu, joka virkist\u00e4\u00e4 ja kohottaa mielialaa.<\/li>\n<li><strong>Everest:<\/strong> Vuoristoa inspiroiva raikas tuulahdus, joka tuo luonnon l\u00e4hemm\u00e4ksi.<\/li>\n<\/ul>\n<p><strong>K\u00e4ytt\u00f6ohjeet:<\/strong><br \/>\nLis\u00e4\u00e4 3\u20136 tippaa HYLA-laitteen vesis\u00e4ili\u00f6n kylm\u00e4\u00e4n veteen tai 2\u20134 tippaa HYLA AERA ilmanraikastimen veteen. Sopii my\u00f6s l\u00f6ylyveteen, kylpyveteen ja aromaterapialaitteisiin.<\/p>\n<p>Kaikki Hyla-tuoksut valmistetaan luonnollisista materiaaleista, ja pullot on varustettu turvakorkilla.<\/p>\n<p><strong>Varoitukset:<\/strong><\/p>\n<ul>\n<li>V\u00e4lt\u00e4 aineen joutumista silmiin.<\/li>\n<li>Ei suositella k\u00e4ytett\u00e4v\u00e4ksi raskauden aikana ilman asiantuntijan ohjausta.<\/li>\n<li>K\u00e4yt\u00e4 varoen vauvoille, lapsille, i\u00e4kk\u00e4ille ja sairaille.<\/li>\n<li>Ei sis\u00e4iseen k\u00e4ytt\u00f6\u00f6n.<\/li>\n<\/ul>\n<p><strong>S\u00e4ilytys:<\/strong><br \/>\nPid\u00e4 korkki tiiviisti suljettuna. S\u00e4ilyt\u00e4 viile\u00e4ss\u00e4 ja valolta suojattuna.<\/p>\n<p><strong>Pakkauskoko:<\/strong> 4 \u00d7 90 ml<\/p>\n<p><strong>Luonnolliset vaihtoehdot:<\/strong> Hyla tuoksusarjassa on yhteens\u00e4 kahdeksan erilaista luonnollista tuoksua, joista voit valita oman suosikkisi ja vaihdella tunnelmaa tarpeesi mukaan.<\/p>\n<p><a href=\"https:\/\/hylajams.fi\/?product_cat=natural-care-tuoksut\"><strong>Natural Care tuotteet verkkokaupassa<\/strong><\/a><\/p>\n<p><a href=\"https:\/\/www.hyla-naturalcare.com\/en\/\"><strong><span dir=\"auto\">Hyla Natural Care<\/span><\/strong><\/a><\/p>\n","protected":false},"excerpt":{"rendered":"<div class=\"grid-block shrink layout4-content\"><strong>HYLA tuoksusetti kes\u00e4<\/strong><\/div>\n<div><\/div>\n<div>HYLA Kes\u00e4 -tuoksusetti sis\u00e4lt\u00e4\u00e4 nelj\u00e4 luonnollista tuoksua: Vanilja-mansikka, Eksoottinen, Minttu ja Everest. Luo kotiin raikas ja miellytt\u00e4v\u00e4 tunnelma.<\/div>\n","protected":false},"featured_media":7073,"template":"","meta":[],"product_brand":[],"product_cat":[54,50,1089],"product_tag":[1950,1931,1932,1131,1933,1948,1947,78,1949],"class_list":{"0":"post-1438","1":"product","2":"type-product","3":"status-publish","4":"has-post-thumbnail","6":"product_cat-hyla-tuoksusetti-kesa-90-ml","7":"product_cat-hyla-tuoksut","8":"product_cat-hyla-tuoksut-90-ml","9":"product_tag-huonetuoksut","10":"product_tag-hyla-est-tuoksu","11":"product_tag-hyla-gst-tuoksu","12":"product_tag-hyla-lisavaruste","13":"product_tag-hyla-nst-tuoksu","14":"product_tag-hyla-tuoksusetti","15":"product_tag-hyla-tuoksusetti-kesa-4x90-ml","16":"product_tag-ilmanraikastin","17":"product_tag-kesatuoksut","18":"product_shipping_class-posti-s-paketti-11x32x3-cm-35-kg","19":"_wholesalex wsx-wholesalex-product","21":"first","22":"instock","23":"featured","24":"shipping-taxable","25":"purchasable","26":"product-type-simple"},"yoast_head":"<!-- This site is optimized with the Yoast SEO plugin v27.3 - https:\/\/yoast.com\/product\/yoast-seo-wordpress\/ -->\n<title>HYLA tuoksusetti kes\u00e4 - kes\u00e4inen tuoksusetti.<\/title>\n<meta name=\"description\" content=\"HYLA tuoksusetti kes\u00e4 sis\u00e4lt\u00e4\u00e4 vanilja-mansikan, eksoottisen, mintun ja Everestin tuoksut. Luo kotiin raikas ja miellytt\u00e4v\u00e4 tunnelma\" \/>\n<meta name=\"robots\" content=\"index, follow, max-snippet:-1, max-image-preview:large, max-video-preview:-1\" \/>\n<link rel=\"canonical\" href=\"https:\/\/hylajams.fi\/?product=hyla-tuoksusetti-kesa\" \/>\n<meta property=\"og:locale\" content=\"fi_FI\" \/>\n<meta property=\"og:type\" content=\"article\" \/>\n<meta property=\"og:title\" content=\"HYLA tuoksusetti kes\u00e4 - kes\u00e4inen tuoksusetti.\" \/>\n<meta property=\"og:description\" content=\"HYLA tuoksusetti kes\u00e4 sis\u00e4lt\u00e4\u00e4 vanilja-mansikan, eksoottisen, mintun ja Everestin tuoksut. Luo kotiin raikas ja miellytt\u00e4v\u00e4 tunnelma\" \/>\n<meta property=\"og:url\" content=\"https:\/\/hylajams.fi\/?product=hyla-tuoksusetti-kesa\" \/>\n<meta property=\"og:site_name\" content=\"Hyla Jams Verkkokauppa\" \/>\n<meta property=\"article:modified_time\" content=\"2026-02-28T00:16:10+00:00\" \/>\n<meta property=\"og:image\" content=\"https:\/\/hylajams.fi\/wp-content\/uploads\/2021\/08\/17257-Tuoksusetti-90-ml-4-kpl-KESA1.png\" \/>\n\t<meta property=\"og:image:width\" content=\"591\" \/>\n\t<meta property=\"og:image:height\" content=\"588\" \/>\n\t<meta property=\"og:image:type\" content=\"image\/png\" \/>\n<meta name=\"twitter:card\" content=\"summary_large_image\" \/>\n<meta name=\"twitter:label1\" content=\"Arvioitu lukuaika\" \/>\n\t<meta name=\"twitter:data1\" content=\"2 minuuttia\" \/>\n<script type=\"application\/ld+json\" class=\"yoast-schema-graph\">{\"@context\":\"https:\\\/\\\/schema.org\",\"@graph\":[{\"@type\":\"WebPage\",\"@id\":\"https:\\\/\\\/hylajams.fi\\\/?product=hyla-tuoksusetti-kesa\",\"url\":\"https:\\\/\\\/hylajams.fi\\\/?product=hyla-tuoksusetti-kesa\",\"name\":\"HYLA tuoksusetti kes\u00e4 - kes\u00e4inen tuoksusetti.\",\"isPartOf\":{\"@id\":\"https:\\\/\\\/hylajams.fi\\\/#website\"},\"primaryImageOfPage\":{\"@id\":\"https:\\\/\\\/hylajams.fi\\\/?product=hyla-tuoksusetti-kesa#primaryimage\"},\"image\":{\"@id\":\"https:\\\/\\\/hylajams.fi\\\/?product=hyla-tuoksusetti-kesa#primaryimage\"},\"thumbnailUrl\":\"https:\\\/\\\/hylajams.fi\\\/wp-content\\\/uploads\\\/2021\\\/08\\\/17257-Tuoksusetti-90-ml-4-kpl-KESA1.png\",\"datePublished\":\"2021-08-03T17:22:32+00:00\",\"dateModified\":\"2026-02-28T00:16:10+00:00\",\"description\":\"HYLA tuoksusetti kes\u00e4 sis\u00e4lt\u00e4\u00e4 vanilja-mansikan, eksoottisen, mintun ja Everestin tuoksut. Luo kotiin raikas ja miellytt\u00e4v\u00e4 tunnelma\",\"breadcrumb\":{\"@id\":\"https:\\\/\\\/hylajams.fi\\\/?product=hyla-tuoksusetti-kesa#breadcrumb\"},\"inLanguage\":\"fi\",\"potentialAction\":[{\"@type\":\"ReadAction\",\"target\":[\"https:\\\/\\\/hylajams.fi\\\/?product=hyla-tuoksusetti-kesa\"]}]},{\"@type\":\"ImageObject\",\"inLanguage\":\"fi\",\"@id\":\"https:\\\/\\\/hylajams.fi\\\/?product=hyla-tuoksusetti-kesa#primaryimage\",\"url\":\"https:\\\/\\\/hylajams.fi\\\/wp-content\\\/uploads\\\/2021\\\/08\\\/17257-Tuoksusetti-90-ml-4-kpl-KESA1.png\",\"contentUrl\":\"https:\\\/\\\/hylajams.fi\\\/wp-content\\\/uploads\\\/2021\\\/08\\\/17257-Tuoksusetti-90-ml-4-kpl-KESA1.png\",\"width\":591,\"height\":588,\"caption\":\"Kes\u00e4\"},{\"@type\":\"BreadcrumbList\",\"@id\":\"https:\\\/\\\/hylajams.fi\\\/?product=hyla-tuoksusetti-kesa#breadcrumb\",\"itemListElement\":[{\"@type\":\"ListItem\",\"position\":1,\"name\":\"Etusivu\",\"item\":\"https:\\\/\\\/hylajams.fi\\\/\"},{\"@type\":\"ListItem\",\"position\":2,\"name\":\"VERKKOKAUPPA\",\"item\":\"https:\\\/\\\/hylajams.fi\\\/?page_id=9\"},{\"@type\":\"ListItem\",\"position\":3,\"name\":\"17257 Hyla tuoksusetti Kes\u00e4, 4 \u00d7 90 ml\"}]},{\"@type\":\"WebSite\",\"@id\":\"https:\\\/\\\/hylajams.fi\\\/#website\",\"url\":\"https:\\\/\\\/hylajams.fi\\\/\",\"name\":\"Hyla Jams Verkkokauppa\",\"description\":\"Hyla ilman- ja huoneen puhdistusj\u00e4rjestelm\u00e4 Suomessa\",\"publisher\":{\"@id\":\"https:\\\/\\\/hylajams.fi\\\/#organization\"},\"potentialAction\":[{\"@type\":\"SearchAction\",\"target\":{\"@type\":\"EntryPoint\",\"urlTemplate\":\"https:\\\/\\\/hylajams.fi\\\/?s={search_term_string}\"},\"query-input\":{\"@type\":\"PropertyValueSpecification\",\"valueRequired\":true,\"valueName\":\"search_term_string\"}}],\"inLanguage\":\"fi\"},{\"@type\":\"Organization\",\"@id\":\"https:\\\/\\\/hylajams.fi\\\/#organization\",\"name\":\"Hyla Jams Verkkokauppa\",\"url\":\"https:\\\/\\\/hylajams.fi\\\/\",\"logo\":{\"@type\":\"ImageObject\",\"inLanguage\":\"fi\",\"@id\":\"https:\\\/\\\/hylajams.fi\\\/#\\\/schema\\\/logo\\\/image\\\/\",\"url\":\"https:\\\/\\\/hylajams.fi\\\/wp-content\\\/uploads\\\/2025\\\/02\\\/Logo-1-2.jpg\",\"contentUrl\":\"https:\\\/\\\/hylajams.fi\\\/wp-content\\\/uploads\\\/2025\\\/02\\\/Logo-1-2.jpg\",\"width\":500,\"height\":500,\"caption\":\"Hyla Jams Verkkokauppa\"},\"image\":{\"@id\":\"https:\\\/\\\/hylajams.fi\\\/#\\\/schema\\\/logo\\\/image\\\/\"},\"sameAs\":[\"https:\\\/\\\/www.instagram.com\\\/hylasiivous\\\/\"]}]}<\/script>\n<!-- \/ Yoast SEO plugin. -->","yoast_head_json":{"title":"HYLA tuoksusetti kes\u00e4 - kes\u00e4inen tuoksusetti.","description":"HYLA tuoksusetti kes\u00e4 sis\u00e4lt\u00e4\u00e4 vanilja-mansikan, eksoottisen, mintun ja Everestin tuoksut. Luo kotiin raikas ja miellytt\u00e4v\u00e4 tunnelma","robots":{"index":"index","follow":"follow","max-snippet":"max-snippet:-1","max-image-preview":"max-image-preview:large","max-video-preview":"max-video-preview:-1"},"canonical":"https:\/\/hylajams.fi\/?product=hyla-tuoksusetti-kesa","og_locale":"fi_FI","og_type":"article","og_title":"HYLA tuoksusetti kes\u00e4 - kes\u00e4inen tuoksusetti.","og_description":"HYLA tuoksusetti kes\u00e4 sis\u00e4lt\u00e4\u00e4 vanilja-mansikan, eksoottisen, mintun ja Everestin tuoksut. Luo kotiin raikas ja miellytt\u00e4v\u00e4 tunnelma","og_url":"https:\/\/hylajams.fi\/?product=hyla-tuoksusetti-kesa","og_site_name":"Hyla Jams Verkkokauppa","article_modified_time":"2026-02-28T00:16:10+00:00","og_image":[{"width":591,"height":588,"url":"https:\/\/hylajams.fi\/wp-content\/uploads\/2021\/08\/17257-Tuoksusetti-90-ml-4-kpl-KESA1.png","type":"image\/png"}],"twitter_card":"summary_large_image","twitter_misc":{"Arvioitu lukuaika":"2 minuuttia"},"schema":{"@context":"https:\/\/schema.org","@graph":[{"@type":"WebPage","@id":"https:\/\/hylajams.fi\/?product=hyla-tuoksusetti-kesa","url":"https:\/\/hylajams.fi\/?product=hyla-tuoksusetti-kesa","name":"HYLA tuoksusetti kes\u00e4 - kes\u00e4inen tuoksusetti.","isPartOf":{"@id":"https:\/\/hylajams.fi\/#website"},"primaryImageOfPage":{"@id":"https:\/\/hylajams.fi\/?product=hyla-tuoksusetti-kesa#primaryimage"},"image":{"@id":"https:\/\/hylajams.fi\/?product=hyla-tuoksusetti-kesa#primaryimage"},"thumbnailUrl":"https:\/\/hylajams.fi\/wp-content\/uploads\/2021\/08\/17257-Tuoksusetti-90-ml-4-kpl-KESA1.png","datePublished":"2021-08-03T17:22:32+00:00","dateModified":"2026-02-28T00:16:10+00:00","description":"HYLA tuoksusetti kes\u00e4 sis\u00e4lt\u00e4\u00e4 vanilja-mansikan, eksoottisen, mintun ja Everestin tuoksut. Luo kotiin raikas ja miellytt\u00e4v\u00e4 tunnelma","breadcrumb":{"@id":"https:\/\/hylajams.fi\/?product=hyla-tuoksusetti-kesa#breadcrumb"},"inLanguage":"fi","potentialAction":[{"@type":"ReadAction","target":["https:\/\/hylajams.fi\/?product=hyla-tuoksusetti-kesa"]}]},{"@type":"ImageObject","inLanguage":"fi","@id":"https:\/\/hylajams.fi\/?product=hyla-tuoksusetti-kesa#primaryimage","url":"https:\/\/hylajams.fi\/wp-content\/uploads\/2021\/08\/17257-Tuoksusetti-90-ml-4-kpl-KESA1.png","contentUrl":"https:\/\/hylajams.fi\/wp-content\/uploads\/2021\/08\/17257-Tuoksusetti-90-ml-4-kpl-KESA1.png","width":591,"height":588,"caption":"Kes\u00e4"},{"@type":"BreadcrumbList","@id":"https:\/\/hylajams.fi\/?product=hyla-tuoksusetti-kesa#breadcrumb","itemListElement":[{"@type":"ListItem","position":1,"name":"Etusivu","item":"https:\/\/hylajams.fi\/"},{"@type":"ListItem","position":2,"name":"VERKKOKAUPPA","item":"https:\/\/hylajams.fi\/?page_id=9"},{"@type":"ListItem","position":3,"name":"17257 Hyla tuoksusetti Kes\u00e4, 4 \u00d7 90 ml"}]},{"@type":"WebSite","@id":"https:\/\/hylajams.fi\/#website","url":"https:\/\/hylajams.fi\/","name":"Hyla Jams Verkkokauppa","description":"Hyla ilman- ja huoneen puhdistusj\u00e4rjestelm\u00e4 Suomessa","publisher":{"@id":"https:\/\/hylajams.fi\/#organization"},"potentialAction":[{"@type":"SearchAction","target":{"@type":"EntryPoint","urlTemplate":"https:\/\/hylajams.fi\/?s={search_term_string}"},"query-input":{"@type":"PropertyValueSpecification","valueRequired":true,"valueName":"search_term_string"}}],"inLanguage":"fi"},{"@type":"Organization","@id":"https:\/\/hylajams.fi\/#organization","name":"Hyla Jams Verkkokauppa","url":"https:\/\/hylajams.fi\/","logo":{"@type":"ImageObject","inLanguage":"fi","@id":"https:\/\/hylajams.fi\/#\/schema\/logo\/image\/","url":"https:\/\/hylajams.fi\/wp-content\/uploads\/2025\/02\/Logo-1-2.jpg","contentUrl":"https:\/\/hylajams.fi\/wp-content\/uploads\/2025\/02\/Logo-1-2.jpg","width":500,"height":500,"caption":"Hyla Jams Verkkokauppa"},"image":{"@id":"https:\/\/hylajams.fi\/#\/schema\/logo\/image\/"},"sameAs":["https:\/\/www.instagram.com\/hylasiivous\/"]}]}},"_links":{"self":[{"href":"https:\/\/hylajams.fi\/index.php?rest_route=\/wp\/v2\/product\/1438","targetHints":{"allow":["GET"]}}],"collection":[{"href":"https:\/\/hylajams.fi\/index.php?rest_route=\/wp\/v2\/product"}],"about":[{"href":"https:\/\/hylajams.fi\/index.php?rest_route=\/wp\/v2\/types\/product"}],"version-history":[{"count":12,"href":"https:\/\/hylajams.fi\/index.php?rest_route=\/wp\/v2\/product\/1438\/revisions"}],"predecessor-version":[{"id":13218,"href":"https:\/\/hylajams.fi\/index.php?rest_route=\/wp\/v2\/product\/1438\/revisions\/13218"}],"wp:featuredmedia":[{"embeddable":true,"href":"https:\/\/hylajams.fi\/index.php?rest_route=\/wp\/v2\/media\/7073"}],"wp:attachment":[{"href":"https:\/\/hylajams.fi\/index.php?rest_route=%2Fwp%2Fv2%2Fmedia&parent=1438"}],"wp:term":[{"taxonomy":"product_brand","embeddable":true,"href":"https:\/\/hylajams.fi\/index.php?rest_route=%2Fwp%2Fv2%2Fproduct_brand&post=1438"},{"taxonomy":"product_cat","embeddable":true,"href":"https:\/\/hylajams.fi\/index.php?rest_route=%2Fwp%2Fv2%2Fproduct_cat&post=1438"},{"taxonomy":"product_tag","embeddable":true,"href":"https:\/\/hylajams.fi\/index.php?rest_route=%2Fwp%2Fv2%2Fproduct_tag&post=1438"}],"curies":[{"name":"wp","href":"https:\/\/api.w.org\/{rel}","templated":true}]}}