{"id":1428,"date":"2021-08-03T19:56:34","date_gmt":"2021-08-03T16:56:34","guid":{"rendered":"https:\/\/hylajams.fi\/?post_type=product&#038;p=1428"},"modified":"2026-02-28T02:22:00","modified_gmt":"2026-02-28T00:22:00","slug":"hyla-tuoksu-sitruuna","status":"publish","type":"product","link":"https:\/\/hylajams.fi\/?product=hyla-tuoksu-sitruuna","title":{"rendered":"17261 Sitruuna Hyla -tuoksu 90 ml"},"content":{"rendered":"<p><strong><span dir=\"auto\" style=\"vertical-align: inherit;\"><span dir=\"auto\" style=\"vertical-align: inherit;\">Hyla tuoksu sitruuna<\/span><\/span><\/strong><\/p>\n<div class=\"flex-shrink-0 flex flex-col relative items-end\">\n<div class=\"pt-0\">\n<div class=\"gizmo-bot-avatar flex h-8 w-8 items-center justify-center overflow-hidden rounded-full\">\n<div class=\"relative p-1 rounded-sm flex items-center justify-center bg-token-main-surface-primary text-token-text-primary h-8 w-8\">Tehokas hajunpoistaja, joka tuo kotiisi aidon, luonnollisen sitruunan raikkauden. T\u00e4m\u00e4 tuoksu ei pelk\u00e4st\u00e4\u00e4n raikasta ilmaa, vaan my\u00f6s auttaa luomaan puhtaan ja pirte\u00e4n ilmapiirin jokap\u00e4iv\u00e4isiin hetkiin. Sen miellytt\u00e4v\u00e4 ja virkist\u00e4v\u00e4 aromi sopii erinomaisesti tiloihin, joissa kaivataan energisoivaa vaikutusta.<\/div>\n<\/div>\n<\/div>\n<\/div>\n<div class=\"group\/conversation-turn relative flex w-full min-w-0 flex-col agent-turn\">\n<div class=\"flex-col gap-1 md:gap-3\">\n<div class=\"flex max-w-full flex-col flex-grow\">\n<div class=\"min-h-8 text-message flex w-full flex-col items-end gap-2 whitespace-normal break-words text-start [.text-message+&amp;]:mt-5\" dir=\"auto\" data-message-author-role=\"assistant\" data-message-id=\"f0296f3f-652b-48c5-810e-1c0a8366b91a\" data-message-model-slug=\"gpt-4o\">\n<div class=\"flex w-full flex-col gap-1 empty:hidden first:pt-[3px]\">\n<div class=\"markdown prose w-full break-words dark:prose-invert light\">\n<p data-start=\"723\" data-end=\"746\"><strong data-start=\"723\" data-end=\"744\">Sitruunan hy\u00f6dyt:<\/strong><\/p>\n<ul>\n<li data-start=\"749\" data-end=\"870\"><strong data-start=\"749\" data-end=\"773\">Raikkaus ja puhtaus:<\/strong> Luonnollinen Hyla tuoksu sitruuna poistaa tehokkaasti tunkkaisuutta ja ep\u00e4miellytt\u00e4vi\u00e4 hajuja.<\/li>\n<li data-start=\"873\" data-end=\"954\"><strong data-start=\"873\" data-end=\"898\">Energisoiva vaikutus:<\/strong> Pirist\u00e4v\u00e4 aromi tuo elinvoimaa ja parantaa mielialaa.<\/li>\n<li data-start=\"957\" data-end=\"1094\"><strong data-start=\"957\" data-end=\"983\">Tehokas hajunpoistaja:<\/strong> Erityisen hy\u00f6dyllinen keitti\u00f6ss\u00e4, tupakoinnin j\u00e4lkeen tai muissa tiloissa, joissa syntyy voimakkaita hajuja.<\/li>\n<\/ul>\n<p><strong>K\u00e4ytt\u00f6ohje:<\/strong><\/p>\n<ul>\n<li>Lis\u00e4\u00e4 4\u20135 tippaa Hyla-vesis\u00e4ili\u00f6\u00f6n (4 litraa vett\u00e4) ja nauti raikkaasta sitruunan tuoksusta siivouksen aikana ja sen j\u00e4lkeen.<\/li>\n<\/ul>\n<p><strong>Pakkauskoko:<\/strong><\/p>\n<ul>\n<li><strong>90 ml pullo<\/strong> \u2013 helppo k\u00e4ytt\u00e4\u00e4 ja riittoisa.<\/li>\n<\/ul>\n<p><strong>Hy\u00f6dyt:<\/strong><br \/>\n<strong><span dir=\"auto\" style=\"vertical-align: inherit;\">Hyla tuoksu sitruuna<\/span><\/strong> on t\u00e4ydellinen valinta silloin, kun haluat lis\u00e4t\u00e4 kotiisi raikkautta ja luoda miellytt\u00e4v\u00e4n ilmapiirin. Sopii p\u00e4ivitt\u00e4iseen k\u00e4ytt\u00f6\u00f6n ja erityisesti silloin, kun tavoittelet stressit\u00f6nt\u00e4 ja energisoivaa ymp\u00e4rist\u00f6\u00e4.<\/p>\n<p><strong>Tilaa nyt ja anna kotisi t\u00e4ytty\u00e4 luonnollisella sitruunan raikkaudella!<\/strong><\/p>\n<\/div>\n<\/div>\n<\/div>\n<\/div>\n<\/div>\n<\/div>\n<ul>\n<li>Pulloissa on turvakorkit.<\/li>\n<li>Tuoksuja miellytt\u00e4v\u00e4\u00e4n sis\u00e4tilan tunnelmaan.<\/li>\n<li>Hurmaa aistit HYLA:n erityisill\u00e4 tuoksuilla ja luo asunnollesi henkil\u00f6kohtainen piirre.<\/li>\n<li>HYLA tuoksuja saa 8 eri luonnollisilla vaihtoehdoilla.<\/li>\n<li>Lis\u00e4\u00e4 tuoksua veteen, josta se siirtyy ilmaan HYLA:n ilmanraikastimella tai HYLA -laitteella.<\/li>\n<li>Jokainen HYLA tuoksu on valmistettu luonnon materiaalista.<\/li>\n<\/ul>\n<ul>\n<li data-start=\"1406\" data-end=\"1452\"><strong data-start=\"1406\" data-end=\"1415\">90 ml<\/strong>\u00a0\u2013 pienempi pullo arkiseen k\u00e4ytt\u00f6\u00f6n<\/li>\n<li data-start=\"1455\" data-end=\"1514\"><strong data-start=\"1455\" data-end=\"1465\">500 ml<\/strong>\u00a0\u2013 riittoisa vaihtoehto pitk\u00e4aikaiseen k\u00e4ytt\u00f6\u00f6n<\/li>\n<\/ul>\n<p data-start=\"1665\" data-end=\"1810\"><img decoding=\"async\" class=\"emoji\" role=\"img\" draggable=\"false\" src=\"https:\/\/s.w.org\/images\/core\/emoji\/16.0.1\/svg\/1f449.svg\" alt=\"\ud83d\udc49\" \/>\u00a0Hyla-tuoksuja on yhteens\u00e4\u00a0<strong data-start=\"1694\" data-end=\"1709\">8 erilaista<\/strong>, joista Eksoottinen on t\u00e4ydellinen valinta, kun haluat kotiisi hedelm\u00e4isen ja kukkaisen vivahteen.<\/p>\n<p><strong>Lue lis\u00e4\u00e4 Hyla tuoksuista\u00a0<a href=\"https:\/\/hylajams.fi\/?p=5064\">T\u00c4\u00c4LT\u00c4<\/a><\/strong><\/p>\n<p><a href=\"https:\/\/hylajams.fi\/?product_cat=natural-care-tuoksut\"><strong>Natural Care tuotteet verkkokaupassa<\/strong><\/a><\/p>\n<p><a href=\"https:\/\/www.hyla-naturalcare.com\/en\/\"><strong><span dir=\"auto\">Hyla Natural Care<\/span><\/strong><\/a><\/p>\n","protected":false},"excerpt":{"rendered":"<p><strong>Hyla tuoksu sitruuna<\/strong> \u2013 raikas, luonnollinen sitruunan tuoksu, joka pirist\u00e4\u00e4 ja poistaa ep\u00e4miellytt\u00e4vi\u00e4 hajuja kodissasi.<\/p>\n","protected":false},"featured_media":7083,"template":"","meta":[],"product_brand":[],"product_cat":[1089],"product_tag":[1938,1931,1932,1131,1933,78,1953,1954],"class_list":{"0":"post-1428","1":"product","2":"type-product","3":"status-publish","4":"has-post-thumbnail","6":"product_cat-hyla-tuoksut-90-ml","7":"product_tag-huonetuoksu","8":"product_tag-hyla-est-tuoksu","9":"product_tag-hyla-gst-tuoksu","10":"product_tag-hyla-lisavaruste","11":"product_tag-hyla-nst-tuoksu","12":"product_tag-ilmanraikastin","13":"product_tag-sitruuna-hyla-tuoksu-500-ml","14":"product_tag-sitruunatuoksu","15":"product_shipping_class-posti-s-paketti-11x32x3-cm-35-kg","16":"_wholesalex wsx-wholesalex-product","18":"first","19":"instock","20":"featured","21":"sold-individually","22":"shipping-taxable","23":"purchasable","24":"product-type-simple"},"yoast_head":"<!-- This site is optimized with the Yoast SEO plugin v27.3 - https:\/\/yoast.com\/product\/yoast-seo-wordpress\/ -->\n<title>Hyla tuoksu sitruuna - aito sitruunan raikkaus<\/title>\n<meta name=\"description\" content=\"Hyla tuoksu sitruuna \u2013 raikas ja energisoiva sitruunan tuoksu, joka poistaa hajut ja luo puhtaan ilmapiirin kotiisi. Tehokas hajunpoistaja.\" \/>\n<meta name=\"robots\" content=\"index, follow, max-snippet:-1, max-image-preview:large, max-video-preview:-1\" \/>\n<link rel=\"canonical\" href=\"https:\/\/hylajams.fi\/?product=hyla-tuoksu-sitruuna\" \/>\n<meta property=\"og:locale\" content=\"fi_FI\" \/>\n<meta property=\"og:type\" content=\"article\" \/>\n<meta property=\"og:title\" content=\"Hyla tuoksu sitruuna - aito sitruunan raikkaus\" \/>\n<meta property=\"og:description\" content=\"Hyla tuoksu sitruuna \u2013 raikas ja energisoiva sitruunan tuoksu, joka poistaa hajut ja luo puhtaan ilmapiirin kotiisi. Tehokas hajunpoistaja.\" \/>\n<meta property=\"og:url\" content=\"https:\/\/hylajams.fi\/?product=hyla-tuoksu-sitruuna\" \/>\n<meta property=\"og:site_name\" content=\"Hyla Jams Verkkokauppa\" \/>\n<meta property=\"article:modified_time\" content=\"2026-02-28T00:22:00+00:00\" \/>\n<meta property=\"og:image\" content=\"https:\/\/hylajams.fi\/wp-content\/uploads\/2021\/08\/17261-Sitruuna1.png\" \/>\n\t<meta property=\"og:image:width\" content=\"592\" \/>\n\t<meta property=\"og:image:height\" content=\"592\" \/>\n\t<meta property=\"og:image:type\" content=\"image\/png\" \/>\n<meta name=\"twitter:card\" content=\"summary_large_image\" \/>\n<meta name=\"twitter:label1\" content=\"Arvioitu lukuaika\" \/>\n\t<meta name=\"twitter:data1\" content=\"2 minuuttia\" \/>\n<script type=\"application\/ld+json\" class=\"yoast-schema-graph\">{\"@context\":\"https:\\\/\\\/schema.org\",\"@graph\":[{\"@type\":\"WebPage\",\"@id\":\"https:\\\/\\\/hylajams.fi\\\/?product=hyla-tuoksu-sitruuna\",\"url\":\"https:\\\/\\\/hylajams.fi\\\/?product=hyla-tuoksu-sitruuna\",\"name\":\"Hyla tuoksu sitruuna - aito sitruunan raikkaus\",\"isPartOf\":{\"@id\":\"https:\\\/\\\/hylajams.fi\\\/#website\"},\"primaryImageOfPage\":{\"@id\":\"https:\\\/\\\/hylajams.fi\\\/?product=hyla-tuoksu-sitruuna#primaryimage\"},\"image\":{\"@id\":\"https:\\\/\\\/hylajams.fi\\\/?product=hyla-tuoksu-sitruuna#primaryimage\"},\"thumbnailUrl\":\"https:\\\/\\\/hylajams.fi\\\/wp-content\\\/uploads\\\/2021\\\/08\\\/17261-Sitruuna1.png\",\"datePublished\":\"2021-08-03T16:56:34+00:00\",\"dateModified\":\"2026-02-28T00:22:00+00:00\",\"description\":\"Hyla tuoksu sitruuna \u2013 raikas ja energisoiva sitruunan tuoksu, joka poistaa hajut ja luo puhtaan ilmapiirin kotiisi. Tehokas hajunpoistaja.\",\"breadcrumb\":{\"@id\":\"https:\\\/\\\/hylajams.fi\\\/?product=hyla-tuoksu-sitruuna#breadcrumb\"},\"inLanguage\":\"fi\",\"potentialAction\":[{\"@type\":\"ReadAction\",\"target\":[\"https:\\\/\\\/hylajams.fi\\\/?product=hyla-tuoksu-sitruuna\"]}]},{\"@type\":\"ImageObject\",\"inLanguage\":\"fi\",\"@id\":\"https:\\\/\\\/hylajams.fi\\\/?product=hyla-tuoksu-sitruuna#primaryimage\",\"url\":\"https:\\\/\\\/hylajams.fi\\\/wp-content\\\/uploads\\\/2021\\\/08\\\/17261-Sitruuna1.png\",\"contentUrl\":\"https:\\\/\\\/hylajams.fi\\\/wp-content\\\/uploads\\\/2021\\\/08\\\/17261-Sitruuna1.png\",\"width\":592,\"height\":592,\"caption\":\"Hyla tuoksu sitruuna\"},{\"@type\":\"BreadcrumbList\",\"@id\":\"https:\\\/\\\/hylajams.fi\\\/?product=hyla-tuoksu-sitruuna#breadcrumb\",\"itemListElement\":[{\"@type\":\"ListItem\",\"position\":1,\"name\":\"Etusivu\",\"item\":\"https:\\\/\\\/hylajams.fi\\\/\"},{\"@type\":\"ListItem\",\"position\":2,\"name\":\"VERKKOKAUPPA\",\"item\":\"https:\\\/\\\/hylajams.fi\\\/?page_id=9\"},{\"@type\":\"ListItem\",\"position\":3,\"name\":\"17261 Sitruuna Hyla -tuoksu 90 ml\"}]},{\"@type\":\"WebSite\",\"@id\":\"https:\\\/\\\/hylajams.fi\\\/#website\",\"url\":\"https:\\\/\\\/hylajams.fi\\\/\",\"name\":\"Hyla Jams Verkkokauppa\",\"description\":\"Hyla ilman- ja huoneen puhdistusj\u00e4rjestelm\u00e4 Suomessa\",\"publisher\":{\"@id\":\"https:\\\/\\\/hylajams.fi\\\/#organization\"},\"potentialAction\":[{\"@type\":\"SearchAction\",\"target\":{\"@type\":\"EntryPoint\",\"urlTemplate\":\"https:\\\/\\\/hylajams.fi\\\/?s={search_term_string}\"},\"query-input\":{\"@type\":\"PropertyValueSpecification\",\"valueRequired\":true,\"valueName\":\"search_term_string\"}}],\"inLanguage\":\"fi\"},{\"@type\":\"Organization\",\"@id\":\"https:\\\/\\\/hylajams.fi\\\/#organization\",\"name\":\"Hyla Jams Verkkokauppa\",\"url\":\"https:\\\/\\\/hylajams.fi\\\/\",\"logo\":{\"@type\":\"ImageObject\",\"inLanguage\":\"fi\",\"@id\":\"https:\\\/\\\/hylajams.fi\\\/#\\\/schema\\\/logo\\\/image\\\/\",\"url\":\"https:\\\/\\\/hylajams.fi\\\/wp-content\\\/uploads\\\/2025\\\/02\\\/Logo-1-2.jpg\",\"contentUrl\":\"https:\\\/\\\/hylajams.fi\\\/wp-content\\\/uploads\\\/2025\\\/02\\\/Logo-1-2.jpg\",\"width\":500,\"height\":500,\"caption\":\"Hyla Jams Verkkokauppa\"},\"image\":{\"@id\":\"https:\\\/\\\/hylajams.fi\\\/#\\\/schema\\\/logo\\\/image\\\/\"},\"sameAs\":[\"https:\\\/\\\/www.instagram.com\\\/hylasiivous\\\/\"]}]}<\/script>\n<!-- \/ Yoast SEO plugin. -->","yoast_head_json":{"title":"Hyla tuoksu sitruuna - aito sitruunan raikkaus","description":"Hyla tuoksu sitruuna \u2013 raikas ja energisoiva sitruunan tuoksu, joka poistaa hajut ja luo puhtaan ilmapiirin kotiisi. Tehokas hajunpoistaja.","robots":{"index":"index","follow":"follow","max-snippet":"max-snippet:-1","max-image-preview":"max-image-preview:large","max-video-preview":"max-video-preview:-1"},"canonical":"https:\/\/hylajams.fi\/?product=hyla-tuoksu-sitruuna","og_locale":"fi_FI","og_type":"article","og_title":"Hyla tuoksu sitruuna - aito sitruunan raikkaus","og_description":"Hyla tuoksu sitruuna \u2013 raikas ja energisoiva sitruunan tuoksu, joka poistaa hajut ja luo puhtaan ilmapiirin kotiisi. Tehokas hajunpoistaja.","og_url":"https:\/\/hylajams.fi\/?product=hyla-tuoksu-sitruuna","og_site_name":"Hyla Jams Verkkokauppa","article_modified_time":"2026-02-28T00:22:00+00:00","og_image":[{"width":592,"height":592,"url":"https:\/\/hylajams.fi\/wp-content\/uploads\/2021\/08\/17261-Sitruuna1.png","type":"image\/png"}],"twitter_card":"summary_large_image","twitter_misc":{"Arvioitu lukuaika":"2 minuuttia"},"schema":{"@context":"https:\/\/schema.org","@graph":[{"@type":"WebPage","@id":"https:\/\/hylajams.fi\/?product=hyla-tuoksu-sitruuna","url":"https:\/\/hylajams.fi\/?product=hyla-tuoksu-sitruuna","name":"Hyla tuoksu sitruuna - aito sitruunan raikkaus","isPartOf":{"@id":"https:\/\/hylajams.fi\/#website"},"primaryImageOfPage":{"@id":"https:\/\/hylajams.fi\/?product=hyla-tuoksu-sitruuna#primaryimage"},"image":{"@id":"https:\/\/hylajams.fi\/?product=hyla-tuoksu-sitruuna#primaryimage"},"thumbnailUrl":"https:\/\/hylajams.fi\/wp-content\/uploads\/2021\/08\/17261-Sitruuna1.png","datePublished":"2021-08-03T16:56:34+00:00","dateModified":"2026-02-28T00:22:00+00:00","description":"Hyla tuoksu sitruuna \u2013 raikas ja energisoiva sitruunan tuoksu, joka poistaa hajut ja luo puhtaan ilmapiirin kotiisi. Tehokas hajunpoistaja.","breadcrumb":{"@id":"https:\/\/hylajams.fi\/?product=hyla-tuoksu-sitruuna#breadcrumb"},"inLanguage":"fi","potentialAction":[{"@type":"ReadAction","target":["https:\/\/hylajams.fi\/?product=hyla-tuoksu-sitruuna"]}]},{"@type":"ImageObject","inLanguage":"fi","@id":"https:\/\/hylajams.fi\/?product=hyla-tuoksu-sitruuna#primaryimage","url":"https:\/\/hylajams.fi\/wp-content\/uploads\/2021\/08\/17261-Sitruuna1.png","contentUrl":"https:\/\/hylajams.fi\/wp-content\/uploads\/2021\/08\/17261-Sitruuna1.png","width":592,"height":592,"caption":"Hyla tuoksu sitruuna"},{"@type":"BreadcrumbList","@id":"https:\/\/hylajams.fi\/?product=hyla-tuoksu-sitruuna#breadcrumb","itemListElement":[{"@type":"ListItem","position":1,"name":"Etusivu","item":"https:\/\/hylajams.fi\/"},{"@type":"ListItem","position":2,"name":"VERKKOKAUPPA","item":"https:\/\/hylajams.fi\/?page_id=9"},{"@type":"ListItem","position":3,"name":"17261 Sitruuna Hyla -tuoksu 90 ml"}]},{"@type":"WebSite","@id":"https:\/\/hylajams.fi\/#website","url":"https:\/\/hylajams.fi\/","name":"Hyla Jams Verkkokauppa","description":"Hyla ilman- ja huoneen puhdistusj\u00e4rjestelm\u00e4 Suomessa","publisher":{"@id":"https:\/\/hylajams.fi\/#organization"},"potentialAction":[{"@type":"SearchAction","target":{"@type":"EntryPoint","urlTemplate":"https:\/\/hylajams.fi\/?s={search_term_string}"},"query-input":{"@type":"PropertyValueSpecification","valueRequired":true,"valueName":"search_term_string"}}],"inLanguage":"fi"},{"@type":"Organization","@id":"https:\/\/hylajams.fi\/#organization","name":"Hyla Jams Verkkokauppa","url":"https:\/\/hylajams.fi\/","logo":{"@type":"ImageObject","inLanguage":"fi","@id":"https:\/\/hylajams.fi\/#\/schema\/logo\/image\/","url":"https:\/\/hylajams.fi\/wp-content\/uploads\/2025\/02\/Logo-1-2.jpg","contentUrl":"https:\/\/hylajams.fi\/wp-content\/uploads\/2025\/02\/Logo-1-2.jpg","width":500,"height":500,"caption":"Hyla Jams Verkkokauppa"},"image":{"@id":"https:\/\/hylajams.fi\/#\/schema\/logo\/image\/"},"sameAs":["https:\/\/www.instagram.com\/hylasiivous\/"]}]}},"_links":{"self":[{"href":"https:\/\/hylajams.fi\/index.php?rest_route=\/wp\/v2\/product\/1428","targetHints":{"allow":["GET"]}}],"collection":[{"href":"https:\/\/hylajams.fi\/index.php?rest_route=\/wp\/v2\/product"}],"about":[{"href":"https:\/\/hylajams.fi\/index.php?rest_route=\/wp\/v2\/types\/product"}],"version-history":[{"count":11,"href":"https:\/\/hylajams.fi\/index.php?rest_route=\/wp\/v2\/product\/1428\/revisions"}],"predecessor-version":[{"id":13222,"href":"https:\/\/hylajams.fi\/index.php?rest_route=\/wp\/v2\/product\/1428\/revisions\/13222"}],"wp:featuredmedia":[{"embeddable":true,"href":"https:\/\/hylajams.fi\/index.php?rest_route=\/wp\/v2\/media\/7083"}],"wp:attachment":[{"href":"https:\/\/hylajams.fi\/index.php?rest_route=%2Fwp%2Fv2%2Fmedia&parent=1428"}],"wp:term":[{"taxonomy":"product_brand","embeddable":true,"href":"https:\/\/hylajams.fi\/index.php?rest_route=%2Fwp%2Fv2%2Fproduct_brand&post=1428"},{"taxonomy":"product_cat","embeddable":true,"href":"https:\/\/hylajams.fi\/index.php?rest_route=%2Fwp%2Fv2%2Fproduct_cat&post=1428"},{"taxonomy":"product_tag","embeddable":true,"href":"https:\/\/hylajams.fi\/index.php?rest_route=%2Fwp%2Fv2%2Fproduct_tag&post=1428"}],"curies":[{"name":"wp","href":"https:\/\/api.w.org\/{rel}","templated":true}]}}