{"id":1422,"date":"2021-08-03T19:48:35","date_gmt":"2021-08-03T16:48:35","guid":{"rendered":"https:\/\/hylajams.fi\/?post_type=product&#038;p=1422"},"modified":"2026-02-28T02:22:37","modified_gmt":"2026-02-28T00:22:37","slug":"hyla-vanilja-mansika-tuoksu","status":"publish","type":"product","link":"https:\/\/hylajams.fi\/?product=hyla-vanilja-mansika-tuoksu","title":{"rendered":"17265 Hyla vanilja &#038; mansikan -tuoksu, 90 ml"},"content":{"rendered":"<p data-start=\"240\" data-end=\"574\">Hyla vanilja &amp; mansikan -tuoksu tuo kotiin suloisen makean kes\u00e4isen ilmapiirin. Pehme\u00e4 ja l\u00e4mmin vanilja yhdistyy raikkaaseen ja herkulliseen mansikkaan, luoden tasapainoisen ja virkist\u00e4v\u00e4n tuoksuel\u00e4myksen. T\u00e4m\u00e4 tuoksu on t\u00e4ydellinen valinta, kun haluat tuoda sis\u00e4tiloihin kes\u00e4n tunnelmaa, iloa ja rentoutumista.<\/p>\n<p data-start=\"576\" data-end=\"907\">Vanilja tunnetaan rauhoittavana ja rentouttavana tuoksuna, joka luo l\u00e4mp\u00f6\u00e4 ja harmoniaa ymp\u00e4rilleen. Mansikka puolestaan tuo pirte\u00e4\u00e4, raikasta ja hedelm\u00e4ist\u00e4 vivahdetta, joka virkist\u00e4\u00e4 ja muistuttaa l\u00e4mpimist\u00e4 kes\u00e4p\u00e4ivist\u00e4. Yhdess\u00e4 n\u00e4m\u00e4 tuoksut muodostavat ainutlaatuisen kokonaisuuden, joka tekee kodista viihtyis\u00e4n ja kutsuvan.<\/p>\n<p data-start=\"909\" data-end=\"1033\">Hyla vanilja &amp; mansikan -tuoksu\u00a0on t\u00e4ydellinen lahja itselle tai l\u00e4heiselle \u2013 pieni mutta merkityksellinen arjen piristys.<\/p>\n<p data-start=\"1035\" data-end=\"1107\">\ud83d\udc49 Saatavana nyt isossa 500 ml pullossa, joka kest\u00e4\u00e4 k\u00e4yt\u00f6ss\u00e4 pitk\u00e4\u00e4n. Pulloissa on turvakorkit.<\/p>\n<ul>\n<li data-start=\"1406\" data-end=\"1452\"><strong data-start=\"1406\" data-end=\"1415\">90 ml<\/strong>\u00a0\u2013 pienempi pullo arkiseen k\u00e4ytt\u00f6\u00f6n<\/li>\n<li data-start=\"1455\" data-end=\"1514\"><strong data-start=\"1455\" data-end=\"1465\">500 ml<\/strong>\u00a0\u2013 riittoisa vaihtoehto pitk\u00e4aikaiseen k\u00e4ytt\u00f6\u00f6n<\/li>\n<\/ul>\n<p data-start=\"1665\" data-end=\"1810\"><img decoding=\"async\" class=\"emoji\" role=\"img\" draggable=\"false\" src=\"https:\/\/s.w.org\/images\/core\/emoji\/16.0.1\/svg\/1f449.svg\" alt=\"\ud83d\udc49\" \/>\u00a0Hyla-tuoksuja on yhteens\u00e4\u00a0<strong data-start=\"1694\" data-end=\"1709\">8 erilaista<\/strong>, joista vanilja-mansikka tuo kes\u00e4isen tunnelman mukanaan.<\/p>\n<p><strong>Lue lis\u00e4\u00e4 Hyla tuoksuista\u00a0<a href=\"https:\/\/hylajams.fi\/?p=5064\">T\u00c4\u00c4LT\u00c4<\/a><\/strong><\/p>\n<p><a href=\"https:\/\/hylajams.fi\/?product_cat=natural-care-tuoksut\"><strong>Natural Care tuotteet verkkokaupassa<\/strong><\/a><\/p>\n<p><a href=\"https:\/\/www.hyla-naturalcare.com\/en\/\"><strong><span dir=\"auto\">Hyla Natural Care<\/span><\/strong><\/a><\/p>\n<p>&nbsp;<\/p>\n","protected":false},"excerpt":{"rendered":"<p data-start=\"0\" data-end=\"51\"><strong>Hyla tuoksu vanilja &amp; mansikka 500 ml (0,5 l)<\/strong><\/p>\n<p data-start=\"0\" data-end=\"51\">Kes\u00e4n makein tuulahdus! Vaniljan pehmeys ja mansikan raikkaus sulautuvat yhteen luoden kodin, jossa tuoksuu rakkaus ja ilo.<\/p>\n","protected":false},"featured_media":7094,"template":"","meta":[],"product_brand":[],"product_cat":[1089],"product_tag":[1938,1931,1932,1131,1933,78,1955,1944],"class_list":{"0":"post-1422","1":"product","2":"type-product","3":"status-publish","4":"has-post-thumbnail","6":"product_cat-hyla-tuoksut-90-ml","7":"product_tag-huonetuoksu","8":"product_tag-hyla-est-tuoksu","9":"product_tag-hyla-gst-tuoksu","10":"product_tag-hyla-lisavaruste","11":"product_tag-hyla-nst-tuoksu","12":"product_tag-ilmanraikastin","13":"product_tag-vanilja-mansikan-hyla-tuoksu-90-ml","14":"product_tag-vanilja-mansikka-tuoksu","15":"product_shipping_class-posti-s-paketti-11x32x3-cm-35-kg","16":"_wholesalex wsx-wholesalex-product","18":"first","19":"instock","20":"featured","21":"sold-individually","22":"shipping-taxable","23":"purchasable","24":"product-type-simple"},"yoast_head":"<!-- This site is optimized with the Yoast SEO plugin v27.3 - https:\/\/yoast.com\/product\/yoast-seo-wordpress\/ -->\n<title>Hyla vanilja &amp; mansikan -tuoksu - Kes\u00e4inen tuoksuyhdistelm\u00e4<\/title>\n<meta name=\"description\" content=\"Hyla vanilja &amp; mansikan -tuoksu - Pehme\u00e4 ja l\u00e4mmin vanilja yhdistyy raikkaaseen ja herkulliseen mansikkaan, joka luo maukkaan tuoksuel\u00e4myksen.\" \/>\n<meta name=\"robots\" content=\"index, follow, max-snippet:-1, max-image-preview:large, max-video-preview:-1\" \/>\n<link rel=\"canonical\" href=\"https:\/\/hylajams.fi\/?product=hyla-vanilja-mansika-tuoksu\" \/>\n<meta property=\"og:locale\" content=\"fi_FI\" \/>\n<meta property=\"og:type\" content=\"article\" \/>\n<meta property=\"og:title\" content=\"Hyla vanilja &amp; mansikan -tuoksu - Kes\u00e4inen tuoksuyhdistelm\u00e4\" \/>\n<meta property=\"og:description\" content=\"Hyla vanilja &amp; mansikan -tuoksu - Pehme\u00e4 ja l\u00e4mmin vanilja yhdistyy raikkaaseen ja herkulliseen mansikkaan, joka luo maukkaan tuoksuel\u00e4myksen.\" \/>\n<meta property=\"og:url\" content=\"https:\/\/hylajams.fi\/?product=hyla-vanilja-mansika-tuoksu\" \/>\n<meta property=\"og:site_name\" content=\"Hyla Jams Verkkokauppa\" \/>\n<meta property=\"article:modified_time\" content=\"2026-02-28T00:22:37+00:00\" \/>\n<meta property=\"og:image\" content=\"https:\/\/hylajams.fi\/wp-content\/uploads\/2021\/08\/17265-Vanilja-mansikka2.png\" \/>\n\t<meta property=\"og:image:width\" content=\"596\" \/>\n\t<meta property=\"og:image:height\" content=\"600\" \/>\n\t<meta property=\"og:image:type\" content=\"image\/png\" \/>\n<meta name=\"twitter:card\" content=\"summary_large_image\" \/>\n<meta name=\"twitter:label1\" content=\"Arvioitu lukuaika\" \/>\n\t<meta name=\"twitter:data1\" content=\"2 minuuttia\" \/>\n<script type=\"application\/ld+json\" class=\"yoast-schema-graph\">{\"@context\":\"https:\\\/\\\/schema.org\",\"@graph\":[{\"@type\":\"WebPage\",\"@id\":\"https:\\\/\\\/hylajams.fi\\\/?product=hyla-vanilja-mansika-tuoksu\",\"url\":\"https:\\\/\\\/hylajams.fi\\\/?product=hyla-vanilja-mansika-tuoksu\",\"name\":\"Hyla vanilja & mansikan -tuoksu - Kes\u00e4inen tuoksuyhdistelm\u00e4\",\"isPartOf\":{\"@id\":\"https:\\\/\\\/hylajams.fi\\\/#website\"},\"primaryImageOfPage\":{\"@id\":\"https:\\\/\\\/hylajams.fi\\\/?product=hyla-vanilja-mansika-tuoksu#primaryimage\"},\"image\":{\"@id\":\"https:\\\/\\\/hylajams.fi\\\/?product=hyla-vanilja-mansika-tuoksu#primaryimage\"},\"thumbnailUrl\":\"https:\\\/\\\/hylajams.fi\\\/wp-content\\\/uploads\\\/2021\\\/08\\\/17265-Vanilja-mansikka2.png\",\"datePublished\":\"2021-08-03T16:48:35+00:00\",\"dateModified\":\"2026-02-28T00:22:37+00:00\",\"description\":\"Hyla vanilja & mansikan -tuoksu - Pehme\u00e4 ja l\u00e4mmin vanilja yhdistyy raikkaaseen ja herkulliseen mansikkaan, joka luo maukkaan tuoksuel\u00e4myksen.\",\"breadcrumb\":{\"@id\":\"https:\\\/\\\/hylajams.fi\\\/?product=hyla-vanilja-mansika-tuoksu#breadcrumb\"},\"inLanguage\":\"fi\",\"potentialAction\":[{\"@type\":\"ReadAction\",\"target\":[\"https:\\\/\\\/hylajams.fi\\\/?product=hyla-vanilja-mansika-tuoksu\"]}]},{\"@type\":\"ImageObject\",\"inLanguage\":\"fi\",\"@id\":\"https:\\\/\\\/hylajams.fi\\\/?product=hyla-vanilja-mansika-tuoksu#primaryimage\",\"url\":\"https:\\\/\\\/hylajams.fi\\\/wp-content\\\/uploads\\\/2021\\\/08\\\/17265-Vanilja-mansikka2.png\",\"contentUrl\":\"https:\\\/\\\/hylajams.fi\\\/wp-content\\\/uploads\\\/2021\\\/08\\\/17265-Vanilja-mansikka2.png\",\"width\":596,\"height\":600,\"caption\":\"Hyla vanilja & mansikan -tuoksu\"},{\"@type\":\"BreadcrumbList\",\"@id\":\"https:\\\/\\\/hylajams.fi\\\/?product=hyla-vanilja-mansika-tuoksu#breadcrumb\",\"itemListElement\":[{\"@type\":\"ListItem\",\"position\":1,\"name\":\"Etusivu\",\"item\":\"https:\\\/\\\/hylajams.fi\\\/\"},{\"@type\":\"ListItem\",\"position\":2,\"name\":\"VERKKOKAUPPA\",\"item\":\"https:\\\/\\\/hylajams.fi\\\/?page_id=9\"},{\"@type\":\"ListItem\",\"position\":3,\"name\":\"17265 Hyla vanilja &#038; mansikan -tuoksu, 90 ml\"}]},{\"@type\":\"WebSite\",\"@id\":\"https:\\\/\\\/hylajams.fi\\\/#website\",\"url\":\"https:\\\/\\\/hylajams.fi\\\/\",\"name\":\"Hyla Jams Verkkokauppa\",\"description\":\"Hyla ilman- ja huoneen puhdistusj\u00e4rjestelm\u00e4 Suomessa\",\"publisher\":{\"@id\":\"https:\\\/\\\/hylajams.fi\\\/#organization\"},\"potentialAction\":[{\"@type\":\"SearchAction\",\"target\":{\"@type\":\"EntryPoint\",\"urlTemplate\":\"https:\\\/\\\/hylajams.fi\\\/?s={search_term_string}\"},\"query-input\":{\"@type\":\"PropertyValueSpecification\",\"valueRequired\":true,\"valueName\":\"search_term_string\"}}],\"inLanguage\":\"fi\"},{\"@type\":\"Organization\",\"@id\":\"https:\\\/\\\/hylajams.fi\\\/#organization\",\"name\":\"Hyla Jams Verkkokauppa\",\"url\":\"https:\\\/\\\/hylajams.fi\\\/\",\"logo\":{\"@type\":\"ImageObject\",\"inLanguage\":\"fi\",\"@id\":\"https:\\\/\\\/hylajams.fi\\\/#\\\/schema\\\/logo\\\/image\\\/\",\"url\":\"https:\\\/\\\/hylajams.fi\\\/wp-content\\\/uploads\\\/2025\\\/02\\\/Logo-1-2.jpg\",\"contentUrl\":\"https:\\\/\\\/hylajams.fi\\\/wp-content\\\/uploads\\\/2025\\\/02\\\/Logo-1-2.jpg\",\"width\":500,\"height\":500,\"caption\":\"Hyla Jams Verkkokauppa\"},\"image\":{\"@id\":\"https:\\\/\\\/hylajams.fi\\\/#\\\/schema\\\/logo\\\/image\\\/\"},\"sameAs\":[\"https:\\\/\\\/www.instagram.com\\\/hylasiivous\\\/\"]}]}<\/script>\n<!-- \/ Yoast SEO plugin. -->","yoast_head_json":{"title":"Hyla vanilja & mansikan -tuoksu - Kes\u00e4inen tuoksuyhdistelm\u00e4","description":"Hyla vanilja & mansikan -tuoksu - Pehme\u00e4 ja l\u00e4mmin vanilja yhdistyy raikkaaseen ja herkulliseen mansikkaan, joka luo maukkaan tuoksuel\u00e4myksen.","robots":{"index":"index","follow":"follow","max-snippet":"max-snippet:-1","max-image-preview":"max-image-preview:large","max-video-preview":"max-video-preview:-1"},"canonical":"https:\/\/hylajams.fi\/?product=hyla-vanilja-mansika-tuoksu","og_locale":"fi_FI","og_type":"article","og_title":"Hyla vanilja & mansikan -tuoksu - Kes\u00e4inen tuoksuyhdistelm\u00e4","og_description":"Hyla vanilja & mansikan -tuoksu - Pehme\u00e4 ja l\u00e4mmin vanilja yhdistyy raikkaaseen ja herkulliseen mansikkaan, joka luo maukkaan tuoksuel\u00e4myksen.","og_url":"https:\/\/hylajams.fi\/?product=hyla-vanilja-mansika-tuoksu","og_site_name":"Hyla Jams Verkkokauppa","article_modified_time":"2026-02-28T00:22:37+00:00","og_image":[{"width":596,"height":600,"url":"https:\/\/hylajams.fi\/wp-content\/uploads\/2021\/08\/17265-Vanilja-mansikka2.png","type":"image\/png"}],"twitter_card":"summary_large_image","twitter_misc":{"Arvioitu lukuaika":"2 minuuttia"},"schema":{"@context":"https:\/\/schema.org","@graph":[{"@type":"WebPage","@id":"https:\/\/hylajams.fi\/?product=hyla-vanilja-mansika-tuoksu","url":"https:\/\/hylajams.fi\/?product=hyla-vanilja-mansika-tuoksu","name":"Hyla vanilja & mansikan -tuoksu - Kes\u00e4inen tuoksuyhdistelm\u00e4","isPartOf":{"@id":"https:\/\/hylajams.fi\/#website"},"primaryImageOfPage":{"@id":"https:\/\/hylajams.fi\/?product=hyla-vanilja-mansika-tuoksu#primaryimage"},"image":{"@id":"https:\/\/hylajams.fi\/?product=hyla-vanilja-mansika-tuoksu#primaryimage"},"thumbnailUrl":"https:\/\/hylajams.fi\/wp-content\/uploads\/2021\/08\/17265-Vanilja-mansikka2.png","datePublished":"2021-08-03T16:48:35+00:00","dateModified":"2026-02-28T00:22:37+00:00","description":"Hyla vanilja & mansikan -tuoksu - Pehme\u00e4 ja l\u00e4mmin vanilja yhdistyy raikkaaseen ja herkulliseen mansikkaan, joka luo maukkaan tuoksuel\u00e4myksen.","breadcrumb":{"@id":"https:\/\/hylajams.fi\/?product=hyla-vanilja-mansika-tuoksu#breadcrumb"},"inLanguage":"fi","potentialAction":[{"@type":"ReadAction","target":["https:\/\/hylajams.fi\/?product=hyla-vanilja-mansika-tuoksu"]}]},{"@type":"ImageObject","inLanguage":"fi","@id":"https:\/\/hylajams.fi\/?product=hyla-vanilja-mansika-tuoksu#primaryimage","url":"https:\/\/hylajams.fi\/wp-content\/uploads\/2021\/08\/17265-Vanilja-mansikka2.png","contentUrl":"https:\/\/hylajams.fi\/wp-content\/uploads\/2021\/08\/17265-Vanilja-mansikka2.png","width":596,"height":600,"caption":"Hyla vanilja & mansikan -tuoksu"},{"@type":"BreadcrumbList","@id":"https:\/\/hylajams.fi\/?product=hyla-vanilja-mansika-tuoksu#breadcrumb","itemListElement":[{"@type":"ListItem","position":1,"name":"Etusivu","item":"https:\/\/hylajams.fi\/"},{"@type":"ListItem","position":2,"name":"VERKKOKAUPPA","item":"https:\/\/hylajams.fi\/?page_id=9"},{"@type":"ListItem","position":3,"name":"17265 Hyla vanilja &#038; mansikan -tuoksu, 90 ml"}]},{"@type":"WebSite","@id":"https:\/\/hylajams.fi\/#website","url":"https:\/\/hylajams.fi\/","name":"Hyla Jams Verkkokauppa","description":"Hyla ilman- ja huoneen puhdistusj\u00e4rjestelm\u00e4 Suomessa","publisher":{"@id":"https:\/\/hylajams.fi\/#organization"},"potentialAction":[{"@type":"SearchAction","target":{"@type":"EntryPoint","urlTemplate":"https:\/\/hylajams.fi\/?s={search_term_string}"},"query-input":{"@type":"PropertyValueSpecification","valueRequired":true,"valueName":"search_term_string"}}],"inLanguage":"fi"},{"@type":"Organization","@id":"https:\/\/hylajams.fi\/#organization","name":"Hyla Jams Verkkokauppa","url":"https:\/\/hylajams.fi\/","logo":{"@type":"ImageObject","inLanguage":"fi","@id":"https:\/\/hylajams.fi\/#\/schema\/logo\/image\/","url":"https:\/\/hylajams.fi\/wp-content\/uploads\/2025\/02\/Logo-1-2.jpg","contentUrl":"https:\/\/hylajams.fi\/wp-content\/uploads\/2025\/02\/Logo-1-2.jpg","width":500,"height":500,"caption":"Hyla Jams Verkkokauppa"},"image":{"@id":"https:\/\/hylajams.fi\/#\/schema\/logo\/image\/"},"sameAs":["https:\/\/www.instagram.com\/hylasiivous\/"]}]}},"_links":{"self":[{"href":"https:\/\/hylajams.fi\/index.php?rest_route=\/wp\/v2\/product\/1422","targetHints":{"allow":["GET"]}}],"collection":[{"href":"https:\/\/hylajams.fi\/index.php?rest_route=\/wp\/v2\/product"}],"about":[{"href":"https:\/\/hylajams.fi\/index.php?rest_route=\/wp\/v2\/types\/product"}],"version-history":[{"count":8,"href":"https:\/\/hylajams.fi\/index.php?rest_route=\/wp\/v2\/product\/1422\/revisions"}],"predecessor-version":[{"id":11387,"href":"https:\/\/hylajams.fi\/index.php?rest_route=\/wp\/v2\/product\/1422\/revisions\/11387"}],"wp:featuredmedia":[{"embeddable":true,"href":"https:\/\/hylajams.fi\/index.php?rest_route=\/wp\/v2\/media\/7094"}],"wp:attachment":[{"href":"https:\/\/hylajams.fi\/index.php?rest_route=%2Fwp%2Fv2%2Fmedia&parent=1422"}],"wp:term":[{"taxonomy":"product_brand","embeddable":true,"href":"https:\/\/hylajams.fi\/index.php?rest_route=%2Fwp%2Fv2%2Fproduct_brand&post=1422"},{"taxonomy":"product_cat","embeddable":true,"href":"https:\/\/hylajams.fi\/index.php?rest_route=%2Fwp%2Fv2%2Fproduct_cat&post=1422"},{"taxonomy":"product_tag","embeddable":true,"href":"https:\/\/hylajams.fi\/index.php?rest_route=%2Fwp%2Fv2%2Fproduct_tag&post=1422"}],"curies":[{"name":"wp","href":"https:\/\/api.w.org\/{rel}","templated":true}]}}