{"id":1413,"date":"2021-08-03T19:38:14","date_gmt":"2021-08-03T16:38:14","guid":{"rendered":"https:\/\/hylajams.fi\/?post_type=product&#038;p=1413"},"modified":"2026-02-28T12:36:49","modified_gmt":"2026-02-28T10:36:49","slug":"hyla-tuoksu-minttu-90-ml","status":"publish","type":"product","link":"https:\/\/hylajams.fi\/?product=hyla-tuoksu-minttu-90-ml","title":{"rendered":"17268 Minttu Hyla tuoksu 90 ml"},"content":{"rendered":"<p><strong>Hyla tuoksu Minttu 90 ml<\/strong><\/p>\n<p data-start=\"202\" data-end=\"466\">Hyla Minttu -tuoksu tuo kotiisi luonnollisen raikkautensa ja pirte\u00e4n vivahteensa. Minttu tunnetaan sen virkist\u00e4vist\u00e4 ja energisoivista vaikutuksista, jotka tekev\u00e4t siit\u00e4 t\u00e4ydellisen valinnan tiloihin, joissa kaivataan puhtautta ja elinvoimaa.<\/p>\n<p data-start=\"468\" data-end=\"490\">Mintun ominaisuudet:<\/p>\n<ul>\n<li data-start=\"493\" data-end=\"561\"><strong data-start=\"493\" data-end=\"517\">Raikas ja virkist\u00e4v\u00e4<\/strong> \u2013 tuo raikkautta ja selkeytt\u00e4 huoneilmaan<\/li>\n<li data-start=\"564\" data-end=\"632\"><strong data-start=\"564\" data-end=\"588\">Energisoiva vaikutus<\/strong> \u2013 saa mielen virke\u00e4ksi ja pirist\u00e4\u00e4 p\u00e4iv\u00e4\u00e4<\/li>\n<li data-start=\"635\" data-end=\"728\"><strong data-start=\"635\" data-end=\"660\">Tehokas hajunpoistaja<\/strong> \u2013 raikastaa tilat poistamalla tunkkaiset ja ep\u00e4miellytt\u00e4v\u00e4t hajut<\/li>\n<\/ul>\n<p data-start=\"730\" data-end=\"873\"><strong data-start=\"730\" data-end=\"745\">K\u00e4ytt\u00f6ohje:<\/strong> lis\u00e4\u00e4 4\u20135 tippaa Hyla-vesis\u00e4ili\u00f6\u00f6n (4 litraa vett\u00e4) siivouksen aikana tai sen j\u00e4lkeen ja nauti mintun raikkaasta tunnelmasta.<\/p>\n<p data-start=\"875\" data-end=\"969\"><strong>Hyla tuoksu Minttu 90 ml<\/strong>\u00a0pullo on k\u00e4tev\u00e4 koko p\u00e4ivitt\u00e4iseen k\u00e4ytt\u00f6\u00f6n ja tarjoaa pitk\u00e4kestoisen tuoksuel\u00e4myksen.<\/p>\n<p data-start=\"971\" data-end=\"1040\">\ud83d\udc49 Tilaa nyt ja virkist\u00e4 kotisi mintun luonnollisella raikkaudella!<\/p>\n<ul>\n<li data-start=\"1406\" data-end=\"1452\"><strong data-start=\"1406\" data-end=\"1415\">90 ml<\/strong>\u00a0\u2013 pienempi pullo arkiseen k\u00e4ytt\u00f6\u00f6n<\/li>\n<li data-start=\"1455\" data-end=\"1514\"><strong data-start=\"1455\" data-end=\"1465\">500 ml<\/strong>\u00a0\u2013 riittoisa vaihtoehto pitk\u00e4aikaiseen k\u00e4ytt\u00f6\u00f6n<\/li>\n<\/ul>\n<p data-start=\"1665\" data-end=\"1810\"><img decoding=\"async\" class=\"emoji\" role=\"img\" draggable=\"false\" src=\"https:\/\/s.w.org\/images\/core\/emoji\/16.0.1\/svg\/1f449.svg\" alt=\"\ud83d\udc49\" \/>\u00a0Hyla-tuoksuja on yhteens\u00e4\u00a0<strong data-start=\"1694\" data-end=\"1709\">8 erilaista<\/strong>, joista Minttu poistaa tehokkaasti ep\u00e4miellytt\u00e4v\u00e4t hajut ja luo raikkaan, puhtaan ilmapiirin.<\/p>\n<p><strong>Lue lis\u00e4\u00e4 Hyla tuoksuista\u00a0<a href=\"https:\/\/hylajams.fi\/?p=5064\">T\u00c4\u00c4LT\u00c4<\/a><\/strong><\/p>\n<p><a href=\"https:\/\/hylajams.fi\/?product_cat=natural-care-tuoksut\"><strong>Natural Care tuotteet verkkokaupassa<\/strong><\/a><\/p>\n<p><a href=\"https:\/\/www.hyla-naturalcare.com\/en\/\"><strong><span dir=\"auto\">Hyla Natural Care<\/span><\/strong><\/a><\/p>\n<ul>\n<li><\/li>\n<\/ul>\n","protected":false},"excerpt":{"rendered":"<h4>Hyla tuoksu Minttu 90 ml<\/h4>\n<p>Raikas ja pirist\u00e4v\u00e4 mintun tuoksu, joka virkist\u00e4\u00e4 mielen, puhdistaa huoneilman ja luo energisen tunnelman.<\/p>\n<h4><\/h4>\n<h4><span style=\"color: #339966;\"><strong>L<\/strong><\/span><\/h4>\n","protected":false},"featured_media":7110,"template":"","meta":[],"product_brand":[],"product_cat":[1089],"product_tag":[1938,1931,1932,1131,1933,78,1979,1935],"class_list":{"0":"post-1413","1":"product","2":"type-product","3":"status-publish","4":"has-post-thumbnail","6":"product_cat-hyla-tuoksut-90-ml","7":"product_tag-huonetuoksu","8":"product_tag-hyla-est-tuoksu","9":"product_tag-hyla-gst-tuoksu","10":"product_tag-hyla-lisavaruste","11":"product_tag-hyla-nst-tuoksu","12":"product_tag-ilmanraikastin","13":"product_tag-minttu-hyla-tuoksu-90-ml","14":"product_tag-minttutuoksu","15":"product_shipping_class-posti-s-paketti-11x32x3-cm-35-kg","16":"_wholesalex wsx-wholesalex-product","18":"first","19":"instock","20":"featured","21":"sold-individually","22":"shipping-taxable","23":"purchasable","24":"product-type-simple"},"yoast_head":"<!-- This site is optimized with the Yoast SEO plugin v27.3 - https:\/\/yoast.com\/product\/yoast-seo-wordpress\/ -->\n<title>Hyla tuoksu Minttu 90 ml - tuo kotiisi raikasta ja pirte\u00e4\u00e4 tuoksua<\/title>\n<meta name=\"description\" content=\"Hyla tuoksu Minttu 90 ml - Hyla mintun -tuoksu on t\u00e4ydellinen valinta, jos etsit raikasta ja virkist\u00e4v\u00e4\u00e4 tuoksua, joka raikastaa huoneilman.\" \/>\n<meta name=\"robots\" content=\"index, follow, max-snippet:-1, max-image-preview:large, max-video-preview:-1\" \/>\n<link rel=\"canonical\" href=\"https:\/\/hylajams.fi\/?product=hyla-tuoksu-minttu-90-ml\" \/>\n<meta property=\"og:locale\" content=\"fi_FI\" \/>\n<meta property=\"og:type\" content=\"article\" \/>\n<meta property=\"og:title\" content=\"Hyla tuoksu Minttu 90 ml - tuo kotiisi raikasta ja pirte\u00e4\u00e4 tuoksua\" \/>\n<meta property=\"og:description\" content=\"Hyla tuoksu Minttu 90 ml - Hyla mintun -tuoksu on t\u00e4ydellinen valinta, jos etsit raikasta ja virkist\u00e4v\u00e4\u00e4 tuoksua, joka raikastaa huoneilman.\" \/>\n<meta property=\"og:url\" content=\"https:\/\/hylajams.fi\/?product=hyla-tuoksu-minttu-90-ml\" \/>\n<meta property=\"og:site_name\" content=\"Hyla Jams Verkkokauppa\" \/>\n<meta property=\"article:modified_time\" content=\"2026-02-28T10:36:49+00:00\" \/>\n<meta property=\"og:image\" content=\"https:\/\/hylajams.fi\/wp-content\/uploads\/2021\/08\/17268-MENTHE-TUOKSU1.png\" \/>\n\t<meta property=\"og:image:width\" content=\"595\" \/>\n\t<meta property=\"og:image:height\" content=\"583\" \/>\n\t<meta property=\"og:image:type\" content=\"image\/png\" \/>\n<meta name=\"twitter:card\" content=\"summary_large_image\" \/>\n<meta name=\"twitter:label1\" content=\"Arvioitu lukuaika\" \/>\n\t<meta name=\"twitter:data1\" content=\"2 minuuttia\" \/>\n<script type=\"application\/ld+json\" class=\"yoast-schema-graph\">{\"@context\":\"https:\\\/\\\/schema.org\",\"@graph\":[{\"@type\":\"WebPage\",\"@id\":\"https:\\\/\\\/hylajams.fi\\\/?product=hyla-tuoksu-minttu-90-ml\",\"url\":\"https:\\\/\\\/hylajams.fi\\\/?product=hyla-tuoksu-minttu-90-ml\",\"name\":\"Hyla tuoksu Minttu 90 ml - tuo kotiisi raikasta ja pirte\u00e4\u00e4 tuoksua\",\"isPartOf\":{\"@id\":\"https:\\\/\\\/hylajams.fi\\\/#website\"},\"primaryImageOfPage\":{\"@id\":\"https:\\\/\\\/hylajams.fi\\\/?product=hyla-tuoksu-minttu-90-ml#primaryimage\"},\"image\":{\"@id\":\"https:\\\/\\\/hylajams.fi\\\/?product=hyla-tuoksu-minttu-90-ml#primaryimage\"},\"thumbnailUrl\":\"https:\\\/\\\/hylajams.fi\\\/wp-content\\\/uploads\\\/2021\\\/08\\\/17268-MENTHE-TUOKSU1.png\",\"datePublished\":\"2021-08-03T16:38:14+00:00\",\"dateModified\":\"2026-02-28T10:36:49+00:00\",\"description\":\"Hyla tuoksu Minttu 90 ml - Hyla mintun -tuoksu on t\u00e4ydellinen valinta, jos etsit raikasta ja virkist\u00e4v\u00e4\u00e4 tuoksua, joka raikastaa huoneilman.\",\"breadcrumb\":{\"@id\":\"https:\\\/\\\/hylajams.fi\\\/?product=hyla-tuoksu-minttu-90-ml#breadcrumb\"},\"inLanguage\":\"fi\",\"potentialAction\":[{\"@type\":\"ReadAction\",\"target\":[\"https:\\\/\\\/hylajams.fi\\\/?product=hyla-tuoksu-minttu-90-ml\"]}]},{\"@type\":\"ImageObject\",\"inLanguage\":\"fi\",\"@id\":\"https:\\\/\\\/hylajams.fi\\\/?product=hyla-tuoksu-minttu-90-ml#primaryimage\",\"url\":\"https:\\\/\\\/hylajams.fi\\\/wp-content\\\/uploads\\\/2021\\\/08\\\/17268-MENTHE-TUOKSU1.png\",\"contentUrl\":\"https:\\\/\\\/hylajams.fi\\\/wp-content\\\/uploads\\\/2021\\\/08\\\/17268-MENTHE-TUOKSU1.png\",\"width\":595,\"height\":583,\"caption\":\"Hyla tuoksut\"},{\"@type\":\"BreadcrumbList\",\"@id\":\"https:\\\/\\\/hylajams.fi\\\/?product=hyla-tuoksu-minttu-90-ml#breadcrumb\",\"itemListElement\":[{\"@type\":\"ListItem\",\"position\":1,\"name\":\"Etusivu\",\"item\":\"https:\\\/\\\/hylajams.fi\\\/\"},{\"@type\":\"ListItem\",\"position\":2,\"name\":\"VERKKOKAUPPA\",\"item\":\"https:\\\/\\\/hylajams.fi\\\/?page_id=9\"},{\"@type\":\"ListItem\",\"position\":3,\"name\":\"17268 Minttu Hyla tuoksu 90 ml\"}]},{\"@type\":\"WebSite\",\"@id\":\"https:\\\/\\\/hylajams.fi\\\/#website\",\"url\":\"https:\\\/\\\/hylajams.fi\\\/\",\"name\":\"Hyla Jams Verkkokauppa\",\"description\":\"Hyla ilman- ja huoneen puhdistusj\u00e4rjestelm\u00e4 Suomessa\",\"publisher\":{\"@id\":\"https:\\\/\\\/hylajams.fi\\\/#organization\"},\"potentialAction\":[{\"@type\":\"SearchAction\",\"target\":{\"@type\":\"EntryPoint\",\"urlTemplate\":\"https:\\\/\\\/hylajams.fi\\\/?s={search_term_string}\"},\"query-input\":{\"@type\":\"PropertyValueSpecification\",\"valueRequired\":true,\"valueName\":\"search_term_string\"}}],\"inLanguage\":\"fi\"},{\"@type\":\"Organization\",\"@id\":\"https:\\\/\\\/hylajams.fi\\\/#organization\",\"name\":\"Hyla Jams Verkkokauppa\",\"url\":\"https:\\\/\\\/hylajams.fi\\\/\",\"logo\":{\"@type\":\"ImageObject\",\"inLanguage\":\"fi\",\"@id\":\"https:\\\/\\\/hylajams.fi\\\/#\\\/schema\\\/logo\\\/image\\\/\",\"url\":\"https:\\\/\\\/hylajams.fi\\\/wp-content\\\/uploads\\\/2025\\\/02\\\/Logo-1-2.jpg\",\"contentUrl\":\"https:\\\/\\\/hylajams.fi\\\/wp-content\\\/uploads\\\/2025\\\/02\\\/Logo-1-2.jpg\",\"width\":500,\"height\":500,\"caption\":\"Hyla Jams Verkkokauppa\"},\"image\":{\"@id\":\"https:\\\/\\\/hylajams.fi\\\/#\\\/schema\\\/logo\\\/image\\\/\"},\"sameAs\":[\"https:\\\/\\\/www.instagram.com\\\/hylasiivous\\\/\"]}]}<\/script>\n<!-- \/ Yoast SEO plugin. -->","yoast_head_json":{"title":"Hyla tuoksu Minttu 90 ml - tuo kotiisi raikasta ja pirte\u00e4\u00e4 tuoksua","description":"Hyla tuoksu Minttu 90 ml - Hyla mintun -tuoksu on t\u00e4ydellinen valinta, jos etsit raikasta ja virkist\u00e4v\u00e4\u00e4 tuoksua, joka raikastaa huoneilman.","robots":{"index":"index","follow":"follow","max-snippet":"max-snippet:-1","max-image-preview":"max-image-preview:large","max-video-preview":"max-video-preview:-1"},"canonical":"https:\/\/hylajams.fi\/?product=hyla-tuoksu-minttu-90-ml","og_locale":"fi_FI","og_type":"article","og_title":"Hyla tuoksu Minttu 90 ml - tuo kotiisi raikasta ja pirte\u00e4\u00e4 tuoksua","og_description":"Hyla tuoksu Minttu 90 ml - Hyla mintun -tuoksu on t\u00e4ydellinen valinta, jos etsit raikasta ja virkist\u00e4v\u00e4\u00e4 tuoksua, joka raikastaa huoneilman.","og_url":"https:\/\/hylajams.fi\/?product=hyla-tuoksu-minttu-90-ml","og_site_name":"Hyla Jams Verkkokauppa","article_modified_time":"2026-02-28T10:36:49+00:00","og_image":[{"width":595,"height":583,"url":"https:\/\/hylajams.fi\/wp-content\/uploads\/2021\/08\/17268-MENTHE-TUOKSU1.png","type":"image\/png"}],"twitter_card":"summary_large_image","twitter_misc":{"Arvioitu lukuaika":"2 minuuttia"},"schema":{"@context":"https:\/\/schema.org","@graph":[{"@type":"WebPage","@id":"https:\/\/hylajams.fi\/?product=hyla-tuoksu-minttu-90-ml","url":"https:\/\/hylajams.fi\/?product=hyla-tuoksu-minttu-90-ml","name":"Hyla tuoksu Minttu 90 ml - tuo kotiisi raikasta ja pirte\u00e4\u00e4 tuoksua","isPartOf":{"@id":"https:\/\/hylajams.fi\/#website"},"primaryImageOfPage":{"@id":"https:\/\/hylajams.fi\/?product=hyla-tuoksu-minttu-90-ml#primaryimage"},"image":{"@id":"https:\/\/hylajams.fi\/?product=hyla-tuoksu-minttu-90-ml#primaryimage"},"thumbnailUrl":"https:\/\/hylajams.fi\/wp-content\/uploads\/2021\/08\/17268-MENTHE-TUOKSU1.png","datePublished":"2021-08-03T16:38:14+00:00","dateModified":"2026-02-28T10:36:49+00:00","description":"Hyla tuoksu Minttu 90 ml - Hyla mintun -tuoksu on t\u00e4ydellinen valinta, jos etsit raikasta ja virkist\u00e4v\u00e4\u00e4 tuoksua, joka raikastaa huoneilman.","breadcrumb":{"@id":"https:\/\/hylajams.fi\/?product=hyla-tuoksu-minttu-90-ml#breadcrumb"},"inLanguage":"fi","potentialAction":[{"@type":"ReadAction","target":["https:\/\/hylajams.fi\/?product=hyla-tuoksu-minttu-90-ml"]}]},{"@type":"ImageObject","inLanguage":"fi","@id":"https:\/\/hylajams.fi\/?product=hyla-tuoksu-minttu-90-ml#primaryimage","url":"https:\/\/hylajams.fi\/wp-content\/uploads\/2021\/08\/17268-MENTHE-TUOKSU1.png","contentUrl":"https:\/\/hylajams.fi\/wp-content\/uploads\/2021\/08\/17268-MENTHE-TUOKSU1.png","width":595,"height":583,"caption":"Hyla tuoksut"},{"@type":"BreadcrumbList","@id":"https:\/\/hylajams.fi\/?product=hyla-tuoksu-minttu-90-ml#breadcrumb","itemListElement":[{"@type":"ListItem","position":1,"name":"Etusivu","item":"https:\/\/hylajams.fi\/"},{"@type":"ListItem","position":2,"name":"VERKKOKAUPPA","item":"https:\/\/hylajams.fi\/?page_id=9"},{"@type":"ListItem","position":3,"name":"17268 Minttu Hyla tuoksu 90 ml"}]},{"@type":"WebSite","@id":"https:\/\/hylajams.fi\/#website","url":"https:\/\/hylajams.fi\/","name":"Hyla Jams Verkkokauppa","description":"Hyla ilman- ja huoneen puhdistusj\u00e4rjestelm\u00e4 Suomessa","publisher":{"@id":"https:\/\/hylajams.fi\/#organization"},"potentialAction":[{"@type":"SearchAction","target":{"@type":"EntryPoint","urlTemplate":"https:\/\/hylajams.fi\/?s={search_term_string}"},"query-input":{"@type":"PropertyValueSpecification","valueRequired":true,"valueName":"search_term_string"}}],"inLanguage":"fi"},{"@type":"Organization","@id":"https:\/\/hylajams.fi\/#organization","name":"Hyla Jams Verkkokauppa","url":"https:\/\/hylajams.fi\/","logo":{"@type":"ImageObject","inLanguage":"fi","@id":"https:\/\/hylajams.fi\/#\/schema\/logo\/image\/","url":"https:\/\/hylajams.fi\/wp-content\/uploads\/2025\/02\/Logo-1-2.jpg","contentUrl":"https:\/\/hylajams.fi\/wp-content\/uploads\/2025\/02\/Logo-1-2.jpg","width":500,"height":500,"caption":"Hyla Jams Verkkokauppa"},"image":{"@id":"https:\/\/hylajams.fi\/#\/schema\/logo\/image\/"},"sameAs":["https:\/\/www.instagram.com\/hylasiivous\/"]}]}},"_links":{"self":[{"href":"https:\/\/hylajams.fi\/index.php?rest_route=\/wp\/v2\/product\/1413","targetHints":{"allow":["GET"]}}],"collection":[{"href":"https:\/\/hylajams.fi\/index.php?rest_route=\/wp\/v2\/product"}],"about":[{"href":"https:\/\/hylajams.fi\/index.php?rest_route=\/wp\/v2\/types\/product"}],"version-history":[{"count":9,"href":"https:\/\/hylajams.fi\/index.php?rest_route=\/wp\/v2\/product\/1413\/revisions"}],"predecessor-version":[{"id":13227,"href":"https:\/\/hylajams.fi\/index.php?rest_route=\/wp\/v2\/product\/1413\/revisions\/13227"}],"wp:featuredmedia":[{"embeddable":true,"href":"https:\/\/hylajams.fi\/index.php?rest_route=\/wp\/v2\/media\/7110"}],"wp:attachment":[{"href":"https:\/\/hylajams.fi\/index.php?rest_route=%2Fwp%2Fv2%2Fmedia&parent=1413"}],"wp:term":[{"taxonomy":"product_brand","embeddable":true,"href":"https:\/\/hylajams.fi\/index.php?rest_route=%2Fwp%2Fv2%2Fproduct_brand&post=1413"},{"taxonomy":"product_cat","embeddable":true,"href":"https:\/\/hylajams.fi\/index.php?rest_route=%2Fwp%2Fv2%2Fproduct_cat&post=1413"},{"taxonomy":"product_tag","embeddable":true,"href":"https:\/\/hylajams.fi\/index.php?rest_route=%2Fwp%2Fv2%2Fproduct_tag&post=1413"}],"curies":[{"name":"wp","href":"https:\/\/api.w.org\/{rel}","templated":true}]}}