{"id":1406,"date":"2021-08-03T19:20:39","date_gmt":"2021-08-03T16:20:39","guid":{"rendered":"https:\/\/hylajams.fi\/?post_type=product&#038;p=1406"},"modified":"2026-02-28T02:24:28","modified_gmt":"2026-02-28T00:24:28","slug":"hyla-tuoksu-laventeli-90-ml","status":"publish","type":"product","link":"https:\/\/hylajams.fi\/?product=hyla-tuoksu-laventeli-90-ml","title":{"rendered":"17263 Laventeli, Hyla tuoksu 90 ml"},"content":{"rendered":"<p><strong>Hyla tuoksu laventeli 90 ml<\/strong><\/p>\n<p data-start=\"2413\" data-end=\"2708\">Hyla tuoksu 90 ml laventeli tuo kotiisi laventelin luonnollisen ja rentouttavan tuoksun k\u00e4tev\u00e4ss\u00e4 pienemm\u00e4ss\u00e4 pullossa. Lis\u00e4\u00e4 muutama tippa vesip\u00f6lynimurin vesis\u00e4ili\u00f6\u00f6n, ilmanraikastimeen tai h\u00f6yrypuhdistimeen ja koe, miten raikas tuoksu tekee siivouksesta miellytt\u00e4v\u00e4mm\u00e4n.<\/p>\n<p data-start=\"2710\" data-end=\"2967\">Laventelin eteerinen \u00f6ljy on tunnettu rauhoittavista vaikutuksistaan. Se voi auttaa lievitt\u00e4m\u00e4\u00e4n stressi\u00e4, parantamaan unen laatua ja v\u00e4hent\u00e4m\u00e4\u00e4n ahdistusta. Aromaterapiassa laventelituoksua k\u00e4ytet\u00e4\u00e4n usein rentoutumisen tukena ja hyvinvoinnin edist\u00e4j\u00e4n\u00e4.<\/p>\n<p data-start=\"2969\" data-end=\"3142\">Hyla-tuoksuja on saatavana kahdeksaa erilaista sek\u00e4 kahdessa eri pullokoossa \u2013 90 ml ja 500 ml. Valitse omaan k\u00e4ytt\u00f6\u00f6si sopiva koko ja tuo kotiisi laventelin lempe\u00e4 rauha.<\/p>\n<ul>\n<li data-start=\"1406\" data-end=\"1452\"><strong data-start=\"1406\" data-end=\"1415\">90 ml<\/strong>\u00a0\u2013 pienempi pullo arkiseen k\u00e4ytt\u00f6\u00f6n<\/li>\n<li data-start=\"1455\" data-end=\"1514\"><strong data-start=\"1455\" data-end=\"1465\">500 ml<\/strong>\u00a0\u2013 riittoisa vaihtoehto pitk\u00e4aikaiseen k\u00e4ytt\u00f6\u00f6n<\/li>\n<\/ul>\n<p data-start=\"1665\" data-end=\"1810\"><img decoding=\"async\" class=\"emoji\" role=\"img\" draggable=\"false\" src=\"https:\/\/s.w.org\/images\/core\/emoji\/16.0.1\/svg\/1f449.svg\" alt=\"\ud83d\udc49\" \/>\u00a0Hyla-tuoksuja on yhteens\u00e4\u00a0<strong data-start=\"1694\" data-end=\"1709\">8 erilaista<\/strong>, joista sitruuna tuo pirist\u00e4v\u00e4n aromin ja elinvoimaa sek\u00e4 parantaa mielialaa.<\/p>\n<p><strong>Lue lis\u00e4\u00e4 Hyla tuoksuista\u00a0<a href=\"https:\/\/hylajams.fi\/?p=5064\">T\u00c4\u00c4LT\u00c4<\/a><\/strong><\/p>\n<p><a href=\"https:\/\/hylajams.fi\/?product_cat=natural-care-tuoksut\"><strong>Natural Care tuotteet verkkokaupassa<\/strong><\/a><\/p>\n<p><a href=\"https:\/\/www.hyla-naturalcare.com\/en\/\"><strong><span dir=\"auto\">Hyla Natural Care<\/span><\/strong><\/a><\/p>\n","protected":false},"excerpt":{"rendered":"<p>Hyla tuoksu laventeli 90 ml \u2013 rauhoittava laventelin tuoksu, joka v\u00e4hent\u00e4\u00e4 stressi\u00e4 ja luo kotiin rentouttavan tunnelman.<\/p>\n","protected":false},"featured_media":7085,"template":"","meta":[],"product_brand":[],"product_cat":[1089],"product_tag":[1938,1931,1932,1131,1933,78,1956,1946],"class_list":{"0":"post-1406","1":"product","2":"type-product","3":"status-publish","4":"has-post-thumbnail","6":"product_cat-hyla-tuoksut-90-ml","7":"product_tag-huonetuoksu","8":"product_tag-hyla-est-tuoksu","9":"product_tag-hyla-gst-tuoksu","10":"product_tag-hyla-lisavaruste","11":"product_tag-hyla-nst-tuoksu","12":"product_tag-ilmanraikastin","13":"product_tag-laventeli-hyla-tuoksu-90-ml","14":"product_tag-laventelituoksu","15":"product_shipping_class-posti-s-paketti-11x32x3-cm-35-kg","16":"_wholesalex wsx-wholesalex-product","18":"first","19":"instock","20":"featured","21":"sold-individually","22":"shipping-taxable","23":"purchasable","24":"product-type-simple"},"yoast_head":"<!-- This site is optimized with the Yoast SEO plugin v27.3 - https:\/\/yoast.com\/product\/yoast-seo-wordpress\/ -->\n<title>Hyla tuoksu laventeli 90 ml \u2013 rauhoittava laventelin tuoksu<\/title>\n<meta name=\"description\" content=\"Hyla tuoksu laventeli 90 ml \u2013 sopivan kokoinen pullo rauhoittavaa laventelin tuoksua, joka helpottaa stressi\u00e4 ja tukee levollista unta.\" \/>\n<meta name=\"robots\" content=\"index, follow, max-snippet:-1, max-image-preview:large, max-video-preview:-1\" \/>\n<link rel=\"canonical\" href=\"https:\/\/hylajams.fi\/?product=hyla-tuoksu-laventeli-90-ml\" \/>\n<meta property=\"og:locale\" content=\"fi_FI\" \/>\n<meta property=\"og:type\" content=\"article\" \/>\n<meta property=\"og:title\" content=\"Hyla tuoksu laventeli 90 ml \u2013 rauhoittava laventelin tuoksu\" \/>\n<meta property=\"og:description\" content=\"Hyla tuoksu laventeli 90 ml \u2013 sopivan kokoinen pullo rauhoittavaa laventelin tuoksua, joka helpottaa stressi\u00e4 ja tukee levollista unta.\" \/>\n<meta property=\"og:url\" content=\"https:\/\/hylajams.fi\/?product=hyla-tuoksu-laventeli-90-ml\" \/>\n<meta property=\"og:site_name\" content=\"Hyla Jams Verkkokauppa\" \/>\n<meta property=\"article:modified_time\" content=\"2026-02-28T00:24:28+00:00\" \/>\n<meta property=\"og:image\" content=\"https:\/\/hylajams.fi\/wp-content\/uploads\/2021\/08\/17263-laventeli1.png\" \/>\n\t<meta property=\"og:image:width\" content=\"604\" \/>\n\t<meta property=\"og:image:height\" content=\"596\" \/>\n\t<meta property=\"og:image:type\" content=\"image\/png\" \/>\n<meta name=\"twitter:card\" content=\"summary_large_image\" \/>\n<meta name=\"twitter:label1\" content=\"Arvioitu lukuaika\" \/>\n\t<meta name=\"twitter:data1\" content=\"2 minuuttia\" \/>\n<script type=\"application\/ld+json\" class=\"yoast-schema-graph\">{\"@context\":\"https:\\\/\\\/schema.org\",\"@graph\":[{\"@type\":\"WebPage\",\"@id\":\"https:\\\/\\\/hylajams.fi\\\/?product=hyla-tuoksu-laventeli-90-ml\",\"url\":\"https:\\\/\\\/hylajams.fi\\\/?product=hyla-tuoksu-laventeli-90-ml\",\"name\":\"Hyla tuoksu laventeli 90 ml \u2013 rauhoittava laventelin tuoksu\",\"isPartOf\":{\"@id\":\"https:\\\/\\\/hylajams.fi\\\/#website\"},\"primaryImageOfPage\":{\"@id\":\"https:\\\/\\\/hylajams.fi\\\/?product=hyla-tuoksu-laventeli-90-ml#primaryimage\"},\"image\":{\"@id\":\"https:\\\/\\\/hylajams.fi\\\/?product=hyla-tuoksu-laventeli-90-ml#primaryimage\"},\"thumbnailUrl\":\"https:\\\/\\\/hylajams.fi\\\/wp-content\\\/uploads\\\/2021\\\/08\\\/17263-laventeli1.png\",\"datePublished\":\"2021-08-03T16:20:39+00:00\",\"dateModified\":\"2026-02-28T00:24:28+00:00\",\"description\":\"Hyla tuoksu laventeli 90 ml \u2013 sopivan kokoinen pullo rauhoittavaa laventelin tuoksua, joka helpottaa stressi\u00e4 ja tukee levollista unta.\",\"breadcrumb\":{\"@id\":\"https:\\\/\\\/hylajams.fi\\\/?product=hyla-tuoksu-laventeli-90-ml#breadcrumb\"},\"inLanguage\":\"fi\",\"potentialAction\":[{\"@type\":\"ReadAction\",\"target\":[\"https:\\\/\\\/hylajams.fi\\\/?product=hyla-tuoksu-laventeli-90-ml\"]}]},{\"@type\":\"ImageObject\",\"inLanguage\":\"fi\",\"@id\":\"https:\\\/\\\/hylajams.fi\\\/?product=hyla-tuoksu-laventeli-90-ml#primaryimage\",\"url\":\"https:\\\/\\\/hylajams.fi\\\/wp-content\\\/uploads\\\/2021\\\/08\\\/17263-laventeli1.png\",\"contentUrl\":\"https:\\\/\\\/hylajams.fi\\\/wp-content\\\/uploads\\\/2021\\\/08\\\/17263-laventeli1.png\",\"width\":604,\"height\":596,\"caption\":\"17273 Hyla tuoksu Laventeli\"},{\"@type\":\"BreadcrumbList\",\"@id\":\"https:\\\/\\\/hylajams.fi\\\/?product=hyla-tuoksu-laventeli-90-ml#breadcrumb\",\"itemListElement\":[{\"@type\":\"ListItem\",\"position\":1,\"name\":\"Etusivu\",\"item\":\"https:\\\/\\\/hylajams.fi\\\/\"},{\"@type\":\"ListItem\",\"position\":2,\"name\":\"VERKKOKAUPPA\",\"item\":\"https:\\\/\\\/hylajams.fi\\\/?page_id=9\"},{\"@type\":\"ListItem\",\"position\":3,\"name\":\"17263 Laventeli, Hyla tuoksu 90 ml\"}]},{\"@type\":\"WebSite\",\"@id\":\"https:\\\/\\\/hylajams.fi\\\/#website\",\"url\":\"https:\\\/\\\/hylajams.fi\\\/\",\"name\":\"Hyla Jams Verkkokauppa\",\"description\":\"Hyla ilman- ja huoneen puhdistusj\u00e4rjestelm\u00e4 Suomessa\",\"publisher\":{\"@id\":\"https:\\\/\\\/hylajams.fi\\\/#organization\"},\"potentialAction\":[{\"@type\":\"SearchAction\",\"target\":{\"@type\":\"EntryPoint\",\"urlTemplate\":\"https:\\\/\\\/hylajams.fi\\\/?s={search_term_string}\"},\"query-input\":{\"@type\":\"PropertyValueSpecification\",\"valueRequired\":true,\"valueName\":\"search_term_string\"}}],\"inLanguage\":\"fi\"},{\"@type\":\"Organization\",\"@id\":\"https:\\\/\\\/hylajams.fi\\\/#organization\",\"name\":\"Hyla Jams Verkkokauppa\",\"url\":\"https:\\\/\\\/hylajams.fi\\\/\",\"logo\":{\"@type\":\"ImageObject\",\"inLanguage\":\"fi\",\"@id\":\"https:\\\/\\\/hylajams.fi\\\/#\\\/schema\\\/logo\\\/image\\\/\",\"url\":\"https:\\\/\\\/hylajams.fi\\\/wp-content\\\/uploads\\\/2025\\\/02\\\/Logo-1-2.jpg\",\"contentUrl\":\"https:\\\/\\\/hylajams.fi\\\/wp-content\\\/uploads\\\/2025\\\/02\\\/Logo-1-2.jpg\",\"width\":500,\"height\":500,\"caption\":\"Hyla Jams Verkkokauppa\"},\"image\":{\"@id\":\"https:\\\/\\\/hylajams.fi\\\/#\\\/schema\\\/logo\\\/image\\\/\"},\"sameAs\":[\"https:\\\/\\\/www.instagram.com\\\/hylasiivous\\\/\"]}]}<\/script>\n<!-- \/ Yoast SEO plugin. -->","yoast_head_json":{"title":"Hyla tuoksu laventeli 90 ml \u2013 rauhoittava laventelin tuoksu","description":"Hyla tuoksu laventeli 90 ml \u2013 sopivan kokoinen pullo rauhoittavaa laventelin tuoksua, joka helpottaa stressi\u00e4 ja tukee levollista unta.","robots":{"index":"index","follow":"follow","max-snippet":"max-snippet:-1","max-image-preview":"max-image-preview:large","max-video-preview":"max-video-preview:-1"},"canonical":"https:\/\/hylajams.fi\/?product=hyla-tuoksu-laventeli-90-ml","og_locale":"fi_FI","og_type":"article","og_title":"Hyla tuoksu laventeli 90 ml \u2013 rauhoittava laventelin tuoksu","og_description":"Hyla tuoksu laventeli 90 ml \u2013 sopivan kokoinen pullo rauhoittavaa laventelin tuoksua, joka helpottaa stressi\u00e4 ja tukee levollista unta.","og_url":"https:\/\/hylajams.fi\/?product=hyla-tuoksu-laventeli-90-ml","og_site_name":"Hyla Jams Verkkokauppa","article_modified_time":"2026-02-28T00:24:28+00:00","og_image":[{"width":604,"height":596,"url":"https:\/\/hylajams.fi\/wp-content\/uploads\/2021\/08\/17263-laventeli1.png","type":"image\/png"}],"twitter_card":"summary_large_image","twitter_misc":{"Arvioitu lukuaika":"2 minuuttia"},"schema":{"@context":"https:\/\/schema.org","@graph":[{"@type":"WebPage","@id":"https:\/\/hylajams.fi\/?product=hyla-tuoksu-laventeli-90-ml","url":"https:\/\/hylajams.fi\/?product=hyla-tuoksu-laventeli-90-ml","name":"Hyla tuoksu laventeli 90 ml \u2013 rauhoittava laventelin tuoksu","isPartOf":{"@id":"https:\/\/hylajams.fi\/#website"},"primaryImageOfPage":{"@id":"https:\/\/hylajams.fi\/?product=hyla-tuoksu-laventeli-90-ml#primaryimage"},"image":{"@id":"https:\/\/hylajams.fi\/?product=hyla-tuoksu-laventeli-90-ml#primaryimage"},"thumbnailUrl":"https:\/\/hylajams.fi\/wp-content\/uploads\/2021\/08\/17263-laventeli1.png","datePublished":"2021-08-03T16:20:39+00:00","dateModified":"2026-02-28T00:24:28+00:00","description":"Hyla tuoksu laventeli 90 ml \u2013 sopivan kokoinen pullo rauhoittavaa laventelin tuoksua, joka helpottaa stressi\u00e4 ja tukee levollista unta.","breadcrumb":{"@id":"https:\/\/hylajams.fi\/?product=hyla-tuoksu-laventeli-90-ml#breadcrumb"},"inLanguage":"fi","potentialAction":[{"@type":"ReadAction","target":["https:\/\/hylajams.fi\/?product=hyla-tuoksu-laventeli-90-ml"]}]},{"@type":"ImageObject","inLanguage":"fi","@id":"https:\/\/hylajams.fi\/?product=hyla-tuoksu-laventeli-90-ml#primaryimage","url":"https:\/\/hylajams.fi\/wp-content\/uploads\/2021\/08\/17263-laventeli1.png","contentUrl":"https:\/\/hylajams.fi\/wp-content\/uploads\/2021\/08\/17263-laventeli1.png","width":604,"height":596,"caption":"17273 Hyla tuoksu Laventeli"},{"@type":"BreadcrumbList","@id":"https:\/\/hylajams.fi\/?product=hyla-tuoksu-laventeli-90-ml#breadcrumb","itemListElement":[{"@type":"ListItem","position":1,"name":"Etusivu","item":"https:\/\/hylajams.fi\/"},{"@type":"ListItem","position":2,"name":"VERKKOKAUPPA","item":"https:\/\/hylajams.fi\/?page_id=9"},{"@type":"ListItem","position":3,"name":"17263 Laventeli, Hyla tuoksu 90 ml"}]},{"@type":"WebSite","@id":"https:\/\/hylajams.fi\/#website","url":"https:\/\/hylajams.fi\/","name":"Hyla Jams Verkkokauppa","description":"Hyla ilman- ja huoneen puhdistusj\u00e4rjestelm\u00e4 Suomessa","publisher":{"@id":"https:\/\/hylajams.fi\/#organization"},"potentialAction":[{"@type":"SearchAction","target":{"@type":"EntryPoint","urlTemplate":"https:\/\/hylajams.fi\/?s={search_term_string}"},"query-input":{"@type":"PropertyValueSpecification","valueRequired":true,"valueName":"search_term_string"}}],"inLanguage":"fi"},{"@type":"Organization","@id":"https:\/\/hylajams.fi\/#organization","name":"Hyla Jams Verkkokauppa","url":"https:\/\/hylajams.fi\/","logo":{"@type":"ImageObject","inLanguage":"fi","@id":"https:\/\/hylajams.fi\/#\/schema\/logo\/image\/","url":"https:\/\/hylajams.fi\/wp-content\/uploads\/2025\/02\/Logo-1-2.jpg","contentUrl":"https:\/\/hylajams.fi\/wp-content\/uploads\/2025\/02\/Logo-1-2.jpg","width":500,"height":500,"caption":"Hyla Jams Verkkokauppa"},"image":{"@id":"https:\/\/hylajams.fi\/#\/schema\/logo\/image\/"},"sameAs":["https:\/\/www.instagram.com\/hylasiivous\/"]}]}},"_links":{"self":[{"href":"https:\/\/hylajams.fi\/index.php?rest_route=\/wp\/v2\/product\/1406","targetHints":{"allow":["GET"]}}],"collection":[{"href":"https:\/\/hylajams.fi\/index.php?rest_route=\/wp\/v2\/product"}],"about":[{"href":"https:\/\/hylajams.fi\/index.php?rest_route=\/wp\/v2\/types\/product"}],"version-history":[{"count":11,"href":"https:\/\/hylajams.fi\/index.php?rest_route=\/wp\/v2\/product\/1406\/revisions"}],"predecessor-version":[{"id":13223,"href":"https:\/\/hylajams.fi\/index.php?rest_route=\/wp\/v2\/product\/1406\/revisions\/13223"}],"wp:featuredmedia":[{"embeddable":true,"href":"https:\/\/hylajams.fi\/index.php?rest_route=\/wp\/v2\/media\/7085"}],"wp:attachment":[{"href":"https:\/\/hylajams.fi\/index.php?rest_route=%2Fwp%2Fv2%2Fmedia&parent=1406"}],"wp:term":[{"taxonomy":"product_brand","embeddable":true,"href":"https:\/\/hylajams.fi\/index.php?rest_route=%2Fwp%2Fv2%2Fproduct_brand&post=1406"},{"taxonomy":"product_cat","embeddable":true,"href":"https:\/\/hylajams.fi\/index.php?rest_route=%2Fwp%2Fv2%2Fproduct_cat&post=1406"},{"taxonomy":"product_tag","embeddable":true,"href":"https:\/\/hylajams.fi\/index.php?rest_route=%2Fwp%2Fv2%2Fproduct_tag&post=1406"}],"curies":[{"name":"wp","href":"https:\/\/api.w.org\/{rel}","templated":true}]}}