{"id":1400,"date":"2021-08-03T19:14:57","date_gmt":"2021-08-03T16:14:57","guid":{"rendered":"https:\/\/hylajams.fi\/?post_type=product&#038;p=1400"},"modified":"2026-02-28T02:25:38","modified_gmt":"2026-02-28T00:25:38","slug":"hyla-tuoksu-eksoottinen-90-ml","status":"publish","type":"product","link":"https:\/\/hylajams.fi\/?product=hyla-tuoksu-eksoottinen-90-ml","title":{"rendered":"17267 Eksoottinen Hyla tuoksu 90 ml"},"content":{"rendered":"<p><strong>Hyla tuoksu\u00a0Eksoottinen 90 ml<\/strong><\/p>\n<p><strong>Kuvaus:<\/strong><br \/>\n<strong>Hyla tuoksu\u00a0Eksoottinen 90 ml<\/strong> vie sinut trooppisen paratiisin syd\u00e4meen, tuoden kotiisi raikkaita ja eksoottisia tuoksuja. T\u00e4m\u00e4 moniulotteinen ja houkutteleva tuoksu yhdist\u00e4\u00e4 eksoottisten hedelmien, kukkien ja metsien aromit, luoden ainutlaatuisen tunnelman, joka virkist\u00e4\u00e4 ja raikastaa huoneilman. Eksoottinen tuoksu tuo ripauksen seikkailua ja loma-fiilist\u00e4 jokap\u00e4iv\u00e4iseen el\u00e4m\u00e4\u00e4n.<\/p>\n<p><strong>Eksoottisen tuoksun ominaisuudet:<\/strong><\/p>\n<ul>\n<li><strong>Raikas ja virkist\u00e4v\u00e4:<\/strong> Eksoottinen tuoksu tuo tropiikin l\u00e4mp\u00f6\u00e4 ja raikkautta kotiisi, virkist\u00e4en ja raikastaen huoneilman.<\/li>\n<li><strong>Moniulotteinen:<\/strong> Tuoksu yhdist\u00e4\u00e4 makeat ja hedelm\u00e4iset nuotit, jotka luovat tasapainoisen ja kutsuvan ymp\u00e4rist\u00f6n.<\/li>\n<li><strong>Virkist\u00e4\u00e4 aisteja:<\/strong> T\u00e4m\u00e4 tuoksu on t\u00e4ydellinen, kun kaipaat elinvoimaa ja uutta energiaa kotiisi.<\/li>\n<\/ul>\n<p><strong>K\u00e4ytt\u00f6ohje:<\/strong><\/p>\n<ul>\n<li>Lis\u00e4\u00e4 4\u20135 tippaa Hyla-vesis\u00e4ili\u00f6\u00f6n (4 litraa vett\u00e4) siivouksen aikana tai huoneilman raikastamiseen. Eksoottinen tuoksu tuo my\u00f6s virkistyst\u00e4 ja raikkautta erityisesti olohuoneeseen, makuuhuoneeseen tai muuhun tilaan, jossa haluat nauttia trooppisista tuoksuista.<\/li>\n<\/ul>\n<p><strong>Pakkauskoko:<\/strong><\/p>\n<ul>\n<li><strong>90 ml pullo<\/strong> \u2013 k\u00e4tev\u00e4 koko nauttimiseen eksoottisesta tuoksuel\u00e4myksest\u00e4 p\u00e4ivitt\u00e4in.<\/li>\n<\/ul>\n<p><strong>Hy\u00f6dyt:<\/strong><br \/>\nHyla Eksoottinen -tuoksu tuo kotiisi trooppisten paratiisien tuoksut ja virkist\u00e4\u00e4 ilman raikkaudellaan. T\u00e4m\u00e4 monivivahteinen tuoksu lis\u00e4\u00e4 kotiin eksoottista tunnelmaa ja tuo ripauksen seikkailua jokaiseen p\u00e4iv\u00e4\u00e4n.<\/p>\n<p><strong>Tilaa nyt ja vie kotisi tuoksuel\u00e4mys eksoottiselle tasolle Hyla Eksoottinen -tuoksulla!<\/strong><\/p>\n<ul>\n<li>Pulloissa on turvakorkit.<\/li>\n<li>Tuoksuja miellytt\u00e4v\u00e4\u00e4n sis\u00e4tilan tunnelmaan.<\/li>\n<li>Hurmaa aistit HYLA:n erityisill\u00e4 tuoksuilla ja luo asunnollesi henkil\u00f6kohtainen piirre.<\/li>\n<li>HYLA tuoksuja saa 8 eri luonnollisilla vaihtoehdoilla.<\/li>\n<li>Lis\u00e4\u00e4 tuoksua veteen, josta se siirtyy ilmaan HYLA:n ilmanraikastimella tai HYLA -laitteella.<\/li>\n<li>Jokainen HYLA tuoksu on valmistettu luonnon materiaalista.<\/li>\n<\/ul>\n<ul>\n<li data-start=\"1406\" data-end=\"1452\"><strong data-start=\"1406\" data-end=\"1415\">90 ml<\/strong>\u00a0\u2013 pienempi pullo arkiseen k\u00e4ytt\u00f6\u00f6n<\/li>\n<li data-start=\"1455\" data-end=\"1514\"><strong data-start=\"1455\" data-end=\"1465\">500 ml<\/strong>\u00a0\u2013 riittoisa vaihtoehto pitk\u00e4aikaiseen k\u00e4ytt\u00f6\u00f6n<\/li>\n<\/ul>\n<p data-start=\"1665\" data-end=\"1810\"><img decoding=\"async\" class=\"emoji\" role=\"img\" draggable=\"false\" src=\"https:\/\/s.w.org\/images\/core\/emoji\/16.0.1\/svg\/1f449.svg\" alt=\"\ud83d\udc49\" \/>\u00a0Hyla-tuoksuja on yhteens\u00e4\u00a0<strong data-start=\"1694\" data-end=\"1709\">8 erilaista<\/strong>, joista Eksoottinen on t\u00e4ydellinen valinta, kun haluat kotiisi hedelm\u00e4isen ja kukkaisen vivahteen.<\/p>\n<p><strong>Lue lis\u00e4\u00e4 Hyla tuoksuista\u00a0<a href=\"https:\/\/hylajams.fi\/?p=5064\">T\u00c4\u00c4LT\u00c4<\/a><\/strong><\/p>\n<p><a href=\"https:\/\/hylajams.fi\/?product_cat=natural-care-tuoksut\"><strong>Natural Care tuotteet verkkokaupassa<\/strong><\/a><\/p>\n<p><a href=\"https:\/\/www.hyla-naturalcare.com\/en\/\"><strong><span dir=\"auto\">Hyla Natural Care<\/span><\/strong><\/a><\/p>\n","protected":false},"excerpt":{"rendered":"<p><strong>Hyla tuoksu Eksoottinen 90 ml\u00a0<\/strong>vie sinut trooppisen paratiisin syd\u00e4meen. K\u00e4tev\u00e4 pieni pullo on t\u00e4ydellinen silloin, kun haluat raikastaa kotiisi kukkaisia ja hedelm\u00e4isi\u00e4 tuoksuja.<\/p>\n","protected":false},"featured_media":7101,"template":"","meta":[],"product_brand":[],"product_cat":[1089],"product_tag":[1957,837,1938,1931,1932,1131,1933,78],"class_list":{"0":"post-1400","1":"product","2":"type-product","3":"status-publish","4":"has-post-thumbnail","6":"product_cat-hyla-tuoksut-90-ml","7":"product_tag-eksoottinen-hyla-tuoksu-90-ml","8":"product_tag-eksoottinen-tuoksu","9":"product_tag-huonetuoksu","10":"product_tag-hyla-est-tuoksu","11":"product_tag-hyla-gst-tuoksu","12":"product_tag-hyla-lisavaruste","13":"product_tag-hyla-nst-tuoksu","14":"product_tag-ilmanraikastin","15":"product_shipping_class-posti-s-paketti-11x32x3-cm-35-kg","16":"_wholesalex wsx-wholesalex-product","18":"first","19":"instock","20":"featured","21":"shipping-taxable","22":"purchasable","23":"product-type-simple"},"yoast_head":"<!-- This site is optimized with the Yoast SEO plugin v27.3 - https:\/\/yoast.com\/product\/yoast-seo-wordpress\/ -->\n<title>Hyla tuoksu\u00a0Eksoottinen 90 ml - romanttinen tunnelma kotiin<\/title>\n<meta name=\"description\" content=\"Hyla tuoksu\u00a0Eksoottinen 90 ml - Raikastaa ja virkist\u00e4\u00e4 huoneilmaa ilman kemiallisia raikastimia. Helppo ja riittoisa \u2013 muutama tippa riitt\u00e4\u00e4.\" \/>\n<meta name=\"robots\" content=\"index, follow, max-snippet:-1, max-image-preview:large, max-video-preview:-1\" \/>\n<link rel=\"canonical\" href=\"https:\/\/hylajams.fi\/?product=hyla-tuoksu-eksoottinen-90-ml\" \/>\n<meta property=\"og:locale\" content=\"fi_FI\" \/>\n<meta property=\"og:type\" content=\"article\" \/>\n<meta property=\"og:title\" content=\"Hyla tuoksu\u00a0Eksoottinen 90 ml - romanttinen tunnelma kotiin\" \/>\n<meta property=\"og:description\" content=\"Hyla tuoksu\u00a0Eksoottinen 90 ml - Raikastaa ja virkist\u00e4\u00e4 huoneilmaa ilman kemiallisia raikastimia. Helppo ja riittoisa \u2013 muutama tippa riitt\u00e4\u00e4.\" \/>\n<meta property=\"og:url\" content=\"https:\/\/hylajams.fi\/?product=hyla-tuoksu-eksoottinen-90-ml\" \/>\n<meta property=\"og:site_name\" content=\"Hyla Jams Verkkokauppa\" \/>\n<meta property=\"article:modified_time\" content=\"2026-02-28T00:25:38+00:00\" \/>\n<meta property=\"og:image\" content=\"https:\/\/hylajams.fi\/wp-content\/uploads\/2021\/08\/17267-Eksoottinen-tuoksu2.png\" \/>\n\t<meta property=\"og:image:width\" content=\"594\" \/>\n\t<meta property=\"og:image:height\" content=\"595\" \/>\n\t<meta property=\"og:image:type\" content=\"image\/png\" \/>\n<meta name=\"twitter:card\" content=\"summary_large_image\" \/>\n<meta name=\"twitter:label1\" content=\"Arvioitu lukuaika\" \/>\n\t<meta name=\"twitter:data1\" content=\"2 minuuttia\" \/>\n<script type=\"application\/ld+json\" class=\"yoast-schema-graph\">{\"@context\":\"https:\\\/\\\/schema.org\",\"@graph\":[{\"@type\":\"WebPage\",\"@id\":\"https:\\\/\\\/hylajams.fi\\\/?product=hyla-tuoksu-eksoottinen-90-ml\",\"url\":\"https:\\\/\\\/hylajams.fi\\\/?product=hyla-tuoksu-eksoottinen-90-ml\",\"name\":\"Hyla tuoksu\u00a0Eksoottinen 90 ml - romanttinen tunnelma kotiin\",\"isPartOf\":{\"@id\":\"https:\\\/\\\/hylajams.fi\\\/#website\"},\"primaryImageOfPage\":{\"@id\":\"https:\\\/\\\/hylajams.fi\\\/?product=hyla-tuoksu-eksoottinen-90-ml#primaryimage\"},\"image\":{\"@id\":\"https:\\\/\\\/hylajams.fi\\\/?product=hyla-tuoksu-eksoottinen-90-ml#primaryimage\"},\"thumbnailUrl\":\"https:\\\/\\\/hylajams.fi\\\/wp-content\\\/uploads\\\/2021\\\/08\\\/17267-Eksoottinen-tuoksu2.png\",\"datePublished\":\"2021-08-03T16:14:57+00:00\",\"dateModified\":\"2026-02-28T00:25:38+00:00\",\"description\":\"Hyla tuoksu\u00a0Eksoottinen 90 ml - Raikastaa ja virkist\u00e4\u00e4 huoneilmaa ilman kemiallisia raikastimia. Helppo ja riittoisa \u2013 muutama tippa riitt\u00e4\u00e4.\",\"breadcrumb\":{\"@id\":\"https:\\\/\\\/hylajams.fi\\\/?product=hyla-tuoksu-eksoottinen-90-ml#breadcrumb\"},\"inLanguage\":\"fi\",\"potentialAction\":[{\"@type\":\"ReadAction\",\"target\":[\"https:\\\/\\\/hylajams.fi\\\/?product=hyla-tuoksu-eksoottinen-90-ml\"]}]},{\"@type\":\"ImageObject\",\"inLanguage\":\"fi\",\"@id\":\"https:\\\/\\\/hylajams.fi\\\/?product=hyla-tuoksu-eksoottinen-90-ml#primaryimage\",\"url\":\"https:\\\/\\\/hylajams.fi\\\/wp-content\\\/uploads\\\/2021\\\/08\\\/17267-Eksoottinen-tuoksu2.png\",\"contentUrl\":\"https:\\\/\\\/hylajams.fi\\\/wp-content\\\/uploads\\\/2021\\\/08\\\/17267-Eksoottinen-tuoksu2.png\",\"width\":594,\"height\":595,\"caption\":\"Hyla tuoksu\u00a0Eksoottinen 90 ml\"},{\"@type\":\"BreadcrumbList\",\"@id\":\"https:\\\/\\\/hylajams.fi\\\/?product=hyla-tuoksu-eksoottinen-90-ml#breadcrumb\",\"itemListElement\":[{\"@type\":\"ListItem\",\"position\":1,\"name\":\"Etusivu\",\"item\":\"https:\\\/\\\/hylajams.fi\\\/\"},{\"@type\":\"ListItem\",\"position\":2,\"name\":\"VERKKOKAUPPA\",\"item\":\"https:\\\/\\\/hylajams.fi\\\/?page_id=9\"},{\"@type\":\"ListItem\",\"position\":3,\"name\":\"17267 Eksoottinen Hyla tuoksu 90 ml\"}]},{\"@type\":\"WebSite\",\"@id\":\"https:\\\/\\\/hylajams.fi\\\/#website\",\"url\":\"https:\\\/\\\/hylajams.fi\\\/\",\"name\":\"Hyla Jams Verkkokauppa\",\"description\":\"Hyla ilman- ja huoneen puhdistusj\u00e4rjestelm\u00e4 Suomessa\",\"publisher\":{\"@id\":\"https:\\\/\\\/hylajams.fi\\\/#organization\"},\"potentialAction\":[{\"@type\":\"SearchAction\",\"target\":{\"@type\":\"EntryPoint\",\"urlTemplate\":\"https:\\\/\\\/hylajams.fi\\\/?s={search_term_string}\"},\"query-input\":{\"@type\":\"PropertyValueSpecification\",\"valueRequired\":true,\"valueName\":\"search_term_string\"}}],\"inLanguage\":\"fi\"},{\"@type\":\"Organization\",\"@id\":\"https:\\\/\\\/hylajams.fi\\\/#organization\",\"name\":\"Hyla Jams Verkkokauppa\",\"url\":\"https:\\\/\\\/hylajams.fi\\\/\",\"logo\":{\"@type\":\"ImageObject\",\"inLanguage\":\"fi\",\"@id\":\"https:\\\/\\\/hylajams.fi\\\/#\\\/schema\\\/logo\\\/image\\\/\",\"url\":\"https:\\\/\\\/hylajams.fi\\\/wp-content\\\/uploads\\\/2025\\\/02\\\/Logo-1-2.jpg\",\"contentUrl\":\"https:\\\/\\\/hylajams.fi\\\/wp-content\\\/uploads\\\/2025\\\/02\\\/Logo-1-2.jpg\",\"width\":500,\"height\":500,\"caption\":\"Hyla Jams Verkkokauppa\"},\"image\":{\"@id\":\"https:\\\/\\\/hylajams.fi\\\/#\\\/schema\\\/logo\\\/image\\\/\"},\"sameAs\":[\"https:\\\/\\\/www.instagram.com\\\/hylasiivous\\\/\"]}]}<\/script>\n<!-- \/ Yoast SEO plugin. -->","yoast_head_json":{"title":"Hyla tuoksu\u00a0Eksoottinen 90 ml - romanttinen tunnelma kotiin","description":"Hyla tuoksu\u00a0Eksoottinen 90 ml - Raikastaa ja virkist\u00e4\u00e4 huoneilmaa ilman kemiallisia raikastimia. Helppo ja riittoisa \u2013 muutama tippa riitt\u00e4\u00e4.","robots":{"index":"index","follow":"follow","max-snippet":"max-snippet:-1","max-image-preview":"max-image-preview:large","max-video-preview":"max-video-preview:-1"},"canonical":"https:\/\/hylajams.fi\/?product=hyla-tuoksu-eksoottinen-90-ml","og_locale":"fi_FI","og_type":"article","og_title":"Hyla tuoksu\u00a0Eksoottinen 90 ml - romanttinen tunnelma kotiin","og_description":"Hyla tuoksu\u00a0Eksoottinen 90 ml - Raikastaa ja virkist\u00e4\u00e4 huoneilmaa ilman kemiallisia raikastimia. Helppo ja riittoisa \u2013 muutama tippa riitt\u00e4\u00e4.","og_url":"https:\/\/hylajams.fi\/?product=hyla-tuoksu-eksoottinen-90-ml","og_site_name":"Hyla Jams Verkkokauppa","article_modified_time":"2026-02-28T00:25:38+00:00","og_image":[{"width":594,"height":595,"url":"https:\/\/hylajams.fi\/wp-content\/uploads\/2021\/08\/17267-Eksoottinen-tuoksu2.png","type":"image\/png"}],"twitter_card":"summary_large_image","twitter_misc":{"Arvioitu lukuaika":"2 minuuttia"},"schema":{"@context":"https:\/\/schema.org","@graph":[{"@type":"WebPage","@id":"https:\/\/hylajams.fi\/?product=hyla-tuoksu-eksoottinen-90-ml","url":"https:\/\/hylajams.fi\/?product=hyla-tuoksu-eksoottinen-90-ml","name":"Hyla tuoksu\u00a0Eksoottinen 90 ml - romanttinen tunnelma kotiin","isPartOf":{"@id":"https:\/\/hylajams.fi\/#website"},"primaryImageOfPage":{"@id":"https:\/\/hylajams.fi\/?product=hyla-tuoksu-eksoottinen-90-ml#primaryimage"},"image":{"@id":"https:\/\/hylajams.fi\/?product=hyla-tuoksu-eksoottinen-90-ml#primaryimage"},"thumbnailUrl":"https:\/\/hylajams.fi\/wp-content\/uploads\/2021\/08\/17267-Eksoottinen-tuoksu2.png","datePublished":"2021-08-03T16:14:57+00:00","dateModified":"2026-02-28T00:25:38+00:00","description":"Hyla tuoksu\u00a0Eksoottinen 90 ml - Raikastaa ja virkist\u00e4\u00e4 huoneilmaa ilman kemiallisia raikastimia. Helppo ja riittoisa \u2013 muutama tippa riitt\u00e4\u00e4.","breadcrumb":{"@id":"https:\/\/hylajams.fi\/?product=hyla-tuoksu-eksoottinen-90-ml#breadcrumb"},"inLanguage":"fi","potentialAction":[{"@type":"ReadAction","target":["https:\/\/hylajams.fi\/?product=hyla-tuoksu-eksoottinen-90-ml"]}]},{"@type":"ImageObject","inLanguage":"fi","@id":"https:\/\/hylajams.fi\/?product=hyla-tuoksu-eksoottinen-90-ml#primaryimage","url":"https:\/\/hylajams.fi\/wp-content\/uploads\/2021\/08\/17267-Eksoottinen-tuoksu2.png","contentUrl":"https:\/\/hylajams.fi\/wp-content\/uploads\/2021\/08\/17267-Eksoottinen-tuoksu2.png","width":594,"height":595,"caption":"Hyla tuoksu\u00a0Eksoottinen 90 ml"},{"@type":"BreadcrumbList","@id":"https:\/\/hylajams.fi\/?product=hyla-tuoksu-eksoottinen-90-ml#breadcrumb","itemListElement":[{"@type":"ListItem","position":1,"name":"Etusivu","item":"https:\/\/hylajams.fi\/"},{"@type":"ListItem","position":2,"name":"VERKKOKAUPPA","item":"https:\/\/hylajams.fi\/?page_id=9"},{"@type":"ListItem","position":3,"name":"17267 Eksoottinen Hyla tuoksu 90 ml"}]},{"@type":"WebSite","@id":"https:\/\/hylajams.fi\/#website","url":"https:\/\/hylajams.fi\/","name":"Hyla Jams Verkkokauppa","description":"Hyla ilman- ja huoneen puhdistusj\u00e4rjestelm\u00e4 Suomessa","publisher":{"@id":"https:\/\/hylajams.fi\/#organization"},"potentialAction":[{"@type":"SearchAction","target":{"@type":"EntryPoint","urlTemplate":"https:\/\/hylajams.fi\/?s={search_term_string}"},"query-input":{"@type":"PropertyValueSpecification","valueRequired":true,"valueName":"search_term_string"}}],"inLanguage":"fi"},{"@type":"Organization","@id":"https:\/\/hylajams.fi\/#organization","name":"Hyla Jams Verkkokauppa","url":"https:\/\/hylajams.fi\/","logo":{"@type":"ImageObject","inLanguage":"fi","@id":"https:\/\/hylajams.fi\/#\/schema\/logo\/image\/","url":"https:\/\/hylajams.fi\/wp-content\/uploads\/2025\/02\/Logo-1-2.jpg","contentUrl":"https:\/\/hylajams.fi\/wp-content\/uploads\/2025\/02\/Logo-1-2.jpg","width":500,"height":500,"caption":"Hyla Jams Verkkokauppa"},"image":{"@id":"https:\/\/hylajams.fi\/#\/schema\/logo\/image\/"},"sameAs":["https:\/\/www.instagram.com\/hylasiivous\/"]}]}},"_links":{"self":[{"href":"https:\/\/hylajams.fi\/index.php?rest_route=\/wp\/v2\/product\/1400","targetHints":{"allow":["GET"]}}],"collection":[{"href":"https:\/\/hylajams.fi\/index.php?rest_route=\/wp\/v2\/product"}],"about":[{"href":"https:\/\/hylajams.fi\/index.php?rest_route=\/wp\/v2\/types\/product"}],"version-history":[{"count":9,"href":"https:\/\/hylajams.fi\/index.php?rest_route=\/wp\/v2\/product\/1400\/revisions"}],"predecessor-version":[{"id":13224,"href":"https:\/\/hylajams.fi\/index.php?rest_route=\/wp\/v2\/product\/1400\/revisions\/13224"}],"wp:featuredmedia":[{"embeddable":true,"href":"https:\/\/hylajams.fi\/index.php?rest_route=\/wp\/v2\/media\/7101"}],"wp:attachment":[{"href":"https:\/\/hylajams.fi\/index.php?rest_route=%2Fwp%2Fv2%2Fmedia&parent=1400"}],"wp:term":[{"taxonomy":"product_brand","embeddable":true,"href":"https:\/\/hylajams.fi\/index.php?rest_route=%2Fwp%2Fv2%2Fproduct_brand&post=1400"},{"taxonomy":"product_cat","embeddable":true,"href":"https:\/\/hylajams.fi\/index.php?rest_route=%2Fwp%2Fv2%2Fproduct_cat&post=1400"},{"taxonomy":"product_tag","embeddable":true,"href":"https:\/\/hylajams.fi\/index.php?rest_route=%2Fwp%2Fv2%2Fproduct_tag&post=1400"}],"curies":[{"name":"wp","href":"https:\/\/api.w.org\/{rel}","templated":true}]}}