{"id":1375,"date":"2021-07-29T18:04:06","date_gmt":"2021-07-29T15:04:06","guid":{"rendered":"https:\/\/hylajams.fi\/?post_type=product&#038;p=1375"},"modified":"2026-03-10T00:47:05","modified_gmt":"2026-03-09T22:47:05","slug":"hyla-harja-luonnonharjaksilla","status":"publish","type":"product","link":"https:\/\/hylajams.fi\/?product=hyla-harja-luonnonharjaksilla","title":{"rendered":"46500 Hyla harja luonnonharjaksilla"},"content":{"rendered":"<p data-start=\"974\" data-end=\"1251\"><strong>Hyla harja luonnonharjaksilla<\/strong> on laadukas lattiaharja, jossa yhdistyv\u00e4t luonnonharjakset, k\u00e4yt\u00e4nn\u00f6llinen muotoilu ja HYLA-j\u00e4rjestelm\u00e4n tehokkuus. T\u00e4m\u00e4 Hyla harja luonnonharjaksilla on suunniteltu erityisesti kovien pintojen puhdistamiseen \u2013 se irrottaa karkeankin lian ilman, ett\u00e4 lattia tai huonekalut vahingoittuvat.<\/p>\n<p data-start=\"1253\" data-end=\"1280\"><strong data-start=\"1253\" data-end=\"1278\">Ominaisuudet ja edut:<\/strong><\/p>\n<ul>\n<li data-start=\"1283\" data-end=\"1345\">Valmistettu luonnonharjaksista \u2013 hell\u00e4varainen mutta tehokas<\/li>\n<li data-start=\"1348\" data-end=\"1407\">Irrottaa p\u00f6lyn ja karkean lian kaikilta kovilta pinnoilta<\/li>\n<li data-start=\"1410\" data-end=\"1466\">Py\u00f6ristetty muotoilu est\u00e4\u00e4 huonekalujen kolhiintumisen<\/li>\n<li data-start=\"1469\" data-end=\"1538\">Sopii t\u00e4ydellisesti sileille lattioille: parketti, laatat, puu jne.<\/li>\n<li data-start=\"1541\" data-end=\"1600\">Voidaan k\u00e4ytt\u00e4\u00e4 my\u00f6s seinien ja kattojen p\u00f6lyjen poistoon<\/li>\n<\/ul>\n<p data-start=\"1602\" data-end=\"1623\"><strong data-start=\"1602\" data-end=\"1621\">K\u00e4ytt\u00f6kohteita:<\/strong><\/p>\n<ul>\n<li data-start=\"1626\" data-end=\"1643\">Parkettilattiat<\/li>\n<li data-start=\"1646\" data-end=\"1676\">Laattalattiat ja kivilattiat<\/li>\n<li data-start=\"1679\" data-end=\"1700\">Puiset lattiapinnat<\/li>\n<li data-start=\"1703\" data-end=\"1725\">Sein\u00e4- ja kattop\u00f6lyt<\/li>\n<li data-start=\"1728\" data-end=\"1782\">Huonekalujen ymp\u00e4rist\u00f6t (hell\u00e4varainen t\u00f6rm\u00e4yksiss\u00e4)<\/li>\n<\/ul>\n<p data-start=\"1784\" data-end=\"1805\"><strong data-start=\"1784\" data-end=\"1803\">Yhteensopivuus:<\/strong><\/p>\n<ul>\n<li data-start=\"1808\" data-end=\"1818\">HYLA EST<\/li>\n<li data-start=\"1821\" data-end=\"1831\">HYLA GST<\/li>\n<li data-start=\"1834\" data-end=\"1844\">HYLA NST<\/li>\n<\/ul>\n<p data-start=\"1846\" data-end=\"1868\"><strong data-start=\"1846\" data-end=\"1866\">Tekniset tiedot:<\/strong><\/p>\n<ul>\n<li data-start=\"1893\" data-end=\"1945\">Materiaali: luonnonharjakset, py\u00f6ristetty muotoilu<\/li>\n<li data-start=\"1948\" data-end=\"1991\">K\u00e4ytt\u00f6: kuiva imurointi koville pinnoille<\/li>\n<\/ul>\n<h5 data-start=\"1993\" data-end=\"2029\">\ud83d\udc49 <a href=\"https:\/\/hylajams.fi\/wp-content\/uploads\/2021\/07\/46500-Kova-lattiaharja-2.mp4\"><strong>Katso esittelyvideo tuotteesta!<\/strong><\/a><\/h5>\n<p>&nbsp;<\/p>\n<div class=\"woocommerce-product-details__short-description\">\n<h5 data-start=\"4289\" data-end=\"4347\"><a href=\"https:\/\/hylajams.fi\/?page_id=7252\"><strong>HYLA EST TUOTTEET<\/strong><\/a><\/h5>\n<h5 data-start=\"4289\" data-end=\"4347\"><a href=\"https:\/\/hylajams.fi\/?page_id=8366\"><strong>HYLA GST TUOTTEET<\/strong><\/a><\/h5>\n<h5 data-start=\"4289\" data-end=\"4347\"><a href=\"https:\/\/hylajams.fi\/?page_id=8371\"><strong>HYLA NST TUOTTEET<\/strong><\/a><\/h5>\n<h5><strong><a href=\"https:\/\/www.hyla.com\/products\/products\"><span dir=\"auto\">HYLA INTERNATIONAL<\/span><\/a><\/strong><\/h5>\n<\/div>\n","protected":false},"excerpt":{"rendered":"<p><strong>Hyla harja luonnonharjaksilla<\/strong> varustettu kova lattiaharja sopii sileille pinnoille, kuten parketille ja laatoille. Py\u00f6ristetty muotoilu suojaa huonekaluja, ja harja sopii kaikkiin HYLA EST, GST ja NST -j\u00e4rjestelmiin.<\/p>\n<h3><\/h3>\n<p>&nbsp;<\/p>\n","protected":false},"featured_media":6675,"template":"","meta":[],"product_brand":[],"product_cat":[950,945,773,774,775,941],"product_tag":[1654,1652,1658,1131,1659,1651,1653,1648,1640,258],"class_list":{"0":"post-1375","1":"product","2":"type-product","3":"status-publish","4":"has-post-thumbnail","6":"product_cat-est-suulakkeet-ja-harjat","7":"product_cat-hyla-gst-suulakkeet-ja-harjat","8":"product_cat-hyla-est","9":"product_cat-hyla-gst","10":"product_cat-hyla-nst","11":"product_cat-hyla-nst-suulakkeet","12":"product_tag-est-lisavaruste","13":"product_tag-gst-lisavaruste","14":"product_tag-hyla-harja-luonnonharjaksilla","15":"product_tag-hyla-lisavaruste","16":"product_tag-luonnonharjaksinen-harja","17":"product_tag-mattoharja","18":"product_tag-nst-lisavaruste","19":"product_tag-puhdistusharja","20":"product_tag-tekstiiliharja","21":"product_tag-yleisharja","22":"product_shipping_class-posti-s-paketti-11x32x3-cm-35-kg","23":"_wholesalex wsx-wholesalex-product","25":"first","26":"instock","27":"featured","28":"shipping-taxable","29":"purchasable","30":"product-type-simple"},"yoast_head":"<!-- This site is optimized with the Yoast SEO plugin v27.3 - https:\/\/yoast.com\/product\/yoast-seo-wordpress\/ -->\n<title>Hyla harja luonnonharjaksilla - kova lattiaharja \u2013 sileille pinnoille<\/title>\n<meta name=\"description\" content=\"Hyla harja luonnonharjaksilla - luonnonharjaksilla varustettu lattiaharja irrottaa karkean lian kovilta pinnoilta. Sopii parketille, laatoille ja seinille.\" \/>\n<meta name=\"robots\" content=\"index, follow, max-snippet:-1, max-image-preview:large, max-video-preview:-1\" \/>\n<link rel=\"canonical\" href=\"https:\/\/hylajams.fi\/?product=hyla-harja-luonnonharjaksilla\" \/>\n<meta property=\"og:locale\" content=\"fi_FI\" \/>\n<meta property=\"og:type\" content=\"article\" \/>\n<meta property=\"og:title\" content=\"Hyla harja luonnonharjaksilla - kova lattiaharja \u2013 sileille pinnoille\" \/>\n<meta property=\"og:description\" content=\"Hyla harja luonnonharjaksilla - luonnonharjaksilla varustettu lattiaharja irrottaa karkean lian kovilta pinnoilta. Sopii parketille, laatoille ja seinille.\" \/>\n<meta property=\"og:url\" content=\"https:\/\/hylajams.fi\/?product=hyla-harja-luonnonharjaksilla\" \/>\n<meta property=\"og:site_name\" content=\"Hyla Jams Verkkokauppa\" \/>\n<meta property=\"article:modified_time\" content=\"2026-03-09T22:47:05+00:00\" \/>\n<meta property=\"og:image\" content=\"https:\/\/hylajams.fi\/wp-content\/uploads\/2021\/07\/46500-Hyla-Karkea-harja-NSTGST-ja-EST.png\" \/>\n\t<meta property=\"og:image:width\" content=\"576\" \/>\n\t<meta property=\"og:image:height\" content=\"569\" \/>\n\t<meta property=\"og:image:type\" content=\"image\/png\" \/>\n<meta name=\"twitter:card\" content=\"summary_large_image\" \/>\n<meta name=\"twitter:label1\" content=\"Arvioitu lukuaika\" \/>\n\t<meta name=\"twitter:data1\" content=\"1 minuutti\" \/>\n<script type=\"application\/ld+json\" class=\"yoast-schema-graph\">{\"@context\":\"https:\\\/\\\/schema.org\",\"@graph\":[{\"@type\":\"WebPage\",\"@id\":\"https:\\\/\\\/hylajams.fi\\\/?product=hyla-harja-luonnonharjaksilla\",\"url\":\"https:\\\/\\\/hylajams.fi\\\/?product=hyla-harja-luonnonharjaksilla\",\"name\":\"Hyla harja luonnonharjaksilla - kova lattiaharja \u2013 sileille pinnoille\",\"isPartOf\":{\"@id\":\"https:\\\/\\\/hylajams.fi\\\/#website\"},\"primaryImageOfPage\":{\"@id\":\"https:\\\/\\\/hylajams.fi\\\/?product=hyla-harja-luonnonharjaksilla#primaryimage\"},\"image\":{\"@id\":\"https:\\\/\\\/hylajams.fi\\\/?product=hyla-harja-luonnonharjaksilla#primaryimage\"},\"thumbnailUrl\":\"https:\\\/\\\/hylajams.fi\\\/wp-content\\\/uploads\\\/2021\\\/07\\\/46500-Hyla-Karkea-harja-NSTGST-ja-EST.png\",\"datePublished\":\"2021-07-29T15:04:06+00:00\",\"dateModified\":\"2026-03-09T22:47:05+00:00\",\"description\":\"Hyla harja luonnonharjaksilla - luonnonharjaksilla varustettu lattiaharja irrottaa karkean lian kovilta pinnoilta. Sopii parketille, laatoille ja seinille.\",\"breadcrumb\":{\"@id\":\"https:\\\/\\\/hylajams.fi\\\/?product=hyla-harja-luonnonharjaksilla#breadcrumb\"},\"inLanguage\":\"fi\",\"potentialAction\":[{\"@type\":\"ReadAction\",\"target\":[\"https:\\\/\\\/hylajams.fi\\\/?product=hyla-harja-luonnonharjaksilla\"]}]},{\"@type\":\"ImageObject\",\"inLanguage\":\"fi\",\"@id\":\"https:\\\/\\\/hylajams.fi\\\/?product=hyla-harja-luonnonharjaksilla#primaryimage\",\"url\":\"https:\\\/\\\/hylajams.fi\\\/wp-content\\\/uploads\\\/2021\\\/07\\\/46500-Hyla-Karkea-harja-NSTGST-ja-EST.png\",\"contentUrl\":\"https:\\\/\\\/hylajams.fi\\\/wp-content\\\/uploads\\\/2021\\\/07\\\/46500-Hyla-Karkea-harja-NSTGST-ja-EST.png\",\"width\":576,\"height\":569,\"caption\":\"Hyla harja luonnonharjaksilla\"},{\"@type\":\"BreadcrumbList\",\"@id\":\"https:\\\/\\\/hylajams.fi\\\/?product=hyla-harja-luonnonharjaksilla#breadcrumb\",\"itemListElement\":[{\"@type\":\"ListItem\",\"position\":1,\"name\":\"Etusivu\",\"item\":\"https:\\\/\\\/hylajams.fi\\\/\"},{\"@type\":\"ListItem\",\"position\":2,\"name\":\"VERKKOKAUPPA\",\"item\":\"https:\\\/\\\/hylajams.fi\\\/?page_id=9\"},{\"@type\":\"ListItem\",\"position\":3,\"name\":\"46500 Hyla harja luonnonharjaksilla\"}]},{\"@type\":\"WebSite\",\"@id\":\"https:\\\/\\\/hylajams.fi\\\/#website\",\"url\":\"https:\\\/\\\/hylajams.fi\\\/\",\"name\":\"Hyla Jams Verkkokauppa\",\"description\":\"Hyla ilman- ja huoneen puhdistusj\u00e4rjestelm\u00e4 Suomessa\",\"publisher\":{\"@id\":\"https:\\\/\\\/hylajams.fi\\\/#organization\"},\"potentialAction\":[{\"@type\":\"SearchAction\",\"target\":{\"@type\":\"EntryPoint\",\"urlTemplate\":\"https:\\\/\\\/hylajams.fi\\\/?s={search_term_string}\"},\"query-input\":{\"@type\":\"PropertyValueSpecification\",\"valueRequired\":true,\"valueName\":\"search_term_string\"}}],\"inLanguage\":\"fi\"},{\"@type\":\"Organization\",\"@id\":\"https:\\\/\\\/hylajams.fi\\\/#organization\",\"name\":\"Hyla Jams Verkkokauppa\",\"url\":\"https:\\\/\\\/hylajams.fi\\\/\",\"logo\":{\"@type\":\"ImageObject\",\"inLanguage\":\"fi\",\"@id\":\"https:\\\/\\\/hylajams.fi\\\/#\\\/schema\\\/logo\\\/image\\\/\",\"url\":\"https:\\\/\\\/hylajams.fi\\\/wp-content\\\/uploads\\\/2025\\\/02\\\/Logo-1-2.jpg\",\"contentUrl\":\"https:\\\/\\\/hylajams.fi\\\/wp-content\\\/uploads\\\/2025\\\/02\\\/Logo-1-2.jpg\",\"width\":500,\"height\":500,\"caption\":\"Hyla Jams Verkkokauppa\"},\"image\":{\"@id\":\"https:\\\/\\\/hylajams.fi\\\/#\\\/schema\\\/logo\\\/image\\\/\"},\"sameAs\":[\"https:\\\/\\\/www.instagram.com\\\/hylasiivous\\\/\"]}]}<\/script>\n<!-- \/ Yoast SEO plugin. -->","yoast_head_json":{"title":"Hyla harja luonnonharjaksilla - kova lattiaharja \u2013 sileille pinnoille","description":"Hyla harja luonnonharjaksilla - luonnonharjaksilla varustettu lattiaharja irrottaa karkean lian kovilta pinnoilta. Sopii parketille, laatoille ja seinille.","robots":{"index":"index","follow":"follow","max-snippet":"max-snippet:-1","max-image-preview":"max-image-preview:large","max-video-preview":"max-video-preview:-1"},"canonical":"https:\/\/hylajams.fi\/?product=hyla-harja-luonnonharjaksilla","og_locale":"fi_FI","og_type":"article","og_title":"Hyla harja luonnonharjaksilla - kova lattiaharja \u2013 sileille pinnoille","og_description":"Hyla harja luonnonharjaksilla - luonnonharjaksilla varustettu lattiaharja irrottaa karkean lian kovilta pinnoilta. Sopii parketille, laatoille ja seinille.","og_url":"https:\/\/hylajams.fi\/?product=hyla-harja-luonnonharjaksilla","og_site_name":"Hyla Jams Verkkokauppa","article_modified_time":"2026-03-09T22:47:05+00:00","og_image":[{"width":576,"height":569,"url":"https:\/\/hylajams.fi\/wp-content\/uploads\/2021\/07\/46500-Hyla-Karkea-harja-NSTGST-ja-EST.png","type":"image\/png"}],"twitter_card":"summary_large_image","twitter_misc":{"Arvioitu lukuaika":"1 minuutti"},"schema":{"@context":"https:\/\/schema.org","@graph":[{"@type":"WebPage","@id":"https:\/\/hylajams.fi\/?product=hyla-harja-luonnonharjaksilla","url":"https:\/\/hylajams.fi\/?product=hyla-harja-luonnonharjaksilla","name":"Hyla harja luonnonharjaksilla - kova lattiaharja \u2013 sileille pinnoille","isPartOf":{"@id":"https:\/\/hylajams.fi\/#website"},"primaryImageOfPage":{"@id":"https:\/\/hylajams.fi\/?product=hyla-harja-luonnonharjaksilla#primaryimage"},"image":{"@id":"https:\/\/hylajams.fi\/?product=hyla-harja-luonnonharjaksilla#primaryimage"},"thumbnailUrl":"https:\/\/hylajams.fi\/wp-content\/uploads\/2021\/07\/46500-Hyla-Karkea-harja-NSTGST-ja-EST.png","datePublished":"2021-07-29T15:04:06+00:00","dateModified":"2026-03-09T22:47:05+00:00","description":"Hyla harja luonnonharjaksilla - luonnonharjaksilla varustettu lattiaharja irrottaa karkean lian kovilta pinnoilta. Sopii parketille, laatoille ja seinille.","breadcrumb":{"@id":"https:\/\/hylajams.fi\/?product=hyla-harja-luonnonharjaksilla#breadcrumb"},"inLanguage":"fi","potentialAction":[{"@type":"ReadAction","target":["https:\/\/hylajams.fi\/?product=hyla-harja-luonnonharjaksilla"]}]},{"@type":"ImageObject","inLanguage":"fi","@id":"https:\/\/hylajams.fi\/?product=hyla-harja-luonnonharjaksilla#primaryimage","url":"https:\/\/hylajams.fi\/wp-content\/uploads\/2021\/07\/46500-Hyla-Karkea-harja-NSTGST-ja-EST.png","contentUrl":"https:\/\/hylajams.fi\/wp-content\/uploads\/2021\/07\/46500-Hyla-Karkea-harja-NSTGST-ja-EST.png","width":576,"height":569,"caption":"Hyla harja luonnonharjaksilla"},{"@type":"BreadcrumbList","@id":"https:\/\/hylajams.fi\/?product=hyla-harja-luonnonharjaksilla#breadcrumb","itemListElement":[{"@type":"ListItem","position":1,"name":"Etusivu","item":"https:\/\/hylajams.fi\/"},{"@type":"ListItem","position":2,"name":"VERKKOKAUPPA","item":"https:\/\/hylajams.fi\/?page_id=9"},{"@type":"ListItem","position":3,"name":"46500 Hyla harja luonnonharjaksilla"}]},{"@type":"WebSite","@id":"https:\/\/hylajams.fi\/#website","url":"https:\/\/hylajams.fi\/","name":"Hyla Jams Verkkokauppa","description":"Hyla ilman- ja huoneen puhdistusj\u00e4rjestelm\u00e4 Suomessa","publisher":{"@id":"https:\/\/hylajams.fi\/#organization"},"potentialAction":[{"@type":"SearchAction","target":{"@type":"EntryPoint","urlTemplate":"https:\/\/hylajams.fi\/?s={search_term_string}"},"query-input":{"@type":"PropertyValueSpecification","valueRequired":true,"valueName":"search_term_string"}}],"inLanguage":"fi"},{"@type":"Organization","@id":"https:\/\/hylajams.fi\/#organization","name":"Hyla Jams Verkkokauppa","url":"https:\/\/hylajams.fi\/","logo":{"@type":"ImageObject","inLanguage":"fi","@id":"https:\/\/hylajams.fi\/#\/schema\/logo\/image\/","url":"https:\/\/hylajams.fi\/wp-content\/uploads\/2025\/02\/Logo-1-2.jpg","contentUrl":"https:\/\/hylajams.fi\/wp-content\/uploads\/2025\/02\/Logo-1-2.jpg","width":500,"height":500,"caption":"Hyla Jams Verkkokauppa"},"image":{"@id":"https:\/\/hylajams.fi\/#\/schema\/logo\/image\/"},"sameAs":["https:\/\/www.instagram.com\/hylasiivous\/"]}]}},"_links":{"self":[{"href":"https:\/\/hylajams.fi\/index.php?rest_route=\/wp\/v2\/product\/1375","targetHints":{"allow":["GET"]}}],"collection":[{"href":"https:\/\/hylajams.fi\/index.php?rest_route=\/wp\/v2\/product"}],"about":[{"href":"https:\/\/hylajams.fi\/index.php?rest_route=\/wp\/v2\/types\/product"}],"version-history":[{"count":10,"href":"https:\/\/hylajams.fi\/index.php?rest_route=\/wp\/v2\/product\/1375\/revisions"}],"predecessor-version":[{"id":5486,"href":"https:\/\/hylajams.fi\/index.php?rest_route=\/wp\/v2\/product\/1375\/revisions\/5486"}],"wp:featuredmedia":[{"embeddable":true,"href":"https:\/\/hylajams.fi\/index.php?rest_route=\/wp\/v2\/media\/6675"}],"wp:attachment":[{"href":"https:\/\/hylajams.fi\/index.php?rest_route=%2Fwp%2Fv2%2Fmedia&parent=1375"}],"wp:term":[{"taxonomy":"product_brand","embeddable":true,"href":"https:\/\/hylajams.fi\/index.php?rest_route=%2Fwp%2Fv2%2Fproduct_brand&post=1375"},{"taxonomy":"product_cat","embeddable":true,"href":"https:\/\/hylajams.fi\/index.php?rest_route=%2Fwp%2Fv2%2Fproduct_cat&post=1375"},{"taxonomy":"product_tag","embeddable":true,"href":"https:\/\/hylajams.fi\/index.php?rest_route=%2Fwp%2Fv2%2Fproduct_tag&post=1375"}],"curies":[{"name":"wp","href":"https:\/\/api.w.org\/{rel}","templated":true}]}}