{"id":13667,"date":"2026-04-06T20:42:00","date_gmt":"2026-04-06T17:42:00","guid":{"rendered":"https:\/\/hylajams.fi\/?post_type=product&#038;p=13667"},"modified":"2026-04-06T20:44:47","modified_gmt":"2026-04-06T17:44:47","slug":"ikkunanpesin-setti","status":"publish","type":"product","link":"https:\/\/hylajams.fi\/?product=ikkunanpesin-setti","title":{"rendered":"35900 Hyla Ikkunapesin setti \u2013 kev\u00e4\u00e4n erikoiser\u00e4"},"content":{"rendered":"<div>\n<p><strong data-start=\"1087\" data-end=\"1132\">Kev\u00e4\u00e4n erikoiser\u00e4 \u2013 nyt Ikkunanpesin setti 69 \u20ac (norm. 99 \u20ac)<\/strong><\/p>\n<p data-start=\"1087\" data-end=\"1159\">Vain 3 kpl varastossa.<\/p>\n<p data-start=\"1161\" data-end=\"1223\">Ikkunat kirkkaiksi ilman raitoja \u2013 helposti yhdell\u00e4 setill\u00e4.<\/p>\n<\/div>\n<div><span class=\"css-1jxf684 r-bcqeeo r-1ttztb7 r-qvutc0 r-poiln3 r-1adg3ll r-1g7jtus r-1x3r274\"><span class=\"css-1jxf684 r-bcqeeo r-1ttztb7 r-qvutc0 r-poiln3\"><span class=\"css-1jxf684 r-bcqeeo r-1ttztb7 r-qvutc0 r-poiln3 r-1x3r274\">Nyt on t\u00e4ydellinen aika kev\u00e4\u00e4n ikkunanpesulle! Talven j\u00e4ljilt\u00e4 ikkunat kaipaavat kirkasta puhtautta \u2013 ja Hylan ikkunanpesimen avulla sen tekee helposti, nopeasti ja raidattomasti.<\/span><\/span><\/span><\/div>\n<div>\n<p><span class=\"css-1jxf684 r-bcqeeo r-1ttztb7 r-qvutc0 r-poiln3 r-1adg3ll r-1g7jtus r-1x3r274\"><span class=\"css-1jxf684 r-bcqeeo r-1ttztb7 r-qvutc0 r-poiln3\"><span class=\"css-1jxf684 r-bcqeeo r-1ttztb7 r-qvutc0 r-poiln3 r-b88u0q r-1x3r274\"><span class=\"css-1jxf684 r-bcqeeo r-1ttztb7 r-qvutc0 r-poiln3 r-1x3r274\">Hyla Ikkunanpesin setti<\/span><\/span><span class=\"css-1jxf684 r-bcqeeo r-1ttztb7 r-qvutc0 r-poiln3 r-1x3r274\">\u00a0sis\u00e4lt\u00e4\u00e4 kaiken tarvittavan:<\/span><\/span><\/span><\/p>\n<ul dir=\"ltr\">\n<li><span class=\"css-1jxf684 r-bcqeeo r-1ttztb7 r-qvutc0 r-poiln3\"><span class=\"css-1jxf684 r-bcqeeo r-1ttztb7 r-qvutc0 r-poiln3 r-1x3r274\">Laadukkaan ikkunapesimen ja lastan<\/span><\/span><\/li>\n<li><span class=\"css-1jxf684 r-bcqeeo r-1ttztb7 r-qvutc0 r-poiln3\"><span class=\"css-1jxf684 r-bcqeeo r-1ttztb7 r-qvutc0 r-poiln3 r-1x3r274\">Joustavan letkun<\/span><\/span><\/li>\n<li><span class=\"css-1jxf684 r-bcqeeo r-1ttztb7 r-qvutc0 r-poiln3\"><span class=\"css-1jxf684 r-bcqeeo r-1ttztb7 r-qvutc0 r-poiln3 r-1x3r274\">Tehokkaan Hyla-puhdistusaineen (Cleanser)<\/span><\/span><\/li>\n<li><span class=\"css-1jxf684 r-bcqeeo r-1ttztb7 r-qvutc0 r-poiln3\"><span class=\"css-1jxf684 r-bcqeeo r-1ttztb7 r-qvutc0 r-poiln3 r-1x3r274\">Mikrokuituliinan<\/span><\/span><\/li>\n<\/ul>\n<p><span class=\"css-1jxf684 r-bcqeeo r-1ttztb7 r-qvutc0 r-poiln3 r-1adg3ll r-1x3r274 r-p1pxzi\"><span class=\"css-1jxf684 r-bcqeeo r-1ttztb7 r-qvutc0 r-poiln3\"><span class=\"css-1jxf684 r-bcqeeo r-1ttztb7 r-qvutc0 r-poiln3 r-1x3r274\">Setti sopii kaikkiin Hyla-malleihin (EST, GST, NST jne.) ja mahdollistaa sek\u00e4 pesun ett\u00e4 kuivauksen yhdell\u00e4 laitteella \u2013 ilman tiputtelua tai raitoja.<\/span><\/span><\/span><\/p>\n<\/div>\n<div>\n<p><span class=\"css-1jxf684 r-bcqeeo r-1ttztb7 r-qvutc0 r-poiln3 r-1adg3ll r-1g7jtus r-1x3r274\"><span class=\"css-1jxf684 r-bcqeeo r-1ttztb7 r-qvutc0 r-poiln3\"><span class=\"css-1jxf684 r-bcqeeo r-1ttztb7 r-qvutc0 r-poiln3 r-b88u0q r-1x3r274\"><span class=\"css-1jxf684 r-bcqeeo r-1ttztb7 r-qvutc0 r-poiln3 r-1x3r274\">Erityistarjous nyt kev\u00e4\u00e4seen:<\/span><\/span><\/span><\/span><\/p>\n<ul dir=\"ltr\">\n<li><span class=\"css-1jxf684 r-bcqeeo r-1ttztb7 r-qvutc0 r-poiln3\"><span class=\"css-1jxf684 r-bcqeeo r-1ttztb7 r-qvutc0 r-poiln3 r-1x3r274\">Vain <\/span><span class=\"css-1jxf684 r-bcqeeo r-1ttztb7 r-qvutc0 r-poiln3 r-b88u0q r-1x3r274\"><span class=\"css-1jxf684 r-bcqeeo r-1ttztb7 r-qvutc0 r-poiln3 r-1x3r274\">3 kpl<\/span><\/span><span class=\"css-1jxf684 r-bcqeeo r-1ttztb7 r-qvutc0 r-poiln3 r-1x3r274\"> saatavilla t\u00e4ss\u00e4 erikoishinnassa<\/span><\/span><\/li>\n<li><span class=\"css-1jxf684 r-bcqeeo r-1ttztb7 r-qvutc0 r-poiln3\"><span class=\"css-1jxf684 r-bcqeeo r-1ttztb7 r-qvutc0 r-poiln3 r-1x3r274\">Kev\u00e4\u00e4n ikkunanpesukausi on t\u00e4\u00e4ll\u00e4 \u2013 tartu tilaisuuteen ennen kuin er\u00e4 loppuu!<\/span><\/span><\/li>\n<\/ul>\n<p><span class=\"css-1jxf684 r-bcqeeo r-1ttztb7 r-qvutc0 r-poiln3 r-1adg3ll r-1x3r274 r-p1pxzi\"><span class=\"css-1jxf684 r-bcqeeo r-1ttztb7 r-qvutc0 r-poiln3\"><span class=\"css-1jxf684 r-bcqeeo r-1ttztb7 r-qvutc0 r-poiln3 r-1x3r274\">Helppo, tehokas ja ammattitason tulos kotiin. Sopii my\u00f6s isommille ikkuna-pinta-aloille.<\/span><\/span><\/span><\/p>\n<\/div>\n<div><span class=\"css-1jxf684 r-bcqeeo r-1ttztb7 r-qvutc0 r-poiln3 r-1adg3ll r-1g7jtus r-1x3r274\"><span class=\"css-1jxf684 r-bcqeeo r-1ttztb7 r-qvutc0 r-poiln3\"><span class=\"css-1jxf684 r-bcqeeo r-1ttztb7 r-qvutc0 r-poiln3 r-b88u0q r-1x3r274\"><span class=\"css-1jxf684 r-bcqeeo r-1ttztb7 r-qvutc0 r-poiln3 r-1x3r274\">Tilaus:<\/span><\/span><span class=\"css-1jxf684 r-bcqeeo r-1ttztb7 r-qvutc0 r-poiln3 r-1x3r274\"> Lis\u00e4\u00e4 ostoskoriin heti \u2013 rajoitettu m\u00e4\u00e4r\u00e4!<\/span><\/span><\/span><\/div>\n<p><strong><a href=\"https:\/\/hylajams.fi\/?product_cat=puhdas-koti-ja-arki\">Puhdas koti ja arki<\/a><\/strong><\/p>\n<p><strong><a href=\"https:\/\/www.hyla.com\/products\/products\"><span dir=\"auto\">HYLA INTERNATIONAL<\/span><\/a><\/strong><\/p>\n","protected":false},"excerpt":{"rendered":"<p data-start=\"576\" data-end=\"699\">Ikkunat kirkkaiksi ilman raitoja \u2013 helposti ja nopeasti.<br data-start=\"632\" data-end=\"635\" \/>Sis\u00e4lt\u00e4\u00e4 pesimen, lastan, puhdistusaineen ja mikrokuituliinan.<\/p>\n<p data-start=\"701\" data-end=\"755\"><strong data-start=\"701\" data-end=\"726\">Nyt 69 \u20ac (norm. 99 \u20ac)<\/strong><br data-start=\"726\" data-end=\"729\" \/>\ud83d\udc49 Vain 3 kpl varastossa<\/p>\n<p data-start=\"757\" data-end=\"775\"><a href=\"https:\/\/hylajams.fi\/?product=hyla-ikkunapesin\">\ud83d\udc49 <strong data-start=\"760\" data-end=\"775\">Katso tuote<\/strong><\/a><\/p>\n","protected":false},"featured_media":13669,"template":"","meta":[],"product_brand":[],"product_cat":[1523],"product_tag":[1982,1980,1983,1984],"class_list":{"0":"post-13667","1":"product","2":"type-product","3":"status-publish","4":"has-post-thumbnail","6":"product_cat-hyla-erikoiserat-ja-tarjoukset","7":"product_tag-hyla-ikkunan-pesun-setti","8":"product_tag-hyla-ikkunapesin","9":"product_tag-ikkunanpesin-setti","10":"product_tag-ikkunanpesu-ilman-raitoja","11":"product_shipping_class-posti-s-paketti-11x32x3-cm-35-kg","12":"_wholesalex wsx-wholesalex-product","14":"first","15":"instock","16":"sale","17":"shipping-taxable","18":"purchasable","19":"product-type-simple"},"yoast_head":"<!-- This site is optimized with the Yoast SEO plugin v27.3 - https:\/\/yoast.com\/product\/yoast-seo-wordpress\/ -->\n<title>Ikkunanpesin setti \u2013 Hyla ikkunapesin tarjous 69 \u20ac<\/title>\n<meta name=\"description\" content=\"Ikkunanpesin setti nyt erikoishintaan 69 \u20ac. Pese ikkunat helposti ilman raitoja \u2013 nyt vain muutama kappale j\u00e4ljell\u00e4. Tilaa heti!\" \/>\n<meta name=\"robots\" content=\"index, follow, max-snippet:-1, max-image-preview:large, max-video-preview:-1\" \/>\n<link rel=\"canonical\" href=\"https:\/\/hylajams.fi\/?product=ikkunanpesin-setti\" \/>\n<meta property=\"og:locale\" content=\"fi_FI\" \/>\n<meta property=\"og:type\" content=\"article\" \/>\n<meta property=\"og:title\" content=\"Ikkunanpesin setti \u2013 Hyla ikkunapesin tarjous 69 \u20ac\" \/>\n<meta property=\"og:description\" content=\"Ikkunanpesin setti nyt erikoishintaan 69 \u20ac. Pese ikkunat helposti ilman raitoja \u2013 nyt vain muutama kappale j\u00e4ljell\u00e4. Tilaa heti!\" \/>\n<meta property=\"og:url\" content=\"https:\/\/hylajams.fi\/?product=ikkunanpesin-setti\" \/>\n<meta property=\"og:site_name\" content=\"Hyla Jams Verkkokauppa\" \/>\n<meta property=\"article:modified_time\" content=\"2026-04-06T17:44:47+00:00\" \/>\n<meta property=\"og:image\" content=\"https:\/\/hylajams.fi\/wp-content\/uploads\/2026\/04\/Ikkunapesin-setti.jpg\" \/>\n\t<meta property=\"og:image:width\" content=\"1237\" \/>\n\t<meta property=\"og:image:height\" content=\"1750\" \/>\n\t<meta property=\"og:image:type\" content=\"image\/jpeg\" \/>\n<meta name=\"twitter:card\" content=\"summary_large_image\" \/>\n<meta name=\"twitter:label1\" content=\"Arvioitu lukuaika\" \/>\n\t<meta name=\"twitter:data1\" content=\"1 minuutti\" \/>\n<script type=\"application\/ld+json\" class=\"yoast-schema-graph\">{\"@context\":\"https:\\\/\\\/schema.org\",\"@graph\":[{\"@type\":\"WebPage\",\"@id\":\"https:\\\/\\\/hylajams.fi\\\/?product=ikkunanpesin-setti\",\"url\":\"https:\\\/\\\/hylajams.fi\\\/?product=ikkunanpesin-setti\",\"name\":\"Ikkunanpesin setti \u2013 Hyla ikkunapesin tarjous 69 \u20ac\",\"isPartOf\":{\"@id\":\"https:\\\/\\\/hylajams.fi\\\/#website\"},\"primaryImageOfPage\":{\"@id\":\"https:\\\/\\\/hylajams.fi\\\/?product=ikkunanpesin-setti#primaryimage\"},\"image\":{\"@id\":\"https:\\\/\\\/hylajams.fi\\\/?product=ikkunanpesin-setti#primaryimage\"},\"thumbnailUrl\":\"https:\\\/\\\/hylajams.fi\\\/wp-content\\\/uploads\\\/2026\\\/04\\\/Ikkunapesin-setti.jpg\",\"datePublished\":\"2026-04-06T17:42:00+00:00\",\"dateModified\":\"2026-04-06T17:44:47+00:00\",\"description\":\"Ikkunanpesin setti nyt erikoishintaan 69 \u20ac. Pese ikkunat helposti ilman raitoja \u2013 nyt vain muutama kappale j\u00e4ljell\u00e4. Tilaa heti!\",\"breadcrumb\":{\"@id\":\"https:\\\/\\\/hylajams.fi\\\/?product=ikkunanpesin-setti#breadcrumb\"},\"inLanguage\":\"fi\",\"potentialAction\":[{\"@type\":\"ReadAction\",\"target\":[\"https:\\\/\\\/hylajams.fi\\\/?product=ikkunanpesin-setti\"]}]},{\"@type\":\"ImageObject\",\"inLanguage\":\"fi\",\"@id\":\"https:\\\/\\\/hylajams.fi\\\/?product=ikkunanpesin-setti#primaryimage\",\"url\":\"https:\\\/\\\/hylajams.fi\\\/wp-content\\\/uploads\\\/2026\\\/04\\\/Ikkunapesin-setti.jpg\",\"contentUrl\":\"https:\\\/\\\/hylajams.fi\\\/wp-content\\\/uploads\\\/2026\\\/04\\\/Ikkunapesin-setti.jpg\",\"width\":1237,\"height\":1750,\"caption\":\"Ikkunapesin setti\"},{\"@type\":\"BreadcrumbList\",\"@id\":\"https:\\\/\\\/hylajams.fi\\\/?product=ikkunanpesin-setti#breadcrumb\",\"itemListElement\":[{\"@type\":\"ListItem\",\"position\":1,\"name\":\"Etusivu\",\"item\":\"https:\\\/\\\/hylajams.fi\\\/\"},{\"@type\":\"ListItem\",\"position\":2,\"name\":\"VERKKOKAUPPA\",\"item\":\"https:\\\/\\\/hylajams.fi\\\/?page_id=9\"},{\"@type\":\"ListItem\",\"position\":3,\"name\":\"35900 Hyla Ikkunapesin setti \u2013 kev\u00e4\u00e4n erikoiser\u00e4\"}]},{\"@type\":\"WebSite\",\"@id\":\"https:\\\/\\\/hylajams.fi\\\/#website\",\"url\":\"https:\\\/\\\/hylajams.fi\\\/\",\"name\":\"Hyla Jams Verkkokauppa\",\"description\":\"Hyla ilman- ja huoneen puhdistusj\u00e4rjestelm\u00e4 Suomessa\",\"publisher\":{\"@id\":\"https:\\\/\\\/hylajams.fi\\\/#organization\"},\"potentialAction\":[{\"@type\":\"SearchAction\",\"target\":{\"@type\":\"EntryPoint\",\"urlTemplate\":\"https:\\\/\\\/hylajams.fi\\\/?s={search_term_string}\"},\"query-input\":{\"@type\":\"PropertyValueSpecification\",\"valueRequired\":true,\"valueName\":\"search_term_string\"}}],\"inLanguage\":\"fi\"},{\"@type\":\"Organization\",\"@id\":\"https:\\\/\\\/hylajams.fi\\\/#organization\",\"name\":\"Hyla Jams Verkkokauppa\",\"url\":\"https:\\\/\\\/hylajams.fi\\\/\",\"logo\":{\"@type\":\"ImageObject\",\"inLanguage\":\"fi\",\"@id\":\"https:\\\/\\\/hylajams.fi\\\/#\\\/schema\\\/logo\\\/image\\\/\",\"url\":\"https:\\\/\\\/hylajams.fi\\\/wp-content\\\/uploads\\\/2025\\\/02\\\/Logo-1-2.jpg\",\"contentUrl\":\"https:\\\/\\\/hylajams.fi\\\/wp-content\\\/uploads\\\/2025\\\/02\\\/Logo-1-2.jpg\",\"width\":500,\"height\":500,\"caption\":\"Hyla Jams Verkkokauppa\"},\"image\":{\"@id\":\"https:\\\/\\\/hylajams.fi\\\/#\\\/schema\\\/logo\\\/image\\\/\"},\"sameAs\":[\"https:\\\/\\\/www.instagram.com\\\/hylasiivous\\\/\"]}]}<\/script>\n<!-- \/ Yoast SEO plugin. -->","yoast_head_json":{"title":"Ikkunanpesin setti \u2013 Hyla ikkunapesin tarjous 69 \u20ac","description":"Ikkunanpesin setti nyt erikoishintaan 69 \u20ac. Pese ikkunat helposti ilman raitoja \u2013 nyt vain muutama kappale j\u00e4ljell\u00e4. Tilaa heti!","robots":{"index":"index","follow":"follow","max-snippet":"max-snippet:-1","max-image-preview":"max-image-preview:large","max-video-preview":"max-video-preview:-1"},"canonical":"https:\/\/hylajams.fi\/?product=ikkunanpesin-setti","og_locale":"fi_FI","og_type":"article","og_title":"Ikkunanpesin setti \u2013 Hyla ikkunapesin tarjous 69 \u20ac","og_description":"Ikkunanpesin setti nyt erikoishintaan 69 \u20ac. Pese ikkunat helposti ilman raitoja \u2013 nyt vain muutama kappale j\u00e4ljell\u00e4. Tilaa heti!","og_url":"https:\/\/hylajams.fi\/?product=ikkunanpesin-setti","og_site_name":"Hyla Jams Verkkokauppa","article_modified_time":"2026-04-06T17:44:47+00:00","og_image":[{"width":1237,"height":1750,"url":"https:\/\/hylajams.fi\/wp-content\/uploads\/2026\/04\/Ikkunapesin-setti.jpg","type":"image\/jpeg"}],"twitter_card":"summary_large_image","twitter_misc":{"Arvioitu lukuaika":"1 minuutti"},"schema":{"@context":"https:\/\/schema.org","@graph":[{"@type":"WebPage","@id":"https:\/\/hylajams.fi\/?product=ikkunanpesin-setti","url":"https:\/\/hylajams.fi\/?product=ikkunanpesin-setti","name":"Ikkunanpesin setti \u2013 Hyla ikkunapesin tarjous 69 \u20ac","isPartOf":{"@id":"https:\/\/hylajams.fi\/#website"},"primaryImageOfPage":{"@id":"https:\/\/hylajams.fi\/?product=ikkunanpesin-setti#primaryimage"},"image":{"@id":"https:\/\/hylajams.fi\/?product=ikkunanpesin-setti#primaryimage"},"thumbnailUrl":"https:\/\/hylajams.fi\/wp-content\/uploads\/2026\/04\/Ikkunapesin-setti.jpg","datePublished":"2026-04-06T17:42:00+00:00","dateModified":"2026-04-06T17:44:47+00:00","description":"Ikkunanpesin setti nyt erikoishintaan 69 \u20ac. Pese ikkunat helposti ilman raitoja \u2013 nyt vain muutama kappale j\u00e4ljell\u00e4. Tilaa heti!","breadcrumb":{"@id":"https:\/\/hylajams.fi\/?product=ikkunanpesin-setti#breadcrumb"},"inLanguage":"fi","potentialAction":[{"@type":"ReadAction","target":["https:\/\/hylajams.fi\/?product=ikkunanpesin-setti"]}]},{"@type":"ImageObject","inLanguage":"fi","@id":"https:\/\/hylajams.fi\/?product=ikkunanpesin-setti#primaryimage","url":"https:\/\/hylajams.fi\/wp-content\/uploads\/2026\/04\/Ikkunapesin-setti.jpg","contentUrl":"https:\/\/hylajams.fi\/wp-content\/uploads\/2026\/04\/Ikkunapesin-setti.jpg","width":1237,"height":1750,"caption":"Ikkunapesin setti"},{"@type":"BreadcrumbList","@id":"https:\/\/hylajams.fi\/?product=ikkunanpesin-setti#breadcrumb","itemListElement":[{"@type":"ListItem","position":1,"name":"Etusivu","item":"https:\/\/hylajams.fi\/"},{"@type":"ListItem","position":2,"name":"VERKKOKAUPPA","item":"https:\/\/hylajams.fi\/?page_id=9"},{"@type":"ListItem","position":3,"name":"35900 Hyla Ikkunapesin setti \u2013 kev\u00e4\u00e4n erikoiser\u00e4"}]},{"@type":"WebSite","@id":"https:\/\/hylajams.fi\/#website","url":"https:\/\/hylajams.fi\/","name":"Hyla Jams Verkkokauppa","description":"Hyla ilman- ja huoneen puhdistusj\u00e4rjestelm\u00e4 Suomessa","publisher":{"@id":"https:\/\/hylajams.fi\/#organization"},"potentialAction":[{"@type":"SearchAction","target":{"@type":"EntryPoint","urlTemplate":"https:\/\/hylajams.fi\/?s={search_term_string}"},"query-input":{"@type":"PropertyValueSpecification","valueRequired":true,"valueName":"search_term_string"}}],"inLanguage":"fi"},{"@type":"Organization","@id":"https:\/\/hylajams.fi\/#organization","name":"Hyla Jams Verkkokauppa","url":"https:\/\/hylajams.fi\/","logo":{"@type":"ImageObject","inLanguage":"fi","@id":"https:\/\/hylajams.fi\/#\/schema\/logo\/image\/","url":"https:\/\/hylajams.fi\/wp-content\/uploads\/2025\/02\/Logo-1-2.jpg","contentUrl":"https:\/\/hylajams.fi\/wp-content\/uploads\/2025\/02\/Logo-1-2.jpg","width":500,"height":500,"caption":"Hyla Jams Verkkokauppa"},"image":{"@id":"https:\/\/hylajams.fi\/#\/schema\/logo\/image\/"},"sameAs":["https:\/\/www.instagram.com\/hylasiivous\/"]}]}},"_links":{"self":[{"href":"https:\/\/hylajams.fi\/index.php?rest_route=\/wp\/v2\/product\/13667","targetHints":{"allow":["GET"]}}],"collection":[{"href":"https:\/\/hylajams.fi\/index.php?rest_route=\/wp\/v2\/product"}],"about":[{"href":"https:\/\/hylajams.fi\/index.php?rest_route=\/wp\/v2\/types\/product"}],"version-history":[{"count":4,"href":"https:\/\/hylajams.fi\/index.php?rest_route=\/wp\/v2\/product\/13667\/revisions"}],"predecessor-version":[{"id":13674,"href":"https:\/\/hylajams.fi\/index.php?rest_route=\/wp\/v2\/product\/13667\/revisions\/13674"}],"wp:featuredmedia":[{"embeddable":true,"href":"https:\/\/hylajams.fi\/index.php?rest_route=\/wp\/v2\/media\/13669"}],"wp:attachment":[{"href":"https:\/\/hylajams.fi\/index.php?rest_route=%2Fwp%2Fv2%2Fmedia&parent=13667"}],"wp:term":[{"taxonomy":"product_brand","embeddable":true,"href":"https:\/\/hylajams.fi\/index.php?rest_route=%2Fwp%2Fv2%2Fproduct_brand&post=13667"},{"taxonomy":"product_cat","embeddable":true,"href":"https:\/\/hylajams.fi\/index.php?rest_route=%2Fwp%2Fv2%2Fproduct_cat&post=13667"},{"taxonomy":"product_tag","embeddable":true,"href":"https:\/\/hylajams.fi\/index.php?rest_route=%2Fwp%2Fv2%2Fproduct_tag&post=13667"}],"curies":[{"name":"wp","href":"https:\/\/api.w.org\/{rel}","templated":true}]}}