{"id":1323,"date":"2021-07-28T15:46:51","date_gmt":"2021-07-28T12:46:51","guid":{"rendered":"https:\/\/hylajams.fi\/?post_type=product&#038;p=1323"},"modified":"2026-02-28T00:12:32","modified_gmt":"2026-02-27T22:12:32","slug":"hyla-teleskooppivarsi-55-cm","status":"publish","type":"product","link":"https:\/\/hylajams.fi\/?product=hyla-teleskooppivarsi-55-cm","title":{"rendered":"14016 Hyla teleskooppivarsi 55 cm"},"content":{"rendered":"<p data-start=\"280\" data-end=\"568\">Ter\u00e4ksinen Hyla teleskooppivarsi 55 cm on suunniteltu helpottamaan imurointia erityisesti silloin, kun tarvitaan enemm\u00e4n ulottuvuutta ja ergonomiaa. T\u00e4m\u00e4 normaali pituutta s\u00e4\u00e4dett\u00e4viss\u00e4 oleva varsi mahdollistaa mukavan ty\u00f6skentelyasennon, v\u00e4hent\u00e4\u00e4 kumartelua ja helpottaa korkeampien tai kauempana olevien pintojen puhdistamista.<\/p>\n<p data-start=\"570\" data-end=\"787\">T\u00e4m\u00e4 teleskooppivarsi on yhteensopiva HYLA NST- ja GST-mallien kanssa. Se ei sovi HYLA EST -malliin, jonka varret ovat erimalliset. Ruostumattomasta ter\u00e4ksest\u00e4 valmistettu laadukas ja kest\u00e4v\u00e4 rakenne varmistaa pitk\u00e4n k\u00e4ytt\u00f6i\u00e4n ja vakaan tuntuman k\u00e4yt\u00f6ss\u00e4.<\/p>\n<p data-start=\"789\" data-end=\"935\">Olipa kyse lattioiden, kattojen tai hankalasti saavutettavien paikkojen siivouksesta, Hyla teleskooppivarsi tekee ty\u00f6st\u00e4 helpompaa ja nopeampaa.<\/p>\n<h5 data-start=\"4289\" data-end=\"4347\"><a href=\"https:\/\/hylajams.fi\/?page_id=8366\"><strong>HYLA GST TUOTTEET<\/strong><\/a><\/h5>\n<h5 data-start=\"4289\" data-end=\"4347\"><a href=\"https:\/\/hylajams.fi\/?page_id=8371\"><strong>HYLA NST TUOTTEET<\/strong><\/a><\/h5>\n<h5><strong><a href=\"https:\/\/www.hyla.com\/products\/products\"><span dir=\"auto\">HYLA INTERNATIONAL<\/span><\/a><\/strong><\/h5>\n","protected":false},"excerpt":{"rendered":"<p>Normaalin pituinen ruostumattomasta ter\u00e4ksest\u00e4 valmistettu <strong>Hyla teleskooppivarsi 55 cm<\/strong> antaa mahdollisuuden pituuden lyhent\u00e4misen ja jatkamisen sopivaan ty\u00f6skentely asentoon ja k\u00e4ytt\u00f6mukavuutta imurointiin. Sopii HYLA NST- ja GST-malleihin (ei EST-malliin).<\/p>\n","protected":false},"featured_media":11182,"template":"","meta":[],"product_brand":[],"product_cat":[914,774,775,940],"product_tag":[1755,1131,1762,1763,1765,1764,1756],"class_list":{"0":"post-1323","1":"product","2":"type-product","3":"status-publish","4":"has-post-thumbnail","6":"product_cat-hyla-gst-letkut-ja-putket","7":"product_cat-hyla-gst","8":"product_cat-hyla-nst","9":"product_cat-hyla-nst-letkut-ja-putket","10":"product_tag-gst-teleskooppivarsi","11":"product_tag-hyla-lisavaruste","12":"product_tag-hyla-teleskooppivarsi-55-cm","13":"product_tag-hyla-varsi-55-cm","14":"product_tag-imurin-teleskooppivarsi","15":"product_tag-lyhyt-teleskooppivarsi","16":"product_tag-nst-teleskooppivarsi","17":"product_shipping_class-posti-m-paketti-19x36x60-cm-35-kg","18":"_wholesalex wsx-wholesalex-product","20":"first","21":"instock","22":"featured","23":"shipping-taxable","24":"purchasable","25":"product-type-simple"},"yoast_head":"<!-- This site is optimized with the Yoast SEO plugin v27.3 - https:\/\/yoast.com\/product\/yoast-seo-wordpress\/ -->\n<title>Hyla teleskooppivarsi 55 cm - normaalin pituinen varsi siivoukseen<\/title>\n<meta name=\"description\" content=\"Hyla teleskooppivarsi 55 cm - Normaalin pituinen Hyla NST:n ja Hyla GST:n ruostumattomasta ter\u00e4ksest\u00e4 valmistettu laadukas ja kest\u00e4v\u00e4 varsi.\" \/>\n<meta name=\"robots\" content=\"index, follow, max-snippet:-1, max-image-preview:large, max-video-preview:-1\" \/>\n<link rel=\"canonical\" href=\"https:\/\/hylajams.fi\/?product=hyla-teleskooppivarsi-55-cm\" \/>\n<meta property=\"og:locale\" content=\"fi_FI\" \/>\n<meta property=\"og:type\" content=\"article\" \/>\n<meta property=\"og:title\" content=\"Hyla teleskooppivarsi 55 cm - normaalin pituinen varsi siivoukseen\" \/>\n<meta property=\"og:description\" content=\"Hyla teleskooppivarsi 55 cm - Normaalin pituinen Hyla NST:n ja Hyla GST:n ruostumattomasta ter\u00e4ksest\u00e4 valmistettu laadukas ja kest\u00e4v\u00e4 varsi.\" \/>\n<meta property=\"og:url\" content=\"https:\/\/hylajams.fi\/?product=hyla-teleskooppivarsi-55-cm\" \/>\n<meta property=\"og:site_name\" content=\"Hyla Jams Verkkokauppa\" \/>\n<meta property=\"article:modified_time\" content=\"2026-02-27T22:12:32+00:00\" \/>\n<meta property=\"og:image\" content=\"https:\/\/hylajams.fi\/wp-content\/uploads\/2021\/07\/14016-HYLA-Teleskooppivarsi.jpg\" \/>\n\t<meta property=\"og:image:width\" content=\"960\" \/>\n\t<meta property=\"og:image:height\" content=\"540\" \/>\n\t<meta property=\"og:image:type\" content=\"image\/jpeg\" \/>\n<meta name=\"twitter:card\" content=\"summary_large_image\" \/>\n<meta name=\"twitter:label1\" content=\"Arvioitu lukuaika\" \/>\n\t<meta name=\"twitter:data1\" content=\"1 minuutti\" \/>\n<script type=\"application\/ld+json\" class=\"yoast-schema-graph\">{\"@context\":\"https:\\\/\\\/schema.org\",\"@graph\":[{\"@type\":\"WebPage\",\"@id\":\"https:\\\/\\\/hylajams.fi\\\/?product=hyla-teleskooppivarsi-55-cm\",\"url\":\"https:\\\/\\\/hylajams.fi\\\/?product=hyla-teleskooppivarsi-55-cm\",\"name\":\"Hyla teleskooppivarsi 55 cm - normaalin pituinen varsi siivoukseen\",\"isPartOf\":{\"@id\":\"https:\\\/\\\/hylajams.fi\\\/#website\"},\"primaryImageOfPage\":{\"@id\":\"https:\\\/\\\/hylajams.fi\\\/?product=hyla-teleskooppivarsi-55-cm#primaryimage\"},\"image\":{\"@id\":\"https:\\\/\\\/hylajams.fi\\\/?product=hyla-teleskooppivarsi-55-cm#primaryimage\"},\"thumbnailUrl\":\"https:\\\/\\\/hylajams.fi\\\/wp-content\\\/uploads\\\/2021\\\/07\\\/14016-HYLA-Teleskooppivarsi.jpg\",\"datePublished\":\"2021-07-28T12:46:51+00:00\",\"dateModified\":\"2026-02-27T22:12:32+00:00\",\"description\":\"Hyla teleskooppivarsi 55 cm - Normaalin pituinen Hyla NST:n ja Hyla GST:n ruostumattomasta ter\u00e4ksest\u00e4 valmistettu laadukas ja kest\u00e4v\u00e4 varsi.\",\"breadcrumb\":{\"@id\":\"https:\\\/\\\/hylajams.fi\\\/?product=hyla-teleskooppivarsi-55-cm#breadcrumb\"},\"inLanguage\":\"fi\",\"potentialAction\":[{\"@type\":\"ReadAction\",\"target\":[\"https:\\\/\\\/hylajams.fi\\\/?product=hyla-teleskooppivarsi-55-cm\"]}]},{\"@type\":\"ImageObject\",\"inLanguage\":\"fi\",\"@id\":\"https:\\\/\\\/hylajams.fi\\\/?product=hyla-teleskooppivarsi-55-cm#primaryimage\",\"url\":\"https:\\\/\\\/hylajams.fi\\\/wp-content\\\/uploads\\\/2021\\\/07\\\/14016-HYLA-Teleskooppivarsi.jpg\",\"contentUrl\":\"https:\\\/\\\/hylajams.fi\\\/wp-content\\\/uploads\\\/2021\\\/07\\\/14016-HYLA-Teleskooppivarsi.jpg\",\"width\":960,\"height\":540,\"caption\":\"Hyla teleskooppivarsi 55 cm\"},{\"@type\":\"BreadcrumbList\",\"@id\":\"https:\\\/\\\/hylajams.fi\\\/?product=hyla-teleskooppivarsi-55-cm#breadcrumb\",\"itemListElement\":[{\"@type\":\"ListItem\",\"position\":1,\"name\":\"Etusivu\",\"item\":\"https:\\\/\\\/hylajams.fi\\\/\"},{\"@type\":\"ListItem\",\"position\":2,\"name\":\"VERKKOKAUPPA\",\"item\":\"https:\\\/\\\/hylajams.fi\\\/?page_id=9\"},{\"@type\":\"ListItem\",\"position\":3,\"name\":\"14016 Hyla teleskooppivarsi 55 cm\"}]},{\"@type\":\"WebSite\",\"@id\":\"https:\\\/\\\/hylajams.fi\\\/#website\",\"url\":\"https:\\\/\\\/hylajams.fi\\\/\",\"name\":\"Hyla Jams Verkkokauppa\",\"description\":\"Hyla ilman- ja huoneen puhdistusj\u00e4rjestelm\u00e4 Suomessa\",\"publisher\":{\"@id\":\"https:\\\/\\\/hylajams.fi\\\/#organization\"},\"potentialAction\":[{\"@type\":\"SearchAction\",\"target\":{\"@type\":\"EntryPoint\",\"urlTemplate\":\"https:\\\/\\\/hylajams.fi\\\/?s={search_term_string}\"},\"query-input\":{\"@type\":\"PropertyValueSpecification\",\"valueRequired\":true,\"valueName\":\"search_term_string\"}}],\"inLanguage\":\"fi\"},{\"@type\":\"Organization\",\"@id\":\"https:\\\/\\\/hylajams.fi\\\/#organization\",\"name\":\"Hyla Jams Verkkokauppa\",\"url\":\"https:\\\/\\\/hylajams.fi\\\/\",\"logo\":{\"@type\":\"ImageObject\",\"inLanguage\":\"fi\",\"@id\":\"https:\\\/\\\/hylajams.fi\\\/#\\\/schema\\\/logo\\\/image\\\/\",\"url\":\"https:\\\/\\\/hylajams.fi\\\/wp-content\\\/uploads\\\/2025\\\/02\\\/Logo-1-2.jpg\",\"contentUrl\":\"https:\\\/\\\/hylajams.fi\\\/wp-content\\\/uploads\\\/2025\\\/02\\\/Logo-1-2.jpg\",\"width\":500,\"height\":500,\"caption\":\"Hyla Jams Verkkokauppa\"},\"image\":{\"@id\":\"https:\\\/\\\/hylajams.fi\\\/#\\\/schema\\\/logo\\\/image\\\/\"},\"sameAs\":[\"https:\\\/\\\/www.instagram.com\\\/hylasiivous\\\/\"]}]}<\/script>\n<!-- \/ Yoast SEO plugin. -->","yoast_head_json":{"title":"Hyla teleskooppivarsi 55 cm - normaalin pituinen varsi siivoukseen","description":"Hyla teleskooppivarsi 55 cm - Normaalin pituinen Hyla NST:n ja Hyla GST:n ruostumattomasta ter\u00e4ksest\u00e4 valmistettu laadukas ja kest\u00e4v\u00e4 varsi.","robots":{"index":"index","follow":"follow","max-snippet":"max-snippet:-1","max-image-preview":"max-image-preview:large","max-video-preview":"max-video-preview:-1"},"canonical":"https:\/\/hylajams.fi\/?product=hyla-teleskooppivarsi-55-cm","og_locale":"fi_FI","og_type":"article","og_title":"Hyla teleskooppivarsi 55 cm - normaalin pituinen varsi siivoukseen","og_description":"Hyla teleskooppivarsi 55 cm - Normaalin pituinen Hyla NST:n ja Hyla GST:n ruostumattomasta ter\u00e4ksest\u00e4 valmistettu laadukas ja kest\u00e4v\u00e4 varsi.","og_url":"https:\/\/hylajams.fi\/?product=hyla-teleskooppivarsi-55-cm","og_site_name":"Hyla Jams Verkkokauppa","article_modified_time":"2026-02-27T22:12:32+00:00","og_image":[{"width":960,"height":540,"url":"https:\/\/hylajams.fi\/wp-content\/uploads\/2021\/07\/14016-HYLA-Teleskooppivarsi.jpg","type":"image\/jpeg"}],"twitter_card":"summary_large_image","twitter_misc":{"Arvioitu lukuaika":"1 minuutti"},"schema":{"@context":"https:\/\/schema.org","@graph":[{"@type":"WebPage","@id":"https:\/\/hylajams.fi\/?product=hyla-teleskooppivarsi-55-cm","url":"https:\/\/hylajams.fi\/?product=hyla-teleskooppivarsi-55-cm","name":"Hyla teleskooppivarsi 55 cm - normaalin pituinen varsi siivoukseen","isPartOf":{"@id":"https:\/\/hylajams.fi\/#website"},"primaryImageOfPage":{"@id":"https:\/\/hylajams.fi\/?product=hyla-teleskooppivarsi-55-cm#primaryimage"},"image":{"@id":"https:\/\/hylajams.fi\/?product=hyla-teleskooppivarsi-55-cm#primaryimage"},"thumbnailUrl":"https:\/\/hylajams.fi\/wp-content\/uploads\/2021\/07\/14016-HYLA-Teleskooppivarsi.jpg","datePublished":"2021-07-28T12:46:51+00:00","dateModified":"2026-02-27T22:12:32+00:00","description":"Hyla teleskooppivarsi 55 cm - Normaalin pituinen Hyla NST:n ja Hyla GST:n ruostumattomasta ter\u00e4ksest\u00e4 valmistettu laadukas ja kest\u00e4v\u00e4 varsi.","breadcrumb":{"@id":"https:\/\/hylajams.fi\/?product=hyla-teleskooppivarsi-55-cm#breadcrumb"},"inLanguage":"fi","potentialAction":[{"@type":"ReadAction","target":["https:\/\/hylajams.fi\/?product=hyla-teleskooppivarsi-55-cm"]}]},{"@type":"ImageObject","inLanguage":"fi","@id":"https:\/\/hylajams.fi\/?product=hyla-teleskooppivarsi-55-cm#primaryimage","url":"https:\/\/hylajams.fi\/wp-content\/uploads\/2021\/07\/14016-HYLA-Teleskooppivarsi.jpg","contentUrl":"https:\/\/hylajams.fi\/wp-content\/uploads\/2021\/07\/14016-HYLA-Teleskooppivarsi.jpg","width":960,"height":540,"caption":"Hyla teleskooppivarsi 55 cm"},{"@type":"BreadcrumbList","@id":"https:\/\/hylajams.fi\/?product=hyla-teleskooppivarsi-55-cm#breadcrumb","itemListElement":[{"@type":"ListItem","position":1,"name":"Etusivu","item":"https:\/\/hylajams.fi\/"},{"@type":"ListItem","position":2,"name":"VERKKOKAUPPA","item":"https:\/\/hylajams.fi\/?page_id=9"},{"@type":"ListItem","position":3,"name":"14016 Hyla teleskooppivarsi 55 cm"}]},{"@type":"WebSite","@id":"https:\/\/hylajams.fi\/#website","url":"https:\/\/hylajams.fi\/","name":"Hyla Jams Verkkokauppa","description":"Hyla ilman- ja huoneen puhdistusj\u00e4rjestelm\u00e4 Suomessa","publisher":{"@id":"https:\/\/hylajams.fi\/#organization"},"potentialAction":[{"@type":"SearchAction","target":{"@type":"EntryPoint","urlTemplate":"https:\/\/hylajams.fi\/?s={search_term_string}"},"query-input":{"@type":"PropertyValueSpecification","valueRequired":true,"valueName":"search_term_string"}}],"inLanguage":"fi"},{"@type":"Organization","@id":"https:\/\/hylajams.fi\/#organization","name":"Hyla Jams Verkkokauppa","url":"https:\/\/hylajams.fi\/","logo":{"@type":"ImageObject","inLanguage":"fi","@id":"https:\/\/hylajams.fi\/#\/schema\/logo\/image\/","url":"https:\/\/hylajams.fi\/wp-content\/uploads\/2025\/02\/Logo-1-2.jpg","contentUrl":"https:\/\/hylajams.fi\/wp-content\/uploads\/2025\/02\/Logo-1-2.jpg","width":500,"height":500,"caption":"Hyla Jams Verkkokauppa"},"image":{"@id":"https:\/\/hylajams.fi\/#\/schema\/logo\/image\/"},"sameAs":["https:\/\/www.instagram.com\/hylasiivous\/"]}]}},"_links":{"self":[{"href":"https:\/\/hylajams.fi\/index.php?rest_route=\/wp\/v2\/product\/1323","targetHints":{"allow":["GET"]}}],"collection":[{"href":"https:\/\/hylajams.fi\/index.php?rest_route=\/wp\/v2\/product"}],"about":[{"href":"https:\/\/hylajams.fi\/index.php?rest_route=\/wp\/v2\/types\/product"}],"version-history":[{"count":3,"href":"https:\/\/hylajams.fi\/index.php?rest_route=\/wp\/v2\/product\/1323\/revisions"}],"predecessor-version":[{"id":1324,"href":"https:\/\/hylajams.fi\/index.php?rest_route=\/wp\/v2\/product\/1323\/revisions\/1324"}],"wp:featuredmedia":[{"embeddable":true,"href":"https:\/\/hylajams.fi\/index.php?rest_route=\/wp\/v2\/media\/11182"}],"wp:attachment":[{"href":"https:\/\/hylajams.fi\/index.php?rest_route=%2Fwp%2Fv2%2Fmedia&parent=1323"}],"wp:term":[{"taxonomy":"product_brand","embeddable":true,"href":"https:\/\/hylajams.fi\/index.php?rest_route=%2Fwp%2Fv2%2Fproduct_brand&post=1323"},{"taxonomy":"product_cat","embeddable":true,"href":"https:\/\/hylajams.fi\/index.php?rest_route=%2Fwp%2Fv2%2Fproduct_cat&post=1323"},{"taxonomy":"product_tag","embeddable":true,"href":"https:\/\/hylajams.fi\/index.php?rest_route=%2Fwp%2Fv2%2Fproduct_tag&post=1323"}],"curies":[{"name":"wp","href":"https:\/\/api.w.org\/{rel}","templated":true}]}}