{"id":1282,"date":"2021-07-27T09:32:54","date_gmt":"2021-07-27T06:32:54","guid":{"rendered":"https:\/\/hylajams.fi\/?post_type=product&#038;p=1282"},"modified":"2026-04-02T15:03:42","modified_gmt":"2026-04-02T12:03:42","slug":"hyla-nst-imuletku-3m","status":"publish","type":"product","link":"https:\/\/hylajams.fi\/?product=hyla-nst-imuletku-3m","title":{"rendered":"14103 Hyla NST letku 3 m"},"content":{"rendered":"<p data-start=\"383\" data-end=\"467\"><img fetchpriority=\"high\" decoding=\"async\" class=\"alignnone size-medium wp-image-11003\" src=\"https:\/\/hylajams.fi\/wp-content\/uploads\/2021\/07\/Letku-300x169.jpg\" alt=\"* HYLA NST imuletku 3 m * HYLA imuletku varaosa * HYLA NST joustava letku nesteiden imurointiin\" width=\"300\" height=\"169\" srcset=\"https:\/\/hylajams.fi\/wp-content\/uploads\/2021\/07\/Letku-300x169.jpg 300w, https:\/\/hylajams.fi\/wp-content\/uploads\/2021\/07\/Letku-768x432.jpg 768w, https:\/\/hylajams.fi\/wp-content\/uploads\/2021\/07\/Letku-600x338.jpg 600w, https:\/\/hylajams.fi\/wp-content\/uploads\/2021\/07\/Letku.jpg 960w\" sizes=\"(max-width: 300px) 100vw, 300px\" \/><\/p>\n<p data-start=\"383\" data-end=\"467\"><strong data-start=\"383\" data-end=\"465\">HYLA NST -imuletku 3 m \u2013 kest\u00e4v\u00e4 ja joustava varaosa p\u00e4ivitt\u00e4iseen siivoukseen<\/strong><\/p>\n<p data-start=\"469\" data-end=\"651\">HYLA NST -mallin alkuper\u00e4inen 3 metrin taipuisa imuletku on suunniteltu kest\u00e4m\u00e4\u00e4n vaativaa k\u00e4ytt\u00f6\u00e4. Se on kuulunut HYLA NST -peruspakettiin, mutta on saatavilla my\u00f6s erikseen varaosana.<\/p>\n<p data-start=\"153\" data-end=\"414\">Imuletku on valmistettu vahvasta ter\u00e4snailonista ja p\u00e4\u00e4llystetty kest\u00e4v\u00e4ll\u00e4 PVC-muovipinnoitteella. Uusissa letkumalleissa rakenne on parannettu: kaariosan ja letkun liitoskohtaan lis\u00e4tty joustava muovijousi est\u00e4\u00e4 letkun murtumisen ja pident\u00e4\u00e4 sen k\u00e4ytt\u00f6ik\u00e4\u00e4.<\/p>\n<p data-start=\"416\" data-end=\"656\">T\u00e4m\u00e4 tekee k\u00e4yt\u00f6st\u00e4 entist\u00e4 mukavampaa ja varmistaa, ett\u00e4 letku s\u00e4ilyy kunnossa pitk\u00e4\u00e4n. Imuletkulla voidaan imuroida turvallisesti my\u00f6s vett\u00e4 ja nesteit\u00e4. K\u00e4yt\u00f6n j\u00e4lkeen letku on helppo kuivata hy\u00f6dynt\u00e4m\u00e4ll\u00e4 Hylan imu- ja puhalluspuolta.<\/p>\n<p data-start=\"658\" data-end=\"780\">Joustava ja pitk\u00e4 letku antaa runsaasti liikkumavaraa siivouksen aikana, jolloin ty\u00f6skentely on tehokasta ja vaivatonta.<\/p>\n<h3 data-start=\"943\" data-end=\"964\">Pituusvaihtoehdot<\/h3>\n<p data-start=\"965\" data-end=\"1059\">Jos 3 m tuntuu liian lyhyelt\u00e4, HYLA-imuletkua on saatavilla my\u00f6s viidess\u00e4 muussa pituudessa:<\/p>\n<ul data-start=\"1060\" data-end=\"1101\">\n<li data-start=\"1060\" data-end=\"1069\">\n<p data-start=\"1062\" data-end=\"1069\">1,8 m<\/p>\n<\/li>\n<li data-start=\"1070\" data-end=\"1077\">\n<p data-start=\"1072\" data-end=\"1077\">4 m<\/p>\n<\/li>\n<li data-start=\"1078\" data-end=\"1085\">\n<p data-start=\"1080\" data-end=\"1085\">5 m<\/p>\n<\/li>\n<li data-start=\"1086\" data-end=\"1093\">\n<p data-start=\"1088\" data-end=\"1093\">6 m<\/p>\n<\/li>\n<\/ul>\n<p data-start=\"1103\" data-end=\"1177\">N\u00e4in l\u00f6yd\u00e4t varmasti juuri omaan siivoustarpeeseesi sopivan vaihtoehdon.<\/p>\n<p data-start=\"1103\" data-end=\"1177\"><a href=\"https:\/\/hylajams.fi\/?product_cat=hyla-nst-letkut\"><strong>Hyla NST letkut ja putket<\/strong><\/a><\/p>\n<h3 data-start=\"1179\" data-end=\"1197\">Yhteensopivuus<\/h3>\n<p data-start=\"1198\" data-end=\"1358\">Huomioithan, ett\u00e4 t\u00e4m\u00e4 letku sopii vain <strong data-start=\"1238\" data-end=\"1259\">HYLA NST -malliin<\/strong>. Varmista yhteensopivuus ennen tilausta, jotta saat laitteeseesi t\u00e4ydellisesti sopivan varaosan.<\/p>\n<p data-start=\"1360\" data-end=\"1459\">\ud83d\udc49 Tilaa HYLA NST -imuletku 3 m ja tee kodin siivouksesta entist\u00e4 vaivattomampaa ja tehokkaampaa.<\/p>\n<h5 data-start=\"4289\" data-end=\"4347\"><strong><a href=\"https:\/\/hylajams.fi\/?page_id=8371\">HYLA NST TUOTTEET<\/a><\/strong><\/h5>\n<h5><strong><a href=\"https:\/\/www.hyla.com\/products\/products\"><span dir=\"auto\">HYLA INTERNATIONAL<\/span><\/a><\/strong><\/h5>\n","protected":false},"excerpt":{"rendered":"<h2 data-start=\"158\" data-end=\"176\">\ud83d\udfe2 Hyla NST 3 m taipuisa imuletku.<\/h2>\n<p data-start=\"177\" data-end=\"352\"><strong data-start=\"177\" data-end=\"352\">HYLA NST -imuletku 3 m \u2013 kest\u00e4v\u00e4 ja joustava ter\u00e4snailon-letku tehokkaaseen siivoukseen. Sopii nesteiden imurointiin ja antaa riitt\u00e4v\u00e4sti liikkumatilaa kodin siivouksessa.<\/strong><\/p>\n<p>&nbsp;<\/p>\n<p>Hyla NST 3 m taipuisa imuletku.<\/p>\n<p>Hyla NST:n paketin mukana tuleva 3 metrin taipuisa imuletku on suunniteltu kest\u00e4m\u00e4\u00e4n vaativan siivouksen vaatimukset. Joissakin tilanteissa 3 m letku on liian lyhyt, joten kannattaa silloin mietti\u00e4 siivousta helpottamaan ja hankkia pidempi letku.\u00a0 Letku on valmistettu vahvasta ter\u00e4snailon materiaalista, jonka p\u00e4\u00e4ll\u00e4 on kest\u00e4v\u00e4 PVC-muovipinnoite. T\u00e4m\u00e4 takaa letkun kest\u00e4vyyden ja pitk\u00e4ik\u00e4isyyden. Imuletku sopii erinomaisesti nesteiden imurointiin ja joka antaa k\u00e4ytt\u00e4j\u00e4lle riitt\u00e4v\u00e4sti liikkumavaraa siivouksen aikana.<\/p>\n<p>Tarvitsetko pidemm\u00e4n letkun? Ei ongelmaa &#8211; joustavaa letkua on saatavana Verkkokaupasta viiten\u00e4 eri pituuksina (2,2 m, 3 m, 4 m, 5 m, 6 m ja 7 m), jolloin k\u00e4ytt\u00e4j\u00e4n on mahdollista valita kaikkiin mahdollisiin k\u00e4ytt\u00f6kohteisiin.<\/p>\n<p>Huomioithan, ett\u00e4 t\u00e4m\u00e4 imuletku sopii ainoastaan HYLA NST -malliin, joten varmista, ett\u00e4 se on yhteensopiva laitteesi kanssa. Tilaa oma HYLA NST -imuletkusi nyt ja nauti tehokkaasta ja vaivattomasta siivouksesta!<\/p>\n","protected":false},"featured_media":10379,"template":"","meta":[],"product_brand":[],"product_cat":[775,940],"product_tag":[1609,39,1608,30],"class_list":{"0":"post-1282","1":"product","2":"type-product","3":"status-publish","4":"has-post-thumbnail","6":"product_cat-hyla-nst","7":"product_cat-hyla-nst-letkut-ja-putket","8":"product_tag-hyla-normaali-letku","9":"product_tag-hyla-nst","10":"product_tag-hyla-nst-letku-3-m","11":"product_tag-letkut","12":"product_shipping_class-posti-s-paketti-11x32x3-cm-35-kg","13":"_wholesalex wsx-wholesalex-product","15":"first","16":"instock","17":"featured","18":"shipping-taxable","19":"purchasable","20":"product-type-simple"},"yoast_head":"<!-- This site is optimized with the Yoast SEO plugin v27.3 - https:\/\/yoast.com\/product\/yoast-seo-wordpress\/ -->\n<title>HYLA NST imuletku 3 m \u2013 kest\u00e4v\u00e4 ja joustava varaosa | Hyla Jams<\/title>\n<meta name=\"description\" content=\"HYLA NST imuletku 3 m on kest\u00e4v\u00e4 ja joustava ter\u00e4snailon-letku kaaren osan turvajousella, joka sopii my\u00f6s nesteiden imurointiin. Alkuper\u00e4inen varaosa.\" \/>\n<meta name=\"robots\" content=\"index, follow, max-snippet:-1, max-image-preview:large, max-video-preview:-1\" \/>\n<link rel=\"canonical\" href=\"https:\/\/hylajams.fi\/?product=hyla-nst-imuletku-3m\" \/>\n<meta property=\"og:locale\" content=\"fi_FI\" \/>\n<meta property=\"og:type\" content=\"article\" \/>\n<meta property=\"og:title\" content=\"HYLA NST imuletku 3 m \u2013 kest\u00e4v\u00e4 ja joustava varaosa | Hyla Jams\" \/>\n<meta property=\"og:description\" content=\"HYLA NST imuletku 3 m on kest\u00e4v\u00e4 ja joustava ter\u00e4snailon-letku kaaren osan turvajousella, joka sopii my\u00f6s nesteiden imurointiin. Alkuper\u00e4inen varaosa.\" \/>\n<meta property=\"og:url\" content=\"https:\/\/hylajams.fi\/?product=hyla-nst-imuletku-3m\" \/>\n<meta property=\"og:site_name\" content=\"Hyla Jams Verkkokauppa\" \/>\n<meta property=\"article:modified_time\" content=\"2026-04-02T12:03:42+00:00\" \/>\n<meta property=\"og:image\" content=\"https:\/\/hylajams.fi\/wp-content\/uploads\/2025\/05\/5-1.jpg\" \/>\n\t<meta property=\"og:image:width\" content=\"960\" \/>\n\t<meta property=\"og:image:height\" content=\"540\" \/>\n\t<meta property=\"og:image:type\" content=\"image\/jpeg\" \/>\n<meta name=\"twitter:card\" content=\"summary_large_image\" \/>\n<meta name=\"twitter:label1\" content=\"Arvioitu lukuaika\" \/>\n\t<meta name=\"twitter:data1\" content=\"2 minuuttia\" \/>\n<script type=\"application\/ld+json\" class=\"yoast-schema-graph\">{\"@context\":\"https:\\\/\\\/schema.org\",\"@graph\":[{\"@type\":\"WebPage\",\"@id\":\"https:\\\/\\\/hylajams.fi\\\/?product=hyla-nst-imuletku-3m\",\"url\":\"https:\\\/\\\/hylajams.fi\\\/?product=hyla-nst-imuletku-3m\",\"name\":\"HYLA NST imuletku 3 m \u2013 kest\u00e4v\u00e4 ja joustava varaosa | Hyla Jams\",\"isPartOf\":{\"@id\":\"https:\\\/\\\/hylajams.fi\\\/#website\"},\"primaryImageOfPage\":{\"@id\":\"https:\\\/\\\/hylajams.fi\\\/?product=hyla-nst-imuletku-3m#primaryimage\"},\"image\":{\"@id\":\"https:\\\/\\\/hylajams.fi\\\/?product=hyla-nst-imuletku-3m#primaryimage\"},\"thumbnailUrl\":\"https:\\\/\\\/hylajams.fi\\\/wp-content\\\/uploads\\\/2025\\\/05\\\/5-1.jpg\",\"datePublished\":\"2021-07-27T06:32:54+00:00\",\"dateModified\":\"2026-04-02T12:03:42+00:00\",\"description\":\"HYLA NST imuletku 3 m on kest\u00e4v\u00e4 ja joustava ter\u00e4snailon-letku kaaren osan turvajousella, joka sopii my\u00f6s nesteiden imurointiin. Alkuper\u00e4inen varaosa.\",\"breadcrumb\":{\"@id\":\"https:\\\/\\\/hylajams.fi\\\/?product=hyla-nst-imuletku-3m#breadcrumb\"},\"inLanguage\":\"fi\",\"potentialAction\":[{\"@type\":\"ReadAction\",\"target\":[\"https:\\\/\\\/hylajams.fi\\\/?product=hyla-nst-imuletku-3m\"]}]},{\"@type\":\"ImageObject\",\"inLanguage\":\"fi\",\"@id\":\"https:\\\/\\\/hylajams.fi\\\/?product=hyla-nst-imuletku-3m#primaryimage\",\"url\":\"https:\\\/\\\/hylajams.fi\\\/wp-content\\\/uploads\\\/2025\\\/05\\\/5-1.jpg\",\"contentUrl\":\"https:\\\/\\\/hylajams.fi\\\/wp-content\\\/uploads\\\/2025\\\/05\\\/5-1.jpg\",\"width\":960,\"height\":540},{\"@type\":\"BreadcrumbList\",\"@id\":\"https:\\\/\\\/hylajams.fi\\\/?product=hyla-nst-imuletku-3m#breadcrumb\",\"itemListElement\":[{\"@type\":\"ListItem\",\"position\":1,\"name\":\"Etusivu\",\"item\":\"https:\\\/\\\/hylajams.fi\\\/\"},{\"@type\":\"ListItem\",\"position\":2,\"name\":\"VERKKOKAUPPA\",\"item\":\"https:\\\/\\\/hylajams.fi\\\/?page_id=9\"},{\"@type\":\"ListItem\",\"position\":3,\"name\":\"14103 Hyla NST letku 3 m\"}]},{\"@type\":\"WebSite\",\"@id\":\"https:\\\/\\\/hylajams.fi\\\/#website\",\"url\":\"https:\\\/\\\/hylajams.fi\\\/\",\"name\":\"Hyla Jams Verkkokauppa\",\"description\":\"Hyla ilman- ja huoneen puhdistusj\u00e4rjestelm\u00e4 Suomessa\",\"publisher\":{\"@id\":\"https:\\\/\\\/hylajams.fi\\\/#organization\"},\"potentialAction\":[{\"@type\":\"SearchAction\",\"target\":{\"@type\":\"EntryPoint\",\"urlTemplate\":\"https:\\\/\\\/hylajams.fi\\\/?s={search_term_string}\"},\"query-input\":{\"@type\":\"PropertyValueSpecification\",\"valueRequired\":true,\"valueName\":\"search_term_string\"}}],\"inLanguage\":\"fi\"},{\"@type\":\"Organization\",\"@id\":\"https:\\\/\\\/hylajams.fi\\\/#organization\",\"name\":\"Hyla Jams Verkkokauppa\",\"url\":\"https:\\\/\\\/hylajams.fi\\\/\",\"logo\":{\"@type\":\"ImageObject\",\"inLanguage\":\"fi\",\"@id\":\"https:\\\/\\\/hylajams.fi\\\/#\\\/schema\\\/logo\\\/image\\\/\",\"url\":\"https:\\\/\\\/hylajams.fi\\\/wp-content\\\/uploads\\\/2025\\\/02\\\/Logo-1-2.jpg\",\"contentUrl\":\"https:\\\/\\\/hylajams.fi\\\/wp-content\\\/uploads\\\/2025\\\/02\\\/Logo-1-2.jpg\",\"width\":500,\"height\":500,\"caption\":\"Hyla Jams Verkkokauppa\"},\"image\":{\"@id\":\"https:\\\/\\\/hylajams.fi\\\/#\\\/schema\\\/logo\\\/image\\\/\"},\"sameAs\":[\"https:\\\/\\\/www.instagram.com\\\/hylasiivous\\\/\"]}]}<\/script>\n<!-- \/ Yoast SEO plugin. -->","yoast_head_json":{"title":"HYLA NST imuletku 3 m \u2013 kest\u00e4v\u00e4 ja joustava varaosa | Hyla Jams","description":"HYLA NST imuletku 3 m on kest\u00e4v\u00e4 ja joustava ter\u00e4snailon-letku kaaren osan turvajousella, joka sopii my\u00f6s nesteiden imurointiin. Alkuper\u00e4inen varaosa.","robots":{"index":"index","follow":"follow","max-snippet":"max-snippet:-1","max-image-preview":"max-image-preview:large","max-video-preview":"max-video-preview:-1"},"canonical":"https:\/\/hylajams.fi\/?product=hyla-nst-imuletku-3m","og_locale":"fi_FI","og_type":"article","og_title":"HYLA NST imuletku 3 m \u2013 kest\u00e4v\u00e4 ja joustava varaosa | Hyla Jams","og_description":"HYLA NST imuletku 3 m on kest\u00e4v\u00e4 ja joustava ter\u00e4snailon-letku kaaren osan turvajousella, joka sopii my\u00f6s nesteiden imurointiin. Alkuper\u00e4inen varaosa.","og_url":"https:\/\/hylajams.fi\/?product=hyla-nst-imuletku-3m","og_site_name":"Hyla Jams Verkkokauppa","article_modified_time":"2026-04-02T12:03:42+00:00","og_image":[{"width":960,"height":540,"url":"https:\/\/hylajams.fi\/wp-content\/uploads\/2025\/05\/5-1.jpg","type":"image\/jpeg"}],"twitter_card":"summary_large_image","twitter_misc":{"Arvioitu lukuaika":"2 minuuttia"},"schema":{"@context":"https:\/\/schema.org","@graph":[{"@type":"WebPage","@id":"https:\/\/hylajams.fi\/?product=hyla-nst-imuletku-3m","url":"https:\/\/hylajams.fi\/?product=hyla-nst-imuletku-3m","name":"HYLA NST imuletku 3 m \u2013 kest\u00e4v\u00e4 ja joustava varaosa | Hyla Jams","isPartOf":{"@id":"https:\/\/hylajams.fi\/#website"},"primaryImageOfPage":{"@id":"https:\/\/hylajams.fi\/?product=hyla-nst-imuletku-3m#primaryimage"},"image":{"@id":"https:\/\/hylajams.fi\/?product=hyla-nst-imuletku-3m#primaryimage"},"thumbnailUrl":"https:\/\/hylajams.fi\/wp-content\/uploads\/2025\/05\/5-1.jpg","datePublished":"2021-07-27T06:32:54+00:00","dateModified":"2026-04-02T12:03:42+00:00","description":"HYLA NST imuletku 3 m on kest\u00e4v\u00e4 ja joustava ter\u00e4snailon-letku kaaren osan turvajousella, joka sopii my\u00f6s nesteiden imurointiin. Alkuper\u00e4inen varaosa.","breadcrumb":{"@id":"https:\/\/hylajams.fi\/?product=hyla-nst-imuletku-3m#breadcrumb"},"inLanguage":"fi","potentialAction":[{"@type":"ReadAction","target":["https:\/\/hylajams.fi\/?product=hyla-nst-imuletku-3m"]}]},{"@type":"ImageObject","inLanguage":"fi","@id":"https:\/\/hylajams.fi\/?product=hyla-nst-imuletku-3m#primaryimage","url":"https:\/\/hylajams.fi\/wp-content\/uploads\/2025\/05\/5-1.jpg","contentUrl":"https:\/\/hylajams.fi\/wp-content\/uploads\/2025\/05\/5-1.jpg","width":960,"height":540},{"@type":"BreadcrumbList","@id":"https:\/\/hylajams.fi\/?product=hyla-nst-imuletku-3m#breadcrumb","itemListElement":[{"@type":"ListItem","position":1,"name":"Etusivu","item":"https:\/\/hylajams.fi\/"},{"@type":"ListItem","position":2,"name":"VERKKOKAUPPA","item":"https:\/\/hylajams.fi\/?page_id=9"},{"@type":"ListItem","position":3,"name":"14103 Hyla NST letku 3 m"}]},{"@type":"WebSite","@id":"https:\/\/hylajams.fi\/#website","url":"https:\/\/hylajams.fi\/","name":"Hyla Jams Verkkokauppa","description":"Hyla ilman- ja huoneen puhdistusj\u00e4rjestelm\u00e4 Suomessa","publisher":{"@id":"https:\/\/hylajams.fi\/#organization"},"potentialAction":[{"@type":"SearchAction","target":{"@type":"EntryPoint","urlTemplate":"https:\/\/hylajams.fi\/?s={search_term_string}"},"query-input":{"@type":"PropertyValueSpecification","valueRequired":true,"valueName":"search_term_string"}}],"inLanguage":"fi"},{"@type":"Organization","@id":"https:\/\/hylajams.fi\/#organization","name":"Hyla Jams Verkkokauppa","url":"https:\/\/hylajams.fi\/","logo":{"@type":"ImageObject","inLanguage":"fi","@id":"https:\/\/hylajams.fi\/#\/schema\/logo\/image\/","url":"https:\/\/hylajams.fi\/wp-content\/uploads\/2025\/02\/Logo-1-2.jpg","contentUrl":"https:\/\/hylajams.fi\/wp-content\/uploads\/2025\/02\/Logo-1-2.jpg","width":500,"height":500,"caption":"Hyla Jams Verkkokauppa"},"image":{"@id":"https:\/\/hylajams.fi\/#\/schema\/logo\/image\/"},"sameAs":["https:\/\/www.instagram.com\/hylasiivous\/"]}]}},"_links":{"self":[{"href":"https:\/\/hylajams.fi\/index.php?rest_route=\/wp\/v2\/product\/1282","targetHints":{"allow":["GET"]}}],"collection":[{"href":"https:\/\/hylajams.fi\/index.php?rest_route=\/wp\/v2\/product"}],"about":[{"href":"https:\/\/hylajams.fi\/index.php?rest_route=\/wp\/v2\/types\/product"}],"version-history":[{"count":10,"href":"https:\/\/hylajams.fi\/index.php?rest_route=\/wp\/v2\/product\/1282\/revisions"}],"predecessor-version":[{"id":13134,"href":"https:\/\/hylajams.fi\/index.php?rest_route=\/wp\/v2\/product\/1282\/revisions\/13134"}],"wp:featuredmedia":[{"embeddable":true,"href":"https:\/\/hylajams.fi\/index.php?rest_route=\/wp\/v2\/media\/10379"}],"wp:attachment":[{"href":"https:\/\/hylajams.fi\/index.php?rest_route=%2Fwp%2Fv2%2Fmedia&parent=1282"}],"wp:term":[{"taxonomy":"product_brand","embeddable":true,"href":"https:\/\/hylajams.fi\/index.php?rest_route=%2Fwp%2Fv2%2Fproduct_brand&post=1282"},{"taxonomy":"product_cat","embeddable":true,"href":"https:\/\/hylajams.fi\/index.php?rest_route=%2Fwp%2Fv2%2Fproduct_cat&post=1282"},{"taxonomy":"product_tag","embeddable":true,"href":"https:\/\/hylajams.fi\/index.php?rest_route=%2Fwp%2Fv2%2Fproduct_tag&post=1282"}],"curies":[{"name":"wp","href":"https:\/\/api.w.org\/{rel}","templated":true}]}}