{"id":1281,"date":"2021-07-27T09:31:25","date_gmt":"2021-07-27T06:31:25","guid":{"rendered":"https:\/\/hylajams.fi\/?post_type=product&#038;p=1281"},"modified":"2026-02-27T18:56:32","modified_gmt":"2026-02-27T16:56:32","slug":"hyla-gst-imuletku-4m","status":"publish","type":"product","link":"https:\/\/hylajams.fi\/?product=hyla-gst-imuletku-4m","title":{"rendered":"14104 Hyla NST letku 4 m"},"content":{"rendered":"<figure id=\"attachment_8527\" aria-describedby=\"caption-attachment-8527\" style=\"width: 300px\" class=\"wp-caption alignnone\"><img fetchpriority=\"high\" decoding=\"async\" class=\"wp-image-8527 size-medium\" src=\"https:\/\/hylajams.fi\/wp-content\/uploads\/2021\/07\/14103-HYLA-NST-letku-300x300.jpg\" alt=\"* HYLA NST imuletku 4 m * HYLA imuletku varaosa * HYLA NST joustava letku nesteiden imurointiin\" width=\"300\" height=\"300\" srcset=\"https:\/\/hylajams.fi\/wp-content\/uploads\/2021\/07\/14103-HYLA-NST-letku-300x300.jpg 300w, https:\/\/hylajams.fi\/wp-content\/uploads\/2021\/07\/14103-HYLA-NST-letku-150x150.jpg 150w, https:\/\/hylajams.fi\/wp-content\/uploads\/2021\/07\/14103-HYLA-NST-letku-768x768.jpg 768w, https:\/\/hylajams.fi\/wp-content\/uploads\/2021\/07\/14103-HYLA-NST-letku-600x600.jpg 600w, https:\/\/hylajams.fi\/wp-content\/uploads\/2021\/07\/14103-HYLA-NST-letku-100x100.jpg 100w, https:\/\/hylajams.fi\/wp-content\/uploads\/2021\/07\/14103-HYLA-NST-letku.jpg 945w\" sizes=\"(max-width: 300px) 100vw, 300px\" \/><figcaption id=\"caption-attachment-8527\" class=\"wp-caption-text\">Hyla NST 4 m imuletku<\/figcaption><\/figure>\n<p data-start=\"287\" data-end=\"675\">Hyla NST 4 metrin taipuisa imuletku on suunniteltu kest\u00e4m\u00e4\u00e4n vaativan siivouksen vaatimukset ja tarjoamaan k\u00e4ytt\u00e4j\u00e4lle lis\u00e4\u00e4 liikkumavaraa verrattuna vakiona tulevaan 3 m letkuun.<\/p>\n<p data-start=\"153\" data-end=\"414\">Imuletku on valmistettu vahvasta ter\u00e4snailonista ja p\u00e4\u00e4llystetty kest\u00e4v\u00e4ll\u00e4 PVC-muovipinnoitteella. Uusissa letkumalleissa kaaren ja letkun liitoskohtaan on lis\u00e4tty <strong data-start=\"742\" data-end=\"765\">joustava muovijousi<\/strong>, joka est\u00e4\u00e4 liitoksen rikkoontumisen ja tekee k\u00e4yt\u00f6st\u00e4 entist\u00e4 huolettomampaa.<\/p>\n<p data-start=\"416\" data-end=\"656\">T\u00e4m\u00e4 tekee k\u00e4yt\u00f6st\u00e4 entist\u00e4 mukavampaa ja varmistaa, ett\u00e4 letku s\u00e4ilyy kunnossa pitk\u00e4\u00e4n. Imuletkulla voidaan imuroida turvallisesti my\u00f6s vett\u00e4 ja nesteit\u00e4. K\u00e4yt\u00f6n j\u00e4lkeen letku on helppo kuivata hy\u00f6dynt\u00e4m\u00e4ll\u00e4 Hylan imu- ja puhalluspuolta.<\/p>\n<p data-start=\"658\" data-end=\"780\">Joustava ja pitk\u00e4 letku antaa runsaasti liikkumavaraa siivouksen aikana, jolloin ty\u00f6skentely on tehokasta ja vaivatonta.<\/p>\n<p data-start=\"848\" data-end=\"1075\">Tarvitsetko pidemm\u00e4n letkun? Ei ongelmaa \u2013 joustavaa letkua on saatavana verkkokaupasta kuutena eri pituutena (<a href=\"https:\/\/hylajams.fi\/?product_cat=hyla-nst-letkut\">1,8 m, 3 m, 4 m, 5 m, ja 6 m<\/a>), jolloin k\u00e4ytt\u00e4j\u00e4n on mahdollista valita kaikkiin mahdollisiin k\u00e4ytt\u00f6kohteisiin.<\/p>\n<p data-start=\"1077\" data-end=\"1281\">Huomioithan, ett\u00e4 t\u00e4m\u00e4 imuletku sopii ainoastaan HYLA NST -malliin, joten varmista yhteensopivuus laitteesi kanssa. Tilaa oma HYLA NST -imuletkusi nyt ja nauti tehokkaasta ja vaivattomasta siivouksesta!<\/p>\n<h5 data-start=\"4289\" data-end=\"4347\"><strong><a href=\"https:\/\/hylajams.fi\/?page_id=8371\">HYLA NST TUOTTEET<\/a><\/strong><\/h5>\n<h5><strong><a href=\"https:\/\/www.hyla.com\/products\/products\"><span dir=\"auto\">HYLA INTERNATIONAL<\/span><\/a><\/strong><\/h5>\n","protected":false},"excerpt":{"rendered":"<h2 data-start=\"359\" data-end=\"382\">\ud83d\udfe2 <strong data-start=\"383\" data-end=\"465\">HYLA NST -imuletku 4 m<\/strong><\/h2>\n<p data-start=\"383\" data-end=\"467\"><strong data-start=\"383\" data-end=\"465\">HYLA NST -imuletku 4 m \u2013 kest\u00e4v\u00e4 ja joustava varaosa p\u00e4ivitt\u00e4iseen siivoukseen<\/strong><\/p>\n","protected":false},"featured_media":8527,"template":"","meta":[],"product_brand":[],"product_cat":[775,940],"product_tag":[39,1610,1016,30],"class_list":{"0":"post-1281","1":"product","2":"type-product","3":"status-publish","4":"has-post-thumbnail","6":"product_cat-hyla-nst","7":"product_cat-hyla-nst-letkut-ja-putket","8":"product_tag-hyla-nst","9":"product_tag-hyla-nst-letku-4-m","10":"product_tag-hyla-pitka-letku","11":"product_tag-letkut","12":"product_shipping_class-posti-m-paketti-19x36x60-cm-35-kg","13":"_wholesalex wsx-wholesalex-product","15":"first","16":"instock","17":"featured","18":"shipping-taxable","19":"purchasable","20":"product-type-simple"},"yoast_head":"<!-- This site is optimized with the Yoast SEO plugin v27.3 - https:\/\/yoast.com\/product\/yoast-seo-wordpress\/ -->\n<title>HYLA NST imuletku 4 m \u2013 Lis\u00e4\u00e4 ulottuvuutta siivoukseen<\/title>\n<meta name=\"description\" content=\"Hyla NST 4 m imuletku tarjoaa enemm\u00e4n liikkumavapautta kuin vakiomalli. Tilaa kest\u00e4v\u00e4 ja joustava letku verkkokaupasta nyt!\" \/>\n<meta name=\"robots\" content=\"index, follow, max-snippet:-1, max-image-preview:large, max-video-preview:-1\" \/>\n<link rel=\"canonical\" href=\"https:\/\/hylajams.fi\/?product=hyla-gst-imuletku-4m\" \/>\n<meta property=\"og:locale\" content=\"fi_FI\" \/>\n<meta property=\"og:type\" content=\"article\" \/>\n<meta property=\"og:title\" content=\"HYLA NST imuletku 4 m \u2013 Lis\u00e4\u00e4 ulottuvuutta siivoukseen\" \/>\n<meta property=\"og:description\" content=\"Hyla NST 4 m imuletku tarjoaa enemm\u00e4n liikkumavapautta kuin vakiomalli. Tilaa kest\u00e4v\u00e4 ja joustava letku verkkokaupasta nyt!\" \/>\n<meta property=\"og:url\" content=\"https:\/\/hylajams.fi\/?product=hyla-gst-imuletku-4m\" \/>\n<meta property=\"og:site_name\" content=\"Hyla Jams Verkkokauppa\" \/>\n<meta property=\"article:modified_time\" content=\"2026-02-27T16:56:32+00:00\" \/>\n<meta property=\"og:image\" content=\"https:\/\/hylajams.fi\/wp-content\/uploads\/2021\/07\/14103-HYLA-NST-letku.jpg\" \/>\n\t<meta property=\"og:image:width\" content=\"945\" \/>\n\t<meta property=\"og:image:height\" content=\"945\" \/>\n\t<meta property=\"og:image:type\" content=\"image\/jpeg\" \/>\n<meta name=\"twitter:card\" content=\"summary_large_image\" \/>\n<meta name=\"twitter:label1\" content=\"Arvioitu lukuaika\" \/>\n\t<meta name=\"twitter:data1\" content=\"2 minuuttia\" \/>\n<script type=\"application\/ld+json\" class=\"yoast-schema-graph\">{\"@context\":\"https:\\\/\\\/schema.org\",\"@graph\":[{\"@type\":\"WebPage\",\"@id\":\"https:\\\/\\\/hylajams.fi\\\/?product=hyla-gst-imuletku-4m\",\"url\":\"https:\\\/\\\/hylajams.fi\\\/?product=hyla-gst-imuletku-4m\",\"name\":\"HYLA NST imuletku 4 m \u2013 Lis\u00e4\u00e4 ulottuvuutta siivoukseen\",\"isPartOf\":{\"@id\":\"https:\\\/\\\/hylajams.fi\\\/#website\"},\"primaryImageOfPage\":{\"@id\":\"https:\\\/\\\/hylajams.fi\\\/?product=hyla-gst-imuletku-4m#primaryimage\"},\"image\":{\"@id\":\"https:\\\/\\\/hylajams.fi\\\/?product=hyla-gst-imuletku-4m#primaryimage\"},\"thumbnailUrl\":\"https:\\\/\\\/hylajams.fi\\\/wp-content\\\/uploads\\\/2021\\\/07\\\/14103-HYLA-NST-letku.jpg\",\"datePublished\":\"2021-07-27T06:31:25+00:00\",\"dateModified\":\"2026-02-27T16:56:32+00:00\",\"description\":\"Hyla NST 4 m imuletku tarjoaa enemm\u00e4n liikkumavapautta kuin vakiomalli. Tilaa kest\u00e4v\u00e4 ja joustava letku verkkokaupasta nyt!\",\"breadcrumb\":{\"@id\":\"https:\\\/\\\/hylajams.fi\\\/?product=hyla-gst-imuletku-4m#breadcrumb\"},\"inLanguage\":\"fi\",\"potentialAction\":[{\"@type\":\"ReadAction\",\"target\":[\"https:\\\/\\\/hylajams.fi\\\/?product=hyla-gst-imuletku-4m\"]}]},{\"@type\":\"ImageObject\",\"inLanguage\":\"fi\",\"@id\":\"https:\\\/\\\/hylajams.fi\\\/?product=hyla-gst-imuletku-4m#primaryimage\",\"url\":\"https:\\\/\\\/hylajams.fi\\\/wp-content\\\/uploads\\\/2021\\\/07\\\/14103-HYLA-NST-letku.jpg\",\"contentUrl\":\"https:\\\/\\\/hylajams.fi\\\/wp-content\\\/uploads\\\/2021\\\/07\\\/14103-HYLA-NST-letku.jpg\",\"width\":945,\"height\":945,\"caption\":\"* HYLA NST imuletku 3 m * HYLA imuletku varaosa * HYLA NST joustava letku nesteiden imurointiin\"},{\"@type\":\"BreadcrumbList\",\"@id\":\"https:\\\/\\\/hylajams.fi\\\/?product=hyla-gst-imuletku-4m#breadcrumb\",\"itemListElement\":[{\"@type\":\"ListItem\",\"position\":1,\"name\":\"Etusivu\",\"item\":\"https:\\\/\\\/hylajams.fi\\\/\"},{\"@type\":\"ListItem\",\"position\":2,\"name\":\"VERKKOKAUPPA\",\"item\":\"https:\\\/\\\/hylajams.fi\\\/?page_id=9\"},{\"@type\":\"ListItem\",\"position\":3,\"name\":\"14104 Hyla NST letku 4 m\"}]},{\"@type\":\"WebSite\",\"@id\":\"https:\\\/\\\/hylajams.fi\\\/#website\",\"url\":\"https:\\\/\\\/hylajams.fi\\\/\",\"name\":\"Hyla Jams Verkkokauppa\",\"description\":\"Hyla ilman- ja huoneen puhdistusj\u00e4rjestelm\u00e4 Suomessa\",\"publisher\":{\"@id\":\"https:\\\/\\\/hylajams.fi\\\/#organization\"},\"potentialAction\":[{\"@type\":\"SearchAction\",\"target\":{\"@type\":\"EntryPoint\",\"urlTemplate\":\"https:\\\/\\\/hylajams.fi\\\/?s={search_term_string}\"},\"query-input\":{\"@type\":\"PropertyValueSpecification\",\"valueRequired\":true,\"valueName\":\"search_term_string\"}}],\"inLanguage\":\"fi\"},{\"@type\":\"Organization\",\"@id\":\"https:\\\/\\\/hylajams.fi\\\/#organization\",\"name\":\"Hyla Jams Verkkokauppa\",\"url\":\"https:\\\/\\\/hylajams.fi\\\/\",\"logo\":{\"@type\":\"ImageObject\",\"inLanguage\":\"fi\",\"@id\":\"https:\\\/\\\/hylajams.fi\\\/#\\\/schema\\\/logo\\\/image\\\/\",\"url\":\"https:\\\/\\\/hylajams.fi\\\/wp-content\\\/uploads\\\/2025\\\/02\\\/Logo-1-2.jpg\",\"contentUrl\":\"https:\\\/\\\/hylajams.fi\\\/wp-content\\\/uploads\\\/2025\\\/02\\\/Logo-1-2.jpg\",\"width\":500,\"height\":500,\"caption\":\"Hyla Jams Verkkokauppa\"},\"image\":{\"@id\":\"https:\\\/\\\/hylajams.fi\\\/#\\\/schema\\\/logo\\\/image\\\/\"},\"sameAs\":[\"https:\\\/\\\/www.instagram.com\\\/hylasiivous\\\/\"]}]}<\/script>\n<!-- \/ Yoast SEO plugin. -->","yoast_head_json":{"title":"HYLA NST imuletku 4 m \u2013 Lis\u00e4\u00e4 ulottuvuutta siivoukseen","description":"Hyla NST 4 m imuletku tarjoaa enemm\u00e4n liikkumavapautta kuin vakiomalli. Tilaa kest\u00e4v\u00e4 ja joustava letku verkkokaupasta nyt!","robots":{"index":"index","follow":"follow","max-snippet":"max-snippet:-1","max-image-preview":"max-image-preview:large","max-video-preview":"max-video-preview:-1"},"canonical":"https:\/\/hylajams.fi\/?product=hyla-gst-imuletku-4m","og_locale":"fi_FI","og_type":"article","og_title":"HYLA NST imuletku 4 m \u2013 Lis\u00e4\u00e4 ulottuvuutta siivoukseen","og_description":"Hyla NST 4 m imuletku tarjoaa enemm\u00e4n liikkumavapautta kuin vakiomalli. Tilaa kest\u00e4v\u00e4 ja joustava letku verkkokaupasta nyt!","og_url":"https:\/\/hylajams.fi\/?product=hyla-gst-imuletku-4m","og_site_name":"Hyla Jams Verkkokauppa","article_modified_time":"2026-02-27T16:56:32+00:00","og_image":[{"width":945,"height":945,"url":"https:\/\/hylajams.fi\/wp-content\/uploads\/2021\/07\/14103-HYLA-NST-letku.jpg","type":"image\/jpeg"}],"twitter_card":"summary_large_image","twitter_misc":{"Arvioitu lukuaika":"2 minuuttia"},"schema":{"@context":"https:\/\/schema.org","@graph":[{"@type":"WebPage","@id":"https:\/\/hylajams.fi\/?product=hyla-gst-imuletku-4m","url":"https:\/\/hylajams.fi\/?product=hyla-gst-imuletku-4m","name":"HYLA NST imuletku 4 m \u2013 Lis\u00e4\u00e4 ulottuvuutta siivoukseen","isPartOf":{"@id":"https:\/\/hylajams.fi\/#website"},"primaryImageOfPage":{"@id":"https:\/\/hylajams.fi\/?product=hyla-gst-imuletku-4m#primaryimage"},"image":{"@id":"https:\/\/hylajams.fi\/?product=hyla-gst-imuletku-4m#primaryimage"},"thumbnailUrl":"https:\/\/hylajams.fi\/wp-content\/uploads\/2021\/07\/14103-HYLA-NST-letku.jpg","datePublished":"2021-07-27T06:31:25+00:00","dateModified":"2026-02-27T16:56:32+00:00","description":"Hyla NST 4 m imuletku tarjoaa enemm\u00e4n liikkumavapautta kuin vakiomalli. Tilaa kest\u00e4v\u00e4 ja joustava letku verkkokaupasta nyt!","breadcrumb":{"@id":"https:\/\/hylajams.fi\/?product=hyla-gst-imuletku-4m#breadcrumb"},"inLanguage":"fi","potentialAction":[{"@type":"ReadAction","target":["https:\/\/hylajams.fi\/?product=hyla-gst-imuletku-4m"]}]},{"@type":"ImageObject","inLanguage":"fi","@id":"https:\/\/hylajams.fi\/?product=hyla-gst-imuletku-4m#primaryimage","url":"https:\/\/hylajams.fi\/wp-content\/uploads\/2021\/07\/14103-HYLA-NST-letku.jpg","contentUrl":"https:\/\/hylajams.fi\/wp-content\/uploads\/2021\/07\/14103-HYLA-NST-letku.jpg","width":945,"height":945,"caption":"* HYLA NST imuletku 3 m * HYLA imuletku varaosa * HYLA NST joustava letku nesteiden imurointiin"},{"@type":"BreadcrumbList","@id":"https:\/\/hylajams.fi\/?product=hyla-gst-imuletku-4m#breadcrumb","itemListElement":[{"@type":"ListItem","position":1,"name":"Etusivu","item":"https:\/\/hylajams.fi\/"},{"@type":"ListItem","position":2,"name":"VERKKOKAUPPA","item":"https:\/\/hylajams.fi\/?page_id=9"},{"@type":"ListItem","position":3,"name":"14104 Hyla NST letku 4 m"}]},{"@type":"WebSite","@id":"https:\/\/hylajams.fi\/#website","url":"https:\/\/hylajams.fi\/","name":"Hyla Jams Verkkokauppa","description":"Hyla ilman- ja huoneen puhdistusj\u00e4rjestelm\u00e4 Suomessa","publisher":{"@id":"https:\/\/hylajams.fi\/#organization"},"potentialAction":[{"@type":"SearchAction","target":{"@type":"EntryPoint","urlTemplate":"https:\/\/hylajams.fi\/?s={search_term_string}"},"query-input":{"@type":"PropertyValueSpecification","valueRequired":true,"valueName":"search_term_string"}}],"inLanguage":"fi"},{"@type":"Organization","@id":"https:\/\/hylajams.fi\/#organization","name":"Hyla Jams Verkkokauppa","url":"https:\/\/hylajams.fi\/","logo":{"@type":"ImageObject","inLanguage":"fi","@id":"https:\/\/hylajams.fi\/#\/schema\/logo\/image\/","url":"https:\/\/hylajams.fi\/wp-content\/uploads\/2025\/02\/Logo-1-2.jpg","contentUrl":"https:\/\/hylajams.fi\/wp-content\/uploads\/2025\/02\/Logo-1-2.jpg","width":500,"height":500,"caption":"Hyla Jams Verkkokauppa"},"image":{"@id":"https:\/\/hylajams.fi\/#\/schema\/logo\/image\/"},"sameAs":["https:\/\/www.instagram.com\/hylasiivous\/"]}]}},"_links":{"self":[{"href":"https:\/\/hylajams.fi\/index.php?rest_route=\/wp\/v2\/product\/1281","targetHints":{"allow":["GET"]}}],"collection":[{"href":"https:\/\/hylajams.fi\/index.php?rest_route=\/wp\/v2\/product"}],"about":[{"href":"https:\/\/hylajams.fi\/index.php?rest_route=\/wp\/v2\/types\/product"}],"version-history":[{"count":10,"href":"https:\/\/hylajams.fi\/index.php?rest_route=\/wp\/v2\/product\/1281\/revisions"}],"predecessor-version":[{"id":13135,"href":"https:\/\/hylajams.fi\/index.php?rest_route=\/wp\/v2\/product\/1281\/revisions\/13135"}],"wp:featuredmedia":[{"embeddable":true,"href":"https:\/\/hylajams.fi\/index.php?rest_route=\/wp\/v2\/media\/8527"}],"wp:attachment":[{"href":"https:\/\/hylajams.fi\/index.php?rest_route=%2Fwp%2Fv2%2Fmedia&parent=1281"}],"wp:term":[{"taxonomy":"product_brand","embeddable":true,"href":"https:\/\/hylajams.fi\/index.php?rest_route=%2Fwp%2Fv2%2Fproduct_brand&post=1281"},{"taxonomy":"product_cat","embeddable":true,"href":"https:\/\/hylajams.fi\/index.php?rest_route=%2Fwp%2Fv2%2Fproduct_cat&post=1281"},{"taxonomy":"product_tag","embeddable":true,"href":"https:\/\/hylajams.fi\/index.php?rest_route=%2Fwp%2Fv2%2Fproduct_tag&post=1281"}],"curies":[{"name":"wp","href":"https:\/\/api.w.org\/{rel}","templated":true}]}}