{"id":12303,"date":"2026-01-14T13:01:25","date_gmt":"2026-01-14T11:01:25","guid":{"rendered":"https:\/\/hylajams.fi\/?post_type=product&#038;p=12303"},"modified":"2026-03-15T14:02:26","modified_gmt":"2026-03-15T12:02:26","slug":"punainen-klipsisetti-hyla-est-sahkomoottoriharjan-putkeen","status":"publish","type":"product","link":"https:\/\/hylajams.fi\/?product=punainen-klipsisetti-hyla-est-sahkomoottoriharjan-putkeen","title":{"rendered":"44441 Punainen klipsisetti HYLA EST s\u00e4hk\u00f6moottoriharjan putkeen (2 kpl)"},"content":{"rendered":"<p data-start=\"471\" data-end=\"690\">Punainen klipsisetti HYLA EST -s\u00e4hk\u00f6moottoriharjan putkeen tai letkuun on varaosa rikkoutuneiden tai kuluneiden klipsien vaihtoon.<br data-start=\"589\" data-end=\"592\" \/>Pakkaus sis\u00e4lt\u00e4\u00e4 <strong data-start=\"609\" data-end=\"636\">2 kpl punaisia klipsej\u00e4<\/strong>, jotka sopivat <a href=\"https:\/\/hylajams.fi\/?product=hyla-est-sahkomoottoriharjan-varsi\"><strong>HYLA EST -s\u00e4hk\u00f6moottoriharjan putkeen\/letkuun<\/strong><\/a>.<\/p>\n<p data-start=\"724\" data-end=\"827\"><strong data-start=\"727\" data-end=\"738\">Huomio:<\/strong>\u00a0Klipsien vaihto vaatii huolellisuutta. V\u00e4\u00e4r\u00e4 asennustapa voi vahingoittaa kiinnikett\u00e4.<\/p>\n<p data-start=\"724\" data-end=\"827\">Suositeltavaa on tutustua valmistajan ohjeisiin huolellisesti ennen vaihtoty\u00f6t\u00e4.<\/p>\n<p data-start=\"724\" data-end=\"827\"><strong data-start=\"832\" data-end=\"848\">Asennusohje:<\/strong>\u00a0Katso valmistajan ohjevideo klipsien vaihtamisesta:<br data-start=\"900\" data-end=\"903\" \/><a class=\"decorated-link\" href=\"https:\/\/youtu.be\/R5MwunsGbik\" target=\"_new\" rel=\"noopener\" data-start=\"903\" data-end=\"963\">https:\/\/youtu.be\/R5MwunsGbik<\/a><\/p>\n<p data-start=\"864\" data-end=\"878\">Tuote sopii:<\/p>\n<ul>\n<li>HYLA EST -s\u00e4hk\u00f6moottoriharjan putkeen<\/li>\n<li>Varaosaksi rikkoutuneen klipsin tilalle<\/li>\n<li>Huoltoon tai varak\u00e4ytt\u00f6\u00f6n<\/li>\n<\/ul>\n<p><a href=\"https:\/\/hylajams.fi\/wp-content\/uploads\/2026\/01\/Klipsin-vaihto-ohje.pdf\">Klipsin vaihto ohje<\/a><\/p>\n","protected":false},"excerpt":{"rendered":"<p>Punainen klipsisetti HYLA EST -s\u00e4hk\u00f6moottoriharjan putkeen. Pakkaus sis\u00e4lt\u00e4\u00e4 2 kpl vaihtoklipsej\u00e4 rikkoutuneen tai kuluneen klipsin tilalle.<\/p>\n","protected":false},"featured_media":12520,"template":"","meta":[],"product_brand":[],"product_cat":[951,773],"product_tag":[1508,1560,1563,1564],"class_list":{"0":"post-12303","1":"product","2":"type-product","3":"status-publish","4":"has-post-thumbnail","6":"product_cat-est-varaosat","7":"product_cat-hyla-est","8":"product_tag-hyla-est-varaosa","9":"product_tag-klipsi","10":"product_tag-punainen","11":"product_tag-sahko","12":"product_shipping_class-posti-xxs-paketti-35x25x3-cm-2-kg","13":"_wholesalex wsx-wholesalex-product","15":"first","16":"instock","17":"featured","18":"shipping-taxable","19":"purchasable","20":"product-type-simple"},"yoast_head":"<!-- This site is optimized with the Yoast SEO plugin v27.3 - https:\/\/yoast.com\/product\/yoast-seo-wordpress\/ -->\n<title>Punainen klipsisetti HYLA EST s\u00e4hk\u00f6moottoriharjan putkeen<\/title>\n<meta name=\"description\" content=\"Punainen klipsisetti HYLA EST s\u00e4hk\u00f6moottoriharjan putkeen - Pakkaus sis\u00e4lt\u00e4\u00e4 2 kpl vaihtoklipsej\u00e4 rikkoutuneen tai kuluneen klipsin tilalle.\" \/>\n<meta name=\"robots\" content=\"index, follow, max-snippet:-1, max-image-preview:large, max-video-preview:-1\" \/>\n<link rel=\"canonical\" href=\"https:\/\/hylajams.fi\/?product=punainen-klipsisetti-hyla-est-sahkomoottoriharjan-putkeen\" \/>\n<meta property=\"og:locale\" content=\"fi_FI\" \/>\n<meta property=\"og:type\" content=\"article\" \/>\n<meta property=\"og:title\" content=\"Punainen klipsisetti HYLA EST s\u00e4hk\u00f6moottoriharjan putkeen\" \/>\n<meta property=\"og:description\" content=\"Punainen klipsisetti HYLA EST s\u00e4hk\u00f6moottoriharjan putkeen - Pakkaus sis\u00e4lt\u00e4\u00e4 2 kpl vaihtoklipsej\u00e4 rikkoutuneen tai kuluneen klipsin tilalle.\" \/>\n<meta property=\"og:url\" content=\"https:\/\/hylajams.fi\/?product=punainen-klipsisetti-hyla-est-sahkomoottoriharjan-putkeen\" \/>\n<meta property=\"og:site_name\" content=\"Hyla Jams Verkkokauppa\" \/>\n<meta property=\"article:modified_time\" content=\"2026-03-15T12:02:26+00:00\" \/>\n<meta property=\"og:image\" content=\"https:\/\/hylajams.fi\/wp-content\/uploads\/2026\/01\/4441-punainen-klipsi.jpg\" \/>\n\t<meta property=\"og:image:width\" content=\"1920\" \/>\n\t<meta property=\"og:image:height\" content=\"1279\" \/>\n\t<meta property=\"og:image:type\" content=\"image\/jpeg\" \/>\n<meta name=\"twitter:card\" content=\"summary_large_image\" \/>\n<meta name=\"twitter:label1\" content=\"Arvioitu lukuaika\" \/>\n\t<meta name=\"twitter:data1\" content=\"1 minuutti\" \/>\n<script type=\"application\/ld+json\" class=\"yoast-schema-graph\">{\"@context\":\"https:\\\/\\\/schema.org\",\"@graph\":[{\"@type\":\"WebPage\",\"@id\":\"https:\\\/\\\/hylajams.fi\\\/?product=punainen-klipsisetti-hyla-est-sahkomoottoriharjan-putkeen\",\"url\":\"https:\\\/\\\/hylajams.fi\\\/?product=punainen-klipsisetti-hyla-est-sahkomoottoriharjan-putkeen\",\"name\":\"Punainen klipsisetti HYLA EST s\u00e4hk\u00f6moottoriharjan putkeen\",\"isPartOf\":{\"@id\":\"https:\\\/\\\/hylajams.fi\\\/#website\"},\"primaryImageOfPage\":{\"@id\":\"https:\\\/\\\/hylajams.fi\\\/?product=punainen-klipsisetti-hyla-est-sahkomoottoriharjan-putkeen#primaryimage\"},\"image\":{\"@id\":\"https:\\\/\\\/hylajams.fi\\\/?product=punainen-klipsisetti-hyla-est-sahkomoottoriharjan-putkeen#primaryimage\"},\"thumbnailUrl\":\"https:\\\/\\\/hylajams.fi\\\/wp-content\\\/uploads\\\/2026\\\/01\\\/4441-punainen-klipsi.jpg\",\"datePublished\":\"2026-01-14T11:01:25+00:00\",\"dateModified\":\"2026-03-15T12:02:26+00:00\",\"description\":\"Punainen klipsisetti HYLA EST s\u00e4hk\u00f6moottoriharjan putkeen - Pakkaus sis\u00e4lt\u00e4\u00e4 2 kpl vaihtoklipsej\u00e4 rikkoutuneen tai kuluneen klipsin tilalle.\",\"breadcrumb\":{\"@id\":\"https:\\\/\\\/hylajams.fi\\\/?product=punainen-klipsisetti-hyla-est-sahkomoottoriharjan-putkeen#breadcrumb\"},\"inLanguage\":\"fi\",\"potentialAction\":[{\"@type\":\"ReadAction\",\"target\":[\"https:\\\/\\\/hylajams.fi\\\/?product=punainen-klipsisetti-hyla-est-sahkomoottoriharjan-putkeen\"]}]},{\"@type\":\"ImageObject\",\"inLanguage\":\"fi\",\"@id\":\"https:\\\/\\\/hylajams.fi\\\/?product=punainen-klipsisetti-hyla-est-sahkomoottoriharjan-putkeen#primaryimage\",\"url\":\"https:\\\/\\\/hylajams.fi\\\/wp-content\\\/uploads\\\/2026\\\/01\\\/4441-punainen-klipsi.jpg\",\"contentUrl\":\"https:\\\/\\\/hylajams.fi\\\/wp-content\\\/uploads\\\/2026\\\/01\\\/4441-punainen-klipsi.jpg\",\"width\":1920,\"height\":1279,\"caption\":\"Punainen klipsisetti HYLA EST s\u00e4hk\u00f6moottoriharjan putkeen\"},{\"@type\":\"BreadcrumbList\",\"@id\":\"https:\\\/\\\/hylajams.fi\\\/?product=punainen-klipsisetti-hyla-est-sahkomoottoriharjan-putkeen#breadcrumb\",\"itemListElement\":[{\"@type\":\"ListItem\",\"position\":1,\"name\":\"Etusivu\",\"item\":\"https:\\\/\\\/hylajams.fi\\\/\"},{\"@type\":\"ListItem\",\"position\":2,\"name\":\"VERKKOKAUPPA\",\"item\":\"https:\\\/\\\/hylajams.fi\\\/?page_id=9\"},{\"@type\":\"ListItem\",\"position\":3,\"name\":\"44441 Punainen klipsisetti HYLA EST s\u00e4hk\u00f6moottoriharjan putkeen (2 kpl)\"}]},{\"@type\":\"WebSite\",\"@id\":\"https:\\\/\\\/hylajams.fi\\\/#website\",\"url\":\"https:\\\/\\\/hylajams.fi\\\/\",\"name\":\"Hyla Jams Verkkokauppa\",\"description\":\"Hyla ilman- ja huoneen puhdistusj\u00e4rjestelm\u00e4 Suomessa\",\"publisher\":{\"@id\":\"https:\\\/\\\/hylajams.fi\\\/#organization\"},\"potentialAction\":[{\"@type\":\"SearchAction\",\"target\":{\"@type\":\"EntryPoint\",\"urlTemplate\":\"https:\\\/\\\/hylajams.fi\\\/?s={search_term_string}\"},\"query-input\":{\"@type\":\"PropertyValueSpecification\",\"valueRequired\":true,\"valueName\":\"search_term_string\"}}],\"inLanguage\":\"fi\"},{\"@type\":\"Organization\",\"@id\":\"https:\\\/\\\/hylajams.fi\\\/#organization\",\"name\":\"Hyla Jams Verkkokauppa\",\"url\":\"https:\\\/\\\/hylajams.fi\\\/\",\"logo\":{\"@type\":\"ImageObject\",\"inLanguage\":\"fi\",\"@id\":\"https:\\\/\\\/hylajams.fi\\\/#\\\/schema\\\/logo\\\/image\\\/\",\"url\":\"https:\\\/\\\/hylajams.fi\\\/wp-content\\\/uploads\\\/2025\\\/02\\\/Logo-1-2.jpg\",\"contentUrl\":\"https:\\\/\\\/hylajams.fi\\\/wp-content\\\/uploads\\\/2025\\\/02\\\/Logo-1-2.jpg\",\"width\":500,\"height\":500,\"caption\":\"Hyla Jams Verkkokauppa\"},\"image\":{\"@id\":\"https:\\\/\\\/hylajams.fi\\\/#\\\/schema\\\/logo\\\/image\\\/\"},\"sameAs\":[\"https:\\\/\\\/www.instagram.com\\\/hylasiivous\\\/\"]}]}<\/script>\n<!-- \/ Yoast SEO plugin. -->","yoast_head_json":{"title":"Punainen klipsisetti HYLA EST s\u00e4hk\u00f6moottoriharjan putkeen","description":"Punainen klipsisetti HYLA EST s\u00e4hk\u00f6moottoriharjan putkeen - Pakkaus sis\u00e4lt\u00e4\u00e4 2 kpl vaihtoklipsej\u00e4 rikkoutuneen tai kuluneen klipsin tilalle.","robots":{"index":"index","follow":"follow","max-snippet":"max-snippet:-1","max-image-preview":"max-image-preview:large","max-video-preview":"max-video-preview:-1"},"canonical":"https:\/\/hylajams.fi\/?product=punainen-klipsisetti-hyla-est-sahkomoottoriharjan-putkeen","og_locale":"fi_FI","og_type":"article","og_title":"Punainen klipsisetti HYLA EST s\u00e4hk\u00f6moottoriharjan putkeen","og_description":"Punainen klipsisetti HYLA EST s\u00e4hk\u00f6moottoriharjan putkeen - Pakkaus sis\u00e4lt\u00e4\u00e4 2 kpl vaihtoklipsej\u00e4 rikkoutuneen tai kuluneen klipsin tilalle.","og_url":"https:\/\/hylajams.fi\/?product=punainen-klipsisetti-hyla-est-sahkomoottoriharjan-putkeen","og_site_name":"Hyla Jams Verkkokauppa","article_modified_time":"2026-03-15T12:02:26+00:00","og_image":[{"width":1920,"height":1279,"url":"https:\/\/hylajams.fi\/wp-content\/uploads\/2026\/01\/4441-punainen-klipsi.jpg","type":"image\/jpeg"}],"twitter_card":"summary_large_image","twitter_misc":{"Arvioitu lukuaika":"1 minuutti"},"schema":{"@context":"https:\/\/schema.org","@graph":[{"@type":"WebPage","@id":"https:\/\/hylajams.fi\/?product=punainen-klipsisetti-hyla-est-sahkomoottoriharjan-putkeen","url":"https:\/\/hylajams.fi\/?product=punainen-klipsisetti-hyla-est-sahkomoottoriharjan-putkeen","name":"Punainen klipsisetti HYLA EST s\u00e4hk\u00f6moottoriharjan putkeen","isPartOf":{"@id":"https:\/\/hylajams.fi\/#website"},"primaryImageOfPage":{"@id":"https:\/\/hylajams.fi\/?product=punainen-klipsisetti-hyla-est-sahkomoottoriharjan-putkeen#primaryimage"},"image":{"@id":"https:\/\/hylajams.fi\/?product=punainen-klipsisetti-hyla-est-sahkomoottoriharjan-putkeen#primaryimage"},"thumbnailUrl":"https:\/\/hylajams.fi\/wp-content\/uploads\/2026\/01\/4441-punainen-klipsi.jpg","datePublished":"2026-01-14T11:01:25+00:00","dateModified":"2026-03-15T12:02:26+00:00","description":"Punainen klipsisetti HYLA EST s\u00e4hk\u00f6moottoriharjan putkeen - Pakkaus sis\u00e4lt\u00e4\u00e4 2 kpl vaihtoklipsej\u00e4 rikkoutuneen tai kuluneen klipsin tilalle.","breadcrumb":{"@id":"https:\/\/hylajams.fi\/?product=punainen-klipsisetti-hyla-est-sahkomoottoriharjan-putkeen#breadcrumb"},"inLanguage":"fi","potentialAction":[{"@type":"ReadAction","target":["https:\/\/hylajams.fi\/?product=punainen-klipsisetti-hyla-est-sahkomoottoriharjan-putkeen"]}]},{"@type":"ImageObject","inLanguage":"fi","@id":"https:\/\/hylajams.fi\/?product=punainen-klipsisetti-hyla-est-sahkomoottoriharjan-putkeen#primaryimage","url":"https:\/\/hylajams.fi\/wp-content\/uploads\/2026\/01\/4441-punainen-klipsi.jpg","contentUrl":"https:\/\/hylajams.fi\/wp-content\/uploads\/2026\/01\/4441-punainen-klipsi.jpg","width":1920,"height":1279,"caption":"Punainen klipsisetti HYLA EST s\u00e4hk\u00f6moottoriharjan putkeen"},{"@type":"BreadcrumbList","@id":"https:\/\/hylajams.fi\/?product=punainen-klipsisetti-hyla-est-sahkomoottoriharjan-putkeen#breadcrumb","itemListElement":[{"@type":"ListItem","position":1,"name":"Etusivu","item":"https:\/\/hylajams.fi\/"},{"@type":"ListItem","position":2,"name":"VERKKOKAUPPA","item":"https:\/\/hylajams.fi\/?page_id=9"},{"@type":"ListItem","position":3,"name":"44441 Punainen klipsisetti HYLA EST s\u00e4hk\u00f6moottoriharjan putkeen (2 kpl)"}]},{"@type":"WebSite","@id":"https:\/\/hylajams.fi\/#website","url":"https:\/\/hylajams.fi\/","name":"Hyla Jams Verkkokauppa","description":"Hyla ilman- ja huoneen puhdistusj\u00e4rjestelm\u00e4 Suomessa","publisher":{"@id":"https:\/\/hylajams.fi\/#organization"},"potentialAction":[{"@type":"SearchAction","target":{"@type":"EntryPoint","urlTemplate":"https:\/\/hylajams.fi\/?s={search_term_string}"},"query-input":{"@type":"PropertyValueSpecification","valueRequired":true,"valueName":"search_term_string"}}],"inLanguage":"fi"},{"@type":"Organization","@id":"https:\/\/hylajams.fi\/#organization","name":"Hyla Jams Verkkokauppa","url":"https:\/\/hylajams.fi\/","logo":{"@type":"ImageObject","inLanguage":"fi","@id":"https:\/\/hylajams.fi\/#\/schema\/logo\/image\/","url":"https:\/\/hylajams.fi\/wp-content\/uploads\/2025\/02\/Logo-1-2.jpg","contentUrl":"https:\/\/hylajams.fi\/wp-content\/uploads\/2025\/02\/Logo-1-2.jpg","width":500,"height":500,"caption":"Hyla Jams Verkkokauppa"},"image":{"@id":"https:\/\/hylajams.fi\/#\/schema\/logo\/image\/"},"sameAs":["https:\/\/www.instagram.com\/hylasiivous\/"]}]}},"_links":{"self":[{"href":"https:\/\/hylajams.fi\/index.php?rest_route=\/wp\/v2\/product\/12303","targetHints":{"allow":["GET"]}}],"collection":[{"href":"https:\/\/hylajams.fi\/index.php?rest_route=\/wp\/v2\/product"}],"about":[{"href":"https:\/\/hylajams.fi\/index.php?rest_route=\/wp\/v2\/types\/product"}],"version-history":[{"count":5,"href":"https:\/\/hylajams.fi\/index.php?rest_route=\/wp\/v2\/product\/12303\/revisions"}],"predecessor-version":[{"id":13266,"href":"https:\/\/hylajams.fi\/index.php?rest_route=\/wp\/v2\/product\/12303\/revisions\/13266"}],"wp:featuredmedia":[{"embeddable":true,"href":"https:\/\/hylajams.fi\/index.php?rest_route=\/wp\/v2\/media\/12520"}],"wp:attachment":[{"href":"https:\/\/hylajams.fi\/index.php?rest_route=%2Fwp%2Fv2%2Fmedia&parent=12303"}],"wp:term":[{"taxonomy":"product_brand","embeddable":true,"href":"https:\/\/hylajams.fi\/index.php?rest_route=%2Fwp%2Fv2%2Fproduct_brand&post=12303"},{"taxonomy":"product_cat","embeddable":true,"href":"https:\/\/hylajams.fi\/index.php?rest_route=%2Fwp%2Fv2%2Fproduct_cat&post=12303"},{"taxonomy":"product_tag","embeddable":true,"href":"https:\/\/hylajams.fi\/index.php?rest_route=%2Fwp%2Fv2%2Fproduct_tag&post=12303"}],"curies":[{"name":"wp","href":"https:\/\/api.w.org\/{rel}","templated":true}]}}