{"id":12296,"date":"2026-01-14T13:05:34","date_gmt":"2026-01-14T11:05:34","guid":{"rendered":"https:\/\/hylajams.fi\/?post_type=product&#038;p=12296"},"modified":"2026-03-15T14:06:05","modified_gmt":"2026-03-15T12:06:05","slug":"sininen-klipsi-hyla-est-vesiputkeen","status":"publish","type":"product","link":"https:\/\/hylajams.fi\/?product=sininen-klipsi-hyla-est-vesiputkeen","title":{"rendered":"44442 Sininen klipsisetti HYLA EST -vesiputkeen (2 kpl)"},"content":{"rendered":"<p data-start=\"515\" data-end=\"722\">Sininen klipsi HYLA EST -vesiputkeen tai letkuun on varaosa, joka sopii rikkoutuneiden tai kuluneiden klipsien vaihtoon.<br data-start=\"623\" data-end=\"626\" \/>Pakkaus sis\u00e4lt\u00e4\u00e4 <strong data-start=\"643\" data-end=\"661\">2 kpl klipsej\u00e4<\/strong> tuotenumerolle 45300, jotka sopivat <a href=\"https:\/\/hylajams.fi\/?product=hyla-est-markapesurin-putki\">HYLA EST -vesiputkeen<\/a>.<\/p>\n<p data-start=\"724\" data-end=\"827\"><strong data-start=\"727\" data-end=\"738\">Huomio:<\/strong> Klipsien vaihto vaatii huolellisuutta. V\u00e4\u00e4r\u00e4 asennustapa voi vahingoittaa kiinnikett\u00e4.<\/p>\n<p data-start=\"829\" data-end=\"965\"><strong data-start=\"832\" data-end=\"848\">Asennusohje:<\/strong> Katso valmistajan ohjevideo klipsien vaihtamisesta:<br data-start=\"900\" data-end=\"903\" \/><a class=\"decorated-link\" href=\"https:\/\/youtu.be\/R5MwunsGbik\" target=\"_new\" rel=\"noopener\" data-start=\"903\" data-end=\"963\">https:\/\/youtu.be\/R5MwunsGbik<\/a><\/p>\n<p data-start=\"967\" data-end=\"981\">Tuote sopii:<\/p>\n<ul>\n<li>HYLA EST -j\u00e4rjestelm\u00e4n k\u00e4ytt\u00e4jille<\/li>\n<li data-start=\"1023\" data-end=\"1075\">Varaosaksi rikkoutuneen vesiputken klipsin tilalle<\/li>\n<li data-start=\"1078\" data-end=\"1098\">Huoltoon tai varalle<\/li>\n<\/ul>\n<p><a href=\"https:\/\/hylajams.fi\/wp-content\/uploads\/2026\/01\/Klipsin-vaihto-ohje.pdf\">Klipsin vaihto ohje<\/a><\/p>\n<p>&nbsp;<\/p>\n","protected":false},"excerpt":{"rendered":"<p>Sininen klipsi HYLA EST -vesiputkeen. Pakkaus sis\u00e4lt\u00e4\u00e4 2 kpl vaihtoklipsej\u00e4. Sopii vesiputken kiinnitykseen ja vaihto onnistuu valmistajan ohjevideon avulla.<\/p>\n","protected":false},"featured_media":12519,"template":"","meta":[],"product_brand":[],"product_cat":[949,951,773],"product_tag":[1560,1559,1561,1562],"class_list":{"0":"post-12296","1":"product","2":"type-product","3":"status-publish","4":"has-post-thumbnail","6":"product_cat-est-markapesuri","7":"product_cat-est-varaosat","8":"product_cat-hyla-est","9":"product_tag-klipsi","10":"product_tag-sininen","11":"product_tag-varaosa","12":"product_tag-vesiputki","13":"product_shipping_class-posti-xxs-paketti-35x25x3-cm-2-kg","14":"_wholesalex wsx-wholesalex-product","16":"first","17":"instock","18":"featured","19":"shipping-taxable","20":"purchasable","21":"product-type-simple"},"yoast_head":"<!-- This site is optimized with the Yoast SEO plugin v27.3 - https:\/\/yoast.com\/product\/yoast-seo-wordpress\/ -->\n<title>Sininen klipsi HYLA EST -vesiputkeen | Varaosa<\/title>\n<meta name=\"description\" content=\"Sininen klipsi HYLA EST -vesiputkeen (2 kpl). Sopii tuotenumerolle 45300. Varaosa rikkoutuneen vesiputken klipsin tilalle. Asennusohjevideo saatavilla.\" \/>\n<meta name=\"robots\" content=\"index, follow, max-snippet:-1, max-image-preview:large, max-video-preview:-1\" \/>\n<link rel=\"canonical\" href=\"https:\/\/hylajams.fi\/?product=sininen-klipsi-hyla-est-vesiputkeen\" \/>\n<meta property=\"og:locale\" content=\"fi_FI\" \/>\n<meta property=\"og:type\" content=\"article\" \/>\n<meta property=\"og:title\" content=\"Sininen klipsi HYLA EST -vesiputkeen | Varaosa\" \/>\n<meta property=\"og:description\" content=\"Sininen klipsi HYLA EST -vesiputkeen (2 kpl). Sopii tuotenumerolle 45300. Varaosa rikkoutuneen vesiputken klipsin tilalle. Asennusohjevideo saatavilla.\" \/>\n<meta property=\"og:url\" content=\"https:\/\/hylajams.fi\/?product=sininen-klipsi-hyla-est-vesiputkeen\" \/>\n<meta property=\"og:site_name\" content=\"Hyla Jams Verkkokauppa\" \/>\n<meta property=\"article:modified_time\" content=\"2026-03-15T12:06:05+00:00\" \/>\n<meta property=\"og:image\" content=\"https:\/\/hylajams.fi\/wp-content\/uploads\/2026\/01\/44442-sininen-klipsi.jpg\" \/>\n\t<meta property=\"og:image:width\" content=\"1920\" \/>\n\t<meta property=\"og:image:height\" content=\"1279\" \/>\n\t<meta property=\"og:image:type\" content=\"image\/jpeg\" \/>\n<meta name=\"twitter:card\" content=\"summary_large_image\" \/>\n<meta name=\"twitter:label1\" content=\"Arvioitu lukuaika\" \/>\n\t<meta name=\"twitter:data1\" content=\"1 minuutti\" \/>\n<script type=\"application\/ld+json\" class=\"yoast-schema-graph\">{\"@context\":\"https:\\\/\\\/schema.org\",\"@graph\":[{\"@type\":\"WebPage\",\"@id\":\"https:\\\/\\\/hylajams.fi\\\/?product=sininen-klipsi-hyla-est-vesiputkeen\",\"url\":\"https:\\\/\\\/hylajams.fi\\\/?product=sininen-klipsi-hyla-est-vesiputkeen\",\"name\":\"Sininen klipsi HYLA EST -vesiputkeen | Varaosa\",\"isPartOf\":{\"@id\":\"https:\\\/\\\/hylajams.fi\\\/#website\"},\"primaryImageOfPage\":{\"@id\":\"https:\\\/\\\/hylajams.fi\\\/?product=sininen-klipsi-hyla-est-vesiputkeen#primaryimage\"},\"image\":{\"@id\":\"https:\\\/\\\/hylajams.fi\\\/?product=sininen-klipsi-hyla-est-vesiputkeen#primaryimage\"},\"thumbnailUrl\":\"https:\\\/\\\/hylajams.fi\\\/wp-content\\\/uploads\\\/2026\\\/01\\\/44442-sininen-klipsi.jpg\",\"datePublished\":\"2026-01-14T11:05:34+00:00\",\"dateModified\":\"2026-03-15T12:06:05+00:00\",\"description\":\"Sininen klipsi HYLA EST -vesiputkeen (2 kpl). Sopii tuotenumerolle 45300. Varaosa rikkoutuneen vesiputken klipsin tilalle. Asennusohjevideo saatavilla.\",\"breadcrumb\":{\"@id\":\"https:\\\/\\\/hylajams.fi\\\/?product=sininen-klipsi-hyla-est-vesiputkeen#breadcrumb\"},\"inLanguage\":\"fi\",\"potentialAction\":[{\"@type\":\"ReadAction\",\"target\":[\"https:\\\/\\\/hylajams.fi\\\/?product=sininen-klipsi-hyla-est-vesiputkeen\"]}]},{\"@type\":\"ImageObject\",\"inLanguage\":\"fi\",\"@id\":\"https:\\\/\\\/hylajams.fi\\\/?product=sininen-klipsi-hyla-est-vesiputkeen#primaryimage\",\"url\":\"https:\\\/\\\/hylajams.fi\\\/wp-content\\\/uploads\\\/2026\\\/01\\\/44442-sininen-klipsi.jpg\",\"contentUrl\":\"https:\\\/\\\/hylajams.fi\\\/wp-content\\\/uploads\\\/2026\\\/01\\\/44442-sininen-klipsi.jpg\",\"width\":1920,\"height\":1279,\"caption\":\"Sininen klipsi HYLA EST -vesiputkeen\"},{\"@type\":\"BreadcrumbList\",\"@id\":\"https:\\\/\\\/hylajams.fi\\\/?product=sininen-klipsi-hyla-est-vesiputkeen#breadcrumb\",\"itemListElement\":[{\"@type\":\"ListItem\",\"position\":1,\"name\":\"Etusivu\",\"item\":\"https:\\\/\\\/hylajams.fi\\\/\"},{\"@type\":\"ListItem\",\"position\":2,\"name\":\"VERKKOKAUPPA\",\"item\":\"https:\\\/\\\/hylajams.fi\\\/?page_id=9\"},{\"@type\":\"ListItem\",\"position\":3,\"name\":\"44442 Sininen klipsisetti HYLA EST -vesiputkeen (2 kpl)\"}]},{\"@type\":\"WebSite\",\"@id\":\"https:\\\/\\\/hylajams.fi\\\/#website\",\"url\":\"https:\\\/\\\/hylajams.fi\\\/\",\"name\":\"Hyla Jams Verkkokauppa\",\"description\":\"Hyla ilman- ja huoneen puhdistusj\u00e4rjestelm\u00e4 Suomessa\",\"publisher\":{\"@id\":\"https:\\\/\\\/hylajams.fi\\\/#organization\"},\"potentialAction\":[{\"@type\":\"SearchAction\",\"target\":{\"@type\":\"EntryPoint\",\"urlTemplate\":\"https:\\\/\\\/hylajams.fi\\\/?s={search_term_string}\"},\"query-input\":{\"@type\":\"PropertyValueSpecification\",\"valueRequired\":true,\"valueName\":\"search_term_string\"}}],\"inLanguage\":\"fi\"},{\"@type\":\"Organization\",\"@id\":\"https:\\\/\\\/hylajams.fi\\\/#organization\",\"name\":\"Hyla Jams Verkkokauppa\",\"url\":\"https:\\\/\\\/hylajams.fi\\\/\",\"logo\":{\"@type\":\"ImageObject\",\"inLanguage\":\"fi\",\"@id\":\"https:\\\/\\\/hylajams.fi\\\/#\\\/schema\\\/logo\\\/image\\\/\",\"url\":\"https:\\\/\\\/hylajams.fi\\\/wp-content\\\/uploads\\\/2025\\\/02\\\/Logo-1-2.jpg\",\"contentUrl\":\"https:\\\/\\\/hylajams.fi\\\/wp-content\\\/uploads\\\/2025\\\/02\\\/Logo-1-2.jpg\",\"width\":500,\"height\":500,\"caption\":\"Hyla Jams Verkkokauppa\"},\"image\":{\"@id\":\"https:\\\/\\\/hylajams.fi\\\/#\\\/schema\\\/logo\\\/image\\\/\"},\"sameAs\":[\"https:\\\/\\\/www.instagram.com\\\/hylasiivous\\\/\"]}]}<\/script>\n<!-- \/ Yoast SEO plugin. -->","yoast_head_json":{"title":"Sininen klipsi HYLA EST -vesiputkeen | Varaosa","description":"Sininen klipsi HYLA EST -vesiputkeen (2 kpl). Sopii tuotenumerolle 45300. Varaosa rikkoutuneen vesiputken klipsin tilalle. Asennusohjevideo saatavilla.","robots":{"index":"index","follow":"follow","max-snippet":"max-snippet:-1","max-image-preview":"max-image-preview:large","max-video-preview":"max-video-preview:-1"},"canonical":"https:\/\/hylajams.fi\/?product=sininen-klipsi-hyla-est-vesiputkeen","og_locale":"fi_FI","og_type":"article","og_title":"Sininen klipsi HYLA EST -vesiputkeen | Varaosa","og_description":"Sininen klipsi HYLA EST -vesiputkeen (2 kpl). Sopii tuotenumerolle 45300. Varaosa rikkoutuneen vesiputken klipsin tilalle. Asennusohjevideo saatavilla.","og_url":"https:\/\/hylajams.fi\/?product=sininen-klipsi-hyla-est-vesiputkeen","og_site_name":"Hyla Jams Verkkokauppa","article_modified_time":"2026-03-15T12:06:05+00:00","og_image":[{"width":1920,"height":1279,"url":"https:\/\/hylajams.fi\/wp-content\/uploads\/2026\/01\/44442-sininen-klipsi.jpg","type":"image\/jpeg"}],"twitter_card":"summary_large_image","twitter_misc":{"Arvioitu lukuaika":"1 minuutti"},"schema":{"@context":"https:\/\/schema.org","@graph":[{"@type":"WebPage","@id":"https:\/\/hylajams.fi\/?product=sininen-klipsi-hyla-est-vesiputkeen","url":"https:\/\/hylajams.fi\/?product=sininen-klipsi-hyla-est-vesiputkeen","name":"Sininen klipsi HYLA EST -vesiputkeen | Varaosa","isPartOf":{"@id":"https:\/\/hylajams.fi\/#website"},"primaryImageOfPage":{"@id":"https:\/\/hylajams.fi\/?product=sininen-klipsi-hyla-est-vesiputkeen#primaryimage"},"image":{"@id":"https:\/\/hylajams.fi\/?product=sininen-klipsi-hyla-est-vesiputkeen#primaryimage"},"thumbnailUrl":"https:\/\/hylajams.fi\/wp-content\/uploads\/2026\/01\/44442-sininen-klipsi.jpg","datePublished":"2026-01-14T11:05:34+00:00","dateModified":"2026-03-15T12:06:05+00:00","description":"Sininen klipsi HYLA EST -vesiputkeen (2 kpl). Sopii tuotenumerolle 45300. Varaosa rikkoutuneen vesiputken klipsin tilalle. Asennusohjevideo saatavilla.","breadcrumb":{"@id":"https:\/\/hylajams.fi\/?product=sininen-klipsi-hyla-est-vesiputkeen#breadcrumb"},"inLanguage":"fi","potentialAction":[{"@type":"ReadAction","target":["https:\/\/hylajams.fi\/?product=sininen-klipsi-hyla-est-vesiputkeen"]}]},{"@type":"ImageObject","inLanguage":"fi","@id":"https:\/\/hylajams.fi\/?product=sininen-klipsi-hyla-est-vesiputkeen#primaryimage","url":"https:\/\/hylajams.fi\/wp-content\/uploads\/2026\/01\/44442-sininen-klipsi.jpg","contentUrl":"https:\/\/hylajams.fi\/wp-content\/uploads\/2026\/01\/44442-sininen-klipsi.jpg","width":1920,"height":1279,"caption":"Sininen klipsi HYLA EST -vesiputkeen"},{"@type":"BreadcrumbList","@id":"https:\/\/hylajams.fi\/?product=sininen-klipsi-hyla-est-vesiputkeen#breadcrumb","itemListElement":[{"@type":"ListItem","position":1,"name":"Etusivu","item":"https:\/\/hylajams.fi\/"},{"@type":"ListItem","position":2,"name":"VERKKOKAUPPA","item":"https:\/\/hylajams.fi\/?page_id=9"},{"@type":"ListItem","position":3,"name":"44442 Sininen klipsisetti HYLA EST -vesiputkeen (2 kpl)"}]},{"@type":"WebSite","@id":"https:\/\/hylajams.fi\/#website","url":"https:\/\/hylajams.fi\/","name":"Hyla Jams Verkkokauppa","description":"Hyla ilman- ja huoneen puhdistusj\u00e4rjestelm\u00e4 Suomessa","publisher":{"@id":"https:\/\/hylajams.fi\/#organization"},"potentialAction":[{"@type":"SearchAction","target":{"@type":"EntryPoint","urlTemplate":"https:\/\/hylajams.fi\/?s={search_term_string}"},"query-input":{"@type":"PropertyValueSpecification","valueRequired":true,"valueName":"search_term_string"}}],"inLanguage":"fi"},{"@type":"Organization","@id":"https:\/\/hylajams.fi\/#organization","name":"Hyla Jams Verkkokauppa","url":"https:\/\/hylajams.fi\/","logo":{"@type":"ImageObject","inLanguage":"fi","@id":"https:\/\/hylajams.fi\/#\/schema\/logo\/image\/","url":"https:\/\/hylajams.fi\/wp-content\/uploads\/2025\/02\/Logo-1-2.jpg","contentUrl":"https:\/\/hylajams.fi\/wp-content\/uploads\/2025\/02\/Logo-1-2.jpg","width":500,"height":500,"caption":"Hyla Jams Verkkokauppa"},"image":{"@id":"https:\/\/hylajams.fi\/#\/schema\/logo\/image\/"},"sameAs":["https:\/\/www.instagram.com\/hylasiivous\/"]}]}},"_links":{"self":[{"href":"https:\/\/hylajams.fi\/index.php?rest_route=\/wp\/v2\/product\/12296","targetHints":{"allow":["GET"]}}],"collection":[{"href":"https:\/\/hylajams.fi\/index.php?rest_route=\/wp\/v2\/product"}],"about":[{"href":"https:\/\/hylajams.fi\/index.php?rest_route=\/wp\/v2\/types\/product"}],"version-history":[{"count":5,"href":"https:\/\/hylajams.fi\/index.php?rest_route=\/wp\/v2\/product\/12296\/revisions"}],"predecessor-version":[{"id":13268,"href":"https:\/\/hylajams.fi\/index.php?rest_route=\/wp\/v2\/product\/12296\/revisions\/13268"}],"wp:featuredmedia":[{"embeddable":true,"href":"https:\/\/hylajams.fi\/index.php?rest_route=\/wp\/v2\/media\/12519"}],"wp:attachment":[{"href":"https:\/\/hylajams.fi\/index.php?rest_route=%2Fwp%2Fv2%2Fmedia&parent=12296"}],"wp:term":[{"taxonomy":"product_brand","embeddable":true,"href":"https:\/\/hylajams.fi\/index.php?rest_route=%2Fwp%2Fv2%2Fproduct_brand&post=12296"},{"taxonomy":"product_cat","embeddable":true,"href":"https:\/\/hylajams.fi\/index.php?rest_route=%2Fwp%2Fv2%2Fproduct_cat&post=12296"},{"taxonomy":"product_tag","embeddable":true,"href":"https:\/\/hylajams.fi\/index.php?rest_route=%2Fwp%2Fv2%2Fproduct_tag&post=12296"}],"curies":[{"name":"wp","href":"https:\/\/api.w.org\/{rel}","templated":true}]}}