{"id":1209,"date":"2021-07-26T13:29:40","date_gmt":"2021-07-26T10:29:40","guid":{"rendered":"https:\/\/hylajams.fi\/?post_type=product&#038;p=1209"},"modified":"2026-03-15T14:11:43","modified_gmt":"2026-03-15T12:11:43","slug":"hyla-est-letku-3-m","status":"publish","type":"product","link":"https:\/\/hylajams.fi\/?product=hyla-est-letku-3-m","title":{"rendered":"44503 Hyla EST letku 3 m"},"content":{"rendered":"<p data-start=\"777\" data-end=\"844\"><strong data-start=\"777\" data-end=\"842\">Hyla EST letku 3 m \u2013 taipuisa ja kest\u00e4v\u00e4 imuletku EST-malliin<\/strong><\/p>\n<p data-start=\"846\" data-end=\"1136\">Hyla 3 m letku on suunniteltu tarjoamaan kest\u00e4v\u00e4\u00e4 laatua. T\u00e4m\u00e4 joustava ja pitk\u00e4 letku sopii t\u00e4ydellisesti Hyla EST -j\u00e4rjestelm\u00e4\u00e4n, jolloin siivous sujuu vaivattomasti my\u00f6s ahtaissa tiloissa ja pitkiss\u00e4 putkistoissa.<\/p>\n<p data-start=\"1138\" data-end=\"1509\">Letku on valmistettu vahvasta ter\u00e4slangasta ja nailonlangasta, jonka p\u00e4\u00e4ll\u00e4 on kest\u00e4v\u00e4 PVC-muovip\u00e4\u00e4llyste. Kaariosan ja letkun liitoskohtaan on lis\u00e4tty joustava muovijousi, joka est\u00e4\u00e4 liitoksen rikkoontumisen ja pident\u00e4\u00e4 letkun k\u00e4ytt\u00f6ik\u00e4\u00e4. Letkussa on kirkas, helppok\u00e4ytt\u00f6inen klipsi, joka yhdistyy vaivattomasti putkiin, suulakkeisiin ja kaikkiin Hylan ty\u00f6v\u00e4lineisiin. <strong><span style=\"color: #000000;\">V<\/span>arsi-lukitus eli klipsin v\u00e4ri on <span style=\"color: #808080;\">hopean v\u00e4rinen<\/span><\/strong><\/p>\n<p data-start=\"1511\" data-end=\"1538\"><strong data-start=\"1511\" data-end=\"1536\">K\u00e4ytt\u00f6mahdollisuudet:<\/strong><\/p>\n<ul data-start=\"1539\" data-end=\"1742\">\n<li data-start=\"1539\" data-end=\"1601\">\n<p data-start=\"1541\" data-end=\"1601\">P\u00f6lyn, lian ja roskien imurointi kodin kaikilta pinnoilta.<\/p>\n<\/li>\n<li data-start=\"1602\" data-end=\"1660\">\n<p data-start=\"1604\" data-end=\"1660\">Nesteiden ja veden turvallinen imurointi EST-mallissa.<\/p>\n<\/li>\n<li data-start=\"1661\" data-end=\"1742\">\n<p data-start=\"1663\" data-end=\"1742\">Sopii my\u00f6s ahtaisiin tiloihin, nurkkiin, portaikkoihin ja auton sis\u00e4tiloihin.<\/p>\n<\/li>\n<\/ul>\n<p data-start=\"1744\" data-end=\"1882\">K\u00e4yt\u00f6n j\u00e4lkeen letku on helppo kuivata hy\u00f6dynt\u00e4m\u00e4ll\u00e4 Hylan imu- ja puhalluspuolta, jolloin se pysyy raikkaana ja k\u00e4ytt\u00f6valmiina pitk\u00e4\u00e4n.<\/p>\n<p data-start=\"1884\" data-end=\"2064\">Jos tarvitset pidemm\u00e4n letkun, EST-malliin on saatavana useita vaihtoehtoja: 2,2 m, 3 m, 4 m, 5 m, 6 m, 7 m, 9 m ja 12 m. N\u00e4in voit valita juuri sinun tarpeisiisi sopivan letkun.<\/p>\n<p data-start=\"2066\" data-end=\"2231\">Huomioithan, ett\u00e4 t\u00e4m\u00e4 letku on yhteensopiva ainoastaan Hyla EST -mallin kanssa. Tilaa oma Hyla EST letku 3 m ja koe tehokas, tarkka ja vaivaton siivous jo t\u00e4n\u00e4\u00e4n!<\/p>\n<p data-start=\"2066\" data-end=\"2231\">Jos klipsi riikkoontuu, hanki uusi klipsi <a href=\"https:\/\/hylajams.fi\/?product=musta-klipsisetti-hyla-est-perusputkeen\">t\u00e4\u00e4lt\u00e4:\u00a0<\/a><\/p>\n<h5 data-start=\"4289\" data-end=\"4347\"><a href=\"https:\/\/hylajams.fi\/?page_id=7252\"><strong>HYLA EST TUOTTEET<\/strong><\/a><\/h5>\n<h5><strong><a href=\"https:\/\/www.hyla.com\/products\/products\"><span dir=\"auto\">HYLA INTERNATIONAL<\/span><\/a><\/strong><\/h5>\n","protected":false},"excerpt":{"rendered":"<p data-start=\"266\" data-end=\"322\"><strong data-start=\"266\" data-end=\"320\">Hyla EST letku 3 m \u2013 joustava imuletku EST-malliin<\/strong><\/p>\n<p data-start=\"324\" data-end=\"691\">Hyla EST letku 3 m on kest\u00e4v\u00e4 ja joustava imuletku, joka tarjoaa runsaasti liikkumatilaa siivouksen aikana. Letkussa on kirkas, helppok\u00e4ytt\u00f6inen klipsi, joka yhdistyy vaivattomasti putkiin, suulakkeisiin ja kaikkiin Hylan ty\u00f6v\u00e4lineisiin. Valmistettu vahvasta ter\u00e4slangasta ja nailonlangasta, p\u00e4\u00e4llystetty kest\u00e4v\u00e4ll\u00e4 PVC-muovilla. Sopii ainoastaan Hyla EST -malleihin.<\/p>\n","protected":false},"featured_media":6599,"template":"","meta":[],"product_brand":[],"product_cat":[890,773],"product_tag":[24,1599,1016,30],"class_list":{"0":"post-1209","1":"product","2":"type-product","3":"status-publish","4":"has-post-thumbnail","6":"product_cat-hyla-est-letkut-ja-putket","7":"product_cat-hyla-est","8":"product_tag-hyla-est","9":"product_tag-hyla-est-letku-3-m","10":"product_tag-hyla-pitka-letku","11":"product_tag-letkut","12":"product_shipping_class-posti-s-paketti-11x32x3-cm-35-kg","13":"_wholesalex wsx-wholesalex-product","15":"first","16":"instock","17":"featured","18":"shipping-taxable","19":"purchasable","20":"product-type-simple"},"yoast_head":"<!-- This site is optimized with the Yoast SEO plugin v27.3 - https:\/\/yoast.com\/product\/yoast-seo-wordpress\/ -->\n<title>Hyla EST letku 3 m \u2013 joustava ja kest\u00e4v\u00e4 imuletku EST-malliin<\/title>\n<meta name=\"description\" content=\"Hyla EST letku 3 m on kest\u00e4v\u00e4 ja joustava imuletku EST-malliin. Kirkas klipsi helpottaa yhdist\u00e4mist\u00e4 Hylan putkiin ja suulakkeisiin. Tilaa nyt!\" \/>\n<meta name=\"robots\" content=\"index, follow, max-snippet:-1, max-image-preview:large, max-video-preview:-1\" \/>\n<link rel=\"canonical\" href=\"https:\/\/hylajams.fi\/?product=hyla-est-letku-3-m\" \/>\n<meta property=\"og:locale\" content=\"fi_FI\" \/>\n<meta property=\"og:type\" content=\"article\" \/>\n<meta property=\"og:title\" content=\"Hyla EST letku 3 m \u2013 joustava ja kest\u00e4v\u00e4 imuletku EST-malliin\" \/>\n<meta property=\"og:description\" content=\"Hyla EST letku 3 m on kest\u00e4v\u00e4 ja joustava imuletku EST-malliin. Kirkas klipsi helpottaa yhdist\u00e4mist\u00e4 Hylan putkiin ja suulakkeisiin. Tilaa nyt!\" \/>\n<meta property=\"og:url\" content=\"https:\/\/hylajams.fi\/?product=hyla-est-letku-3-m\" \/>\n<meta property=\"og:site_name\" content=\"Hyla Jams Verkkokauppa\" \/>\n<meta property=\"article:modified_time\" content=\"2026-03-15T12:11:43+00:00\" \/>\n<meta property=\"og:image\" content=\"https:\/\/hylajams.fi\/wp-content\/uploads\/2024\/01\/44503-tavallinen-letku.png\" \/>\n\t<meta property=\"og:image:width\" content=\"544\" \/>\n\t<meta property=\"og:image:height\" content=\"548\" \/>\n\t<meta property=\"og:image:type\" content=\"image\/png\" \/>\n<meta name=\"twitter:card\" content=\"summary_large_image\" \/>\n<meta name=\"twitter:label1\" content=\"Arvioitu lukuaika\" \/>\n\t<meta name=\"twitter:data1\" content=\"2 minuuttia\" \/>\n<script type=\"application\/ld+json\" class=\"yoast-schema-graph\">{\"@context\":\"https:\\\/\\\/schema.org\",\"@graph\":[{\"@type\":\"WebPage\",\"@id\":\"https:\\\/\\\/hylajams.fi\\\/?product=hyla-est-letku-3-m\",\"url\":\"https:\\\/\\\/hylajams.fi\\\/?product=hyla-est-letku-3-m\",\"name\":\"Hyla EST letku 3 m \u2013 joustava ja kest\u00e4v\u00e4 imuletku EST-malliin\",\"isPartOf\":{\"@id\":\"https:\\\/\\\/hylajams.fi\\\/#website\"},\"primaryImageOfPage\":{\"@id\":\"https:\\\/\\\/hylajams.fi\\\/?product=hyla-est-letku-3-m#primaryimage\"},\"image\":{\"@id\":\"https:\\\/\\\/hylajams.fi\\\/?product=hyla-est-letku-3-m#primaryimage\"},\"thumbnailUrl\":\"https:\\\/\\\/hylajams.fi\\\/wp-content\\\/uploads\\\/2024\\\/01\\\/44503-tavallinen-letku.png\",\"datePublished\":\"2021-07-26T10:29:40+00:00\",\"dateModified\":\"2026-03-15T12:11:43+00:00\",\"description\":\"Hyla EST letku 3 m on kest\u00e4v\u00e4 ja joustava imuletku EST-malliin. Kirkas klipsi helpottaa yhdist\u00e4mist\u00e4 Hylan putkiin ja suulakkeisiin. Tilaa nyt!\",\"breadcrumb\":{\"@id\":\"https:\\\/\\\/hylajams.fi\\\/?product=hyla-est-letku-3-m#breadcrumb\"},\"inLanguage\":\"fi\",\"potentialAction\":[{\"@type\":\"ReadAction\",\"target\":[\"https:\\\/\\\/hylajams.fi\\\/?product=hyla-est-letku-3-m\"]}]},{\"@type\":\"ImageObject\",\"inLanguage\":\"fi\",\"@id\":\"https:\\\/\\\/hylajams.fi\\\/?product=hyla-est-letku-3-m#primaryimage\",\"url\":\"https:\\\/\\\/hylajams.fi\\\/wp-content\\\/uploads\\\/2024\\\/01\\\/44503-tavallinen-letku.png\",\"contentUrl\":\"https:\\\/\\\/hylajams.fi\\\/wp-content\\\/uploads\\\/2024\\\/01\\\/44503-tavallinen-letku.png\",\"width\":544,\"height\":548,\"caption\":\"Letku\"},{\"@type\":\"BreadcrumbList\",\"@id\":\"https:\\\/\\\/hylajams.fi\\\/?product=hyla-est-letku-3-m#breadcrumb\",\"itemListElement\":[{\"@type\":\"ListItem\",\"position\":1,\"name\":\"Etusivu\",\"item\":\"https:\\\/\\\/hylajams.fi\\\/\"},{\"@type\":\"ListItem\",\"position\":2,\"name\":\"VERKKOKAUPPA\",\"item\":\"https:\\\/\\\/hylajams.fi\\\/?page_id=9\"},{\"@type\":\"ListItem\",\"position\":3,\"name\":\"44503 Hyla EST letku 3 m\"}]},{\"@type\":\"WebSite\",\"@id\":\"https:\\\/\\\/hylajams.fi\\\/#website\",\"url\":\"https:\\\/\\\/hylajams.fi\\\/\",\"name\":\"Hyla Jams Verkkokauppa\",\"description\":\"Hyla ilman- ja huoneen puhdistusj\u00e4rjestelm\u00e4 Suomessa\",\"publisher\":{\"@id\":\"https:\\\/\\\/hylajams.fi\\\/#organization\"},\"potentialAction\":[{\"@type\":\"SearchAction\",\"target\":{\"@type\":\"EntryPoint\",\"urlTemplate\":\"https:\\\/\\\/hylajams.fi\\\/?s={search_term_string}\"},\"query-input\":{\"@type\":\"PropertyValueSpecification\",\"valueRequired\":true,\"valueName\":\"search_term_string\"}}],\"inLanguage\":\"fi\"},{\"@type\":\"Organization\",\"@id\":\"https:\\\/\\\/hylajams.fi\\\/#organization\",\"name\":\"Hyla Jams Verkkokauppa\",\"url\":\"https:\\\/\\\/hylajams.fi\\\/\",\"logo\":{\"@type\":\"ImageObject\",\"inLanguage\":\"fi\",\"@id\":\"https:\\\/\\\/hylajams.fi\\\/#\\\/schema\\\/logo\\\/image\\\/\",\"url\":\"https:\\\/\\\/hylajams.fi\\\/wp-content\\\/uploads\\\/2025\\\/02\\\/Logo-1-2.jpg\",\"contentUrl\":\"https:\\\/\\\/hylajams.fi\\\/wp-content\\\/uploads\\\/2025\\\/02\\\/Logo-1-2.jpg\",\"width\":500,\"height\":500,\"caption\":\"Hyla Jams Verkkokauppa\"},\"image\":{\"@id\":\"https:\\\/\\\/hylajams.fi\\\/#\\\/schema\\\/logo\\\/image\\\/\"},\"sameAs\":[\"https:\\\/\\\/www.instagram.com\\\/hylasiivous\\\/\"]}]}<\/script>\n<!-- \/ Yoast SEO plugin. -->","yoast_head_json":{"title":"Hyla EST letku 3 m \u2013 joustava ja kest\u00e4v\u00e4 imuletku EST-malliin","description":"Hyla EST letku 3 m on kest\u00e4v\u00e4 ja joustava imuletku EST-malliin. Kirkas klipsi helpottaa yhdist\u00e4mist\u00e4 Hylan putkiin ja suulakkeisiin. Tilaa nyt!","robots":{"index":"index","follow":"follow","max-snippet":"max-snippet:-1","max-image-preview":"max-image-preview:large","max-video-preview":"max-video-preview:-1"},"canonical":"https:\/\/hylajams.fi\/?product=hyla-est-letku-3-m","og_locale":"fi_FI","og_type":"article","og_title":"Hyla EST letku 3 m \u2013 joustava ja kest\u00e4v\u00e4 imuletku EST-malliin","og_description":"Hyla EST letku 3 m on kest\u00e4v\u00e4 ja joustava imuletku EST-malliin. Kirkas klipsi helpottaa yhdist\u00e4mist\u00e4 Hylan putkiin ja suulakkeisiin. Tilaa nyt!","og_url":"https:\/\/hylajams.fi\/?product=hyla-est-letku-3-m","og_site_name":"Hyla Jams Verkkokauppa","article_modified_time":"2026-03-15T12:11:43+00:00","og_image":[{"width":544,"height":548,"url":"https:\/\/hylajams.fi\/wp-content\/uploads\/2024\/01\/44503-tavallinen-letku.png","type":"image\/png"}],"twitter_card":"summary_large_image","twitter_misc":{"Arvioitu lukuaika":"2 minuuttia"},"schema":{"@context":"https:\/\/schema.org","@graph":[{"@type":"WebPage","@id":"https:\/\/hylajams.fi\/?product=hyla-est-letku-3-m","url":"https:\/\/hylajams.fi\/?product=hyla-est-letku-3-m","name":"Hyla EST letku 3 m \u2013 joustava ja kest\u00e4v\u00e4 imuletku EST-malliin","isPartOf":{"@id":"https:\/\/hylajams.fi\/#website"},"primaryImageOfPage":{"@id":"https:\/\/hylajams.fi\/?product=hyla-est-letku-3-m#primaryimage"},"image":{"@id":"https:\/\/hylajams.fi\/?product=hyla-est-letku-3-m#primaryimage"},"thumbnailUrl":"https:\/\/hylajams.fi\/wp-content\/uploads\/2024\/01\/44503-tavallinen-letku.png","datePublished":"2021-07-26T10:29:40+00:00","dateModified":"2026-03-15T12:11:43+00:00","description":"Hyla EST letku 3 m on kest\u00e4v\u00e4 ja joustava imuletku EST-malliin. Kirkas klipsi helpottaa yhdist\u00e4mist\u00e4 Hylan putkiin ja suulakkeisiin. Tilaa nyt!","breadcrumb":{"@id":"https:\/\/hylajams.fi\/?product=hyla-est-letku-3-m#breadcrumb"},"inLanguage":"fi","potentialAction":[{"@type":"ReadAction","target":["https:\/\/hylajams.fi\/?product=hyla-est-letku-3-m"]}]},{"@type":"ImageObject","inLanguage":"fi","@id":"https:\/\/hylajams.fi\/?product=hyla-est-letku-3-m#primaryimage","url":"https:\/\/hylajams.fi\/wp-content\/uploads\/2024\/01\/44503-tavallinen-letku.png","contentUrl":"https:\/\/hylajams.fi\/wp-content\/uploads\/2024\/01\/44503-tavallinen-letku.png","width":544,"height":548,"caption":"Letku"},{"@type":"BreadcrumbList","@id":"https:\/\/hylajams.fi\/?product=hyla-est-letku-3-m#breadcrumb","itemListElement":[{"@type":"ListItem","position":1,"name":"Etusivu","item":"https:\/\/hylajams.fi\/"},{"@type":"ListItem","position":2,"name":"VERKKOKAUPPA","item":"https:\/\/hylajams.fi\/?page_id=9"},{"@type":"ListItem","position":3,"name":"44503 Hyla EST letku 3 m"}]},{"@type":"WebSite","@id":"https:\/\/hylajams.fi\/#website","url":"https:\/\/hylajams.fi\/","name":"Hyla Jams Verkkokauppa","description":"Hyla ilman- ja huoneen puhdistusj\u00e4rjestelm\u00e4 Suomessa","publisher":{"@id":"https:\/\/hylajams.fi\/#organization"},"potentialAction":[{"@type":"SearchAction","target":{"@type":"EntryPoint","urlTemplate":"https:\/\/hylajams.fi\/?s={search_term_string}"},"query-input":{"@type":"PropertyValueSpecification","valueRequired":true,"valueName":"search_term_string"}}],"inLanguage":"fi"},{"@type":"Organization","@id":"https:\/\/hylajams.fi\/#organization","name":"Hyla Jams Verkkokauppa","url":"https:\/\/hylajams.fi\/","logo":{"@type":"ImageObject","inLanguage":"fi","@id":"https:\/\/hylajams.fi\/#\/schema\/logo\/image\/","url":"https:\/\/hylajams.fi\/wp-content\/uploads\/2025\/02\/Logo-1-2.jpg","contentUrl":"https:\/\/hylajams.fi\/wp-content\/uploads\/2025\/02\/Logo-1-2.jpg","width":500,"height":500,"caption":"Hyla Jams Verkkokauppa"},"image":{"@id":"https:\/\/hylajams.fi\/#\/schema\/logo\/image\/"},"sameAs":["https:\/\/www.instagram.com\/hylasiivous\/"]}]}},"_links":{"self":[{"href":"https:\/\/hylajams.fi\/index.php?rest_route=\/wp\/v2\/product\/1209","targetHints":{"allow":["GET"]}}],"collection":[{"href":"https:\/\/hylajams.fi\/index.php?rest_route=\/wp\/v2\/product"}],"about":[{"href":"https:\/\/hylajams.fi\/index.php?rest_route=\/wp\/v2\/types\/product"}],"version-history":[{"count":5,"href":"https:\/\/hylajams.fi\/index.php?rest_route=\/wp\/v2\/product\/1209\/revisions"}],"predecessor-version":[{"id":13274,"href":"https:\/\/hylajams.fi\/index.php?rest_route=\/wp\/v2\/product\/1209\/revisions\/13274"}],"wp:featuredmedia":[{"embeddable":true,"href":"https:\/\/hylajams.fi\/index.php?rest_route=\/wp\/v2\/media\/6599"}],"wp:attachment":[{"href":"https:\/\/hylajams.fi\/index.php?rest_route=%2Fwp%2Fv2%2Fmedia&parent=1209"}],"wp:term":[{"taxonomy":"product_brand","embeddable":true,"href":"https:\/\/hylajams.fi\/index.php?rest_route=%2Fwp%2Fv2%2Fproduct_brand&post=1209"},{"taxonomy":"product_cat","embeddable":true,"href":"https:\/\/hylajams.fi\/index.php?rest_route=%2Fwp%2Fv2%2Fproduct_cat&post=1209"},{"taxonomy":"product_tag","embeddable":true,"href":"https:\/\/hylajams.fi\/index.php?rest_route=%2Fwp%2Fv2%2Fproduct_tag&post=1209"}],"curies":[{"name":"wp","href":"https:\/\/api.w.org\/{rel}","templated":true}]}}