{"id":11645,"date":"2025-10-10T01:37:20","date_gmt":"2025-10-09T22:37:20","guid":{"rendered":"https:\/\/hylajams.fi\/?post_type=product&#038;p=11645"},"modified":"2026-02-27T14:14:11","modified_gmt":"2026-02-27T12:14:11","slug":"eteeriset-oljyt-3-x-30-ml-setti","status":"publish","type":"product","link":"https:\/\/hylajams.fi\/?product=eteeriset-oljyt-3-x-30-ml-setti","title":{"rendered":"17453 Hyla eteerinen tuoksusetti \u2013 appelsiini, sitruuna ja eukalyptus | Hyla Jams"},"content":{"rendered":"<p data-start=\"969\" data-end=\"1252\">Eteeriset \u00f6ljyt 3 \u00d7 30 ml setti -tuoksusetti tuo luonnon tuoksut ja puhtauden suoraan kotiisi. T\u00e4m\u00e4 kolmiosainen pakkaus sis\u00e4lt\u00e4\u00e4 <strong data-start=\"1102\" data-end=\"1185\">1 \u00d7 30 ml eukalyptus\u00f6ljy\u00e4, 1 \u00d7 30 ml appelsiini\u00f6ljy\u00e4 ja 1 \u00d7 30 ml sitruuna\u00f6ljy\u00e4<\/strong>, jotka on valmistettu aidoista, kasvipohjaisista raaka-aineista.<\/p>\n<p data-start=\"1254\" data-end=\"1683\">Hyla eteeriset \u00f6ljyt ovat tunnettuja korkeasta laadustaan ja monik\u00e4ytt\u00f6isyydest\u00e4\u00e4n. \u00d6ljyt sopivat erinomaisesti <strong data-start=\"1366\" data-end=\"1402\">Hyla-ilmanpuhdistusj\u00e4rjestelm\u00e4\u00e4n<\/strong> ja <strong data-start=\"1406\" data-end=\"1438\">Hyla AERA -ilmanraikastimeen<\/strong>, joissa muutama tippa veteen sekoitettuna luo v\u00e4litt\u00f6m\u00e4sti raikkaan ja luonnollisen tuoksun. Tuoksujen yhdistelm\u00e4 tuo kotiin raikkautta ja hyvinvointia \u2013 <strong data-start=\"1593\" data-end=\"1617\">appelsiini virkist\u00e4\u00e4<\/strong>, <strong data-start=\"1619\" data-end=\"1641\">sitruuna puhdistaa<\/strong> ja <strong data-start=\"1645\" data-end=\"1680\">eukalyptus helpottaa hengityst\u00e4<\/strong>.<\/p>\n<p data-start=\"1685\" data-end=\"2019\"><strong data-start=\"1685\" data-end=\"1719\">Eteeriset \u00f6ljyt 3 \u00d7 30 ml<\/strong> -setti sopii t\u00e4ydellisesti my\u00f6s muihin rentouttaviin hetkiin. Voit lis\u00e4t\u00e4 muutaman tipan jalkakylpyyn, kylpyveteen, saunan l\u00f6ylyveteen tai aromalamppuun. Eteeriset \u00f6ljyt auttavat luomaan rauhallisen, tasapainoisen ilmapiirin, ja ne voivat tukea kehon ja mielen hyvinvointia luonnollisella tavalla.<\/p>\n<p data-start=\"2021\" data-end=\"2330\">Hyla eteeriset \u00f6ljyt ovat <strong data-start=\"2047\" data-end=\"2096\">luonnollisia, ilman keinotekoisia lis\u00e4aineita<\/strong>, ja ne on valmistettu korkealaatuisista kasviuutteista. Jokainen tuoksu tuo oman s\u00e4vyns\u00e4 kodin tunnelmaan: sitrushedelmien raikkaus energisoi aamun, kun taas eukalyptus rauhoittaa ja helpottaa hengityst\u00e4 esimerkiksi flunssa-aikaan.<\/p>\n<p data-start=\"2332\" data-end=\"2555\">T\u00e4m\u00e4 <strong data-start=\"2337\" data-end=\"2371\">Hyla eteeriset \u00f6ljyt 3 \u00d7 30 ml<\/strong> -pakkaus on erinomainen lahjaidea kaikille, jotka arvostavat luonnollista raikkautta ja hyvinvointia. Lis\u00e4\u00e4 tuoksujen voimaa arkeen \u2013 ja nauti luonnon puhtaudesta joka henk\u00e4yksell\u00e4.<\/p>\n<h5><a href=\"https:\/\/hylajams.fi\/?page_id=9\">VERKKOKAUPPA<\/a><\/h5>\n<h5><strong><a href=\"https:\/\/www.hyla.com\/products\/products\"><span dir=\"auto\"><span dir=\"auto\" style=\"vertical-align: inherit;\"><span dir=\"auto\" style=\"vertical-align: inherit;\"><span dir=\"auto\" style=\"vertical-align: inherit;\"><span dir=\"auto\" style=\"vertical-align: inherit;\">HYLA INTERNATIONAL<\/span><\/span><\/span><\/span><\/span><\/a><\/strong><\/h5>\n","protected":false},"excerpt":{"rendered":"<h4>Eteeriset \u00f6ljyt 3 \u00d7 30 ml setti<\/h4>\n<p><strong>Raikas kolmen aidon eteerisen \u00f6ljyn tuoksusetti:<\/strong> <strong data-start=\"406\" data-end=\"444\">appelsiini, sitruuna ja eukalyptus<\/strong>. Luonnollinen valinta kotiin, toimistoon tai hoitotiloihin \u2013 tuo energiaa, raikkautta ja puhdasta ilmaa ymp\u00e4rillesi. Sopii t\u00e4ydellisesti <strong data-start=\"582\" data-end=\"595\">Hyla AERA<\/strong>-ilmanraikastimeen ja muihin Hyla-j\u00e4rjestelmiin.<\/p>\n","protected":false},"featured_media":11651,"template":"","meta":[],"product_brand":[],"product_cat":[66,54,50],"product_tag":[47,1568,161,52],"class_list":{"0":"post-11645","1":"product","2":"type-product","3":"status-publish","4":"has-post-thumbnail","6":"product_cat-hyla-eteeriset-tuoksusetit-3x30-ml","7":"product_cat-hyla-tuoksusetti-kesa-90-ml","8":"product_cat-hyla-tuoksut","9":"product_tag-appelsiini","10":"product_tag-eteerinen-tuoksusetti","11":"product_tag-eukalyptus","12":"product_tag-sitruuna","13":"product_shipping_class-posti-s-paketti-11x32x3-cm-35-kg","14":"_wholesalex wsx-wholesalex-product","16":"first","17":"instock","18":"featured","19":"shipping-taxable","20":"purchasable","21":"product-type-simple"},"yoast_head":"<!-- This site is optimized with the Yoast SEO plugin v27.3 - https:\/\/yoast.com\/product\/yoast-seo-wordpress\/ -->\n<title>Eteeriset \u00f6ljyt 3 \u00d7 30 ml setti - Kolme raikasta tuoksua<\/title>\n<meta name=\"description\" content=\"Eteeriset \u00f6ljyt 3 \u00d7 30 ml setti tuo luonnon tuoksut kotiin. Sis\u00e4lt\u00e4\u00e4 appelsiinin, sitruunan ja eukalyptuksen aidot, kasvipohjaiset eteeriset \u00f6ljyt.\" \/>\n<meta name=\"robots\" content=\"index, follow, max-snippet:-1, max-image-preview:large, max-video-preview:-1\" \/>\n<link rel=\"canonical\" href=\"https:\/\/hylajams.fi\/?product=eteeriset-oljyt-3-x-30-ml-setti\" \/>\n<meta property=\"og:locale\" content=\"fi_FI\" \/>\n<meta property=\"og:type\" content=\"article\" \/>\n<meta property=\"og:title\" content=\"Eteeriset \u00f6ljyt 3 \u00d7 30 ml setti - Kolme raikasta tuoksua\" \/>\n<meta property=\"og:description\" content=\"Eteeriset \u00f6ljyt 3 \u00d7 30 ml setti tuo luonnon tuoksut kotiin. Sis\u00e4lt\u00e4\u00e4 appelsiinin, sitruunan ja eukalyptuksen aidot, kasvipohjaiset eteeriset \u00f6ljyt.\" \/>\n<meta property=\"og:url\" content=\"https:\/\/hylajams.fi\/?product=eteeriset-oljyt-3-x-30-ml-setti\" \/>\n<meta property=\"og:site_name\" content=\"Hyla Jams Verkkokauppa\" \/>\n<meta property=\"article:modified_time\" content=\"2026-02-27T12:14:11+00:00\" \/>\n<meta property=\"og:image\" content=\"https:\/\/hylajams.fi\/wp-content\/uploads\/2025\/10\/17453-3x30-pakkaus.jpg\" \/>\n\t<meta property=\"og:image:width\" content=\"960\" \/>\n\t<meta property=\"og:image:height\" content=\"540\" \/>\n\t<meta property=\"og:image:type\" content=\"image\/jpeg\" \/>\n<meta name=\"twitter:card\" content=\"summary_large_image\" \/>\n<meta name=\"twitter:label1\" content=\"Arvioitu lukuaika\" \/>\n\t<meta name=\"twitter:data1\" content=\"2 minuuttia\" \/>\n<script type=\"application\/ld+json\" class=\"yoast-schema-graph\">{\"@context\":\"https:\\\/\\\/schema.org\",\"@graph\":[{\"@type\":\"WebPage\",\"@id\":\"https:\\\/\\\/hylajams.fi\\\/?product=eteeriset-oljyt-3-x-30-ml-setti\",\"url\":\"https:\\\/\\\/hylajams.fi\\\/?product=eteeriset-oljyt-3-x-30-ml-setti\",\"name\":\"Eteeriset \u00f6ljyt 3 \u00d7 30 ml setti - Kolme raikasta tuoksua\",\"isPartOf\":{\"@id\":\"https:\\\/\\\/hylajams.fi\\\/#website\"},\"primaryImageOfPage\":{\"@id\":\"https:\\\/\\\/hylajams.fi\\\/?product=eteeriset-oljyt-3-x-30-ml-setti#primaryimage\"},\"image\":{\"@id\":\"https:\\\/\\\/hylajams.fi\\\/?product=eteeriset-oljyt-3-x-30-ml-setti#primaryimage\"},\"thumbnailUrl\":\"https:\\\/\\\/hylajams.fi\\\/wp-content\\\/uploads\\\/2025\\\/10\\\/17453-3x30-pakkaus.jpg\",\"datePublished\":\"2025-10-09T22:37:20+00:00\",\"dateModified\":\"2026-02-27T12:14:11+00:00\",\"description\":\"Eteeriset \u00f6ljyt 3 \u00d7 30 ml setti tuo luonnon tuoksut kotiin. Sis\u00e4lt\u00e4\u00e4 appelsiinin, sitruunan ja eukalyptuksen aidot, kasvipohjaiset eteeriset \u00f6ljyt.\",\"breadcrumb\":{\"@id\":\"https:\\\/\\\/hylajams.fi\\\/?product=eteeriset-oljyt-3-x-30-ml-setti#breadcrumb\"},\"inLanguage\":\"fi\",\"potentialAction\":[{\"@type\":\"ReadAction\",\"target\":[\"https:\\\/\\\/hylajams.fi\\\/?product=eteeriset-oljyt-3-x-30-ml-setti\"]}]},{\"@type\":\"ImageObject\",\"inLanguage\":\"fi\",\"@id\":\"https:\\\/\\\/hylajams.fi\\\/?product=eteeriset-oljyt-3-x-30-ml-setti#primaryimage\",\"url\":\"https:\\\/\\\/hylajams.fi\\\/wp-content\\\/uploads\\\/2025\\\/10\\\/17453-3x30-pakkaus.jpg\",\"contentUrl\":\"https:\\\/\\\/hylajams.fi\\\/wp-content\\\/uploads\\\/2025\\\/10\\\/17453-3x30-pakkaus.jpg\",\"width\":960,\"height\":540,\"caption\":\"Eteeriset \u00f6ljyt 3 \u00d7 30 ml setti\"},{\"@type\":\"BreadcrumbList\",\"@id\":\"https:\\\/\\\/hylajams.fi\\\/?product=eteeriset-oljyt-3-x-30-ml-setti#breadcrumb\",\"itemListElement\":[{\"@type\":\"ListItem\",\"position\":1,\"name\":\"Etusivu\",\"item\":\"https:\\\/\\\/hylajams.fi\\\/\"},{\"@type\":\"ListItem\",\"position\":2,\"name\":\"VERKKOKAUPPA\",\"item\":\"https:\\\/\\\/hylajams.fi\\\/?page_id=9\"},{\"@type\":\"ListItem\",\"position\":3,\"name\":\"17453 Hyla eteerinen tuoksusetti \u2013 appelsiini, sitruuna ja eukalyptus | Hyla Jams\"}]},{\"@type\":\"WebSite\",\"@id\":\"https:\\\/\\\/hylajams.fi\\\/#website\",\"url\":\"https:\\\/\\\/hylajams.fi\\\/\",\"name\":\"Hyla Jams Verkkokauppa\",\"description\":\"Hyla ilman- ja huoneen puhdistusj\u00e4rjestelm\u00e4 Suomessa\",\"publisher\":{\"@id\":\"https:\\\/\\\/hylajams.fi\\\/#organization\"},\"potentialAction\":[{\"@type\":\"SearchAction\",\"target\":{\"@type\":\"EntryPoint\",\"urlTemplate\":\"https:\\\/\\\/hylajams.fi\\\/?s={search_term_string}\"},\"query-input\":{\"@type\":\"PropertyValueSpecification\",\"valueRequired\":true,\"valueName\":\"search_term_string\"}}],\"inLanguage\":\"fi\"},{\"@type\":\"Organization\",\"@id\":\"https:\\\/\\\/hylajams.fi\\\/#organization\",\"name\":\"Hyla Jams Verkkokauppa\",\"url\":\"https:\\\/\\\/hylajams.fi\\\/\",\"logo\":{\"@type\":\"ImageObject\",\"inLanguage\":\"fi\",\"@id\":\"https:\\\/\\\/hylajams.fi\\\/#\\\/schema\\\/logo\\\/image\\\/\",\"url\":\"https:\\\/\\\/hylajams.fi\\\/wp-content\\\/uploads\\\/2025\\\/02\\\/Logo-1-2.jpg\",\"contentUrl\":\"https:\\\/\\\/hylajams.fi\\\/wp-content\\\/uploads\\\/2025\\\/02\\\/Logo-1-2.jpg\",\"width\":500,\"height\":500,\"caption\":\"Hyla Jams Verkkokauppa\"},\"image\":{\"@id\":\"https:\\\/\\\/hylajams.fi\\\/#\\\/schema\\\/logo\\\/image\\\/\"},\"sameAs\":[\"https:\\\/\\\/www.instagram.com\\\/hylasiivous\\\/\"]}]}<\/script>\n<!-- \/ Yoast SEO plugin. -->","yoast_head_json":{"title":"Eteeriset \u00f6ljyt 3 \u00d7 30 ml setti - Kolme raikasta tuoksua","description":"Eteeriset \u00f6ljyt 3 \u00d7 30 ml setti tuo luonnon tuoksut kotiin. Sis\u00e4lt\u00e4\u00e4 appelsiinin, sitruunan ja eukalyptuksen aidot, kasvipohjaiset eteeriset \u00f6ljyt.","robots":{"index":"index","follow":"follow","max-snippet":"max-snippet:-1","max-image-preview":"max-image-preview:large","max-video-preview":"max-video-preview:-1"},"canonical":"https:\/\/hylajams.fi\/?product=eteeriset-oljyt-3-x-30-ml-setti","og_locale":"fi_FI","og_type":"article","og_title":"Eteeriset \u00f6ljyt 3 \u00d7 30 ml setti - Kolme raikasta tuoksua","og_description":"Eteeriset \u00f6ljyt 3 \u00d7 30 ml setti tuo luonnon tuoksut kotiin. Sis\u00e4lt\u00e4\u00e4 appelsiinin, sitruunan ja eukalyptuksen aidot, kasvipohjaiset eteeriset \u00f6ljyt.","og_url":"https:\/\/hylajams.fi\/?product=eteeriset-oljyt-3-x-30-ml-setti","og_site_name":"Hyla Jams Verkkokauppa","article_modified_time":"2026-02-27T12:14:11+00:00","og_image":[{"width":960,"height":540,"url":"https:\/\/hylajams.fi\/wp-content\/uploads\/2025\/10\/17453-3x30-pakkaus.jpg","type":"image\/jpeg"}],"twitter_card":"summary_large_image","twitter_misc":{"Arvioitu lukuaika":"2 minuuttia"},"schema":{"@context":"https:\/\/schema.org","@graph":[{"@type":"WebPage","@id":"https:\/\/hylajams.fi\/?product=eteeriset-oljyt-3-x-30-ml-setti","url":"https:\/\/hylajams.fi\/?product=eteeriset-oljyt-3-x-30-ml-setti","name":"Eteeriset \u00f6ljyt 3 \u00d7 30 ml setti - Kolme raikasta tuoksua","isPartOf":{"@id":"https:\/\/hylajams.fi\/#website"},"primaryImageOfPage":{"@id":"https:\/\/hylajams.fi\/?product=eteeriset-oljyt-3-x-30-ml-setti#primaryimage"},"image":{"@id":"https:\/\/hylajams.fi\/?product=eteeriset-oljyt-3-x-30-ml-setti#primaryimage"},"thumbnailUrl":"https:\/\/hylajams.fi\/wp-content\/uploads\/2025\/10\/17453-3x30-pakkaus.jpg","datePublished":"2025-10-09T22:37:20+00:00","dateModified":"2026-02-27T12:14:11+00:00","description":"Eteeriset \u00f6ljyt 3 \u00d7 30 ml setti tuo luonnon tuoksut kotiin. Sis\u00e4lt\u00e4\u00e4 appelsiinin, sitruunan ja eukalyptuksen aidot, kasvipohjaiset eteeriset \u00f6ljyt.","breadcrumb":{"@id":"https:\/\/hylajams.fi\/?product=eteeriset-oljyt-3-x-30-ml-setti#breadcrumb"},"inLanguage":"fi","potentialAction":[{"@type":"ReadAction","target":["https:\/\/hylajams.fi\/?product=eteeriset-oljyt-3-x-30-ml-setti"]}]},{"@type":"ImageObject","inLanguage":"fi","@id":"https:\/\/hylajams.fi\/?product=eteeriset-oljyt-3-x-30-ml-setti#primaryimage","url":"https:\/\/hylajams.fi\/wp-content\/uploads\/2025\/10\/17453-3x30-pakkaus.jpg","contentUrl":"https:\/\/hylajams.fi\/wp-content\/uploads\/2025\/10\/17453-3x30-pakkaus.jpg","width":960,"height":540,"caption":"Eteeriset \u00f6ljyt 3 \u00d7 30 ml setti"},{"@type":"BreadcrumbList","@id":"https:\/\/hylajams.fi\/?product=eteeriset-oljyt-3-x-30-ml-setti#breadcrumb","itemListElement":[{"@type":"ListItem","position":1,"name":"Etusivu","item":"https:\/\/hylajams.fi\/"},{"@type":"ListItem","position":2,"name":"VERKKOKAUPPA","item":"https:\/\/hylajams.fi\/?page_id=9"},{"@type":"ListItem","position":3,"name":"17453 Hyla eteerinen tuoksusetti \u2013 appelsiini, sitruuna ja eukalyptus | Hyla Jams"}]},{"@type":"WebSite","@id":"https:\/\/hylajams.fi\/#website","url":"https:\/\/hylajams.fi\/","name":"Hyla Jams Verkkokauppa","description":"Hyla ilman- ja huoneen puhdistusj\u00e4rjestelm\u00e4 Suomessa","publisher":{"@id":"https:\/\/hylajams.fi\/#organization"},"potentialAction":[{"@type":"SearchAction","target":{"@type":"EntryPoint","urlTemplate":"https:\/\/hylajams.fi\/?s={search_term_string}"},"query-input":{"@type":"PropertyValueSpecification","valueRequired":true,"valueName":"search_term_string"}}],"inLanguage":"fi"},{"@type":"Organization","@id":"https:\/\/hylajams.fi\/#organization","name":"Hyla Jams Verkkokauppa","url":"https:\/\/hylajams.fi\/","logo":{"@type":"ImageObject","inLanguage":"fi","@id":"https:\/\/hylajams.fi\/#\/schema\/logo\/image\/","url":"https:\/\/hylajams.fi\/wp-content\/uploads\/2025\/02\/Logo-1-2.jpg","contentUrl":"https:\/\/hylajams.fi\/wp-content\/uploads\/2025\/02\/Logo-1-2.jpg","width":500,"height":500,"caption":"Hyla Jams Verkkokauppa"},"image":{"@id":"https:\/\/hylajams.fi\/#\/schema\/logo\/image\/"},"sameAs":["https:\/\/www.instagram.com\/hylasiivous\/"]}]}},"_links":{"self":[{"href":"https:\/\/hylajams.fi\/index.php?rest_route=\/wp\/v2\/product\/11645","targetHints":{"allow":["GET"]}}],"collection":[{"href":"https:\/\/hylajams.fi\/index.php?rest_route=\/wp\/v2\/product"}],"about":[{"href":"https:\/\/hylajams.fi\/index.php?rest_route=\/wp\/v2\/types\/product"}],"version-history":[{"count":4,"href":"https:\/\/hylajams.fi\/index.php?rest_route=\/wp\/v2\/product\/11645\/revisions"}],"predecessor-version":[{"id":11718,"href":"https:\/\/hylajams.fi\/index.php?rest_route=\/wp\/v2\/product\/11645\/revisions\/11718"}],"wp:featuredmedia":[{"embeddable":true,"href":"https:\/\/hylajams.fi\/index.php?rest_route=\/wp\/v2\/media\/11651"}],"wp:attachment":[{"href":"https:\/\/hylajams.fi\/index.php?rest_route=%2Fwp%2Fv2%2Fmedia&parent=11645"}],"wp:term":[{"taxonomy":"product_brand","embeddable":true,"href":"https:\/\/hylajams.fi\/index.php?rest_route=%2Fwp%2Fv2%2Fproduct_brand&post=11645"},{"taxonomy":"product_cat","embeddable":true,"href":"https:\/\/hylajams.fi\/index.php?rest_route=%2Fwp%2Fv2%2Fproduct_cat&post=11645"},{"taxonomy":"product_tag","embeddable":true,"href":"https:\/\/hylajams.fi\/index.php?rest_route=%2Fwp%2Fv2%2Fproduct_tag&post=11645"}],"curies":[{"name":"wp","href":"https:\/\/api.w.org\/{rel}","templated":true}]}}