{"id":10666,"date":"2025-06-23T16:29:15","date_gmt":"2025-06-23T13:29:15","guid":{"rendered":"https:\/\/hylajams.fi\/?post_type=product&#038;p=10666"},"modified":"2026-03-17T20:30:00","modified_gmt":"2026-03-17T18:30:00","slug":"hyla-est-peruspaketti-valkoinen","status":"publish","type":"product","link":"https:\/\/hylajams.fi\/?product=hyla-est-peruspaketti-valkoinen","title":{"rendered":"40200 Hyla EST peruspaketti valkoinen"},"content":{"rendered":"<h3 data-start=\"280\" data-end=\"328\">HYLA EST peruspaketti \u2013 Valkoisena<\/h3>\n<p data-start=\"330\" data-end=\"388\"><strong data-start=\"330\" data-end=\"386\">Puhdas ilma alkaa t\u00e4\u00e4lt\u00e4 \u2013 Hyla Jams Verkkokaupasta.<\/strong><\/p>\n<p data-start=\"441\" data-end=\"792\">Hyla EST Valkoinen peruspaketti on monitoiminen ilman- ja pintojen puhdistaja, joka tekee kodistasi raikkaan ja puhtaan jokap\u00e4iv\u00e4isesti. Laite yhdist\u00e4\u00e4 imuroinnin, ilmanpuhdistuksen, raikastuksen ja kosteutuksen tehokkaasti vesisuodatuksen avulla.<\/p>\n<p data-start=\"1916\" data-end=\"2063\">Muistatko sen tunteen, kun hengitit syv\u00e4\u00e4n raikkaassa aamukasteessa tai mets\u00e4polulla? Hyla EST tuo samanlaisen puhtauden ja raikkauden tunteen kotiisi \u2013 p\u00e4ivitt\u00e4in.<\/p>\n<p data-start=\"441\" data-end=\"792\">Nyt voit tilata ainutlaatuisen\u00a0<strong>HYLA EST -j\u00e4rjestelm\u00e4n valkoisena<\/strong>\u00a0\u2013 normaalisti v\u00e4ri on musta.<\/p>\n<p data-start=\"441\" data-end=\"792\">Hyla EST on kokonaisvaltainen\u00a0<strong data-start=\"898\" data-end=\"939\">ilmanpuhdistus- ja siivousj\u00e4rjestelm\u00e4, jossa on useita monipuolisia toimintoja.<\/strong><\/p>\n<hr data-start=\"794\" data-end=\"797\" \/>\n<p data-start=\"804\" data-end=\"844\"><strong data-start=\"804\" data-end=\"842\">Mik\u00e4 tekee Hyla EST:st\u00e4 erityisen?<\/strong><\/p>\n<p data-start=\"804\" data-end=\"844\"><img decoding=\"async\" class=\"emoji\" role=\"img\" draggable=\"false\" src=\"https:\/\/s.w.org\/images\/core\/emoji\/17.0.2\/svg\/2705.svg\" alt=\"\u2705\" \/>\u00a0Poistaa p\u00f6lyn, karvat ja roskat: kaikki sitoutuu veteen \u2013 mit\u00e4\u00e4n ei palaudu huoneilmaan<br data-start=\"1615\" data-end=\"1618\" \/><img decoding=\"async\" class=\"emoji\" role=\"img\" draggable=\"false\" src=\"https:\/\/s.w.org\/images\/core\/emoji\/17.0.2\/svg\/2705.svg\" alt=\"\u2705\" \/>\u00a0Neutraloi hajut ja allergeenit luonnollisesti<br data-start=\"1658\" data-end=\"1661\" \/><img decoding=\"async\" class=\"emoji\" role=\"img\" draggable=\"false\" src=\"https:\/\/s.w.org\/images\/core\/emoji\/17.0.2\/svg\/2705.svg\" alt=\"\u2705\" \/>\u00a0Huoneilma tuntuu kevyelt\u00e4 ja raikkaalta<br data-start=\"1678\" data-end=\"1681\" \/><img decoding=\"async\" class=\"emoji\" role=\"img\" draggable=\"false\" src=\"https:\/\/s.w.org\/images\/core\/emoji\/17.0.2\/svg\/2705.svg\" alt=\"\u2705\" \/>\u00a0Huoltovapaa k\u00e4ytt\u00f6 \u2013 ei p\u00f6lypusseja, ei suodattimia<br data-start=\"1697\" data-end=\"1700\" \/><img decoding=\"async\" class=\"emoji\" role=\"img\" draggable=\"false\" src=\"https:\/\/s.w.org\/images\/core\/emoji\/17.0.2\/svg\/2705.svg\" alt=\"\u2705\" \/>\u00a0Helppo yll\u00e4pit\u00e4\u00e4 \u2013 tyhjenn\u00e4 ja huuhtele vesis\u00e4ili\u00f6 k\u00e4yt\u00f6n j\u00e4lkeen<\/p>\n<p><strong>Lis\u00e4varusteet:<\/strong><\/p>\n<ul>\n<li data-start=\"1181\" data-end=\"1236\">M\u00e4rk\u00e4pesurilla voit pest\u00e4 lattioita samalla kun siivoat, matot ja tekstiilit vedell\u00e4<\/li>\n<li data-start=\"1239\" data-end=\"1303\">S\u00e4hk\u00f6moottoriharjalla voit syv\u00e4puhdistuaa p\u00f6lyt ja ep\u00e4puhtaudet patjoista ja huonekaluista<\/li>\n<li data-start=\"1306\" data-end=\"1352\">Tuoksuilla voi raikastaa ilman mieleisekseen<\/li>\n<\/ul>\n<p data-start=\"1354\" data-end=\"1377\"><strong data-start=\"1354\" data-end=\"1375\">Hyla EST Valkoinen peruspaketti sis\u00e4lt\u00e4\u00e4:<\/strong><\/p>\n<ul>\n<li data-start=\"1380\" data-end=\"1437\">Valkoinen Hyla EST -ilman- ja huonepuhdistusj\u00e4rjestelm\u00e4<\/li>\n<li data-start=\"1440\" data-end=\"1465\">Kolmiosaisen Hyla setin, moottoriyksikk\u00f6, vesiastia ja rullakko<\/li>\n<li data-start=\"1468\" data-end=\"1519\">Kest\u00e4v\u00e4t letku, putket, harjan ja monipuoliset suulakkeet<\/li>\n<li data-start=\"1522\" data-end=\"1545\">K\u00e4ytt\u00f6ohjeet ja takuu<\/li>\n<li>Ilmainen kuljetus<\/li>\n<\/ul>\n<p data-start=\"1547\" data-end=\"1829\"><strong data-start=\"1547\" data-end=\"1577\">Hyla EST Valkoinen peruspaketti, sen toiminnot ja ominaisuudet:<\/strong><\/p>\n<p data-start=\"1547\" data-end=\"1829\"><img decoding=\"async\" class=\"emoji\" role=\"img\" draggable=\"false\" src=\"https:\/\/s.w.org\/images\/core\/emoji\/17.0.2\/svg\/2705.svg\" alt=\"\u2705\" \/>\u00a0Huoltovapaa, ikuinen varaosatakuu<br data-start=\"1615\" data-end=\"1618\" \/><img decoding=\"async\" class=\"emoji\" role=\"img\" draggable=\"false\" src=\"https:\/\/s.w.org\/images\/core\/emoji\/17.0.2\/svg\/2705.svg\" alt=\"\u2705\" \/>\u00a0Normaali siivous ja pintojen puhdistus<br data-start=\"1658\" data-end=\"1661\" \/><img decoding=\"async\" class=\"emoji\" role=\"img\" draggable=\"false\" src=\"https:\/\/s.w.org\/images\/core\/emoji\/17.0.2\/svg\/2705.svg\" alt=\"\u2705\" \/>\u00a0Kuiva imurointi<br data-start=\"1678\" data-end=\"1681\" \/><img decoding=\"async\" class=\"emoji\" role=\"img\" draggable=\"false\" src=\"https:\/\/s.w.org\/images\/core\/emoji\/17.0.2\/svg\/2705.svg\" alt=\"\u2705\" \/>\u00a0M\u00e4rk\u00e4imurointi<br data-start=\"1697\" data-end=\"1700\" \/><img decoding=\"async\" class=\"emoji\" role=\"img\" draggable=\"false\" src=\"https:\/\/s.w.org\/images\/core\/emoji\/17.0.2\/svg\/2705.svg\" alt=\"\u2705\" \/>\u00a0Puhallustoiminto<br data-start=\"1718\" data-end=\"1721\" \/><img decoding=\"async\" class=\"emoji\" role=\"img\" draggable=\"false\" src=\"https:\/\/s.w.org\/images\/core\/emoji\/17.0.2\/svg\/2705.svg\" alt=\"\u2705\" \/>\u00a0Ilmanpesu \/ ilmanraikastus<br data-start=\"1749\" data-end=\"1752\" \/><img decoding=\"async\" class=\"emoji\" role=\"img\" draggable=\"false\" src=\"https:\/\/s.w.org\/images\/core\/emoji\/17.0.2\/svg\/2705.svg\" alt=\"\u2705\" \/>\u00a0S\u00e4hk\u00f6moottoriharjalla syv\u00e4puhdistus<br data-start=\"1789\" data-end=\"1792\" \/><img decoding=\"async\" class=\"emoji\" role=\"img\" draggable=\"false\" src=\"https:\/\/s.w.org\/images\/core\/emoji\/17.0.2\/svg\/2705.svg\" alt=\"\u2705\" \/>\u00a0M\u00e4rk\u00e4pesurilla m\u00e4rk\u00e4puhdistaminen<\/p>\n<p data-start=\"1831\" data-end=\"2108\"><strong data-start=\"1831\" data-end=\"1851\">Tekniset tiedot:<\/strong><\/p>\n<p data-start=\"1831\" data-end=\"2108\"><img decoding=\"async\" class=\"emoji\" role=\"img\" draggable=\"false\" src=\"https:\/\/s.w.org\/images\/core\/emoji\/17.0.2\/svg\/2705.svg\" alt=\"\u2705\" \/>\u00a0J\u00e4nnite: 220\u2013240 V, 50\/60 Hz<br data-start=\"1884\" data-end=\"1887\" \/><img decoding=\"async\" class=\"emoji\" role=\"img\" draggable=\"false\" src=\"https:\/\/s.w.org\/images\/core\/emoji\/17.0.2\/svg\/2705.svg\" alt=\"\u2705\" \/>\u00a0Teho: 200 W \u2013 ilmanpesutoiminto, 730 W \u2013 pintojen puhdistustoiminto<br data-start=\"1956\" data-end=\"1959\" \/><img decoding=\"async\" class=\"emoji\" role=\"img\" draggable=\"false\" src=\"https:\/\/s.w.org\/images\/core\/emoji\/17.0.2\/svg\/2705.svg\" alt=\"\u2705\" \/>\u00a0S\u00e4hk\u00f6moottoriharja (EBK) 150 W<br data-start=\"1991\" data-end=\"1994\" \/><img decoding=\"async\" class=\"emoji\" role=\"img\" draggable=\"false\" src=\"https:\/\/s.w.org\/images\/core\/emoji\/17.0.2\/svg\/2705.svg\" alt=\"\u2705\" \/>\u00a0Max. ilman l\u00e4pivirtaus: 2,5 m\u00b3\/min<br data-start=\"2030\" data-end=\"2033\" \/><img decoding=\"async\" class=\"emoji\" role=\"img\" draggable=\"false\" src=\"https:\/\/s.w.org\/images\/core\/emoji\/17.0.2\/svg\/2705.svg\" alt=\"\u2705\" \/>\u00a0Vesis\u00e4ili\u00f6n vetoisuus: 4 l (merkki viivaan asti)<br data-start=\"2083\" data-end=\"2086\" \/><img decoding=\"async\" class=\"emoji\" role=\"img\" draggable=\"false\" src=\"https:\/\/s.w.org\/images\/core\/emoji\/17.0.2\/svg\/2705.svg\" alt=\"\u2705\" \/>\u00a0\u00c4\u00e4nitaso: 75\u201378 dB<\/p>\n<p data-start=\"2110\" data-end=\"2127\"><strong data-start=\"2110\" data-end=\"2125\">Yhteenveto:<\/strong><\/p>\n<ul>\n<li data-start=\"2130\" data-end=\"2183\">Monitoiminen laite: imuri ja ilmanpuhdistin samassa<\/li>\n<li data-start=\"2186\" data-end=\"2244\">Vesis\u00e4ili\u00f6 sitoo p\u00f6lyn, allergeenit ja hajut tehokkaasti<\/li>\n<li data-start=\"2247\" data-end=\"2298\">Raikastaa ja kosteuttaa huoneilmaa luonnollisesti<\/li>\n<li data-start=\"2301\" data-end=\"2357\">Helppo ja huoltovapaa \u2013 ei p\u00f6lypusseja tai suodattimia<\/li>\n<li data-start=\"2360\" data-end=\"2441\">Sis\u00e4lt\u00e4\u00e4 kaikki perustarvikkeet jokap\u00e4iv\u00e4iseen siivoukseen ja syv\u00e4puhdistukseen<\/li>\n<\/ul>\n<h2 data-start=\"1567\" data-end=\"1615\"><strong data-start=\"1570\" data-end=\"1613\">Usein kysytty\u00e4 HYLA EST -peruspaketista<\/strong><\/h2>\n<p data-start=\"1617\" data-end=\"1955\"><strong data-start=\"1617\" data-end=\"1675\"><img decoding=\"async\" class=\"emoji\" role=\"img\" draggable=\"false\" src=\"https:\/\/s.w.org\/images\/core\/emoji\/16.0.1\/svg\/1f539.svg\" alt=\"\ud83d\udd39\" \/>\u00a0Onko Hyla vain imuri vai puhdistaako se my\u00f6s ilmaa?<\/strong><br data-start=\"1675\" data-end=\"1678\" \/>Hyla on molempia. Se toimii ilmanpuhdistimena aina, kun laite on p\u00e4\u00e4ll\u00e4 \u2013 vaikka et siivoaisi mit\u00e4\u00e4n. Huoneilma kulkee veden l\u00e4pi ja ep\u00e4puhtaudet j\u00e4\u00e4v\u00e4t sinne. Lis\u00e4ksi Hyla toimii imurina, joka ker\u00e4\u00e4 p\u00f6lyn, hiekan, karvat ja muut roskat lattioilta, matoilta ja huonekaluista.<\/p>\n<p data-start=\"1957\" data-end=\"2088\"><strong data-start=\"1957\" data-end=\"1995\"><img decoding=\"async\" class=\"emoji\" role=\"img\" draggable=\"false\" src=\"https:\/\/s.w.org\/images\/core\/emoji\/16.0.1\/svg\/1f539.svg\" alt=\"\ud83d\udd39\" \/>\u00a0Mit\u00e4 lis\u00e4varusteilla voi tehd\u00e4?<\/strong><br data-start=\"1995\" data-end=\"1998\" \/>Peruspaketti kattaa kodin t\u00e4rkeimm\u00e4t siivoustarpeet. Halutessasi voit laajentaa k\u00e4ytt\u00f6\u00e4:<\/p>\n<ul>\n<li data-start=\"2091\" data-end=\"2146\"><strong data-start=\"2091\" data-end=\"2109\">M\u00e4rk\u00e4pesurilla<\/strong>\u00a0peset matot ja tekstiilit vedell\u00e4.<\/li>\n<li data-start=\"2149\" data-end=\"2223\"><strong data-start=\"2149\" data-end=\"2174\">S\u00e4hk\u00f6moottoriharjalla<\/strong>\u00a0poistat p\u00f6lypunkit patjoista ja huonekaluista.<\/li>\n<li data-start=\"2226\" data-end=\"2391\"><strong data-start=\"2226\" data-end=\"2240\">Tuoksuilla<\/strong>\u00a0voit samalla raikastaa ilman mieleiseksesi.<br data-start=\"2284\" data-end=\"2287\" \/>Lis\u00e4varusteet perustuvat samaan vedenpuhdistukseen, joten tulos on luonnollisen puhdas ja hygieeninen.<\/li>\n<\/ul>\n<p data-start=\"2393\" data-end=\"2553\"><strong data-start=\"2393\" data-end=\"2421\"><img decoding=\"async\" class=\"emoji\" role=\"img\" draggable=\"false\" src=\"https:\/\/s.w.org\/images\/core\/emoji\/16.0.1\/svg\/1f539.svg\" alt=\"\ud83d\udd39\" \/>\u00a0Kuinka huollan Hylan?\u00a0<\/strong><br data-start=\"2421\" data-end=\"2424\" \/>K\u00e4yt\u00f6n j\u00e4lkeen riitt\u00e4\u00e4, ett\u00e4 kaadat vesis\u00e4ili\u00f6n tyhj\u00e4ksi ja huuhtelet sen.<\/p>\n<p data-start=\"2393\" data-end=\"2553\"><strong data-start=\"2393\" data-end=\"2421\"><img decoding=\"async\" class=\"emoji\" role=\"img\" draggable=\"false\" src=\"https:\/\/s.w.org\/images\/core\/emoji\/16.0.1\/svg\/1f539.svg\" alt=\"\ud83d\udd39\" \/>\u00a0Mit\u00e4 tarkoittaa Hylan huoltovapaa?<\/strong><\/p>\n<p data-start=\"123\" data-end=\"510\"><strong data-start=\"123\" data-end=\"146\">Hyla on huoltovapaa<\/strong>, koska laitteessa ei ole p\u00f6lypusseja, vaihdettavia suodattimia tai osia, joita pit\u00e4isi s\u00e4\u00e4nn\u00f6llisesti vaihtaa. Laitteen syd\u00e4n on vesisuodatus: p\u00f6ly, lika ja allergeenit sitoutuvat suoraan veteen, joka vain kaadetaan pois k\u00e4yt\u00f6n j\u00e4lkeen. K\u00e4yt\u00e4nn\u00f6ss\u00e4 huolto tarkoittaa vain vesis\u00e4ili\u00f6n tyhjent\u00e4mist\u00e4 ja huuhtelua \u2013 mit\u00e4\u00e4n muuta s\u00e4\u00e4nn\u00f6llist\u00e4 huoltotarvetta ei ole.<\/p>\n<p data-start=\"512\" data-end=\"629\">Hyla on suunniteltu kest\u00e4m\u00e4\u00e4n vuosia ilman varaosien jatkuvaa vaihtamista, joten se s\u00e4\u00e4st\u00e4\u00e4 aikaa, vaivaa ja rahaa.<\/p>\n<p data-start=\"2555\" data-end=\"2701\"><strong data-start=\"2555\" data-end=\"2592\"><img decoding=\"async\" class=\"emoji\" role=\"img\" draggable=\"false\" src=\"https:\/\/s.w.org\/images\/core\/emoji\/16.0.1\/svg\/1f539.svg\" alt=\"\ud83d\udd39\" \/>\u00a0Kuinka paljon vett\u00e4 tarvitaan?<\/strong><br data-start=\"2592\" data-end=\"2595\" \/>4 litran vesis\u00e4ili\u00f6 t\u00e4ytet\u00e4\u00e4n kylm\u00e4ll\u00e4 vedell\u00e4 merkkiin saakka. T\u00e4m\u00e4 riitt\u00e4\u00e4 yhden siivouskerran ajaksi.<\/p>\n<p data-start=\"2703\" data-end=\"2908\"><strong data-start=\"2703\" data-end=\"2749\"><img decoding=\"async\" class=\"emoji\" role=\"img\" draggable=\"false\" src=\"https:\/\/s.w.org\/images\/core\/emoji\/16.0.1\/svg\/1f539.svg\" alt=\"\ud83d\udd39\" \/>\u00a0Millainen tunne j\u00e4\u00e4 siivouksen j\u00e4lkeen?<\/strong><br data-start=\"2749\" data-end=\"2752\" \/>Asiakkaat kuvaavat, ett\u00e4 koti tuntuu raikkaalta ja ilma samalta kuin sateen j\u00e4lkeen ulkona \u2013 kevytt\u00e4 hengitt\u00e4\u00e4, hajut poissa ja kodin yleisilme puhtaampi.<\/p>\n<h5 data-start=\"4289\" data-end=\"4347\"><a href=\"https:\/\/hylajams.fi\/?page_id=7252\"><strong>HYLA EST TUOTTEET<\/strong><\/a><\/h5>\n<h5><strong><a href=\"https:\/\/www.hyla.com\/products\/products\"><span dir=\"auto\"><span dir=\"auto\" style=\"vertical-align: inherit;\"><span dir=\"auto\" style=\"vertical-align: inherit;\"><span dir=\"auto\" style=\"vertical-align: inherit;\"><span dir=\"auto\" style=\"vertical-align: inherit;\">HYLA INTERNATIONAL<\/span><\/span><\/span><\/span><\/span><\/a><\/strong><\/h5>\n","protected":false},"excerpt":{"rendered":"<p><strong>HYLA EST peruspaketti valkoinen.<\/strong><\/p>\n<p>Huom. Toimitusaika t\u00e4ll\u00e4 hetkell\u00e4 noin 1\u20132 viikkoa<\/p>\n<p data-start=\"390\" data-end=\"440\">Nyt Hyla EST valkoisena, puhtaan v\u00e4risen\u00e4, jossa yhdistyy imuroinnin ja ilmanpuhdistuksen tehokkaat toiminnot. Poistaa p\u00f6lyn, allergeenit ja hajut veden avulla \u2013 ilman p\u00f6lypusseja ja suodattimia. Huoltovapaa, helppo k\u00e4ytt\u00e4\u00e4 ja pit\u00e4\u00e4 kotisi raikkaana.<\/p>\n","protected":false},"featured_media":10675,"template":"","meta":[],"product_brand":[],"product_cat":[773,1110],"product_tag":[1968,1518,1927,1119,1084,1967,1131,1926,1969],"class_list":{"0":"post-10666","1":"product","2":"type-product","3":"status-publish","4":"has-post-thumbnail","6":"product_cat-hyla-est","7":"product_cat-hyla-est-konepaketit","8":"product_tag-est-peruspaketti","9":"product_tag-hyla-est-peruspaketti-valkoinen","10":"product_tag-hyla-est-siivoussetti","11":"product_tag-hyla-est-valkoinen","12":"product_tag-hyla-est-vesi-imuri","13":"product_tag-hyla-imuri","14":"product_tag-hyla-lisavaruste","15":"product_tag-peruspaketti-ilman-sahkomoottoriharjaa","16":"product_tag-siivousvalinepaketti-est","17":"product_shipping_class-maksuton-toimitus","18":"_wholesalex wsx-wholesalex-product","20":"first","21":"instock","22":"featured","23":"shipping-taxable","24":"purchasable","25":"product-type-simple"},"yoast_head":"<!-- This site is optimized with the Yoast SEO plugin v27.3 - https:\/\/yoast.com\/product\/yoast-seo-wordpress\/ -->\n<title>HYLA EST peruspaketti valkoinen \u2013 Puhtaan valkoista siivousta<\/title>\n<meta name=\"description\" content=\"HYLA EST peruspaketti valkoinen - monitoiminen ilman- ja pintojen puhdistaja. Poistaa p\u00f6lyn, karvat ja hajut veden avulla. | Hyla Jams Verkkokauppa\" \/>\n<meta name=\"robots\" content=\"index, follow, max-snippet:-1, max-image-preview:large, max-video-preview:-1\" \/>\n<link rel=\"canonical\" href=\"https:\/\/hylajams.fi\/?product=hyla-est-peruspaketti-valkoinen\" \/>\n<meta property=\"og:locale\" content=\"fi_FI\" \/>\n<meta property=\"og:type\" content=\"article\" \/>\n<meta property=\"og:title\" content=\"HYLA EST peruspaketti valkoinen \u2013 Puhtaan valkoista siivousta\" \/>\n<meta property=\"og:description\" content=\"HYLA EST peruspaketti valkoinen - monitoiminen ilman- ja pintojen puhdistaja. Poistaa p\u00f6lyn, karvat ja hajut veden avulla. | Hyla Jams Verkkokauppa\" \/>\n<meta property=\"og:url\" content=\"https:\/\/hylajams.fi\/?product=hyla-est-peruspaketti-valkoinen\" \/>\n<meta property=\"og:site_name\" content=\"Hyla Jams Verkkokauppa\" \/>\n<meta property=\"article:modified_time\" content=\"2026-03-17T18:30:00+00:00\" \/>\n<meta property=\"og:image\" content=\"https:\/\/hylajams.fi\/wp-content\/uploads\/2025\/06\/Upea-lahja-1.jpg\" \/>\n\t<meta property=\"og:image:width\" content=\"960\" \/>\n\t<meta property=\"og:image:height\" content=\"540\" \/>\n\t<meta property=\"og:image:type\" content=\"image\/jpeg\" \/>\n<meta name=\"twitter:card\" content=\"summary_large_image\" \/>\n<meta name=\"twitter:label1\" content=\"Arvioitu lukuaika\" \/>\n\t<meta name=\"twitter:data1\" content=\"9 minuuttia\" \/>\n<script type=\"application\/ld+json\" class=\"yoast-schema-graph\">{\"@context\":\"https:\\\/\\\/schema.org\",\"@graph\":[{\"@type\":\"WebPage\",\"@id\":\"https:\\\/\\\/hylajams.fi\\\/?product=hyla-est-peruspaketti-valkoinen\",\"url\":\"https:\\\/\\\/hylajams.fi\\\/?product=hyla-est-peruspaketti-valkoinen\",\"name\":\"HYLA EST peruspaketti valkoinen \u2013 Puhtaan valkoista siivousta\",\"isPartOf\":{\"@id\":\"https:\\\/\\\/hylajams.fi\\\/#website\"},\"primaryImageOfPage\":{\"@id\":\"https:\\\/\\\/hylajams.fi\\\/?product=hyla-est-peruspaketti-valkoinen#primaryimage\"},\"image\":{\"@id\":\"https:\\\/\\\/hylajams.fi\\\/?product=hyla-est-peruspaketti-valkoinen#primaryimage\"},\"thumbnailUrl\":\"https:\\\/\\\/hylajams.fi\\\/wp-content\\\/uploads\\\/2025\\\/06\\\/Upea-lahja-1.jpg\",\"datePublished\":\"2025-06-23T13:29:15+00:00\",\"dateModified\":\"2026-03-17T18:30:00+00:00\",\"description\":\"HYLA EST peruspaketti valkoinen - monitoiminen ilman- ja pintojen puhdistaja. Poistaa p\u00f6lyn, karvat ja hajut veden avulla. | Hyla Jams Verkkokauppa\",\"breadcrumb\":{\"@id\":\"https:\\\/\\\/hylajams.fi\\\/?product=hyla-est-peruspaketti-valkoinen#breadcrumb\"},\"inLanguage\":\"fi\",\"potentialAction\":[{\"@type\":\"ReadAction\",\"target\":[\"https:\\\/\\\/hylajams.fi\\\/?product=hyla-est-peruspaketti-valkoinen\"]}]},{\"@type\":\"ImageObject\",\"inLanguage\":\"fi\",\"@id\":\"https:\\\/\\\/hylajams.fi\\\/?product=hyla-est-peruspaketti-valkoinen#primaryimage\",\"url\":\"https:\\\/\\\/hylajams.fi\\\/wp-content\\\/uploads\\\/2025\\\/06\\\/Upea-lahja-1.jpg\",\"contentUrl\":\"https:\\\/\\\/hylajams.fi\\\/wp-content\\\/uploads\\\/2025\\\/06\\\/Upea-lahja-1.jpg\",\"width\":960,\"height\":540,\"caption\":\"Hyla EST Valkoinen s\u00e4hk\u00f6moottoriharjalla\"},{\"@type\":\"BreadcrumbList\",\"@id\":\"https:\\\/\\\/hylajams.fi\\\/?product=hyla-est-peruspaketti-valkoinen#breadcrumb\",\"itemListElement\":[{\"@type\":\"ListItem\",\"position\":1,\"name\":\"Etusivu\",\"item\":\"https:\\\/\\\/hylajams.fi\\\/\"},{\"@type\":\"ListItem\",\"position\":2,\"name\":\"VERKKOKAUPPA\",\"item\":\"https:\\\/\\\/hylajams.fi\\\/?page_id=9\"},{\"@type\":\"ListItem\",\"position\":3,\"name\":\"40200 Hyla EST peruspaketti valkoinen\"}]},{\"@type\":\"WebSite\",\"@id\":\"https:\\\/\\\/hylajams.fi\\\/#website\",\"url\":\"https:\\\/\\\/hylajams.fi\\\/\",\"name\":\"Hyla Jams Verkkokauppa\",\"description\":\"Hyla ilman- ja huoneen puhdistusj\u00e4rjestelm\u00e4 Suomessa\",\"publisher\":{\"@id\":\"https:\\\/\\\/hylajams.fi\\\/#organization\"},\"potentialAction\":[{\"@type\":\"SearchAction\",\"target\":{\"@type\":\"EntryPoint\",\"urlTemplate\":\"https:\\\/\\\/hylajams.fi\\\/?s={search_term_string}\"},\"query-input\":{\"@type\":\"PropertyValueSpecification\",\"valueRequired\":true,\"valueName\":\"search_term_string\"}}],\"inLanguage\":\"fi\"},{\"@type\":\"Organization\",\"@id\":\"https:\\\/\\\/hylajams.fi\\\/#organization\",\"name\":\"Hyla Jams Verkkokauppa\",\"url\":\"https:\\\/\\\/hylajams.fi\\\/\",\"logo\":{\"@type\":\"ImageObject\",\"inLanguage\":\"fi\",\"@id\":\"https:\\\/\\\/hylajams.fi\\\/#\\\/schema\\\/logo\\\/image\\\/\",\"url\":\"https:\\\/\\\/hylajams.fi\\\/wp-content\\\/uploads\\\/2025\\\/02\\\/Logo-1-2.jpg\",\"contentUrl\":\"https:\\\/\\\/hylajams.fi\\\/wp-content\\\/uploads\\\/2025\\\/02\\\/Logo-1-2.jpg\",\"width\":500,\"height\":500,\"caption\":\"Hyla Jams Verkkokauppa\"},\"image\":{\"@id\":\"https:\\\/\\\/hylajams.fi\\\/#\\\/schema\\\/logo\\\/image\\\/\"},\"sameAs\":[\"https:\\\/\\\/www.instagram.com\\\/hylasiivous\\\/\"]}]}<\/script>\n<!-- \/ Yoast SEO plugin. -->","yoast_head_json":{"title":"HYLA EST peruspaketti valkoinen \u2013 Puhtaan valkoista siivousta","description":"HYLA EST peruspaketti valkoinen - monitoiminen ilman- ja pintojen puhdistaja. Poistaa p\u00f6lyn, karvat ja hajut veden avulla. | Hyla Jams Verkkokauppa","robots":{"index":"index","follow":"follow","max-snippet":"max-snippet:-1","max-image-preview":"max-image-preview:large","max-video-preview":"max-video-preview:-1"},"canonical":"https:\/\/hylajams.fi\/?product=hyla-est-peruspaketti-valkoinen","og_locale":"fi_FI","og_type":"article","og_title":"HYLA EST peruspaketti valkoinen \u2013 Puhtaan valkoista siivousta","og_description":"HYLA EST peruspaketti valkoinen - monitoiminen ilman- ja pintojen puhdistaja. Poistaa p\u00f6lyn, karvat ja hajut veden avulla. | Hyla Jams Verkkokauppa","og_url":"https:\/\/hylajams.fi\/?product=hyla-est-peruspaketti-valkoinen","og_site_name":"Hyla Jams Verkkokauppa","article_modified_time":"2026-03-17T18:30:00+00:00","og_image":[{"width":960,"height":540,"url":"https:\/\/hylajams.fi\/wp-content\/uploads\/2025\/06\/Upea-lahja-1.jpg","type":"image\/jpeg"}],"twitter_card":"summary_large_image","twitter_misc":{"Arvioitu lukuaika":"9 minuuttia"},"schema":{"@context":"https:\/\/schema.org","@graph":[{"@type":"WebPage","@id":"https:\/\/hylajams.fi\/?product=hyla-est-peruspaketti-valkoinen","url":"https:\/\/hylajams.fi\/?product=hyla-est-peruspaketti-valkoinen","name":"HYLA EST peruspaketti valkoinen \u2013 Puhtaan valkoista siivousta","isPartOf":{"@id":"https:\/\/hylajams.fi\/#website"},"primaryImageOfPage":{"@id":"https:\/\/hylajams.fi\/?product=hyla-est-peruspaketti-valkoinen#primaryimage"},"image":{"@id":"https:\/\/hylajams.fi\/?product=hyla-est-peruspaketti-valkoinen#primaryimage"},"thumbnailUrl":"https:\/\/hylajams.fi\/wp-content\/uploads\/2025\/06\/Upea-lahja-1.jpg","datePublished":"2025-06-23T13:29:15+00:00","dateModified":"2026-03-17T18:30:00+00:00","description":"HYLA EST peruspaketti valkoinen - monitoiminen ilman- ja pintojen puhdistaja. Poistaa p\u00f6lyn, karvat ja hajut veden avulla. | Hyla Jams Verkkokauppa","breadcrumb":{"@id":"https:\/\/hylajams.fi\/?product=hyla-est-peruspaketti-valkoinen#breadcrumb"},"inLanguage":"fi","potentialAction":[{"@type":"ReadAction","target":["https:\/\/hylajams.fi\/?product=hyla-est-peruspaketti-valkoinen"]}]},{"@type":"ImageObject","inLanguage":"fi","@id":"https:\/\/hylajams.fi\/?product=hyla-est-peruspaketti-valkoinen#primaryimage","url":"https:\/\/hylajams.fi\/wp-content\/uploads\/2025\/06\/Upea-lahja-1.jpg","contentUrl":"https:\/\/hylajams.fi\/wp-content\/uploads\/2025\/06\/Upea-lahja-1.jpg","width":960,"height":540,"caption":"Hyla EST Valkoinen s\u00e4hk\u00f6moottoriharjalla"},{"@type":"BreadcrumbList","@id":"https:\/\/hylajams.fi\/?product=hyla-est-peruspaketti-valkoinen#breadcrumb","itemListElement":[{"@type":"ListItem","position":1,"name":"Etusivu","item":"https:\/\/hylajams.fi\/"},{"@type":"ListItem","position":2,"name":"VERKKOKAUPPA","item":"https:\/\/hylajams.fi\/?page_id=9"},{"@type":"ListItem","position":3,"name":"40200 Hyla EST peruspaketti valkoinen"}]},{"@type":"WebSite","@id":"https:\/\/hylajams.fi\/#website","url":"https:\/\/hylajams.fi\/","name":"Hyla Jams Verkkokauppa","description":"Hyla ilman- ja huoneen puhdistusj\u00e4rjestelm\u00e4 Suomessa","publisher":{"@id":"https:\/\/hylajams.fi\/#organization"},"potentialAction":[{"@type":"SearchAction","target":{"@type":"EntryPoint","urlTemplate":"https:\/\/hylajams.fi\/?s={search_term_string}"},"query-input":{"@type":"PropertyValueSpecification","valueRequired":true,"valueName":"search_term_string"}}],"inLanguage":"fi"},{"@type":"Organization","@id":"https:\/\/hylajams.fi\/#organization","name":"Hyla Jams Verkkokauppa","url":"https:\/\/hylajams.fi\/","logo":{"@type":"ImageObject","inLanguage":"fi","@id":"https:\/\/hylajams.fi\/#\/schema\/logo\/image\/","url":"https:\/\/hylajams.fi\/wp-content\/uploads\/2025\/02\/Logo-1-2.jpg","contentUrl":"https:\/\/hylajams.fi\/wp-content\/uploads\/2025\/02\/Logo-1-2.jpg","width":500,"height":500,"caption":"Hyla Jams Verkkokauppa"},"image":{"@id":"https:\/\/hylajams.fi\/#\/schema\/logo\/image\/"},"sameAs":["https:\/\/www.instagram.com\/hylasiivous\/"]}]}},"_links":{"self":[{"href":"https:\/\/hylajams.fi\/index.php?rest_route=\/wp\/v2\/product\/10666","targetHints":{"allow":["GET"]}}],"collection":[{"href":"https:\/\/hylajams.fi\/index.php?rest_route=\/wp\/v2\/product"}],"about":[{"href":"https:\/\/hylajams.fi\/index.php?rest_route=\/wp\/v2\/types\/product"}],"version-history":[{"count":18,"href":"https:\/\/hylajams.fi\/index.php?rest_route=\/wp\/v2\/product\/10666\/revisions"}],"predecessor-version":[{"id":13226,"href":"https:\/\/hylajams.fi\/index.php?rest_route=\/wp\/v2\/product\/10666\/revisions\/13226"}],"wp:featuredmedia":[{"embeddable":true,"href":"https:\/\/hylajams.fi\/index.php?rest_route=\/wp\/v2\/media\/10675"}],"wp:attachment":[{"href":"https:\/\/hylajams.fi\/index.php?rest_route=%2Fwp%2Fv2%2Fmedia&parent=10666"}],"wp:term":[{"taxonomy":"product_brand","embeddable":true,"href":"https:\/\/hylajams.fi\/index.php?rest_route=%2Fwp%2Fv2%2Fproduct_brand&post=10666"},{"taxonomy":"product_cat","embeddable":true,"href":"https:\/\/hylajams.fi\/index.php?rest_route=%2Fwp%2Fv2%2Fproduct_cat&post=10666"},{"taxonomy":"product_tag","embeddable":true,"href":"https:\/\/hylajams.fi\/index.php?rest_route=%2Fwp%2Fv2%2Fproduct_tag&post=10666"}],"curies":[{"name":"wp","href":"https:\/\/api.w.org\/{rel}","templated":true}]}}