{"id":935,"date":"2021-07-22T10:25:39","date_gmt":"2021-07-22T07:25:39","guid":{"rendered":"https:\/\/hylajams.fi\/?page_id=935"},"modified":"2026-03-16T23:30:15","modified_gmt":"2026-03-16T21:30:15","slug":"yhteydenotto","status":"publish","type":"page","link":"https:\/\/hylajams.fi\/?page_id=935","title":{"rendered":"Yhteydenotto"},"content":{"rendered":"\n<p><\/p>\n\n\n\n<h4 class=\"wp-block-heading\">Ota yhteytt\u00e4 Hyla Jams -verkkokauppaan<\/h4>\n\n\n\n<p><\/p>\n\n\n\n<p>Yhteydenotto lomake<\/p>\n\n\n\n<div class=\"wp-block-columns is-layout-flex wp-container-core-columns-is-layout-9d6595d7 wp-block-columns-is-layout-flex\">\n<div class=\"wp-block-column is-layout-flow wp-block-column-is-layout-flow\" style=\"flex-basis:100%\">\n<ol class=\"wp-block-list\">\n<li>L\u00e4het\u00e4 meille viesti\u00e4 alla olevalla yhteydenottolomakkeella. Kirjoita yhteystietosi, jotta voimme ottaa sinuun yhteytt\u00e4 nopeasti ja sujuvasti.<\/li>\n\n\n\n<li>Kahdenkymmenen vuoden kokemuksella autamme kaikissa Hyla-tuotteisiin liittyviss\u00e4 kysymyksiss\u00e4 ja ongelmissa.<\/li>\n\n\n\n<li>Jos tuotteiden tilaaminen verkkokaupassa ei onnistu tai et halua tilata tuotteita sielt\u00e4 kautta, voit tehd\u00e4 tilauksen ilmoittamalla tuotteen tiedot ja omat yhteystietosi (nimi, osoite, puhelinnumero ja s\u00e4hk\u00f6postiosoite) lomakkeen viestikent\u00e4ss\u00e4.<\/li>\n<\/ol>\n<\/div>\n<\/div>\n\n\n\n<p><\/p>\n\n\n\n<h4 class=\"wp-block-heading\"><strong>Voit my\u00f6s ottaa meihin suoraan yhteytt\u00e4:<\/strong><\/h4>\n\n\n\n<p><\/p>\n\n\n\n<p><\/p>\n\n\n\n<p>Hyla Jams, <span style=\"vertical-align: inherit;\"><span style=\"vertical-align: inherit;\">Puistorinne 17, 74200 Vierem\u00e4<\/span><\/span>, arja@hylajams.fi, <span style=\"vertical-align: inherit;\"><span style=\"vertical-align: inherit;\"><span style=\"vertical-align: inherit;\"><span style=\"vertical-align: inherit;\">0404 1010 80<\/span><\/span><\/span><\/span><\/p>\n\n\n\n<p>Meill\u00e4 on aina ilo auttaa \u2764<\/p>\n\n\n\n<p><\/p>\n\n\n\n<div class=\"wp-block-contact-form-7-contact-form-selector\">\n<div class=\"wpcf7 no-js\" id=\"wpcf7-f2292-o1\" lang=\"fi\" dir=\"ltr\" data-wpcf7-id=\"2292\">\n<div class=\"screen-reader-response\"><p role=\"status\" aria-live=\"polite\" aria-atomic=\"true\"><\/p> <ul><\/ul><\/div>\n<form action=\"\/index.php?rest_route=%2Fwp%2Fv2%2Fpages%2F935#wpcf7-f2292-o1\" method=\"post\" class=\"wpcf7-form init\" aria-label=\"Yhteydenottolomake\" novalidate=\"novalidate\" data-status=\"init\">\n<fieldset class=\"hidden-fields-container\"><input type=\"hidden\" name=\"_wpcf7\" value=\"2292\" \/><input type=\"hidden\" name=\"_wpcf7_version\" value=\"6.1.5\" \/><input type=\"hidden\" name=\"_wpcf7_locale\" value=\"fi\" \/><input type=\"hidden\" name=\"_wpcf7_unit_tag\" value=\"wpcf7-f2292-o1\" \/><input type=\"hidden\" name=\"_wpcf7_container_post\" value=\"0\" \/><input type=\"hidden\" name=\"_wpcf7_posted_data_hash\" value=\"\" \/><input type=\"hidden\" name=\"honeypot_field_name\" value=\"honeypot_11342d0a_3bf0_412c_bb70_5bfddcfbe78a\" \/><input type=\"hidden\" name=\"honeypot_11342d0a_3bf0_412c_bb70_5bfddcfbe78a\" value=\"\" \/><input type=\"hidden\" name=\"cf7_honeypot_timestamp\" value=\"1775626730\" \/><input type=\"hidden\" name=\"_wpcf7_recaptcha_response\" value=\"\" \/>\n<\/fieldset>\n<p><label> Etu- ja sukunimi<br \/>\n<span class=\"wpcf7-form-control-wrap\" data-name=\"your-name\"><input size=\"40\" maxlength=\"400\" class=\"wpcf7-form-control wpcf7-text wpcf7-validates-as-required\" aria-required=\"true\" aria-invalid=\"false\" value=\"\" type=\"text\" name=\"your-name\" \/><\/span> <\/label>\n<\/p>\n<p><label> S\u00e4hk\u00f6posti<br \/>\n<span class=\"wpcf7-form-control-wrap\" data-name=\"your-email\"><input size=\"40\" maxlength=\"400\" class=\"wpcf7-form-control wpcf7-email wpcf7-validates-as-required wpcf7-text wpcf7-validates-as-email\" aria-required=\"true\" aria-invalid=\"false\" value=\"\" type=\"email\" name=\"your-email\" \/><\/span> <\/label>\n<\/p>\n<p><label> Puhelinnumero<br \/>\n<span class=\"wpcf7-form-control-wrap\" data-name=\"tel-19\"><input size=\"40\" maxlength=\"400\" class=\"wpcf7-form-control wpcf7-tel wpcf7-validates-as-required wpcf7-text wpcf7-validates-as-tel\" aria-required=\"true\" aria-invalid=\"false\" placeholder=\"\" value=\"\" type=\"tel\" name=\"tel-19\" \/><\/span> <\/label>\n<\/p>\n<p><label> Aihe<br \/>\n<span class=\"wpcf7-form-control-wrap\" data-name=\"your-subject\"><input size=\"40\" maxlength=\"400\" class=\"wpcf7-form-control wpcf7-text wpcf7-validates-as-required\" aria-required=\"true\" aria-invalid=\"false\" value=\"\" type=\"text\" name=\"your-subject\" \/><\/span> <\/label>\n<\/p>\n<p><label> Viesti<br \/>\n<span class=\"wpcf7-form-control-wrap\" data-name=\"your-message\"><textarea cols=\"40\" rows=\"10\" maxlength=\"2000\" class=\"wpcf7-form-control wpcf7-textarea\" aria-invalid=\"false\" name=\"your-message\"><\/textarea><\/span> <\/label>\n<\/p>\n<p><input class=\"wpcf7-form-control wpcf7-submit has-spinner\" type=\"submit\" value=\"L\u00e4het\u00e4\" \/>\n<\/p><div class=\"wpcf7-response-output\" aria-hidden=\"true\"><\/div>\n<\/form>\n<\/div>\n<\/div>\n\n\n<div class=\"wp-block-image\">\n<figure class=\"aligncenter size-full\"><img fetchpriority=\"high\" decoding=\"async\" width=\"640\" height=\"426\" src=\"https:\/\/hylajams.fi\/wp-content\/uploads\/2022\/04\/aiti.jpg\" alt=\"Yhteydenotto\" class=\"wp-image-3853\" srcset=\"https:\/\/hylajams.fi\/wp-content\/uploads\/2022\/04\/aiti.jpg 640w, https:\/\/hylajams.fi\/wp-content\/uploads\/2022\/04\/aiti-300x200.jpg 300w, https:\/\/hylajams.fi\/wp-content\/uploads\/2022\/04\/aiti-600x399.jpg 600w\" sizes=\"(max-width: 640px) 100vw, 640px\" \/><figcaption class=\"wp-element-caption\"><strong>Yhdess\u00e4olon hetki\u00e4<\/strong> <strong>puhtaassa kodissa<\/strong><\/figcaption><\/figure>\n<\/div>\n\n\n<p><\/p>\n\n\n\n<p><a href=\"https:\/\/hylajams.fi\/?post_type=product\">Hyla Jams Verkkokauppa<\/a><\/p>\n\n\n\n<p><a href=\"https:\/\/www.hyla.com\/home\">Hyla International<\/a><\/p>\n","protected":false},"excerpt":{"rendered":"<p>Ota yhteytt\u00e4 Hyla Jams -verkkokauppaan Yhteydenotto lomake Voit my\u00f6s ottaa meihin suoraan yhteytt\u00e4: Hyla Jams, Puistorinne 17, 74200 Vierem\u00e4, arja@hylajams.fi, 0404 1010 80 Meill\u00e4 on aina ilo auttaa \u2764 Hyla<a href=\"https:\/\/hylajams.fi\/?page_id=935\" class=\"d-block breadmore\">Lue lis\u00e4\u00e4<\/a><\/p>\n","protected":false},"author":2,"featured_media":5006,"parent":0,"menu_order":0,"comment_status":"closed","ping_status":"closed","template":"","meta":{"footnotes":""},"class_list":["post-935","page","type-page","status-publish","has-post-thumbnail","hentry","_wholesalex wsx-wholesalex-product"],"yoast_head":"<!-- This site is optimized with the Yoast SEO plugin v27.3 - https:\/\/yoast.com\/product\/yoast-seo-wordpress\/ -->\n<title>Yhteydenotto - Hyla Jams Verkkokauppa<\/title>\n<meta name=\"description\" content=\"Yhteydenotto - Ota yhteytt\u00e4 Hyla Jams -verkkokauppaan, l\u00e4het\u00e4 viesti\u00e4, kysymyksi\u00e4, kysy neuvoa tai ohjeita Hylan k\u00e4yt\u00f6st\u00e4 tai tuotteista.\" \/>\n<meta name=\"robots\" content=\"index, follow, max-snippet:-1, max-image-preview:large, max-video-preview:-1\" \/>\n<link rel=\"canonical\" href=\"https:\/\/hylajams.fi\/?page_id=935\" \/>\n<meta property=\"og:locale\" content=\"fi_FI\" \/>\n<meta property=\"og:type\" content=\"article\" \/>\n<meta property=\"og:title\" content=\"Yhteydenotto - Hyla Jams Verkkokauppa\" \/>\n<meta property=\"og:description\" content=\"Yhteydenotto - Ota yhteytt\u00e4 Hyla Jams -verkkokauppaan, l\u00e4het\u00e4 viesti\u00e4, kysymyksi\u00e4, kysy neuvoa tai ohjeita Hylan k\u00e4yt\u00f6st\u00e4 tai tuotteista.\" \/>\n<meta property=\"og:url\" content=\"https:\/\/hylajams.fi\/?page_id=935\" \/>\n<meta property=\"og:site_name\" content=\"Hyla Jams Verkkokauppa\" \/>\n<meta property=\"article:modified_time\" content=\"2026-03-16T21:30:15+00:00\" \/>\n<meta property=\"og:image\" content=\"https:\/\/hylajams.fi\/wp-content\/uploads\/2023\/02\/yhteydenotto.jpg\" \/>\n\t<meta property=\"og:image:width\" content=\"438\" \/>\n\t<meta property=\"og:image:height\" content=\"300\" \/>\n\t<meta property=\"og:image:type\" content=\"image\/jpeg\" \/>\n<meta name=\"twitter:card\" content=\"summary_large_image\" \/>\n<meta name=\"twitter:label1\" content=\"Arvioitu lukuaika\" \/>\n\t<meta name=\"twitter:data1\" content=\"2 minuuttia\" \/>\n<script type=\"application\/ld+json\" class=\"yoast-schema-graph\">{\"@context\":\"https:\\\/\\\/schema.org\",\"@graph\":[{\"@type\":\"WebPage\",\"@id\":\"https:\\\/\\\/hylajams.fi\\\/?page_id=935\",\"url\":\"https:\\\/\\\/hylajams.fi\\\/?page_id=935\",\"name\":\"Yhteydenotto - Hyla Jams Verkkokauppa\",\"isPartOf\":{\"@id\":\"https:\\\/\\\/hylajams.fi\\\/#website\"},\"primaryImageOfPage\":{\"@id\":\"https:\\\/\\\/hylajams.fi\\\/?page_id=935#primaryimage\"},\"image\":{\"@id\":\"https:\\\/\\\/hylajams.fi\\\/?page_id=935#primaryimage\"},\"thumbnailUrl\":\"https:\\\/\\\/hylajams.fi\\\/wp-content\\\/uploads\\\/2023\\\/02\\\/yhteydenotto.jpg\",\"datePublished\":\"2021-07-22T07:25:39+00:00\",\"dateModified\":\"2026-03-16T21:30:15+00:00\",\"description\":\"Yhteydenotto - Ota yhteytt\u00e4 Hyla Jams -verkkokauppaan, l\u00e4het\u00e4 viesti\u00e4, kysymyksi\u00e4, kysy neuvoa tai ohjeita Hylan k\u00e4yt\u00f6st\u00e4 tai tuotteista.\",\"breadcrumb\":{\"@id\":\"https:\\\/\\\/hylajams.fi\\\/?page_id=935#breadcrumb\"},\"inLanguage\":\"fi\",\"potentialAction\":[{\"@type\":\"ReadAction\",\"target\":[\"https:\\\/\\\/hylajams.fi\\\/?page_id=935\"]}]},{\"@type\":\"ImageObject\",\"inLanguage\":\"fi\",\"@id\":\"https:\\\/\\\/hylajams.fi\\\/?page_id=935#primaryimage\",\"url\":\"https:\\\/\\\/hylajams.fi\\\/wp-content\\\/uploads\\\/2023\\\/02\\\/yhteydenotto.jpg\",\"contentUrl\":\"https:\\\/\\\/hylajams.fi\\\/wp-content\\\/uploads\\\/2023\\\/02\\\/yhteydenotto.jpg\",\"width\":438,\"height\":300},{\"@type\":\"BreadcrumbList\",\"@id\":\"https:\\\/\\\/hylajams.fi\\\/?page_id=935#breadcrumb\",\"itemListElement\":[{\"@type\":\"ListItem\",\"position\":1,\"name\":\"Etusivu\",\"item\":\"https:\\\/\\\/hylajams.fi\\\/\"},{\"@type\":\"ListItem\",\"position\":2,\"name\":\"Yhteydenotto\"}]},{\"@type\":\"WebSite\",\"@id\":\"https:\\\/\\\/hylajams.fi\\\/#website\",\"url\":\"https:\\\/\\\/hylajams.fi\\\/\",\"name\":\"Hyla Jams Verkkokauppa\",\"description\":\"Hyla ilman- ja huoneen puhdistusj\u00e4rjestelm\u00e4 Suomessa\",\"publisher\":{\"@id\":\"https:\\\/\\\/hylajams.fi\\\/#organization\"},\"potentialAction\":[{\"@type\":\"SearchAction\",\"target\":{\"@type\":\"EntryPoint\",\"urlTemplate\":\"https:\\\/\\\/hylajams.fi\\\/?s={search_term_string}\"},\"query-input\":{\"@type\":\"PropertyValueSpecification\",\"valueRequired\":true,\"valueName\":\"search_term_string\"}}],\"inLanguage\":\"fi\"},{\"@type\":\"Organization\",\"@id\":\"https:\\\/\\\/hylajams.fi\\\/#organization\",\"name\":\"Hyla Jams Verkkokauppa\",\"url\":\"https:\\\/\\\/hylajams.fi\\\/\",\"logo\":{\"@type\":\"ImageObject\",\"inLanguage\":\"fi\",\"@id\":\"https:\\\/\\\/hylajams.fi\\\/#\\\/schema\\\/logo\\\/image\\\/\",\"url\":\"https:\\\/\\\/hylajams.fi\\\/wp-content\\\/uploads\\\/2025\\\/02\\\/Logo-1-2.jpg\",\"contentUrl\":\"https:\\\/\\\/hylajams.fi\\\/wp-content\\\/uploads\\\/2025\\\/02\\\/Logo-1-2.jpg\",\"width\":500,\"height\":500,\"caption\":\"Hyla Jams Verkkokauppa\"},\"image\":{\"@id\":\"https:\\\/\\\/hylajams.fi\\\/#\\\/schema\\\/logo\\\/image\\\/\"},\"sameAs\":[\"https:\\\/\\\/www.instagram.com\\\/hylasiivous\\\/\"]}]}<\/script>\n<!-- \/ Yoast SEO plugin. -->","yoast_head_json":{"title":"Yhteydenotto - Hyla Jams Verkkokauppa","description":"Yhteydenotto - Ota yhteytt\u00e4 Hyla Jams -verkkokauppaan, l\u00e4het\u00e4 viesti\u00e4, kysymyksi\u00e4, kysy neuvoa tai ohjeita Hylan k\u00e4yt\u00f6st\u00e4 tai tuotteista.","robots":{"index":"index","follow":"follow","max-snippet":"max-snippet:-1","max-image-preview":"max-image-preview:large","max-video-preview":"max-video-preview:-1"},"canonical":"https:\/\/hylajams.fi\/?page_id=935","og_locale":"fi_FI","og_type":"article","og_title":"Yhteydenotto - Hyla Jams Verkkokauppa","og_description":"Yhteydenotto - Ota yhteytt\u00e4 Hyla Jams -verkkokauppaan, l\u00e4het\u00e4 viesti\u00e4, kysymyksi\u00e4, kysy neuvoa tai ohjeita Hylan k\u00e4yt\u00f6st\u00e4 tai tuotteista.","og_url":"https:\/\/hylajams.fi\/?page_id=935","og_site_name":"Hyla Jams Verkkokauppa","article_modified_time":"2026-03-16T21:30:15+00:00","og_image":[{"width":438,"height":300,"url":"https:\/\/hylajams.fi\/wp-content\/uploads\/2023\/02\/yhteydenotto.jpg","type":"image\/jpeg"}],"twitter_card":"summary_large_image","twitter_misc":{"Arvioitu lukuaika":"2 minuuttia"},"schema":{"@context":"https:\/\/schema.org","@graph":[{"@type":"WebPage","@id":"https:\/\/hylajams.fi\/?page_id=935","url":"https:\/\/hylajams.fi\/?page_id=935","name":"Yhteydenotto - Hyla Jams Verkkokauppa","isPartOf":{"@id":"https:\/\/hylajams.fi\/#website"},"primaryImageOfPage":{"@id":"https:\/\/hylajams.fi\/?page_id=935#primaryimage"},"image":{"@id":"https:\/\/hylajams.fi\/?page_id=935#primaryimage"},"thumbnailUrl":"https:\/\/hylajams.fi\/wp-content\/uploads\/2023\/02\/yhteydenotto.jpg","datePublished":"2021-07-22T07:25:39+00:00","dateModified":"2026-03-16T21:30:15+00:00","description":"Yhteydenotto - Ota yhteytt\u00e4 Hyla Jams -verkkokauppaan, l\u00e4het\u00e4 viesti\u00e4, kysymyksi\u00e4, kysy neuvoa tai ohjeita Hylan k\u00e4yt\u00f6st\u00e4 tai tuotteista.","breadcrumb":{"@id":"https:\/\/hylajams.fi\/?page_id=935#breadcrumb"},"inLanguage":"fi","potentialAction":[{"@type":"ReadAction","target":["https:\/\/hylajams.fi\/?page_id=935"]}]},{"@type":"ImageObject","inLanguage":"fi","@id":"https:\/\/hylajams.fi\/?page_id=935#primaryimage","url":"https:\/\/hylajams.fi\/wp-content\/uploads\/2023\/02\/yhteydenotto.jpg","contentUrl":"https:\/\/hylajams.fi\/wp-content\/uploads\/2023\/02\/yhteydenotto.jpg","width":438,"height":300},{"@type":"BreadcrumbList","@id":"https:\/\/hylajams.fi\/?page_id=935#breadcrumb","itemListElement":[{"@type":"ListItem","position":1,"name":"Etusivu","item":"https:\/\/hylajams.fi\/"},{"@type":"ListItem","position":2,"name":"Yhteydenotto"}]},{"@type":"WebSite","@id":"https:\/\/hylajams.fi\/#website","url":"https:\/\/hylajams.fi\/","name":"Hyla Jams Verkkokauppa","description":"Hyla ilman- ja huoneen puhdistusj\u00e4rjestelm\u00e4 Suomessa","publisher":{"@id":"https:\/\/hylajams.fi\/#organization"},"potentialAction":[{"@type":"SearchAction","target":{"@type":"EntryPoint","urlTemplate":"https:\/\/hylajams.fi\/?s={search_term_string}"},"query-input":{"@type":"PropertyValueSpecification","valueRequired":true,"valueName":"search_term_string"}}],"inLanguage":"fi"},{"@type":"Organization","@id":"https:\/\/hylajams.fi\/#organization","name":"Hyla Jams Verkkokauppa","url":"https:\/\/hylajams.fi\/","logo":{"@type":"ImageObject","inLanguage":"fi","@id":"https:\/\/hylajams.fi\/#\/schema\/logo\/image\/","url":"https:\/\/hylajams.fi\/wp-content\/uploads\/2025\/02\/Logo-1-2.jpg","contentUrl":"https:\/\/hylajams.fi\/wp-content\/uploads\/2025\/02\/Logo-1-2.jpg","width":500,"height":500,"caption":"Hyla Jams Verkkokauppa"},"image":{"@id":"https:\/\/hylajams.fi\/#\/schema\/logo\/image\/"},"sameAs":["https:\/\/www.instagram.com\/hylasiivous\/"]}]}},"_links":{"self":[{"href":"https:\/\/hylajams.fi\/index.php?rest_route=\/wp\/v2\/pages\/935","targetHints":{"allow":["GET"]}}],"collection":[{"href":"https:\/\/hylajams.fi\/index.php?rest_route=\/wp\/v2\/pages"}],"about":[{"href":"https:\/\/hylajams.fi\/index.php?rest_route=\/wp\/v2\/types\/page"}],"author":[{"embeddable":true,"href":"https:\/\/hylajams.fi\/index.php?rest_route=\/wp\/v2\/users\/2"}],"replies":[{"embeddable":true,"href":"https:\/\/hylajams.fi\/index.php?rest_route=%2Fwp%2Fv2%2Fcomments&post=935"}],"version-history":[{"count":42,"href":"https:\/\/hylajams.fi\/index.php?rest_route=\/wp\/v2\/pages\/935\/revisions"}],"predecessor-version":[{"id":13295,"href":"https:\/\/hylajams.fi\/index.php?rest_route=\/wp\/v2\/pages\/935\/revisions\/13295"}],"wp:featuredmedia":[{"embeddable":true,"href":"https:\/\/hylajams.fi\/index.php?rest_route=\/wp\/v2\/media\/5006"}],"wp:attachment":[{"href":"https:\/\/hylajams.fi\/index.php?rest_route=%2Fwp%2Fv2%2Fmedia&parent=935"}],"curies":[{"name":"wp","href":"https:\/\/api.w.org\/{rel}","templated":true}]}}