{"id":933,"date":"2021-07-22T10:14:11","date_gmt":"2021-07-22T07:14:11","guid":{"rendered":"https:\/\/hylajams.fi\/?page_id=933"},"modified":"2026-02-23T12:18:19","modified_gmt":"2026-02-23T10:18:19","slug":"hyla-est-ominaisuudet","status":"publish","type":"page","link":"https:\/\/hylajams.fi\/?page_id=933","title":{"rendered":"Hyla EST ominaisuudet"},"content":{"rendered":"\n<p><\/p>\n\n\n\n<p>Hyla EST ominaisuudet<\/p>\n\n\n\n<p><\/p>\n\n\n\n<figure class=\"wp-block-image size-full\"><img fetchpriority=\"high\" decoding=\"async\" width=\"960\" height=\"540\" src=\"https:\/\/hylajams.fi\/wp-content\/uploads\/2025\/05\/HYLA-EST-tuo-puhtauden-kotiisi.jpg\" alt=\"\" class=\"wp-image-10333\" srcset=\"https:\/\/hylajams.fi\/wp-content\/uploads\/2025\/05\/HYLA-EST-tuo-puhtauden-kotiisi.jpg 960w, https:\/\/hylajams.fi\/wp-content\/uploads\/2025\/05\/HYLA-EST-tuo-puhtauden-kotiisi-300x169.jpg 300w, https:\/\/hylajams.fi\/wp-content\/uploads\/2025\/05\/HYLA-EST-tuo-puhtauden-kotiisi-768x432.jpg 768w, https:\/\/hylajams.fi\/wp-content\/uploads\/2025\/05\/HYLA-EST-tuo-puhtauden-kotiisi-600x338.jpg 600w\" sizes=\"(max-width: 960px) 100vw, 960px\" \/><\/figure>\n\n\n\n<p><\/p>\n\n\n\n<div class=\"wp-block-media-text is-stacked-on-mobile has-background\" style=\"background-color:#e6f7f9\"><figure class=\"wp-block-media-text__media\"><a href=\"https:\/\/www.youtube.com\/watch?v=xDfPBBqSVyc\"><img decoding=\"async\" width=\"960\" height=\"540\" src=\"https:\/\/hylajams.fi\/wp-content\/uploads\/2025\/05\/HYLA-EST-tuo-puhtauden-kotiisi-1.jpg\" alt=\"Hyla EST ominaisuudet\" class=\"wp-image-10334 size-full\" srcset=\"https:\/\/hylajams.fi\/wp-content\/uploads\/2025\/05\/HYLA-EST-tuo-puhtauden-kotiisi-1.jpg 960w, https:\/\/hylajams.fi\/wp-content\/uploads\/2025\/05\/HYLA-EST-tuo-puhtauden-kotiisi-1-300x169.jpg 300w, https:\/\/hylajams.fi\/wp-content\/uploads\/2025\/05\/HYLA-EST-tuo-puhtauden-kotiisi-1-768x432.jpg 768w, https:\/\/hylajams.fi\/wp-content\/uploads\/2025\/05\/HYLA-EST-tuo-puhtauden-kotiisi-1-600x338.jpg 600w\" sizes=\"(max-width: 960px) 100vw, 960px\" \/><\/a><\/figure><div class=\"wp-block-media-text__content\">\n<p><\/p>\n\n\n\n<h2 class=\"wp-block-heading\">HYLA EST tuo puhtauden kotiisi<\/h2>\n\n\n\n<p class=\"has-medium-font-size\"><a href=\"https:\/\/www.youtube.com\/watch?v=xDfPBBqSVyc\" data-type=\"link\" data-id=\"https:\/\/www.youtube.com\/watch?v=xDfPBBqSVyc\"><strong>KATSO VIDEOLTA<\/strong><\/a><\/p>\n\n\n\n<p>Mit\u00e4 jos siivous ei olisi pelkk\u00e4\u00e4 p\u00f6lyn imurointia \u2013 vaan samalla askel kohti raikkaampaa, puhtaampaa kotia? Tutustu HYLA EST -peruspakettiin: laitteeseen, joka tekee enemm\u00e4n kuin tavallinen imuri. Se ei ainoastaan puhdista lattioita ja pintoja \u2013 se puhdistaa my\u00f6s sis\u00e4ilmaa samalla kun ty\u00f6skentelet. Ja kaikki t\u00e4m\u00e4 ilman p\u00f6lypusseja tai kemikaaleja, pelk\u00e4ll\u00e4 vedell\u00e4. T\u00e4ss\u00e4 videossa n\u00e4et, mit\u00e4 kaikkea peruspakettiin kuuluu ja miten monipuolisesti voit sit\u00e4 hy\u00f6dynt\u00e4\u00e4 arjessasi. Onko kodissasi lemmikkej\u00e4, p\u00f6ly\u00e4, katup\u00f6ly\u00e4 tai siitep\u00f6ly\u00e4? Tai haluatko vain hengitt\u00e4\u00e4 puhtaampaa ilmaa? Hyla voi olla juuri se ratkaisu, jota et tiennyt kaipaavasi. <\/p>\n\n\n\n<p><strong><a href=\"https:\/\/hylajams.fi\/?product_cat=est\" data-type=\"link\" data-id=\"https:\/\/hylajams.fi\/?product_cat=est\">VERKKOKAUPPAAN<\/a><\/strong> <a href=\"https:\/\/hylajams.fi\/?product_cat=est\" data-type=\"link\" data-id=\"https:\/\/hylajams.fi\/?product_cat=est\">\ud83d\udc49 Katso, kokeile, ihastu \u2013 ja ota selv\u00e4\u00e4,<\/a> miksi niin moni valitsee Hylan, kun tavallinen imuri ei en\u00e4\u00e4 riit\u00e4. <\/p>\n<\/div><\/div>\n\n\n\n<p><\/p>\n\n\n\n<h2 class=\"wp-block-heading\">Hyla EST ominaisuudet<\/h2>\n\n\n\n<p><\/p>\n\n\n\n<div class=\"wp-block-media-text alignwide is-stacked-on-mobile has-background\" style=\"background-color:#e6f7f9\"><figure class=\"wp-block-media-text__media\"><img decoding=\"async\" width=\"595\" height=\"594\" src=\"https:\/\/hylajams.fi\/wp-content\/uploads\/2024\/02\/40200-Kampanja2.png\" alt=\"Hyla EST ominaisuudet\" class=\"wp-image-7172 size-full\" srcset=\"https:\/\/hylajams.fi\/wp-content\/uploads\/2024\/02\/40200-Kampanja2.png 595w, https:\/\/hylajams.fi\/wp-content\/uploads\/2024\/02\/40200-Kampanja2-300x300.png 300w, https:\/\/hylajams.fi\/wp-content\/uploads\/2024\/02\/40200-Kampanja2-150x150.png 150w, https:\/\/hylajams.fi\/wp-content\/uploads\/2024\/02\/40200-Kampanja2-100x100.png 100w\" sizes=\"(max-width: 595px) 100vw, 595px\" \/><\/figure><div class=\"wp-block-media-text__content\">\n<p style=\"font-size:20px\"><strong><span style=\"font-size: revert; color: initial;\">S\u00e4hk\u00f6moottoriharjasetti eli tampparisetti sis\u00e4lt\u00e4\u00e4:<\/span> <\/strong> <\/p>\n\n\n\n<ul>\n<li>Moottoroidun tampparin valolla ja kaukos\u00e4\u00e4timell\u00e4<\/li>\n<li>Pikalukitusvarren (Hyla EST)<\/li>\n<li>S\u00e4hk\u00f6moottoriharjaletkun, taipuisa, murtumaton, joustava (1,8 m)<\/li>\n<\/ul>\n<\/div><\/div>\n\n\n\n<p class=\"has-background\" style=\"background-color:#e6f7f9\"><\/p>\n\n\n\n<div class=\"wp-block-group is-nowrap is-layout-flex wp-container-core-group-is-layout-ad2f72ca wp-block-group-is-layout-flex\">\n<figure class=\"wp-block-image size-full is-resized\"><img loading=\"lazy\" decoding=\"async\" width=\"617\" height=\"617\" src=\"https:\/\/hylajams.fi\/wp-content\/uploads\/2024\/08\/46320-HYLA-EST-Ventus-Electro-harja-taydellinen-kiinnitys-syvapuhdistukseen.jpg\" alt=\"Hyla EST ominaisuudet\" class=\"wp-image-8064\" style=\"width:211px;height:auto\" srcset=\"https:\/\/hylajams.fi\/wp-content\/uploads\/2024\/08\/46320-HYLA-EST-Ventus-Electro-harja-taydellinen-kiinnitys-syvapuhdistukseen.jpg 617w, https:\/\/hylajams.fi\/wp-content\/uploads\/2024\/08\/46320-HYLA-EST-Ventus-Electro-harja-taydellinen-kiinnitys-syvapuhdistukseen-300x300.jpg 300w, https:\/\/hylajams.fi\/wp-content\/uploads\/2024\/08\/46320-HYLA-EST-Ventus-Electro-harja-taydellinen-kiinnitys-syvapuhdistukseen-150x150.jpg 150w, https:\/\/hylajams.fi\/wp-content\/uploads\/2024\/08\/46320-HYLA-EST-Ventus-Electro-harja-taydellinen-kiinnitys-syvapuhdistukseen-600x600.jpg 600w, https:\/\/hylajams.fi\/wp-content\/uploads\/2024\/08\/46320-HYLA-EST-Ventus-Electro-harja-taydellinen-kiinnitys-syvapuhdistukseen-100x100.jpg 100w\" sizes=\"(max-width: 617px) 100vw, 617px\" \/><figcaption class=\"wp-element-caption\">S\u00e4hk\u00f6moottoriharja<\/figcaption><\/figure>\n\n\n\n<figure class=\"wp-block-image size-full is-resized\"><img loading=\"lazy\" decoding=\"async\" width=\"563\" height=\"563\" src=\"https:\/\/hylajams.fi\/wp-content\/uploads\/2024\/01\/44400-EST-Sahkomoottorin-harjan-Easy-Click-putki-Ventus-2-kpl.png\" alt=\"Hyla EST ominaisuudet\" class=\"wp-image-6597\" style=\"width:215px;height:auto\" srcset=\"https:\/\/hylajams.fi\/wp-content\/uploads\/2024\/01\/44400-EST-Sahkomoottorin-harjan-Easy-Click-putki-Ventus-2-kpl.png 563w, https:\/\/hylajams.fi\/wp-content\/uploads\/2024\/01\/44400-EST-Sahkomoottorin-harjan-Easy-Click-putki-Ventus-2-kpl-300x300.png 300w, https:\/\/hylajams.fi\/wp-content\/uploads\/2024\/01\/44400-EST-Sahkomoottorin-harjan-Easy-Click-putki-Ventus-2-kpl-150x150.png 150w, https:\/\/hylajams.fi\/wp-content\/uploads\/2024\/01\/44400-EST-Sahkomoottorin-harjan-Easy-Click-putki-Ventus-2-kpl-100x100.png 100w\" sizes=\"(max-width: 563px) 100vw, 563px\" \/><figcaption class=\"wp-element-caption\">S\u00e4hk\u00f6moottoriharjan putket 2 kpl<\/figcaption><\/figure>\n\n\n\n<figure class=\"wp-block-image size-full is-resized\"><img loading=\"lazy\" decoding=\"async\" width=\"558\" height=\"550\" src=\"https:\/\/hylajams.fi\/wp-content\/uploads\/2025\/01\/44000-HYLA-EST-Sahkomoottoriharjan-letku-18-m.png\" alt=\"Hyla EST ominaisuudet\" class=\"wp-image-9256\" style=\"width:220px;height:auto\" srcset=\"https:\/\/hylajams.fi\/wp-content\/uploads\/2025\/01\/44000-HYLA-EST-Sahkomoottoriharjan-letku-18-m.png 558w, https:\/\/hylajams.fi\/wp-content\/uploads\/2025\/01\/44000-HYLA-EST-Sahkomoottoriharjan-letku-18-m-300x296.png 300w, https:\/\/hylajams.fi\/wp-content\/uploads\/2025\/01\/44000-HYLA-EST-Sahkomoottoriharjan-letku-18-m-100x100.png 100w\" sizes=\"(max-width: 558px) 100vw, 558px\" \/><figcaption class=\"wp-element-caption\">S\u00e4hk\u00f6moottoriharjan letku<\/figcaption><\/figure>\n\n\n\n<figure class=\"wp-block-image size-full is-resized\"><img loading=\"lazy\" decoding=\"async\" width=\"575\" height=\"569\" src=\"https:\/\/hylajams.fi\/wp-content\/uploads\/2024\/01\/34110-GST-EST-kaukosaadin.png\" alt=\"Hyla EST ominaisuudet\" class=\"wp-image-6586\" style=\"width:219px;height:auto\" srcset=\"https:\/\/hylajams.fi\/wp-content\/uploads\/2024\/01\/34110-GST-EST-kaukosaadin.png 575w, https:\/\/hylajams.fi\/wp-content\/uploads\/2024\/01\/34110-GST-EST-kaukosaadin-300x297.png 300w, https:\/\/hylajams.fi\/wp-content\/uploads\/2024\/01\/34110-GST-EST-kaukosaadin-100x100.png 100w\" sizes=\"(max-width: 575px) 100vw, 575px\" \/><figcaption class=\"wp-element-caption\">Kaukos\u00e4\u00e4din<\/figcaption><\/figure>\n<\/div>\n\n\n\n<p><\/p>\n\n\n\n<h2 class=\"wp-block-heading\"><strong>Miksi valita Hyla-vesip\u00f6lynimuri:<\/strong><\/h2>\n\n\n\n<p><\/p>\n\n\n\n<figure class=\"wp-block-video aligncenter\"><video height=\"1080\" style=\"aspect-ratio: 1080 \/ 1080;\" width=\"1080\" controls src=\"https:\/\/hylajams.fi\/wp-content\/uploads\/2023\/09\/Hyla-EST-2.mp4\"><\/video><\/figure>\n\n\n\n<ol start=\"1\" style=\"list-style-type:1\" class=\"wp-block-list\"><\/ol>\n\n\n\n<p><\/p>\n\n\n\n<p class=\"has-background\" style=\"background-color:#e6f7f9\"><strong>T\u00e4ydellinen puhdistus<\/strong> \u2013 HYLA-vesip\u00f6lynimurin ainutlaatuinen vesisuodatusj\u00e4rjestelm\u00e4 puhdistaa perusteellisesti ja sitoo p\u00f6lyn, siitep\u00f6lyn, allergeenit ja hajut suoraan veteen.<br><br><strong>Raikkaampi sis\u00e4ilma<\/strong> \u2013 Vesipohjainen suodatus est\u00e4\u00e4 ep\u00e4puhtauksien palaamisen huoneilmaan. Ilma pysyy raikkaana ja puhtaana \u2013 hengitt\u00e4minen tuntuu kevyemm\u00e4lt\u00e4 ja ymp\u00e4rist\u00f6 miellytt\u00e4v\u00e4mm\u00e4lt\u00e4.<br><br><strong>Monik\u00e4ytt\u00f6inen ja joustava<\/strong> \u2013 Laaja lis\u00e4varustevalikoima ja s\u00e4\u00e4dett\u00e4v\u00e4t toiminnot mahdollistavat tehokkaan puhdistuksen lattioille, matoille, huonekaluille ja hankaliin kohteisiin, joihin tavallinen imuri ei yll\u00e4.<br><\/p>\n\n\n\n<p><\/p>\n\n\n\n<p><a href=\"https:\/\/hylajams.fi\/?p=5169\" target=\"_blank\" rel=\"noreferrer noopener\"><strong>Lue lis\u00e4\u00e4<\/strong><\/a><\/p>\n\n\n\n<ol start=\"1\" style=\"list-style-type:1\" class=\"wp-block-list\"><\/ol>\n\n\n\n<p><\/p>\n\n\n\n<h2 class=\"wp-block-heading\"><strong>Miksi valita meid\u00e4t:<\/strong><\/h2>\n\n\n\n<p><\/p>\n\n\n\n<p class=\"has-background\" style=\"background-color:#e6f7f9\"><strong>Laadukkaat tuotteet<\/strong><br><br>Valikoimassa on vain korkealaatuisia HYLA-vesip\u00f6lynimureita, varaosia, lis\u00e4varusteita ja oheistuotteita. Kaikki tuotteet on suunniteltu kest\u00e4m\u00e4\u00e4n pitk\u00e4aikaista k\u00e4ytt\u00f6\u00e4 ja tarjoamaan erinomainen puhdistustulos.<br><br><strong>Suomalainen maahantuoja<\/strong><br>Kotimainen verkkokauppayritys toimii Vierem\u00e4ll\u00e4 \u2013 Iivon ja Kertun pit\u00e4j\u00e4ss\u00e4, Ponsse Oyj:n naapurissa. Paikallinen toiminta takaa sujuvan palvelun ja luotettavat toimitukset Suomessa.<br><br><strong>Luotettavuus ja asiakaspalvelu<\/strong><br>Asiakastyytyv\u00e4isyys on etusijalla. Saat henkil\u00f6kohtaista ja asiantuntevaa apua kaikkiin HYLA-tuotteisiin, tilauksiin ja k\u00e4ytt\u00f6\u00f6n liittyviin kysymyksiin.<br><br><strong>Nopea toimitus<\/strong><br>Tilaukset k\u00e4sitell\u00e4\u00e4n viivytyksett\u00e4 ja toimitetaan valitulla toimitustavalla. Varastossa olevat tuotteet l\u00e4htev\u00e4t heti, ja j\u00e4lkitoimitukseen j\u00e4\u00e4v\u00e4t tuotteet toimitetaan ilman lis\u00e4kuluja mahdollisimman pian, yleens\u00e4 parin viikon sis\u00e4ll\u00e4.<br><br><strong>Tyytyv\u00e4isyystakuu<\/strong><br>HYLA-j\u00e4rjestelmien laatuun ja suorituskykyyn voi luottaa. Pitk\u00e4 kokemus HYLA-asiakkaiden palvelemisesta Suomessa antaa vahvan pohjan tyytyv\u00e4isyystakuulle.<br><br><strong>Tuotetakuu<\/strong><br>Kaikki tuotteet toimitetaan suoraan HYLA-tehtaalta. Tuotteet ovat uusia, alkuper\u00e4isi\u00e4 ja pakattu tehtaalla, ja niille my\u00f6nnet\u00e4\u00e4n valmistajan tuote- ja laatutakuu ostop\u00e4iv\u00e4st\u00e4 alkaen.<\/p>\n\n\n\n<p><\/p>\n\n\n\n<p><a href=\"https:\/\/hylajams.fi\/?post_type=product\" target=\"_blank\" rel=\"noreferrer noopener\"><strong>TILAA VERKKOKAUPASTA<\/strong><\/a><\/p>\n\n\n\n<p class=\"has-black-color has-text-color has-background\" style=\"background-color:#e6f7f9;font-size:20px\">HYLA EST -malli Hylan uusin tulokas, uusilla kauniilla muodoillaan ja toiminnoillaan. Monet ovat sanoneetkin, ett\u00e4 t\u00e4ss\u00e4 laitteessa imua riitt\u00e4\u00e4.<\/p>\n\n\n\n<p><\/p>\n\n\n\n<p class=\"has-background\" style=\"background-color:#e6f7f9\"><strong>Hyla EST ominaisuudet<\/strong><br><br>HYLA on ainutlaatuinen, t\u00e4ysin vesipohjainen imuri- ja ilmanpuhdistusj\u00e4rjestelm\u00e4, joka hy\u00f6dynt\u00e4\u00e4 patentoitua vedenerotinteknologiaa. J\u00e4rjestelm\u00e4 erottaa ilman ja ep\u00e4puhtaudet tehokkaasti veden avulla, jolloin hienojakoinen p\u00f6ly, allergeenit, p\u00f6lypunkit ja kaasumaiset ep\u00e4puhtaudet sitoutuvat veteen eiv\u00e4tk\u00e4 p\u00e4\u00e4se takaisin huoneilmaan.<br><br>Itsepuhdistuva vedenerotin toimii imuroinnin aikana ja samalla raikastaa sis\u00e4ilmaa. Ratkaisu sopii erityisen hyvin allergikoille ja kaikille, jotka arvostavat puhdasta sis\u00e4ilmaa ja kemikaalitonta puhdistusta.<br><br><strong>HYLA-j\u00e4rjestelm\u00e4n keskeiset edut<\/strong><br>\u2022\tHuoltovapaa rakenne<br>\u2022\tSaksalaista tekniikkaa \u2013 k\u00e4sin koottu ja tarkasti valmistettu<br>\u2022\t5 vuoden valmistajan takuu moottoriyksik\u00f6lle<br>\u2022\tTuotteen k\u00e4ytt\u00f6ik\u00e4 v\u00e4hint\u00e4\u00e4n 15 vuotta<br>\u2022\tVaraosien ja lis\u00e4varusteiden elinik\u00e4inen toimitustakuu<br>\u2022\tEt\u00e4k\u00e4ytt\u00e4j\u00e4koulutus pyynn\u00f6st\u00e4<br>\u2022\tISO 9001 -sertifioitu laatuj\u00e4rjestelm\u00e4<br>\u2022\tMaailmanlaajuisesti patentoitu, itsepuhdistuva separaattoriteknologia<br>\u2022\tSveitsin allergialiiton hyv\u00e4ksym\u00e4<br>\u2022\tSIMA VERIFIED -merkint\u00e4 (Italian ymp\u00e4rist\u00f6l\u00e4\u00e4ketieteen yhdistys)<br><br><strong>Tekniset tiedot<\/strong><br>\u2022\tSeparaattorin py\u00f6rimisnopeus: 25 000 kierrosta\/min<br>\u2022\tNimellisteho: 730 W<br>\u2022\tPaino ilman lis\u00e4varusteita: 5,5 kg<br>\u2022\tMitat: 36 \u00d7 36 \u00d7 56 cm<br>\u2022\tVesis\u00e4ili\u00f6n tilavuus: 4 litraa<br>\u2022\tLiit\u00e4nt\u00e4kaapelin pituus: 7,5 m<br>\u2022\tIlmanpuhdistusteho: 2,5 m\u00b3 \/ <br><\/p>\n\n\n\n<p><\/p>\n\n\n\n<h2 class=\"wp-block-heading\">HYLA EST ilman- ja kodinpuhdistusj\u00e4rjestelm\u00e4n kokoonpano<\/h2>\n\n\n\n<p><\/p>\n\n\n\n<p class=\"has-background\" style=\"background-color:#e6f7f9\">HYLA EST -j\u00e4rjestelm\u00e4 toimitetaan kattavana kokonaisuutena, joka mahdollistaa monipuolisen ja tehokkaan puhdistuksen heti k\u00e4ytt\u00f6\u00f6notosta alkaen.<br><br><strong>Paketin sis\u00e4lt\u00f6:<\/strong><br>\u2022\tMoottoriyksikk\u00f6<br>\u2022\tSangallinen vesiastia<br>\u2022\tRullaava alusta nelj\u00e4ll\u00e4 tai kahdeksalla py\u00f6r\u00e4ll\u00e4 (mallista riippuen)<br>\u2022\tTaipuisa, murtumaton ja joustava ter\u00e4snailonletku<br>\u2022\tPikalukitusvarret, 2 kpl<br>\u2022\t(varsia voidaan liitt\u00e4\u00e4 per\u00e4kk\u00e4in ty\u00f6skentelytarpeen mukaan)<br>\u2022\tAntistaattinen suulake<br>\u2022\tSynteettinen suulake<br>\u2022\tRakosuulake<br>\u2022\tPuhallussuutin<br>\u2022\tTekstiili- ja verhosuulakesarja<br>\u2022\tYleislattiaharja<br>\u2022\tK\u00e4ytt\u00f6ohjekirja suomen kielell\u00e4<br><\/p>\n\n\n\n<p><\/p>\n\n\n\n<p><\/p>\n\n\n\n<p><\/p>\n","protected":false},"excerpt":{"rendered":"<p>Hyla EST ominaisuudet HYLA EST tuo puhtauden kotiisi KATSO VIDEOLTA Mit\u00e4 jos siivous ei olisi pelkk\u00e4\u00e4 p\u00f6lyn imurointia \u2013 vaan samalla askel kohti raikkaampaa, puhtaampaa kotia? Tutustu HYLA EST -peruspakettiin:<a href=\"https:\/\/hylajams.fi\/?page_id=933\" class=\"d-block breadmore\">Lue lis\u00e4\u00e4<\/a><\/p>\n","protected":false},"author":2,"featured_media":5700,"parent":0,"menu_order":0,"comment_status":"closed","ping_status":"closed","template":"elementor_theme","meta":{"footnotes":""},"class_list":["post-933","page","type-page","status-publish","has-post-thumbnail","hentry","_wholesalex wsx-wholesalex-product"],"yoast_head":"<!-- This site is optimized with the Yoast SEO plugin v27.3 - https:\/\/yoast.com\/product\/yoast-seo-wordpress\/ -->\n<title>Hyla EST ominaisuudet - t\u00e4ydellinen, raikas ja monik\u00e4ytt\u00f6inen<\/title>\n<meta name=\"description\" content=\"Hyla EST ominaisuudet - Mit\u00e4 Hyla EST tekee ja miksi se eroaa tavallisesta imurista? Lue t\u00e4rkeimm\u00e4t ominaisuudet, hy\u00f6dyt ja k\u00e4ytt\u00f6tavat.\" \/>\n<meta name=\"robots\" content=\"index, follow, max-snippet:-1, max-image-preview:large, max-video-preview:-1\" \/>\n<link rel=\"canonical\" href=\"https:\/\/hylajams.fi\/?page_id=933\" \/>\n<meta property=\"og:locale\" content=\"fi_FI\" \/>\n<meta property=\"og:type\" content=\"article\" \/>\n<meta property=\"og:title\" content=\"Hyla EST ominaisuudet - t\u00e4ydellinen, raikas ja monik\u00e4ytt\u00f6inen\" \/>\n<meta property=\"og:description\" content=\"Hyla EST ominaisuudet - Mit\u00e4 Hyla EST tekee ja miksi se eroaa tavallisesta imurista? Lue t\u00e4rkeimm\u00e4t ominaisuudet, hy\u00f6dyt ja k\u00e4ytt\u00f6tavat.\" \/>\n<meta property=\"og:url\" content=\"https:\/\/hylajams.fi\/?page_id=933\" \/>\n<meta property=\"og:site_name\" content=\"Hyla Jams Verkkokauppa\" \/>\n<meta property=\"article:modified_time\" content=\"2026-02-23T10:18:19+00:00\" \/>\n<meta property=\"og:image\" content=\"https:\/\/hylajams.fi\/wp-content\/uploads\/2023\/08\/2023-08-24-3-e1746697688470.png\" \/>\n\t<meta property=\"og:image:width\" content=\"1062\" \/>\n\t<meta property=\"og:image:height\" content=\"872\" \/>\n\t<meta property=\"og:image:type\" content=\"image\/png\" \/>\n<meta name=\"twitter:card\" content=\"summary_large_image\" \/>\n<meta name=\"twitter:label1\" content=\"Arvioitu lukuaika\" \/>\n\t<meta name=\"twitter:data1\" content=\"6 minuuttia\" \/>\n<script type=\"application\/ld+json\" class=\"yoast-schema-graph\">{\"@context\":\"https:\\\/\\\/schema.org\",\"@graph\":[{\"@type\":\"WebPage\",\"@id\":\"https:\\\/\\\/hylajams.fi\\\/?page_id=933\",\"url\":\"https:\\\/\\\/hylajams.fi\\\/?page_id=933\",\"name\":\"Hyla EST ominaisuudet - t\u00e4ydellinen, raikas ja monik\u00e4ytt\u00f6inen\",\"isPartOf\":{\"@id\":\"https:\\\/\\\/hylajams.fi\\\/#website\"},\"primaryImageOfPage\":{\"@id\":\"https:\\\/\\\/hylajams.fi\\\/?page_id=933#primaryimage\"},\"image\":{\"@id\":\"https:\\\/\\\/hylajams.fi\\\/?page_id=933#primaryimage\"},\"thumbnailUrl\":\"https:\\\/\\\/hylajams.fi\\\/wp-content\\\/uploads\\\/2023\\\/08\\\/2023-08-24-3-e1746697688470.png\",\"datePublished\":\"2021-07-22T07:14:11+00:00\",\"dateModified\":\"2026-02-23T10:18:19+00:00\",\"description\":\"Hyla EST ominaisuudet - Mit\u00e4 Hyla EST tekee ja miksi se eroaa tavallisesta imurista? Lue t\u00e4rkeimm\u00e4t ominaisuudet, hy\u00f6dyt ja k\u00e4ytt\u00f6tavat.\",\"breadcrumb\":{\"@id\":\"https:\\\/\\\/hylajams.fi\\\/?page_id=933#breadcrumb\"},\"inLanguage\":\"fi\",\"potentialAction\":[{\"@type\":\"ReadAction\",\"target\":[\"https:\\\/\\\/hylajams.fi\\\/?page_id=933\"]}]},{\"@type\":\"ImageObject\",\"inLanguage\":\"fi\",\"@id\":\"https:\\\/\\\/hylajams.fi\\\/?page_id=933#primaryimage\",\"url\":\"https:\\\/\\\/hylajams.fi\\\/wp-content\\\/uploads\\\/2023\\\/08\\\/2023-08-24-3-e1746697688470.png\",\"contentUrl\":\"https:\\\/\\\/hylajams.fi\\\/wp-content\\\/uploads\\\/2023\\\/08\\\/2023-08-24-3-e1746697688470.png\",\"width\":1062,\"height\":872},{\"@type\":\"BreadcrumbList\",\"@id\":\"https:\\\/\\\/hylajams.fi\\\/?page_id=933#breadcrumb\",\"itemListElement\":[{\"@type\":\"ListItem\",\"position\":1,\"name\":\"Etusivu\",\"item\":\"https:\\\/\\\/hylajams.fi\\\/\"},{\"@type\":\"ListItem\",\"position\":2,\"name\":\"Hyla EST ominaisuudet\"}]},{\"@type\":\"WebSite\",\"@id\":\"https:\\\/\\\/hylajams.fi\\\/#website\",\"url\":\"https:\\\/\\\/hylajams.fi\\\/\",\"name\":\"Hyla Jams Verkkokauppa\",\"description\":\"Hyla ilman- ja huoneen puhdistusj\u00e4rjestelm\u00e4 Suomessa\",\"publisher\":{\"@id\":\"https:\\\/\\\/hylajams.fi\\\/#organization\"},\"potentialAction\":[{\"@type\":\"SearchAction\",\"target\":{\"@type\":\"EntryPoint\",\"urlTemplate\":\"https:\\\/\\\/hylajams.fi\\\/?s={search_term_string}\"},\"query-input\":{\"@type\":\"PropertyValueSpecification\",\"valueRequired\":true,\"valueName\":\"search_term_string\"}}],\"inLanguage\":\"fi\"},{\"@type\":\"Organization\",\"@id\":\"https:\\\/\\\/hylajams.fi\\\/#organization\",\"name\":\"Hyla Jams Verkkokauppa\",\"url\":\"https:\\\/\\\/hylajams.fi\\\/\",\"logo\":{\"@type\":\"ImageObject\",\"inLanguage\":\"fi\",\"@id\":\"https:\\\/\\\/hylajams.fi\\\/#\\\/schema\\\/logo\\\/image\\\/\",\"url\":\"https:\\\/\\\/hylajams.fi\\\/wp-content\\\/uploads\\\/2025\\\/02\\\/Logo-1-2.jpg\",\"contentUrl\":\"https:\\\/\\\/hylajams.fi\\\/wp-content\\\/uploads\\\/2025\\\/02\\\/Logo-1-2.jpg\",\"width\":500,\"height\":500,\"caption\":\"Hyla Jams Verkkokauppa\"},\"image\":{\"@id\":\"https:\\\/\\\/hylajams.fi\\\/#\\\/schema\\\/logo\\\/image\\\/\"},\"sameAs\":[\"https:\\\/\\\/www.instagram.com\\\/hylasiivous\\\/\"]}]}<\/script>\n<!-- \/ Yoast SEO plugin. -->","yoast_head_json":{"title":"Hyla EST ominaisuudet - t\u00e4ydellinen, raikas ja monik\u00e4ytt\u00f6inen","description":"Hyla EST ominaisuudet - Mit\u00e4 Hyla EST tekee ja miksi se eroaa tavallisesta imurista? Lue t\u00e4rkeimm\u00e4t ominaisuudet, hy\u00f6dyt ja k\u00e4ytt\u00f6tavat.","robots":{"index":"index","follow":"follow","max-snippet":"max-snippet:-1","max-image-preview":"max-image-preview:large","max-video-preview":"max-video-preview:-1"},"canonical":"https:\/\/hylajams.fi\/?page_id=933","og_locale":"fi_FI","og_type":"article","og_title":"Hyla EST ominaisuudet - t\u00e4ydellinen, raikas ja monik\u00e4ytt\u00f6inen","og_description":"Hyla EST ominaisuudet - Mit\u00e4 Hyla EST tekee ja miksi se eroaa tavallisesta imurista? Lue t\u00e4rkeimm\u00e4t ominaisuudet, hy\u00f6dyt ja k\u00e4ytt\u00f6tavat.","og_url":"https:\/\/hylajams.fi\/?page_id=933","og_site_name":"Hyla Jams Verkkokauppa","article_modified_time":"2026-02-23T10:18:19+00:00","og_image":[{"width":1062,"height":872,"url":"https:\/\/hylajams.fi\/wp-content\/uploads\/2023\/08\/2023-08-24-3-e1746697688470.png","type":"image\/png"}],"twitter_card":"summary_large_image","twitter_misc":{"Arvioitu lukuaika":"6 minuuttia"},"schema":{"@context":"https:\/\/schema.org","@graph":[{"@type":"WebPage","@id":"https:\/\/hylajams.fi\/?page_id=933","url":"https:\/\/hylajams.fi\/?page_id=933","name":"Hyla EST ominaisuudet - t\u00e4ydellinen, raikas ja monik\u00e4ytt\u00f6inen","isPartOf":{"@id":"https:\/\/hylajams.fi\/#website"},"primaryImageOfPage":{"@id":"https:\/\/hylajams.fi\/?page_id=933#primaryimage"},"image":{"@id":"https:\/\/hylajams.fi\/?page_id=933#primaryimage"},"thumbnailUrl":"https:\/\/hylajams.fi\/wp-content\/uploads\/2023\/08\/2023-08-24-3-e1746697688470.png","datePublished":"2021-07-22T07:14:11+00:00","dateModified":"2026-02-23T10:18:19+00:00","description":"Hyla EST ominaisuudet - Mit\u00e4 Hyla EST tekee ja miksi se eroaa tavallisesta imurista? Lue t\u00e4rkeimm\u00e4t ominaisuudet, hy\u00f6dyt ja k\u00e4ytt\u00f6tavat.","breadcrumb":{"@id":"https:\/\/hylajams.fi\/?page_id=933#breadcrumb"},"inLanguage":"fi","potentialAction":[{"@type":"ReadAction","target":["https:\/\/hylajams.fi\/?page_id=933"]}]},{"@type":"ImageObject","inLanguage":"fi","@id":"https:\/\/hylajams.fi\/?page_id=933#primaryimage","url":"https:\/\/hylajams.fi\/wp-content\/uploads\/2023\/08\/2023-08-24-3-e1746697688470.png","contentUrl":"https:\/\/hylajams.fi\/wp-content\/uploads\/2023\/08\/2023-08-24-3-e1746697688470.png","width":1062,"height":872},{"@type":"BreadcrumbList","@id":"https:\/\/hylajams.fi\/?page_id=933#breadcrumb","itemListElement":[{"@type":"ListItem","position":1,"name":"Etusivu","item":"https:\/\/hylajams.fi\/"},{"@type":"ListItem","position":2,"name":"Hyla EST ominaisuudet"}]},{"@type":"WebSite","@id":"https:\/\/hylajams.fi\/#website","url":"https:\/\/hylajams.fi\/","name":"Hyla Jams Verkkokauppa","description":"Hyla ilman- ja huoneen puhdistusj\u00e4rjestelm\u00e4 Suomessa","publisher":{"@id":"https:\/\/hylajams.fi\/#organization"},"potentialAction":[{"@type":"SearchAction","target":{"@type":"EntryPoint","urlTemplate":"https:\/\/hylajams.fi\/?s={search_term_string}"},"query-input":{"@type":"PropertyValueSpecification","valueRequired":true,"valueName":"search_term_string"}}],"inLanguage":"fi"},{"@type":"Organization","@id":"https:\/\/hylajams.fi\/#organization","name":"Hyla Jams Verkkokauppa","url":"https:\/\/hylajams.fi\/","logo":{"@type":"ImageObject","inLanguage":"fi","@id":"https:\/\/hylajams.fi\/#\/schema\/logo\/image\/","url":"https:\/\/hylajams.fi\/wp-content\/uploads\/2025\/02\/Logo-1-2.jpg","contentUrl":"https:\/\/hylajams.fi\/wp-content\/uploads\/2025\/02\/Logo-1-2.jpg","width":500,"height":500,"caption":"Hyla Jams Verkkokauppa"},"image":{"@id":"https:\/\/hylajams.fi\/#\/schema\/logo\/image\/"},"sameAs":["https:\/\/www.instagram.com\/hylasiivous\/"]}]}},"_links":{"self":[{"href":"https:\/\/hylajams.fi\/index.php?rest_route=\/wp\/v2\/pages\/933","targetHints":{"allow":["GET"]}}],"collection":[{"href":"https:\/\/hylajams.fi\/index.php?rest_route=\/wp\/v2\/pages"}],"about":[{"href":"https:\/\/hylajams.fi\/index.php?rest_route=\/wp\/v2\/types\/page"}],"author":[{"embeddable":true,"href":"https:\/\/hylajams.fi\/index.php?rest_route=\/wp\/v2\/users\/2"}],"replies":[{"embeddable":true,"href":"https:\/\/hylajams.fi\/index.php?rest_route=%2Fwp%2Fv2%2Fcomments&post=933"}],"version-history":[{"count":58,"href":"https:\/\/hylajams.fi\/index.php?rest_route=\/wp\/v2\/pages\/933\/revisions"}],"predecessor-version":[{"id":12867,"href":"https:\/\/hylajams.fi\/index.php?rest_route=\/wp\/v2\/pages\/933\/revisions\/12867"}],"wp:featuredmedia":[{"embeddable":true,"href":"https:\/\/hylajams.fi\/index.php?rest_route=\/wp\/v2\/media\/5700"}],"wp:attachment":[{"href":"https:\/\/hylajams.fi\/index.php?rest_route=%2Fwp%2Fv2%2Fmedia&parent=933"}],"curies":[{"name":"wp","href":"https:\/\/api.w.org\/{rel}","templated":true}]}}