{"id":9271,"date":"2025-01-08T00:28:31","date_gmt":"2025-01-07T22:28:31","guid":{"rendered":"https:\/\/hylajams.fi\/?page_id=9271"},"modified":"2025-10-06T23:16:28","modified_gmt":"2025-10-06T20:16:28","slug":"hylan-uudet-tuotteet-2","status":"publish","type":"page","link":"https:\/\/hylajams.fi\/?page_id=9271","title":{"rendered":"TUOTE UUTISET"},"content":{"rendered":"\n<p class=\"has-text-color has-link-color has-medium-font-size wp-elements-f542b94110420452293fa59cdfd21c19\" style=\"color:#0e528c\"><strong>Hyvi\u00e4 uutisia \u2013 lis\u00e4\u00e4 puhtautta ja k\u00e4yt\u00e4nn\u00f6llisyytt\u00e4 Hylallesi!<\/strong><\/p>\n\n\n\n<h2 class=\"wp-block-heading\">Hylan uudet tuotteet<\/h2>\n\n\n\n<p>Tervetuloa tutustumaan <strong><mark style=\"background-color:rgba(0, 0, 0, 0)\" class=\"has-inline-color has-vivid-cyan-blue-color\">uusiin lis\u00e4laitteisiin<\/mark><\/strong>, jotka viev\u00e4t siivouskokemuksesi aivan uudelle tasolle. N\u00e4ill\u00e4 innovatiivisilla tuotteilla teet kotisi puhdistamisesta helpompaa, tehokkaampaa ja mukavampaa kuin koskaan ennen. Nappaa suosikkisi verkkokaupastamme jo t\u00e4n\u00e4\u00e4n!<\/p>\n\n\n\n<h2 class=\"wp-block-heading has-text-color has-link-color has-medium-font-size wp-elements-2996b1dd42b8242136275d4e42fa2ef3\" style=\"color:#0e528c\"><strong>Hylan uudet tuotteet<\/strong><\/h2>\n\n\n\n<p><\/p>\n\n\n\n<p>Hyla EST ei ole vain tavallinen kodin puhdistusv\u00e4line \u2013 se on edistyksellinen ratkaisu, joka nostaa siivouksen t\u00e4ysin uudelle tasolle, miss\u00e4 muut laitteet eiv\u00e4t p\u00e4rj\u00e4\u00e4. HYLAn tuotekehitystiimi on keskittynyt l\u00f6yt\u00e4m\u00e4\u00e4n uusia, innovatiivisia keinoja torjua p\u00f6ly\u00e4 ja likaa entist\u00e4 tehokkaammin. <br><br>Tuloksena syntyi <mark style=\"background-color:rgba(0, 0, 0, 0)\" class=\"has-inline-color has-vivid-cyan-blue-color\"><strong>HYLA Kulmank\u00e4\u00e4nt\u00e4j\u00e4<\/strong><\/mark>, monipuolinen lis\u00e4laite, liikkuvine osineen, kovan lattian puhdistukseen. Lis\u00e4ksi olemme panostaneet erityisesti lemmikkitalouksien tarpeisiin. Me HYLAlla ymm\u00e4rr\u00e4mme, ett\u00e4 lemmikit ovat t\u00e4rkeit\u00e4 perheenj\u00e4seni\u00e4, jotka ansaitsevat kodin, joka on aina puhdas ja viihtyis\u00e4. Siksi olemme kehitt\u00e4neet ratkaisuja, jotka tekev\u00e4t lemmikkikodeista puhtaampia kuin koskaan ennen \u2013 helposti ja vaivattomasti. Tutustu uusiin tuotteisiimme ja koe, miten HYLA tekee kodistasi puhtaamman ja terveellisemm\u00e4n!<\/p>\n\n\n\n<p><strong><mark style=\"background-color:rgba(0, 0, 0, 0)\" class=\"has-inline-color has-vivid-cyan-blue-color\">Tilaa nyt ja vie siivous uudelle tasolle!<\/mark><\/strong><br><br>Tutustu n\u00e4ihin uutuuksiin verkkokaupassamme ja l\u00f6yd\u00e4 t\u00e4ydellinen lis\u00e4varuste Hylallesi. N\u00e4m\u00e4 uutuudet ovat juuri sit\u00e4, mit\u00e4 olet kaivannut \u2013 puhdas koti, iloiset lemmikit ja vaivaton arki odottavat!<\/p>\n\n\n\n<h3 class=\"wp-block-heading has-text-color has-link-color wp-elements-2fe6d6aa315b7ad7a7ff6b5194bd7328\" style=\"color:#0e528c\">Hylan <strong>Kulmank\u00e4\u00e4nt\u00e4j\u00e4<\/strong><\/h3>\n\n\n\n<p>Flex Glider eli <strong>Kulmank\u00e4\u00e4nt\u00e4j\u00e4 <\/strong>on t\u00e4ydellinen ty\u00f6kalu kovien lattioiden hell\u00e4varaiseen mutta syv\u00e4puhdistukseen. Sen luonnonharjaksiset harjat liukuvat vaivattomasti lattian pintaa pitkin, ja joustavat siivet mahdollistavat p\u00e4\u00e4syn hankaliin kulmiin ja kapeisiin rakoihin. Kevyt, kest\u00e4v\u00e4 ja k\u00e4ytt\u00e4j\u00e4yst\u00e4v\u00e4llinen <strong>Kulmank\u00e4\u00e4nt\u00e4j\u00e4<\/strong> tekee siivouksesta nautinnon! Puhdistaa tarkasti kulmista ja hankalista paikoista. Siivekkeet k\u00e4\u00e4ntyv\u00e4t itsest\u00e4\u00e4n kulmissa ja p\u00f6yd\u00e4n, lelulaatikon ja esteen sattuessa eteen.<\/p>\n\n\n\n<ul class=\"wp-block-list\">\n<li><strong>T\u00e4ydellinen kulmiin ja ahtaisiin tiloihin<\/strong><\/li>\n\n\n\n<li><strong>Kest\u00e4v\u00e4 ja ergonominen muotoilu<\/strong><\/li>\n\n\n\n<li><strong>Luonnonharjat puhdistavat tehokkaasti mutta hell\u00e4varaisesti<\/strong><\/li>\n\n\n\n<li><strong>Sopii vain HYLA EST malliin<\/strong><\/li>\n<\/ul>\n\n\n\n<p><\/p>\n\n\n\n<p><strong><a href=\"https:\/\/hylajams.fi\/?product=46690-kulmankaantaja-%e2%86%92-flex-glider\" data-type=\"product\" data-id=\"9299\">\u27a1\ufe0f Tilaa <strong>Kulmank\u00e4\u00e4nt\u00e4j\u00e4<\/strong> nyt ja koe liukuva siivouksen mukavuus!<\/a><\/strong><\/p>\n\n\n\n<p><\/p>\n\n\n\n<figure class=\"wp-block-image size-large\"><img fetchpriority=\"high\" decoding=\"async\" width=\"1024\" height=\"1024\" src=\"https:\/\/hylajams.fi\/wp-content\/uploads\/2025\/01\/46690-Glidet-eli-Purje-harja2-1024x1024.jpg\" alt=\"\" class=\"wp-image-9285\" srcset=\"https:\/\/hylajams.fi\/wp-content\/uploads\/2025\/01\/46690-Glidet-eli-Purje-harja2-1024x1024.jpg 1024w, https:\/\/hylajams.fi\/wp-content\/uploads\/2025\/01\/46690-Glidet-eli-Purje-harja2-300x300.jpg 300w, https:\/\/hylajams.fi\/wp-content\/uploads\/2025\/01\/46690-Glidet-eli-Purje-harja2-150x150.jpg 150w, https:\/\/hylajams.fi\/wp-content\/uploads\/2025\/01\/46690-Glidet-eli-Purje-harja2-768x768.jpg 768w, https:\/\/hylajams.fi\/wp-content\/uploads\/2025\/01\/46690-Glidet-eli-Purje-harja2-600x600.jpg 600w, https:\/\/hylajams.fi\/wp-content\/uploads\/2025\/01\/46690-Glidet-eli-Purje-harja2-100x100.jpg 100w, https:\/\/hylajams.fi\/wp-content\/uploads\/2025\/01\/46690-Glidet-eli-Purje-harja2.jpg 1080w\" sizes=\"(max-width: 1024px) 100vw, 1024px\" \/><\/figure>\n\n\n\n<hr class=\"wp-block-separator has-alpha-channel-opacity\"\/>\n\n\n\n<h3 class=\"wp-block-heading has-text-color has-link-color wp-elements-c34356561b28d0d10119eb7be2a32953\" style=\"color:#0e528c\"><strong>Pikapuhdistaja<\/strong><\/h3>\n\n\n\n<p>Spotless eli <strong>\u27a1\ufe0f <strong>Tilaa pikapuhdistaja ja nauti puhtaasta ja raikkaasta kodista!<\/strong><\/strong> on suunniteltu erityisesti lemmikkitalouksille ja pehmeiden pintojen syv\u00e4puhdistukseen. T\u00e4m\u00e4 lis\u00e4laite imee voimakkaasti lemmikkien karvat, p\u00f6lyn ja lian sohvilta, tyynyilt\u00e4 ja muilta kangaspinnoilta. Py\u00f6riv\u00e4 p\u00e4\u00e4 tekee <strong>Pikapuhdistaja<\/strong>ssa uskomattoman helppok\u00e4ytt\u00f6isen \u2013 t\u00e4ydellinen apuri jokap\u00e4iv\u00e4isiin siivoushaasteisiin! Tehokas puhdistaja lemmikkikarvojen ja lian poistamisessa pehmeilt\u00e4 pinnoilta. N\u00e4kyv\u00e4\u00e4 puhtautta.<\/p>\n\n\n\n<ul class=\"wp-block-list\">\n<li><strong>Torjuu lemmikkien karvat ja p\u00f6lyn pehmeilt\u00e4 pinnoilta<\/strong><\/li>\n\n\n\n<li><strong>Voimakas imu ja py\u00f6riv\u00e4 p\u00e4\u00e4 takaavat tehokkaan puhdistuksen<\/strong><\/li>\n\n\n\n<li><strong>Kevyt ja helppok\u00e4ytt\u00f6inen \u2013 sopii kaikille Hylan malleille<\/strong><\/li>\n\n\n\n<li><strong>Voidaan k\u00e4ytt\u00e4\u00e4 ilman HYLAa<\/strong><\/li>\n<\/ul>\n\n\n\n<p><\/p>\n\n\n\n<p><strong><a href=\"https:\/\/hylajams.fi\/?product=46685-pikapuhdistaja-%e2%86%92-spotless\" data-type=\"product\" data-id=\"9312\">\u27a1\ufe0f <strong>Tilaa Pikapuhdistaja ja nauti puhtaasta ja raikkaasta kodista!<\/strong><\/a><\/strong><\/p>\n\n\n\n<p><\/p>\n\n\n\n<p><\/p>\n\n\n\n<figure class=\"wp-block-image size-large\"><img decoding=\"async\" width=\"1024\" height=\"1019\" src=\"https:\/\/hylajams.fi\/wp-content\/uploads\/2025\/01\/46685-Spotless-Puhdistaja-nukanpoistaja-elaimet-1024x1019.jpg\" alt=\"\" class=\"wp-image-9275\" srcset=\"https:\/\/hylajams.fi\/wp-content\/uploads\/2025\/01\/46685-Spotless-Puhdistaja-nukanpoistaja-elaimet-1024x1019.jpg 1024w, https:\/\/hylajams.fi\/wp-content\/uploads\/2025\/01\/46685-Spotless-Puhdistaja-nukanpoistaja-elaimet-300x300.jpg 300w, https:\/\/hylajams.fi\/wp-content\/uploads\/2025\/01\/46685-Spotless-Puhdistaja-nukanpoistaja-elaimet-150x150.jpg 150w, https:\/\/hylajams.fi\/wp-content\/uploads\/2025\/01\/46685-Spotless-Puhdistaja-nukanpoistaja-elaimet-768x764.jpg 768w, https:\/\/hylajams.fi\/wp-content\/uploads\/2025\/01\/46685-Spotless-Puhdistaja-nukanpoistaja-elaimet-600x597.jpg 600w, https:\/\/hylajams.fi\/wp-content\/uploads\/2025\/01\/46685-Spotless-Puhdistaja-nukanpoistaja-elaimet-100x100.jpg 100w, https:\/\/hylajams.fi\/wp-content\/uploads\/2025\/01\/46685-Spotless-Puhdistaja-nukanpoistaja-elaimet.jpg 1054w\" sizes=\"(max-width: 1024px) 100vw, 1024px\" \/><figcaption class=\"wp-element-caption\">Kissojen, koirien ja muiden kotiel\u00e4inten karvat pois sohvilta, paidoista, tyynyilt\u00e4 &#8230;..<\/figcaption><\/figure>\n\n\n\n<hr class=\"wp-block-separator has-alpha-channel-opacity\"\/>\n\n\n\n<h3 class=\"wp-block-heading has-text-color has-link-color wp-elements-c74dc9d6a5bbcb1303f65852aa376c5e\" style=\"color:#0e528c\"><strong><strong>Lemmikkiharja Karvataikuri<\/strong><\/strong><\/h3>\n\n\n\n<p>Uusi lemmikkiel\u00e4inten omistajien suosikkity\u00f6kalu on t\u00e4\u00e4ll\u00e4! <strong>Karvataikuri<\/strong> tekee karvanpoistosta vaivatonta ja lemmikin hoidosta miellytt\u00e4v\u00e4\u00e4. Itsepuhdistuvan mekanismin ansiosta harjaaminen on nopeaa ja siisti\u00e4, ja ergonominen kahva varmistaa mukavan k\u00e4yt\u00f6n. <strong>Karvataikuri<\/strong> sopii t\u00e4ydellisesti lemmikkien turkin hoitoon ja kotisi puhtaana pit\u00e4miseen. Tee taikoja lemmikkisi turkille itsepuhdistuvalla harjalla helposti.<\/p>\n\n\n\n<ul class=\"wp-block-list\">\n<li><strong>Itsepuhdistuva mekanismi poistaa karvat helposti<\/strong><\/li>\n\n\n\n<li><strong>Ergonominen kahva mukavaan k\u00e4sittelyyn<\/strong><\/li>\n\n\n\n<li><strong>V\u00e4ltt\u00e4m\u00e4t\u00f6n lemmikin ja kodin hyvinvointiin<\/strong><\/li>\n\n\n\n<li><strong>Voidaan k\u00e4ytt\u00e4\u00e4 ilman HYLAa<\/strong><\/li>\n<\/ul>\n\n\n\n<p><strong><a href=\"https:\/\/hylajams.fi\/?product=46825-karvataikuri-%e2%86%92-magicomb\" data-type=\"product\" data-id=\"9331\">\u27a1\ufe0f Tilaa Karvataikuri ja tee lemmikkisi sek\u00e4 kotisi hoitamisesta vaivatonta!<\/a><\/strong><\/p>\n\n\n\n<figure class=\"wp-block-image size-large\"><img decoding=\"async\" width=\"1024\" height=\"1024\" src=\"https:\/\/hylajams.fi\/wp-content\/uploads\/2025\/01\/46825-Karvataikuri-1024x1024.jpg\" alt=\"Hylan uudet tuotteet.\" class=\"wp-image-9278\" srcset=\"https:\/\/hylajams.fi\/wp-content\/uploads\/2025\/01\/46825-Karvataikuri-1024x1024.jpg 1024w, https:\/\/hylajams.fi\/wp-content\/uploads\/2025\/01\/46825-Karvataikuri-300x300.jpg 300w, https:\/\/hylajams.fi\/wp-content\/uploads\/2025\/01\/46825-Karvataikuri-150x150.jpg 150w, https:\/\/hylajams.fi\/wp-content\/uploads\/2025\/01\/46825-Karvataikuri-768x768.jpg 768w, https:\/\/hylajams.fi\/wp-content\/uploads\/2025\/01\/46825-Karvataikuri-600x600.jpg 600w, https:\/\/hylajams.fi\/wp-content\/uploads\/2025\/01\/46825-Karvataikuri-100x100.jpg 100w, https:\/\/hylajams.fi\/wp-content\/uploads\/2025\/01\/46825-Karvataikuri.jpg 1080w\" sizes=\"(max-width: 1024px) 100vw, 1024px\" \/><\/figure>\n\n\n\n<hr class=\"wp-block-separator has-alpha-channel-opacity\"\/>\n\n\n\n<h5 class=\"wp-block-heading\"><a href=\"https:\/\/hylajams.fi\/?page_id=7252\"><strong>HYLA EST TUOTTEET<\/strong><\/a><\/h5>\n\n\n\n<h5 class=\"wp-block-heading\"><a href=\"https:\/\/hylajams.fi\/?page_id=8366\"><strong>HYLA GST TUOTTEET<\/strong><\/a><\/h5>\n\n\n\n<h5 class=\"wp-block-heading\"><a href=\"https:\/\/hylajams.fi\/?page_id=8371\"><strong>HYLA NST TUOTTEET<\/strong><\/a><\/h5>\n\n\n\n<h5 class=\"wp-block-heading\"><strong><a href=\"https:\/\/www.hyla.com\/products\/products\">HYLA INTERNATIONAL<\/a><\/strong><\/h5>\n\n\n\n<p><\/p>\n","protected":false},"excerpt":{"rendered":"<p>Hyvi\u00e4 uutisia \u2013 lis\u00e4\u00e4 puhtautta ja k\u00e4yt\u00e4nn\u00f6llisyytt\u00e4 Hylallesi! Hylan uudet tuotteet Tervetuloa tutustumaan uusiin lis\u00e4laitteisiin, jotka viev\u00e4t siivouskokemuksesi aivan uudelle tasolle. N\u00e4ill\u00e4 innovatiivisilla tuotteilla teet kotisi puhdistamisesta helpompaa, tehokkaampaa ja<a href=\"https:\/\/hylajams.fi\/?page_id=9271\" class=\"d-block breadmore\">Lue lis\u00e4\u00e4<\/a><\/p>\n","protected":false},"author":2,"featured_media":11230,"parent":0,"menu_order":0,"comment_status":"closed","ping_status":"closed","template":"","meta":{"footnotes":""},"class_list":["post-9271","page","type-page","status-publish","has-post-thumbnail","hentry","_wholesalex wsx-wholesalex-product"],"yoast_head":"<!-- This site is optimized with the Yoast SEO plugin v27.3 - https:\/\/yoast.com\/product\/yoast-seo-wordpress\/ -->\n<title>Hylan uudet tuotteet - Karvataikuri, kulmank\u00e4\u00e4nt\u00e4j\u00e4, uudet tuoksut<\/title>\n<meta name=\"description\" content=\"Hylan uudet tuotteet - Hylan kehitystiimi on keskittynyt l\u00f6yt\u00e4m\u00e4\u00e4n uusia, innovatiivisia keinoja torjua p\u00f6ly\u00e4 ja likaa entist\u00e4 tehokkaammin.\" \/>\n<meta name=\"robots\" content=\"index, follow, max-snippet:-1, max-image-preview:large, max-video-preview:-1\" \/>\n<link rel=\"canonical\" href=\"https:\/\/hylajams.fi\/?page_id=9271\" \/>\n<meta property=\"og:locale\" content=\"fi_FI\" \/>\n<meta property=\"og:type\" content=\"article\" \/>\n<meta property=\"og:title\" content=\"Hylan uudet tuotteet - Karvataikuri, kulmank\u00e4\u00e4nt\u00e4j\u00e4, uudet tuoksut\" \/>\n<meta property=\"og:description\" content=\"Hylan uudet tuotteet - Hylan kehitystiimi on keskittynyt l\u00f6yt\u00e4m\u00e4\u00e4n uusia, innovatiivisia keinoja torjua p\u00f6ly\u00e4 ja likaa entist\u00e4 tehokkaammin.\" \/>\n<meta property=\"og:url\" content=\"https:\/\/hylajams.fi\/?page_id=9271\" \/>\n<meta property=\"og:site_name\" content=\"Hyla Jams Verkkokauppa\" \/>\n<meta property=\"article:modified_time\" content=\"2025-10-06T20:16:28+00:00\" \/>\n<meta property=\"og:image\" content=\"https:\/\/hylajams.fi\/wp-content\/uploads\/2025\/09\/uudet-tuotteet-2.jpg\" \/>\n\t<meta property=\"og:image:width\" content=\"960\" \/>\n\t<meta property=\"og:image:height\" content=\"540\" \/>\n\t<meta property=\"og:image:type\" content=\"image\/jpeg\" \/>\n<meta name=\"twitter:card\" content=\"summary_large_image\" \/>\n<meta name=\"twitter:label1\" content=\"Arvioitu lukuaika\" \/>\n\t<meta name=\"twitter:data1\" content=\"4 minuuttia\" \/>\n<script type=\"application\/ld+json\" class=\"yoast-schema-graph\">{\"@context\":\"https:\\\/\\\/schema.org\",\"@graph\":[{\"@type\":\"WebPage\",\"@id\":\"https:\\\/\\\/hylajams.fi\\\/?page_id=9271\",\"url\":\"https:\\\/\\\/hylajams.fi\\\/?page_id=9271\",\"name\":\"Hylan uudet tuotteet - Karvataikuri, kulmank\u00e4\u00e4nt\u00e4j\u00e4, uudet tuoksut\",\"isPartOf\":{\"@id\":\"https:\\\/\\\/hylajams.fi\\\/#website\"},\"primaryImageOfPage\":{\"@id\":\"https:\\\/\\\/hylajams.fi\\\/?page_id=9271#primaryimage\"},\"image\":{\"@id\":\"https:\\\/\\\/hylajams.fi\\\/?page_id=9271#primaryimage\"},\"thumbnailUrl\":\"https:\\\/\\\/hylajams.fi\\\/wp-content\\\/uploads\\\/2025\\\/09\\\/uudet-tuotteet-2.jpg\",\"datePublished\":\"2025-01-07T22:28:31+00:00\",\"dateModified\":\"2025-10-06T20:16:28+00:00\",\"description\":\"Hylan uudet tuotteet - Hylan kehitystiimi on keskittynyt l\u00f6yt\u00e4m\u00e4\u00e4n uusia, innovatiivisia keinoja torjua p\u00f6ly\u00e4 ja likaa entist\u00e4 tehokkaammin.\",\"breadcrumb\":{\"@id\":\"https:\\\/\\\/hylajams.fi\\\/?page_id=9271#breadcrumb\"},\"inLanguage\":\"fi\",\"potentialAction\":[{\"@type\":\"ReadAction\",\"target\":[\"https:\\\/\\\/hylajams.fi\\\/?page_id=9271\"]}]},{\"@type\":\"ImageObject\",\"inLanguage\":\"fi\",\"@id\":\"https:\\\/\\\/hylajams.fi\\\/?page_id=9271#primaryimage\",\"url\":\"https:\\\/\\\/hylajams.fi\\\/wp-content\\\/uploads\\\/2025\\\/09\\\/uudet-tuotteet-2.jpg\",\"contentUrl\":\"https:\\\/\\\/hylajams.fi\\\/wp-content\\\/uploads\\\/2025\\\/09\\\/uudet-tuotteet-2.jpg\",\"width\":960,\"height\":540},{\"@type\":\"BreadcrumbList\",\"@id\":\"https:\\\/\\\/hylajams.fi\\\/?page_id=9271#breadcrumb\",\"itemListElement\":[{\"@type\":\"ListItem\",\"position\":1,\"name\":\"Etusivu\",\"item\":\"https:\\\/\\\/hylajams.fi\\\/\"},{\"@type\":\"ListItem\",\"position\":2,\"name\":\"TUOTE UUTISET\"}]},{\"@type\":\"WebSite\",\"@id\":\"https:\\\/\\\/hylajams.fi\\\/#website\",\"url\":\"https:\\\/\\\/hylajams.fi\\\/\",\"name\":\"Hyla Jams Verkkokauppa\",\"description\":\"Hyla ilman- ja huoneen puhdistusj\u00e4rjestelm\u00e4 Suomessa\",\"publisher\":{\"@id\":\"https:\\\/\\\/hylajams.fi\\\/#organization\"},\"potentialAction\":[{\"@type\":\"SearchAction\",\"target\":{\"@type\":\"EntryPoint\",\"urlTemplate\":\"https:\\\/\\\/hylajams.fi\\\/?s={search_term_string}\"},\"query-input\":{\"@type\":\"PropertyValueSpecification\",\"valueRequired\":true,\"valueName\":\"search_term_string\"}}],\"inLanguage\":\"fi\"},{\"@type\":\"Organization\",\"@id\":\"https:\\\/\\\/hylajams.fi\\\/#organization\",\"name\":\"Hyla Jams Verkkokauppa\",\"url\":\"https:\\\/\\\/hylajams.fi\\\/\",\"logo\":{\"@type\":\"ImageObject\",\"inLanguage\":\"fi\",\"@id\":\"https:\\\/\\\/hylajams.fi\\\/#\\\/schema\\\/logo\\\/image\\\/\",\"url\":\"https:\\\/\\\/hylajams.fi\\\/wp-content\\\/uploads\\\/2025\\\/02\\\/Logo-1-2.jpg\",\"contentUrl\":\"https:\\\/\\\/hylajams.fi\\\/wp-content\\\/uploads\\\/2025\\\/02\\\/Logo-1-2.jpg\",\"width\":500,\"height\":500,\"caption\":\"Hyla Jams Verkkokauppa\"},\"image\":{\"@id\":\"https:\\\/\\\/hylajams.fi\\\/#\\\/schema\\\/logo\\\/image\\\/\"},\"sameAs\":[\"https:\\\/\\\/www.instagram.com\\\/hylasiivous\\\/\"]}]}<\/script>\n<!-- \/ Yoast SEO plugin. -->","yoast_head_json":{"title":"Hylan uudet tuotteet - Karvataikuri, kulmank\u00e4\u00e4nt\u00e4j\u00e4, uudet tuoksut","description":"Hylan uudet tuotteet - Hylan kehitystiimi on keskittynyt l\u00f6yt\u00e4m\u00e4\u00e4n uusia, innovatiivisia keinoja torjua p\u00f6ly\u00e4 ja likaa entist\u00e4 tehokkaammin.","robots":{"index":"index","follow":"follow","max-snippet":"max-snippet:-1","max-image-preview":"max-image-preview:large","max-video-preview":"max-video-preview:-1"},"canonical":"https:\/\/hylajams.fi\/?page_id=9271","og_locale":"fi_FI","og_type":"article","og_title":"Hylan uudet tuotteet - Karvataikuri, kulmank\u00e4\u00e4nt\u00e4j\u00e4, uudet tuoksut","og_description":"Hylan uudet tuotteet - Hylan kehitystiimi on keskittynyt l\u00f6yt\u00e4m\u00e4\u00e4n uusia, innovatiivisia keinoja torjua p\u00f6ly\u00e4 ja likaa entist\u00e4 tehokkaammin.","og_url":"https:\/\/hylajams.fi\/?page_id=9271","og_site_name":"Hyla Jams Verkkokauppa","article_modified_time":"2025-10-06T20:16:28+00:00","og_image":[{"width":960,"height":540,"url":"https:\/\/hylajams.fi\/wp-content\/uploads\/2025\/09\/uudet-tuotteet-2.jpg","type":"image\/jpeg"}],"twitter_card":"summary_large_image","twitter_misc":{"Arvioitu lukuaika":"4 minuuttia"},"schema":{"@context":"https:\/\/schema.org","@graph":[{"@type":"WebPage","@id":"https:\/\/hylajams.fi\/?page_id=9271","url":"https:\/\/hylajams.fi\/?page_id=9271","name":"Hylan uudet tuotteet - Karvataikuri, kulmank\u00e4\u00e4nt\u00e4j\u00e4, uudet tuoksut","isPartOf":{"@id":"https:\/\/hylajams.fi\/#website"},"primaryImageOfPage":{"@id":"https:\/\/hylajams.fi\/?page_id=9271#primaryimage"},"image":{"@id":"https:\/\/hylajams.fi\/?page_id=9271#primaryimage"},"thumbnailUrl":"https:\/\/hylajams.fi\/wp-content\/uploads\/2025\/09\/uudet-tuotteet-2.jpg","datePublished":"2025-01-07T22:28:31+00:00","dateModified":"2025-10-06T20:16:28+00:00","description":"Hylan uudet tuotteet - Hylan kehitystiimi on keskittynyt l\u00f6yt\u00e4m\u00e4\u00e4n uusia, innovatiivisia keinoja torjua p\u00f6ly\u00e4 ja likaa entist\u00e4 tehokkaammin.","breadcrumb":{"@id":"https:\/\/hylajams.fi\/?page_id=9271#breadcrumb"},"inLanguage":"fi","potentialAction":[{"@type":"ReadAction","target":["https:\/\/hylajams.fi\/?page_id=9271"]}]},{"@type":"ImageObject","inLanguage":"fi","@id":"https:\/\/hylajams.fi\/?page_id=9271#primaryimage","url":"https:\/\/hylajams.fi\/wp-content\/uploads\/2025\/09\/uudet-tuotteet-2.jpg","contentUrl":"https:\/\/hylajams.fi\/wp-content\/uploads\/2025\/09\/uudet-tuotteet-2.jpg","width":960,"height":540},{"@type":"BreadcrumbList","@id":"https:\/\/hylajams.fi\/?page_id=9271#breadcrumb","itemListElement":[{"@type":"ListItem","position":1,"name":"Etusivu","item":"https:\/\/hylajams.fi\/"},{"@type":"ListItem","position":2,"name":"TUOTE UUTISET"}]},{"@type":"WebSite","@id":"https:\/\/hylajams.fi\/#website","url":"https:\/\/hylajams.fi\/","name":"Hyla Jams Verkkokauppa","description":"Hyla ilman- ja huoneen puhdistusj\u00e4rjestelm\u00e4 Suomessa","publisher":{"@id":"https:\/\/hylajams.fi\/#organization"},"potentialAction":[{"@type":"SearchAction","target":{"@type":"EntryPoint","urlTemplate":"https:\/\/hylajams.fi\/?s={search_term_string}"},"query-input":{"@type":"PropertyValueSpecification","valueRequired":true,"valueName":"search_term_string"}}],"inLanguage":"fi"},{"@type":"Organization","@id":"https:\/\/hylajams.fi\/#organization","name":"Hyla Jams Verkkokauppa","url":"https:\/\/hylajams.fi\/","logo":{"@type":"ImageObject","inLanguage":"fi","@id":"https:\/\/hylajams.fi\/#\/schema\/logo\/image\/","url":"https:\/\/hylajams.fi\/wp-content\/uploads\/2025\/02\/Logo-1-2.jpg","contentUrl":"https:\/\/hylajams.fi\/wp-content\/uploads\/2025\/02\/Logo-1-2.jpg","width":500,"height":500,"caption":"Hyla Jams Verkkokauppa"},"image":{"@id":"https:\/\/hylajams.fi\/#\/schema\/logo\/image\/"},"sameAs":["https:\/\/www.instagram.com\/hylasiivous\/"]}]}},"_links":{"self":[{"href":"https:\/\/hylajams.fi\/index.php?rest_route=\/wp\/v2\/pages\/9271","targetHints":{"allow":["GET"]}}],"collection":[{"href":"https:\/\/hylajams.fi\/index.php?rest_route=\/wp\/v2\/pages"}],"about":[{"href":"https:\/\/hylajams.fi\/index.php?rest_route=\/wp\/v2\/types\/page"}],"author":[{"embeddable":true,"href":"https:\/\/hylajams.fi\/index.php?rest_route=\/wp\/v2\/users\/2"}],"replies":[{"embeddable":true,"href":"https:\/\/hylajams.fi\/index.php?rest_route=%2Fwp%2Fv2%2Fcomments&post=9271"}],"version-history":[{"count":24,"href":"https:\/\/hylajams.fi\/index.php?rest_route=\/wp\/v2\/pages\/9271\/revisions"}],"predecessor-version":[{"id":13558,"href":"https:\/\/hylajams.fi\/index.php?rest_route=\/wp\/v2\/pages\/9271\/revisions\/13558"}],"wp:featuredmedia":[{"embeddable":true,"href":"https:\/\/hylajams.fi\/index.php?rest_route=\/wp\/v2\/media\/11230"}],"wp:attachment":[{"href":"https:\/\/hylajams.fi\/index.php?rest_route=%2Fwp%2Fv2%2Fmedia&parent=9271"}],"curies":[{"name":"wp","href":"https:\/\/api.w.org\/{rel}","templated":true}]}}