{"id":9161,"date":"2024-12-29T20:56:09","date_gmt":"2024-12-29T18:56:09","guid":{"rendered":"https:\/\/hylajams.fi\/?page_id=9161"},"modified":"2026-02-24T22:43:03","modified_gmt":"2026-02-24T20:43:03","slug":"hylan-tuoksut-ja-eteeriset-oljyt","status":"publish","type":"page","link":"https:\/\/hylajams.fi\/?page_id=9161","title":{"rendered":"Hylan tuoksut ja eteeriset \u00f6ljyt?"},"content":{"rendered":"\n<p>Hylan tuoksut ja eteeriset \u00f6ljyt<\/p>\n\n\n\n<p class=\"has-background\" style=\"background-color:#e6f7f9\"><strong>Tutustu Hyla tuoksuihin ja eteerisiin \u00f6ljyihin<\/strong><br><br>Hyla tuoksut ja eteeriset \u00f6ljyt tuovat kotiin raikkaan, luonnollisen ja miellytt\u00e4v\u00e4n tunnelman. Ne tehostavat Hyla-j\u00e4rjestelm\u00e4n ilmanpuhdistusta ja sopivat p\u00e4ivitt\u00e4iseen k\u00e4ytt\u00f6\u00f6n \u2013 puhtaasti, turvallisesti ja ymp\u00e4rist\u00f6\u00e4 kunnioittaen.<\/p>\n\n\n\n<p><\/p>\n\n\n\n<p><\/p>\n\n\n<div class=\"wp-block-image\">\n<figure class=\"aligncenter size-medium is-resized\"><img fetchpriority=\"high\" decoding=\"async\" width=\"300\" height=\"169\" src=\"https:\/\/hylajams.fi\/wp-content\/uploads\/2026\/02\/Hylan-tuoksut-300x169.jpg\" alt=\"Hylan tuoksut ja eteeriset \u00f6ljyt\" class=\"wp-image-12985\" style=\"width:511px;height:auto\" srcset=\"https:\/\/hylajams.fi\/wp-content\/uploads\/2026\/02\/Hylan-tuoksut-300x169.jpg 300w, https:\/\/hylajams.fi\/wp-content\/uploads\/2026\/02\/Hylan-tuoksut-1024x576.jpg 1024w, https:\/\/hylajams.fi\/wp-content\/uploads\/2026\/02\/Hylan-tuoksut-768x432.jpg 768w, https:\/\/hylajams.fi\/wp-content\/uploads\/2026\/02\/Hylan-tuoksut-600x338.jpg 600w, https:\/\/hylajams.fi\/wp-content\/uploads\/2026\/02\/Hylan-tuoksut.jpg 1200w\" sizes=\"(max-width: 300px) 100vw, 300px\" \/><figcaption class=\"wp-element-caption\">Hylan tuoksut<\/figcaption><\/figure>\n<\/div>\n\n\n<p><\/p>\n\n\n\n<h3 class=\"wp-block-heading\">Miksi Hylan tuoksut ovat niin suosittuja?<\/h3>\n\n\n\n<p><\/p>\n\n\n\n<p class=\"has-background\" style=\"background-color:#e6f7f9\"><strong>Hyla-tuoksut<\/strong><br><br>Hyla-tuoksut ovat tuoksuyhdisteit\u00e4 ja vesiliukoisia, biohajoavia tuoksuratkaisuja, jotka soveltuvat t\u00e4ydellisesti Hyla-vesip\u00f6lynimureihin ja ilmanpuhdistimiin. Ne tarjoavat miellytt\u00e4vi\u00e4 ja pitk\u00e4kestoisia tuoksuel\u00e4myksi\u00e4 kahdessa eri koossa: k\u00e4tev\u00e4t 90 ml pullot ja riittoisat 0,5 litran pullot. Valikoimaan kuuluu useita raikkaita ja aromaattisia tuoksuja, kuten Vanilja-Mansikka, Sitruuna ja Laventeli.<br><br><\/p>\n\n\n\n<p class=\"has-background\" style=\"background-color:#e6f7f9\"><strong>Hyla-eteeriset \u00f6ljyt<\/strong><br><br>Hylan eteeriset \u00f6ljyt ovat aitoja luonnosta poimittuja tuoksuja, joihin ei ole sekoitettu tuoksuyhdistelmi\u00e4. Muutama tippa eteerist\u00e4 tuoksua tuo kotiisi luonnonmukaista hyvinvointia. N\u00e4iss\u00e4 20 ml pulloissa myyt\u00e4viss\u00e4 \u00f6ljyiss\u00e4 yhdistyv\u00e4t korkealaatuinen aromaterapia ja Hylan tehokas puhdistusteknologia. Eteerisi\u00e4 \u00f6ljyj\u00e4 on saatavilla monenlaisina rentouttavina ja virkist\u00e4vin\u00e4 vaihtoehtoina, jotka sopivat k\u00e4ytett\u00e4v\u00e4ksi siivouksen tai huoneilman puhdistuksen yhteydess\u00e4.<br><br><\/p>\n\n\n\n<p><\/p>\n\n\n\n<p class=\"has-background\" style=\"background-color:#e6f7f9\"><strong>Hylan tuoksut ja eteeriset \u00f6ljyt \u2013 Kehitetty puhtaaseen ja miellytt\u00e4v\u00e4\u00e4n kotiin<\/strong><br><br>Hylan tuoksut ja eteeriset \u00f6ljyt on erityisesti suunniteltu k\u00e4ytett\u00e4v\u00e4ksi Hyla-j\u00e4rjestelm\u00e4ss\u00e4, kuten kodinpuhdistajissa ja ilmanraikastimissa. Tuoksut on kehitetty tarkkaan valituista, korkealaatuisista ainesosista, jotka yhdist\u00e4v\u00e4t miellytt\u00e4v\u00e4n tuoksuel\u00e4myksen ja turvallisuuden.<br><br><strong>Kehitys ja laatu:<\/strong><br>Hyla tuoksut ja eteeriset \u00f6ljyt on valmistettu tiukkojen laatuvaatimusten mukaisesti. Niiss\u00e4 k\u00e4ytet\u00e4\u00e4n ymp\u00e4rist\u00f6yst\u00e4v\u00e4llisi\u00e4 ja biologisesti hajoavia raaka-aineita, jotka ovat turvallisia sek\u00e4 k\u00e4ytt\u00e4j\u00e4lle ett\u00e4 ymp\u00e4rist\u00f6lle. <strong>Tuoksut eiv\u00e4t sis\u00e4ll\u00e4 terveydelle haitallisia kemikaaleja,<\/strong> kuten ftalaatteja tai synteettisi\u00e4 lis\u00e4aineita, vaan ne pohjautuvat puhtaisiin ja laadukkaisiin tuoksuyhdisteisiin.<br><br><strong>Ainesosat:<\/strong><br><br><strong>Eteeriset tuoksut<\/strong> ovat aitoja tuoksuja, joihin ei ole sekoitettu muita tuoksuyhdisteit\u00e4.<br><strong>Tuoksuyhdisteet:<\/strong> Luonnon inspiroimat tuoksut, kuten laventeli, sitruuna ja eukalyptus, tarjoavat raikkautta ja hyvinvointia.<br><strong>Vesiliukoiset yhdisteet: <\/strong>Mahdollistavat tasaisen sekoittumisen Hyla-laitteiden kylm\u00e4ss\u00e4 vedess\u00e4.<br><strong>Ymp\u00e4rist\u00f6yst\u00e4v\u00e4lliset raaka-aineet:<\/strong> Biologisesti hajoavat ainesosat tekev\u00e4t tuotteista turvallisia sek\u00e4 k\u00e4ytt\u00e4j\u00e4lle ett\u00e4 ymp\u00e4rist\u00f6lle.<br><br><strong>Tulokset:<\/strong><br>Hylan tuoksut ja eteeriset \u00f6ljyt lis\u00e4\u00e4v\u00e4t puhdistuksen tehokkuutta ja j\u00e4tt\u00e4v\u00e4t kotiisi miellytt\u00e4v\u00e4n ja pitk\u00e4kestoisen tuoksun. Ne toimivat t\u00e4ydellisesti yhdess\u00e4 Hyla-j\u00e4rjestelm\u00e4n kanssa, tehden siivouksesta ja ilmanraikastuksesta nautinnollisen kokemuksen.<\/p>\n\n\n\n<h4 class=\"wp-block-heading\">Lue lis\u00e4\u00e4 ja l\u00f6yd\u00e4 omat suosikkisi tuote-esittelyist\u00e4:<\/h4>\n\n\n\n<p class=\"has-background has-medium-font-size\" style=\"background-color:#e6f7f9\"><a data-type=\"link\" data-id=\"https:\/\/hylajams.fi\/wp-admin\/post.php?post=5064&amp;action=edit\" href=\"https:\/\/hylajams.fi\/wp-admin\/post.php?post=5064&amp;action=edit\">Hyla-tuoksut<\/a><br><a data-type=\"link\" data-id=\"https:\/\/hylajams.fi\/?page_id=8935&amp;preview=true&amp;_thumbnail_id=8941\" href=\"https:\/\/hylajams.fi\/?page_id=8935&amp;preview=true&amp;_thumbnail_id=8941\">Hyla-eteeriset \u00f6ljyt<\/a><br><a data-type=\"link\" data-id=\"https:\/\/hylajams.fi\/?product_cat=hyla-tuoksut\" href=\"https:\/\/hylajams.fi\/?product_cat=hyla-tuoksut\">Hyla tuoksukauppaan<\/a><br><a href=\"https:\/\/www.hyla-naturalcare.com\/en\/\">Natural Care<\/a><\/p>\n","protected":false},"excerpt":{"rendered":"<p>Hylan tuoksut ja eteeriset \u00f6ljyt Tutustu Hyla tuoksuihin ja eteerisiin \u00f6ljyihin Hyla tuoksut ja eteeriset \u00f6ljyt tuovat kotiin raikkaan, luonnollisen ja miellytt\u00e4v\u00e4n tunnelman. Ne tehostavat Hyla-j\u00e4rjestelm\u00e4n ilmanpuhdistusta ja sopivat p\u00e4ivitt\u00e4iseen<a href=\"https:\/\/hylajams.fi\/?page_id=9161\" class=\"d-block breadmore\">Lue lis\u00e4\u00e4<\/a><\/p>\n","protected":false},"author":2,"featured_media":0,"parent":0,"menu_order":0,"comment_status":"closed","ping_status":"closed","template":"","meta":{"footnotes":""},"class_list":["post-9161","page","type-page","status-publish","hentry","_wholesalex wsx-wholesalex-product"],"yoast_head":"<!-- This site is optimized with the Yoast SEO plugin v27.3 - https:\/\/yoast.com\/product\/yoast-seo-wordpress\/ -->\n<title>Hylan tuoksut ja eteeriset \u00f6ljyt \u2013 raikkaampi koti luonnollisesti<\/title>\n<meta name=\"description\" content=\"Hylan tuoksut ja eteeriset \u00f6ljyt - Luonnolliset ja ymp\u00e4rist\u00f6yst\u00e4v\u00e4lliset tuoksut tuovat kotiin miellytt\u00e4v\u00e4n raikkauden.\" \/>\n<meta name=\"robots\" content=\"index, follow, max-snippet:-1, max-image-preview:large, max-video-preview:-1\" \/>\n<link rel=\"canonical\" href=\"https:\/\/hylajams.fi\/?page_id=9161\" \/>\n<meta property=\"og:locale\" content=\"fi_FI\" \/>\n<meta property=\"og:type\" content=\"article\" \/>\n<meta property=\"og:title\" content=\"Hylan tuoksut ja eteeriset \u00f6ljyt \u2013 raikkaampi koti luonnollisesti\" \/>\n<meta property=\"og:description\" content=\"Hylan tuoksut ja eteeriset \u00f6ljyt - Luonnolliset ja ymp\u00e4rist\u00f6yst\u00e4v\u00e4lliset tuoksut tuovat kotiin miellytt\u00e4v\u00e4n raikkauden.\" \/>\n<meta property=\"og:url\" content=\"https:\/\/hylajams.fi\/?page_id=9161\" \/>\n<meta property=\"og:site_name\" content=\"Hyla Jams Verkkokauppa\" \/>\n<meta property=\"article:modified_time\" content=\"2026-02-24T20:43:03+00:00\" \/>\n<meta property=\"og:image\" content=\"https:\/\/hylajams.fi\/wp-content\/uploads\/2026\/02\/Hylan-tuoksut.jpg\" \/>\n\t<meta property=\"og:image:width\" content=\"1200\" \/>\n\t<meta property=\"og:image:height\" content=\"675\" \/>\n\t<meta property=\"og:image:type\" content=\"image\/jpeg\" \/>\n<meta name=\"twitter:card\" content=\"summary_large_image\" \/>\n<meta name=\"twitter:label1\" content=\"Arvioitu lukuaika\" \/>\n\t<meta name=\"twitter:data1\" content=\"3 minuuttia\" \/>\n<script type=\"application\/ld+json\" class=\"yoast-schema-graph\">{\"@context\":\"https:\\\/\\\/schema.org\",\"@graph\":[{\"@type\":\"WebPage\",\"@id\":\"https:\\\/\\\/hylajams.fi\\\/?page_id=9161\",\"url\":\"https:\\\/\\\/hylajams.fi\\\/?page_id=9161\",\"name\":\"Hylan tuoksut ja eteeriset \u00f6ljyt \u2013 raikkaampi koti luonnollisesti\",\"isPartOf\":{\"@id\":\"https:\\\/\\\/hylajams.fi\\\/#website\"},\"primaryImageOfPage\":{\"@id\":\"https:\\\/\\\/hylajams.fi\\\/?page_id=9161#primaryimage\"},\"image\":{\"@id\":\"https:\\\/\\\/hylajams.fi\\\/?page_id=9161#primaryimage\"},\"thumbnailUrl\":\"https:\\\/\\\/hylajams.fi\\\/wp-content\\\/uploads\\\/2026\\\/02\\\/Hylan-tuoksut-300x169.jpg\",\"datePublished\":\"2024-12-29T18:56:09+00:00\",\"dateModified\":\"2026-02-24T20:43:03+00:00\",\"description\":\"Hylan tuoksut ja eteeriset \u00f6ljyt - Luonnolliset ja ymp\u00e4rist\u00f6yst\u00e4v\u00e4lliset tuoksut tuovat kotiin miellytt\u00e4v\u00e4n raikkauden.\",\"breadcrumb\":{\"@id\":\"https:\\\/\\\/hylajams.fi\\\/?page_id=9161#breadcrumb\"},\"inLanguage\":\"fi\",\"potentialAction\":[{\"@type\":\"ReadAction\",\"target\":[\"https:\\\/\\\/hylajams.fi\\\/?page_id=9161\"]}]},{\"@type\":\"ImageObject\",\"inLanguage\":\"fi\",\"@id\":\"https:\\\/\\\/hylajams.fi\\\/?page_id=9161#primaryimage\",\"url\":\"https:\\\/\\\/hylajams.fi\\\/wp-content\\\/uploads\\\/2026\\\/02\\\/Hylan-tuoksut.jpg\",\"contentUrl\":\"https:\\\/\\\/hylajams.fi\\\/wp-content\\\/uploads\\\/2026\\\/02\\\/Hylan-tuoksut.jpg\",\"width\":1200,\"height\":675,\"caption\":\"Hylan tuoksut\"},{\"@type\":\"BreadcrumbList\",\"@id\":\"https:\\\/\\\/hylajams.fi\\\/?page_id=9161#breadcrumb\",\"itemListElement\":[{\"@type\":\"ListItem\",\"position\":1,\"name\":\"Etusivu\",\"item\":\"https:\\\/\\\/hylajams.fi\\\/\"},{\"@type\":\"ListItem\",\"position\":2,\"name\":\"Hylan tuoksut ja eteeriset \u00f6ljyt?\"}]},{\"@type\":\"WebSite\",\"@id\":\"https:\\\/\\\/hylajams.fi\\\/#website\",\"url\":\"https:\\\/\\\/hylajams.fi\\\/\",\"name\":\"Hyla Jams Verkkokauppa\",\"description\":\"Hyla ilman- ja huoneen puhdistusj\u00e4rjestelm\u00e4 Suomessa\",\"publisher\":{\"@id\":\"https:\\\/\\\/hylajams.fi\\\/#organization\"},\"potentialAction\":[{\"@type\":\"SearchAction\",\"target\":{\"@type\":\"EntryPoint\",\"urlTemplate\":\"https:\\\/\\\/hylajams.fi\\\/?s={search_term_string}\"},\"query-input\":{\"@type\":\"PropertyValueSpecification\",\"valueRequired\":true,\"valueName\":\"search_term_string\"}}],\"inLanguage\":\"fi\"},{\"@type\":\"Organization\",\"@id\":\"https:\\\/\\\/hylajams.fi\\\/#organization\",\"name\":\"Hyla Jams Verkkokauppa\",\"url\":\"https:\\\/\\\/hylajams.fi\\\/\",\"logo\":{\"@type\":\"ImageObject\",\"inLanguage\":\"fi\",\"@id\":\"https:\\\/\\\/hylajams.fi\\\/#\\\/schema\\\/logo\\\/image\\\/\",\"url\":\"https:\\\/\\\/hylajams.fi\\\/wp-content\\\/uploads\\\/2025\\\/02\\\/Logo-1-2.jpg\",\"contentUrl\":\"https:\\\/\\\/hylajams.fi\\\/wp-content\\\/uploads\\\/2025\\\/02\\\/Logo-1-2.jpg\",\"width\":500,\"height\":500,\"caption\":\"Hyla Jams Verkkokauppa\"},\"image\":{\"@id\":\"https:\\\/\\\/hylajams.fi\\\/#\\\/schema\\\/logo\\\/image\\\/\"},\"sameAs\":[\"https:\\\/\\\/www.instagram.com\\\/hylasiivous\\\/\"]}]}<\/script>\n<!-- \/ Yoast SEO plugin. -->","yoast_head_json":{"title":"Hylan tuoksut ja eteeriset \u00f6ljyt \u2013 raikkaampi koti luonnollisesti","description":"Hylan tuoksut ja eteeriset \u00f6ljyt - Luonnolliset ja ymp\u00e4rist\u00f6yst\u00e4v\u00e4lliset tuoksut tuovat kotiin miellytt\u00e4v\u00e4n raikkauden.","robots":{"index":"index","follow":"follow","max-snippet":"max-snippet:-1","max-image-preview":"max-image-preview:large","max-video-preview":"max-video-preview:-1"},"canonical":"https:\/\/hylajams.fi\/?page_id=9161","og_locale":"fi_FI","og_type":"article","og_title":"Hylan tuoksut ja eteeriset \u00f6ljyt \u2013 raikkaampi koti luonnollisesti","og_description":"Hylan tuoksut ja eteeriset \u00f6ljyt - Luonnolliset ja ymp\u00e4rist\u00f6yst\u00e4v\u00e4lliset tuoksut tuovat kotiin miellytt\u00e4v\u00e4n raikkauden.","og_url":"https:\/\/hylajams.fi\/?page_id=9161","og_site_name":"Hyla Jams Verkkokauppa","article_modified_time":"2026-02-24T20:43:03+00:00","og_image":[{"width":1200,"height":675,"url":"https:\/\/hylajams.fi\/wp-content\/uploads\/2026\/02\/Hylan-tuoksut.jpg","type":"image\/jpeg"}],"twitter_card":"summary_large_image","twitter_misc":{"Arvioitu lukuaika":"3 minuuttia"},"schema":{"@context":"https:\/\/schema.org","@graph":[{"@type":"WebPage","@id":"https:\/\/hylajams.fi\/?page_id=9161","url":"https:\/\/hylajams.fi\/?page_id=9161","name":"Hylan tuoksut ja eteeriset \u00f6ljyt \u2013 raikkaampi koti luonnollisesti","isPartOf":{"@id":"https:\/\/hylajams.fi\/#website"},"primaryImageOfPage":{"@id":"https:\/\/hylajams.fi\/?page_id=9161#primaryimage"},"image":{"@id":"https:\/\/hylajams.fi\/?page_id=9161#primaryimage"},"thumbnailUrl":"https:\/\/hylajams.fi\/wp-content\/uploads\/2026\/02\/Hylan-tuoksut-300x169.jpg","datePublished":"2024-12-29T18:56:09+00:00","dateModified":"2026-02-24T20:43:03+00:00","description":"Hylan tuoksut ja eteeriset \u00f6ljyt - Luonnolliset ja ymp\u00e4rist\u00f6yst\u00e4v\u00e4lliset tuoksut tuovat kotiin miellytt\u00e4v\u00e4n raikkauden.","breadcrumb":{"@id":"https:\/\/hylajams.fi\/?page_id=9161#breadcrumb"},"inLanguage":"fi","potentialAction":[{"@type":"ReadAction","target":["https:\/\/hylajams.fi\/?page_id=9161"]}]},{"@type":"ImageObject","inLanguage":"fi","@id":"https:\/\/hylajams.fi\/?page_id=9161#primaryimage","url":"https:\/\/hylajams.fi\/wp-content\/uploads\/2026\/02\/Hylan-tuoksut.jpg","contentUrl":"https:\/\/hylajams.fi\/wp-content\/uploads\/2026\/02\/Hylan-tuoksut.jpg","width":1200,"height":675,"caption":"Hylan tuoksut"},{"@type":"BreadcrumbList","@id":"https:\/\/hylajams.fi\/?page_id=9161#breadcrumb","itemListElement":[{"@type":"ListItem","position":1,"name":"Etusivu","item":"https:\/\/hylajams.fi\/"},{"@type":"ListItem","position":2,"name":"Hylan tuoksut ja eteeriset \u00f6ljyt?"}]},{"@type":"WebSite","@id":"https:\/\/hylajams.fi\/#website","url":"https:\/\/hylajams.fi\/","name":"Hyla Jams Verkkokauppa","description":"Hyla ilman- ja huoneen puhdistusj\u00e4rjestelm\u00e4 Suomessa","publisher":{"@id":"https:\/\/hylajams.fi\/#organization"},"potentialAction":[{"@type":"SearchAction","target":{"@type":"EntryPoint","urlTemplate":"https:\/\/hylajams.fi\/?s={search_term_string}"},"query-input":{"@type":"PropertyValueSpecification","valueRequired":true,"valueName":"search_term_string"}}],"inLanguage":"fi"},{"@type":"Organization","@id":"https:\/\/hylajams.fi\/#organization","name":"Hyla Jams Verkkokauppa","url":"https:\/\/hylajams.fi\/","logo":{"@type":"ImageObject","inLanguage":"fi","@id":"https:\/\/hylajams.fi\/#\/schema\/logo\/image\/","url":"https:\/\/hylajams.fi\/wp-content\/uploads\/2025\/02\/Logo-1-2.jpg","contentUrl":"https:\/\/hylajams.fi\/wp-content\/uploads\/2025\/02\/Logo-1-2.jpg","width":500,"height":500,"caption":"Hyla Jams Verkkokauppa"},"image":{"@id":"https:\/\/hylajams.fi\/#\/schema\/logo\/image\/"},"sameAs":["https:\/\/www.instagram.com\/hylasiivous\/"]}]}},"_links":{"self":[{"href":"https:\/\/hylajams.fi\/index.php?rest_route=\/wp\/v2\/pages\/9161","targetHints":{"allow":["GET"]}}],"collection":[{"href":"https:\/\/hylajams.fi\/index.php?rest_route=\/wp\/v2\/pages"}],"about":[{"href":"https:\/\/hylajams.fi\/index.php?rest_route=\/wp\/v2\/types\/page"}],"author":[{"embeddable":true,"href":"https:\/\/hylajams.fi\/index.php?rest_route=\/wp\/v2\/users\/2"}],"replies":[{"embeddable":true,"href":"https:\/\/hylajams.fi\/index.php?rest_route=%2Fwp%2Fv2%2Fcomments&post=9161"}],"version-history":[{"count":20,"href":"https:\/\/hylajams.fi\/index.php?rest_route=\/wp\/v2\/pages\/9161\/revisions"}],"predecessor-version":[{"id":12989,"href":"https:\/\/hylajams.fi\/index.php?rest_route=\/wp\/v2\/pages\/9161\/revisions\/12989"}],"wp:attachment":[{"href":"https:\/\/hylajams.fi\/index.php?rest_route=%2Fwp%2Fv2%2Fmedia&parent=9161"}],"curies":[{"name":"wp","href":"https:\/\/api.w.org\/{rel}","templated":true}]}}