{"id":8380,"date":"2024-11-15T22:08:39","date_gmt":"2024-11-15T20:08:39","guid":{"rendered":"https:\/\/hylajams.fi\/?page_id=8380"},"modified":"2025-09-17T00:19:20","modified_gmt":"2025-09-16T21:19:20","slug":"hyla-est-gst-etu-ja-takaluukku","status":"publish","type":"page","link":"https:\/\/hylajams.fi\/?page_id=8380","title":{"rendered":"Hyla EST ja GST  etu- ja takaluukku"},"content":{"rendered":"\n<h3 class=\"wp-block-heading has-text-align-center has-text-color has-background has-link-color wp-elements-7bd3bb7e76de9e68f1ea434df336fd67\" style=\"color:#006d77;background-color:#e6f7f9\"><strong>Hyla EST GST etu- ja takaluukku \u2013 ohjeet ja puhallustoiminnon k\u00e4ytt\u00f6<\/strong><\/h3>\n\n\n\n<p class=\"has-background\" style=\"background-color:#e6f7f9\">Hyla EST ja GST -malleissa on monia yksityiskohtia, jotka helpottavat arjen puhdistust\u00f6it\u00e4. Yksi k\u00e4yt\u00e4nn\u00f6llisimmist\u00e4 ratkaisuista liittyy <strong>etu- ja takaluukkuun<\/strong>, jotka tekev\u00e4t Hylan k\u00e4yt\u00f6st\u00e4 entist\u00e4 monipuolisempaa.<\/p>\n\n\n\n<h4 class=\"wp-block-heading has-text-align-center has-text-color has-background has-link-color has-medium-font-size wp-elements-d7ef294ce0b8c056ae706ac6855351cf\" style=\"color:#006d77;background-color:#e6f7f9\"><strong>ETULUUKKU JA SEN S\u00c4ILYTYSPAIKKA<\/strong><\/h4>\n\n\n\n<p class=\"has-background\" style=\"background-color:#e6f7f9\">Etuluukku on t\u00e4rke\u00e4 osa Hylan ilmanpuhdistusominaisuutta. Sen ansiosta Hyla pystyy tehokkaasti poistamaan p\u00f6lyhiukkaset ja ep\u00e4puhtaudet huoneilmasta veden avulla. Monilla k\u00e4ytt\u00e4jill\u00e4 etuluukku on kuitenkin joskus hukkunut \u2013 se on pieni osa, joka helposti unohtuu tai katoaa.<\/p>\n\n\n\n<p class=\"has-background\" style=\"background-color:#e6f7f9\">Uusissa Hyla EST -malleissa t\u00e4h\u00e4n on l\u00f6ydetty fiksu ratkaisu: <strong>takaluukun taakse on suunniteltu k\u00e4tev\u00e4 s\u00e4ilytyspaikka etuluukulle<\/strong>. N\u00e4in etuluukku pysyy aina tallessa ja on helposti saatavilla silloin, kun sit\u00e4 tarvitaan.<\/p>\n\n\n\n<figure class=\"wp-block-image size-full\"><img fetchpriority=\"high\" decoding=\"async\" width=\"960\" height=\"540\" src=\"https:\/\/hylajams.fi\/wp-content\/uploads\/2024\/10\/Etu-ja-takaluukku.jpg\" alt=\"\" class=\"wp-image-8383\" srcset=\"https:\/\/hylajams.fi\/wp-content\/uploads\/2024\/10\/Etu-ja-takaluukku.jpg 960w, https:\/\/hylajams.fi\/wp-content\/uploads\/2024\/10\/Etu-ja-takaluukku-300x169.jpg 300w, https:\/\/hylajams.fi\/wp-content\/uploads\/2024\/10\/Etu-ja-takaluukku-768x432.jpg 768w, https:\/\/hylajams.fi\/wp-content\/uploads\/2024\/10\/Etu-ja-takaluukku-600x338.jpg 600w\" sizes=\"(max-width: 960px) 100vw, 960px\" \/><\/figure>\n\n\n\n<p><em>Etuluukku on paikallaan Hylassa ja erikseen s\u00e4ilytyksess\u00e4 takaosassa.<\/em><br><\/p>\n\n\n\n<div class=\"wp-block-media-text is-stacked-on-mobile has-background\" style=\"background-color:#e6f7f9\"><figure class=\"wp-block-media-text__media\"><a href=\"https:\/\/hylajams.fi\/?product=33531-hyla-gst-etuluukku\"><img decoding=\"async\" width=\"1024\" height=\"576\" src=\"https:\/\/hylajams.fi\/wp-content\/uploads\/2024\/10\/43530-Hyla-EST-etuluukku-1024x576.jpg\" alt=\"\" class=\"wp-image-8387 size-full\" srcset=\"https:\/\/hylajams.fi\/wp-content\/uploads\/2024\/10\/43530-Hyla-EST-etuluukku-1024x576.jpg 1024w, https:\/\/hylajams.fi\/wp-content\/uploads\/2024\/10\/43530-Hyla-EST-etuluukku-300x169.jpg 300w, https:\/\/hylajams.fi\/wp-content\/uploads\/2024\/10\/43530-Hyla-EST-etuluukku-768x432.jpg 768w, https:\/\/hylajams.fi\/wp-content\/uploads\/2024\/10\/43530-Hyla-EST-etuluukku-600x338.jpg 600w, https:\/\/hylajams.fi\/wp-content\/uploads\/2024\/10\/43530-Hyla-EST-etuluukku.jpg 1200w\" sizes=\"(max-width: 1024px) 100vw, 1024px\" \/><\/a><\/figure><div class=\"wp-block-media-text__content\">\n<p class=\"has-text-color has-background has-link-color has-medium-font-size wp-elements-6a2ec549e01a3c59300df53570155473\" style=\"color:#006d77;background-color:#e6f7f9\"><strong>ETULUUKKU<\/strong><\/p>\n\n\n\n<pre class=\"wp-block-preformatted\">Etuluukku on monesti kadoksissa, mutta nyt HYLA EST\/GST:ss\u00e4 on paikka, minne laitat sen tarvittaessa piiloon.<br><br><strong><a data-type=\"link\" data-id=\"https:\/\/youtu.be\/vM11dvTLHXc\" href=\"https:\/\/youtu.be\/vM11dvTLHXc\"><em>Katso video, jossa n\u00e4yt\u00e4n etuluukun tallennuspaikan Hyla EST -mallissa<\/em><\/a><\/strong><\/pre>\n\n\n\n<p class=\"has-white-color has-text-color has-background has-link-color has-medium-font-size wp-elements-23dea28d3741fda0b71bb782a14cbb6a\" style=\"background-color:#00a9a5\"><strong><a data-type=\"link\" data-id=\"https:\/\/youtu.be\/vM11dvTLHXc\" href=\"https:\/\/youtu.be\/vM11dvTLHXc\">KATSO VIDEO<\/a><\/strong><\/p>\n<\/div><\/div>\n\n\n\n<p><\/p>\n\n\n\n<p class=\"has-text-align-center has-text-color has-background has-link-color has-medium-font-size wp-elements-f62c969c9e8aba3cd4f6e4065db14d3f\" style=\"color:#006d77;background-color:#e6f7f9\"><strong>TAKALUUKKU JA PUHALLUSTOIMINTO<\/strong><\/p>\n\n\n\n<h2 class=\"wp-block-heading has-text-color has-background has-link-color has-medium-font-size wp-elements-478b5146a66f82d698157f783ad5998b\" style=\"color:#006d77;background-color:#e6f7f9\"><strong><strong>Puhallustoiminnon k\u00e4ytt\u00f6 Hylassa<\/strong><\/strong>. <\/h2>\n\n\n\n<div class=\"wp-block-group\"><div class=\"wp-block-group__inner-container is-layout-constrained wp-block-group-is-layout-constrained\">\n<figure class=\"wp-block-gallery has-nested-images columns-default is-cropped wp-block-gallery-1 is-layout-flex wp-block-gallery-is-layout-flex\">\n<figure class=\"wp-block-image size-large\"><img decoding=\"async\" width=\"1024\" height=\"576\" data-id=\"8716\" src=\"https:\/\/hylajams.fi\/wp-content\/uploads\/2024\/11\/Hyla-puhallus-EI-TEKSTIA-1024x576.jpg\" alt=\"\" class=\"wp-image-8716\" srcset=\"https:\/\/hylajams.fi\/wp-content\/uploads\/2024\/11\/Hyla-puhallus-EI-TEKSTIA-1024x576.jpg 1024w, https:\/\/hylajams.fi\/wp-content\/uploads\/2024\/11\/Hyla-puhallus-EI-TEKSTIA-300x169.jpg 300w, https:\/\/hylajams.fi\/wp-content\/uploads\/2024\/11\/Hyla-puhallus-EI-TEKSTIA-768x432.jpg 768w, https:\/\/hylajams.fi\/wp-content\/uploads\/2024\/11\/Hyla-puhallus-EI-TEKSTIA-600x338.jpg 600w, https:\/\/hylajams.fi\/wp-content\/uploads\/2024\/11\/Hyla-puhallus-EI-TEKSTIA.jpg 1200w\" sizes=\"(max-width: 1024px) 100vw, 1024px\" \/><\/figure>\n\n\n\n<figure class=\"wp-block-image size-large\"><img loading=\"lazy\" decoding=\"async\" width=\"1024\" height=\"576\" data-id=\"8717\" src=\"https:\/\/hylajams.fi\/wp-content\/uploads\/2024\/11\/Hyla-puhallus.-ei-teksti6-1024x576.jpg\" alt=\"\" class=\"wp-image-8717\" srcset=\"https:\/\/hylajams.fi\/wp-content\/uploads\/2024\/11\/Hyla-puhallus.-ei-teksti6-1024x576.jpg 1024w, https:\/\/hylajams.fi\/wp-content\/uploads\/2024\/11\/Hyla-puhallus.-ei-teksti6-300x169.jpg 300w, https:\/\/hylajams.fi\/wp-content\/uploads\/2024\/11\/Hyla-puhallus.-ei-teksti6-768x432.jpg 768w, https:\/\/hylajams.fi\/wp-content\/uploads\/2024\/11\/Hyla-puhallus.-ei-teksti6-600x338.jpg 600w, https:\/\/hylajams.fi\/wp-content\/uploads\/2024\/11\/Hyla-puhallus.-ei-teksti6.jpg 1200w\" sizes=\"(max-width: 1024px) 100vw, 1024px\" \/><\/figure>\n<\/figure>\n<\/div><\/div>\n\n\n\n<p><em>Hylan puhallustoiminto l\u00f6ytyy takaosan luukun kautta<\/em>. <em>Hylan takaluukku avoimena, letku kiinnitettyn\u00e4 puhallukseen.<\/em><\/p>\n\n\n\n<p class=\"has-background\" style=\"background-color:#e6f7f9\"><strong>Kaikissa Hyla-malleissa <\/strong>on tehokas <strong>puhallustoiminto<\/strong>, jonka saa k\u00e4ytt\u00f6\u00f6n Hylan takaosasta avaamalla s\u00e4leik\u00f6n. T\u00e4m\u00e4 puhalluksen ominaisuus on monik\u00e4ytt\u00f6inen ja s\u00e4\u00e4st\u00e4\u00e4 aikaa monessa arjen tilanteessa. <\/p>\n\n\n\n<p class=\"has-background\" style=\"background-color:#e6f7f9\"><strong>K\u00e4ytt\u00f6kohteita puhallukselle:<\/strong><br>\u2726 Ilmapallojen ja vakuumipussien t\u00e4ytt\u00e4minen<br>\u2726Kuivien roskien ja veden puhaltaminen<br>\u2726 P\u00f6lyn poistaminen ahtaista paikoista, kuten pattereista, pianos\u00e4leist\u00e4 ja kaappien takaa<br>\u2726 Ty\u00f6pajan pintojen ja nurkkien puhdistus<br>\u2726 M\u00e4r\u00e4n imuletkun kuivaaminen k\u00e4yt\u00f6n j\u00e4lkeen<\/p>\n\n\n\n<p><\/p>\n\n\n\n<h2 class=\"wp-block-heading has-text-align-center has-text-color has-background has-link-color has-medium-font-size wp-elements-17d12568d90374c6f0aabaf3ebc890d1\" style=\"color:#006d77;background-color:#e6f7f9\"><strong>TURVALLISUUSOHJEET<\/strong><\/h2>\n\n\n\n<ul style=\"background-color:#e6f7f9\" class=\"wp-block-list has-background\">\n<li>Suojaa itsesi hengityssuojaimella ennen puhaltamista. <\/li>\n\n\n\n<li>Varmista, ettei huoneessa ole lapsia tai lemmikkej\u00e4 puhalluksen aikana.<\/li>\n\n\n\n<li>\u00c4l\u00e4 kohdistaa puhallusta ihmisiin tai el\u00e4imiin.<\/li>\n\n\n\n<li>Suojaa puhallusalue ja poista s\u00e4rkyv\u00e4t esineet.<\/li>\n<\/ul>\n\n\n\n<p><\/p>\n\n\n\n<h4 class=\"wp-block-heading has-text-align-center has-text-color has-background has-link-color has-medium-font-size wp-elements-b24eb221691d2f344b384f105a86c186\" style=\"color:#006d77;background-color:#e6f7f9\"><strong><strong>OHJEET PUHALTAMISEEN<\/strong><\/strong><\/h4>\n\n\n\n<ul style=\"background-color:#e6f7f9\" class=\"wp-block-list has-white-color has-text-color has-background has-link-color wp-elements-091dc2f00438acc04bb49f39bc7fc34f\">\n<li class=\"has-text-color has-link-color wp-elements-32313795f4103b31f30f019b5e20482d\" style=\"color:#222222\">Aseta letku takana olevaan aukkoon.<\/li>\n\n\n\n<li class=\"has-text-color has-link-color wp-elements-41eb8e5631699d10386354b6229ba37a\" style=\"color:#222222\">Tarkista, ettei ymp\u00e4rill\u00e4 ole lapsia, el\u00e4imi\u00e4 tai s\u00e4rkyvi\u00e4 tavaroita.<\/li>\n\n\n\n<li class=\"has-text-color has-link-color wp-elements-7ef8558983e3ad7bef4dabf092cc8b4a\" style=\"color:#222222\">K\u00e4ynnist\u00e4 Hyla ja aloita puhallus. <\/li>\n\n\n\n<li class=\"has-text-color has-link-color wp-elements-bba1422950407d05ad6c33a4da6a848e\" style=\"color:#222222\">Puhalluksen yhteydess\u00e4 syntyy paljon irtop\u00f6ly\u00e4, jotka leijuvat ilmassa, joten suojaa hengityselimet p\u00f6lylt\u00e4.<\/li>\n\n\n\n<li class=\"has-text-color has-link-color wp-elements-2326ff835cf7fc9fc014be1149cf0f7a\" style=\"color:#222222\">Laita puhalluksen j\u00e4lkeen Hylan ilmanpesu eli puhdista huoneessa leijuvat pienet p\u00f6lyhiukkaset antamalla Hylan j\u00e4\u00e4d\u00e4 p\u00e4\u00e4lle ilman letkua noin 15 minuutiksi.<\/li>\n\n\n\n<li class=\"has-text-color has-link-color wp-elements-6c18318dc7e77936c76d7f81c0eddedd\" style=\"color:#222222\">Poistu tarvittaessa huonetilasta, jottet hengit\u00e4 p\u00f6lyist\u00e4 ilmaa keuhkoihin.<\/li>\n\n\n\n<li class=\"has-text-color has-link-color wp-elements-fc117cee0a53feef818cc4d5c1441637\" style=\"color:#222222\">Imuroi tarvittaessa tasot ja pinnat, johon p\u00f6ly on laskeutunut<\/li>\n<\/ul>\n\n\n\n<p><\/p>\n\n\n\n<h4 class=\"wp-block-heading has-text-align-center has-text-color has-background has-link-color has-medium-font-size wp-elements-73ad36c5cfc281d3836703cec256f458\" style=\"color:#006d77;background-color:#e6f7f9\"><strong>YHTEENVETO<\/strong><\/h4>\n\n\n\n<p class=\"has-text-color has-background has-link-color wp-elements-7c36de920fbe049cf53bba6059cda654\" style=\"color:#222222;background-color:#e6f7f9\"><strong>Hyla EST GST etu- ja takaluukku:<\/strong> Hyla EST ja GST -mallien etu- ja takaluukut tarjoavat paitsi helppoutta my\u00f6s lis\u00e4toimintoja kodin puhtaanapitoon. <strong>Etuluukun s\u00e4ilytyspaikka<\/strong> tekee siit\u00e4 aina helposti l\u00f6ydett\u00e4v\u00e4n, ja <strong>puhallustoiminto<\/strong> tuo lis\u00e4\u00e4 k\u00e4ytt\u00f6mahdollisuuksia siivouksen ja kodinhoidon tueksi. N\u00e4in Hyla ei ole pelkk\u00e4 vesi-imuri, vaan monik\u00e4ytt\u00f6inen j\u00e4rjestelm\u00e4, joka helpottaa arjen puhdistusteht\u00e4vi\u00e4.<\/p>\n\n\n\n<p class=\"has-text-color has-background has-link-color has-medium-font-size wp-elements-d64a587ef11154764089074ddcfac15a\" style=\"color:#222222;background-color:#e6f7f9\"><em><strong><a href=\"http:\/\/youtu.be\/vM11dvTLHXc\">Katso video, jossa n\u00e4yt\u00e4n etuluukun tallennuspaikan Hyla EST -mallissa<\/a><\/strong><\/em><\/p>\n\n\n\n<p><\/p>\n","protected":false},"excerpt":{"rendered":"<p>Hyla EST GST etu- ja takaluukku \u2013 ohjeet ja puhallustoiminnon k\u00e4ytt\u00f6 Hyla EST ja GST -malleissa on monia yksityiskohtia, jotka helpottavat arjen puhdistust\u00f6it\u00e4. Yksi k\u00e4yt\u00e4nn\u00f6llisimmist\u00e4 ratkaisuista liittyy etu- ja takaluukkuun,<a href=\"https:\/\/hylajams.fi\/?page_id=8380\" class=\"d-block breadmore\">Lue lis\u00e4\u00e4<\/a><\/p>\n","protected":false},"author":2,"featured_media":0,"parent":0,"menu_order":0,"comment_status":"closed","ping_status":"closed","template":"","meta":{"footnotes":""},"class_list":["post-8380","page","type-page","status-publish","hentry","_wholesalex wsx-wholesalex-product"],"yoast_head":"<!-- This site is optimized with the Yoast SEO plugin v27.3 - https:\/\/yoast.com\/product\/yoast-seo-wordpress\/ -->\n<title>Hyla EST GST etu- ja takaluukku - imu- ja puhalluspuoli<\/title>\n<meta name=\"description\" content=\"Hyla EST GST etu- ja takaluukku - Etuluukku on osa Hylan toimintaa, ja se tulee olla paikallaan, kun laitteella pest\u00e4\u00e4n huoneilmaa.\" \/>\n<meta name=\"robots\" content=\"index, follow, max-snippet:-1, max-image-preview:large, max-video-preview:-1\" \/>\n<link rel=\"canonical\" href=\"https:\/\/hylajams.fi\/?page_id=8380\" \/>\n<meta property=\"og:locale\" content=\"fi_FI\" \/>\n<meta property=\"og:type\" content=\"article\" \/>\n<meta property=\"og:title\" content=\"Hyla EST GST etu- ja takaluukku - imu- ja puhalluspuoli\" \/>\n<meta property=\"og:description\" content=\"Hyla EST GST etu- ja takaluukku - Etuluukku on osa Hylan toimintaa, ja se tulee olla paikallaan, kun laitteella pest\u00e4\u00e4n huoneilmaa.\" \/>\n<meta property=\"og:url\" content=\"https:\/\/hylajams.fi\/?page_id=8380\" \/>\n<meta property=\"og:site_name\" content=\"Hyla Jams Verkkokauppa\" \/>\n<meta property=\"article:modified_time\" content=\"2025-09-16T21:19:20+00:00\" \/>\n<meta property=\"og:image\" content=\"https:\/\/hylajams.fi\/wp-content\/uploads\/2024\/10\/Etu-ja-takaluukku.jpg\" \/>\n\t<meta property=\"og:image:width\" content=\"960\" \/>\n\t<meta property=\"og:image:height\" content=\"540\" \/>\n\t<meta property=\"og:image:type\" content=\"image\/jpeg\" \/>\n<meta name=\"twitter:card\" content=\"summary_large_image\" \/>\n<meta name=\"twitter:label1\" content=\"Arvioitu lukuaika\" \/>\n\t<meta name=\"twitter:data1\" content=\"3 minuuttia\" \/>\n<script type=\"application\/ld+json\" class=\"yoast-schema-graph\">{\"@context\":\"https:\\\/\\\/schema.org\",\"@graph\":[{\"@type\":\"WebPage\",\"@id\":\"https:\\\/\\\/hylajams.fi\\\/?page_id=8380\",\"url\":\"https:\\\/\\\/hylajams.fi\\\/?page_id=8380\",\"name\":\"Hyla EST GST etu- ja takaluukku - imu- ja puhalluspuoli\",\"isPartOf\":{\"@id\":\"https:\\\/\\\/hylajams.fi\\\/#website\"},\"primaryImageOfPage\":{\"@id\":\"https:\\\/\\\/hylajams.fi\\\/?page_id=8380#primaryimage\"},\"image\":{\"@id\":\"https:\\\/\\\/hylajams.fi\\\/?page_id=8380#primaryimage\"},\"thumbnailUrl\":\"https:\\\/\\\/hylajams.fi\\\/wp-content\\\/uploads\\\/2024\\\/10\\\/Etu-ja-takaluukku.jpg\",\"datePublished\":\"2024-11-15T20:08:39+00:00\",\"dateModified\":\"2025-09-16T21:19:20+00:00\",\"description\":\"Hyla EST GST etu- ja takaluukku - Etuluukku on osa Hylan toimintaa, ja se tulee olla paikallaan, kun laitteella pest\u00e4\u00e4n huoneilmaa.\",\"breadcrumb\":{\"@id\":\"https:\\\/\\\/hylajams.fi\\\/?page_id=8380#breadcrumb\"},\"inLanguage\":\"fi\",\"potentialAction\":[{\"@type\":\"ReadAction\",\"target\":[\"https:\\\/\\\/hylajams.fi\\\/?page_id=8380\"]}]},{\"@type\":\"ImageObject\",\"inLanguage\":\"fi\",\"@id\":\"https:\\\/\\\/hylajams.fi\\\/?page_id=8380#primaryimage\",\"url\":\"https:\\\/\\\/hylajams.fi\\\/wp-content\\\/uploads\\\/2024\\\/10\\\/Etu-ja-takaluukku.jpg\",\"contentUrl\":\"https:\\\/\\\/hylajams.fi\\\/wp-content\\\/uploads\\\/2024\\\/10\\\/Etu-ja-takaluukku.jpg\",\"width\":960,\"height\":540,\"caption\":\"Hyla GST ja EST takaosa\"},{\"@type\":\"BreadcrumbList\",\"@id\":\"https:\\\/\\\/hylajams.fi\\\/?page_id=8380#breadcrumb\",\"itemListElement\":[{\"@type\":\"ListItem\",\"position\":1,\"name\":\"Etusivu\",\"item\":\"https:\\\/\\\/hylajams.fi\\\/\"},{\"@type\":\"ListItem\",\"position\":2,\"name\":\"Hyla EST ja GST etu- ja takaluukku\"}]},{\"@type\":\"WebSite\",\"@id\":\"https:\\\/\\\/hylajams.fi\\\/#website\",\"url\":\"https:\\\/\\\/hylajams.fi\\\/\",\"name\":\"Hyla Jams Verkkokauppa\",\"description\":\"Hyla ilman- ja huoneen puhdistusj\u00e4rjestelm\u00e4 Suomessa\",\"publisher\":{\"@id\":\"https:\\\/\\\/hylajams.fi\\\/#organization\"},\"potentialAction\":[{\"@type\":\"SearchAction\",\"target\":{\"@type\":\"EntryPoint\",\"urlTemplate\":\"https:\\\/\\\/hylajams.fi\\\/?s={search_term_string}\"},\"query-input\":{\"@type\":\"PropertyValueSpecification\",\"valueRequired\":true,\"valueName\":\"search_term_string\"}}],\"inLanguage\":\"fi\"},{\"@type\":\"Organization\",\"@id\":\"https:\\\/\\\/hylajams.fi\\\/#organization\",\"name\":\"Hyla Jams Verkkokauppa\",\"url\":\"https:\\\/\\\/hylajams.fi\\\/\",\"logo\":{\"@type\":\"ImageObject\",\"inLanguage\":\"fi\",\"@id\":\"https:\\\/\\\/hylajams.fi\\\/#\\\/schema\\\/logo\\\/image\\\/\",\"url\":\"https:\\\/\\\/hylajams.fi\\\/wp-content\\\/uploads\\\/2025\\\/02\\\/Logo-1-2.jpg\",\"contentUrl\":\"https:\\\/\\\/hylajams.fi\\\/wp-content\\\/uploads\\\/2025\\\/02\\\/Logo-1-2.jpg\",\"width\":500,\"height\":500,\"caption\":\"Hyla Jams Verkkokauppa\"},\"image\":{\"@id\":\"https:\\\/\\\/hylajams.fi\\\/#\\\/schema\\\/logo\\\/image\\\/\"},\"sameAs\":[\"https:\\\/\\\/www.instagram.com\\\/hylasiivous\\\/\"]}]}<\/script>\n<!-- \/ Yoast SEO plugin. -->","yoast_head_json":{"title":"Hyla EST GST etu- ja takaluukku - imu- ja puhalluspuoli","description":"Hyla EST GST etu- ja takaluukku - Etuluukku on osa Hylan toimintaa, ja se tulee olla paikallaan, kun laitteella pest\u00e4\u00e4n huoneilmaa.","robots":{"index":"index","follow":"follow","max-snippet":"max-snippet:-1","max-image-preview":"max-image-preview:large","max-video-preview":"max-video-preview:-1"},"canonical":"https:\/\/hylajams.fi\/?page_id=8380","og_locale":"fi_FI","og_type":"article","og_title":"Hyla EST GST etu- ja takaluukku - imu- ja puhalluspuoli","og_description":"Hyla EST GST etu- ja takaluukku - Etuluukku on osa Hylan toimintaa, ja se tulee olla paikallaan, kun laitteella pest\u00e4\u00e4n huoneilmaa.","og_url":"https:\/\/hylajams.fi\/?page_id=8380","og_site_name":"Hyla Jams Verkkokauppa","article_modified_time":"2025-09-16T21:19:20+00:00","og_image":[{"width":960,"height":540,"url":"https:\/\/hylajams.fi\/wp-content\/uploads\/2024\/10\/Etu-ja-takaluukku.jpg","type":"image\/jpeg"}],"twitter_card":"summary_large_image","twitter_misc":{"Arvioitu lukuaika":"3 minuuttia"},"schema":{"@context":"https:\/\/schema.org","@graph":[{"@type":"WebPage","@id":"https:\/\/hylajams.fi\/?page_id=8380","url":"https:\/\/hylajams.fi\/?page_id=8380","name":"Hyla EST GST etu- ja takaluukku - imu- ja puhalluspuoli","isPartOf":{"@id":"https:\/\/hylajams.fi\/#website"},"primaryImageOfPage":{"@id":"https:\/\/hylajams.fi\/?page_id=8380#primaryimage"},"image":{"@id":"https:\/\/hylajams.fi\/?page_id=8380#primaryimage"},"thumbnailUrl":"https:\/\/hylajams.fi\/wp-content\/uploads\/2024\/10\/Etu-ja-takaluukku.jpg","datePublished":"2024-11-15T20:08:39+00:00","dateModified":"2025-09-16T21:19:20+00:00","description":"Hyla EST GST etu- ja takaluukku - Etuluukku on osa Hylan toimintaa, ja se tulee olla paikallaan, kun laitteella pest\u00e4\u00e4n huoneilmaa.","breadcrumb":{"@id":"https:\/\/hylajams.fi\/?page_id=8380#breadcrumb"},"inLanguage":"fi","potentialAction":[{"@type":"ReadAction","target":["https:\/\/hylajams.fi\/?page_id=8380"]}]},{"@type":"ImageObject","inLanguage":"fi","@id":"https:\/\/hylajams.fi\/?page_id=8380#primaryimage","url":"https:\/\/hylajams.fi\/wp-content\/uploads\/2024\/10\/Etu-ja-takaluukku.jpg","contentUrl":"https:\/\/hylajams.fi\/wp-content\/uploads\/2024\/10\/Etu-ja-takaluukku.jpg","width":960,"height":540,"caption":"Hyla GST ja EST takaosa"},{"@type":"BreadcrumbList","@id":"https:\/\/hylajams.fi\/?page_id=8380#breadcrumb","itemListElement":[{"@type":"ListItem","position":1,"name":"Etusivu","item":"https:\/\/hylajams.fi\/"},{"@type":"ListItem","position":2,"name":"Hyla EST ja GST etu- ja takaluukku"}]},{"@type":"WebSite","@id":"https:\/\/hylajams.fi\/#website","url":"https:\/\/hylajams.fi\/","name":"Hyla Jams Verkkokauppa","description":"Hyla ilman- ja huoneen puhdistusj\u00e4rjestelm\u00e4 Suomessa","publisher":{"@id":"https:\/\/hylajams.fi\/#organization"},"potentialAction":[{"@type":"SearchAction","target":{"@type":"EntryPoint","urlTemplate":"https:\/\/hylajams.fi\/?s={search_term_string}"},"query-input":{"@type":"PropertyValueSpecification","valueRequired":true,"valueName":"search_term_string"}}],"inLanguage":"fi"},{"@type":"Organization","@id":"https:\/\/hylajams.fi\/#organization","name":"Hyla Jams Verkkokauppa","url":"https:\/\/hylajams.fi\/","logo":{"@type":"ImageObject","inLanguage":"fi","@id":"https:\/\/hylajams.fi\/#\/schema\/logo\/image\/","url":"https:\/\/hylajams.fi\/wp-content\/uploads\/2025\/02\/Logo-1-2.jpg","contentUrl":"https:\/\/hylajams.fi\/wp-content\/uploads\/2025\/02\/Logo-1-2.jpg","width":500,"height":500,"caption":"Hyla Jams Verkkokauppa"},"image":{"@id":"https:\/\/hylajams.fi\/#\/schema\/logo\/image\/"},"sameAs":["https:\/\/www.instagram.com\/hylasiivous\/"]}]}},"_links":{"self":[{"href":"https:\/\/hylajams.fi\/index.php?rest_route=\/wp\/v2\/pages\/8380","targetHints":{"allow":["GET"]}}],"collection":[{"href":"https:\/\/hylajams.fi\/index.php?rest_route=\/wp\/v2\/pages"}],"about":[{"href":"https:\/\/hylajams.fi\/index.php?rest_route=\/wp\/v2\/types\/page"}],"author":[{"embeddable":true,"href":"https:\/\/hylajams.fi\/index.php?rest_route=\/wp\/v2\/users\/2"}],"replies":[{"embeddable":true,"href":"https:\/\/hylajams.fi\/index.php?rest_route=%2Fwp%2Fv2%2Fcomments&post=8380"}],"version-history":[{"count":16,"href":"https:\/\/hylajams.fi\/index.php?rest_route=\/wp\/v2\/pages\/8380\/revisions"}],"predecessor-version":[{"id":11221,"href":"https:\/\/hylajams.fi\/index.php?rest_route=\/wp\/v2\/pages\/8380\/revisions\/11221"}],"wp:attachment":[{"href":"https:\/\/hylajams.fi\/index.php?rest_route=%2Fwp%2Fv2%2Fmedia&parent=8380"}],"curies":[{"name":"wp","href":"https:\/\/api.w.org\/{rel}","templated":true}]}}