{"id":7549,"date":"2024-04-14T00:31:37","date_gmt":"2024-04-13T21:31:37","guid":{"rendered":"https:\/\/hylajams.fi\/?page_id=7549"},"modified":"2026-02-23T21:06:14","modified_gmt":"2026-02-23T19:06:14","slug":"nst-ilman-ja-huoneen-puhdistusjarjestelma","status":"publish","type":"page","link":"https:\/\/hylajams.fi\/?page_id=7549","title":{"rendered":"HYLA NST"},"content":{"rendered":"\n<p><\/p>\n\n\n\n<p><\/p>\n\n\n\n<p class=\"has-black-color has-text-color has-background has-link-color wp-elements-5a394f8b13f9e74e1ef405e20c547bf9\" style=\"background-color:#e6f7f9\"><strong><a href=\"https:\/\/hylajams.fi\/?product_cat=nst\" data-type=\"link\" data-id=\"https:\/\/hylajams.fi\/?product_cat=nst\">T\u00c4ST\u00c4 HYLA NST TUOTTEIDEN JA VARAOSIEN VERKKOKAUPPAAN<\/a><\/strong><\/p>\n\n\n\n<p><\/p>\n\n\n\n<h2 class=\"wp-block-heading\"><strong>HYLA NST<\/strong> ilman &#8211; ja huoneen puhdistusj\u00e4rjestelm\u00e4<\/h2>\n\n\n\n<p><\/p>\n\n\n\n<div class=\"wp-block-media-text is-stacked-on-mobile has-background\" style=\"background-color:#e6f7f9\"><figure class=\"wp-block-media-text__media\"><img fetchpriority=\"high\" decoding=\"async\" width=\"600\" height=\"600\" src=\"https:\/\/hylajams.fi\/wp-content\/uploads\/2023\/04\/nst-ja-emoji.png\" alt=\"HYLA NST ilman - ja huoneen puhdistusj\u00e4rjestelm\u00e4\" class=\"wp-image-5154 size-full\" srcset=\"https:\/\/hylajams.fi\/wp-content\/uploads\/2023\/04\/nst-ja-emoji.png 600w, https:\/\/hylajams.fi\/wp-content\/uploads\/2023\/04\/nst-ja-emoji-300x300.png 300w, https:\/\/hylajams.fi\/wp-content\/uploads\/2023\/04\/nst-ja-emoji-150x150.png 150w, https:\/\/hylajams.fi\/wp-content\/uploads\/2023\/04\/nst-ja-emoji-100x100.png 100w\" sizes=\"(max-width: 600px) 100vw, 600px\" \/><\/figure><div class=\"wp-block-media-text__content\">\n<pre class=\"wp-block-preformatted has-electric-grass-gradient-background has-background has-medium-font-size\"><strong>VARAOSILLA ON SAATAVUUSTAKUU<\/strong><\/pre>\n\n\n\n<pre class=\"wp-block-preformatted has-black-color has-electric-grass-gradient-background has-text-color has-background has-link-color has-medium-font-size wp-elements-2da6601028364e67c78c06a461733d65\"><strong>HYLA NST -MALLI VUOSILTA 2001-2010 JA HYLAA EDELLEEN<\/strong><\/pre>\n\n\n\n<p>T\u00e4t\u00e4 Hyla NST -mallia ei en\u00e4\u00e4 valmisteta, mutta varaosia voi tilata mm. vesiastiaa, suulakkeita, letkua, putkia, s\u00e4hk\u00f6moottoriharjaa, m\u00e4rk\u00e4pesuria ja ihan melkein kaikkea tuotteita on t\u00e4h\u00e4n yli 20 vuotta vanhaan NST malliin saatavilla. <br><br>Hyla GST mallin suulakkeet ja harjat sopivat my\u00f6s t\u00e4h\u00e4n malliin, mutta letkut ovat mallikohtaisia.<\/p>\n<\/div><\/div>\n\n\n\n<p><\/p>\n\n\n\n<div class=\"wp-block-buttons is-layout-flex wp-block-buttons-is-layout-flex\">\n<div class=\"wp-block-button\"><a class=\"wp-block-button__link has-white-color has-cyan-bluish-gray-background-color has-text-color has-background has-link-color has-medium-font-size has-custom-font-size wp-element-button\" href=\"https:\/\/hylajams.fi\/?page_id=1668\"><strong>Lis\u00e4tietoa Hyla huollosta<\/strong><\/a><\/div>\n<\/div>\n\n\n\n<p><\/p>\n\n\n\n<div class=\"wp-block-media-text has-media-on-the-right is-stacked-on-mobile has-background\" style=\"background-color:#e6f7f9\"><div class=\"wp-block-media-text__content\">\n<p class=\"has-background\" style=\"background-color:#e6f7f9\"><strong>T\u00c4YSHUOLTO<\/strong><br><br>Tarjoamme t\u00e4yshuoltopalvelua, joka palauttaa Hyla-imurin t\u00e4ysin toimintakuntoiseksi ja Hylan sis\u00e4osat ovat kuin uudessa laitteessa. Huolto kattaa vioittuneiden ja kuluneiden osien vaihdon, kuten uuden moottorin, hiilten vaihdon, sek\u00e4 Hyla-imurin perusteellisen puhdistuksen. Ennen Hylan palauttamista asiakkaalle suoritamme tarkistuksen ja testaamme sen toiminnot.<br><br><strong>HUOM!<\/strong> T\u00e4h\u00e4n NST malliin suositellaan t\u00e4yshuoltoa, sill\u00e4 kondensaattori Hylan sis\u00e4ll\u00e4 alkaa olla jo tiens\u00e4 p\u00e4\u00e4ss\u00e4, ja se on eritt\u00e4in altis rikkoutumiselle imutehon noustessa. <br><br><strong>T\u00e4yshuollossa vaihdetun uuden moottoriyksik\u00f6n vaihto takaa Hylan toimivuuden j\u00e4lleen useita vuosia eteenp\u00e4in.<\/strong><\/p>\n<\/div><figure class=\"wp-block-media-text__media\"><img decoding=\"async\" width=\"846\" height=\"1024\" src=\"https:\/\/hylajams.fi\/wp-content\/uploads\/2024\/04\/huolto4-846x1024.jpg\" alt=\"\" class=\"wp-image-7625 size-full\" srcset=\"https:\/\/hylajams.fi\/wp-content\/uploads\/2024\/04\/huolto4-846x1024.jpg 846w, https:\/\/hylajams.fi\/wp-content\/uploads\/2024\/04\/huolto4-248x300.jpg 248w, https:\/\/hylajams.fi\/wp-content\/uploads\/2024\/04\/huolto4-768x930.jpg 768w, https:\/\/hylajams.fi\/wp-content\/uploads\/2024\/04\/huolto4-600x726.jpg 600w, https:\/\/hylajams.fi\/wp-content\/uploads\/2024\/04\/huolto4.jpg 892w\" sizes=\"(max-width: 846px) 100vw, 846px\" \/><\/figure><\/div>\n\n\n\n<p><\/p>\n\n\n\n<div class=\"wp-block-buttons is-layout-flex wp-block-buttons-is-layout-flex\">\n<div class=\"wp-block-button\"><a class=\"wp-block-button__link has-white-color has-vivid-cyan-blue-background-color has-text-color has-background has-link-color wp-element-button\" href=\"https:\/\/hylajams.fi\/?page_id=1668\"><strong>HYLA HUOLTO TIETOA<\/strong><\/a><\/div>\n<\/div>\n\n\n\n<p><\/p>\n\n\n\n<div class=\"wp-block-media-text is-stacked-on-mobile has-background\" style=\"background-color:#e6f7f9\"><figure class=\"wp-block-media-text__media\"><img decoding=\"async\" width=\"522\" height=\"531\" src=\"https:\/\/hylajams.fi\/wp-content\/uploads\/2024\/04\/huoltomies.jpg\" alt=\"\" class=\"wp-image-7551 size-full\" srcset=\"https:\/\/hylajams.fi\/wp-content\/uploads\/2024\/04\/huoltomies.jpg 522w, https:\/\/hylajams.fi\/wp-content\/uploads\/2024\/04\/huoltomies-295x300.jpg 295w\" sizes=\"(max-width: 522px) 100vw, 522px\" \/><\/figure><div class=\"wp-block-media-text__content\">\n<p class=\"has-white-color has-vivid-cyan-blue-background-color has-text-color has-background has-link-color has-medium-font-size wp-elements-acd73da0ca2c37ea7307962adf3552bd\"><strong>TARVITSETKO PIDEMM\u00c4N S\u00c4HK\u00d6JOHDON?<\/strong><\/p>\n\n\n\n<p><br>Huollossa on mahdollisuus samalla vaihdattaa 7,5 m s\u00e4hk\u00f6johto pidemp\u00e4\u00e4n 12 m s\u00e4hk\u00f6johtoon.<\/p>\n<\/div><\/div>\n\n\n\n<p><\/p>\n\n\n\n<div class=\"wp-block-columns is-layout-flex wp-container-core-columns-is-layout-9d6595d7 wp-block-columns-is-layout-flex\">\n<div class=\"wp-block-column has-background is-layout-flow wp-block-column-is-layout-flow\" style=\"background-color:#e6f7f9;flex-basis:100%\">\n<div class=\"wp-block-group is-nowrap is-layout-flex wp-container-core-group-is-layout-ad2f72ca wp-block-group-is-layout-flex\">\n<figure class=\"wp-block-image size-full is-resized\"><a href=\"https:\/\/hylajams.fi\/?product_cat=nst\"><img loading=\"lazy\" decoding=\"async\" width=\"600\" height=\"600\" src=\"https:\/\/hylajams.fi\/wp-content\/uploads\/2024\/05\/huolto-2.png\" alt=\"\" class=\"wp-image-7736\" style=\"width:267px;height:auto\" srcset=\"https:\/\/hylajams.fi\/wp-content\/uploads\/2024\/05\/huolto-2.png 600w, https:\/\/hylajams.fi\/wp-content\/uploads\/2024\/05\/huolto-2-300x300.png 300w, https:\/\/hylajams.fi\/wp-content\/uploads\/2024\/05\/huolto-2-150x150.png 150w, https:\/\/hylajams.fi\/wp-content\/uploads\/2024\/05\/huolto-2-100x100.png 100w\" sizes=\"(max-width: 600px) 100vw, 600px\" \/><\/a><\/figure>\n\n\n\n<figure class=\"wp-block-image size-full is-resized\"><a href=\"https:\/\/hylajams.fi\/?page_id=1668\"><img loading=\"lazy\" decoding=\"async\" width=\"339\" height=\"242\" src=\"https:\/\/hylajams.fi\/wp-content\/uploads\/2021\/08\/111-Huolto.png\" alt=\"\" class=\"wp-image-1669\" style=\"width:230px;height:auto\" srcset=\"https:\/\/hylajams.fi\/wp-content\/uploads\/2021\/08\/111-Huolto.png 339w, https:\/\/hylajams.fi\/wp-content\/uploads\/2021\/08\/111-Huolto-300x214.png 300w\" sizes=\"(max-width: 339px) 100vw, 339px\" \/><\/a><\/figure>\n\n\n\n<figure class=\"wp-block-image size-full is-resized\"><img loading=\"lazy\" decoding=\"async\" width=\"499\" height=\"424\" src=\"https:\/\/hylajams.fi\/wp-content\/uploads\/2024\/04\/Certificatit.png\" alt=\"HYLA NST ilman - ja huoneen puhdistusj\u00e4rjestelm\u00e4\" class=\"wp-image-7530\" style=\"width:304px;height:auto\" srcset=\"https:\/\/hylajams.fi\/wp-content\/uploads\/2024\/04\/Certificatit.png 499w, https:\/\/hylajams.fi\/wp-content\/uploads\/2024\/04\/Certificatit-300x255.png 300w\" sizes=\"(max-width: 499px) 100vw, 499px\" \/><\/figure>\n<\/div>\n\n\n\n<div class=\"wp-block-group has-background is-nowrap is-layout-flex wp-container-core-group-is-layout-ad2f72ca wp-block-group-is-layout-flex\" style=\"background-color:#e6f7f9\">\n<figure class=\"wp-block-image size-large is-resized\"><a href=\"https:\/\/hylajams.fi\/?product_cat=nst\"><img loading=\"lazy\" decoding=\"async\" width=\"1024\" height=\"1001\" src=\"https:\/\/hylajams.fi\/wp-content\/uploads\/2024\/05\/nst3-1024x1001.png\" alt=\"\" class=\"wp-image-7742\" style=\"width:267px;height:auto\" srcset=\"https:\/\/hylajams.fi\/wp-content\/uploads\/2024\/05\/nst3-1024x1001.png 1024w, https:\/\/hylajams.fi\/wp-content\/uploads\/2024\/05\/nst3-300x293.png 300w, https:\/\/hylajams.fi\/wp-content\/uploads\/2024\/05\/nst3-768x751.png 768w, https:\/\/hylajams.fi\/wp-content\/uploads\/2024\/05\/nst3-600x587.png 600w, https:\/\/hylajams.fi\/wp-content\/uploads\/2024\/05\/nst3.png 1075w\" sizes=\"(max-width: 1024px) 100vw, 1024px\" \/><\/a><\/figure>\n\n\n\n<figure class=\"wp-block-image size-full is-resized\"><a href=\"https:\/\/hylajams.fi\/?product=14200-nst-sahkomoottoriharja-tamppari-setti\"><img loading=\"lazy\" decoding=\"async\" width=\"608\" height=\"596\" src=\"https:\/\/hylajams.fi\/wp-content\/uploads\/2024\/05\/14200-tamppari-1.png\" alt=\"HYLA NST ilman - ja huoneen puhdistusj\u00e4rjestelm\u00e4\" class=\"wp-image-7738\" style=\"width:269px;height:auto\" srcset=\"https:\/\/hylajams.fi\/wp-content\/uploads\/2024\/05\/14200-tamppari-1.png 608w, https:\/\/hylajams.fi\/wp-content\/uploads\/2024\/05\/14200-tamppari-1-300x294.png 300w, https:\/\/hylajams.fi\/wp-content\/uploads\/2024\/05\/14200-tamppari-1-600x588.png 600w\" sizes=\"(max-width: 608px) 100vw, 608px\" \/><\/a><\/figure>\n\n\n\n<figure class=\"wp-block-image size-large is-resized\"><a href=\"https:\/\/hylajams.fi\/?product=15131-hyla-nst-markapesuri\"><img loading=\"lazy\" decoding=\"async\" width=\"929\" height=\"1024\" src=\"https:\/\/hylajams.fi\/wp-content\/uploads\/2024\/05\/NST-Markapesuri-1-929x1024.jpg\" alt=\"HYLA NST ilman - ja huoneen puhdistusj\u00e4rjestelm\u00e4\" class=\"wp-image-7728\" style=\"width:241px;height:auto\" srcset=\"https:\/\/hylajams.fi\/wp-content\/uploads\/2024\/05\/NST-Markapesuri-1-929x1024.jpg 929w, https:\/\/hylajams.fi\/wp-content\/uploads\/2024\/05\/NST-Markapesuri-1-272x300.jpg 272w, https:\/\/hylajams.fi\/wp-content\/uploads\/2024\/05\/NST-Markapesuri-1-768x846.jpg 768w, https:\/\/hylajams.fi\/wp-content\/uploads\/2024\/05\/NST-Markapesuri-1-600x661.jpg 600w, https:\/\/hylajams.fi\/wp-content\/uploads\/2024\/05\/NST-Markapesuri-1.jpg 972w\" sizes=\"(max-width: 929px) 100vw, 929px\" \/><\/a><\/figure>\n<\/div>\n<\/div>\n<\/div>\n\n\n\n<p><\/p>\n\n\n\n<p><\/p>\n\n\n\n<figure class=\"wp-block-embed is-type-wp-embed is-provider-hyla-jams-verkkokauppa wp-block-embed-hyla-jams-verkkokauppa\"><div class=\"wp-block-embed__wrapper\">\n<blockquote class=\"wp-embedded-content\" data-secret=\"x2zrNIm94D\"><a href=\"https:\/\/hylajams.fi\/?p=2834\">HYLAN HISTORIA:<\/a><\/blockquote><iframe class=\"wp-embedded-content\" sandbox=\"allow-scripts\" security=\"restricted\" style=\"position: absolute; visibility: hidden;\" title=\"&#8221;HYLAN HISTORIA:&#8221; &#8212; Hyla Jams Verkkokauppa\" src=\"https:\/\/hylajams.fi\/?p=2834&#038;embed=true#?secret=Ab6E9xMV9v#?secret=x2zrNIm94D\" data-secret=\"x2zrNIm94D\" width=\"600\" height=\"338\" frameborder=\"0\" marginwidth=\"0\" marginheight=\"0\" scrolling=\"no\"><\/iframe>\n<\/div><figcaption class=\"wp-element-caption\"><a href=\"https:\/\/hylajams.fi\/?p=2834\" data-type=\"link\" data-id=\"https:\/\/hylajams.fi\/?p=2834\"><strong><mark style=\"background-color:#ffffff\" class=\"has-inline-color has-vivid-red-color\">LUE LIS\u00c4\u00c4 HYLA HISTORIASTA<\/mark><\/strong><\/a><\/figcaption><\/figure>\n\n\n\n<p><\/p>\n\n\n\n<div class=\"wp-block-media-text is-stacked-on-mobile has-background\" style=\"background-color:#e6f7f9\"><figure class=\"wp-block-media-text__media\"><img loading=\"lazy\" decoding=\"async\" width=\"1024\" height=\"1024\" src=\"https:\/\/hylajams.fi\/wp-content\/uploads\/2024\/04\/Hylan-toimintaperiaate-1-1024x1024.jpg\" alt=\"\" class=\"wp-image-7527 size-full\" srcset=\"https:\/\/hylajams.fi\/wp-content\/uploads\/2024\/04\/Hylan-toimintaperiaate-1-1024x1024.jpg 1024w, https:\/\/hylajams.fi\/wp-content\/uploads\/2024\/04\/Hylan-toimintaperiaate-1-300x300.jpg 300w, https:\/\/hylajams.fi\/wp-content\/uploads\/2024\/04\/Hylan-toimintaperiaate-1-150x150.jpg 150w, https:\/\/hylajams.fi\/wp-content\/uploads\/2024\/04\/Hylan-toimintaperiaate-1-768x768.jpg 768w, https:\/\/hylajams.fi\/wp-content\/uploads\/2024\/04\/Hylan-toimintaperiaate-1-600x600.jpg 600w, https:\/\/hylajams.fi\/wp-content\/uploads\/2024\/04\/Hylan-toimintaperiaate-1-100x100.jpg 100w, https:\/\/hylajams.fi\/wp-content\/uploads\/2024\/04\/Hylan-toimintaperiaate-1.jpg 1080w\" sizes=\"(max-width: 1024px) 100vw, 1024px\" \/><\/figure><div class=\"wp-block-media-text__content\">\n<p>HYLA on maailman ainoa 100% vesipohjainen suodatin imuri ja ilmanpuhdistusj\u00e4rjestelm\u00e4, joka k\u00e4ytt\u00e4\u00e4 \u201cvedenerotin\u201d -tekniikkaa ilman erottamiseen vedest\u00e4. Ei p\u00f6lypusseja! Ei filttereit\u00e4! Vain 100% vett\u00e4. HYLAn -patentoitu itsepuhdistuva vedenerotin  poistaa hienon p\u00f6lyn, allergeenit, kaasut ja p\u00f6lypunkit imuroinnin aikana ja raikastaa huoneen ilmaa k\u00e4yt\u00f6n aikana. Suositellaan astmaatikoille ja allergikoille.<\/p>\n<\/div><\/div>\n\n\n\n<p><\/p>\n\n\n\n<p class=\"has-white-color has-cyan-bluish-gray-background-color has-text-color has-background has-link-color has-medium-font-size wp-elements-758bd568a1c1b9bd33f00077255bad99\"><strong>Tekniset tiedot:<\/strong><\/p>\n\n\n\n<p><\/p>\n\n\n\n<div class=\"wp-block-group\"><div class=\"wp-block-group__inner-container is-layout-constrained wp-block-group-is-layout-constrained\">\n<p class=\"has-background\" style=\"background-color:#e6f7f9\">&#8211; Huoltovapaa, ei suodattimia, ei p\u00f6lypusseja<br>&#8211; Saksalainen tekniikka \u2013 k\u00e4sin koottu ja tarkasti valmistettu<br>&#8211; 2 vuoden valmistajan takuu moottoriyksik\u00f6lle, muille osille yksi vuosi.<br>&#8211; Pitk\u00e4 k\u00e4ytt\u00f6ik\u00e4, viiden vuoden v\u00e4lein tapahtuvalla s\u00e4\u00e4nn\u00f6llisell\u00e4 huollolla v\u00e4hint\u00e4\u00e4n 20 vuotta.<br>&#8211; Varaosien ja lis\u00e4varusteiden elinik\u00e4inen toimitustakuu.<br>&#8211; Et\u00e4- tai l\u00e4hi k\u00e4ytt\u00e4j\u00e4koulutus pyynn\u00f6st\u00e4, maksullinen.<br>&#8211; ISO 9001 -sertifioitu.<br>&#8211; Maailmanlaajuisesti patentoitu separaattoriteknologia &gt; itsepuhdistuva separaattori.<br>&#8211; Sveitsin allergialiiton my\u00f6nt\u00e4m\u00e4 leima.<br>&#8211; Hyla on saanut SIMA VERIFIED -merkin, jonka on my\u00f6nt\u00e4nyt Italian ymp\u00e4rist\u00f6l\u00e4\u00e4ketieteen yhdistys (SIMA)<br>&#8211; Separaattorin py\u00f6rimisnopeus: 25.000 kierrosta minuutissa<br>&#8211; Nimellisteho: 850 wattia + 150 W<br>&#8211; Paino ilman lis\u00e4varusteita: 5,5 kg<br>&#8211; Mitat: 36 x 36 x 56 cm<br>&#8211; Vesis\u00e4ili\u00f6: 4 litraa<br>&#8211; Liit\u00e4nt\u00e4kaapeli, s\u00e4hk\u00f6johto: 7,5 m. Mahdollisuus vaihtaa 12 m s\u00e4hk\u00f6johtoon huollossa.<br>&#8211; Puhdistaa ilmaa 2,5 m\u00b3 \/ min<\/p>\n<\/div><\/div>\n\n\n\n<div class=\"wp-block-buttons is-layout-flex wp-block-buttons-is-layout-flex\">\n<div class=\"wp-block-button\"><a class=\"wp-block-button__link has-white-color has-cyan-bluish-gray-background-color has-text-color has-background has-link-color wp-element-button\" href=\"https:\/\/hylajams.fi\/?p=2167\"><strong>K\u00e4ytt\u00f6ohje Hyla NST<\/strong><\/a><\/div>\n<\/div>\n\n\n\n<p><\/p>\n\n\n\n<div data-wp-interactive=\"core\/file\" class=\"wp-block-file has-background\" style=\"background-color:#e6f7f9\"><object data-wp-bind--hidden=\"!state.hasPdfPreview\" hidden class=\"wp-block-file__embed\" data=\"https:\/\/hylajams.fi\/wp-content\/uploads\/2024\/04\/00-Hylan-NST_kayttoohje.pdf\" type=\"application\/pdf\" style=\"width:100%;height:600px\" aria-label=\"Tiedoston 00-Hylan-NST_kayttoohje upotus.\"><\/object><a id=\"wp-block-file--media-28181d50-7116-4345-9220-16f977230cf7\" href=\"https:\/\/hylajams.fi\/wp-content\/uploads\/2024\/04\/00-Hylan-NST_kayttoohje.pdf\">00-Hylan-NST_kayttoohje<\/a><a href=\"https:\/\/hylajams.fi\/wp-content\/uploads\/2024\/04\/00-Hylan-NST_kayttoohje.pdf\" class=\"wp-block-file__button wp-element-button\" download aria-describedby=\"wp-block-file--media-28181d50-7116-4345-9220-16f977230cf7\">Lataa<\/a><\/div>\n\n\n\n<p><\/p>\n\n\n\n<div class=\"wp-block-buttons is-layout-flex wp-block-buttons-is-layout-flex\">\n<div class=\"wp-block-button\"><a class=\"wp-block-button__link has-white-color has-vivid-cyan-blue-background-color has-text-color has-background has-link-color wp-element-button\" href=\"https:\/\/hylajams.fi\/\"><strong>Paluu kotisivulle<\/strong><\/a><\/div>\n<\/div>\n","protected":false},"excerpt":{"rendered":"<p>T\u00c4ST\u00c4 HYLA NST TUOTTEIDEN JA VARAOSIEN VERKKOKAUPPAAN HYLA NST ilman &#8211; ja huoneen puhdistusj\u00e4rjestelm\u00e4 VARAOSILLA ON SAATAVUUSTAKUU HYLA NST -MALLI VUOSILTA 2001-2010 JA HYLAA EDELLEEN T\u00e4t\u00e4 Hyla NST -mallia ei<a href=\"https:\/\/hylajams.fi\/?page_id=7549\" class=\"d-block breadmore\">Lue lis\u00e4\u00e4<\/a><\/p>\n","protected":false},"author":2,"featured_media":0,"parent":0,"menu_order":0,"comment_status":"closed","ping_status":"closed","template":"","meta":{"footnotes":""},"class_list":["post-7549","page","type-page","status-publish","hentry","_wholesalex wsx-wholesalex-product"],"yoast_head":"<!-- This site is optimized with the Yoast SEO plugin v27.3 - https:\/\/yoast.com\/product\/yoast-seo-wordpress\/ -->\n<title>HYLA NST ilman - ja huoneen puhdistusj\u00e4rjestelm\u00e4<\/title>\n<meta name=\"description\" content=\"HYLA NST ilman - ja huoneen puhdistusj\u00e4rjestelm\u00e4 - Hylan tarvikkeet ja huolto - parhaat osat Hyla Jams Verkkokaupasta.\" \/>\n<meta name=\"robots\" content=\"index, follow, max-snippet:-1, max-image-preview:large, max-video-preview:-1\" \/>\n<link rel=\"canonical\" href=\"https:\/\/hylajams.fi\/?page_id=7549\" \/>\n<meta property=\"og:locale\" content=\"fi_FI\" \/>\n<meta property=\"og:type\" content=\"article\" \/>\n<meta property=\"og:title\" content=\"HYLA NST ilman - ja huoneen puhdistusj\u00e4rjestelm\u00e4\" \/>\n<meta property=\"og:description\" content=\"HYLA NST ilman - ja huoneen puhdistusj\u00e4rjestelm\u00e4 - Hylan tarvikkeet ja huolto - parhaat osat Hyla Jams Verkkokaupasta.\" \/>\n<meta property=\"og:url\" content=\"https:\/\/hylajams.fi\/?page_id=7549\" \/>\n<meta property=\"og:site_name\" content=\"Hyla Jams Verkkokauppa\" \/>\n<meta property=\"article:modified_time\" content=\"2026-02-23T19:06:14+00:00\" \/>\n<meta property=\"og:image\" content=\"https:\/\/hylajams.fi\/wp-content\/uploads\/2023\/04\/nst-ja-emoji.png\" \/>\n\t<meta property=\"og:image:width\" content=\"600\" \/>\n\t<meta property=\"og:image:height\" content=\"600\" \/>\n\t<meta property=\"og:image:type\" content=\"image\/png\" \/>\n<meta name=\"twitter:card\" content=\"summary_large_image\" \/>\n<meta name=\"twitter:label1\" content=\"Arvioitu lukuaika\" \/>\n\t<meta name=\"twitter:data1\" content=\"5 minuuttia\" \/>\n<script type=\"application\/ld+json\" class=\"yoast-schema-graph\">{\"@context\":\"https:\\\/\\\/schema.org\",\"@graph\":[{\"@type\":\"WebPage\",\"@id\":\"https:\\\/\\\/hylajams.fi\\\/?page_id=7549\",\"url\":\"https:\\\/\\\/hylajams.fi\\\/?page_id=7549\",\"name\":\"HYLA NST ilman - ja huoneen puhdistusj\u00e4rjestelm\u00e4\",\"isPartOf\":{\"@id\":\"https:\\\/\\\/hylajams.fi\\\/#website\"},\"primaryImageOfPage\":{\"@id\":\"https:\\\/\\\/hylajams.fi\\\/?page_id=7549#primaryimage\"},\"image\":{\"@id\":\"https:\\\/\\\/hylajams.fi\\\/?page_id=7549#primaryimage\"},\"thumbnailUrl\":\"https:\\\/\\\/hylajams.fi\\\/wp-content\\\/uploads\\\/2023\\\/04\\\/nst-ja-emoji.png\",\"datePublished\":\"2024-04-13T21:31:37+00:00\",\"dateModified\":\"2026-02-23T19:06:14+00:00\",\"description\":\"HYLA NST ilman - ja huoneen puhdistusj\u00e4rjestelm\u00e4 - Hylan tarvikkeet ja huolto - parhaat osat Hyla Jams Verkkokaupasta.\",\"breadcrumb\":{\"@id\":\"https:\\\/\\\/hylajams.fi\\\/?page_id=7549#breadcrumb\"},\"inLanguage\":\"fi\",\"potentialAction\":[{\"@type\":\"ReadAction\",\"target\":[\"https:\\\/\\\/hylajams.fi\\\/?page_id=7549\"]}]},{\"@type\":\"ImageObject\",\"inLanguage\":\"fi\",\"@id\":\"https:\\\/\\\/hylajams.fi\\\/?page_id=7549#primaryimage\",\"url\":\"https:\\\/\\\/hylajams.fi\\\/wp-content\\\/uploads\\\/2023\\\/04\\\/nst-ja-emoji.png\",\"contentUrl\":\"https:\\\/\\\/hylajams.fi\\\/wp-content\\\/uploads\\\/2023\\\/04\\\/nst-ja-emoji.png\",\"width\":600,\"height\":600},{\"@type\":\"BreadcrumbList\",\"@id\":\"https:\\\/\\\/hylajams.fi\\\/?page_id=7549#breadcrumb\",\"itemListElement\":[{\"@type\":\"ListItem\",\"position\":1,\"name\":\"Etusivu\",\"item\":\"https:\\\/\\\/hylajams.fi\\\/\"},{\"@type\":\"ListItem\",\"position\":2,\"name\":\"HYLA NST\"}]},{\"@type\":\"WebSite\",\"@id\":\"https:\\\/\\\/hylajams.fi\\\/#website\",\"url\":\"https:\\\/\\\/hylajams.fi\\\/\",\"name\":\"Hyla Jams Verkkokauppa\",\"description\":\"Hyla ilman- ja huoneen puhdistusj\u00e4rjestelm\u00e4 Suomessa\",\"publisher\":{\"@id\":\"https:\\\/\\\/hylajams.fi\\\/#organization\"},\"potentialAction\":[{\"@type\":\"SearchAction\",\"target\":{\"@type\":\"EntryPoint\",\"urlTemplate\":\"https:\\\/\\\/hylajams.fi\\\/?s={search_term_string}\"},\"query-input\":{\"@type\":\"PropertyValueSpecification\",\"valueRequired\":true,\"valueName\":\"search_term_string\"}}],\"inLanguage\":\"fi\"},{\"@type\":\"Organization\",\"@id\":\"https:\\\/\\\/hylajams.fi\\\/#organization\",\"name\":\"Hyla Jams Verkkokauppa\",\"url\":\"https:\\\/\\\/hylajams.fi\\\/\",\"logo\":{\"@type\":\"ImageObject\",\"inLanguage\":\"fi\",\"@id\":\"https:\\\/\\\/hylajams.fi\\\/#\\\/schema\\\/logo\\\/image\\\/\",\"url\":\"https:\\\/\\\/hylajams.fi\\\/wp-content\\\/uploads\\\/2025\\\/02\\\/Logo-1-2.jpg\",\"contentUrl\":\"https:\\\/\\\/hylajams.fi\\\/wp-content\\\/uploads\\\/2025\\\/02\\\/Logo-1-2.jpg\",\"width\":500,\"height\":500,\"caption\":\"Hyla Jams Verkkokauppa\"},\"image\":{\"@id\":\"https:\\\/\\\/hylajams.fi\\\/#\\\/schema\\\/logo\\\/image\\\/\"},\"sameAs\":[\"https:\\\/\\\/www.instagram.com\\\/hylasiivous\\\/\"]}]}<\/script>\n<!-- \/ Yoast SEO plugin. -->","yoast_head_json":{"title":"HYLA NST ilman - ja huoneen puhdistusj\u00e4rjestelm\u00e4","description":"HYLA NST ilman - ja huoneen puhdistusj\u00e4rjestelm\u00e4 - Hylan tarvikkeet ja huolto - parhaat osat Hyla Jams Verkkokaupasta.","robots":{"index":"index","follow":"follow","max-snippet":"max-snippet:-1","max-image-preview":"max-image-preview:large","max-video-preview":"max-video-preview:-1"},"canonical":"https:\/\/hylajams.fi\/?page_id=7549","og_locale":"fi_FI","og_type":"article","og_title":"HYLA NST ilman - ja huoneen puhdistusj\u00e4rjestelm\u00e4","og_description":"HYLA NST ilman - ja huoneen puhdistusj\u00e4rjestelm\u00e4 - Hylan tarvikkeet ja huolto - parhaat osat Hyla Jams Verkkokaupasta.","og_url":"https:\/\/hylajams.fi\/?page_id=7549","og_site_name":"Hyla Jams Verkkokauppa","article_modified_time":"2026-02-23T19:06:14+00:00","og_image":[{"width":600,"height":600,"url":"https:\/\/hylajams.fi\/wp-content\/uploads\/2023\/04\/nst-ja-emoji.png","type":"image\/png"}],"twitter_card":"summary_large_image","twitter_misc":{"Arvioitu lukuaika":"5 minuuttia"},"schema":{"@context":"https:\/\/schema.org","@graph":[{"@type":"WebPage","@id":"https:\/\/hylajams.fi\/?page_id=7549","url":"https:\/\/hylajams.fi\/?page_id=7549","name":"HYLA NST ilman - ja huoneen puhdistusj\u00e4rjestelm\u00e4","isPartOf":{"@id":"https:\/\/hylajams.fi\/#website"},"primaryImageOfPage":{"@id":"https:\/\/hylajams.fi\/?page_id=7549#primaryimage"},"image":{"@id":"https:\/\/hylajams.fi\/?page_id=7549#primaryimage"},"thumbnailUrl":"https:\/\/hylajams.fi\/wp-content\/uploads\/2023\/04\/nst-ja-emoji.png","datePublished":"2024-04-13T21:31:37+00:00","dateModified":"2026-02-23T19:06:14+00:00","description":"HYLA NST ilman - ja huoneen puhdistusj\u00e4rjestelm\u00e4 - Hylan tarvikkeet ja huolto - parhaat osat Hyla Jams Verkkokaupasta.","breadcrumb":{"@id":"https:\/\/hylajams.fi\/?page_id=7549#breadcrumb"},"inLanguage":"fi","potentialAction":[{"@type":"ReadAction","target":["https:\/\/hylajams.fi\/?page_id=7549"]}]},{"@type":"ImageObject","inLanguage":"fi","@id":"https:\/\/hylajams.fi\/?page_id=7549#primaryimage","url":"https:\/\/hylajams.fi\/wp-content\/uploads\/2023\/04\/nst-ja-emoji.png","contentUrl":"https:\/\/hylajams.fi\/wp-content\/uploads\/2023\/04\/nst-ja-emoji.png","width":600,"height":600},{"@type":"BreadcrumbList","@id":"https:\/\/hylajams.fi\/?page_id=7549#breadcrumb","itemListElement":[{"@type":"ListItem","position":1,"name":"Etusivu","item":"https:\/\/hylajams.fi\/"},{"@type":"ListItem","position":2,"name":"HYLA NST"}]},{"@type":"WebSite","@id":"https:\/\/hylajams.fi\/#website","url":"https:\/\/hylajams.fi\/","name":"Hyla Jams Verkkokauppa","description":"Hyla ilman- ja huoneen puhdistusj\u00e4rjestelm\u00e4 Suomessa","publisher":{"@id":"https:\/\/hylajams.fi\/#organization"},"potentialAction":[{"@type":"SearchAction","target":{"@type":"EntryPoint","urlTemplate":"https:\/\/hylajams.fi\/?s={search_term_string}"},"query-input":{"@type":"PropertyValueSpecification","valueRequired":true,"valueName":"search_term_string"}}],"inLanguage":"fi"},{"@type":"Organization","@id":"https:\/\/hylajams.fi\/#organization","name":"Hyla Jams Verkkokauppa","url":"https:\/\/hylajams.fi\/","logo":{"@type":"ImageObject","inLanguage":"fi","@id":"https:\/\/hylajams.fi\/#\/schema\/logo\/image\/","url":"https:\/\/hylajams.fi\/wp-content\/uploads\/2025\/02\/Logo-1-2.jpg","contentUrl":"https:\/\/hylajams.fi\/wp-content\/uploads\/2025\/02\/Logo-1-2.jpg","width":500,"height":500,"caption":"Hyla Jams Verkkokauppa"},"image":{"@id":"https:\/\/hylajams.fi\/#\/schema\/logo\/image\/"},"sameAs":["https:\/\/www.instagram.com\/hylasiivous\/"]}]}},"_links":{"self":[{"href":"https:\/\/hylajams.fi\/index.php?rest_route=\/wp\/v2\/pages\/7549","targetHints":{"allow":["GET"]}}],"collection":[{"href":"https:\/\/hylajams.fi\/index.php?rest_route=\/wp\/v2\/pages"}],"about":[{"href":"https:\/\/hylajams.fi\/index.php?rest_route=\/wp\/v2\/types\/page"}],"author":[{"embeddable":true,"href":"https:\/\/hylajams.fi\/index.php?rest_route=\/wp\/v2\/users\/2"}],"replies":[{"embeddable":true,"href":"https:\/\/hylajams.fi\/index.php?rest_route=%2Fwp%2Fv2%2Fcomments&post=7549"}],"version-history":[{"count":36,"href":"https:\/\/hylajams.fi\/index.php?rest_route=\/wp\/v2\/pages\/7549\/revisions"}],"predecessor-version":[{"id":12894,"href":"https:\/\/hylajams.fi\/index.php?rest_route=\/wp\/v2\/pages\/7549\/revisions\/12894"}],"wp:attachment":[{"href":"https:\/\/hylajams.fi\/index.php?rest_route=%2Fwp%2Fv2%2Fmedia&parent=7549"}],"curies":[{"name":"wp","href":"https:\/\/api.w.org\/{rel}","templated":true}]}}