{"id":7538,"date":"2024-04-14T00:39:37","date_gmt":"2024-04-13T21:39:37","guid":{"rendered":"https:\/\/hylajams.fi\/?page_id=7538"},"modified":"2026-02-25T00:03:43","modified_gmt":"2026-02-24T22:03:43","slug":"gst-ilman-ja-huoneen-puhdistusjarjestelma","status":"publish","type":"page","link":"https:\/\/hylajams.fi\/?page_id=7538","title":{"rendered":"HYLA GST"},"content":{"rendered":"\n<p><\/p>\n\n\n\n<p><\/p>\n\n\n\n<p class=\"has-black-color has-text-color has-background has-link-color wp-elements-0e3f2755962e6dab4d70ff0b36a57b6a\" style=\"background-color:#e6f7f9\"><strong><a href=\"https:\/\/hylajams.fi\/?product_cat=gst\" data-type=\"link\" data-id=\"https:\/\/hylajams.fi\/?product_cat=gst\">T\u00c4ST\u00c4 HYLA GST TUOTTEIDEN JA VARAOSIEN VERKKOKAUPPAAN<\/a><\/strong><\/p>\n\n\n\n<p><\/p>\n\n\n\n<h2 class=\"wp-block-heading\"><strong>HYLA GST<\/strong><\/h2>\n\n\n\n<p><\/p>\n\n\n\n<p>GST-ilman- ja huoneenpuhdistusj\u00e4rjestelm\u00e4<\/p>\n\n\n\n<p><\/p>\n\n\n\n<figure class=\"wp-block-image size-large\"><img fetchpriority=\"high\" decoding=\"async\" width=\"1024\" height=\"576\" src=\"https:\/\/hylajams.fi\/wp-content\/uploads\/2026\/02\/Hyla-GST-moottori-1024x576.jpg\" alt=\"GST-ilman- ja huoneenpuhdistusj\u00e4rjestelm\u00e4\" class=\"wp-image-12869\" srcset=\"https:\/\/hylajams.fi\/wp-content\/uploads\/2026\/02\/Hyla-GST-moottori-1024x576.jpg 1024w, https:\/\/hylajams.fi\/wp-content\/uploads\/2026\/02\/Hyla-GST-moottori-300x169.jpg 300w, https:\/\/hylajams.fi\/wp-content\/uploads\/2026\/02\/Hyla-GST-moottori-768x432.jpg 768w, https:\/\/hylajams.fi\/wp-content\/uploads\/2026\/02\/Hyla-GST-moottori-600x338.jpg 600w, https:\/\/hylajams.fi\/wp-content\/uploads\/2026\/02\/Hyla-GST-moottori.jpg 1200w\" sizes=\"(max-width: 1024px) 100vw, 1024px\" \/><figcaption class=\"wp-element-caption\">Hyla GST<\/figcaption><\/figure>\n\n\n\n<p><\/p>\n\n\n\n<h2 class=\"wp-block-heading\">Vesiastia<\/h2>\n\n\n\n<p><\/p>\n\n\n\n<div class=\"wp-block-media-text is-stacked-on-mobile has-background\" style=\"background-color:#e6f7f9\"><figure class=\"wp-block-media-text__media\"><img decoding=\"async\" width=\"574\" height=\"417\" src=\"https:\/\/hylajams.fi\/wp-content\/uploads\/2024\/04\/31500-veden-kaato.png\" alt=\"GST-ilman- ja huoneenpuhdistusj\u00e4rjestelm\u00e4\" class=\"wp-image-7539 size-full\" srcset=\"https:\/\/hylajams.fi\/wp-content\/uploads\/2024\/04\/31500-veden-kaato.png 574w, https:\/\/hylajams.fi\/wp-content\/uploads\/2024\/04\/31500-veden-kaato-300x218.png 300w\" sizes=\"(max-width: 574px) 100vw, 574px\" \/><\/figure><div class=\"wp-block-media-text__content\">\n<p>GST-ilman- ja huoneenpuhdistusj\u00e4rjestelm\u00e4 -malli toi mahtavia uudistuksia edelliseen Hyla NST -malliin verrattuna. GST sai lis\u00e4\u00e4 tehoa ja turvallisuutta, uuden muotoilun ja sangallisen vesiastian sek\u00e4 rullakon, my\u00f6s teknisesti uusia erilaisia toimintoja mm. ilmanpuhdistuksen aikakytkin.<br><br>Sangallisen vesiastian etuna on sen eritt\u00e4in helppo k\u00e4sittely, puhdistaminen ja kest\u00e4vyys. T\u00e4m\u00e4 k\u00e4yt\u00e4nn\u00f6llinen vesiastia on my\u00f6s Hyla EST -mallissa. <br><\/p>\n<\/div><\/div>\n\n\n\n<p><\/p>\n\n\n\n<h2 class=\"wp-block-heading\">Rullakko<\/h2>\n\n\n\n<p><\/p>\n\n\n\n<div class=\"wp-block-media-text has-media-on-the-right is-stacked-on-mobile has-background\" style=\"background-color:#e6f7f9\"><div class=\"wp-block-media-text__content\">\n<p>Hyla GST:n rullakon muotoilu on saanut uusia ulottuvuuksia, tarjoten entist\u00e4kin toimivamman v\u00e4lineiden s\u00e4ilytyksen ja parannellun rullausmekanismin.<br><br>Hyla GST voidaan huoltaa t\u00e4ysin kuntoon, jos Hylalle sattuu jotain tai alkaa ilmet\u00e4 kulumisesta aiheutuvia vikoja.<\/p>\n\n\n\n<div class=\"wp-block-buttons is-layout-flex wp-block-buttons-is-layout-flex\">\n<div class=\"wp-block-button\"><a class=\"wp-block-button__link has-white-color has-vivid-cyan-blue-background-color has-text-color has-background has-link-color wp-element-button\" href=\"https:\/\/hylajams.fi\/?page_id=1668\"><strong>Lue tarkemmin Hyla huollosta<\/strong><\/a><\/div>\n<\/div>\n<\/div><figure class=\"wp-block-media-text__media\"><img decoding=\"async\" width=\"507\" height=\"506\" src=\"https:\/\/hylajams.fi\/wp-content\/uploads\/2024\/01\/Rullakko13.png\" alt=\"GST-ilman- ja huoneenpuhdistusj\u00e4rjestelm\u00e4\" class=\"wp-image-6549 size-full\" srcset=\"https:\/\/hylajams.fi\/wp-content\/uploads\/2024\/01\/Rullakko13.png 507w, https:\/\/hylajams.fi\/wp-content\/uploads\/2024\/01\/Rullakko13-300x300.png 300w, https:\/\/hylajams.fi\/wp-content\/uploads\/2024\/01\/Rullakko13-150x150.png 150w, https:\/\/hylajams.fi\/wp-content\/uploads\/2024\/01\/Rullakko13-100x100.png 100w\" sizes=\"(max-width: 507px) 100vw, 507px\" \/><\/figure><\/div>\n\n\n\n<p><\/p>\n\n\n\n<figure class=\"wp-block-gallery has-nested-images columns-default is-cropped is-style-rectangular has-background wp-block-gallery-1 is-layout-flex wp-block-gallery-is-layout-flex\" style=\"background-color:#e6f7f9\">\n<figure class=\"wp-block-image size-large\"><a href=\"https:\/\/hylajams.fi\/?product=30200-hyla-gst-ilman-ja-huoneen-puhdistusjarjestelma-ei-sahkomoottoriharjaa-talvi\"><img loading=\"lazy\" decoding=\"async\" width=\"502\" height=\"507\" data-id=\"6547\" src=\"https:\/\/hylajams.fi\/wp-content\/uploads\/2024\/01\/gst3.png\" alt=\"GST-ilman- ja huoneenpuhdistusj\u00e4rjestelm\u00e4\" class=\"wp-image-6547\" srcset=\"https:\/\/hylajams.fi\/wp-content\/uploads\/2024\/01\/gst3.png 502w, https:\/\/hylajams.fi\/wp-content\/uploads\/2024\/01\/gst3-297x300.png 297w, https:\/\/hylajams.fi\/wp-content\/uploads\/2024\/01\/gst3-150x150.png 150w, https:\/\/hylajams.fi\/wp-content\/uploads\/2024\/01\/gst3-100x100.png 100w\" sizes=\"(max-width: 502px) 100vw, 502px\" \/><\/a><\/figure>\n\n\n\n<figure class=\"wp-block-image size-large\"><img loading=\"lazy\" decoding=\"async\" width=\"500\" height=\"475\" data-id=\"3232\" src=\"https:\/\/hylajams.fi\/wp-content\/uploads\/2021\/12\/Hyla-GST-paketti2.jpeg\" alt=\"GST-ilman- ja huoneenpuhdistusj\u00e4rjestelm\u00e4\" class=\"wp-image-3232\" srcset=\"https:\/\/hylajams.fi\/wp-content\/uploads\/2021\/12\/Hyla-GST-paketti2.jpeg 500w, https:\/\/hylajams.fi\/wp-content\/uploads\/2021\/12\/Hyla-GST-paketti2-300x285.jpeg 300w\" sizes=\"(max-width: 500px) 100vw, 500px\" \/><\/figure>\n\n\n\n<figure class=\"wp-block-image size-large\"><img loading=\"lazy\" decoding=\"async\" width=\"499\" height=\"424\" data-id=\"7530\" src=\"https:\/\/hylajams.fi\/wp-content\/uploads\/2024\/04\/Certificatit.png\" alt=\"GST-ilman- ja huoneenpuhdistusj\u00e4rjestelm\u00e4\" class=\"wp-image-7530\" srcset=\"https:\/\/hylajams.fi\/wp-content\/uploads\/2024\/04\/Certificatit.png 499w, https:\/\/hylajams.fi\/wp-content\/uploads\/2024\/04\/Certificatit-300x255.png 300w\" sizes=\"(max-width: 499px) 100vw, 499px\" \/><\/figure>\n\n\n\n<figure class=\"wp-block-image size-large\"><img loading=\"lazy\" decoding=\"async\" width=\"597\" height=\"594\" data-id=\"7175\" src=\"https:\/\/hylajams.fi\/wp-content\/uploads\/2024\/02\/30200-kampanja1.png\" alt=\"\" class=\"wp-image-7175\" srcset=\"https:\/\/hylajams.fi\/wp-content\/uploads\/2024\/02\/30200-kampanja1.png 597w, https:\/\/hylajams.fi\/wp-content\/uploads\/2024\/02\/30200-kampanja1-300x298.png 300w, https:\/\/hylajams.fi\/wp-content\/uploads\/2024\/02\/30200-kampanja1-150x150.png 150w, https:\/\/hylajams.fi\/wp-content\/uploads\/2024\/02\/30200-kampanja1-100x100.png 100w\" sizes=\"(max-width: 597px) 100vw, 597px\" \/><\/figure>\n\n\n\n<figure class=\"wp-block-image size-large\"><a href=\"https:\/\/hylajams.fi\/?product=34302-sahkomoottoriharja-setti-gst-ventus-kokonaisuus\"><img loading=\"lazy\" decoding=\"async\" width=\"504\" height=\"510\" data-id=\"7540\" src=\"https:\/\/hylajams.fi\/wp-content\/uploads\/2024\/04\/sahkomoottorin-harja-setti.png\" alt=\"GST-ilman- ja huoneenpuhdistusj\u00e4rjestelm\u00e4\" class=\"wp-image-7540\" srcset=\"https:\/\/hylajams.fi\/wp-content\/uploads\/2024\/04\/sahkomoottorin-harja-setti.png 504w, https:\/\/hylajams.fi\/wp-content\/uploads\/2024\/04\/sahkomoottorin-harja-setti-296x300.png 296w, https:\/\/hylajams.fi\/wp-content\/uploads\/2024\/04\/sahkomoottorin-harja-setti-100x100.png 100w\" sizes=\"(max-width: 504px) 100vw, 504px\" \/><\/a><\/figure>\n\n\n\n<figure class=\"wp-block-image size-large\"><a href=\"https:\/\/hylajams.fi\/?product=35710-hyla-gst-nimbus-markapesuri-sarja-2\"><img loading=\"lazy\" decoding=\"async\" width=\"480\" height=\"540\" data-id=\"7541\" src=\"https:\/\/hylajams.fi\/wp-content\/uploads\/2024\/04\/GST-Markapesuri.jpg\" alt=\"\" class=\"wp-image-7541\" srcset=\"https:\/\/hylajams.fi\/wp-content\/uploads\/2024\/04\/GST-Markapesuri.jpg 480w, https:\/\/hylajams.fi\/wp-content\/uploads\/2024\/04\/GST-Markapesuri-267x300.jpg 267w\" sizes=\"(max-width: 480px) 100vw, 480px\" \/><\/a><\/figure>\n<\/figure>\n\n\n\n<p><\/p>\n\n\n\n<h2 class=\"wp-block-heading\"><strong>HYLA GST HUOLTO<\/strong> &#8211; <strong>Pid\u00e4 Hyla toimintakunnossa<\/strong><\/h2>\n\n\n\n<p><\/p>\n\n\n\n<div class=\"wp-block-buttons is-layout-flex wp-block-buttons-is-layout-flex\">\n<div class=\"wp-block-button\"><a class=\"wp-block-button__link has-white-color has-vivid-cyan-blue-background-color has-text-color has-background has-link-color wp-element-button\" href=\"https:\/\/hylajams.fi\/?page_id=1668\"><strong>HYLA HUOLTO TIETOA<\/strong><\/a><\/div>\n<\/div>\n\n\n\n<p><\/p>\n\n\n\n<div class=\"wp-block-media-text is-stacked-on-mobile has-background\" style=\"background-color:#e6f7f9\"><figure class=\"wp-block-media-text__media\"><img loading=\"lazy\" decoding=\"async\" width=\"522\" height=\"531\" src=\"https:\/\/hylajams.fi\/wp-content\/uploads\/2024\/04\/huoltomies.jpg\" alt=\"\" class=\"wp-image-7551 size-full\" srcset=\"https:\/\/hylajams.fi\/wp-content\/uploads\/2024\/04\/huoltomies.jpg 522w, https:\/\/hylajams.fi\/wp-content\/uploads\/2024\/04\/huoltomies-295x300.jpg 295w\" sizes=\"(max-width: 522px) 100vw, 522px\" \/><\/figure><div class=\"wp-block-media-text__content\">\n<p><strong>T\u00c4YSHUOLTO<\/strong><br><br>Tarjoamme t\u00e4yshuoltopalvelua, joka palauttaa Hyla-imurin t\u00e4ysin toimintakuntoiseksi ja Hylan sis\u00e4osat ovat kuin uudessa laitteessa. Huolto kattaa vioittuneiden ja kuluneiden osien vaihdon, kuten uuden moottorin, hiilten vaihdon, sek\u00e4 Hyla-imurin perusteellisen puhdistuksen. Ennen Hylan palauttamista asiakkaalle suoritamme tarkistuksen ja testaamme sen toiminnot.<br><br>Huollossa on mahdollisuus samalla vaihdattaa 7,5 m s\u00e4hk\u00f6johto pidemp\u00e4\u00e4n 12 m s\u00e4hk\u00f6johtoon.<\/p>\n<\/div><\/div>\n\n\n\n<p><\/p>\n\n\n\n<div class=\"wp-block-buttons is-layout-flex wp-block-buttons-is-layout-flex\">\n<div class=\"wp-block-button\"><a class=\"wp-block-button__link has-white-color has-vivid-cyan-blue-background-color has-text-color has-background has-link-color has-medium-font-size has-custom-font-size wp-element-button\" href=\"https:\/\/hylajams.fi\/?page_id=1668\"><strong>LIS\u00c4TIETOA HUOLLOSTA<\/strong><\/a><\/div>\n<\/div>\n\n\n\n<p><\/p>\n\n\n\n<figure class=\"wp-block-embed is-type-wp-embed is-provider-hyla-jams-verkkokauppa wp-block-embed-hyla-jams-verkkokauppa\"><div class=\"wp-block-embed__wrapper\">\n<blockquote class=\"wp-embedded-content\" data-secret=\"cATZEXU0ZS\"><a href=\"https:\/\/hylajams.fi\/?p=2834\">HYLAN HISTORIA:<\/a><\/blockquote><iframe class=\"wp-embedded-content\" sandbox=\"allow-scripts\" security=\"restricted\" style=\"position: absolute; visibility: hidden;\" title=\"&#8221;HYLAN HISTORIA:&#8221; &#8212; Hyla Jams Verkkokauppa\" src=\"https:\/\/hylajams.fi\/?p=2834&#038;embed=true#?secret=RiA2shdgNv#?secret=cATZEXU0ZS\" data-secret=\"cATZEXU0ZS\" width=\"600\" height=\"338\" frameborder=\"0\" marginwidth=\"0\" marginheight=\"0\" scrolling=\"no\"><\/iframe>\n<\/div><figcaption class=\"wp-element-caption\"><a href=\"https:\/\/hylajams.fi\/?p=2834\" data-type=\"link\" data-id=\"https:\/\/hylajams.fi\/?p=2834\"><strong>LUE LIS\u00c4\u00c4 HISTORIASTA<\/strong><\/a><\/figcaption><\/figure>\n\n\n\n<p><\/p>\n\n\n\n<div class=\"wp-block-media-text is-stacked-on-mobile has-background\" style=\"background-color:#e6f7f9\"><figure class=\"wp-block-media-text__media\"><img loading=\"lazy\" decoding=\"async\" width=\"1024\" height=\"1024\" src=\"https:\/\/hylajams.fi\/wp-content\/uploads\/2024\/04\/Hylan-toimintaperiaate-1-1024x1024.jpg\" alt=\"\" class=\"wp-image-7527 size-full\" srcset=\"https:\/\/hylajams.fi\/wp-content\/uploads\/2024\/04\/Hylan-toimintaperiaate-1-1024x1024.jpg 1024w, https:\/\/hylajams.fi\/wp-content\/uploads\/2024\/04\/Hylan-toimintaperiaate-1-300x300.jpg 300w, https:\/\/hylajams.fi\/wp-content\/uploads\/2024\/04\/Hylan-toimintaperiaate-1-150x150.jpg 150w, https:\/\/hylajams.fi\/wp-content\/uploads\/2024\/04\/Hylan-toimintaperiaate-1-768x768.jpg 768w, https:\/\/hylajams.fi\/wp-content\/uploads\/2024\/04\/Hylan-toimintaperiaate-1-600x600.jpg 600w, https:\/\/hylajams.fi\/wp-content\/uploads\/2024\/04\/Hylan-toimintaperiaate-1-100x100.jpg 100w, https:\/\/hylajams.fi\/wp-content\/uploads\/2024\/04\/Hylan-toimintaperiaate-1.jpg 1080w\" sizes=\"(max-width: 1024px) 100vw, 1024px\" \/><\/figure><div class=\"wp-block-media-text__content\">\n<p><\/p>\n\n\n\n<p>GST-ilman- ja huoneenpuhdistusj\u00e4rjestelm\u00e4<\/p>\n\n\n\n<p>HYLA on maailman ainoa 100% vesipohjainen suodatin imuri ja ilmanpuhdistusj\u00e4rjestelm\u00e4, joka k\u00e4ytt\u00e4\u00e4 \u201cvedenerotin\u201d -tekniikkaa ilman erottamiseen vedest\u00e4. Ei p\u00f6lypusseja! Ei filttereit\u00e4! Vain 100% vett\u00e4. HYLAn -patentoitu itsepuhdistuva vedenerotin  poistaa hienon p\u00f6lyn, allergeenit, kaasut ja p\u00f6lypunkit imuroinnin aikana ja raikastaa huoneen ilmaa k\u00e4yt\u00f6n aikana. Suositellaan astmaatikoille ja allergikoille.<\/p>\n<\/div><\/div>\n\n\n\n<p><\/p>\n\n\n\n<pre class=\"wp-block-preformatted has-black-color has-text-color has-background has-link-color has-medium-font-size wp-elements-59f01d6357761a8c85a7a905ad0bd07d\" style=\"background-color:#e6f7f9\"><strong>Tekniset tiedot:<\/strong><\/pre>\n\n\n\n<p><\/p>\n\n\n\n<div class=\"wp-block-group\"><div class=\"wp-block-group__inner-container is-layout-constrained wp-block-group-is-layout-constrained\">\n<p class=\"has-background\" style=\"background-color:#e6f7f9\"><br><strong>GST-ilman- ja huoneenpuhdistusj\u00e4rjestelm\u00e4 \u2013 tekniset tiedot<\/strong><br><br>\u2022 Huoltovapaa rakenne \u2013 vesisuodatukseen perustuva j\u00e4rjestelm\u00e4 ilman vaihdettavia suodattimia<br>\u2022 Saksalainen tekniikka \u2013 k\u00e4sin koottu ja tarkasti valmistettu<br>\u2022 5 vuoden valmistajan takuu moottoriyksik\u00f6lle<br>\u2022 Pitk\u00e4 k\u00e4ytt\u00f6ik\u00e4 \u2013 suunniteltu kest\u00e4m\u00e4\u00e4n v\u00e4hint\u00e4\u00e4n 15 vuotta<br>\u2022 Varaosien ja lis\u00e4varusteiden elinik\u00e4inen saatavuus<br>\u2022 Et\u00e4k\u00e4ytt\u00e4j\u00e4koulutus saatavilla pyynn\u00f6st\u00e4<br>\u2022 ISO 9001 -sertifioitu laatuj\u00e4rjestelm\u00e4<br>\u2022 Maailmanlaajuisesti patentoitu separaattoriteknologia \u2013 itsepuhdistuva separaattori<br>\u2022 Sveitsin allergialiiton hyv\u00e4ksynt\u00e4<br>\u2022 SIMA VERIFIED -merkint\u00e4 (Italian ymp\u00e4rist\u00f6l\u00e4\u00e4ketieteen yhdistys)<br><br><strong>Tekniset ominaisuudet:<\/strong><br>\u2022 Separaattorin py\u00f6rimisnopeus: 25 000 kierrosta\/min<br>\u2022 Nimellisteho: 850 W<br>\u2022 Paino (ilman lis\u00e4varusteita): 5,5 kg<br>\u2022 Mitat: 36 \u00d7 36 \u00d7 56 cm<br>\u2022 Vesis\u00e4ili\u00f6n tilavuus: 4 litraa<br>\u2022 Liit\u00e4nt\u00e4kaapelin pituus: 7,5 m<br>\u2022 Ilmanpuhdistuskapasiteetti: 2,5 m\u00b3\/min<br><\/p>\n<\/div><\/div>\n\n\n\n<p><\/p>\n\n\n\n<div data-wp-interactive=\"core\/file\" class=\"wp-block-file has-background\" style=\"background-color:#e6f7f9\"><object data-wp-bind--hidden=\"!state.hasPdfPreview\" hidden class=\"wp-block-file__embed\" data=\"https:\/\/hylajams.fi\/wp-content\/uploads\/2024\/04\/UUSI-hyla-GST-ohjekirja.pdf\" type=\"application\/pdf\" style=\"width:100%;height:600px\" aria-label=\"Tiedoston UUSI-hyla-GST-ohjekirja upotus.\"><\/object><a id=\"wp-block-file--media-531e7c0b-8491-495a-83cf-0cc1be647e18\" href=\"https:\/\/hylajams.fi\/wp-content\/uploads\/2024\/04\/UUSI-hyla-GST-ohjekirja.pdf\">UUSI-hyla-GST-ohjekirja<\/a><a href=\"https:\/\/hylajams.fi\/wp-content\/uploads\/2024\/04\/UUSI-hyla-GST-ohjekirja.pdf\" class=\"wp-block-file__button wp-element-button\" download aria-describedby=\"wp-block-file--media-531e7c0b-8491-495a-83cf-0cc1be647e18\">Lataa<\/a><\/div>\n\n\n\n<p><\/p>\n\n\n\n<p><\/p>\n","protected":false},"excerpt":{"rendered":"<p>T\u00c4ST\u00c4 HYLA GST TUOTTEIDEN JA VARAOSIEN VERKKOKAUPPAAN HYLA GST GST-ilman- ja huoneenpuhdistusj\u00e4rjestelm\u00e4 Vesiastia GST-ilman- ja huoneenpuhdistusj\u00e4rjestelm\u00e4 -malli toi mahtavia uudistuksia edelliseen Hyla NST -malliin verrattuna. GST sai lis\u00e4\u00e4 tehoa ja<a href=\"https:\/\/hylajams.fi\/?page_id=7538\" class=\"d-block breadmore\">Lue lis\u00e4\u00e4<\/a><\/p>\n","protected":false},"author":2,"featured_media":0,"parent":0,"menu_order":0,"comment_status":"closed","ping_status":"closed","template":"","meta":{"footnotes":""},"class_list":["post-7538","page","type-page","status-publish","hentry","_wholesalex wsx-wholesalex-product"],"yoast_head":"<!-- This site is optimized with the Yoast SEO plugin v27.3 - https:\/\/yoast.com\/product\/yoast-seo-wordpress\/ -->\n<title>GST-ilman- ja huoneenpuhdistusj\u00e4rjestelm\u00e4 | Hyla Jams<\/title>\n<meta name=\"description\" content=\"GST-ilman- ja huoneenpuhdistusj\u00e4rjestelm\u00e4 tarjoaa tehokasta ja kemikaalitonta puhdistusta kotiin ja arkeen.\" \/>\n<meta name=\"robots\" content=\"index, follow, max-snippet:-1, max-image-preview:large, max-video-preview:-1\" \/>\n<link rel=\"canonical\" href=\"https:\/\/hylajams.fi\/?page_id=7538\" \/>\n<meta property=\"og:locale\" content=\"fi_FI\" \/>\n<meta property=\"og:type\" content=\"article\" \/>\n<meta property=\"og:title\" content=\"GST-ilman- ja huoneenpuhdistusj\u00e4rjestelm\u00e4 | Hyla Jams\" \/>\n<meta property=\"og:description\" content=\"GST-ilman- ja huoneenpuhdistusj\u00e4rjestelm\u00e4 tarjoaa tehokasta ja kemikaalitonta puhdistusta kotiin ja arkeen.\" \/>\n<meta property=\"og:url\" content=\"https:\/\/hylajams.fi\/?page_id=7538\" \/>\n<meta property=\"og:site_name\" content=\"Hyla Jams Verkkokauppa\" \/>\n<meta property=\"article:modified_time\" content=\"2026-02-24T22:03:43+00:00\" \/>\n<meta property=\"og:image\" content=\"https:\/\/hylajams.fi\/wp-content\/uploads\/2026\/02\/Hyla-GST-moottori.jpg\" \/>\n\t<meta property=\"og:image:width\" content=\"1200\" \/>\n\t<meta property=\"og:image:height\" content=\"675\" \/>\n\t<meta property=\"og:image:type\" content=\"image\/jpeg\" \/>\n<meta name=\"twitter:card\" content=\"summary_large_image\" \/>\n<meta name=\"twitter:label1\" content=\"Arvioitu lukuaika\" \/>\n\t<meta name=\"twitter:data1\" content=\"5 minuuttia\" \/>\n<script type=\"application\/ld+json\" class=\"yoast-schema-graph\">{\"@context\":\"https:\\\/\\\/schema.org\",\"@graph\":[{\"@type\":\"WebPage\",\"@id\":\"https:\\\/\\\/hylajams.fi\\\/?page_id=7538\",\"url\":\"https:\\\/\\\/hylajams.fi\\\/?page_id=7538\",\"name\":\"GST-ilman- ja huoneenpuhdistusj\u00e4rjestelm\u00e4 | Hyla Jams\",\"isPartOf\":{\"@id\":\"https:\\\/\\\/hylajams.fi\\\/#website\"},\"primaryImageOfPage\":{\"@id\":\"https:\\\/\\\/hylajams.fi\\\/?page_id=7538#primaryimage\"},\"image\":{\"@id\":\"https:\\\/\\\/hylajams.fi\\\/?page_id=7538#primaryimage\"},\"thumbnailUrl\":\"https:\\\/\\\/hylajams.fi\\\/wp-content\\\/uploads\\\/2026\\\/02\\\/Hyla-GST-moottori-1024x576.jpg\",\"datePublished\":\"2024-04-13T21:39:37+00:00\",\"dateModified\":\"2026-02-24T22:03:43+00:00\",\"description\":\"GST-ilman- ja huoneenpuhdistusj\u00e4rjestelm\u00e4 tarjoaa tehokasta ja kemikaalitonta puhdistusta kotiin ja arkeen.\",\"breadcrumb\":{\"@id\":\"https:\\\/\\\/hylajams.fi\\\/?page_id=7538#breadcrumb\"},\"inLanguage\":\"fi\",\"potentialAction\":[{\"@type\":\"ReadAction\",\"target\":[\"https:\\\/\\\/hylajams.fi\\\/?page_id=7538\"]}]},{\"@type\":\"ImageObject\",\"inLanguage\":\"fi\",\"@id\":\"https:\\\/\\\/hylajams.fi\\\/?page_id=7538#primaryimage\",\"url\":\"https:\\\/\\\/hylajams.fi\\\/wp-content\\\/uploads\\\/2026\\\/02\\\/Hyla-GST-moottori.jpg\",\"contentUrl\":\"https:\\\/\\\/hylajams.fi\\\/wp-content\\\/uploads\\\/2026\\\/02\\\/Hyla-GST-moottori.jpg\",\"width\":1200,\"height\":675,\"caption\":\"Hyla GST\"},{\"@type\":\"BreadcrumbList\",\"@id\":\"https:\\\/\\\/hylajams.fi\\\/?page_id=7538#breadcrumb\",\"itemListElement\":[{\"@type\":\"ListItem\",\"position\":1,\"name\":\"Etusivu\",\"item\":\"https:\\\/\\\/hylajams.fi\\\/\"},{\"@type\":\"ListItem\",\"position\":2,\"name\":\"HYLA GST\"}]},{\"@type\":\"WebSite\",\"@id\":\"https:\\\/\\\/hylajams.fi\\\/#website\",\"url\":\"https:\\\/\\\/hylajams.fi\\\/\",\"name\":\"Hyla Jams Verkkokauppa\",\"description\":\"Hyla ilman- ja huoneen puhdistusj\u00e4rjestelm\u00e4 Suomessa\",\"publisher\":{\"@id\":\"https:\\\/\\\/hylajams.fi\\\/#organization\"},\"potentialAction\":[{\"@type\":\"SearchAction\",\"target\":{\"@type\":\"EntryPoint\",\"urlTemplate\":\"https:\\\/\\\/hylajams.fi\\\/?s={search_term_string}\"},\"query-input\":{\"@type\":\"PropertyValueSpecification\",\"valueRequired\":true,\"valueName\":\"search_term_string\"}}],\"inLanguage\":\"fi\"},{\"@type\":\"Organization\",\"@id\":\"https:\\\/\\\/hylajams.fi\\\/#organization\",\"name\":\"Hyla Jams Verkkokauppa\",\"url\":\"https:\\\/\\\/hylajams.fi\\\/\",\"logo\":{\"@type\":\"ImageObject\",\"inLanguage\":\"fi\",\"@id\":\"https:\\\/\\\/hylajams.fi\\\/#\\\/schema\\\/logo\\\/image\\\/\",\"url\":\"https:\\\/\\\/hylajams.fi\\\/wp-content\\\/uploads\\\/2025\\\/02\\\/Logo-1-2.jpg\",\"contentUrl\":\"https:\\\/\\\/hylajams.fi\\\/wp-content\\\/uploads\\\/2025\\\/02\\\/Logo-1-2.jpg\",\"width\":500,\"height\":500,\"caption\":\"Hyla Jams Verkkokauppa\"},\"image\":{\"@id\":\"https:\\\/\\\/hylajams.fi\\\/#\\\/schema\\\/logo\\\/image\\\/\"},\"sameAs\":[\"https:\\\/\\\/www.instagram.com\\\/hylasiivous\\\/\"]}]}<\/script>\n<!-- \/ Yoast SEO plugin. -->","yoast_head_json":{"title":"GST-ilman- ja huoneenpuhdistusj\u00e4rjestelm\u00e4 | Hyla Jams","description":"GST-ilman- ja huoneenpuhdistusj\u00e4rjestelm\u00e4 tarjoaa tehokasta ja kemikaalitonta puhdistusta kotiin ja arkeen.","robots":{"index":"index","follow":"follow","max-snippet":"max-snippet:-1","max-image-preview":"max-image-preview:large","max-video-preview":"max-video-preview:-1"},"canonical":"https:\/\/hylajams.fi\/?page_id=7538","og_locale":"fi_FI","og_type":"article","og_title":"GST-ilman- ja huoneenpuhdistusj\u00e4rjestelm\u00e4 | Hyla Jams","og_description":"GST-ilman- ja huoneenpuhdistusj\u00e4rjestelm\u00e4 tarjoaa tehokasta ja kemikaalitonta puhdistusta kotiin ja arkeen.","og_url":"https:\/\/hylajams.fi\/?page_id=7538","og_site_name":"Hyla Jams Verkkokauppa","article_modified_time":"2026-02-24T22:03:43+00:00","og_image":[{"width":1200,"height":675,"url":"https:\/\/hylajams.fi\/wp-content\/uploads\/2026\/02\/Hyla-GST-moottori.jpg","type":"image\/jpeg"}],"twitter_card":"summary_large_image","twitter_misc":{"Arvioitu lukuaika":"5 minuuttia"},"schema":{"@context":"https:\/\/schema.org","@graph":[{"@type":"WebPage","@id":"https:\/\/hylajams.fi\/?page_id=7538","url":"https:\/\/hylajams.fi\/?page_id=7538","name":"GST-ilman- ja huoneenpuhdistusj\u00e4rjestelm\u00e4 | Hyla Jams","isPartOf":{"@id":"https:\/\/hylajams.fi\/#website"},"primaryImageOfPage":{"@id":"https:\/\/hylajams.fi\/?page_id=7538#primaryimage"},"image":{"@id":"https:\/\/hylajams.fi\/?page_id=7538#primaryimage"},"thumbnailUrl":"https:\/\/hylajams.fi\/wp-content\/uploads\/2026\/02\/Hyla-GST-moottori-1024x576.jpg","datePublished":"2024-04-13T21:39:37+00:00","dateModified":"2026-02-24T22:03:43+00:00","description":"GST-ilman- ja huoneenpuhdistusj\u00e4rjestelm\u00e4 tarjoaa tehokasta ja kemikaalitonta puhdistusta kotiin ja arkeen.","breadcrumb":{"@id":"https:\/\/hylajams.fi\/?page_id=7538#breadcrumb"},"inLanguage":"fi","potentialAction":[{"@type":"ReadAction","target":["https:\/\/hylajams.fi\/?page_id=7538"]}]},{"@type":"ImageObject","inLanguage":"fi","@id":"https:\/\/hylajams.fi\/?page_id=7538#primaryimage","url":"https:\/\/hylajams.fi\/wp-content\/uploads\/2026\/02\/Hyla-GST-moottori.jpg","contentUrl":"https:\/\/hylajams.fi\/wp-content\/uploads\/2026\/02\/Hyla-GST-moottori.jpg","width":1200,"height":675,"caption":"Hyla GST"},{"@type":"BreadcrumbList","@id":"https:\/\/hylajams.fi\/?page_id=7538#breadcrumb","itemListElement":[{"@type":"ListItem","position":1,"name":"Etusivu","item":"https:\/\/hylajams.fi\/"},{"@type":"ListItem","position":2,"name":"HYLA GST"}]},{"@type":"WebSite","@id":"https:\/\/hylajams.fi\/#website","url":"https:\/\/hylajams.fi\/","name":"Hyla Jams Verkkokauppa","description":"Hyla ilman- ja huoneen puhdistusj\u00e4rjestelm\u00e4 Suomessa","publisher":{"@id":"https:\/\/hylajams.fi\/#organization"},"potentialAction":[{"@type":"SearchAction","target":{"@type":"EntryPoint","urlTemplate":"https:\/\/hylajams.fi\/?s={search_term_string}"},"query-input":{"@type":"PropertyValueSpecification","valueRequired":true,"valueName":"search_term_string"}}],"inLanguage":"fi"},{"@type":"Organization","@id":"https:\/\/hylajams.fi\/#organization","name":"Hyla Jams Verkkokauppa","url":"https:\/\/hylajams.fi\/","logo":{"@type":"ImageObject","inLanguage":"fi","@id":"https:\/\/hylajams.fi\/#\/schema\/logo\/image\/","url":"https:\/\/hylajams.fi\/wp-content\/uploads\/2025\/02\/Logo-1-2.jpg","contentUrl":"https:\/\/hylajams.fi\/wp-content\/uploads\/2025\/02\/Logo-1-2.jpg","width":500,"height":500,"caption":"Hyla Jams Verkkokauppa"},"image":{"@id":"https:\/\/hylajams.fi\/#\/schema\/logo\/image\/"},"sameAs":["https:\/\/www.instagram.com\/hylasiivous\/"]}]}},"_links":{"self":[{"href":"https:\/\/hylajams.fi\/index.php?rest_route=\/wp\/v2\/pages\/7538","targetHints":{"allow":["GET"]}}],"collection":[{"href":"https:\/\/hylajams.fi\/index.php?rest_route=\/wp\/v2\/pages"}],"about":[{"href":"https:\/\/hylajams.fi\/index.php?rest_route=\/wp\/v2\/types\/page"}],"author":[{"embeddable":true,"href":"https:\/\/hylajams.fi\/index.php?rest_route=\/wp\/v2\/users\/2"}],"replies":[{"embeddable":true,"href":"https:\/\/hylajams.fi\/index.php?rest_route=%2Fwp%2Fv2%2Fcomments&post=7538"}],"version-history":[{"count":20,"href":"https:\/\/hylajams.fi\/index.php?rest_route=\/wp\/v2\/pages\/7538\/revisions"}],"predecessor-version":[{"id":13005,"href":"https:\/\/hylajams.fi\/index.php?rest_route=\/wp\/v2\/pages\/7538\/revisions\/13005"}],"wp:attachment":[{"href":"https:\/\/hylajams.fi\/index.php?rest_route=%2Fwp%2Fv2%2Fmedia&parent=7538"}],"curies":[{"name":"wp","href":"https:\/\/api.w.org\/{rel}","templated":true}]}}