{"id":5940,"date":"2023-10-19T01:19:49","date_gmt":"2023-10-18T22:19:49","guid":{"rendered":"https:\/\/hylajams.fi\/?page_id=5940"},"modified":"2026-03-27T20:05:04","modified_gmt":"2026-03-27T18:05:04","slug":"mokkien-syksy-ja-kevat-siivous","status":"publish","type":"page","link":"https:\/\/hylajams.fi\/?page_id=5940","title":{"rendered":"M\u00f6kkien syksy- ja kev\u00e4tsiivous \u2013 helposti ja tehokkaasti"},"content":{"rendered":"\n<p><\/p>\n\n\n\n<h2 class=\"wp-block-heading\">M\u00f6kkien syksy- ja kev\u00e4tsiivous<\/h2>\n\n\n\n<p><\/p>\n\n\n\n<p class=\"has-background\" style=\"background-color:#e6f7f9\">M\u00f6kin siivous syksyisin ja kev\u00e4isin on eritt\u00e4in t\u00e4rke\u00e4\u00e4 varsinkin kev\u00e4\u00e4ll\u00e4.<br><br>M\u00f6kkien syksy- ja kev\u00e4tsiivous ennen talvea tai pitk\u00e4n talven j\u00e4lkeen voi tuntua ty\u00f6l\u00e4\u00e4lt\u00e4, mutta oikeilla v\u00e4lineill\u00e4 se sujuu yll\u00e4tt\u00e4v\u00e4n helposti. HYLA-vesip\u00f6lynimurin avulla siivous onnistuu tehokkaasti ilman p\u00f6lyn levi\u00e4mist\u00e4 sis\u00e4ilmaan. Oikea ajoitus takaa, ett\u00e4 m\u00f6kkien syksy- ja kev\u00e4tsiivous sujuu vaivattomasti ja tilat pysyv\u00e4t ongelmattomina.<br><br>Syksyll\u00e4 lehdet, hiekka ja neulaset kulkeutuvat sis\u00e4lle, ja h\u00e4m\u00e4h\u00e4kinverkot sek\u00e4 hy\u00f6nteiset asettuvat helposti m\u00f6kin ja talon nurkkiin. Kev\u00e4\u00e4ll\u00e4 vastassa ovat talven aikana kertynyt p\u00f6ly, tunkkainen ilma ja erilaiset ep\u00e4puhtaudet pinnoilla ja tekstiileiss\u00e4.<br><br>HYLA sitoo p\u00f6lyn ja lian veteen, mik\u00e4 tekee siivouksesta hygieenist\u00e4 ja miellytt\u00e4v\u00e4\u00e4 \u2013 erityisesti tiloissa, joissa ei ole k\u00e4yty pitk\u00e4\u00e4n aikaan.<br><br>\ud83d\udc49 Katso alla oleva siivousvideo, jossa m\u00f6kki siivotaan tilanteessa, jossa edellisest\u00e4 siivouksesta on kulunut aikaa. Video antaa konkreettisen kuvan siit\u00e4, miten helposti ja monipuolisesti HYLAa voi hy\u00f6dynt\u00e4\u00e4 m\u00f6kin syys- ja kev\u00e4tsiivouksessa.<\/p>\n\n\n\n<p><\/p>\n\n\n\n<h4 class=\"wp-block-heading\">\ud83c\udfa5 M\u00f6kin perusteellinen siivous pitk\u00e4n tauon j\u00e4lkeen<\/h4>\n\n\n\n<p><\/p>\n\n\n\n<h2 class=\"wp-block-heading\">Klikkaa kuvaa ja katso kuinka h\u00e4m\u00e4h\u00e4kin verkot sujahtavat Hylan vesiastiaan<\/h2>\n\n\n\n<p><\/p>\n\n\n\n<p class=\"has-background\" style=\"background-color:#e6f7f9\">\ud83d\udc49 Katso siivousvideo alla (klikkaa &#8221;Kev\u00e4t- ja syyssiivous &#8230; kuvaa), jossa m\u00f6kki siivotaan tilanteessa, jossa edellisest\u00e4 siivouksesta on kulunut aikaa. Video antaa konkreettisen kuvan siit\u00e4, miten helposti ja monipuolisesti HYLAa voi hy\u00f6dynt\u00e4\u00e4 m\u00f6kin syys- ja kev\u00e4tsiivouksessa.<\/p>\n\n\n\n<p><\/p>\n\n\n\n<div class=\"wp-block-media-text has-media-on-the-right is-stacked-on-mobile has-background\" style=\"background-color:#122f33\"><div class=\"wp-block-media-text__content\">\n<p><\/p>\n\n\n\n<h5 class=\"wp-block-heading\"><\/h5>\n\n\n\n<p class=\"has-background\" style=\"background-color:#e6f7f9\">T\u00e4ss\u00e4 videossa n\u00e4hd\u00e4\u00e4n m\u00f6kin siivous tilanteessa, jossa edellisest\u00e4 siivouksesta on kulunut aikaa. P\u00f6ly\u00e4, h\u00e4m\u00e4h\u00e4kinverkkoja ja ulkoa kulkeutunutta likaa on kertynyt sek\u00e4 sis\u00e4tilaan, terassille ett\u00e4 nurkkiin, joihin tavallisesti on hankala p\u00e4\u00e4st\u00e4 k\u00e4siksi.<br><br>HYLA-vesip\u00f6lynimurin avulla siivous onnistuu ilman p\u00f6lyn levi\u00e4mist\u00e4 takaisin m\u00f6kin ilmatilaan tai terassilla. Laite sitoo lian ja ep\u00e4puhtaudet veteen, joka on erityisen sopivaa juuri m\u00f6kille, joka on ollut pitk\u00e4\u00e4n k\u00e4ytt\u00e4m\u00e4tt\u00e4.<br><br>Videolta saat k\u00e4yt\u00e4nn\u00f6n vinkkej\u00e4 siihen, miten HYLAa voi hy\u00f6dynt\u00e4\u00e4 m\u00f6kin syys- ja kev\u00e4tsiivouksessa turvallisesti, tehokkaasti ja rauhalliseen tahtiin \u2013 ilman kiirett\u00e4 ja ilman erillisi\u00e4 puhdistusaineita.<\/p>\n<\/div><figure class=\"wp-block-media-text__media\"><a href=\"https:\/\/youtu.be\/MVY-5Ukqo5s\"><img fetchpriority=\"high\" decoding=\"async\" width=\"1024\" height=\"665\" src=\"https:\/\/hylajams.fi\/wp-content\/uploads\/2024\/06\/kevat-ja-syys-siivous-1024x665.jpg\" alt=\"M\u00f6kkien syksy- ja kev\u00e4tsiivous on eritt\u00e4in t\u00e4rke\u00e4\u00e4 varsinkin kev\u00e4\u00e4ll\u00e4.\" class=\"wp-image-7889 size-full\" srcset=\"https:\/\/hylajams.fi\/wp-content\/uploads\/2024\/06\/kevat-ja-syys-siivous-1024x665.jpg 1024w, https:\/\/hylajams.fi\/wp-content\/uploads\/2024\/06\/kevat-ja-syys-siivous-300x195.jpg 300w, https:\/\/hylajams.fi\/wp-content\/uploads\/2024\/06\/kevat-ja-syys-siivous-768x499.jpg 768w, https:\/\/hylajams.fi\/wp-content\/uploads\/2024\/06\/kevat-ja-syys-siivous-1536x998.jpg 1536w, https:\/\/hylajams.fi\/wp-content\/uploads\/2024\/06\/kevat-ja-syys-siivous-600x390.jpg 600w, https:\/\/hylajams.fi\/wp-content\/uploads\/2024\/06\/kevat-ja-syys-siivous.jpg 1632w\" sizes=\"(max-width: 1024px) 100vw, 1024px\" \/><\/a><\/figure><\/div>\n\n\n\n<p><\/p>\n\n\n\n<h4 class=\"wp-block-heading\">\ud83c\udf42 M\u00f6kkien syksy- ja kev\u00e4tsiivous<\/h4>\n\n\n\n<div class=\"wp-block-media-text is-stacked-on-mobile has-background\" style=\"background-color:#122f33;grid-template-columns:41% auto\"><figure class=\"wp-block-media-text__media\"><img decoding=\"async\" width=\"600\" height=\"600\" src=\"https:\/\/hylajams.fi\/wp-content\/uploads\/2023\/09\/Valkoinen-aera-kotitoimistossa-ja-mokilla.png\" alt=\"\" class=\"wp-image-5812 size-full\" srcset=\"https:\/\/hylajams.fi\/wp-content\/uploads\/2023\/09\/Valkoinen-aera-kotitoimistossa-ja-mokilla.png 600w, https:\/\/hylajams.fi\/wp-content\/uploads\/2023\/09\/Valkoinen-aera-kotitoimistossa-ja-mokilla-300x300.png 300w, https:\/\/hylajams.fi\/wp-content\/uploads\/2023\/09\/Valkoinen-aera-kotitoimistossa-ja-mokilla-150x150.png 150w, https:\/\/hylajams.fi\/wp-content\/uploads\/2023\/09\/Valkoinen-aera-kotitoimistossa-ja-mokilla-100x100.png 100w\" sizes=\"(max-width: 600px) 100vw, 600px\" \/><\/figure><div class=\"wp-block-media-text__content\">\n<p class=\"has-background\" style=\"background-color:#e6f7f9\"><br>M\u00f6kkien yleinen k\u00e4yt\u00e4nt\u00f6 on siivota ne kev\u00e4\u00e4ll\u00e4 ennen kes\u00e4kauden alkua, mutta syksyll\u00e4 on my\u00f6s hyv\u00e4\u00e4 aikaa huolehtia m\u00f6kin ja sen ymp\u00e4rist\u00f6n puhtaudesta.<br><br>Alamme pikkuhiljaa siirty\u00e4 sis\u00e4tiloihin, mutta ensin on <strong><mark style=\"background-color:rgba(0, 0, 0, 0)\" class=\"has-inline-color has-vivid-cyan-blue-color\">hylattava<\/mark><\/strong> h\u00e4m\u00e4h\u00e4kit, hy\u00f6nteiset ym. pois ulkorakennusten ymp\u00e4rilt\u00e4 ja sis\u00e4tiloista. Sujuva syksyn siivous ilman turhaa stressi\u00e4 onnistuu vain Hyla vesi-imurin avulla.<\/p>\n<\/div><\/div>\n\n\n\n<p><\/p>\n\n\n\n<h4 class=\"wp-block-heading\">\ud83c\udf41 Syksyinen siivous ennen talvea<\/h4>\n\n\n\n<p><\/p>\n\n\n\n<div class=\"wp-block-media-text has-media-on-the-right is-stacked-on-mobile has-background\" style=\"background-color:#122f33;grid-template-columns:auto 44%\"><div class=\"wp-block-media-text__content\">\n<p class=\"has-background\" style=\"background-color:#e6f7f9\">Kes\u00e4asuntoja, m\u00f6kkej\u00e4, varastoja, aittoja, ulkohuusseja ja vessoja k\u00e4ytet\u00e4\u00e4n talvella huomattavasti v\u00e4hemm\u00e4n. Ennen talven saapumista on nyt oikea hetki suorittaa syksyinen siivous, sill\u00e4 kes\u00e4vieraat eiv\u00e4t en\u00e4\u00e4 vie aikaa m\u00f6kkeilylt\u00e4. <br><br>Puhtaasta m\u00f6kist\u00e4 on ilo nauttia viel\u00e4 hetken ennen kuin lumi peitt\u00e4\u00e4 polut ja auraamattomille m\u00f6keille kulkeminen vaikeutuu. Huolellinen syyssiivous helpottaa my\u00f6s kev\u00e4\u00e4ll\u00e4 \u2013 m\u00f6kille on mukava palata, kun kaikki on valmiiksi kunnossa.<\/p>\n<\/div><figure class=\"wp-block-media-text__media\"><img decoding=\"async\" width=\"400\" height=\"300\" src=\"https:\/\/hylajams.fi\/wp-content\/uploads\/2023\/10\/mokki2.jpg\" alt=\"M\u00f6kkien syksy- ja kev\u00e4tsiivous\" class=\"wp-image-5941 size-full\" srcset=\"https:\/\/hylajams.fi\/wp-content\/uploads\/2023\/10\/mokki2.jpg 400w, https:\/\/hylajams.fi\/wp-content\/uploads\/2023\/10\/mokki2-300x225.jpg 300w\" sizes=\"(max-width: 400px) 100vw, 400px\" \/><\/figure><\/div>\n\n\n\n<p><\/p>\n\n\n\n<h4 class=\"wp-block-heading\">\ud83d\udd77\ufe0f H\u00e4m\u00e4h\u00e4kit ja \u00f6t\u00f6k\u00e4t pois jo syksyll\u00e4<\/h4>\n\n\n\n<p><\/p>\n\n\n\n<div class=\"wp-block-media-text is-stacked-on-mobile has-background\" style=\"background-color:#122f33;grid-template-columns:40% auto\"><figure class=\"wp-block-media-text__media\"><img loading=\"lazy\" decoding=\"async\" width=\"1024\" height=\"768\" src=\"https:\/\/hylajams.fi\/wp-content\/uploads\/2023\/09\/20230830_1215160-1024x768.jpg\" alt=\"M\u00f6kkien syksy- ja kev\u00e4tsiivous\" class=\"wp-image-5893 size-full\" srcset=\"https:\/\/hylajams.fi\/wp-content\/uploads\/2023\/09\/20230830_1215160-1024x768.jpg 1024w, https:\/\/hylajams.fi\/wp-content\/uploads\/2023\/09\/20230830_1215160-300x225.jpg 300w, https:\/\/hylajams.fi\/wp-content\/uploads\/2023\/09\/20230830_1215160-768x576.jpg 768w, https:\/\/hylajams.fi\/wp-content\/uploads\/2023\/09\/20230830_1215160-1536x1152.jpg 1536w, https:\/\/hylajams.fi\/wp-content\/uploads\/2023\/09\/20230830_1215160-2048x1536.jpg 2048w, https:\/\/hylajams.fi\/wp-content\/uploads\/2023\/09\/20230830_1215160-600x450.jpg 600w\" sizes=\"(max-width: 1024px) 100vw, 1024px\" \/><\/figure><div class=\"wp-block-media-text__content\">\n<p><\/p>\n\n\n\n<p class=\"has-background\" style=\"background-color:#e6f7f9\">H\u00e4m\u00e4h\u00e4kit, kuolleet hyttyset ja muut \u00f6t\u00f6k\u00e4t piileskelev\u00e4t helposti m\u00f6kin nurkissa, hirsiseinien raoissa, katon rajassa sek\u00e4 terassilla ja muissa ulkotiloissa. Ne ovat pesiytyneet paikoilleen kes\u00e4n ja syksyn aikana huomaamatta.<br><br>Kun ep\u00e4puhtaudet poistetaan jo syksyll\u00e4, kev\u00e4\u00e4n siivoukseen on huomattavasti mukavampi palata. Edellisen kes\u00e4n j\u00e4ljet ovat suurelta osin poissa, eik\u00e4 m\u00f6kille saapuessa tarvitse heti tarttua siivousv\u00e4lineisiin.<br><br>N\u00e4in m\u00f6kille palaaminen kev\u00e4\u00e4ll\u00e4 tuntuu miellytt\u00e4v\u00e4lt\u00e4 ja tilat ovat heti valmiimpia k\u00e4ytt\u00f6\u00f6n.<\/p>\n<\/div><\/div>\n\n\n\n<p><\/p>\n\n\n\n<h4 class=\"wp-block-heading\">\ud83e\uddf9 Syksyn siivous sujuu helposti Hyla-vesip\u00f6lynimurin avulla<\/h4>\n\n\n\n<p><\/p>\n\n\n\n<div class=\"wp-block-media-text has-media-on-the-right is-stacked-on-mobile has-background\" style=\"background-color:#122f33;grid-template-columns:auto 42%\"><div class=\"wp-block-media-text__content\">\n<p><\/p>\n\n\n\n<p class=\"has-background\" style=\"background-color:#e6f7f9\">Siivoaminen syksyll\u00e4 sujuu kuin leikiten Hyla vesi imurin avulla. Hyla Kodinpuhdistaja tekee siivouksesta nopeaa ja varmaa, poistaen kes\u00e4n ja syksyn aikana kertyneet \u00f6t\u00f6k\u00e4t ja h\u00e4m\u00e4h\u00e4kit suoraan Hyla-vesiastiaan. Ne eiv\u00e4t en\u00e4\u00e4 palaa h\u00e4iritsem\u00e4\u00e4n m\u00f6kkeily\u00e4si. Samalla saat imuroitua pois mahdolliset roskat, hiekat ja syksyn lehdet. <br><br><a href=\"https:\/\/www.youtube.com\/watch?v=MVY-5Ukqo5s\" type=\"link\" id=\"https:\/\/www.youtube.com\/watch?v=MVY-5Ukqo5s\">Katso Hylan siivousvideo<\/a><\/p>\n<\/div><figure class=\"wp-block-media-text__media\"><img loading=\"lazy\" decoding=\"async\" width=\"600\" height=\"600\" src=\"https:\/\/hylajams.fi\/wp-content\/uploads\/2023\/10\/40200-Koti.png\" alt=\"M\u00f6kkien syksy- ja kev\u00e4tsiivous\" class=\"wp-image-5942 size-full\" srcset=\"https:\/\/hylajams.fi\/wp-content\/uploads\/2023\/10\/40200-Koti.png 600w, https:\/\/hylajams.fi\/wp-content\/uploads\/2023\/10\/40200-Koti-300x300.png 300w, https:\/\/hylajams.fi\/wp-content\/uploads\/2023\/10\/40200-Koti-150x150.png 150w, https:\/\/hylajams.fi\/wp-content\/uploads\/2023\/10\/40200-Koti-100x100.png 100w\" sizes=\"(max-width: 600px) 100vw, 600px\" \/><\/figure><\/div>\n\n\n\n<p><\/p>\n","protected":false},"excerpt":{"rendered":"<p>M\u00f6kkien syksy- ja kev\u00e4tsiivous M\u00f6kin siivous syksyisin ja kev\u00e4isin on eritt\u00e4in t\u00e4rke\u00e4\u00e4 varsinkin kev\u00e4\u00e4ll\u00e4. M\u00f6kkien syksy- ja kev\u00e4tsiivous ennen talvea tai pitk\u00e4n talven j\u00e4lkeen voi tuntua ty\u00f6l\u00e4\u00e4lt\u00e4, mutta oikeilla v\u00e4lineill\u00e4<a href=\"https:\/\/hylajams.fi\/?page_id=5940\" class=\"d-block breadmore\">Lue lis\u00e4\u00e4<\/a><\/p>\n","protected":false},"author":2,"featured_media":0,"parent":0,"menu_order":0,"comment_status":"closed","ping_status":"closed","template":"","meta":{"footnotes":""},"class_list":["post-5940","page","type-page","status-publish","hentry","_wholesalex wsx-wholesalex-product"],"yoast_head":"<!-- This site is optimized with the Yoast SEO plugin v27.3 - https:\/\/yoast.com\/product\/yoast-seo-wordpress\/ -->\n<title>M\u00f6kkien syksy- ja kev\u00e4tsiivous | Hyla-vesip\u00f6lynimuri<\/title>\n<meta name=\"description\" content=\"M\u00f6kkien syksy- ja kev\u00e4tsiivous - Poista h\u00e4m\u00e4h\u00e4kit, \u00f6t\u00f6k\u00e4t, hiiren papanat ja roskat yhdell\u00e4 kertaa \u2013 puhtaampi m\u00f6kki odottaa kev\u00e4\u00e4ll\u00e4.\" \/>\n<meta name=\"robots\" content=\"index, follow, max-snippet:-1, max-image-preview:large, max-video-preview:-1\" \/>\n<link rel=\"canonical\" href=\"https:\/\/hylajams.fi\/?page_id=5940\" \/>\n<meta property=\"og:locale\" content=\"fi_FI\" \/>\n<meta property=\"og:type\" content=\"article\" \/>\n<meta property=\"og:title\" content=\"M\u00f6kkien syksy- ja kev\u00e4tsiivous | Hyla-vesip\u00f6lynimuri\" \/>\n<meta property=\"og:description\" content=\"M\u00f6kkien syksy- ja kev\u00e4tsiivous - Poista h\u00e4m\u00e4h\u00e4kit, \u00f6t\u00f6k\u00e4t, hiiren papanat ja roskat yhdell\u00e4 kertaa \u2013 puhtaampi m\u00f6kki odottaa kev\u00e4\u00e4ll\u00e4.\" \/>\n<meta property=\"og:url\" content=\"https:\/\/hylajams.fi\/?page_id=5940\" \/>\n<meta property=\"og:site_name\" content=\"Hyla Jams Verkkokauppa\" \/>\n<meta property=\"article:modified_time\" content=\"2026-03-27T18:05:04+00:00\" \/>\n<meta property=\"og:image\" content=\"https:\/\/hylajams.fi\/wp-content\/uploads\/2024\/06\/kevat-ja-syys-siivous.jpg\" \/>\n\t<meta property=\"og:image:width\" content=\"1632\" \/>\n\t<meta property=\"og:image:height\" content=\"1060\" \/>\n\t<meta property=\"og:image:type\" content=\"image\/jpeg\" \/>\n<meta name=\"twitter:card\" content=\"summary_large_image\" \/>\n<meta name=\"twitter:label1\" content=\"Arvioitu lukuaika\" \/>\n\t<meta name=\"twitter:data1\" content=\"5 minuuttia\" \/>\n<script type=\"application\/ld+json\" class=\"yoast-schema-graph\">{\"@context\":\"https:\\\/\\\/schema.org\",\"@graph\":[{\"@type\":\"WebPage\",\"@id\":\"https:\\\/\\\/hylajams.fi\\\/?page_id=5940\",\"url\":\"https:\\\/\\\/hylajams.fi\\\/?page_id=5940\",\"name\":\"M\u00f6kkien syksy- ja kev\u00e4tsiivous | Hyla-vesip\u00f6lynimuri\",\"isPartOf\":{\"@id\":\"https:\\\/\\\/hylajams.fi\\\/#website\"},\"primaryImageOfPage\":{\"@id\":\"https:\\\/\\\/hylajams.fi\\\/?page_id=5940#primaryimage\"},\"image\":{\"@id\":\"https:\\\/\\\/hylajams.fi\\\/?page_id=5940#primaryimage\"},\"thumbnailUrl\":\"https:\\\/\\\/hylajams.fi\\\/wp-content\\\/uploads\\\/2024\\\/06\\\/kevat-ja-syys-siivous-1024x665.jpg\",\"datePublished\":\"2023-10-18T22:19:49+00:00\",\"dateModified\":\"2026-03-27T18:05:04+00:00\",\"description\":\"M\u00f6kkien syksy- ja kev\u00e4tsiivous - Poista h\u00e4m\u00e4h\u00e4kit, \u00f6t\u00f6k\u00e4t, hiiren papanat ja roskat yhdell\u00e4 kertaa \u2013 puhtaampi m\u00f6kki odottaa kev\u00e4\u00e4ll\u00e4.\",\"breadcrumb\":{\"@id\":\"https:\\\/\\\/hylajams.fi\\\/?page_id=5940#breadcrumb\"},\"inLanguage\":\"fi\",\"potentialAction\":[{\"@type\":\"ReadAction\",\"target\":[\"https:\\\/\\\/hylajams.fi\\\/?page_id=5940\"]}]},{\"@type\":\"ImageObject\",\"inLanguage\":\"fi\",\"@id\":\"https:\\\/\\\/hylajams.fi\\\/?page_id=5940#primaryimage\",\"url\":\"https:\\\/\\\/hylajams.fi\\\/wp-content\\\/uploads\\\/2024\\\/06\\\/kevat-ja-syys-siivous.jpg\",\"contentUrl\":\"https:\\\/\\\/hylajams.fi\\\/wp-content\\\/uploads\\\/2024\\\/06\\\/kevat-ja-syys-siivous.jpg\",\"width\":1632,\"height\":1060,\"caption\":\"Syys- ja kev\u00e4t siivous\"},{\"@type\":\"BreadcrumbList\",\"@id\":\"https:\\\/\\\/hylajams.fi\\\/?page_id=5940#breadcrumb\",\"itemListElement\":[{\"@type\":\"ListItem\",\"position\":1,\"name\":\"Etusivu\",\"item\":\"https:\\\/\\\/hylajams.fi\\\/\"},{\"@type\":\"ListItem\",\"position\":2,\"name\":\"M\u00f6kkien syksy- ja kev\u00e4tsiivous \u2013 helposti ja tehokkaasti\"}]},{\"@type\":\"WebSite\",\"@id\":\"https:\\\/\\\/hylajams.fi\\\/#website\",\"url\":\"https:\\\/\\\/hylajams.fi\\\/\",\"name\":\"Hyla Jams Verkkokauppa\",\"description\":\"Hyla ilman- ja huoneen puhdistusj\u00e4rjestelm\u00e4 Suomessa\",\"publisher\":{\"@id\":\"https:\\\/\\\/hylajams.fi\\\/#organization\"},\"potentialAction\":[{\"@type\":\"SearchAction\",\"target\":{\"@type\":\"EntryPoint\",\"urlTemplate\":\"https:\\\/\\\/hylajams.fi\\\/?s={search_term_string}\"},\"query-input\":{\"@type\":\"PropertyValueSpecification\",\"valueRequired\":true,\"valueName\":\"search_term_string\"}}],\"inLanguage\":\"fi\"},{\"@type\":\"Organization\",\"@id\":\"https:\\\/\\\/hylajams.fi\\\/#organization\",\"name\":\"Hyla Jams Verkkokauppa\",\"url\":\"https:\\\/\\\/hylajams.fi\\\/\",\"logo\":{\"@type\":\"ImageObject\",\"inLanguage\":\"fi\",\"@id\":\"https:\\\/\\\/hylajams.fi\\\/#\\\/schema\\\/logo\\\/image\\\/\",\"url\":\"https:\\\/\\\/hylajams.fi\\\/wp-content\\\/uploads\\\/2025\\\/02\\\/Logo-1-2.jpg\",\"contentUrl\":\"https:\\\/\\\/hylajams.fi\\\/wp-content\\\/uploads\\\/2025\\\/02\\\/Logo-1-2.jpg\",\"width\":500,\"height\":500,\"caption\":\"Hyla Jams Verkkokauppa\"},\"image\":{\"@id\":\"https:\\\/\\\/hylajams.fi\\\/#\\\/schema\\\/logo\\\/image\\\/\"},\"sameAs\":[\"https:\\\/\\\/www.instagram.com\\\/hylasiivous\\\/\"]}]}<\/script>\n<!-- \/ Yoast SEO plugin. -->","yoast_head_json":{"title":"M\u00f6kkien syksy- ja kev\u00e4tsiivous | Hyla-vesip\u00f6lynimuri","description":"M\u00f6kkien syksy- ja kev\u00e4tsiivous - Poista h\u00e4m\u00e4h\u00e4kit, \u00f6t\u00f6k\u00e4t, hiiren papanat ja roskat yhdell\u00e4 kertaa \u2013 puhtaampi m\u00f6kki odottaa kev\u00e4\u00e4ll\u00e4.","robots":{"index":"index","follow":"follow","max-snippet":"max-snippet:-1","max-image-preview":"max-image-preview:large","max-video-preview":"max-video-preview:-1"},"canonical":"https:\/\/hylajams.fi\/?page_id=5940","og_locale":"fi_FI","og_type":"article","og_title":"M\u00f6kkien syksy- ja kev\u00e4tsiivous | Hyla-vesip\u00f6lynimuri","og_description":"M\u00f6kkien syksy- ja kev\u00e4tsiivous - Poista h\u00e4m\u00e4h\u00e4kit, \u00f6t\u00f6k\u00e4t, hiiren papanat ja roskat yhdell\u00e4 kertaa \u2013 puhtaampi m\u00f6kki odottaa kev\u00e4\u00e4ll\u00e4.","og_url":"https:\/\/hylajams.fi\/?page_id=5940","og_site_name":"Hyla Jams Verkkokauppa","article_modified_time":"2026-03-27T18:05:04+00:00","og_image":[{"width":1632,"height":1060,"url":"https:\/\/hylajams.fi\/wp-content\/uploads\/2024\/06\/kevat-ja-syys-siivous.jpg","type":"image\/jpeg"}],"twitter_card":"summary_large_image","twitter_misc":{"Arvioitu lukuaika":"5 minuuttia"},"schema":{"@context":"https:\/\/schema.org","@graph":[{"@type":"WebPage","@id":"https:\/\/hylajams.fi\/?page_id=5940","url":"https:\/\/hylajams.fi\/?page_id=5940","name":"M\u00f6kkien syksy- ja kev\u00e4tsiivous | Hyla-vesip\u00f6lynimuri","isPartOf":{"@id":"https:\/\/hylajams.fi\/#website"},"primaryImageOfPage":{"@id":"https:\/\/hylajams.fi\/?page_id=5940#primaryimage"},"image":{"@id":"https:\/\/hylajams.fi\/?page_id=5940#primaryimage"},"thumbnailUrl":"https:\/\/hylajams.fi\/wp-content\/uploads\/2024\/06\/kevat-ja-syys-siivous-1024x665.jpg","datePublished":"2023-10-18T22:19:49+00:00","dateModified":"2026-03-27T18:05:04+00:00","description":"M\u00f6kkien syksy- ja kev\u00e4tsiivous - Poista h\u00e4m\u00e4h\u00e4kit, \u00f6t\u00f6k\u00e4t, hiiren papanat ja roskat yhdell\u00e4 kertaa \u2013 puhtaampi m\u00f6kki odottaa kev\u00e4\u00e4ll\u00e4.","breadcrumb":{"@id":"https:\/\/hylajams.fi\/?page_id=5940#breadcrumb"},"inLanguage":"fi","potentialAction":[{"@type":"ReadAction","target":["https:\/\/hylajams.fi\/?page_id=5940"]}]},{"@type":"ImageObject","inLanguage":"fi","@id":"https:\/\/hylajams.fi\/?page_id=5940#primaryimage","url":"https:\/\/hylajams.fi\/wp-content\/uploads\/2024\/06\/kevat-ja-syys-siivous.jpg","contentUrl":"https:\/\/hylajams.fi\/wp-content\/uploads\/2024\/06\/kevat-ja-syys-siivous.jpg","width":1632,"height":1060,"caption":"Syys- ja kev\u00e4t siivous"},{"@type":"BreadcrumbList","@id":"https:\/\/hylajams.fi\/?page_id=5940#breadcrumb","itemListElement":[{"@type":"ListItem","position":1,"name":"Etusivu","item":"https:\/\/hylajams.fi\/"},{"@type":"ListItem","position":2,"name":"M\u00f6kkien syksy- ja kev\u00e4tsiivous \u2013 helposti ja tehokkaasti"}]},{"@type":"WebSite","@id":"https:\/\/hylajams.fi\/#website","url":"https:\/\/hylajams.fi\/","name":"Hyla Jams Verkkokauppa","description":"Hyla ilman- ja huoneen puhdistusj\u00e4rjestelm\u00e4 Suomessa","publisher":{"@id":"https:\/\/hylajams.fi\/#organization"},"potentialAction":[{"@type":"SearchAction","target":{"@type":"EntryPoint","urlTemplate":"https:\/\/hylajams.fi\/?s={search_term_string}"},"query-input":{"@type":"PropertyValueSpecification","valueRequired":true,"valueName":"search_term_string"}}],"inLanguage":"fi"},{"@type":"Organization","@id":"https:\/\/hylajams.fi\/#organization","name":"Hyla Jams Verkkokauppa","url":"https:\/\/hylajams.fi\/","logo":{"@type":"ImageObject","inLanguage":"fi","@id":"https:\/\/hylajams.fi\/#\/schema\/logo\/image\/","url":"https:\/\/hylajams.fi\/wp-content\/uploads\/2025\/02\/Logo-1-2.jpg","contentUrl":"https:\/\/hylajams.fi\/wp-content\/uploads\/2025\/02\/Logo-1-2.jpg","width":500,"height":500,"caption":"Hyla Jams Verkkokauppa"},"image":{"@id":"https:\/\/hylajams.fi\/#\/schema\/logo\/image\/"},"sameAs":["https:\/\/www.instagram.com\/hylasiivous\/"]}]}},"_links":{"self":[{"href":"https:\/\/hylajams.fi\/index.php?rest_route=\/wp\/v2\/pages\/5940","targetHints":{"allow":["GET"]}}],"collection":[{"href":"https:\/\/hylajams.fi\/index.php?rest_route=\/wp\/v2\/pages"}],"about":[{"href":"https:\/\/hylajams.fi\/index.php?rest_route=\/wp\/v2\/types\/page"}],"author":[{"embeddable":true,"href":"https:\/\/hylajams.fi\/index.php?rest_route=\/wp\/v2\/users\/2"}],"replies":[{"embeddable":true,"href":"https:\/\/hylajams.fi\/index.php?rest_route=%2Fwp%2Fv2%2Fcomments&post=5940"}],"version-history":[{"count":6,"href":"https:\/\/hylajams.fi\/index.php?rest_route=\/wp\/v2\/pages\/5940\/revisions"}],"predecessor-version":[{"id":13601,"href":"https:\/\/hylajams.fi\/index.php?rest_route=\/wp\/v2\/pages\/5940\/revisions\/13601"}],"wp:attachment":[{"href":"https:\/\/hylajams.fi\/index.php?rest_route=%2Fwp%2Fv2%2Fmedia&parent=5940"}],"curies":[{"name":"wp","href":"https:\/\/api.w.org\/{rel}","templated":true}]}}