{"id":5321,"date":"2023-06-17T21:26:55","date_gmt":"2023-06-17T18:26:55","guid":{"rendered":"https:\/\/hylajams.fi\/?page_id=5321"},"modified":"2026-02-25T15:08:22","modified_gmt":"2026-02-25T13:08:22","slug":"ota-yhteytta","status":"publish","type":"page","link":"https:\/\/hylajams.fi\/?page_id=5321","title":{"rendered":"Ota yhteytt\u00e4"},"content":{"rendered":"\n<p><\/p>\n\n\n\n<p><\/p>\n\n\n\n<h4 class=\"wp-block-heading\">Miten tilata Hyla-vesip\u00f6lynimuri tai muita Hyla Jams Verkkokaupan tuotteita:<\/h4>\n\n\n\n<p><\/p>\n\n\n\n<p>Ota yhteytt\u00e4: Yhteydenottolomakkeella voit kysy\u00e4 HYLA-laitteista, lis\u00e4varusteista, huollosta tai tilaukseen liittyvist\u00e4 asioista.<br>Vastaamme viesteihin mahdollisimman nopeasti arkip\u00e4ivisin.<\/p>\n\n\n\n<p><\/p>\n\n\n\n<p><strong>HYLA \u2013 hyvinvoinnille ja terveydelle<\/strong><\/p>\n\n\n\n<div class=\"wp-block-media-text alignwide is-stacked-on-mobile\" style=\"grid-template-columns:46% auto\"><figure class=\"wp-block-media-text__media\"><img fetchpriority=\"high\" decoding=\"async\" width=\"438\" height=\"300\" src=\"https:\/\/hylajams.fi\/wp-content\/uploads\/2023\/02\/yhteydenotto.jpg\" alt=\"Ota yhteytt\u00e4\" class=\"wp-image-5006 size-full\" srcset=\"https:\/\/hylajams.fi\/wp-content\/uploads\/2023\/02\/yhteydenotto.jpg 438w, https:\/\/hylajams.fi\/wp-content\/uploads\/2023\/02\/yhteydenotto-300x205.jpg 300w\" sizes=\"(max-width: 438px) 100vw, 438px\" \/><\/figure><div class=\"wp-block-media-text__content\">\n<p><\/p>\n\n\n\n<p class=\"has-background\" style=\"background-color:#e6f7f9\">Ota yhteytt\u00e4!  HYLA-tuotteiden tilaaminen on helppoa ja vaivatonta Hyla Jams -verkkokaupassa, jossa yhdistyv\u00e4t selke\u00e4 ostokokemus ja nopea palvelu. On hienoa huomata, kuinka moni on l\u00f6yt\u00e4nyt HYLA-tuotteet ja luottaa niiden laatuun ja toimivuuteen arjessa.<br><br><strong><a href=\"https:\/\/www.hyla.com\/home\" type=\"link\" id=\"https:\/\/www.hyla.com\/home\" target=\"_blank\" rel=\"noreferrer noopener\">HYLA<\/a><\/strong> on kehitt\u00e4nyt ainutlaatuisen tekniikan, jota useat terveydenhuollon ammattilaiset ovat tunnustaneet tukemaan puhtaampaa sis\u00e4ilmaa ja terveellisemp\u00e4\u00e4 elinymp\u00e4rist\u00f6\u00e4. J\u00e4rjestelm\u00e4 auttaa torjumaan sis\u00e4tilojen ep\u00e4puhtauksia luonnollisella tavalla \u2013 veden avulla.<\/p>\n<\/div><\/div>\n\n\n\n<p><\/p>\n\n\n\n<h5 class=\"wp-block-heading\"><strong>Voit tilata Hyla tuotteita seuraavilla tavoilla:<\/strong><\/h5>\n\n\n\n<p><\/p>\n\n\n\n<p>1.\t<a href=\"https:\/\/hylajams.fi\/?post_type=product\" type=\"link\" id=\"https:\/\/hylajams.fi\/?post_type=product\" target=\"_blank\" rel=\"noreferrer noopener\">Verkkokaupasta<\/a> (suositeltava)<br>2.\t<a href=\"https:\/\/hylajams.fi\/?page_id=935\" type=\"link\" id=\"https:\/\/hylajams.fi\/?page_id=935\">Yhteystietolomakkeella<\/a><br>3.\tS\u00e4hk\u00f6postilla <a href=\"mailto:arja@hylajams.fi\" target=\"_blank\" rel=\"noreferrer noopener\">arja@hylajams.fi<\/a><br>4.\tPuhelimitse soittamalla 0404101080<br><\/p>\n\n\n\n<p><\/p>\n\n\n\n<h5 class=\"wp-block-heading\"><strong>Miten tilata Hyla-vesip\u00f6lynimuri tai muita Hyla Jams Verkkokaupan tuotteita:<\/strong><\/h5>\n\n\n\n<p><\/p>\n\n\n\n<p class=\"has-background\" style=\"background-color:#e6f7f9\">1.\tValitse haluamasi <a href=\"https:\/\/hylajams.fi\/?product=40200-hyla-est-kodinpuhdistus-paketti-sahkomoottoriharjan-kanssa-kevat\" type=\"link\" id=\"https:\/\/hylajams.fi\/?product=40200-hyla-est-kodinpuhdistus-paketti-sahkomoottoriharjan-kanssa-kevat\" target=\"_blank\" rel=\"noreferrer noopener\"><strong>HYLA EST<\/strong><\/a> tai <strong><a href=\"https:\/\/hylajams.fi\/?product=hyla-gst-ilman-ja-huoneenpuhdistusjarjestelma\" type=\"link\" id=\"https:\/\/hylajams.fi\/?product=hyla-gst-ilman-ja-huoneenpuhdistusjarjestelma\" target=\"_blank\" rel=\"noreferrer noopener\">HYLA GST<\/a><\/strong> -vesip\u00f6lynimurimalli <a href=\"https:\/\/hylajams.fi\/?post_type=product\" type=\"link\" id=\"https:\/\/hylajams.fi\/?post_type=product\" target=\"_blank\" rel=\"noreferrer noopener\">verkkokaupasta<\/a>, tai mink\u00e4 tahansa muun verkkokaupan tuotteen.<br>2.\tTarkista, olisiko tarvetta samalla tilata muita lis\u00e4tarvikkeita Hyla pakettiin.<br>3.\tLis\u00e4\u00e4 tuote\/tuotteet ostoskoriin.<br>4.\tTarkista tilauksen tiedot.<br>5.\tValitse haluamasi toimitustapa.<br>6.\tHyla Jams maksaa <strong>Uuden Hylan ostajan toimituskulut<\/strong> asiakkaan puolesta, muut tuotteet paketin koon mukaan. Yli 500 \u20ac:n tilaukset ovat aina rahtivapaita asiakkaillemme.<br>7.\tSiirry kassalle.<br>8.\tSy\u00f6t\u00e4 tarvittavat tiedot, kuten toimitusosoite, laskutus- s\u00e4hk\u00f6posti- ja yhteystiedot.<br>9.\tVahvista tilaus<br>10.\tSaat vahvistusviestin tilauksestasi <strong><mark style=\"background-color:rgba(0, 0, 0, 0)\" class=\"has-inline-color has-vivid-cyan-blue-color\">s\u00e4hk\u00f6postiisi<\/mark><\/strong>, ja josta l\u00f6ytyy maksu- ja tilaustiedot.<br>11.\tTilauksen voi maksaa s\u00e4hk\u00f6postiin tulevalla laskulla tai tilausvahvistuksessa olevilla tiedoilla ilman lis\u00e4kuluja.<br>12.\tVoit maksaa ostoksesi helposti kassalla my\u00f6s suoraan pankki- (debet) tai luottokortilla (kredit), jolloin maksaminen on joustavampaa. Luottokortilla (kredit) maksaminen tarjoaa joustoa, sill\u00e4 voit hy\u00f6dynt\u00e4\u00e4 kortin luottorajaa ja maksaa ostoksesi my\u00f6hemmin. Pankkikortilla (debit) maksaessasi summa veloitetaan suoraan tililt\u00e4si, mik\u00e4 auttaa hallitsemaan p\u00e4ivitt\u00e4isi\u00e4 menoja. Molemmat maksutavat ovat turvallisia ja helppoja k\u00e4ytt\u00e4\u00e4.<br>13.\tTilauksesi k\u00e4sitell\u00e4\u00e4n ja l\u00e4hetet\u00e4\u00e4n nopeasti valitsemasi toimitustavan mukaisesti.<br>14.\tNauti puhtaasta ja raikkaasta kodista Hyla-vesip\u00f6lynimurin avulla!<br><\/p>\n\n\n\n<p><\/p>\n\n\n\n<div class=\"wp-block-columns is-layout-flex wp-container-core-columns-is-layout-9d6595d7 wp-block-columns-is-layout-flex\">\n<div class=\"wp-block-column is-layout-flow wp-block-column-is-layout-flow\" style=\"flex-basis:100%\">\n<div class=\"wp-block-buttons is-layout-flex wp-block-buttons-is-layout-flex\">\n<div class=\"wp-block-button\"><a class=\"wp-block-button__link has-vivid-cyan-blue-background-color has-background wp-element-button\" href=\"https:\/\/hylajams.fi\/?post_type=product\" target=\"_blank\" rel=\"noreferrer noopener\"><strong><mark style=\"background-color:rgba(0, 0, 0, 0)\" class=\"has-inline-color has-white-color\">TILAA T\u00c4ST\u00c4<\/mark><\/strong><\/a><\/div>\n<\/div>\n<\/div>\n<\/div>\n\n\n\n<div class=\"wp-block-buttons is-layout-flex wp-block-buttons-is-layout-flex\">\n<div class=\"wp-block-button\"><a class=\"wp-block-button__link has-white-color has-vivid-cyan-blue-background-color has-text-color has-background wp-element-button\" href=\"https:\/\/hylajams.fi\/?page_id=9\" target=\"_blank\" rel=\"noreferrer noopener\"><strong>OSTA VERKKOKAUPASTA<\/strong><\/a><\/div>\n<\/div>\n","protected":false},"excerpt":{"rendered":"<p>Miten tilata Hyla-vesip\u00f6lynimuri tai muita Hyla Jams Verkkokaupan tuotteita: Ota yhteytt\u00e4: Yhteydenottolomakkeella voit kysy\u00e4 HYLA-laitteista, lis\u00e4varusteista, huollosta tai tilaukseen liittyvist\u00e4 asioista.Vastaamme viesteihin mahdollisimman nopeasti arkip\u00e4ivisin. HYLA \u2013 hyvinvoinnille ja terveydelle<a href=\"https:\/\/hylajams.fi\/?page_id=5321\" class=\"d-block breadmore\">Lue lis\u00e4\u00e4<\/a><\/p>\n","protected":false},"author":2,"featured_media":0,"parent":0,"menu_order":0,"comment_status":"closed","ping_status":"closed","template":"","meta":{"footnotes":""},"class_list":["post-5321","page","type-page","status-publish","hentry","_wholesalex wsx-wholesalex-product"],"yoast_head":"<!-- This site is optimized with the Yoast SEO plugin v27.3 - https:\/\/yoast.com\/product\/yoast-seo-wordpress\/ -->\n<title>Ota yhteytt\u00e4 | Hyla Jams<\/title>\n<meta name=\"description\" content=\"Ota yhteytt\u00e4 Hyla Jamsiin lomakkeella. Autamme HYLA-laitteisiin, huoltoon, lis\u00e4varusteisiin ja tilauksiin liittyviss\u00e4 kysymyksiss\u00e4.\" \/>\n<meta name=\"robots\" content=\"index, follow, max-snippet:-1, max-image-preview:large, max-video-preview:-1\" \/>\n<link rel=\"canonical\" href=\"https:\/\/hylajams.fi\/?page_id=5321\" \/>\n<meta property=\"og:locale\" content=\"fi_FI\" \/>\n<meta property=\"og:type\" content=\"article\" \/>\n<meta property=\"og:title\" content=\"Ota yhteytt\u00e4 | Hyla Jams\" \/>\n<meta property=\"og:description\" content=\"Ota yhteytt\u00e4 Hyla Jamsiin lomakkeella. Autamme HYLA-laitteisiin, huoltoon, lis\u00e4varusteisiin ja tilauksiin liittyviss\u00e4 kysymyksiss\u00e4.\" \/>\n<meta property=\"og:url\" content=\"https:\/\/hylajams.fi\/?page_id=5321\" \/>\n<meta property=\"og:site_name\" content=\"Hyla Jams Verkkokauppa\" \/>\n<meta property=\"article:modified_time\" content=\"2026-02-25T13:08:22+00:00\" \/>\n<meta property=\"og:image\" content=\"https:\/\/hylajams.fi\/wp-content\/uploads\/2023\/02\/yhteydenotto.jpg\" \/>\n\t<meta property=\"og:image:width\" content=\"438\" \/>\n\t<meta property=\"og:image:height\" content=\"300\" \/>\n\t<meta property=\"og:image:type\" content=\"image\/jpeg\" \/>\n<meta name=\"twitter:card\" content=\"summary_large_image\" \/>\n<meta name=\"twitter:label1\" content=\"Arvioitu lukuaika\" \/>\n\t<meta name=\"twitter:data1\" content=\"2 minuuttia\" \/>\n<script type=\"application\/ld+json\" class=\"yoast-schema-graph\">{\"@context\":\"https:\\\/\\\/schema.org\",\"@graph\":[{\"@type\":\"WebPage\",\"@id\":\"https:\\\/\\\/hylajams.fi\\\/?page_id=5321\",\"url\":\"https:\\\/\\\/hylajams.fi\\\/?page_id=5321\",\"name\":\"Ota yhteytt\u00e4 | Hyla Jams\",\"isPartOf\":{\"@id\":\"https:\\\/\\\/hylajams.fi\\\/#website\"},\"primaryImageOfPage\":{\"@id\":\"https:\\\/\\\/hylajams.fi\\\/?page_id=5321#primaryimage\"},\"image\":{\"@id\":\"https:\\\/\\\/hylajams.fi\\\/?page_id=5321#primaryimage\"},\"thumbnailUrl\":\"https:\\\/\\\/hylajams.fi\\\/wp-content\\\/uploads\\\/2023\\\/02\\\/yhteydenotto.jpg\",\"datePublished\":\"2023-06-17T18:26:55+00:00\",\"dateModified\":\"2026-02-25T13:08:22+00:00\",\"description\":\"Ota yhteytt\u00e4 Hyla Jamsiin lomakkeella. Autamme HYLA-laitteisiin, huoltoon, lis\u00e4varusteisiin ja tilauksiin liittyviss\u00e4 kysymyksiss\u00e4.\",\"breadcrumb\":{\"@id\":\"https:\\\/\\\/hylajams.fi\\\/?page_id=5321#breadcrumb\"},\"inLanguage\":\"fi\",\"potentialAction\":[{\"@type\":\"ReadAction\",\"target\":[\"https:\\\/\\\/hylajams.fi\\\/?page_id=5321\"]}]},{\"@type\":\"ImageObject\",\"inLanguage\":\"fi\",\"@id\":\"https:\\\/\\\/hylajams.fi\\\/?page_id=5321#primaryimage\",\"url\":\"https:\\\/\\\/hylajams.fi\\\/wp-content\\\/uploads\\\/2023\\\/02\\\/yhteydenotto.jpg\",\"contentUrl\":\"https:\\\/\\\/hylajams.fi\\\/wp-content\\\/uploads\\\/2023\\\/02\\\/yhteydenotto.jpg\",\"width\":438,\"height\":300},{\"@type\":\"BreadcrumbList\",\"@id\":\"https:\\\/\\\/hylajams.fi\\\/?page_id=5321#breadcrumb\",\"itemListElement\":[{\"@type\":\"ListItem\",\"position\":1,\"name\":\"Etusivu\",\"item\":\"https:\\\/\\\/hylajams.fi\\\/\"},{\"@type\":\"ListItem\",\"position\":2,\"name\":\"Ota yhteytt\u00e4\"}]},{\"@type\":\"WebSite\",\"@id\":\"https:\\\/\\\/hylajams.fi\\\/#website\",\"url\":\"https:\\\/\\\/hylajams.fi\\\/\",\"name\":\"Hyla Jams Verkkokauppa\",\"description\":\"Hyla ilman- ja huoneen puhdistusj\u00e4rjestelm\u00e4 Suomessa\",\"publisher\":{\"@id\":\"https:\\\/\\\/hylajams.fi\\\/#organization\"},\"potentialAction\":[{\"@type\":\"SearchAction\",\"target\":{\"@type\":\"EntryPoint\",\"urlTemplate\":\"https:\\\/\\\/hylajams.fi\\\/?s={search_term_string}\"},\"query-input\":{\"@type\":\"PropertyValueSpecification\",\"valueRequired\":true,\"valueName\":\"search_term_string\"}}],\"inLanguage\":\"fi\"},{\"@type\":\"Organization\",\"@id\":\"https:\\\/\\\/hylajams.fi\\\/#organization\",\"name\":\"Hyla Jams Verkkokauppa\",\"url\":\"https:\\\/\\\/hylajams.fi\\\/\",\"logo\":{\"@type\":\"ImageObject\",\"inLanguage\":\"fi\",\"@id\":\"https:\\\/\\\/hylajams.fi\\\/#\\\/schema\\\/logo\\\/image\\\/\",\"url\":\"https:\\\/\\\/hylajams.fi\\\/wp-content\\\/uploads\\\/2025\\\/02\\\/Logo-1-2.jpg\",\"contentUrl\":\"https:\\\/\\\/hylajams.fi\\\/wp-content\\\/uploads\\\/2025\\\/02\\\/Logo-1-2.jpg\",\"width\":500,\"height\":500,\"caption\":\"Hyla Jams Verkkokauppa\"},\"image\":{\"@id\":\"https:\\\/\\\/hylajams.fi\\\/#\\\/schema\\\/logo\\\/image\\\/\"},\"sameAs\":[\"https:\\\/\\\/www.instagram.com\\\/hylasiivous\\\/\"]}]}<\/script>\n<!-- \/ Yoast SEO plugin. -->","yoast_head_json":{"title":"Ota yhteytt\u00e4 | Hyla Jams","description":"Ota yhteytt\u00e4 Hyla Jamsiin lomakkeella. Autamme HYLA-laitteisiin, huoltoon, lis\u00e4varusteisiin ja tilauksiin liittyviss\u00e4 kysymyksiss\u00e4.","robots":{"index":"index","follow":"follow","max-snippet":"max-snippet:-1","max-image-preview":"max-image-preview:large","max-video-preview":"max-video-preview:-1"},"canonical":"https:\/\/hylajams.fi\/?page_id=5321","og_locale":"fi_FI","og_type":"article","og_title":"Ota yhteytt\u00e4 | Hyla Jams","og_description":"Ota yhteytt\u00e4 Hyla Jamsiin lomakkeella. Autamme HYLA-laitteisiin, huoltoon, lis\u00e4varusteisiin ja tilauksiin liittyviss\u00e4 kysymyksiss\u00e4.","og_url":"https:\/\/hylajams.fi\/?page_id=5321","og_site_name":"Hyla Jams Verkkokauppa","article_modified_time":"2026-02-25T13:08:22+00:00","og_image":[{"width":438,"height":300,"url":"https:\/\/hylajams.fi\/wp-content\/uploads\/2023\/02\/yhteydenotto.jpg","type":"image\/jpeg"}],"twitter_card":"summary_large_image","twitter_misc":{"Arvioitu lukuaika":"2 minuuttia"},"schema":{"@context":"https:\/\/schema.org","@graph":[{"@type":"WebPage","@id":"https:\/\/hylajams.fi\/?page_id=5321","url":"https:\/\/hylajams.fi\/?page_id=5321","name":"Ota yhteytt\u00e4 | Hyla Jams","isPartOf":{"@id":"https:\/\/hylajams.fi\/#website"},"primaryImageOfPage":{"@id":"https:\/\/hylajams.fi\/?page_id=5321#primaryimage"},"image":{"@id":"https:\/\/hylajams.fi\/?page_id=5321#primaryimage"},"thumbnailUrl":"https:\/\/hylajams.fi\/wp-content\/uploads\/2023\/02\/yhteydenotto.jpg","datePublished":"2023-06-17T18:26:55+00:00","dateModified":"2026-02-25T13:08:22+00:00","description":"Ota yhteytt\u00e4 Hyla Jamsiin lomakkeella. Autamme HYLA-laitteisiin, huoltoon, lis\u00e4varusteisiin ja tilauksiin liittyviss\u00e4 kysymyksiss\u00e4.","breadcrumb":{"@id":"https:\/\/hylajams.fi\/?page_id=5321#breadcrumb"},"inLanguage":"fi","potentialAction":[{"@type":"ReadAction","target":["https:\/\/hylajams.fi\/?page_id=5321"]}]},{"@type":"ImageObject","inLanguage":"fi","@id":"https:\/\/hylajams.fi\/?page_id=5321#primaryimage","url":"https:\/\/hylajams.fi\/wp-content\/uploads\/2023\/02\/yhteydenotto.jpg","contentUrl":"https:\/\/hylajams.fi\/wp-content\/uploads\/2023\/02\/yhteydenotto.jpg","width":438,"height":300},{"@type":"BreadcrumbList","@id":"https:\/\/hylajams.fi\/?page_id=5321#breadcrumb","itemListElement":[{"@type":"ListItem","position":1,"name":"Etusivu","item":"https:\/\/hylajams.fi\/"},{"@type":"ListItem","position":2,"name":"Ota yhteytt\u00e4"}]},{"@type":"WebSite","@id":"https:\/\/hylajams.fi\/#website","url":"https:\/\/hylajams.fi\/","name":"Hyla Jams Verkkokauppa","description":"Hyla ilman- ja huoneen puhdistusj\u00e4rjestelm\u00e4 Suomessa","publisher":{"@id":"https:\/\/hylajams.fi\/#organization"},"potentialAction":[{"@type":"SearchAction","target":{"@type":"EntryPoint","urlTemplate":"https:\/\/hylajams.fi\/?s={search_term_string}"},"query-input":{"@type":"PropertyValueSpecification","valueRequired":true,"valueName":"search_term_string"}}],"inLanguage":"fi"},{"@type":"Organization","@id":"https:\/\/hylajams.fi\/#organization","name":"Hyla Jams Verkkokauppa","url":"https:\/\/hylajams.fi\/","logo":{"@type":"ImageObject","inLanguage":"fi","@id":"https:\/\/hylajams.fi\/#\/schema\/logo\/image\/","url":"https:\/\/hylajams.fi\/wp-content\/uploads\/2025\/02\/Logo-1-2.jpg","contentUrl":"https:\/\/hylajams.fi\/wp-content\/uploads\/2025\/02\/Logo-1-2.jpg","width":500,"height":500,"caption":"Hyla Jams Verkkokauppa"},"image":{"@id":"https:\/\/hylajams.fi\/#\/schema\/logo\/image\/"},"sameAs":["https:\/\/www.instagram.com\/hylasiivous\/"]}]}},"_links":{"self":[{"href":"https:\/\/hylajams.fi\/index.php?rest_route=\/wp\/v2\/pages\/5321","targetHints":{"allow":["GET"]}}],"collection":[{"href":"https:\/\/hylajams.fi\/index.php?rest_route=\/wp\/v2\/pages"}],"about":[{"href":"https:\/\/hylajams.fi\/index.php?rest_route=\/wp\/v2\/types\/page"}],"author":[{"embeddable":true,"href":"https:\/\/hylajams.fi\/index.php?rest_route=\/wp\/v2\/users\/2"}],"replies":[{"embeddable":true,"href":"https:\/\/hylajams.fi\/index.php?rest_route=%2Fwp%2Fv2%2Fcomments&post=5321"}],"version-history":[{"count":17,"href":"https:\/\/hylajams.fi\/index.php?rest_route=\/wp\/v2\/pages\/5321\/revisions"}],"predecessor-version":[{"id":13034,"href":"https:\/\/hylajams.fi\/index.php?rest_route=\/wp\/v2\/pages\/5321\/revisions\/13034"}],"wp:attachment":[{"href":"https:\/\/hylajams.fi\/index.php?rest_route=%2Fwp%2Fv2%2Fmedia&parent=5321"}],"curies":[{"name":"wp","href":"https:\/\/api.w.org\/{rel}","templated":true}]}}