{"id":4850,"date":"2023-02-16T19:59:34","date_gmt":"2023-02-16T17:59:34","guid":{"rendered":"https:\/\/hylajams.fi\/?page_id=4850"},"modified":"2026-03-22T17:14:19","modified_gmt":"2026-03-22T15:14:19","slug":"hyla-ja-koti","status":"publish","type":"page","link":"https:\/\/hylajams.fi\/?page_id=4850","title":{"rendered":"HYLA JA KOTI"},"content":{"rendered":"\n<p class=\"has-large-font-size\"><\/p>\n\n\n\n<h2 class=\"wp-block-heading has-text-color has-link-color wp-elements-19d0b93b2b9a54cc75d6a53772701717\" style=\"color:#006d77\">Oma koti kullan kallis, mutta haluatko sen olevan my\u00f6s puhdas ja raikas?<\/h2>\n\n\n\n<p class=\"has-background\" style=\"background-color:#e6f7f9\">HYLA ja koti &#8211; Oma koti on paras paikka maailmassa \u2013 siell\u00e4 on hyv\u00e4 olla! Jotta kotisi olisi entist\u00e4 viihtyis\u00e4mpi, raikkaampi ja mukavampi, on ihana palata sinne joka p\u00e4iv\u00e4. Rakkaan kodin ilmapiiri luo tunnelman heti ulko-ovella. Jos koti on tunkkainen, p\u00f6lyinen tai ep\u00e4siisti, ei sinne ole mukava tulla, eik\u00e4 nukkua puhtaassa ymp\u00e4rist\u00f6ss\u00e4.<br><br>Hyla Jams auttaa sinua saamaan kaiken hy\u00f6dyn kodin puhtaudesta. Haluamme, ett\u00e4 sanot:<strong> \u201cOnpa ihanan mukavaa tulla raikkaaseen, puhtaaseen kotiin!\u201d<\/strong> Hyla-tuotteet ovat kest\u00e4vi\u00e4, varmatoimisia ja suunniteltu juuri kodin puhdistukseen. Ne ovat saatavilla Suomeen Hyla Jams -verkkokaupan kautta.<br><br>T\u00e4\u00e4lt\u00e4 l\u00f6yd\u00e4t my\u00f6s uusia siivous- ja puhdistusvinkkej\u00e4, joiden avulla saat kaiken hy\u00f6dyn Hyla-laitteistasi, oli kyseess\u00e4 sitten koti tai ty\u00f6paikka. Kun kohtaat puhdistushaasteen, kysy itselt\u00e4si: <strong>\u201cVoisinko ratkaista t\u00e4m\u00e4n Hylalla?\u201d<\/strong> \u2013 useimmiten se onnistuu.<\/p>\n\n\n\n<p><\/p>\n\n\n\n<figure class=\"wp-block-gallery has-nested-images columns-default is-cropped wp-block-gallery-1 is-layout-flex wp-block-gallery-is-layout-flex\">\n<figure class=\"wp-block-image size-large\"><img fetchpriority=\"high\" decoding=\"async\" width=\"600\" height=\"600\" data-id=\"4515\" src=\"https:\/\/hylajams.fi\/wp-content\/uploads\/2022\/10\/olohuone1.png\" alt=\"HYLA ja koti\" class=\"wp-image-4515\" srcset=\"https:\/\/hylajams.fi\/wp-content\/uploads\/2022\/10\/olohuone1.png 600w, https:\/\/hylajams.fi\/wp-content\/uploads\/2022\/10\/olohuone1-300x300.png 300w, https:\/\/hylajams.fi\/wp-content\/uploads\/2022\/10\/olohuone1-150x150.png 150w, https:\/\/hylajams.fi\/wp-content\/uploads\/2022\/10\/olohuone1-100x100.png 100w\" sizes=\"(max-width: 600px) 100vw, 600px\" \/><\/figure>\n\n\n\n<figure class=\"wp-block-image size-large\"><img decoding=\"async\" width=\"450\" height=\"155\" data-id=\"4851\" src=\"https:\/\/hylajams.fi\/wp-content\/uploads\/2023\/02\/shutterstock_1168555861.jpg\" alt=\"HYLA ja koti\" class=\"wp-image-4851\" srcset=\"https:\/\/hylajams.fi\/wp-content\/uploads\/2023\/02\/shutterstock_1168555861.jpg 450w, https:\/\/hylajams.fi\/wp-content\/uploads\/2023\/02\/shutterstock_1168555861-300x103.jpg 300w\" sizes=\"(max-width: 450px) 100vw, 450px\" \/><\/figure>\n\n\n\n<figure class=\"wp-block-image size-full\"><img decoding=\"async\" width=\"1920\" height=\"1080\" data-id=\"8157\" src=\"https:\/\/hylajams.fi\/wp-content\/uploads\/2024\/09\/perhe.jpg\" alt=\"HYLA ja koti\" class=\"wp-image-8157\" srcset=\"https:\/\/hylajams.fi\/wp-content\/uploads\/2024\/09\/perhe.jpg 1920w, https:\/\/hylajams.fi\/wp-content\/uploads\/2024\/09\/perhe-300x169.jpg 300w, https:\/\/hylajams.fi\/wp-content\/uploads\/2024\/09\/perhe-1024x576.jpg 1024w, https:\/\/hylajams.fi\/wp-content\/uploads\/2024\/09\/perhe-768x432.jpg 768w, https:\/\/hylajams.fi\/wp-content\/uploads\/2024\/09\/perhe-1536x864.jpg 1536w, https:\/\/hylajams.fi\/wp-content\/uploads\/2024\/09\/perhe-600x338.jpg 600w\" sizes=\"(max-width: 1920px) 100vw, 1920px\" \/><\/figure>\n\n\n\n<figure class=\"wp-block-image size-large\"><img loading=\"lazy\" decoding=\"async\" width=\"1024\" height=\"576\" data-id=\"8158\" src=\"https:\/\/hylajams.fi\/wp-content\/uploads\/2024\/09\/uni2-1024x576.jpg\" alt=\"\" class=\"wp-image-8158\" srcset=\"https:\/\/hylajams.fi\/wp-content\/uploads\/2024\/09\/uni2-1024x576.jpg 1024w, https:\/\/hylajams.fi\/wp-content\/uploads\/2024\/09\/uni2-300x169.jpg 300w, https:\/\/hylajams.fi\/wp-content\/uploads\/2024\/09\/uni2-768x432.jpg 768w, https:\/\/hylajams.fi\/wp-content\/uploads\/2024\/09\/uni2-1536x864.jpg 1536w, https:\/\/hylajams.fi\/wp-content\/uploads\/2024\/09\/uni2-600x338.jpg 600w, https:\/\/hylajams.fi\/wp-content\/uploads\/2024\/09\/uni2.jpg 1920w\" sizes=\"(max-width: 1024px) 100vw, 1024px\" \/><\/figure>\n<\/figure>\n\n\n\n<p><\/p>\n\n\n\n<div class=\"wp-block-media-text is-stacked-on-mobile has-background\" style=\"background-color:#e6f7f9\"><figure class=\"wp-block-media-text__media\"><img loading=\"lazy\" decoding=\"async\" width=\"960\" height=\"540\" src=\"https:\/\/hylajams.fi\/wp-content\/uploads\/2026\/02\/Hylat3.jpg\" alt=\"Hyla k\u00e4ytt\u00f6oppaat\" class=\"wp-image-12775 size-full\" srcset=\"https:\/\/hylajams.fi\/wp-content\/uploads\/2026\/02\/Hylat3.jpg 960w, https:\/\/hylajams.fi\/wp-content\/uploads\/2026\/02\/Hylat3-300x169.jpg 300w, https:\/\/hylajams.fi\/wp-content\/uploads\/2026\/02\/Hylat3-768x432.jpg 768w, https:\/\/hylajams.fi\/wp-content\/uploads\/2026\/02\/Hylat3-600x338.jpg 600w\" sizes=\"(max-width: 960px) 100vw, 960px\" \/><\/figure><div class=\"wp-block-media-text__content\">\n<p><strong>Tutustu kaikkiin Hyla-malleihin yhdell\u00e4 silm\u00e4yksell\u00e4<\/strong><\/p>\n\n\n\n<p>Hyla tarjoaa ratkaisuja eri tarpeisiin ja koteihin \u2013 l\u00f6yd\u00e4 oma tehokas siivouskumppanisi helposti. Alla olevista vaihtoehdoista n\u00e4et kaikki p\u00e4\u00e4mallimme yhdell\u00e4 kertaa:<\/p>\n\n\n\n<p><a href=\"https:\/\/hylajams.fi\/?page_id=10414\" type=\"page\" id=\"10414\"><strong>Hyla EST<\/strong> \u2013 uusin perusmalli, tehokas ja nykyaikainen ratkaisu<\/a><\/p>\n\n\n\n<p><a href=\"https:\/\/hylajams.fi\/?page_id=10414\" type=\"page\" id=\"10414\" target=\"_blank\" rel=\"noreferrer noopener\"><strong>Hyla NST<\/strong> \u2013 klassinen ja pitk\u00e4ik\u00e4inen, suosittu yli 20 vuotta<\/a><\/p>\n\n\n\n<p><a href=\"https:\/\/hylajams.fi\/?page_id=10414\" type=\"page\" id=\"10414\"><strong>Hyla GST<\/strong> \u2013 monipuolinen ja helppok\u00e4ytt\u00f6inen, sopii kaikenlaiseen siivoukseen<\/a><\/p>\n<\/div><\/div>\n\n\n\n<p><\/p>\n\n\n\n<p><a href=\"https:\/\/hylajams.fi\/wp-admin\/post.php?post=6562&amp;action=edit\" target=\"_blank\" rel=\"noreferrer noopener\"><strong>Lue lis\u00e4\u00e4 kuivan ilman vaikutuksista<\/strong><\/a><\/p>\n\n\n\n<p><video controls=\"\" src=\"https:\/\/hylajams.fi\/wp-content\/uploads\/2024\/04\/Lapsen-uni-2-musiikki-1.52.mp4\"><\/video><\/p>\n\n\n\n<p><\/p>\n\n\n\n<h5 class=\"wp-block-heading\"><a href=\"https:\/\/hylajams.fi\/?page_id=9\"><strong>VERKKOKAUPPA<\/strong><\/a><\/h5>\n\n\n\n<h5 class=\"wp-block-heading\"><strong><a href=\"https:\/\/www.hyla.com\/products\/products\">HYLA INTERNATIONAL<\/a><\/strong><\/h5>\n","protected":false},"excerpt":{"rendered":"<p>Oma koti kullan kallis, mutta haluatko sen olevan my\u00f6s puhdas ja raikas? HYLA ja koti &#8211; Oma koti on paras paikka maailmassa \u2013 siell\u00e4 on hyv\u00e4 olla! Jotta kotisi olisi<a href=\"https:\/\/hylajams.fi\/?page_id=4850\" class=\"d-block breadmore\">Lue lis\u00e4\u00e4<\/a><\/p>\n","protected":false},"author":2,"featured_media":0,"parent":0,"menu_order":0,"comment_status":"closed","ping_status":"closed","template":"","meta":{"footnotes":""},"class_list":["post-4850","page","type-page","status-publish","hentry","_wholesalex wsx-wholesalex-product"],"yoast_head":"<!-- This site is optimized with the Yoast SEO plugin v27.3 - https:\/\/yoast.com\/product\/yoast-seo-wordpress\/ -->\n<title>HYLA ja koti \u2013 Raikas, puhdas ja viihtyis\u00e4 kotisi | Hyla Jams<\/title>\n<meta name=\"description\" content=\"HYLA ja koti. Tee Hyla-tuotteilla kodistasi viihtyis\u00e4 ja paras. L\u00f6yd\u00e4t vinkit, lis\u00e4tarvikkeet ja kest\u00e4v\u00e4t ratkaisut arkeen verkkokaupasta.\" \/>\n<meta name=\"robots\" content=\"index, follow, max-snippet:-1, max-image-preview:large, max-video-preview:-1\" \/>\n<link rel=\"canonical\" href=\"https:\/\/hylajams.fi\/?page_id=4850\" \/>\n<meta property=\"og:locale\" content=\"fi_FI\" \/>\n<meta property=\"og:type\" content=\"article\" \/>\n<meta property=\"og:title\" content=\"HYLA ja koti \u2013 Raikas, puhdas ja viihtyis\u00e4 kotisi | Hyla Jams\" \/>\n<meta property=\"og:description\" content=\"HYLA ja koti. Tee Hyla-tuotteilla kodistasi viihtyis\u00e4 ja paras. L\u00f6yd\u00e4t vinkit, lis\u00e4tarvikkeet ja kest\u00e4v\u00e4t ratkaisut arkeen verkkokaupasta.\" \/>\n<meta property=\"og:url\" content=\"https:\/\/hylajams.fi\/?page_id=4850\" \/>\n<meta property=\"og:site_name\" content=\"Hyla Jams Verkkokauppa\" \/>\n<meta property=\"article:modified_time\" content=\"2026-03-22T15:14:19+00:00\" \/>\n<meta property=\"og:image\" content=\"https:\/\/hylajams.fi\/wp-content\/uploads\/2022\/10\/olohuone1.png\" \/>\n\t<meta property=\"og:image:width\" content=\"600\" \/>\n\t<meta property=\"og:image:height\" content=\"600\" \/>\n\t<meta property=\"og:image:type\" content=\"image\/png\" \/>\n<meta name=\"twitter:card\" content=\"summary_large_image\" \/>\n<meta name=\"twitter:label1\" content=\"Arvioitu lukuaika\" \/>\n\t<meta name=\"twitter:data1\" content=\"3 minuuttia\" \/>\n<script type=\"application\/ld+json\" class=\"yoast-schema-graph\">{\"@context\":\"https:\\\/\\\/schema.org\",\"@graph\":[{\"@type\":\"WebPage\",\"@id\":\"https:\\\/\\\/hylajams.fi\\\/?page_id=4850\",\"url\":\"https:\\\/\\\/hylajams.fi\\\/?page_id=4850\",\"name\":\"HYLA ja koti \u2013 Raikas, puhdas ja viihtyis\u00e4 kotisi | Hyla Jams\",\"isPartOf\":{\"@id\":\"https:\\\/\\\/hylajams.fi\\\/#website\"},\"primaryImageOfPage\":{\"@id\":\"https:\\\/\\\/hylajams.fi\\\/?page_id=4850#primaryimage\"},\"image\":{\"@id\":\"https:\\\/\\\/hylajams.fi\\\/?page_id=4850#primaryimage\"},\"thumbnailUrl\":\"https:\\\/\\\/hylajams.fi\\\/wp-content\\\/uploads\\\/2022\\\/10\\\/olohuone1.png\",\"datePublished\":\"2023-02-16T17:59:34+00:00\",\"dateModified\":\"2026-03-22T15:14:19+00:00\",\"description\":\"HYLA ja koti. Tee Hyla-tuotteilla kodistasi viihtyis\u00e4 ja paras. L\u00f6yd\u00e4t vinkit, lis\u00e4tarvikkeet ja kest\u00e4v\u00e4t ratkaisut arkeen verkkokaupasta.\",\"breadcrumb\":{\"@id\":\"https:\\\/\\\/hylajams.fi\\\/?page_id=4850#breadcrumb\"},\"inLanguage\":\"fi\",\"potentialAction\":[{\"@type\":\"ReadAction\",\"target\":[\"https:\\\/\\\/hylajams.fi\\\/?page_id=4850\"]}]},{\"@type\":\"ImageObject\",\"inLanguage\":\"fi\",\"@id\":\"https:\\\/\\\/hylajams.fi\\\/?page_id=4850#primaryimage\",\"url\":\"https:\\\/\\\/hylajams.fi\\\/wp-content\\\/uploads\\\/2022\\\/10\\\/olohuone1.png\",\"contentUrl\":\"https:\\\/\\\/hylajams.fi\\\/wp-content\\\/uploads\\\/2022\\\/10\\\/olohuone1.png\",\"width\":600,\"height\":600},{\"@type\":\"BreadcrumbList\",\"@id\":\"https:\\\/\\\/hylajams.fi\\\/?page_id=4850#breadcrumb\",\"itemListElement\":[{\"@type\":\"ListItem\",\"position\":1,\"name\":\"Etusivu\",\"item\":\"https:\\\/\\\/hylajams.fi\\\/\"},{\"@type\":\"ListItem\",\"position\":2,\"name\":\"HYLA JA KOTI\"}]},{\"@type\":\"WebSite\",\"@id\":\"https:\\\/\\\/hylajams.fi\\\/#website\",\"url\":\"https:\\\/\\\/hylajams.fi\\\/\",\"name\":\"Hyla Jams Verkkokauppa\",\"description\":\"Hyla ilman- ja huoneen puhdistusj\u00e4rjestelm\u00e4 Suomessa\",\"publisher\":{\"@id\":\"https:\\\/\\\/hylajams.fi\\\/#organization\"},\"potentialAction\":[{\"@type\":\"SearchAction\",\"target\":{\"@type\":\"EntryPoint\",\"urlTemplate\":\"https:\\\/\\\/hylajams.fi\\\/?s={search_term_string}\"},\"query-input\":{\"@type\":\"PropertyValueSpecification\",\"valueRequired\":true,\"valueName\":\"search_term_string\"}}],\"inLanguage\":\"fi\"},{\"@type\":\"Organization\",\"@id\":\"https:\\\/\\\/hylajams.fi\\\/#organization\",\"name\":\"Hyla Jams Verkkokauppa\",\"url\":\"https:\\\/\\\/hylajams.fi\\\/\",\"logo\":{\"@type\":\"ImageObject\",\"inLanguage\":\"fi\",\"@id\":\"https:\\\/\\\/hylajams.fi\\\/#\\\/schema\\\/logo\\\/image\\\/\",\"url\":\"https:\\\/\\\/hylajams.fi\\\/wp-content\\\/uploads\\\/2025\\\/02\\\/Logo-1-2.jpg\",\"contentUrl\":\"https:\\\/\\\/hylajams.fi\\\/wp-content\\\/uploads\\\/2025\\\/02\\\/Logo-1-2.jpg\",\"width\":500,\"height\":500,\"caption\":\"Hyla Jams Verkkokauppa\"},\"image\":{\"@id\":\"https:\\\/\\\/hylajams.fi\\\/#\\\/schema\\\/logo\\\/image\\\/\"},\"sameAs\":[\"https:\\\/\\\/www.instagram.com\\\/hylasiivous\\\/\"]}]}<\/script>\n<!-- \/ Yoast SEO plugin. -->","yoast_head_json":{"title":"HYLA ja koti \u2013 Raikas, puhdas ja viihtyis\u00e4 kotisi | Hyla Jams","description":"HYLA ja koti. Tee Hyla-tuotteilla kodistasi viihtyis\u00e4 ja paras. L\u00f6yd\u00e4t vinkit, lis\u00e4tarvikkeet ja kest\u00e4v\u00e4t ratkaisut arkeen verkkokaupasta.","robots":{"index":"index","follow":"follow","max-snippet":"max-snippet:-1","max-image-preview":"max-image-preview:large","max-video-preview":"max-video-preview:-1"},"canonical":"https:\/\/hylajams.fi\/?page_id=4850","og_locale":"fi_FI","og_type":"article","og_title":"HYLA ja koti \u2013 Raikas, puhdas ja viihtyis\u00e4 kotisi | Hyla Jams","og_description":"HYLA ja koti. Tee Hyla-tuotteilla kodistasi viihtyis\u00e4 ja paras. L\u00f6yd\u00e4t vinkit, lis\u00e4tarvikkeet ja kest\u00e4v\u00e4t ratkaisut arkeen verkkokaupasta.","og_url":"https:\/\/hylajams.fi\/?page_id=4850","og_site_name":"Hyla Jams Verkkokauppa","article_modified_time":"2026-03-22T15:14:19+00:00","og_image":[{"width":600,"height":600,"url":"https:\/\/hylajams.fi\/wp-content\/uploads\/2022\/10\/olohuone1.png","type":"image\/png"}],"twitter_card":"summary_large_image","twitter_misc":{"Arvioitu lukuaika":"3 minuuttia"},"schema":{"@context":"https:\/\/schema.org","@graph":[{"@type":"WebPage","@id":"https:\/\/hylajams.fi\/?page_id=4850","url":"https:\/\/hylajams.fi\/?page_id=4850","name":"HYLA ja koti \u2013 Raikas, puhdas ja viihtyis\u00e4 kotisi | Hyla Jams","isPartOf":{"@id":"https:\/\/hylajams.fi\/#website"},"primaryImageOfPage":{"@id":"https:\/\/hylajams.fi\/?page_id=4850#primaryimage"},"image":{"@id":"https:\/\/hylajams.fi\/?page_id=4850#primaryimage"},"thumbnailUrl":"https:\/\/hylajams.fi\/wp-content\/uploads\/2022\/10\/olohuone1.png","datePublished":"2023-02-16T17:59:34+00:00","dateModified":"2026-03-22T15:14:19+00:00","description":"HYLA ja koti. Tee Hyla-tuotteilla kodistasi viihtyis\u00e4 ja paras. L\u00f6yd\u00e4t vinkit, lis\u00e4tarvikkeet ja kest\u00e4v\u00e4t ratkaisut arkeen verkkokaupasta.","breadcrumb":{"@id":"https:\/\/hylajams.fi\/?page_id=4850#breadcrumb"},"inLanguage":"fi","potentialAction":[{"@type":"ReadAction","target":["https:\/\/hylajams.fi\/?page_id=4850"]}]},{"@type":"ImageObject","inLanguage":"fi","@id":"https:\/\/hylajams.fi\/?page_id=4850#primaryimage","url":"https:\/\/hylajams.fi\/wp-content\/uploads\/2022\/10\/olohuone1.png","contentUrl":"https:\/\/hylajams.fi\/wp-content\/uploads\/2022\/10\/olohuone1.png","width":600,"height":600},{"@type":"BreadcrumbList","@id":"https:\/\/hylajams.fi\/?page_id=4850#breadcrumb","itemListElement":[{"@type":"ListItem","position":1,"name":"Etusivu","item":"https:\/\/hylajams.fi\/"},{"@type":"ListItem","position":2,"name":"HYLA JA KOTI"}]},{"@type":"WebSite","@id":"https:\/\/hylajams.fi\/#website","url":"https:\/\/hylajams.fi\/","name":"Hyla Jams Verkkokauppa","description":"Hyla ilman- ja huoneen puhdistusj\u00e4rjestelm\u00e4 Suomessa","publisher":{"@id":"https:\/\/hylajams.fi\/#organization"},"potentialAction":[{"@type":"SearchAction","target":{"@type":"EntryPoint","urlTemplate":"https:\/\/hylajams.fi\/?s={search_term_string}"},"query-input":{"@type":"PropertyValueSpecification","valueRequired":true,"valueName":"search_term_string"}}],"inLanguage":"fi"},{"@type":"Organization","@id":"https:\/\/hylajams.fi\/#organization","name":"Hyla Jams Verkkokauppa","url":"https:\/\/hylajams.fi\/","logo":{"@type":"ImageObject","inLanguage":"fi","@id":"https:\/\/hylajams.fi\/#\/schema\/logo\/image\/","url":"https:\/\/hylajams.fi\/wp-content\/uploads\/2025\/02\/Logo-1-2.jpg","contentUrl":"https:\/\/hylajams.fi\/wp-content\/uploads\/2025\/02\/Logo-1-2.jpg","width":500,"height":500,"caption":"Hyla Jams Verkkokauppa"},"image":{"@id":"https:\/\/hylajams.fi\/#\/schema\/logo\/image\/"},"sameAs":["https:\/\/www.instagram.com\/hylasiivous\/"]}]}},"_links":{"self":[{"href":"https:\/\/hylajams.fi\/index.php?rest_route=\/wp\/v2\/pages\/4850","targetHints":{"allow":["GET"]}}],"collection":[{"href":"https:\/\/hylajams.fi\/index.php?rest_route=\/wp\/v2\/pages"}],"about":[{"href":"https:\/\/hylajams.fi\/index.php?rest_route=\/wp\/v2\/types\/page"}],"author":[{"embeddable":true,"href":"https:\/\/hylajams.fi\/index.php?rest_route=\/wp\/v2\/users\/2"}],"replies":[{"embeddable":true,"href":"https:\/\/hylajams.fi\/index.php?rest_route=%2Fwp%2Fv2%2Fcomments&post=4850"}],"version-history":[{"count":10,"href":"https:\/\/hylajams.fi\/index.php?rest_route=\/wp\/v2\/pages\/4850\/revisions"}],"predecessor-version":[{"id":13358,"href":"https:\/\/hylajams.fi\/index.php?rest_route=\/wp\/v2\/pages\/4850\/revisions\/13358"}],"wp:attachment":[{"href":"https:\/\/hylajams.fi\/index.php?rest_route=%2Fwp%2Fv2%2Fmedia&parent=4850"}],"curies":[{"name":"wp","href":"https:\/\/api.w.org\/{rel}","templated":true}]}}