{"id":4811,"date":"2023-02-06T22:12:57","date_gmt":"2023-02-06T20:12:57","guid":{"rendered":"https:\/\/hylajams.fi\/?page_id=4811"},"modified":"2026-02-26T22:50:11","modified_gmt":"2026-02-26T20:50:11","slug":"suosittele-hyla-est","status":"publish","type":"page","link":"https:\/\/hylajams.fi\/?page_id=4811","title":{"rendered":"Suosittele Hyla EST Kodinpuhdistajaa."},"content":{"rendered":"\n<p class=\"has-medium-font-size\">Suosittele Hyla EST Kodinpuhdistajaa yst\u00e4v\u00e4llesi, saat iki oman suosittelulahjan oman valinnan mukaan. <\/p>\n\n\n\n<p class=\"has-medium-font-size\"><strong><a href=\"https:\/\/forms.office.com\/r\/3WYxMfZRsU\" data-type=\"URL\" data-id=\"https:\/\/forms.office.com\/r\/3WYxMfZRsU\" target=\"_blank\" rel=\"noreferrer noopener\">T\u00c4YT\u00c4 LOMAKE.<\/a><\/strong><\/p>\n\n\n\n<div class=\"wp-block-media-text alignwide has-media-on-the-right is-stacked-on-mobile\"><div class=\"wp-block-media-text__content\">\n<p class=\"has-medium-font-size\">Onko yst\u00e4v\u00e4ll\u00e4si koiria, kissoja tai onko l\u00e4hipiiriss\u00e4 astmaa,  hengitystie tai p\u00f6lyallergia ongelmia. Haluaisitko suositella h\u00e4nelle Hylaa.<\/p>\n\n\n\n<p class=\"has-medium-font-size\">Miten pystyn tekem\u00e4\u00e4n suosittelun?<\/p>\n\n\n\n<p class=\"has-medium-font-size\">Napsauta t\u00e4t\u00e4 <a rel=\"noreferrer noopener\" href=\"https:\/\/forms.office.com\/r\/3WYxMfZRsU\" data-type=\"URL\" data-id=\"https:\/\/forms.office.com\/r\/3WYxMfZRsU\" target=\"_blank\"><strong>&#8221;Suositus&#8221;<\/strong> <\/a>-linkki\u00e4, niin p\u00e4\u00e4set t\u00e4ytt\u00e4m\u00e4\u00e4n lomakkeen turvallisesti ilman mainoksia. Jos et halua linkin kautta antaa omia tietoja, voit tulostaa lomakkeen ja l\u00e4hett\u00e4\u00e4 sen postin kautta osoitteeseen: Hyla Jams Verkkokauppa, Puistorinne 17, 74200 Vierem\u00e4.<\/p>\n\n\n\n<p class=\"has-medium-font-size\">Yksityisyyden vuoksi, lomakkeessa tulee olla sek\u00e4 suosittelijan ett\u00e4 suostumuksen antajan lupa.<\/p>\n<\/div><figure class=\"wp-block-media-text__media\"><img fetchpriority=\"high\" decoding=\"async\" width=\"450\" height=\"300\" src=\"https:\/\/hylajams.fi\/wp-content\/uploads\/2023\/02\/shutterstock_387666880.jpg\" alt=\"Suosittele Hyla EST\" class=\"wp-image-4812 size-full\" srcset=\"https:\/\/hylajams.fi\/wp-content\/uploads\/2023\/02\/shutterstock_387666880.jpg 450w, https:\/\/hylajams.fi\/wp-content\/uploads\/2023\/02\/shutterstock_387666880-300x200.jpg 300w\" sizes=\"(max-width: 450px) 100vw, 450px\" \/><\/figure><\/div>\n","protected":false},"excerpt":{"rendered":"<p>Suosittele Hyla EST Kodinpuhdistajaa yst\u00e4v\u00e4llesi, saat iki oman suosittelulahjan oman valinnan mukaan. T\u00c4YT\u00c4 LOMAKE. Onko yst\u00e4v\u00e4ll\u00e4si koiria, kissoja tai onko l\u00e4hipiiriss\u00e4 astmaa, hengitystie tai p\u00f6lyallergia ongelmia. Haluaisitko suositella h\u00e4nelle Hylaa.<a href=\"https:\/\/hylajams.fi\/?page_id=4811\" class=\"d-block breadmore\">Lue lis\u00e4\u00e4<\/a><\/p>\n","protected":false},"author":2,"featured_media":4814,"parent":0,"menu_order":1,"comment_status":"closed","ping_status":"closed","template":"","meta":{"footnotes":""},"class_list":["post-4811","page","type-page","status-publish","has-post-thumbnail","hentry","_wholesalex wsx-wholesalex-product"],"yoast_head":"<!-- This site is optimized with the Yoast SEO plugin v27.3 - https:\/\/yoast.com\/product\/yoast-seo-wordpress\/ -->\n<title>Suosittele Hyla EST - Anna yst\u00e4v\u00e4sikin nauttia puhtaudesta.<\/title>\n<meta name=\"description\" content=\"Suosittele Hyla EST Kodinpuhdistajaa yst\u00e4v\u00e4llesi, saat iki oman suosittelulahjan oman valinnan mukaan mm. ilmanraikastin.\" \/>\n<meta name=\"robots\" content=\"noindex, follow\" \/>\n<meta property=\"og:locale\" content=\"fi_FI\" \/>\n<meta property=\"og:type\" content=\"article\" \/>\n<meta property=\"og:title\" content=\"Suosittele Hyla EST - Anna yst\u00e4v\u00e4sikin nauttia puhtaudesta.\" \/>\n<meta property=\"og:description\" content=\"Suosittele Hyla EST Kodinpuhdistajaa yst\u00e4v\u00e4llesi, saat iki oman suosittelulahjan oman valinnan mukaan mm. ilmanraikastin.\" \/>\n<meta property=\"og:url\" content=\"https:\/\/hylajams.fi\/?page_id=4811\" \/>\n<meta property=\"og:site_name\" content=\"Hyla Jams Verkkokauppa\" \/>\n<meta property=\"article:modified_time\" content=\"2026-02-26T20:50:11+00:00\" \/>\n<meta property=\"og:image\" content=\"https:\/\/hylajams.fi\/wp-content\/uploads\/2023\/02\/shutterstock_324364049.jpg\" \/>\n\t<meta property=\"og:image:width\" content=\"450\" \/>\n\t<meta property=\"og:image:height\" content=\"300\" \/>\n\t<meta property=\"og:image:type\" content=\"image\/jpeg\" \/>\n<meta name=\"twitter:card\" content=\"summary_large_image\" \/>\n<meta name=\"twitter:label1\" content=\"Arvioitu lukuaika\" \/>\n\t<meta name=\"twitter:data1\" content=\"1 minuutti\" \/>\n<script type=\"application\/ld+json\" class=\"yoast-schema-graph\">{\"@context\":\"https:\\\/\\\/schema.org\",\"@graph\":[{\"@type\":\"WebPage\",\"@id\":\"https:\\\/\\\/hylajams.fi\\\/?page_id=4811\",\"url\":\"https:\\\/\\\/hylajams.fi\\\/?page_id=4811\",\"name\":\"Suosittele Hyla EST - Anna yst\u00e4v\u00e4sikin nauttia puhtaudesta.\",\"isPartOf\":{\"@id\":\"https:\\\/\\\/hylajams.fi\\\/#website\"},\"primaryImageOfPage\":{\"@id\":\"https:\\\/\\\/hylajams.fi\\\/?page_id=4811#primaryimage\"},\"image\":{\"@id\":\"https:\\\/\\\/hylajams.fi\\\/?page_id=4811#primaryimage\"},\"thumbnailUrl\":\"https:\\\/\\\/hylajams.fi\\\/wp-content\\\/uploads\\\/2023\\\/02\\\/shutterstock_324364049.jpg\",\"datePublished\":\"2023-02-06T20:12:57+00:00\",\"dateModified\":\"2026-02-26T20:50:11+00:00\",\"description\":\"Suosittele Hyla EST Kodinpuhdistajaa yst\u00e4v\u00e4llesi, saat iki oman suosittelulahjan oman valinnan mukaan mm. ilmanraikastin.\",\"breadcrumb\":{\"@id\":\"https:\\\/\\\/hylajams.fi\\\/?page_id=4811#breadcrumb\"},\"inLanguage\":\"fi\",\"potentialAction\":[{\"@type\":\"ReadAction\",\"target\":[\"https:\\\/\\\/hylajams.fi\\\/?page_id=4811\"]}]},{\"@type\":\"ImageObject\",\"inLanguage\":\"fi\",\"@id\":\"https:\\\/\\\/hylajams.fi\\\/?page_id=4811#primaryimage\",\"url\":\"https:\\\/\\\/hylajams.fi\\\/wp-content\\\/uploads\\\/2023\\\/02\\\/shutterstock_324364049.jpg\",\"contentUrl\":\"https:\\\/\\\/hylajams.fi\\\/wp-content\\\/uploads\\\/2023\\\/02\\\/shutterstock_324364049.jpg\",\"width\":450,\"height\":300},{\"@type\":\"BreadcrumbList\",\"@id\":\"https:\\\/\\\/hylajams.fi\\\/?page_id=4811#breadcrumb\",\"itemListElement\":[{\"@type\":\"ListItem\",\"position\":1,\"name\":\"Etusivu\",\"item\":\"https:\\\/\\\/hylajams.fi\\\/\"},{\"@type\":\"ListItem\",\"position\":2,\"name\":\"Suosittele Hyla EST Kodinpuhdistajaa.\"}]},{\"@type\":\"WebSite\",\"@id\":\"https:\\\/\\\/hylajams.fi\\\/#website\",\"url\":\"https:\\\/\\\/hylajams.fi\\\/\",\"name\":\"Hyla Jams Verkkokauppa\",\"description\":\"Hyla ilman- ja huoneen puhdistusj\u00e4rjestelm\u00e4 Suomessa\",\"publisher\":{\"@id\":\"https:\\\/\\\/hylajams.fi\\\/#organization\"},\"potentialAction\":[{\"@type\":\"SearchAction\",\"target\":{\"@type\":\"EntryPoint\",\"urlTemplate\":\"https:\\\/\\\/hylajams.fi\\\/?s={search_term_string}\"},\"query-input\":{\"@type\":\"PropertyValueSpecification\",\"valueRequired\":true,\"valueName\":\"search_term_string\"}}],\"inLanguage\":\"fi\"},{\"@type\":\"Organization\",\"@id\":\"https:\\\/\\\/hylajams.fi\\\/#organization\",\"name\":\"Hyla Jams Verkkokauppa\",\"url\":\"https:\\\/\\\/hylajams.fi\\\/\",\"logo\":{\"@type\":\"ImageObject\",\"inLanguage\":\"fi\",\"@id\":\"https:\\\/\\\/hylajams.fi\\\/#\\\/schema\\\/logo\\\/image\\\/\",\"url\":\"https:\\\/\\\/hylajams.fi\\\/wp-content\\\/uploads\\\/2025\\\/02\\\/Logo-1-2.jpg\",\"contentUrl\":\"https:\\\/\\\/hylajams.fi\\\/wp-content\\\/uploads\\\/2025\\\/02\\\/Logo-1-2.jpg\",\"width\":500,\"height\":500,\"caption\":\"Hyla Jams Verkkokauppa\"},\"image\":{\"@id\":\"https:\\\/\\\/hylajams.fi\\\/#\\\/schema\\\/logo\\\/image\\\/\"},\"sameAs\":[\"https:\\\/\\\/www.instagram.com\\\/hylasiivous\\\/\"]}]}<\/script>\n<!-- \/ Yoast SEO plugin. -->","yoast_head_json":{"title":"Suosittele Hyla EST - Anna yst\u00e4v\u00e4sikin nauttia puhtaudesta.","description":"Suosittele Hyla EST Kodinpuhdistajaa yst\u00e4v\u00e4llesi, saat iki oman suosittelulahjan oman valinnan mukaan mm. ilmanraikastin.","robots":{"index":"noindex","follow":"follow"},"og_locale":"fi_FI","og_type":"article","og_title":"Suosittele Hyla EST - Anna yst\u00e4v\u00e4sikin nauttia puhtaudesta.","og_description":"Suosittele Hyla EST Kodinpuhdistajaa yst\u00e4v\u00e4llesi, saat iki oman suosittelulahjan oman valinnan mukaan mm. ilmanraikastin.","og_url":"https:\/\/hylajams.fi\/?page_id=4811","og_site_name":"Hyla Jams Verkkokauppa","article_modified_time":"2026-02-26T20:50:11+00:00","og_image":[{"width":450,"height":300,"url":"https:\/\/hylajams.fi\/wp-content\/uploads\/2023\/02\/shutterstock_324364049.jpg","type":"image\/jpeg"}],"twitter_card":"summary_large_image","twitter_misc":{"Arvioitu lukuaika":"1 minuutti"},"schema":{"@context":"https:\/\/schema.org","@graph":[{"@type":"WebPage","@id":"https:\/\/hylajams.fi\/?page_id=4811","url":"https:\/\/hylajams.fi\/?page_id=4811","name":"Suosittele Hyla EST - Anna yst\u00e4v\u00e4sikin nauttia puhtaudesta.","isPartOf":{"@id":"https:\/\/hylajams.fi\/#website"},"primaryImageOfPage":{"@id":"https:\/\/hylajams.fi\/?page_id=4811#primaryimage"},"image":{"@id":"https:\/\/hylajams.fi\/?page_id=4811#primaryimage"},"thumbnailUrl":"https:\/\/hylajams.fi\/wp-content\/uploads\/2023\/02\/shutterstock_324364049.jpg","datePublished":"2023-02-06T20:12:57+00:00","dateModified":"2026-02-26T20:50:11+00:00","description":"Suosittele Hyla EST Kodinpuhdistajaa yst\u00e4v\u00e4llesi, saat iki oman suosittelulahjan oman valinnan mukaan mm. ilmanraikastin.","breadcrumb":{"@id":"https:\/\/hylajams.fi\/?page_id=4811#breadcrumb"},"inLanguage":"fi","potentialAction":[{"@type":"ReadAction","target":["https:\/\/hylajams.fi\/?page_id=4811"]}]},{"@type":"ImageObject","inLanguage":"fi","@id":"https:\/\/hylajams.fi\/?page_id=4811#primaryimage","url":"https:\/\/hylajams.fi\/wp-content\/uploads\/2023\/02\/shutterstock_324364049.jpg","contentUrl":"https:\/\/hylajams.fi\/wp-content\/uploads\/2023\/02\/shutterstock_324364049.jpg","width":450,"height":300},{"@type":"BreadcrumbList","@id":"https:\/\/hylajams.fi\/?page_id=4811#breadcrumb","itemListElement":[{"@type":"ListItem","position":1,"name":"Etusivu","item":"https:\/\/hylajams.fi\/"},{"@type":"ListItem","position":2,"name":"Suosittele Hyla EST Kodinpuhdistajaa."}]},{"@type":"WebSite","@id":"https:\/\/hylajams.fi\/#website","url":"https:\/\/hylajams.fi\/","name":"Hyla Jams Verkkokauppa","description":"Hyla ilman- ja huoneen puhdistusj\u00e4rjestelm\u00e4 Suomessa","publisher":{"@id":"https:\/\/hylajams.fi\/#organization"},"potentialAction":[{"@type":"SearchAction","target":{"@type":"EntryPoint","urlTemplate":"https:\/\/hylajams.fi\/?s={search_term_string}"},"query-input":{"@type":"PropertyValueSpecification","valueRequired":true,"valueName":"search_term_string"}}],"inLanguage":"fi"},{"@type":"Organization","@id":"https:\/\/hylajams.fi\/#organization","name":"Hyla Jams Verkkokauppa","url":"https:\/\/hylajams.fi\/","logo":{"@type":"ImageObject","inLanguage":"fi","@id":"https:\/\/hylajams.fi\/#\/schema\/logo\/image\/","url":"https:\/\/hylajams.fi\/wp-content\/uploads\/2025\/02\/Logo-1-2.jpg","contentUrl":"https:\/\/hylajams.fi\/wp-content\/uploads\/2025\/02\/Logo-1-2.jpg","width":500,"height":500,"caption":"Hyla Jams Verkkokauppa"},"image":{"@id":"https:\/\/hylajams.fi\/#\/schema\/logo\/image\/"},"sameAs":["https:\/\/www.instagram.com\/hylasiivous\/"]}]}},"_links":{"self":[{"href":"https:\/\/hylajams.fi\/index.php?rest_route=\/wp\/v2\/pages\/4811","targetHints":{"allow":["GET"]}}],"collection":[{"href":"https:\/\/hylajams.fi\/index.php?rest_route=\/wp\/v2\/pages"}],"about":[{"href":"https:\/\/hylajams.fi\/index.php?rest_route=\/wp\/v2\/types\/page"}],"author":[{"embeddable":true,"href":"https:\/\/hylajams.fi\/index.php?rest_route=\/wp\/v2\/users\/2"}],"replies":[{"embeddable":true,"href":"https:\/\/hylajams.fi\/index.php?rest_route=%2Fwp%2Fv2%2Fcomments&post=4811"}],"version-history":[{"count":10,"href":"https:\/\/hylajams.fi\/index.php?rest_route=\/wp\/v2\/pages\/4811\/revisions"}],"predecessor-version":[{"id":13114,"href":"https:\/\/hylajams.fi\/index.php?rest_route=\/wp\/v2\/pages\/4811\/revisions\/13114"}],"wp:featuredmedia":[{"embeddable":true,"href":"https:\/\/hylajams.fi\/index.php?rest_route=\/wp\/v2\/media\/4814"}],"wp:attachment":[{"href":"https:\/\/hylajams.fi\/index.php?rest_route=%2Fwp%2Fv2%2Fmedia&parent=4811"}],"curies":[{"name":"wp","href":"https:\/\/api.w.org\/{rel}","templated":true}]}}