{"id":1675,"date":"2021-08-08T23:27:33","date_gmt":"2021-08-08T20:27:33","guid":{"rendered":"https:\/\/hylajams.fi\/?page_id=1675"},"modified":"2026-02-25T22:57:37","modified_gmt":"2026-02-25T20:57:37","slug":"toimitus-ja-myyntiehdot","status":"publish","type":"page","link":"https:\/\/hylajams.fi\/?page_id=1675","title":{"rendered":"Toimitus- ja myyntiehdot"},"content":{"rendered":"\n<p><\/p>\n\n\n\n<h4 class=\"wp-block-heading\">Toimitus- ja myyntiehdot<\/h4>\n\n\n\n<p><\/p>\n\n\n\n<p>Tilauksesi toimitus ja myyntiehdot Hyla Jams -verkkokaupassa.<\/p>\n\n\n\n<p><strong>MYYJ\u00c4N VASTUUT<\/strong><\/p>\n\n\n\n<p>Hyla Jams Verkkokauppamme tuotteet ovat joko <strong>varastotuotteita<\/strong> tai <strong>tilaustuotteita. Varastotuotteet toimitetaan Hyla Jamsin varastolta heti maksusuorituksen j\u00e4lkeen mm. Postiin tai Matkahuoltoon tai niit\u00e4 voi noutaa sovittuna aikana varastolta. Tilaustuotteet tulevat Hyla Jamsille, josta ne toimitetaan v\u00e4litt\u00f6m\u00e4sti asiakkaalle niiden saavuttua. Joissain tilanteessa tuote\/tuotteet toimitetaan tehtaalta my\u00f6s suoraan asiakkaalle.<\/strong> Varastotuotteet l\u00e4hetet\u00e4\u00e4n heti maksun vahvistamisen j\u00e4lkeen. Tilaustuotteiden toimitusaika on noin kaksi viikkoa, sill\u00e4 ne tilataan suoraan tehtaalta tarpeen mukaan. <\/p>\n\n\n\n<p><\/p>\n\n\n\n<h4 class=\"wp-block-heading\">Toimitusaika, palautus ja tilauksen peruminen<\/h4>\n\n\n\n<p><\/p>\n\n\n\n<p><strong>ERITYISTILAUKSET<\/strong><\/p>\n\n\n\n<p><strong>Erityistilauksena asiakkaan pyynn\u00f6st\u00e4<\/strong> tilatut vanhempien mallien (NST\/GST) harvinaisemmat tai lis\u00e4varusteet, joita ei ole saatavilla Hyla Jamsin varastosta, eiv\u00e4t ole peruutettavissa en\u00e4\u00e4 tilauksen j\u00e4lkeen. N\u00e4iss\u00e4 tapauksissa Hyla Jams <strong>varmistaa aina<\/strong> sek\u00e4 Hylan tehtaalta tuotteen saatavuuden ja asiakkaan kanssa tilauksen ennen lopullista k\u00e4sittely\u00e4, jolloin asiakkaalla on mahdollisuus perua tilaus ennen sen vahvistamista. Kun lasku on toimitettu asiakkaalle, tilauksen peruuttaminen ei ole en\u00e4\u00e4 mahdollista, koska tuote on jo k\u00e4sittelyss\u00e4 tehtaalla eik\u00e4 t\u00e4ll\u00f6in tilattua tuotetta voida peruttaa eik\u00e4 palauttaa Hylan tehtaalle. <\/p>\n\n\n\n<p>Verkkokaupasta tilattujen tuotteiden maksaminen on mahdollista joko heti tilauksen yhteydess\u00e4 annettujen maksutietojen avulla tai laskulla, joka l\u00e4hetet\u00e4\u00e4n asiakkaan s\u00e4hk\u00f6postiin. Tuotteiden on oltava maksettu ennen niiden luovuttamista kuljetusyritykselle. Varastossa olevat tuotteet toimitetaan v\u00e4litt\u00f6m\u00e4sti postin tai matkahuollon kautta, jolloin ne ovat asiakkaan noudettavissa muutaman p\u00e4iv\u00e4n kuluessa. Hylan tehtaalta tilattavien tuotteiden laskutus tapahtuu vasta, kun tuotteen toimitus tehtaalta on varmistunut.<\/p>\n\n\n\n<p>Jos toimitusajat pidentyv\u00e4t myyj\u00e4st\u00e4 riippumattomista syist\u00e4, kuten pandemian, rahtiongelmien, lakkojen tai muiden viiv\u00e4stysten vuoksi, on myyj\u00e4 n\u00e4iss\u00e4 tilanteissa yhteydess\u00e4 ostajaan, mik\u00e4li toimitus merkitt\u00e4v\u00e4sti viiv\u00e4styy.<\/p>\n\n\n\n<p>Myyj\u00e4 vastaa laitteen tai tuotteen toimituksesta asiakkaalle 14 arkip\u00e4iv\u00e4n kuluessa tilauksen saavuttua Hyla Jamsille. Jos asiakas havaitsee tuotteessa tai laitteessa virheen, reklamaatio on teht\u00e4v\u00e4 v\u00e4litt\u00f6m\u00e4sti.<\/p>\n\n\n\n<p>Uuden HYLA ilman- ja huoneenpuhdistusj\u00e4rjestelm\u00e4n oston yhteydess\u00e4 toimitetaan asiakkaalle kauppasopimus, kotimyyntiasiakirjat sek\u00e4 k\u00e4ytt\u00f6ohje suomeksi. Myyj\u00e4 tarjoaa tarvittaessa my\u00f6s henkil\u00f6kohtaista opastusta laitteen k\u00e4ytt\u00f6\u00f6n.<\/p>\n\n\n\n<p><strong>TUOTETAKUU<\/strong><\/p>\n\n\n\n<p>Hyla Jams verkkokaupan tuotteilla (ei koske nestem\u00e4isi\u00e4 tuotteita) on yhden (1) vuoden takuu. Hyla ilman- ja huoneenpuhdistusj\u00e4rjestelm\u00e4n moottoriyksik\u00f6ll\u00e4 on viiden (5) vuoden takuu tuotteen luovutusp\u00e4iv\u00e4st\u00e4 alkaen. Ammattik\u00e4yt\u00f6ss\u00e4 moottoriyksik\u00f6lle my\u00f6nnet\u00e4\u00e4n kahden (2) vuoden takuu.<\/p>\n\n\n\n<p><strong>VERKKOKAUPASTA OSTETTUIHIN TUOTTEISIIN LIITTYV\u00c4T TAKUUEHDOT:<\/strong><\/p>\n\n\n\n<p><strong>HYLA ILMAN- JA HUONEENPUHDISTUSJ\u00c4RJESTELM\u00c4 JA ILMANRAIKASTIN<\/strong><\/p>\n\n\n\n<p>Hyla ilman- ja huoneenpuhdistusj\u00e4rjestelm\u00e4n (Uudet HYLA EST\/GST) sek\u00e4 Hyla ilmanraikastimen mukana toimitetaan k\u00e4ytt\u00f6ohje, jota tulee noudattaa tarkasti.<\/p>\n\n\n\n<p><strong>Takuu ei kata seuraavia tilanteita:<\/strong><\/p>\n\n\n\n<ul class=\"wp-block-list\">\n<li>Vika johtuu s\u00e4hk\u00f6verkon h\u00e4iri\u00f6st\u00e4<\/li>\n\n\n\n<li>Laitetta on k\u00e4ytetty virheellisesti<\/li>\n\n\n\n<li>Laitetta on k\u00e4ytetty ilman vett\u00e4 tai siihen on lis\u00e4tty liikaa vett\u00e4<\/li>\n\n\n\n<li>Laitetta tai tuotetta on manipuloitu (vian etsint\u00e4, korjausyritys) tai sille on aiheutettu tarkoituksellisesti vahinkoa<\/li>\n<\/ul>\n\n\n\n<p><strong>OMISTUSOIKEUS VERKKOKAUPAN TUOTTEISIIN<\/strong><\/p>\n\n\n\n<p>Kaupan kohde on HYLA Jamsin omaisuutta, kunnes koko kauppasumma on maksettu. <strong>T\u00e4m\u00e4 ei koske aiemmin mainittua erityistilausta asiakkaan pyynn\u00f6st\u00e4<\/strong>. Myyntituotteen tulee s\u00e4ily\u00e4 myyntikunnossa, ja sen osat on pidett\u00e4v\u00e4 puhtaana ja moitteettomassa kunnossa. HYLA Jams pid\u00e4tt\u00e4\u00e4 oikeuden vaatia korvauksia mahdollisista vahingoista, jos laite tai tuote joudutaan ottamaan takaisin asiakkaalta.<\/p>\n\n\n\n<p><strong>ASIAKASPALVELUSTA VASTAA:&nbsp;&nbsp;&nbsp;&nbsp;&nbsp;&nbsp;<\/strong><\/p>\n\n\n\n<p><strong>Hyla Jams\/Verkkokauppa Jams<\/strong><br>Puistorinne 17, 74200 Vierem\u00e4<br>0404 1010 80<\/p>\n\n\n\n<p><\/p>\n\n\n\n<p>Jos sinulla on kysytt\u00e4v\u00e4\u00e4 toimitus- ja myyntiehdoista, ota yhteytt\u00e4 asiakaspalveluun.<\/p>\n\n\n\n<p><\/p>\n\n\n\n<p><a href=\"https:\/\/hylajams.fi\/?page_id=935\" type=\"link\" id=\"https:\/\/hylajams.fi\/?page_id=935\" target=\"_blank\" rel=\"noreferrer noopener\"><strong>Asiakaspalvelu<\/strong><\/a><\/p>\n\n\n\n<p><\/p>\n\n\n\n<h4 class=\"wp-block-heading\"><strong><font dir=\"auto\" style=\"vertical-align: inherit;\"><font dir=\"auto\" style=\"vertical-align: inherit;\">KOTIMYNTIASIAKIRJA<\/font><\/font><\/strong><\/h4>\n\n\n\n<p><\/p>\n\n\n\n<p>Kotimyynti\u00e4 koskevat oikeudet perustuvat <a href=\"https:\/\/www.kkv.fi\/kuluttaja-asiat\/\" type=\"link\" id=\"https:\/\/www.kkv.fi\/kuluttaja-asiat\/\">kuluttajansuojalakiin.<\/a><\/p>\n\n\n\n<p><a href=\"https:\/\/www.kkv.fi\/kuluttaja-asiat\/\" type=\"link\" id=\"https:\/\/www.kkv.fi\/kuluttaja-asiat\/\" target=\"_blank\" rel=\"noreferrer noopener\">KKV \/ Kuluttajansuojalaki (kotimyynti)<\/a><\/p>\n\n\n\n<p>Ostajalla on oikeus kuluttajasuojalain 6 luvun 9 \u00a7:n nojalla peruuttaa sopimus ilmoittamalla siit\u00e4 myyj\u00e4lle 14 p\u00e4iv\u00e4n kuluessa t\u00e4m\u00e4n asiakirjan vastaanottamisesta.<\/p>\n\n\n\n<p><strong>Tavaran kaupassa peruuttaminen voidaan tehd\u00e4 my\u00f6s palauttamalla tavara suoraan myyj\u00e4lle. T\u00e4ll\u00f6in ostaja vastaa tavaran palautuskustannuksista, <\/strong>kuten Postin tai Matkahuollon kuljetuskuluista. <strong>Peruuttamisoikeus ei koske asiakkaan kanssa sovittuja tehtaalta toimitettavia erityistuotteita (Katso kohta &#8221;Erityistilaus&#8221;), tarjoustuotteita, nestem\u00e4isi\u00e4 tuotteita, kuten pesuaineita ja tuoksuja.<\/strong><\/p>\n\n\n\n<p><strong>Paketin kuljetus myyj\u00e4lt\u00e4 asiakkaalle.<\/strong><\/p>\n\n\n\n<p>Myyj\u00e4ll\u00e4 ei ole velvollisuutta ottaa takaisin Postiin tai Matkahuoltoon ostajan huolimattomuudesta johtuvaa noutamatta j\u00e4tetty\u00e4 pakettia tai lunastamaan sit\u00e4 eik\u00e4 palauttamaan asiakkaalle tuotteen hintaa. Kun paketti on l\u00e4hetetty, vastuu siirtyy kuljetusyhti\u00f6lle ja asiakkaalle. Myyj\u00e4 ilmoittaa asiakkaalle seurantatunnuksen, jotta asiakas voi seurata toimitusta Postin tai Matkahuollon verkkosivuilta annetulla l\u00e4hetyskoodilla ja varautua sen saapumiseen. Ostaja voi tietyiss\u00e4 tilanteissa ostaa kuljetusyritykselt\u00e4 paketin noutoaikaa. Jos paketti palautetaan myyj\u00e4lle ilman syyt\u00e4 tai se l\u00e4hetet\u00e4\u00e4n uudelleen asiakkaalle, asiakas vastaa kaikista aiheutuneista kuluista. Paketin palauttaminen myyj\u00e4lle aiheettomasti tai uudelleen l\u00e4hett\u00e4minen ostajalle on uusi tapahtuma.<\/p>\n\n\n\n<p>Peruuttamisaikaa laskettaessa ei oteta lukuun t\u00e4m\u00e4n asiakirjan antop\u00e4iv\u00e4\u00e4 tai tavaran vastaanottop\u00e4iv\u00e4\u00e4. Jos peruuttamisajan p\u00e4iv\u00e4 on pyh\u00e4-, itsen\u00e4isyys- tai vapunp\u00e4iv\u00e4, joulu- tai juhannusaatto taikka arkilauantai, saa peruutuksen tehd\u00e4 viel\u00e4 seuraavana arkip\u00e4iv\u00e4n\u00e4.<\/p>\n\n\n\n<p>1.&nbsp;&nbsp;&nbsp;&nbsp;&nbsp;&nbsp;&nbsp;&nbsp;&nbsp;&nbsp;&nbsp;&nbsp;&nbsp;&nbsp;&nbsp;&nbsp;&nbsp;&nbsp;&nbsp;&nbsp;&nbsp;&nbsp;&nbsp;&nbsp; Verkkokaupassa peruuttamisaika lasketaan siit\u00e4, kun ostaja on vastaanottanut tavaran.<\/p>\n\n\n\n<p>2.&nbsp;&nbsp;&nbsp;&nbsp;&nbsp;&nbsp;&nbsp;&nbsp;&nbsp;&nbsp;&nbsp;&nbsp;&nbsp;&nbsp;&nbsp;&nbsp;&nbsp;&nbsp;&nbsp;&nbsp;&nbsp;&nbsp;&nbsp;&nbsp; Palvelun kaupassa peruuttamisaika lasketaan palvelun vastaanottamisesta.<\/p>\n\n\n\n<p>3.&nbsp;&nbsp;&nbsp;&nbsp;&nbsp;&nbsp;&nbsp;&nbsp;&nbsp;&nbsp;&nbsp;&nbsp;&nbsp;&nbsp;&nbsp;&nbsp;&nbsp;&nbsp;&nbsp;&nbsp;&nbsp;&nbsp;&nbsp;&nbsp; Tavaran ja siihen liittyv\u00e4n palvelun (esim. Hylan opastus k\u00e4ytt\u00e4j\u00e4lle) peruuttamisaika lasketaan siit\u00e4, kun ostaja on vastaanottanut sek\u00e4 kotimyyntiasiakirjan ett\u00e4 tavaran tai sen ensimm\u00e4isen tavara er\u00e4n.<\/p>\n\n\n\n<p>Jos peruuttamisilmoituksen saapumisen ajankohdasta ei voida esitt\u00e4\u00e4 muuta selvityst\u00e4, katsotaan postitse l\u00e4hetetyn ilmoituksen saapuneen seitsem\u00e4nten\u00e4 p\u00e4iv\u00e4n\u00e4 sen l\u00e4hett\u00e4misest\u00e4 ja s\u00e4hk\u00f6isesti l\u00e4hetetyn p\u00e4iv\u00e4n\u00e4, jona ilmoitus on l\u00e4hetetty.<\/p>\n\n\n\n<p><strong>Peruuttamisilmoitus<\/strong> voidaan tehd\u00e4 vapaamuotoisesti, kuten puhelimitse, s\u00e4hk\u00f6postitse tai postitse. Kirjallinen ilmoitus on helpompi todistaa my\u00f6hemmin.<\/p>\n\n\n\n<p>Myyj\u00e4n on palautettava ostajan suorittama maksu viivytyksett\u00e4 ja viimeist\u00e4\u00e4n 30 p\u00e4iv\u00e4n kuluessa peruuttamisilmoituksen saamisesta.<\/p>\n\n\n\n<p><strong>Peruuttamisoikeutta ei ole:<\/strong><\/p>\n\n\n\n<ul class=\"wp-block-list\">\n<li><strong>Erityistilaustuotteilla<\/strong>, tuoksuilla, nesteill\u00e4, pesuaineilla, alennetuilla tuotteilla eik\u00e4 henkil\u00f6kohtaisilla tuotteilla.<\/li>\n\n\n\n<li><strong>Peruutusoikeutta ei ole pelk\u00e4st\u00e4\u00e4n mielijohteesta tehdyst\u00e4 tilauksesta. Peruutusoikeus on voimassa vain, jos tuotteessa on virhe tai vika.<\/strong><\/li>\n<\/ul>\n\n\n\n<p><strong>Tuotetta ei saa k\u00e4ytt\u00e4\u00e4 <\/strong>peruuttamisoikeuden s\u00e4ilytt\u00e4miseksi. Ostaja voi kuitenkin avata pakkauksen (ei koske nestem\u00e4isi\u00e4 lukittuja pulloja) ja tutkia tavaran ilman arvonalentumista. Tuotetta ei saa kuitenkaan rikkoa eik\u00e4 avata muulla tavalla. Peruutusoikeuden k\u00e4ytt\u00e4minen edellytt\u00e4\u00e4, ett\u00e4 tavara tai suoritus pidet\u00e4\u00e4n olennaisesti muuttumattomana tai v\u00e4hentym\u00e4tt\u00f6m\u00e4n\u00e4. Ostaja ei kuitenkaan vastaa sellaisesta muuttumisesta, v\u00e4hentymisest\u00e4 taikka tuhoutumisesta, joka on tapahtunut ilman h\u00e4nen syyt\u00e4\u00e4n, ja jonka asiakkaan tule todentaa.<\/p>\n\n\n\n<p><strong>Verkkokaupasta palautettava tuote <\/strong>on pidett\u00e4v\u00e4 myyj\u00e4n saatavilla siell\u00e4, minne se on toimitettu tai mist\u00e4 myyj\u00e4 voi sen vaivatta noutaa. Palautus on teht\u00e4v\u00e4 kohtuullisessa ajassa. Jos tuotteessa on virhe, myyj\u00e4 vastaa palautuskuluista.<\/p>\n\n\n\n<p>Jos yll\u00e4 mainitussa sopimusehdoissa on sovittu vain postitse tapahtuvasta palautuksesta, postitse toimitettu tavara on palautettava myyj\u00e4lle postitse kohtuullisen ajan kuluessa. Jos ostaja ei ole erikseen ilmoittanut palautuksesta, on palautuksen tapahduttava peruuttamisajan kuluessa. Jos tuotteessa on ollut virhe, myyj\u00e4n on korvattava ostajalle palautuksesta aiheutuneet kulut.<\/p>\n\n\n\n<p>Jos peruutettavissa oleva tuote ei ole palautettavissa ja ostaja haluaa sen pit\u00e4\u00e4, h\u00e4nen on maksettava siit\u00e4 kohtuullinen korvaus. Ostajalle henkil\u00f6kohtaisesti luovutetusta tuotteesta, joka my\u00f6hemmin peruutetaan, palautuksesta syntyneet kulut maksaa ostaja.<\/p>\n\n\n\n<p>Jos tuotteesta on my\u00f6nnetty tavaraan sidottu luotto, sit\u00e4 ei tarvitse erikseen peruuttaa, jos kotimyyntisopimus perutaan. Luotonantajan on palautettava maksut 30 p\u00e4iv\u00e4n kuluessa peruuntumisilmoituksesta. Ostajalla on oikeus korkolain mukaiseen viiv\u00e4styskorkoon, jollei maksusuorituksia palauteta edell\u00e4 mainitussa ajassa.<\/p>\n\n\n\n<p><\/p>\n\n\n\n<p><\/p>\n","protected":false},"excerpt":{"rendered":"<p>Toimitus- ja myyntiehdot Tilauksesi toimitus ja myyntiehdot Hyla Jams -verkkokaupassa. MYYJ\u00c4N VASTUUT Hyla Jams Verkkokauppamme tuotteet ovat joko varastotuotteita tai tilaustuotteita. Varastotuotteet toimitetaan Hyla Jamsin varastolta heti maksusuorituksen j\u00e4lkeen mm.<a href=\"https:\/\/hylajams.fi\/?page_id=1675\" class=\"d-block breadmore\">Lue lis\u00e4\u00e4<\/a><\/p>\n","protected":false},"author":2,"featured_media":0,"parent":0,"menu_order":0,"comment_status":"closed","ping_status":"closed","template":"","meta":{"footnotes":""},"class_list":["post-1675","page","type-page","status-publish","hentry","_wholesalex wsx-wholesalex-product"],"yoast_head":"<!-- This site is optimized with the Yoast SEO plugin v27.3 - https:\/\/yoast.com\/product\/yoast-seo-wordpress\/ -->\n<title>Toimitus- ja myyntiehdot | Hyla Jams Verkkokauppa<\/title>\n<meta name=\"description\" content=\"Toimitus- ja myyntiehdot - Tutustu Hyla Jams -verkkokaupan toimitus- ja myyntiehtoihin, toimitusajat, palautukset ja tilauksen ehdot.\" \/>\n<meta name=\"robots\" content=\"index, follow, max-snippet:-1, max-image-preview:large, max-video-preview:-1\" \/>\n<link rel=\"canonical\" href=\"https:\/\/hylajams.fi\/?page_id=1675\" \/>\n<meta property=\"og:locale\" content=\"fi_FI\" \/>\n<meta property=\"og:type\" content=\"article\" \/>\n<meta property=\"og:title\" content=\"Toimitus- ja myyntiehdot | Hyla Jams Verkkokauppa\" \/>\n<meta property=\"og:description\" content=\"Toimitus- ja myyntiehdot - Tutustu Hyla Jams -verkkokaupan toimitus- ja myyntiehtoihin, toimitusajat, palautukset ja tilauksen ehdot.\" \/>\n<meta property=\"og:url\" content=\"https:\/\/hylajams.fi\/?page_id=1675\" \/>\n<meta property=\"og:site_name\" content=\"Hyla Jams Verkkokauppa\" \/>\n<meta property=\"article:modified_time\" content=\"2026-02-25T20:57:37+00:00\" \/>\n<meta name=\"twitter:card\" content=\"summary_large_image\" \/>\n<meta name=\"twitter:label1\" content=\"Arvioitu lukuaika\" \/>\n\t<meta name=\"twitter:data1\" content=\"7 minuuttia\" \/>\n<script type=\"application\/ld+json\" class=\"yoast-schema-graph\">{\"@context\":\"https:\\\/\\\/schema.org\",\"@graph\":[{\"@type\":\"WebPage\",\"@id\":\"https:\\\/\\\/hylajams.fi\\\/?page_id=1675\",\"url\":\"https:\\\/\\\/hylajams.fi\\\/?page_id=1675\",\"name\":\"Toimitus- ja myyntiehdot | Hyla Jams Verkkokauppa\",\"isPartOf\":{\"@id\":\"https:\\\/\\\/hylajams.fi\\\/#website\"},\"datePublished\":\"2021-08-08T20:27:33+00:00\",\"dateModified\":\"2026-02-25T20:57:37+00:00\",\"description\":\"Toimitus- ja myyntiehdot - Tutustu Hyla Jams -verkkokaupan toimitus- ja myyntiehtoihin, toimitusajat, palautukset ja tilauksen ehdot.\",\"breadcrumb\":{\"@id\":\"https:\\\/\\\/hylajams.fi\\\/?page_id=1675#breadcrumb\"},\"inLanguage\":\"fi\",\"potentialAction\":[{\"@type\":\"ReadAction\",\"target\":[\"https:\\\/\\\/hylajams.fi\\\/?page_id=1675\"]}]},{\"@type\":\"BreadcrumbList\",\"@id\":\"https:\\\/\\\/hylajams.fi\\\/?page_id=1675#breadcrumb\",\"itemListElement\":[{\"@type\":\"ListItem\",\"position\":1,\"name\":\"Etusivu\",\"item\":\"https:\\\/\\\/hylajams.fi\\\/\"},{\"@type\":\"ListItem\",\"position\":2,\"name\":\"Toimitus- ja myyntiehdot\"}]},{\"@type\":\"WebSite\",\"@id\":\"https:\\\/\\\/hylajams.fi\\\/#website\",\"url\":\"https:\\\/\\\/hylajams.fi\\\/\",\"name\":\"Hyla Jams Verkkokauppa\",\"description\":\"Hyla ilman- ja huoneen puhdistusj\u00e4rjestelm\u00e4 Suomessa\",\"publisher\":{\"@id\":\"https:\\\/\\\/hylajams.fi\\\/#organization\"},\"potentialAction\":[{\"@type\":\"SearchAction\",\"target\":{\"@type\":\"EntryPoint\",\"urlTemplate\":\"https:\\\/\\\/hylajams.fi\\\/?s={search_term_string}\"},\"query-input\":{\"@type\":\"PropertyValueSpecification\",\"valueRequired\":true,\"valueName\":\"search_term_string\"}}],\"inLanguage\":\"fi\"},{\"@type\":\"Organization\",\"@id\":\"https:\\\/\\\/hylajams.fi\\\/#organization\",\"name\":\"Hyla Jams Verkkokauppa\",\"url\":\"https:\\\/\\\/hylajams.fi\\\/\",\"logo\":{\"@type\":\"ImageObject\",\"inLanguage\":\"fi\",\"@id\":\"https:\\\/\\\/hylajams.fi\\\/#\\\/schema\\\/logo\\\/image\\\/\",\"url\":\"https:\\\/\\\/hylajams.fi\\\/wp-content\\\/uploads\\\/2025\\\/02\\\/Logo-1-2.jpg\",\"contentUrl\":\"https:\\\/\\\/hylajams.fi\\\/wp-content\\\/uploads\\\/2025\\\/02\\\/Logo-1-2.jpg\",\"width\":500,\"height\":500,\"caption\":\"Hyla Jams Verkkokauppa\"},\"image\":{\"@id\":\"https:\\\/\\\/hylajams.fi\\\/#\\\/schema\\\/logo\\\/image\\\/\"},\"sameAs\":[\"https:\\\/\\\/www.instagram.com\\\/hylasiivous\\\/\"]}]}<\/script>\n<!-- \/ Yoast SEO plugin. -->","yoast_head_json":{"title":"Toimitus- ja myyntiehdot | Hyla Jams Verkkokauppa","description":"Toimitus- ja myyntiehdot - Tutustu Hyla Jams -verkkokaupan toimitus- ja myyntiehtoihin, toimitusajat, palautukset ja tilauksen ehdot.","robots":{"index":"index","follow":"follow","max-snippet":"max-snippet:-1","max-image-preview":"max-image-preview:large","max-video-preview":"max-video-preview:-1"},"canonical":"https:\/\/hylajams.fi\/?page_id=1675","og_locale":"fi_FI","og_type":"article","og_title":"Toimitus- ja myyntiehdot | Hyla Jams Verkkokauppa","og_description":"Toimitus- ja myyntiehdot - Tutustu Hyla Jams -verkkokaupan toimitus- ja myyntiehtoihin, toimitusajat, palautukset ja tilauksen ehdot.","og_url":"https:\/\/hylajams.fi\/?page_id=1675","og_site_name":"Hyla Jams Verkkokauppa","article_modified_time":"2026-02-25T20:57:37+00:00","twitter_card":"summary_large_image","twitter_misc":{"Arvioitu lukuaika":"7 minuuttia"},"schema":{"@context":"https:\/\/schema.org","@graph":[{"@type":"WebPage","@id":"https:\/\/hylajams.fi\/?page_id=1675","url":"https:\/\/hylajams.fi\/?page_id=1675","name":"Toimitus- ja myyntiehdot | Hyla Jams Verkkokauppa","isPartOf":{"@id":"https:\/\/hylajams.fi\/#website"},"datePublished":"2021-08-08T20:27:33+00:00","dateModified":"2026-02-25T20:57:37+00:00","description":"Toimitus- ja myyntiehdot - Tutustu Hyla Jams -verkkokaupan toimitus- ja myyntiehtoihin, toimitusajat, palautukset ja tilauksen ehdot.","breadcrumb":{"@id":"https:\/\/hylajams.fi\/?page_id=1675#breadcrumb"},"inLanguage":"fi","potentialAction":[{"@type":"ReadAction","target":["https:\/\/hylajams.fi\/?page_id=1675"]}]},{"@type":"BreadcrumbList","@id":"https:\/\/hylajams.fi\/?page_id=1675#breadcrumb","itemListElement":[{"@type":"ListItem","position":1,"name":"Etusivu","item":"https:\/\/hylajams.fi\/"},{"@type":"ListItem","position":2,"name":"Toimitus- ja myyntiehdot"}]},{"@type":"WebSite","@id":"https:\/\/hylajams.fi\/#website","url":"https:\/\/hylajams.fi\/","name":"Hyla Jams Verkkokauppa","description":"Hyla ilman- ja huoneen puhdistusj\u00e4rjestelm\u00e4 Suomessa","publisher":{"@id":"https:\/\/hylajams.fi\/#organization"},"potentialAction":[{"@type":"SearchAction","target":{"@type":"EntryPoint","urlTemplate":"https:\/\/hylajams.fi\/?s={search_term_string}"},"query-input":{"@type":"PropertyValueSpecification","valueRequired":true,"valueName":"search_term_string"}}],"inLanguage":"fi"},{"@type":"Organization","@id":"https:\/\/hylajams.fi\/#organization","name":"Hyla Jams Verkkokauppa","url":"https:\/\/hylajams.fi\/","logo":{"@type":"ImageObject","inLanguage":"fi","@id":"https:\/\/hylajams.fi\/#\/schema\/logo\/image\/","url":"https:\/\/hylajams.fi\/wp-content\/uploads\/2025\/02\/Logo-1-2.jpg","contentUrl":"https:\/\/hylajams.fi\/wp-content\/uploads\/2025\/02\/Logo-1-2.jpg","width":500,"height":500,"caption":"Hyla Jams Verkkokauppa"},"image":{"@id":"https:\/\/hylajams.fi\/#\/schema\/logo\/image\/"},"sameAs":["https:\/\/www.instagram.com\/hylasiivous\/"]}]}},"_links":{"self":[{"href":"https:\/\/hylajams.fi\/index.php?rest_route=\/wp\/v2\/pages\/1675","targetHints":{"allow":["GET"]}}],"collection":[{"href":"https:\/\/hylajams.fi\/index.php?rest_route=\/wp\/v2\/pages"}],"about":[{"href":"https:\/\/hylajams.fi\/index.php?rest_route=\/wp\/v2\/types\/page"}],"author":[{"embeddable":true,"href":"https:\/\/hylajams.fi\/index.php?rest_route=\/wp\/v2\/users\/2"}],"replies":[{"embeddable":true,"href":"https:\/\/hylajams.fi\/index.php?rest_route=%2Fwp%2Fv2%2Fcomments&post=1675"}],"version-history":[{"count":11,"href":"https:\/\/hylajams.fi\/index.php?rest_route=\/wp\/v2\/pages\/1675\/revisions"}],"predecessor-version":[{"id":13075,"href":"https:\/\/hylajams.fi\/index.php?rest_route=\/wp\/v2\/pages\/1675\/revisions\/13075"}],"wp:attachment":[{"href":"https:\/\/hylajams.fi\/index.php?rest_route=%2Fwp%2Fv2%2Fmedia&parent=1675"}],"curies":[{"name":"wp","href":"https:\/\/api.w.org\/{rel}","templated":true}]}}