{"id":12831,"date":"2026-02-22T21:28:20","date_gmt":"2026-02-22T19:28:20","guid":{"rendered":"https:\/\/hylajams.fi\/?page_id=12831"},"modified":"2026-03-10T00:43:36","modified_gmt":"2026-03-09T22:43:36","slug":"hyla-sahkomoottoriharjat-ekirja","status":"publish","type":"page","link":"https:\/\/hylajams.fi\/?page_id=12831","title":{"rendered":"S\u00e4hk\u00f6moottoriharjat &#8211; Syv\u00e4puhdistus uudella tasolla"},"content":{"rendered":"\n<p>Hyla s\u00e4hk\u00f6moottoriharjat ekirja esittelee EST-, GST- ja NST-mallit, pienet k\u00e4siturboharjat, imeytymisen est\u00e4j\u00e4n ja k\u00e4ytt\u00f6vinkit mattojen, sohvien, patjojen ja auton sis\u00e4tilojen puhdistukseen.<\/p>\n\n\n\n<p><\/p>\n\n\n\n<div class=\"wp-block-media-text is-stacked-on-mobile has-background\" style=\"background-color:#e6f7f9\"><figure class=\"wp-block-media-text__media\"><a href=\"https:\/\/online.fliphtml5.com\/HylaJams\/jdkw\/\"><img fetchpriority=\"high\" decoding=\"async\" width=\"724\" height=\"1024\" src=\"https:\/\/hylajams.fi\/wp-content\/uploads\/2026\/02\/X-Sahkomoottoriharjat-ekirja-Syvapuhdistus-uudella-tasolla-724x1024.jpg\" alt=\"S\u00e4hk\u00f6moottoriharjat ekirja - Syv\u00e4puhdistus uudella tasolla\" class=\"wp-image-12832 size-full\" srcset=\"https:\/\/hylajams.fi\/wp-content\/uploads\/2026\/02\/X-Sahkomoottoriharjat-ekirja-Syvapuhdistus-uudella-tasolla-724x1024.jpg 724w, https:\/\/hylajams.fi\/wp-content\/uploads\/2026\/02\/X-Sahkomoottoriharjat-ekirja-Syvapuhdistus-uudella-tasolla-212x300.jpg 212w, https:\/\/hylajams.fi\/wp-content\/uploads\/2026\/02\/X-Sahkomoottoriharjat-ekirja-Syvapuhdistus-uudella-tasolla-768x1086.jpg 768w, https:\/\/hylajams.fi\/wp-content\/uploads\/2026\/02\/X-Sahkomoottoriharjat-ekirja-Syvapuhdistus-uudella-tasolla-600x848.jpg 600w, https:\/\/hylajams.fi\/wp-content\/uploads\/2026\/02\/X-Sahkomoottoriharjat-ekirja-Syvapuhdistus-uudella-tasolla.jpg 1061w\" sizes=\"(max-width: 724px) 100vw, 724px\" \/><\/a><\/figure><div class=\"wp-block-media-text__content\">\n<p><\/p>\n\n\n\n<h2 class=\"wp-block-heading\">Hyla s\u00e4hk\u00f6moottoriharjat<\/h2>\n\n\n\n<p><\/p>\n\n\n\n<p>T\u00e4ss\u00e4 oppaassa esitell\u00e4\u00e4n HYLA-s\u00e4hk\u00f6moottoriharjat ja niiden k\u00e4ytt\u00f6 kodin syv\u00e4puhdistukseen. Opit tehokkaat k\u00e4ytt\u00f6vinkit matoille, patjoille, sohville ja auton sis\u00e4tiloihin sek\u00e4 pienelle k\u00e4siturboharjalle. Mukana ovat my\u00f6s tekniset tiedot, k\u00e4ytt\u00f6ohjeet ja k\u00e4yt\u00e4nn\u00f6n vinkit, joiden avulla kodin siivous on helppoa, turvallista ja allergiayst\u00e4v\u00e4llist\u00e4.<\/p>\n\n\n\n<p><\/p>\n\n\n\n<p>Digitaalinen kirja on helppo lukea ja selata silloin, kun se itselle parhaiten sopii. eKirjassa on linkit, joista p\u00e4\u00e4set suoraan tuotetietoihin tai videoihin.<\/p>\n\n\n\n<p><\/p>\n\n\n\n<p><a href=\"https:\/\/online.fliphtml5.com\/HylaJams\/jdkw\/\" type=\"link\" id=\"https:\/\/online.fliphtml5.com\/HylaJams\/jdkw\/\" target=\"_blank\" rel=\"noreferrer noopener\"><strong>\ud83d\udcd6 Avaa HYLA e-kirja<\/strong><\/a><br><a href=\"https:\/\/hylajams.fi\/?post_type=product\" type=\"link\" id=\"https:\/\/hylajams.fi\/?post_type=product\" target=\"_blank\" rel=\"noreferrer noopener\"><strong>\ud83d\uded2 Siirry tuotesivuille<\/strong><\/a><\/p>\n\n\n\n<p><\/p>\n<\/div><\/div>\n","protected":false},"excerpt":{"rendered":"<p>Hyla s\u00e4hk\u00f6moottoriharjat ekirja esittelee EST-, GST- ja NST-mallit, pienet k\u00e4siturboharjat, imeytymisen est\u00e4j\u00e4n ja k\u00e4ytt\u00f6vinkit mattojen, sohvien, patjojen ja auton sis\u00e4tilojen puhdistukseen. Hyla s\u00e4hk\u00f6moottoriharjat T\u00e4ss\u00e4 oppaassa esitell\u00e4\u00e4n HYLA-s\u00e4hk\u00f6moottoriharjat ja niiden k\u00e4ytt\u00f6<a href=\"https:\/\/hylajams.fi\/?page_id=12831\" class=\"d-block breadmore\">Lue lis\u00e4\u00e4<\/a><\/p>\n","protected":false},"author":2,"featured_media":0,"parent":0,"menu_order":0,"comment_status":"closed","ping_status":"closed","template":"","meta":{"footnotes":""},"class_list":["post-12831","page","type-page","status-publish","hentry","_wholesalex wsx-wholesalex-product"],"yoast_head":"<!-- This site is optimized with the Yoast SEO plugin v27.3 - https:\/\/yoast.com\/product\/yoast-seo-wordpress\/ -->\n<title>Hyla s\u00e4hk\u00f6moottoriharjat ekirja \u2013 Kaikki s\u00e4hk\u00f6moottoriharjoista<\/title>\n<meta name=\"description\" content=\"Hyla s\u00e4hk\u00f6moottoriharjat ekirja - Esittelee Hyla mallien s\u00e4hk\u00f6moottoriharjat, ja antaa k\u00e4ytt\u00f6vinkit tekstiilipintojen puhdistukseen.\" \/>\n<meta name=\"robots\" content=\"index, follow, max-snippet:-1, max-image-preview:large, max-video-preview:-1\" \/>\n<link rel=\"canonical\" href=\"https:\/\/hylajams.fi\/?page_id=12831\" \/>\n<meta property=\"og:locale\" content=\"fi_FI\" \/>\n<meta property=\"og:type\" content=\"article\" \/>\n<meta property=\"og:title\" content=\"Hyla s\u00e4hk\u00f6moottoriharjat ekirja \u2013 Kaikki s\u00e4hk\u00f6moottoriharjoista\" \/>\n<meta property=\"og:description\" content=\"Hyla s\u00e4hk\u00f6moottoriharjat ekirja - Esittelee Hyla mallien s\u00e4hk\u00f6moottoriharjat, ja antaa k\u00e4ytt\u00f6vinkit tekstiilipintojen puhdistukseen.\" \/>\n<meta property=\"og:url\" content=\"https:\/\/hylajams.fi\/?page_id=12831\" \/>\n<meta property=\"og:site_name\" content=\"Hyla Jams Verkkokauppa\" \/>\n<meta property=\"article:modified_time\" content=\"2026-03-09T22:43:36+00:00\" \/>\n<meta property=\"og:image\" content=\"https:\/\/hylajams.fi\/wp-content\/uploads\/2026\/02\/X-Sahkomoottoriharjat-ekirja-Syvapuhdistus-uudella-tasolla.jpg\" \/>\n\t<meta property=\"og:image:width\" content=\"1061\" \/>\n\t<meta property=\"og:image:height\" content=\"1500\" \/>\n\t<meta property=\"og:image:type\" content=\"image\/jpeg\" \/>\n<meta name=\"twitter:card\" content=\"summary_large_image\" \/>\n<meta name=\"twitter:label1\" content=\"Arvioitu lukuaika\" \/>\n\t<meta name=\"twitter:data1\" content=\"1 minuutti\" \/>\n<script type=\"application\/ld+json\" class=\"yoast-schema-graph\">{\"@context\":\"https:\\\/\\\/schema.org\",\"@graph\":[{\"@type\":\"WebPage\",\"@id\":\"https:\\\/\\\/hylajams.fi\\\/?page_id=12831\",\"url\":\"https:\\\/\\\/hylajams.fi\\\/?page_id=12831\",\"name\":\"Hyla s\u00e4hk\u00f6moottoriharjat ekirja \u2013 Kaikki s\u00e4hk\u00f6moottoriharjoista\",\"isPartOf\":{\"@id\":\"https:\\\/\\\/hylajams.fi\\\/#website\"},\"primaryImageOfPage\":{\"@id\":\"https:\\\/\\\/hylajams.fi\\\/?page_id=12831#primaryimage\"},\"image\":{\"@id\":\"https:\\\/\\\/hylajams.fi\\\/?page_id=12831#primaryimage\"},\"thumbnailUrl\":\"https:\\\/\\\/hylajams.fi\\\/wp-content\\\/uploads\\\/2026\\\/02\\\/X-Sahkomoottoriharjat-ekirja-Syvapuhdistus-uudella-tasolla-724x1024.jpg\",\"datePublished\":\"2026-02-22T19:28:20+00:00\",\"dateModified\":\"2026-03-09T22:43:36+00:00\",\"description\":\"Hyla s\u00e4hk\u00f6moottoriharjat ekirja - Esittelee Hyla mallien s\u00e4hk\u00f6moottoriharjat, ja antaa k\u00e4ytt\u00f6vinkit tekstiilipintojen puhdistukseen.\",\"breadcrumb\":{\"@id\":\"https:\\\/\\\/hylajams.fi\\\/?page_id=12831#breadcrumb\"},\"inLanguage\":\"fi\",\"potentialAction\":[{\"@type\":\"ReadAction\",\"target\":[\"https:\\\/\\\/hylajams.fi\\\/?page_id=12831\"]}]},{\"@type\":\"ImageObject\",\"inLanguage\":\"fi\",\"@id\":\"https:\\\/\\\/hylajams.fi\\\/?page_id=12831#primaryimage\",\"url\":\"https:\\\/\\\/hylajams.fi\\\/wp-content\\\/uploads\\\/2026\\\/02\\\/X-Sahkomoottoriharjat-ekirja-Syvapuhdistus-uudella-tasolla.jpg\",\"contentUrl\":\"https:\\\/\\\/hylajams.fi\\\/wp-content\\\/uploads\\\/2026\\\/02\\\/X-Sahkomoottoriharjat-ekirja-Syvapuhdistus-uudella-tasolla.jpg\",\"width\":1061,\"height\":1500,\"caption\":\"S\u00e4hk\u00f6moottoriharjat ekirja - Syv\u00e4puhdistus uudella tasolla\"},{\"@type\":\"BreadcrumbList\",\"@id\":\"https:\\\/\\\/hylajams.fi\\\/?page_id=12831#breadcrumb\",\"itemListElement\":[{\"@type\":\"ListItem\",\"position\":1,\"name\":\"Etusivu\",\"item\":\"https:\\\/\\\/hylajams.fi\\\/\"},{\"@type\":\"ListItem\",\"position\":2,\"name\":\"S\u00e4hk\u00f6moottoriharjat &#8211; Syv\u00e4puhdistus uudella tasolla\"}]},{\"@type\":\"WebSite\",\"@id\":\"https:\\\/\\\/hylajams.fi\\\/#website\",\"url\":\"https:\\\/\\\/hylajams.fi\\\/\",\"name\":\"Hyla Jams Verkkokauppa\",\"description\":\"Hyla ilman- ja huoneen puhdistusj\u00e4rjestelm\u00e4 Suomessa\",\"publisher\":{\"@id\":\"https:\\\/\\\/hylajams.fi\\\/#organization\"},\"potentialAction\":[{\"@type\":\"SearchAction\",\"target\":{\"@type\":\"EntryPoint\",\"urlTemplate\":\"https:\\\/\\\/hylajams.fi\\\/?s={search_term_string}\"},\"query-input\":{\"@type\":\"PropertyValueSpecification\",\"valueRequired\":true,\"valueName\":\"search_term_string\"}}],\"inLanguage\":\"fi\"},{\"@type\":\"Organization\",\"@id\":\"https:\\\/\\\/hylajams.fi\\\/#organization\",\"name\":\"Hyla Jams Verkkokauppa\",\"url\":\"https:\\\/\\\/hylajams.fi\\\/\",\"logo\":{\"@type\":\"ImageObject\",\"inLanguage\":\"fi\",\"@id\":\"https:\\\/\\\/hylajams.fi\\\/#\\\/schema\\\/logo\\\/image\\\/\",\"url\":\"https:\\\/\\\/hylajams.fi\\\/wp-content\\\/uploads\\\/2025\\\/02\\\/Logo-1-2.jpg\",\"contentUrl\":\"https:\\\/\\\/hylajams.fi\\\/wp-content\\\/uploads\\\/2025\\\/02\\\/Logo-1-2.jpg\",\"width\":500,\"height\":500,\"caption\":\"Hyla Jams Verkkokauppa\"},\"image\":{\"@id\":\"https:\\\/\\\/hylajams.fi\\\/#\\\/schema\\\/logo\\\/image\\\/\"},\"sameAs\":[\"https:\\\/\\\/www.instagram.com\\\/hylasiivous\\\/\"]}]}<\/script>\n<!-- \/ Yoast SEO plugin. -->","yoast_head_json":{"title":"Hyla s\u00e4hk\u00f6moottoriharjat ekirja \u2013 Kaikki s\u00e4hk\u00f6moottoriharjoista","description":"Hyla s\u00e4hk\u00f6moottoriharjat ekirja - Esittelee Hyla mallien s\u00e4hk\u00f6moottoriharjat, ja antaa k\u00e4ytt\u00f6vinkit tekstiilipintojen puhdistukseen.","robots":{"index":"index","follow":"follow","max-snippet":"max-snippet:-1","max-image-preview":"max-image-preview:large","max-video-preview":"max-video-preview:-1"},"canonical":"https:\/\/hylajams.fi\/?page_id=12831","og_locale":"fi_FI","og_type":"article","og_title":"Hyla s\u00e4hk\u00f6moottoriharjat ekirja \u2013 Kaikki s\u00e4hk\u00f6moottoriharjoista","og_description":"Hyla s\u00e4hk\u00f6moottoriharjat ekirja - Esittelee Hyla mallien s\u00e4hk\u00f6moottoriharjat, ja antaa k\u00e4ytt\u00f6vinkit tekstiilipintojen puhdistukseen.","og_url":"https:\/\/hylajams.fi\/?page_id=12831","og_site_name":"Hyla Jams Verkkokauppa","article_modified_time":"2026-03-09T22:43:36+00:00","og_image":[{"width":1061,"height":1500,"url":"https:\/\/hylajams.fi\/wp-content\/uploads\/2026\/02\/X-Sahkomoottoriharjat-ekirja-Syvapuhdistus-uudella-tasolla.jpg","type":"image\/jpeg"}],"twitter_card":"summary_large_image","twitter_misc":{"Arvioitu lukuaika":"1 minuutti"},"schema":{"@context":"https:\/\/schema.org","@graph":[{"@type":"WebPage","@id":"https:\/\/hylajams.fi\/?page_id=12831","url":"https:\/\/hylajams.fi\/?page_id=12831","name":"Hyla s\u00e4hk\u00f6moottoriharjat ekirja \u2013 Kaikki s\u00e4hk\u00f6moottoriharjoista","isPartOf":{"@id":"https:\/\/hylajams.fi\/#website"},"primaryImageOfPage":{"@id":"https:\/\/hylajams.fi\/?page_id=12831#primaryimage"},"image":{"@id":"https:\/\/hylajams.fi\/?page_id=12831#primaryimage"},"thumbnailUrl":"https:\/\/hylajams.fi\/wp-content\/uploads\/2026\/02\/X-Sahkomoottoriharjat-ekirja-Syvapuhdistus-uudella-tasolla-724x1024.jpg","datePublished":"2026-02-22T19:28:20+00:00","dateModified":"2026-03-09T22:43:36+00:00","description":"Hyla s\u00e4hk\u00f6moottoriharjat ekirja - Esittelee Hyla mallien s\u00e4hk\u00f6moottoriharjat, ja antaa k\u00e4ytt\u00f6vinkit tekstiilipintojen puhdistukseen.","breadcrumb":{"@id":"https:\/\/hylajams.fi\/?page_id=12831#breadcrumb"},"inLanguage":"fi","potentialAction":[{"@type":"ReadAction","target":["https:\/\/hylajams.fi\/?page_id=12831"]}]},{"@type":"ImageObject","inLanguage":"fi","@id":"https:\/\/hylajams.fi\/?page_id=12831#primaryimage","url":"https:\/\/hylajams.fi\/wp-content\/uploads\/2026\/02\/X-Sahkomoottoriharjat-ekirja-Syvapuhdistus-uudella-tasolla.jpg","contentUrl":"https:\/\/hylajams.fi\/wp-content\/uploads\/2026\/02\/X-Sahkomoottoriharjat-ekirja-Syvapuhdistus-uudella-tasolla.jpg","width":1061,"height":1500,"caption":"S\u00e4hk\u00f6moottoriharjat ekirja - Syv\u00e4puhdistus uudella tasolla"},{"@type":"BreadcrumbList","@id":"https:\/\/hylajams.fi\/?page_id=12831#breadcrumb","itemListElement":[{"@type":"ListItem","position":1,"name":"Etusivu","item":"https:\/\/hylajams.fi\/"},{"@type":"ListItem","position":2,"name":"S\u00e4hk\u00f6moottoriharjat &#8211; Syv\u00e4puhdistus uudella tasolla"}]},{"@type":"WebSite","@id":"https:\/\/hylajams.fi\/#website","url":"https:\/\/hylajams.fi\/","name":"Hyla Jams Verkkokauppa","description":"Hyla ilman- ja huoneen puhdistusj\u00e4rjestelm\u00e4 Suomessa","publisher":{"@id":"https:\/\/hylajams.fi\/#organization"},"potentialAction":[{"@type":"SearchAction","target":{"@type":"EntryPoint","urlTemplate":"https:\/\/hylajams.fi\/?s={search_term_string}"},"query-input":{"@type":"PropertyValueSpecification","valueRequired":true,"valueName":"search_term_string"}}],"inLanguage":"fi"},{"@type":"Organization","@id":"https:\/\/hylajams.fi\/#organization","name":"Hyla Jams Verkkokauppa","url":"https:\/\/hylajams.fi\/","logo":{"@type":"ImageObject","inLanguage":"fi","@id":"https:\/\/hylajams.fi\/#\/schema\/logo\/image\/","url":"https:\/\/hylajams.fi\/wp-content\/uploads\/2025\/02\/Logo-1-2.jpg","contentUrl":"https:\/\/hylajams.fi\/wp-content\/uploads\/2025\/02\/Logo-1-2.jpg","width":500,"height":500,"caption":"Hyla Jams Verkkokauppa"},"image":{"@id":"https:\/\/hylajams.fi\/#\/schema\/logo\/image\/"},"sameAs":["https:\/\/www.instagram.com\/hylasiivous\/"]}]}},"_links":{"self":[{"href":"https:\/\/hylajams.fi\/index.php?rest_route=\/wp\/v2\/pages\/12831","targetHints":{"allow":["GET"]}}],"collection":[{"href":"https:\/\/hylajams.fi\/index.php?rest_route=\/wp\/v2\/pages"}],"about":[{"href":"https:\/\/hylajams.fi\/index.php?rest_route=\/wp\/v2\/types\/page"}],"author":[{"embeddable":true,"href":"https:\/\/hylajams.fi\/index.php?rest_route=\/wp\/v2\/users\/2"}],"replies":[{"embeddable":true,"href":"https:\/\/hylajams.fi\/index.php?rest_route=%2Fwp%2Fv2%2Fcomments&post=12831"}],"version-history":[{"count":7,"href":"https:\/\/hylajams.fi\/index.php?rest_route=\/wp\/v2\/pages\/12831\/revisions"}],"predecessor-version":[{"id":13254,"href":"https:\/\/hylajams.fi\/index.php?rest_route=\/wp\/v2\/pages\/12831\/revisions\/13254"}],"wp:attachment":[{"href":"https:\/\/hylajams.fi\/index.php?rest_route=%2Fwp%2Fv2%2Fmedia&parent=12831"}],"curies":[{"name":"wp","href":"https:\/\/api.w.org\/{rel}","templated":true}]}}