{"id":12764,"date":"2026-02-05T20:00:27","date_gmt":"2026-02-05T18:00:27","guid":{"rendered":"https:\/\/hylajams.fi\/?page_id=12764"},"modified":"2026-04-02T23:09:14","modified_gmt":"2026-04-02T20:09:14","slug":"hyla-e-kirja-kayttooppaat-%f0%9f%8c%bf","status":"publish","type":"page","link":"https:\/\/hylajams.fi\/?page_id=12764","title":{"rendered":"HYLA e-kirja k\u00e4ytt\u00f6oppaat \ud83c\udf3f"},"content":{"rendered":"\n<p><\/p>\n\n\n\n<h2 class=\"wp-block-heading\">S\u00e4hk\u00f6iset HYLA e-kirja k\u00e4ytt\u00f6oppaat<\/h2>\n\n\n\n<p><\/p>\n\n\n\n<p class=\"has-background\" style=\"background-color:#e6f7f9\">S\u00e4hk\u00f6iset HYLA e-kirja k\u00e4ytt\u00f6oppaat tuovat k\u00e4tev\u00e4sti kaikki t\u00e4rke\u00e4t ohjeet suoraan ruudullesi. <strong>Oppaat ovat samat alkuper\u00e4iset k\u00e4ytt\u00f6oppaat, jotka toimitetaan HYLA-j\u00e4rjestelm\u00e4n mukana ostovaiheessa, ja ne on suunniteltu jokaiselle mallille omansa: NST, GST ja EST.<\/strong> Valitse siis e-kirja sinun oman Hyla mallin mukaisesti.<br><br>Oppaista l\u00f6yd\u00e4t:<br><br>\u2022 J\u00e4rjestelm\u00e4n perusk\u00e4ytt\u00f6 ja eri toimintojen selitykset<br>\u2022 Laitteen huolto- ja yll\u00e4pito-ohjeet<br>\u2022 Vinkkej\u00e4 lis\u00e4varusteiden k\u00e4ytt\u00f6\u00f6n ja puhtaan ilman yll\u00e4pito<br><br>N\u00e4in saat k\u00e4tev\u00e4sti oppaat suoraan kuvaruudulle. HYLA-j\u00e4rjestelm\u00e4n oppaan k\u00e4ytt\u00f6 on helppoa ja n\u00e4in varmistat, ett\u00e4 saat kaiken irti omasta Hyla ilman ja huoneen puhdistusj\u00e4rjestelm\u00e4st\u00e4si.<\/p>\n\n\n\n<p><\/p>\n\n\n\n<div class=\"wp-block-media-text is-stacked-on-mobile has-background\" style=\"background-color:#e6f7f9\"><figure class=\"wp-block-media-text__media\"><a href=\"https:\/\/hylajams.fi\/wp-content\/ekirja\/opas2026\/kaytto-opas-hyla-est\/index.html\"><img fetchpriority=\"high\" decoding=\"async\" width=\"408\" height=\"336\" src=\"https:\/\/hylajams.fi\/wp-content\/uploads\/2021\/07\/Hyla-est-1.bmp\" alt=\"S\u00e4hk\u00f6iset HYLA e-kirja k\u00e4ytt\u00f6oppaat\" class=\"wp-image-898 size-full\"\/><\/a><\/figure><div class=\"wp-block-media-text__content\">\n<p><\/p>\n\n\n\n<h2 class=\"wp-block-heading\">Hyla EST K\u00e4ytt\u00f6opas<\/h2>\n\n\n\n<p><\/p>\n\n\n\n<p><strong><a href=\"https:\/\/hylajams.fi\/wp-content\/ekirja\/opas2026\/kaytto-opas-hyla-est\/index.html\" type=\"link\" id=\"https:\/\/hylajams.fi\/wp-content\/ekirja\/opas2026\/kaytto-opas-hyla-est\/index.html\" target=\"_blank\" rel=\"noreferrer noopener\">\ud83d\udcd6 Avaa HYLA e-kirja<\/a><\/strong><br><strong><a href=\"https:\/\/hylajams.fi\/?product_cat=hyla-est\" type=\"link\" id=\"https:\/\/hylajams.fi\/?product_cat=hyla-est\" target=\"_blank\" rel=\"noreferrer noopener\">\ud83d\uded2 Siirry tuotesivulle<\/a><\/strong><\/p>\n<\/div><\/div>\n\n\n\n<p><\/p>\n\n\n\n<div class=\"wp-block-media-text is-stacked-on-mobile has-background\" style=\"background-color:#e6f7f9\"><figure class=\"wp-block-media-text__media\"><a href=\"https:\/\/hylajams.fi\/wp-content\/ekirja\/opas2026\/kaytto-opas-hyla-gst\/index.html\"><img decoding=\"async\" width=\"1024\" height=\"1024\" src=\"https:\/\/hylajams.fi\/wp-content\/uploads\/2024\/05\/gst-1024x1024.jpg\" alt=\"HYLA GST Suomessa\" class=\"wp-image-7815 size-full\"\/><\/a><\/figure><div class=\"wp-block-media-text__content\">\n<p><\/p>\n\n\n\n<h2 class=\"wp-block-heading\">Hyla GST K\u00e4ytt\u00f6opas<\/h2>\n\n\n\n<p><\/p>\n\n\n\n<p><strong><a href=\"https:\/\/hylajams.fi\/wp-content\/ekirja\/opas2026\/kaytto-opas-hyla-gst\/index.html\" type=\"link\" id=\"https:\/\/hylajams.fi\/wp-content\/ekirja\/opas2026\/kaytto-opas-hyla-gst\/index.html\" target=\"_blank\" rel=\"noreferrer noopener\">\ud83d\udcd6 Avaa HYLA e-kirja<\/a><\/strong><br><strong><a href=\"https:\/\/hylajams.fi\/?product_cat=hyla-gst\" type=\"link\" id=\"https:\/\/hylajams.fi\/?product_cat=hyla-gst\" target=\"_blank\" rel=\"noreferrer noopener\">\ud83d\uded2 Siirry tuotesivulle<\/a><\/strong><\/p>\n\n\n\n<p><\/p>\n\n\n\n<p><strong>Huomio maahantuoja- ja huoltotiedot<\/strong><br><br>T\u00e4m\u00e4 k\u00e4ytt\u00f6opas on HYLA-tehtaan alkuper\u00e4inen, painettu k\u00e4ytt\u00f6ohje, joka on toimitettu laitteen mukana. Oppaassa mainitut maahantuojan ja huollon yhteystiedot eiv\u00e4t ole en\u00e4\u00e4 voimassa.<br><br>Ajantasaiset tiedot HYLA-laitteiden maahantuonnista, huolloista ja varaosista l\u00f6ytyv\u00e4t Hyla Jams -verkkokaupasta.<\/p>\n<\/div><\/div>\n\n\n\n<p><\/p>\n\n\n\n<div class=\"wp-block-media-text is-stacked-on-mobile has-background\" style=\"background-color:#e6f7f9\"><figure class=\"wp-block-media-text__media\"><a href=\"https:\/\/hylajams.fi\/wp-content\/ekirja\/opas2026\/kaytto-opas-hyla-nst\/index.html\"><img decoding=\"async\" width=\"600\" height=\"600\" src=\"https:\/\/hylajams.fi\/wp-content\/uploads\/2024\/05\/huolto-2.png\" alt=\"S\u00e4hk\u00f6iset HYLA e-kirja k\u00e4ytt\u00f6oppaat\" class=\"wp-image-7736 size-full\" srcset=\"https:\/\/hylajams.fi\/wp-content\/uploads\/2024\/05\/huolto-2.png 600w, https:\/\/hylajams.fi\/wp-content\/uploads\/2024\/05\/huolto-2-300x300.png 300w, https:\/\/hylajams.fi\/wp-content\/uploads\/2024\/05\/huolto-2-150x150.png 150w, https:\/\/hylajams.fi\/wp-content\/uploads\/2024\/05\/huolto-2-100x100.png 100w\" sizes=\"(max-width: 600px) 100vw, 600px\" \/><\/a><\/figure><div class=\"wp-block-media-text__content\">\n<p><\/p>\n\n\n\n<h2 class=\"wp-block-heading\">Hyla NST K\u00e4ytt\u00f6opas<\/h2>\n\n\n\n<p><\/p>\n\n\n\n<p><strong><a href=\"https:\/\/hylajams.fi\/wp-content\/ekirja\/opas2026\/kaytto-opas-hyla-nst\/index.html\" type=\"link\" id=\"https:\/\/online.fliphtml5.com\/HylaJams\/lwru\/#p=1\" target=\"_blank\" rel=\"noreferrer noopener\">\ud83d\udcd6 Avaa HYLA e-kirja<\/a><\/strong><br><strong><a href=\"https:\/\/hylajams.fi\/?product_cat=hyla-nst\" type=\"link\" id=\"https:\/\/hylajams.fi\/?product_cat=hyla-nst\" target=\"_blank\" rel=\"noreferrer noopener\">\ud83d\uded2 Siirry tuotesivulle<\/a><\/strong><\/p>\n\n\n\n<p><\/p>\n\n\n\n<p><strong>Huomio maahantuoja- ja huoltotiedot<\/strong><br><br>T\u00e4m\u00e4 k\u00e4ytt\u00f6opas on HYLA-tehtaan alkuper\u00e4inen, painettu k\u00e4ytt\u00f6ohje, joka on toimitettu laitteen mukana. Oppaassa mainitut maahantuojan ja huollon yhteystiedot eiv\u00e4t ole en\u00e4\u00e4 voimassa.<br><br>Ajantasaiset tiedot HYLA-laitteiden maahantuonnista, huolloista ja varaosista l\u00f6ytyv\u00e4t Hyla Jams -verkkokaupasta.<\/p>\n<\/div><\/div>\n","protected":false},"excerpt":{"rendered":"<p>S\u00e4hk\u00f6iset HYLA e-kirja k\u00e4ytt\u00f6oppaat S\u00e4hk\u00f6iset HYLA e-kirja k\u00e4ytt\u00f6oppaat tuovat k\u00e4tev\u00e4sti kaikki t\u00e4rke\u00e4t ohjeet suoraan ruudullesi. Oppaat ovat samat alkuper\u00e4iset k\u00e4ytt\u00f6oppaat, jotka toimitetaan HYLA-j\u00e4rjestelm\u00e4n mukana ostovaiheessa, ja ne on suunniteltu jokaiselle<a href=\"https:\/\/hylajams.fi\/?page_id=12764\" class=\"d-block breadmore\">Lue lis\u00e4\u00e4<\/a><\/p>\n","protected":false},"author":2,"featured_media":0,"parent":0,"menu_order":0,"comment_status":"closed","ping_status":"closed","template":"","meta":{"footnotes":""},"class_list":["post-12764","page","type-page","status-publish","hentry","_wholesalex wsx-wholesalex-product"],"yoast_head":"<!-- This site is optimized with the Yoast SEO plugin v27.3 - https:\/\/yoast.com\/product\/yoast-seo-wordpress\/ -->\n<title>S\u00e4hk\u00f6iset HYLA e-kirja k\u00e4ytt\u00f6oppaat<\/title>\n<meta name=\"description\" content=\"S\u00e4hk\u00f6iset HYLA e-kirja k\u00e4ytt\u00f6oppaat - kattavat alkuper\u00e4iset k\u00e4ytt\u00f6oppaat ekirjan muodossa malli kohtaisesti. Hyla EST-, GST- ja NST-mallit.\" \/>\n<meta name=\"robots\" content=\"index, follow, max-snippet:-1, max-image-preview:large, max-video-preview:-1\" \/>\n<link rel=\"canonical\" href=\"https:\/\/hylajams.fi\/?page_id=12764\" \/>\n<meta property=\"og:locale\" content=\"fi_FI\" \/>\n<meta property=\"og:type\" content=\"article\" \/>\n<meta property=\"og:title\" content=\"S\u00e4hk\u00f6iset HYLA e-kirja k\u00e4ytt\u00f6oppaat\" \/>\n<meta property=\"og:description\" content=\"S\u00e4hk\u00f6iset HYLA e-kirja k\u00e4ytt\u00f6oppaat - kattavat alkuper\u00e4iset k\u00e4ytt\u00f6oppaat ekirjan muodossa malli kohtaisesti. Hyla EST-, GST- ja NST-mallit.\" \/>\n<meta property=\"og:url\" content=\"https:\/\/hylajams.fi\/?page_id=12764\" \/>\n<meta property=\"og:site_name\" content=\"Hyla Jams Verkkokauppa\" \/>\n<meta property=\"article:modified_time\" content=\"2026-04-02T20:09:14+00:00\" \/>\n<meta name=\"twitter:card\" content=\"summary_large_image\" \/>\n<meta name=\"twitter:label1\" content=\"Arvioitu lukuaika\" \/>\n\t<meta name=\"twitter:data1\" content=\"2 minuuttia\" \/>\n<script type=\"application\/ld+json\" class=\"yoast-schema-graph\">{\"@context\":\"https:\\\/\\\/schema.org\",\"@graph\":[{\"@type\":\"WebPage\",\"@id\":\"https:\\\/\\\/hylajams.fi\\\/?page_id=12764\",\"url\":\"https:\\\/\\\/hylajams.fi\\\/?page_id=12764\",\"name\":\"S\u00e4hk\u00f6iset HYLA e-kirja k\u00e4ytt\u00f6oppaat\",\"isPartOf\":{\"@id\":\"https:\\\/\\\/hylajams.fi\\\/#website\"},\"primaryImageOfPage\":{\"@id\":\"https:\\\/\\\/hylajams.fi\\\/?page_id=12764#primaryimage\"},\"image\":{\"@id\":\"https:\\\/\\\/hylajams.fi\\\/?page_id=12764#primaryimage\"},\"thumbnailUrl\":\"https:\\\/\\\/hylajams.fi\\\/wp-content\\\/uploads\\\/2021\\\/07\\\/Hyla-est-1.bmp\",\"datePublished\":\"2026-02-05T18:00:27+00:00\",\"dateModified\":\"2026-04-02T20:09:14+00:00\",\"description\":\"S\u00e4hk\u00f6iset HYLA e-kirja k\u00e4ytt\u00f6oppaat - kattavat alkuper\u00e4iset k\u00e4ytt\u00f6oppaat ekirjan muodossa malli kohtaisesti. Hyla EST-, GST- ja NST-mallit.\",\"breadcrumb\":{\"@id\":\"https:\\\/\\\/hylajams.fi\\\/?page_id=12764#breadcrumb\"},\"inLanguage\":\"fi\",\"potentialAction\":[{\"@type\":\"ReadAction\",\"target\":[\"https:\\\/\\\/hylajams.fi\\\/?page_id=12764\"]}]},{\"@type\":\"ImageObject\",\"inLanguage\":\"fi\",\"@id\":\"https:\\\/\\\/hylajams.fi\\\/?page_id=12764#primaryimage\",\"url\":\"https:\\\/\\\/hylajams.fi\\\/wp-content\\\/uploads\\\/2021\\\/07\\\/Hyla-est-1.bmp\",\"contentUrl\":\"https:\\\/\\\/hylajams.fi\\\/wp-content\\\/uploads\\\/2021\\\/07\\\/Hyla-est-1.bmp\",\"width\":408,\"height\":336},{\"@type\":\"BreadcrumbList\",\"@id\":\"https:\\\/\\\/hylajams.fi\\\/?page_id=12764#breadcrumb\",\"itemListElement\":[{\"@type\":\"ListItem\",\"position\":1,\"name\":\"Etusivu\",\"item\":\"https:\\\/\\\/hylajams.fi\\\/\"},{\"@type\":\"ListItem\",\"position\":2,\"name\":\"HYLA e-kirja k\u00e4ytt\u00f6oppaat \ud83c\udf3f\"}]},{\"@type\":\"WebSite\",\"@id\":\"https:\\\/\\\/hylajams.fi\\\/#website\",\"url\":\"https:\\\/\\\/hylajams.fi\\\/\",\"name\":\"Hyla Jams Verkkokauppa\",\"description\":\"Hyla ilman- ja huoneen puhdistusj\u00e4rjestelm\u00e4 Suomessa\",\"publisher\":{\"@id\":\"https:\\\/\\\/hylajams.fi\\\/#organization\"},\"potentialAction\":[{\"@type\":\"SearchAction\",\"target\":{\"@type\":\"EntryPoint\",\"urlTemplate\":\"https:\\\/\\\/hylajams.fi\\\/?s={search_term_string}\"},\"query-input\":{\"@type\":\"PropertyValueSpecification\",\"valueRequired\":true,\"valueName\":\"search_term_string\"}}],\"inLanguage\":\"fi\"},{\"@type\":\"Organization\",\"@id\":\"https:\\\/\\\/hylajams.fi\\\/#organization\",\"name\":\"Hyla Jams Verkkokauppa\",\"url\":\"https:\\\/\\\/hylajams.fi\\\/\",\"logo\":{\"@type\":\"ImageObject\",\"inLanguage\":\"fi\",\"@id\":\"https:\\\/\\\/hylajams.fi\\\/#\\\/schema\\\/logo\\\/image\\\/\",\"url\":\"https:\\\/\\\/hylajams.fi\\\/wp-content\\\/uploads\\\/2025\\\/02\\\/Logo-1-2.jpg\",\"contentUrl\":\"https:\\\/\\\/hylajams.fi\\\/wp-content\\\/uploads\\\/2025\\\/02\\\/Logo-1-2.jpg\",\"width\":500,\"height\":500,\"caption\":\"Hyla Jams Verkkokauppa\"},\"image\":{\"@id\":\"https:\\\/\\\/hylajams.fi\\\/#\\\/schema\\\/logo\\\/image\\\/\"},\"sameAs\":[\"https:\\\/\\\/www.instagram.com\\\/hylasiivous\\\/\"]}]}<\/script>\n<!-- \/ Yoast SEO plugin. -->","yoast_head_json":{"title":"S\u00e4hk\u00f6iset HYLA e-kirja k\u00e4ytt\u00f6oppaat","description":"S\u00e4hk\u00f6iset HYLA e-kirja k\u00e4ytt\u00f6oppaat - kattavat alkuper\u00e4iset k\u00e4ytt\u00f6oppaat ekirjan muodossa malli kohtaisesti. Hyla EST-, GST- ja NST-mallit.","robots":{"index":"index","follow":"follow","max-snippet":"max-snippet:-1","max-image-preview":"max-image-preview:large","max-video-preview":"max-video-preview:-1"},"canonical":"https:\/\/hylajams.fi\/?page_id=12764","og_locale":"fi_FI","og_type":"article","og_title":"S\u00e4hk\u00f6iset HYLA e-kirja k\u00e4ytt\u00f6oppaat","og_description":"S\u00e4hk\u00f6iset HYLA e-kirja k\u00e4ytt\u00f6oppaat - kattavat alkuper\u00e4iset k\u00e4ytt\u00f6oppaat ekirjan muodossa malli kohtaisesti. Hyla EST-, GST- ja NST-mallit.","og_url":"https:\/\/hylajams.fi\/?page_id=12764","og_site_name":"Hyla Jams Verkkokauppa","article_modified_time":"2026-04-02T20:09:14+00:00","twitter_card":"summary_large_image","twitter_misc":{"Arvioitu lukuaika":"2 minuuttia"},"schema":{"@context":"https:\/\/schema.org","@graph":[{"@type":"WebPage","@id":"https:\/\/hylajams.fi\/?page_id=12764","url":"https:\/\/hylajams.fi\/?page_id=12764","name":"S\u00e4hk\u00f6iset HYLA e-kirja k\u00e4ytt\u00f6oppaat","isPartOf":{"@id":"https:\/\/hylajams.fi\/#website"},"primaryImageOfPage":{"@id":"https:\/\/hylajams.fi\/?page_id=12764#primaryimage"},"image":{"@id":"https:\/\/hylajams.fi\/?page_id=12764#primaryimage"},"thumbnailUrl":"https:\/\/hylajams.fi\/wp-content\/uploads\/2021\/07\/Hyla-est-1.bmp","datePublished":"2026-02-05T18:00:27+00:00","dateModified":"2026-04-02T20:09:14+00:00","description":"S\u00e4hk\u00f6iset HYLA e-kirja k\u00e4ytt\u00f6oppaat - kattavat alkuper\u00e4iset k\u00e4ytt\u00f6oppaat ekirjan muodossa malli kohtaisesti. Hyla EST-, GST- ja NST-mallit.","breadcrumb":{"@id":"https:\/\/hylajams.fi\/?page_id=12764#breadcrumb"},"inLanguage":"fi","potentialAction":[{"@type":"ReadAction","target":["https:\/\/hylajams.fi\/?page_id=12764"]}]},{"@type":"ImageObject","inLanguage":"fi","@id":"https:\/\/hylajams.fi\/?page_id=12764#primaryimage","url":"https:\/\/hylajams.fi\/wp-content\/uploads\/2021\/07\/Hyla-est-1.bmp","contentUrl":"https:\/\/hylajams.fi\/wp-content\/uploads\/2021\/07\/Hyla-est-1.bmp","width":408,"height":336},{"@type":"BreadcrumbList","@id":"https:\/\/hylajams.fi\/?page_id=12764#breadcrumb","itemListElement":[{"@type":"ListItem","position":1,"name":"Etusivu","item":"https:\/\/hylajams.fi\/"},{"@type":"ListItem","position":2,"name":"HYLA e-kirja k\u00e4ytt\u00f6oppaat \ud83c\udf3f"}]},{"@type":"WebSite","@id":"https:\/\/hylajams.fi\/#website","url":"https:\/\/hylajams.fi\/","name":"Hyla Jams Verkkokauppa","description":"Hyla ilman- ja huoneen puhdistusj\u00e4rjestelm\u00e4 Suomessa","publisher":{"@id":"https:\/\/hylajams.fi\/#organization"},"potentialAction":[{"@type":"SearchAction","target":{"@type":"EntryPoint","urlTemplate":"https:\/\/hylajams.fi\/?s={search_term_string}"},"query-input":{"@type":"PropertyValueSpecification","valueRequired":true,"valueName":"search_term_string"}}],"inLanguage":"fi"},{"@type":"Organization","@id":"https:\/\/hylajams.fi\/#organization","name":"Hyla Jams Verkkokauppa","url":"https:\/\/hylajams.fi\/","logo":{"@type":"ImageObject","inLanguage":"fi","@id":"https:\/\/hylajams.fi\/#\/schema\/logo\/image\/","url":"https:\/\/hylajams.fi\/wp-content\/uploads\/2025\/02\/Logo-1-2.jpg","contentUrl":"https:\/\/hylajams.fi\/wp-content\/uploads\/2025\/02\/Logo-1-2.jpg","width":500,"height":500,"caption":"Hyla Jams Verkkokauppa"},"image":{"@id":"https:\/\/hylajams.fi\/#\/schema\/logo\/image\/"},"sameAs":["https:\/\/www.instagram.com\/hylasiivous\/"]}]}},"_links":{"self":[{"href":"https:\/\/hylajams.fi\/index.php?rest_route=\/wp\/v2\/pages\/12764","targetHints":{"allow":["GET"]}}],"collection":[{"href":"https:\/\/hylajams.fi\/index.php?rest_route=\/wp\/v2\/pages"}],"about":[{"href":"https:\/\/hylajams.fi\/index.php?rest_route=\/wp\/v2\/types\/page"}],"author":[{"embeddable":true,"href":"https:\/\/hylajams.fi\/index.php?rest_route=\/wp\/v2\/users\/2"}],"replies":[{"embeddable":true,"href":"https:\/\/hylajams.fi\/index.php?rest_route=%2Fwp%2Fv2%2Fcomments&post=12764"}],"version-history":[{"count":9,"href":"https:\/\/hylajams.fi\/index.php?rest_route=\/wp\/v2\/pages\/12764\/revisions"}],"predecessor-version":[{"id":13666,"href":"https:\/\/hylajams.fi\/index.php?rest_route=\/wp\/v2\/pages\/12764\/revisions\/13666"}],"wp:attachment":[{"href":"https:\/\/hylajams.fi\/index.php?rest_route=%2Fwp%2Fv2%2Fmedia&parent=12764"}],"curies":[{"name":"wp","href":"https:\/\/api.w.org\/{rel}","templated":true}]}}