{"id":12705,"date":"2026-02-05T00:34:17","date_gmt":"2026-02-04T22:34:17","guid":{"rendered":"https:\/\/hylajams.fi\/?page_id=12705"},"modified":"2026-04-02T14:21:56","modified_gmt":"2026-04-02T11:21:56","slug":"hyla-eteeriset-tuoksut-kirjasarja","status":"publish","type":"page","link":"https:\/\/hylajams.fi\/?page_id=12705","title":{"rendered":"\ud83c\udf3f HYLA eteeriset tuoksut"},"content":{"rendered":"\n<p><\/p>\n\n\n\n<h2 class=\"wp-block-heading has-text-color has-link-color wp-elements-f0bcbd262434315198a0480cc9621a28\" style=\"color:#0077b6\">Hyla eteeriset tuoksut kirjasarja \u2013 luonnollista raikkautta ja tunnelmaa kotiin<\/h2>\n\n\n\n<p><\/p>\n\n\n\n<p>Hyla eteeriset tuoksut kirjasarja<\/p>\n\n\n\n<p class=\"has-background\" style=\"background-color:#f0f8ff\">Hyla eteeriset tuoksut kirjasaraja tuovat kotiin raikkautta, rentoutumista ja luonnon aitoa tunnelmaa. Valikoimasta l\u00f6ytyy eri tuoksumaailmoja arkeen, hetkiin ja mielialoihin \u2013 aamun piristykseen, illan rauhoittumiseen ja kodin yleiseen viihtyvyyteen.<br><br>Eteeriset tuoksut sopivat k\u00e4ytett\u00e4v\u00e4ksi HYLA-ilmanpuhdistimessa sek\u00e4 AERA-ilmanraikastimessa, ja ne tarjoavat helpon tavan luoda miellytt\u00e4v\u00e4 ja harmoninen ilmapiiri kotiin.<\/p>\n\n\n\n<h2 class=\"wp-block-heading has-text-color has-link-color wp-elements-61ca6290894b34b2097cdd6e9f670e12\" style=\"color:#0077b6\">Tuoksusetit eri tunnelmiin<\/h2>\n\n\n\n<p><\/p>\n\n\n\n<div class=\"wp-block-media-text is-stacked-on-mobile has-background\" style=\"background-color:#f0f8ff\"><figure class=\"wp-block-media-text__media\"><a href=\"https:\/\/hylajams.fi\/wp-content\/ekirja\/opas2026\/hyla-tuoksu-setti-4\/index.html\"><img fetchpriority=\"high\" decoding=\"async\" width=\"724\" height=\"1024\" src=\"https:\/\/hylajams.fi\/wp-content\/uploads\/2026\/02\/17455-Kirja-Hyla-eteerinen-tuoksusetti-\u2013-Breath-Dream-Care-Naturalis-724x1024.jpg\" alt=\"Hyla eteerinen tuoksusetti \u2013 Breath, Dream Care &amp; Naturalis\" class=\"wp-image-12730 size-full\" srcset=\"https:\/\/hylajams.fi\/wp-content\/uploads\/2026\/02\/17455-Kirja-Hyla-eteerinen-tuoksusetti-\u2013-Breath-Dream-Care-Naturalis-724x1024.jpg 724w, https:\/\/hylajams.fi\/wp-content\/uploads\/2026\/02\/17455-Kirja-Hyla-eteerinen-tuoksusetti-\u2013-Breath-Dream-Care-Naturalis-212x300.jpg 212w, https:\/\/hylajams.fi\/wp-content\/uploads\/2026\/02\/17455-Kirja-Hyla-eteerinen-tuoksusetti-\u2013-Breath-Dream-Care-Naturalis-768x1086.jpg 768w, https:\/\/hylajams.fi\/wp-content\/uploads\/2026\/02\/17455-Kirja-Hyla-eteerinen-tuoksusetti-\u2013-Breath-Dream-Care-Naturalis-600x848.jpg 600w, https:\/\/hylajams.fi\/wp-content\/uploads\/2026\/02\/17455-Kirja-Hyla-eteerinen-tuoksusetti-\u2013-Breath-Dream-Care-Naturalis.jpg 1061w\" sizes=\"(max-width: 724px) 100vw, 724px\" \/><\/a><\/figure><div class=\"wp-block-media-text__content\">\n<h2 class=\"wp-block-heading\">HYLA eteerinen tuoksusetti \u2013 Breath, Dream Care &amp; Naturalis<\/h2>\n\n\n\n<p><\/p>\n\n\n\n<p>Kolmen erilaisen tuoksun kokonaisuus, joka sopii t\u00e4ydellisesti arjen eri hetkiin. Breath virkist\u00e4\u00e4 ja raikastaa, Dream Care rauhoittaa iltaisin ja Naturalis tuo kotiin luonnon mets\u00e4m\u00e4isen raikkauden.<\/p>\n\n\n\n<p><\/p>\n\n\n\n<p><a href=\"https:\/\/hylajams.fi\/wp-content\/ekirja\/opas2026\/hyla-tuoksu-setti-4\/index.html\" type=\"link\" id=\"https:\/\/hylajams.fi\/wp-content\/ekirja\/opas2026\/hyla-tuoksu-setti-4\/index.html\" target=\"_blank\" rel=\"noreferrer noopener\">\ud83d\udcd6 <strong>Avaa e-kirja<\/strong><\/a><br><a href=\"https:\/\/hylajams.fi\/?product_cat=hyla-eteeriset-tuoksusetit-3x30-ml\" type=\"link\" id=\"https:\/\/hylajams.fi\/?product_cat=hyla-eteeriset-tuoksusetit-3x30-ml\">\ud83d\uded2 <strong>Siirry tuotesivulle<\/strong><\/a><\/p>\n<\/div><\/div>\n\n\n\n<p><\/p>\n\n\n\n<div class=\"wp-block-media-text is-stacked-on-mobile has-background\" style=\"background-color:#f0f8ff\"><figure class=\"wp-block-media-text__media\"><a href=\"https:\/\/hylajams.fi\/wp-content\/ekirja\/opas2026\/hyla-tuoksu-setti-3\/index.html#p=1\" target=\"_blank\" rel=\" noreferrer noopener\"><img decoding=\"async\" width=\"724\" height=\"1024\" src=\"https:\/\/hylajams.fi\/wp-content\/uploads\/2026\/04\/Rose-Vanilla-Green-Forest-ja-Fresh-flowers3-724x1024.jpg\" alt=\"Rose Vanilla, Green Forest ja Fresh flowers3\" class=\"wp-image-13649 size-full\" srcset=\"https:\/\/hylajams.fi\/wp-content\/uploads\/2026\/04\/Rose-Vanilla-Green-Forest-ja-Fresh-flowers3-724x1024.jpg 724w, https:\/\/hylajams.fi\/wp-content\/uploads\/2026\/04\/Rose-Vanilla-Green-Forest-ja-Fresh-flowers3-212x300.jpg 212w, https:\/\/hylajams.fi\/wp-content\/uploads\/2026\/04\/Rose-Vanilla-Green-Forest-ja-Fresh-flowers3-768x1086.jpg 768w, https:\/\/hylajams.fi\/wp-content\/uploads\/2026\/04\/Rose-Vanilla-Green-Forest-ja-Fresh-flowers3-1086x1536.jpg 1086w, https:\/\/hylajams.fi\/wp-content\/uploads\/2026\/04\/Rose-Vanilla-Green-Forest-ja-Fresh-flowers3-600x848.jpg 600w, https:\/\/hylajams.fi\/wp-content\/uploads\/2026\/04\/Rose-Vanilla-Green-Forest-ja-Fresh-flowers3.jpg 1237w\" sizes=\"(max-width: 724px) 100vw, 724px\" \/><\/a><\/figure><div class=\"wp-block-media-text__content\">\n<h2 class=\"wp-block-heading\">HYLA eteerinen tuoksusetti \u2013 Rose Vanilla, Green Forest &amp; Fresh Flowers<\/h2>\n\n\n\n<p><\/p>\n\n\n\n<p>Pehme\u00e4n kukkainen, raikkaan vihre\u00e4 ja puhtaan freesi kokonaisuus, joka luo kotiin kevyen ja miellytt\u00e4v\u00e4n tunnelman. Sopii erityisesti rentoutumiseen ja kodin yleiseen raikastamiseen.<\/p>\n\n\n\n<p><\/p>\n\n\n\n<p><a href=\"https:\/\/hylajams.fi\/wp-content\/ekirja\/opas2026\/hyla-tuoksu-setti-3\/index.html#p=1\" type=\"link\" id=\"https:\/\/hylajams.fi\/wp-content\/ekirja\/opas2026\/hyla-tuoksu-setti-3\/index.html#p=1\" target=\"_blank\" rel=\"noreferrer noopener\">\ud83d\udcd6 <strong>Avaa e-kirja<\/strong><\/a><br><a href=\"https:\/\/hylajams.fi\/?product_cat=hyla-eteeriset-tuoksusetit-3x30-ml\" type=\"link\" id=\"https:\/\/hylajams.fi\/?product_cat=hyla-eteeriset-tuoksusetit-3x30-ml\">\ud83d\uded2 <strong>Siirry tuotesivulle<\/strong><\/a><\/p>\n\n\n\n<p><\/p>\n<\/div><\/div>\n\n\n\n<p><\/p>\n\n\n\n<div class=\"wp-block-media-text is-stacked-on-mobile has-background\" style=\"background-color:#f0f8ff\"><figure class=\"wp-block-media-text__media\"><a href=\"https:\/\/online.fliphtml5.com\/HylaJams\/fkod\/#p=1\"><img decoding=\"async\" width=\"724\" height=\"1024\" src=\"https:\/\/hylajams.fi\/wp-content\/uploads\/2026\/02\/17453-Hyla-eteerinen-tuoksusetti-\u2013-appelsiini-sitruuna-ja-eukalyptus-724x1024.jpg\" alt=\"Hyla eteeriset tuoksut kirjasarja\" class=\"wp-image-12727 size-full\" srcset=\"https:\/\/hylajams.fi\/wp-content\/uploads\/2026\/02\/17453-Hyla-eteerinen-tuoksusetti-\u2013-appelsiini-sitruuna-ja-eukalyptus-724x1024.jpg 724w, https:\/\/hylajams.fi\/wp-content\/uploads\/2026\/02\/17453-Hyla-eteerinen-tuoksusetti-\u2013-appelsiini-sitruuna-ja-eukalyptus-212x300.jpg 212w, https:\/\/hylajams.fi\/wp-content\/uploads\/2026\/02\/17453-Hyla-eteerinen-tuoksusetti-\u2013-appelsiini-sitruuna-ja-eukalyptus-768x1086.jpg 768w, https:\/\/hylajams.fi\/wp-content\/uploads\/2026\/02\/17453-Hyla-eteerinen-tuoksusetti-\u2013-appelsiini-sitruuna-ja-eukalyptus-600x848.jpg 600w, https:\/\/hylajams.fi\/wp-content\/uploads\/2026\/02\/17453-Hyla-eteerinen-tuoksusetti-\u2013-appelsiini-sitruuna-ja-eukalyptus.jpg 1061w\" sizes=\"(max-width: 724px) 100vw, 724px\" \/><\/a><\/figure><div class=\"wp-block-media-text__content\">\n<h2 class=\"wp-block-heading\">HYLA eteerinen tuoksusetti \u2013 Appelsiini, Sitruuna &amp; Eukalyptus<\/h2>\n\n\n\n<p><\/p>\n\n\n\n<p>Raikkaan sitruksinen ja virkist\u00e4v\u00e4 tuoksuyhdistelm\u00e4, joka tuo energiaa ja puhtaan tunteen kotiin. Erinomainen valinta aamuihin ja aktiivisiin hetkiin.<\/p>\n\n\n\n<p><\/p>\n\n\n\n<p><a href=\"https:\/\/online.fliphtml5.com\/HylaJams\/fkod\/#p=1\" type=\"link\" id=\"https:\/\/online.fliphtml5.com\/HylaJams\/fkod\/#p=1\">\ud83d\udcd6 <strong>Avaa e-kirja<\/strong><\/a><br><a href=\"https:\/\/hylajams.fi\/?product_cat=hyla-eteeriset-tuoksusetit-3x30-ml\" type=\"link\" id=\"https:\/\/hylajams.fi\/?product_cat=hyla-eteeriset-tuoksusetit-3x30-ml\">\ud83d\uded2 <strong>Siirry tuotesivulle<\/strong><\/a><\/p>\n<\/div><\/div>\n\n\n\n<p><\/p>\n\n\n\n<div class=\"wp-block-media-text is-stacked-on-mobile has-background\" style=\"background-color:#f0f8ff\"><figure class=\"wp-block-media-text__media\"><a href=\"https:\/\/hylajams.fi\/wp-content\/ekirja\/opas2026\/hyla-eteerinen-setti\/index.html\"><img loading=\"lazy\" decoding=\"async\" width=\"578\" height=\"1024\" src=\"https:\/\/hylajams.fi\/wp-content\/uploads\/2026\/02\/17454-Hyla-eteerinen-tuoksusetti-3\u00d730-ml-\u2013-Minttu-Laventeli-ja-Manty-578x1024.jpg\" alt=\"Hyla eteerinen tuoksusetti 3\u00d730 ml \u2013 Minttu, Laventeli ja M\u00e4nty\" class=\"wp-image-12733 size-full\" srcset=\"https:\/\/hylajams.fi\/wp-content\/uploads\/2026\/02\/17454-Hyla-eteerinen-tuoksusetti-3\u00d730-ml-\u2013-Minttu-Laventeli-ja-Manty-578x1024.jpg 578w, https:\/\/hylajams.fi\/wp-content\/uploads\/2026\/02\/17454-Hyla-eteerinen-tuoksusetti-3\u00d730-ml-\u2013-Minttu-Laventeli-ja-Manty-169x300.jpg 169w, https:\/\/hylajams.fi\/wp-content\/uploads\/2026\/02\/17454-Hyla-eteerinen-tuoksusetti-3\u00d730-ml-\u2013-Minttu-Laventeli-ja-Manty-600x1063.jpg 600w, https:\/\/hylajams.fi\/wp-content\/uploads\/2026\/02\/17454-Hyla-eteerinen-tuoksusetti-3\u00d730-ml-\u2013-Minttu-Laventeli-ja-Manty.jpg 768w\" sizes=\"(max-width: 578px) 100vw, 578px\" \/><\/a><\/figure><div class=\"wp-block-media-text__content\">\n<h2 class=\"wp-block-heading\">HYLA eteerinen tuoksusetti \u2013 Minttu, Laventeli &amp; M\u00e4nty<\/h2>\n\n\n\n<p><\/p>\n\n\n\n<p>Viile\u00e4n raikas ja rauhoittava kokonaisuus, jossa minttu virkist\u00e4\u00e4, laventeli rentouttaa ja m\u00e4nty tuo luonnon raikkauden sis\u00e4tiloihin.<\/p>\n\n\n\n<p><\/p>\n\n\n\n<p><a href=\"https:\/\/hylajams.fi\/wp-content\/ekirja\/opas2026\/hyla-eteerinen-setti\/index.html\" type=\"link\" id=\"https:\/\/hylajams.fi\/wp-content\/ekirja\/opas2026\/hyla-eteerinen-setti\/index.html\" target=\"_blank\" rel=\"noreferrer noopener\">\ud83d\udcd6 <strong>Avaa e-kirja<\/strong><\/a><br><a href=\"https:\/\/hylajams.fi\/?product_cat=hyla-eteeriset-tuoksusetit-3x30-ml\" type=\"link\" id=\"https:\/\/hylajams.fi\/?product_cat=hyla-eteeriset-tuoksusetit-3x30-ml\">\ud83d\uded2 <strong>Siirry tuotesivulle<\/strong><\/a><\/p>\n<\/div><\/div>\n\n\n\n<p><\/p>\n\n\n\n<p><\/p>\n","protected":false},"excerpt":{"rendered":"<p>Hyla eteeriset tuoksut kirjasarja \u2013 luonnollista raikkautta ja tunnelmaa kotiin Hyla eteeriset tuoksut kirjasarja Hyla eteeriset tuoksut kirjasaraja tuovat kotiin raikkautta, rentoutumista ja luonnon aitoa tunnelmaa. Valikoimasta l\u00f6ytyy eri tuoksumaailmoja<a href=\"https:\/\/hylajams.fi\/?page_id=12705\" class=\"d-block breadmore\">Lue lis\u00e4\u00e4<\/a><\/p>\n","protected":false},"author":2,"featured_media":0,"parent":0,"menu_order":0,"comment_status":"closed","ping_status":"closed","template":"","meta":{"footnotes":""},"class_list":["post-12705","page","type-page","status-publish","hentry","_wholesalex wsx-wholesalex-product"],"yoast_head":"<!-- This site is optimized with the Yoast SEO plugin v27.3 - https:\/\/yoast.com\/product\/yoast-seo-wordpress\/ -->\n<title>Hyla eteeriset tuoksut kirjasarja puhtaaseen ja raikkaaseen kotiin<\/title>\n<meta name=\"description\" content=\"Hyla eteeriset tuoksut -kirjasarja esittelee Hyla-tuoksut ja niiden k\u00e4yt\u00f6n arjessa. Digitaalinen kirja, helppo lukea ja selata.\" \/>\n<meta name=\"robots\" content=\"index, follow, max-snippet:-1, max-image-preview:large, max-video-preview:-1\" \/>\n<link rel=\"canonical\" href=\"https:\/\/hylajams.fi\/?page_id=12705\" \/>\n<meta property=\"og:locale\" content=\"fi_FI\" \/>\n<meta property=\"og:type\" content=\"article\" \/>\n<meta property=\"og:title\" content=\"Hyla eteeriset tuoksut kirjasarja puhtaaseen ja raikkaaseen kotiin\" \/>\n<meta property=\"og:description\" content=\"Hyla eteeriset tuoksut -kirjasarja esittelee Hyla-tuoksut ja niiden k\u00e4yt\u00f6n arjessa. Digitaalinen kirja, helppo lukea ja selata.\" \/>\n<meta property=\"og:url\" content=\"https:\/\/hylajams.fi\/?page_id=12705\" \/>\n<meta property=\"og:site_name\" content=\"Hyla Jams Verkkokauppa\" \/>\n<meta property=\"article:modified_time\" content=\"2026-04-02T11:21:56+00:00\" \/>\n<meta property=\"og:image\" content=\"https:\/\/hylajams.fi\/wp-content\/uploads\/2026\/04\/Rose-Vanilla-Green-Forest-ja-Fresh-flowers3-724x1024.jpg\" \/>\n<meta name=\"twitter:card\" content=\"summary_large_image\" \/>\n<meta name=\"twitter:label1\" content=\"Arvioitu lukuaika\" \/>\n\t<meta name=\"twitter:data1\" content=\"3 minuuttia\" \/>\n<script type=\"application\/ld+json\" class=\"yoast-schema-graph\">{\"@context\":\"https:\\\/\\\/schema.org\",\"@graph\":[{\"@type\":\"WebPage\",\"@id\":\"https:\\\/\\\/hylajams.fi\\\/?page_id=12705\",\"url\":\"https:\\\/\\\/hylajams.fi\\\/?page_id=12705\",\"name\":\"Hyla eteeriset tuoksut kirjasarja puhtaaseen ja raikkaaseen kotiin\",\"isPartOf\":{\"@id\":\"https:\\\/\\\/hylajams.fi\\\/#website\"},\"primaryImageOfPage\":{\"@id\":\"https:\\\/\\\/hylajams.fi\\\/?page_id=12705#primaryimage\"},\"image\":{\"@id\":\"https:\\\/\\\/hylajams.fi\\\/?page_id=12705#primaryimage\"},\"thumbnailUrl\":\"https:\\\/\\\/hylajams.fi\\\/wp-content\\\/uploads\\\/2026\\\/04\\\/Rose-Vanilla-Green-Forest-ja-Fresh-flowers3-724x1024.jpg\",\"datePublished\":\"2026-02-04T22:34:17+00:00\",\"dateModified\":\"2026-04-02T11:21:56+00:00\",\"description\":\"Hyla eteeriset tuoksut -kirjasarja esittelee Hyla-tuoksut ja niiden k\u00e4yt\u00f6n arjessa. Digitaalinen kirja, helppo lukea ja selata.\",\"breadcrumb\":{\"@id\":\"https:\\\/\\\/hylajams.fi\\\/?page_id=12705#breadcrumb\"},\"inLanguage\":\"fi\",\"potentialAction\":[{\"@type\":\"ReadAction\",\"target\":[\"https:\\\/\\\/hylajams.fi\\\/?page_id=12705\"]}]},{\"@type\":\"ImageObject\",\"inLanguage\":\"fi\",\"@id\":\"https:\\\/\\\/hylajams.fi\\\/?page_id=12705#primaryimage\",\"url\":\"https:\\\/\\\/hylajams.fi\\\/wp-content\\\/uploads\\\/2026\\\/04\\\/Rose-Vanilla-Green-Forest-ja-Fresh-flowers3.jpg\",\"contentUrl\":\"https:\\\/\\\/hylajams.fi\\\/wp-content\\\/uploads\\\/2026\\\/04\\\/Rose-Vanilla-Green-Forest-ja-Fresh-flowers3.jpg\",\"width\":1237,\"height\":1749,\"caption\":\"Rose Vanilla, Green Forest ja Fresh flowers3\"},{\"@type\":\"BreadcrumbList\",\"@id\":\"https:\\\/\\\/hylajams.fi\\\/?page_id=12705#breadcrumb\",\"itemListElement\":[{\"@type\":\"ListItem\",\"position\":1,\"name\":\"Etusivu\",\"item\":\"https:\\\/\\\/hylajams.fi\\\/\"},{\"@type\":\"ListItem\",\"position\":2,\"name\":\"\ud83c\udf3f HYLA eteeriset tuoksut\"}]},{\"@type\":\"WebSite\",\"@id\":\"https:\\\/\\\/hylajams.fi\\\/#website\",\"url\":\"https:\\\/\\\/hylajams.fi\\\/\",\"name\":\"Hyla Jams Verkkokauppa\",\"description\":\"Hyla ilman- ja huoneen puhdistusj\u00e4rjestelm\u00e4 Suomessa\",\"publisher\":{\"@id\":\"https:\\\/\\\/hylajams.fi\\\/#organization\"},\"potentialAction\":[{\"@type\":\"SearchAction\",\"target\":{\"@type\":\"EntryPoint\",\"urlTemplate\":\"https:\\\/\\\/hylajams.fi\\\/?s={search_term_string}\"},\"query-input\":{\"@type\":\"PropertyValueSpecification\",\"valueRequired\":true,\"valueName\":\"search_term_string\"}}],\"inLanguage\":\"fi\"},{\"@type\":\"Organization\",\"@id\":\"https:\\\/\\\/hylajams.fi\\\/#organization\",\"name\":\"Hyla Jams Verkkokauppa\",\"url\":\"https:\\\/\\\/hylajams.fi\\\/\",\"logo\":{\"@type\":\"ImageObject\",\"inLanguage\":\"fi\",\"@id\":\"https:\\\/\\\/hylajams.fi\\\/#\\\/schema\\\/logo\\\/image\\\/\",\"url\":\"https:\\\/\\\/hylajams.fi\\\/wp-content\\\/uploads\\\/2025\\\/02\\\/Logo-1-2.jpg\",\"contentUrl\":\"https:\\\/\\\/hylajams.fi\\\/wp-content\\\/uploads\\\/2025\\\/02\\\/Logo-1-2.jpg\",\"width\":500,\"height\":500,\"caption\":\"Hyla Jams Verkkokauppa\"},\"image\":{\"@id\":\"https:\\\/\\\/hylajams.fi\\\/#\\\/schema\\\/logo\\\/image\\\/\"},\"sameAs\":[\"https:\\\/\\\/www.instagram.com\\\/hylasiivous\\\/\"]}]}<\/script>\n<!-- \/ Yoast SEO plugin. -->","yoast_head_json":{"title":"Hyla eteeriset tuoksut kirjasarja puhtaaseen ja raikkaaseen kotiin","description":"Hyla eteeriset tuoksut -kirjasarja esittelee Hyla-tuoksut ja niiden k\u00e4yt\u00f6n arjessa. Digitaalinen kirja, helppo lukea ja selata.","robots":{"index":"index","follow":"follow","max-snippet":"max-snippet:-1","max-image-preview":"max-image-preview:large","max-video-preview":"max-video-preview:-1"},"canonical":"https:\/\/hylajams.fi\/?page_id=12705","og_locale":"fi_FI","og_type":"article","og_title":"Hyla eteeriset tuoksut kirjasarja puhtaaseen ja raikkaaseen kotiin","og_description":"Hyla eteeriset tuoksut -kirjasarja esittelee Hyla-tuoksut ja niiden k\u00e4yt\u00f6n arjessa. Digitaalinen kirja, helppo lukea ja selata.","og_url":"https:\/\/hylajams.fi\/?page_id=12705","og_site_name":"Hyla Jams Verkkokauppa","article_modified_time":"2026-04-02T11:21:56+00:00","og_image":[{"url":"https:\/\/hylajams.fi\/wp-content\/uploads\/2026\/04\/Rose-Vanilla-Green-Forest-ja-Fresh-flowers3-724x1024.jpg","type":"","width":"","height":""}],"twitter_card":"summary_large_image","twitter_misc":{"Arvioitu lukuaika":"3 minuuttia"},"schema":{"@context":"https:\/\/schema.org","@graph":[{"@type":"WebPage","@id":"https:\/\/hylajams.fi\/?page_id=12705","url":"https:\/\/hylajams.fi\/?page_id=12705","name":"Hyla eteeriset tuoksut kirjasarja puhtaaseen ja raikkaaseen kotiin","isPartOf":{"@id":"https:\/\/hylajams.fi\/#website"},"primaryImageOfPage":{"@id":"https:\/\/hylajams.fi\/?page_id=12705#primaryimage"},"image":{"@id":"https:\/\/hylajams.fi\/?page_id=12705#primaryimage"},"thumbnailUrl":"https:\/\/hylajams.fi\/wp-content\/uploads\/2026\/04\/Rose-Vanilla-Green-Forest-ja-Fresh-flowers3-724x1024.jpg","datePublished":"2026-02-04T22:34:17+00:00","dateModified":"2026-04-02T11:21:56+00:00","description":"Hyla eteeriset tuoksut -kirjasarja esittelee Hyla-tuoksut ja niiden k\u00e4yt\u00f6n arjessa. Digitaalinen kirja, helppo lukea ja selata.","breadcrumb":{"@id":"https:\/\/hylajams.fi\/?page_id=12705#breadcrumb"},"inLanguage":"fi","potentialAction":[{"@type":"ReadAction","target":["https:\/\/hylajams.fi\/?page_id=12705"]}]},{"@type":"ImageObject","inLanguage":"fi","@id":"https:\/\/hylajams.fi\/?page_id=12705#primaryimage","url":"https:\/\/hylajams.fi\/wp-content\/uploads\/2026\/04\/Rose-Vanilla-Green-Forest-ja-Fresh-flowers3.jpg","contentUrl":"https:\/\/hylajams.fi\/wp-content\/uploads\/2026\/04\/Rose-Vanilla-Green-Forest-ja-Fresh-flowers3.jpg","width":1237,"height":1749,"caption":"Rose Vanilla, Green Forest ja Fresh flowers3"},{"@type":"BreadcrumbList","@id":"https:\/\/hylajams.fi\/?page_id=12705#breadcrumb","itemListElement":[{"@type":"ListItem","position":1,"name":"Etusivu","item":"https:\/\/hylajams.fi\/"},{"@type":"ListItem","position":2,"name":"\ud83c\udf3f HYLA eteeriset tuoksut"}]},{"@type":"WebSite","@id":"https:\/\/hylajams.fi\/#website","url":"https:\/\/hylajams.fi\/","name":"Hyla Jams Verkkokauppa","description":"Hyla ilman- ja huoneen puhdistusj\u00e4rjestelm\u00e4 Suomessa","publisher":{"@id":"https:\/\/hylajams.fi\/#organization"},"potentialAction":[{"@type":"SearchAction","target":{"@type":"EntryPoint","urlTemplate":"https:\/\/hylajams.fi\/?s={search_term_string}"},"query-input":{"@type":"PropertyValueSpecification","valueRequired":true,"valueName":"search_term_string"}}],"inLanguage":"fi"},{"@type":"Organization","@id":"https:\/\/hylajams.fi\/#organization","name":"Hyla Jams Verkkokauppa","url":"https:\/\/hylajams.fi\/","logo":{"@type":"ImageObject","inLanguage":"fi","@id":"https:\/\/hylajams.fi\/#\/schema\/logo\/image\/","url":"https:\/\/hylajams.fi\/wp-content\/uploads\/2025\/02\/Logo-1-2.jpg","contentUrl":"https:\/\/hylajams.fi\/wp-content\/uploads\/2025\/02\/Logo-1-2.jpg","width":500,"height":500,"caption":"Hyla Jams Verkkokauppa"},"image":{"@id":"https:\/\/hylajams.fi\/#\/schema\/logo\/image\/"},"sameAs":["https:\/\/www.instagram.com\/hylasiivous\/"]}]}},"_links":{"self":[{"href":"https:\/\/hylajams.fi\/index.php?rest_route=\/wp\/v2\/pages\/12705","targetHints":{"allow":["GET"]}}],"collection":[{"href":"https:\/\/hylajams.fi\/index.php?rest_route=\/wp\/v2\/pages"}],"about":[{"href":"https:\/\/hylajams.fi\/index.php?rest_route=\/wp\/v2\/types\/page"}],"author":[{"embeddable":true,"href":"https:\/\/hylajams.fi\/index.php?rest_route=\/wp\/v2\/users\/2"}],"replies":[{"embeddable":true,"href":"https:\/\/hylajams.fi\/index.php?rest_route=%2Fwp%2Fv2%2Fcomments&post=12705"}],"version-history":[{"count":23,"href":"https:\/\/hylajams.fi\/index.php?rest_route=\/wp\/v2\/pages\/12705\/revisions"}],"predecessor-version":[{"id":13662,"href":"https:\/\/hylajams.fi\/index.php?rest_route=\/wp\/v2\/pages\/12705\/revisions\/13662"}],"wp:attachment":[{"href":"https:\/\/hylajams.fi\/index.php?rest_route=%2Fwp%2Fv2%2Fmedia&parent=12705"}],"curies":[{"name":"wp","href":"https:\/\/api.w.org\/{rel}","templated":true}]}}