{"id":12586,"date":"2026-01-25T18:12:59","date_gmt":"2026-01-25T16:12:59","guid":{"rendered":"https:\/\/hylajams.fi\/?page_id=12586"},"modified":"2026-02-25T20:31:07","modified_gmt":"2026-02-25T18:31:07","slug":"ostaminen-ja-kirjautuminen","status":"publish","type":"page","link":"https:\/\/hylajams.fi\/?page_id=12586","title":{"rendered":"Ostaminen &#038; kirjautuminen"},"content":{"rendered":"\n<p><\/p>\n\n\n\n<p>Ostaminen ja kirjautuminen<\/p>\n\n\n\n<p><\/p>\n\n\n\n<figure class=\"wp-block-image size-large\"><img fetchpriority=\"high\" decoding=\"async\" width=\"1024\" height=\"683\" src=\"https:\/\/hylajams.fi\/wp-content\/uploads\/2026\/01\/Maksutavat-1024x683.jpg\" alt=\"Ostaminen ja kirjautuminen\" class=\"wp-image-12584\" srcset=\"https:\/\/hylajams.fi\/wp-content\/uploads\/2026\/01\/Maksutavat-1024x683.jpg 1024w, https:\/\/hylajams.fi\/wp-content\/uploads\/2026\/01\/Maksutavat-300x200.jpg 300w, https:\/\/hylajams.fi\/wp-content\/uploads\/2026\/01\/Maksutavat-768x512.jpg 768w, https:\/\/hylajams.fi\/wp-content\/uploads\/2026\/01\/Maksutavat-600x400.jpg 600w, https:\/\/hylajams.fi\/wp-content\/uploads\/2026\/01\/Maksutavat.jpg 1248w\" sizes=\"(max-width: 1024px) 100vw, 1024px\" \/><figcaption class=\"wp-element-caption\">Maksutavat<\/figcaption><\/figure>\n\n\n\n<p><\/p>\n\n\n\n<p class=\"has-background\" style=\"background-color:#e6f7f9\">L\u00f6yd\u00e4 kaikki tarvittava tieto Hyla Jams -verkkokaupassa ostamiseen, maksamiseen ja tilauksen hallintaan. Opas n\u00e4ytt\u00e4\u00e4, miten tilaat tuotteet helposti, kirjaudut sis\u00e4\u00e4n ja k\u00e4yt\u00e4t ostoskoria sujuvasti.<\/p>\n\n\n\n<h3 class=\"wp-block-heading\">\ud83d\uded2 Ostoskori<\/h3>\n\n\n\n<p class=\"has-background\" style=\"background-color:#e6f7f9\">Lis\u00e4\u00e4 tuotteet ostoskoriin ja siirry kassalle helposti. Ostoskorin avulla voit tarkistaa tuotteet, muokata m\u00e4\u00e4ri\u00e4 tai poistaa tarpeettomia ennen maksamista.<br><br><a href=\"https:\/\/hylajams.fi\/?page_id=10\" type=\"link\" id=\"https:\/\/hylajams.fi\/?page_id=10\"><strong>Siirry ostoskoriin<\/strong><\/a><\/p>\n\n\n\n<h3 class=\"wp-block-heading\">\ud83d\udd12 Kirjaudu sis\u00e4\u00e4n \/ ulos<\/h3>\n\n\n\n<p class=\"has-background\" style=\"background-color:#e6f7f9\">Kirjaudu sis\u00e4\u00e4n hallitaksesi tilauksesi ja asiakastilisi, tai rekister\u00f6idy uudeksi asiakkaaksi. Uloskirjautuminen onnistuu nopeasti yhdell\u00e4 klikkauksella.<br><br><a href=\"https:\/\/hylajams.fi\/?page_id=12\" type=\"link\" id=\"https:\/\/hylajams.fi\/wp-login.php?action=logout&amp;redirect_to=https%3A%2F%2Fhylajams.fi%2F%3Fpage_id%3D12586%26preview%3Dtrue&amp;_wpnonce=3e5dfc61eb\" target=\"_blank\" rel=\"noreferrer noopener\"><strong>Kirjaudu sis\u00e4\u00e4n \/ ulos<\/strong><\/a><\/p>\n\n\n\n<h3 class=\"wp-block-heading\">\ud83d\udcb3 Maksutavat<\/h3>\n\n\n\n<p class=\"has-background\" style=\"background-color:#e6f7f9\">Hyla Jams -verkkokaupassa voit maksaa helposti pankki- tai luottokortilla, laskulla tai verkkolaskulla yrityksille. Maksaminen on turvallista ja sujuvaa.<br><br><a href=\"https:\/\/hylajams.fi\/?page_id=12570\" target=\"_blank\" rel=\"noreferrer noopener\"><strong>\ud83d\udcb3 Maksutavat<\/strong><\/a><\/p>\n\n\n\n<p><\/p>\n","protected":false},"excerpt":{"rendered":"<p>Ostaminen ja kirjautuminen L\u00f6yd\u00e4 kaikki tarvittava tieto Hyla Jams -verkkokaupassa ostamiseen, maksamiseen ja tilauksen hallintaan. Opas n\u00e4ytt\u00e4\u00e4, miten tilaat tuotteet helposti, kirjaudut sis\u00e4\u00e4n ja k\u00e4yt\u00e4t ostoskoria sujuvasti. \ud83d\uded2 Ostoskori Lis\u00e4\u00e4<a href=\"https:\/\/hylajams.fi\/?page_id=12586\" class=\"d-block breadmore\">Lue lis\u00e4\u00e4<\/a><\/p>\n","protected":false},"author":2,"featured_media":0,"parent":0,"menu_order":0,"comment_status":"closed","ping_status":"closed","template":"","meta":{"footnotes":""},"class_list":["post-12586","page","type-page","status-publish","hentry","_wholesalex wsx-wholesalex-product"],"yoast_head":"<!-- This site is optimized with the Yoast SEO plugin v27.3 - https:\/\/yoast.com\/product\/yoast-seo-wordpress\/ -->\n<title>Ostaminen ja kirjautuminen | Hyla Jams Verkkokauppa<\/title>\n<meta name=\"description\" content=\"Ostaminen ja kirjautuminen -ohje Hyla Jams -verkkokaupassa. Kuinka tilaat tuotteet helposti, kirjaudut sis\u00e4\u00e4n ja hallitset tilauksesi.\" \/>\n<meta name=\"robots\" content=\"noindex, follow\" \/>\n<meta property=\"og:locale\" content=\"fi_FI\" \/>\n<meta property=\"og:type\" content=\"article\" \/>\n<meta property=\"og:title\" content=\"Ostaminen ja kirjautuminen | Hyla Jams Verkkokauppa\" \/>\n<meta property=\"og:description\" content=\"Ostaminen ja kirjautuminen -ohje Hyla Jams -verkkokaupassa. Kuinka tilaat tuotteet helposti, kirjaudut sis\u00e4\u00e4n ja hallitset tilauksesi.\" \/>\n<meta property=\"og:url\" content=\"https:\/\/hylajams.fi\/?page_id=12586\" \/>\n<meta property=\"og:site_name\" content=\"Hyla Jams Verkkokauppa\" \/>\n<meta property=\"article:modified_time\" content=\"2026-02-25T18:31:07+00:00\" \/>\n<meta property=\"og:image\" content=\"https:\/\/hylajams.fi\/wp-content\/uploads\/2026\/01\/Maksutavat.jpg\" \/>\n\t<meta property=\"og:image:width\" content=\"1248\" \/>\n\t<meta property=\"og:image:height\" content=\"832\" \/>\n\t<meta property=\"og:image:type\" content=\"image\/jpeg\" \/>\n<meta name=\"twitter:card\" content=\"summary_large_image\" \/>\n<meta name=\"twitter:label1\" content=\"Arvioitu lukuaika\" \/>\n\t<meta name=\"twitter:data1\" content=\"1 minuutti\" \/>\n<script type=\"application\/ld+json\" class=\"yoast-schema-graph\">{\"@context\":\"https:\\\/\\\/schema.org\",\"@graph\":[{\"@type\":\"WebPage\",\"@id\":\"https:\\\/\\\/hylajams.fi\\\/?page_id=12586\",\"url\":\"https:\\\/\\\/hylajams.fi\\\/?page_id=12586\",\"name\":\"Ostaminen ja kirjautuminen | Hyla Jams Verkkokauppa\",\"isPartOf\":{\"@id\":\"https:\\\/\\\/hylajams.fi\\\/#website\"},\"primaryImageOfPage\":{\"@id\":\"https:\\\/\\\/hylajams.fi\\\/?page_id=12586#primaryimage\"},\"image\":{\"@id\":\"https:\\\/\\\/hylajams.fi\\\/?page_id=12586#primaryimage\"},\"thumbnailUrl\":\"https:\\\/\\\/hylajams.fi\\\/wp-content\\\/uploads\\\/2026\\\/01\\\/Maksutavat-1024x683.jpg\",\"datePublished\":\"2026-01-25T16:12:59+00:00\",\"dateModified\":\"2026-02-25T18:31:07+00:00\",\"description\":\"Ostaminen ja kirjautuminen -ohje Hyla Jams -verkkokaupassa. Kuinka tilaat tuotteet helposti, kirjaudut sis\u00e4\u00e4n ja hallitset tilauksesi.\",\"breadcrumb\":{\"@id\":\"https:\\\/\\\/hylajams.fi\\\/?page_id=12586#breadcrumb\"},\"inLanguage\":\"fi\",\"potentialAction\":[{\"@type\":\"ReadAction\",\"target\":[\"https:\\\/\\\/hylajams.fi\\\/?page_id=12586\"]}]},{\"@type\":\"ImageObject\",\"inLanguage\":\"fi\",\"@id\":\"https:\\\/\\\/hylajams.fi\\\/?page_id=12586#primaryimage\",\"url\":\"https:\\\/\\\/hylajams.fi\\\/wp-content\\\/uploads\\\/2026\\\/01\\\/Maksutavat.jpg\",\"contentUrl\":\"https:\\\/\\\/hylajams.fi\\\/wp-content\\\/uploads\\\/2026\\\/01\\\/Maksutavat.jpg\",\"width\":1248,\"height\":832,\"caption\":\"Maksutavat\"},{\"@type\":\"BreadcrumbList\",\"@id\":\"https:\\\/\\\/hylajams.fi\\\/?page_id=12586#breadcrumb\",\"itemListElement\":[{\"@type\":\"ListItem\",\"position\":1,\"name\":\"Etusivu\",\"item\":\"https:\\\/\\\/hylajams.fi\\\/\"},{\"@type\":\"ListItem\",\"position\":2,\"name\":\"Ostaminen &#038; kirjautuminen\"}]},{\"@type\":\"WebSite\",\"@id\":\"https:\\\/\\\/hylajams.fi\\\/#website\",\"url\":\"https:\\\/\\\/hylajams.fi\\\/\",\"name\":\"Hyla Jams Verkkokauppa\",\"description\":\"Hyla ilman- ja huoneen puhdistusj\u00e4rjestelm\u00e4 Suomessa\",\"publisher\":{\"@id\":\"https:\\\/\\\/hylajams.fi\\\/#organization\"},\"potentialAction\":[{\"@type\":\"SearchAction\",\"target\":{\"@type\":\"EntryPoint\",\"urlTemplate\":\"https:\\\/\\\/hylajams.fi\\\/?s={search_term_string}\"},\"query-input\":{\"@type\":\"PropertyValueSpecification\",\"valueRequired\":true,\"valueName\":\"search_term_string\"}}],\"inLanguage\":\"fi\"},{\"@type\":\"Organization\",\"@id\":\"https:\\\/\\\/hylajams.fi\\\/#organization\",\"name\":\"Hyla Jams Verkkokauppa\",\"url\":\"https:\\\/\\\/hylajams.fi\\\/\",\"logo\":{\"@type\":\"ImageObject\",\"inLanguage\":\"fi\",\"@id\":\"https:\\\/\\\/hylajams.fi\\\/#\\\/schema\\\/logo\\\/image\\\/\",\"url\":\"https:\\\/\\\/hylajams.fi\\\/wp-content\\\/uploads\\\/2025\\\/02\\\/Logo-1-2.jpg\",\"contentUrl\":\"https:\\\/\\\/hylajams.fi\\\/wp-content\\\/uploads\\\/2025\\\/02\\\/Logo-1-2.jpg\",\"width\":500,\"height\":500,\"caption\":\"Hyla Jams Verkkokauppa\"},\"image\":{\"@id\":\"https:\\\/\\\/hylajams.fi\\\/#\\\/schema\\\/logo\\\/image\\\/\"},\"sameAs\":[\"https:\\\/\\\/www.instagram.com\\\/hylasiivous\\\/\"]}]}<\/script>\n<!-- \/ Yoast SEO plugin. -->","yoast_head_json":{"title":"Ostaminen ja kirjautuminen | Hyla Jams Verkkokauppa","description":"Ostaminen ja kirjautuminen -ohje Hyla Jams -verkkokaupassa. Kuinka tilaat tuotteet helposti, kirjaudut sis\u00e4\u00e4n ja hallitset tilauksesi.","robots":{"index":"noindex","follow":"follow"},"og_locale":"fi_FI","og_type":"article","og_title":"Ostaminen ja kirjautuminen | Hyla Jams Verkkokauppa","og_description":"Ostaminen ja kirjautuminen -ohje Hyla Jams -verkkokaupassa. Kuinka tilaat tuotteet helposti, kirjaudut sis\u00e4\u00e4n ja hallitset tilauksesi.","og_url":"https:\/\/hylajams.fi\/?page_id=12586","og_site_name":"Hyla Jams Verkkokauppa","article_modified_time":"2026-02-25T18:31:07+00:00","og_image":[{"width":1248,"height":832,"url":"https:\/\/hylajams.fi\/wp-content\/uploads\/2026\/01\/Maksutavat.jpg","type":"image\/jpeg"}],"twitter_card":"summary_large_image","twitter_misc":{"Arvioitu lukuaika":"1 minuutti"},"schema":{"@context":"https:\/\/schema.org","@graph":[{"@type":"WebPage","@id":"https:\/\/hylajams.fi\/?page_id=12586","url":"https:\/\/hylajams.fi\/?page_id=12586","name":"Ostaminen ja kirjautuminen | Hyla Jams Verkkokauppa","isPartOf":{"@id":"https:\/\/hylajams.fi\/#website"},"primaryImageOfPage":{"@id":"https:\/\/hylajams.fi\/?page_id=12586#primaryimage"},"image":{"@id":"https:\/\/hylajams.fi\/?page_id=12586#primaryimage"},"thumbnailUrl":"https:\/\/hylajams.fi\/wp-content\/uploads\/2026\/01\/Maksutavat-1024x683.jpg","datePublished":"2026-01-25T16:12:59+00:00","dateModified":"2026-02-25T18:31:07+00:00","description":"Ostaminen ja kirjautuminen -ohje Hyla Jams -verkkokaupassa. Kuinka tilaat tuotteet helposti, kirjaudut sis\u00e4\u00e4n ja hallitset tilauksesi.","breadcrumb":{"@id":"https:\/\/hylajams.fi\/?page_id=12586#breadcrumb"},"inLanguage":"fi","potentialAction":[{"@type":"ReadAction","target":["https:\/\/hylajams.fi\/?page_id=12586"]}]},{"@type":"ImageObject","inLanguage":"fi","@id":"https:\/\/hylajams.fi\/?page_id=12586#primaryimage","url":"https:\/\/hylajams.fi\/wp-content\/uploads\/2026\/01\/Maksutavat.jpg","contentUrl":"https:\/\/hylajams.fi\/wp-content\/uploads\/2026\/01\/Maksutavat.jpg","width":1248,"height":832,"caption":"Maksutavat"},{"@type":"BreadcrumbList","@id":"https:\/\/hylajams.fi\/?page_id=12586#breadcrumb","itemListElement":[{"@type":"ListItem","position":1,"name":"Etusivu","item":"https:\/\/hylajams.fi\/"},{"@type":"ListItem","position":2,"name":"Ostaminen &#038; kirjautuminen"}]},{"@type":"WebSite","@id":"https:\/\/hylajams.fi\/#website","url":"https:\/\/hylajams.fi\/","name":"Hyla Jams Verkkokauppa","description":"Hyla ilman- ja huoneen puhdistusj\u00e4rjestelm\u00e4 Suomessa","publisher":{"@id":"https:\/\/hylajams.fi\/#organization"},"potentialAction":[{"@type":"SearchAction","target":{"@type":"EntryPoint","urlTemplate":"https:\/\/hylajams.fi\/?s={search_term_string}"},"query-input":{"@type":"PropertyValueSpecification","valueRequired":true,"valueName":"search_term_string"}}],"inLanguage":"fi"},{"@type":"Organization","@id":"https:\/\/hylajams.fi\/#organization","name":"Hyla Jams Verkkokauppa","url":"https:\/\/hylajams.fi\/","logo":{"@type":"ImageObject","inLanguage":"fi","@id":"https:\/\/hylajams.fi\/#\/schema\/logo\/image\/","url":"https:\/\/hylajams.fi\/wp-content\/uploads\/2025\/02\/Logo-1-2.jpg","contentUrl":"https:\/\/hylajams.fi\/wp-content\/uploads\/2025\/02\/Logo-1-2.jpg","width":500,"height":500,"caption":"Hyla Jams Verkkokauppa"},"image":{"@id":"https:\/\/hylajams.fi\/#\/schema\/logo\/image\/"},"sameAs":["https:\/\/www.instagram.com\/hylasiivous\/"]}]}},"_links":{"self":[{"href":"https:\/\/hylajams.fi\/index.php?rest_route=\/wp\/v2\/pages\/12586","targetHints":{"allow":["GET"]}}],"collection":[{"href":"https:\/\/hylajams.fi\/index.php?rest_route=\/wp\/v2\/pages"}],"about":[{"href":"https:\/\/hylajams.fi\/index.php?rest_route=\/wp\/v2\/types\/page"}],"author":[{"embeddable":true,"href":"https:\/\/hylajams.fi\/index.php?rest_route=\/wp\/v2\/users\/2"}],"replies":[{"embeddable":true,"href":"https:\/\/hylajams.fi\/index.php?rest_route=%2Fwp%2Fv2%2Fcomments&post=12586"}],"version-history":[{"count":9,"href":"https:\/\/hylajams.fi\/index.php?rest_route=\/wp\/v2\/pages\/12586\/revisions"}],"predecessor-version":[{"id":13055,"href":"https:\/\/hylajams.fi\/index.php?rest_route=\/wp\/v2\/pages\/12586\/revisions\/13055"}],"wp:attachment":[{"href":"https:\/\/hylajams.fi\/index.php?rest_route=%2Fwp%2Fv2%2Fmedia&parent=12586"}],"curies":[{"name":"wp","href":"https:\/\/api.w.org\/{rel}","templated":true}]}}