{"id":12570,"date":"2026-01-25T16:25:36","date_gmt":"2026-01-25T14:25:36","guid":{"rendered":"https:\/\/hylajams.fi\/?page_id=12570"},"modified":"2026-01-28T12:21:08","modified_gmt":"2026-01-28T10:21:08","slug":"maksutavat","status":"publish","type":"page","link":"https:\/\/hylajams.fi\/?page_id=12570","title":{"rendered":"Maksutavat"},"content":{"rendered":"\n<p><\/p>\n\n\n\n<h2 class=\"wp-block-heading has-text-color has-link-color wp-elements-b06bb2d0fbda563d89d6c3911128134e\" style=\"color:#0077b6\">Maksa laskulla, pankki- tai luottokortilla<\/h2>\n\n\n\n<p><\/p>\n\n\n\n<p class=\"has-background\" style=\"background-color:#e6f7f9\"><strong>Tervetuloa Hyla Jams -Verkkokaupan <\/strong>maksutavat sivulle<strong>!<\/strong> <br><br>Tarjoamme turvalliset ja joustavat tavat maksaa tilauksesi verkkokaupassa: pankki- tai luottokortti, lasku sek\u00e4 verkkolasku yrityksille. Maksaminen on nopeaa, selke\u00e4\u00e4 ja varmistaa tuotteiden sujuvan toimituksen suoraan kotiisi tai yritykseesi.<\/p>\n\n\n\n<p><\/p>\n\n\n\n<figure class=\"wp-block-video aligncenter\"><video height=\"720\" style=\"aspect-ratio: 1280 \/ 720;\" width=\"1280\" controls src=\"https:\/\/hylajams.fi\/wp-content\/uploads\/2026\/01\/Verkkokaupassa-maksaminen.mp4\"><\/video><\/figure>\n\n\n\n<p><\/p>\n\n\n\n<h2 class=\"wp-block-heading has-text-color has-link-color wp-elements-1d2a982d408121a5486e750a03ba5751\" style=\"color:#0077b6\">Nyt voit valita maksuvaihtoehdon <a href=\"https:\/\/hylajams.fi\/?page_id=11\" type=\"link\" id=\"https:\/\/hylajams.fi\/?page_id=11\">kassalla<\/a>:<\/h2>\n\n\n\n<p><\/p>\n\n\n\n<div class=\"wp-block-media-text is-stacked-on-mobile has-background\" style=\"background-color:#e6f7f9\"><figure class=\"wp-block-media-text__media\"><img fetchpriority=\"high\" decoding=\"async\" width=\"1024\" height=\"665\" src=\"https:\/\/hylajams.fi\/wp-content\/uploads\/2025\/03\/Luotto-pankki-vaihtoehdot-1024x665.jpg\" alt=\"Maksutavat\" class=\"wp-image-9962 size-full\" srcset=\"https:\/\/hylajams.fi\/wp-content\/uploads\/2025\/03\/Luotto-pankki-vaihtoehdot-1024x665.jpg 1024w, https:\/\/hylajams.fi\/wp-content\/uploads\/2025\/03\/Luotto-pankki-vaihtoehdot-300x195.jpg 300w, https:\/\/hylajams.fi\/wp-content\/uploads\/2025\/03\/Luotto-pankki-vaihtoehdot-768x498.jpg 768w, https:\/\/hylajams.fi\/wp-content\/uploads\/2025\/03\/Luotto-pankki-vaihtoehdot-600x389.jpg 600w, https:\/\/hylajams.fi\/wp-content\/uploads\/2025\/03\/Luotto-pankki-vaihtoehdot.jpg 1040w\" sizes=\"(max-width: 1024px) 100vw, 1024px\" \/><\/figure><div class=\"wp-block-media-text__content\">\n<p><br><strong>Valitse itsellesi sopivat vaihtoedot <a href=\"https:\/\/hylajams.fi\/?page_id=11\" type=\"link\" id=\"https:\/\/hylajams.fi\/?page_id=11\">kassalla<\/a>:<\/strong><\/p>\n\n\n\n<p><strong>\ud83d\udcb3 Pankki- tai luottokortti (debit\/kredit)<\/strong><br>Maksa turvallisesti suoraan kassalla. Saat tarvittaessa lis\u00e4\u00e4 maksuaikaa, ja tuotteiden toimitus hoituu nopeammin.<br><br><strong>\ud83e\uddfe Lasku ja verkkolasku yrityksille<\/strong><br><br><strong>Lasku:<\/strong> L\u00e4hetet\u00e4\u00e4n s\u00e4hk\u00f6postiisi heti tilauksen j\u00e4lkeen. Maksu tulee suorittaa ennen tuotteiden toimitusta.<br><br><strong>Verkkolasku:<\/strong> L\u00e4hetet\u00e4\u00e4n tilauksen k\u00e4sittelyn yhteydess\u00e4, kun olet toimittanut tarvittavat <a href=\"https:\/\/hylajams.fi\/?page_id=12376\" type=\"link\" id=\"https:\/\/hylajams.fi\/?page_id=12376\"><strong>verkkolaskutiedot.<\/strong><\/a><br><br>\u2022\tYrityksen nimi<br>\u2022\tY-tunnus<br>\u2022\tOVT-osoite<br>\u2022\tMahdollinen v\u00e4litt\u00e4j\u00e4tunnus<\/p>\n<\/div><\/div>\n\n\n\n<p><\/p>\n","protected":false},"excerpt":{"rendered":"<p>Maksa laskulla, pankki- tai luottokortilla Tervetuloa Hyla Jams -Verkkokaupan maksutavat sivulle! Tarjoamme turvalliset ja joustavat tavat maksaa tilauksesi verkkokaupassa: pankki- tai luottokortti, lasku sek\u00e4 verkkolasku yrityksille. Maksaminen on nopeaa, selke\u00e4\u00e4<a href=\"https:\/\/hylajams.fi\/?page_id=12570\" class=\"d-block breadmore\">Lue lis\u00e4\u00e4<\/a><\/p>\n","protected":false},"author":2,"featured_media":12584,"parent":0,"menu_order":0,"comment_status":"closed","ping_status":"closed","template":"","meta":{"footnotes":""},"class_list":["post-12570","page","type-page","status-publish","has-post-thumbnail","hentry","_wholesalex wsx-wholesalex-product"],"yoast_head":"<!-- This site is optimized with the Yoast SEO plugin v27.3 - https:\/\/yoast.com\/product\/yoast-seo-wordpress\/ -->\n<title>Maksutavat \u2013 turvallinen maksu laskulla tai kortilla<\/title>\n<meta name=\"description\" content=\"Valitse maksutavaksi pankki- tai luottokortti, lasku tai verkkolasku yrityksille. Turvalliset maksutavat verkkokaupassamme.\" \/>\n<meta name=\"robots\" content=\"index, follow, max-snippet:-1, max-image-preview:large, max-video-preview:-1\" \/>\n<link rel=\"canonical\" href=\"https:\/\/hylajams.fi\/?page_id=12570\" \/>\n<meta property=\"og:locale\" content=\"fi_FI\" \/>\n<meta property=\"og:type\" content=\"article\" \/>\n<meta property=\"og:title\" content=\"Maksutavat \u2013 turvallinen maksu laskulla tai kortilla\" \/>\n<meta property=\"og:description\" content=\"Valitse maksutavaksi pankki- tai luottokortti, lasku tai verkkolasku yrityksille. Turvalliset maksutavat verkkokaupassamme.\" \/>\n<meta property=\"og:url\" content=\"https:\/\/hylajams.fi\/?page_id=12570\" \/>\n<meta property=\"og:site_name\" content=\"Hyla Jams Verkkokauppa\" \/>\n<meta property=\"article:modified_time\" content=\"2026-01-28T10:21:08+00:00\" \/>\n<meta property=\"og:image\" content=\"https:\/\/hylajams.fi\/wp-content\/uploads\/2026\/01\/Maksutavat.jpg\" \/>\n\t<meta property=\"og:image:width\" content=\"1248\" \/>\n\t<meta property=\"og:image:height\" content=\"832\" \/>\n\t<meta property=\"og:image:type\" content=\"image\/jpeg\" \/>\n<meta name=\"twitter:card\" content=\"summary_large_image\" \/>\n<meta name=\"twitter:label1\" content=\"Arvioitu lukuaika\" \/>\n\t<meta name=\"twitter:data1\" content=\"2 minuuttia\" \/>\n<script type=\"application\/ld+json\" class=\"yoast-schema-graph\">{\"@context\":\"https:\\\/\\\/schema.org\",\"@graph\":[{\"@type\":\"WebPage\",\"@id\":\"https:\\\/\\\/hylajams.fi\\\/?page_id=12570\",\"url\":\"https:\\\/\\\/hylajams.fi\\\/?page_id=12570\",\"name\":\"Maksutavat \u2013 turvallinen maksu laskulla tai kortilla\",\"isPartOf\":{\"@id\":\"https:\\\/\\\/hylajams.fi\\\/#website\"},\"primaryImageOfPage\":{\"@id\":\"https:\\\/\\\/hylajams.fi\\\/?page_id=12570#primaryimage\"},\"image\":{\"@id\":\"https:\\\/\\\/hylajams.fi\\\/?page_id=12570#primaryimage\"},\"thumbnailUrl\":\"https:\\\/\\\/hylajams.fi\\\/wp-content\\\/uploads\\\/2026\\\/01\\\/Maksutavat.jpg\",\"datePublished\":\"2026-01-25T14:25:36+00:00\",\"dateModified\":\"2026-01-28T10:21:08+00:00\",\"description\":\"Valitse maksutavaksi pankki- tai luottokortti, lasku tai verkkolasku yrityksille. Turvalliset maksutavat verkkokaupassamme.\",\"breadcrumb\":{\"@id\":\"https:\\\/\\\/hylajams.fi\\\/?page_id=12570#breadcrumb\"},\"inLanguage\":\"fi\",\"potentialAction\":[{\"@type\":\"ReadAction\",\"target\":[\"https:\\\/\\\/hylajams.fi\\\/?page_id=12570\"]}]},{\"@type\":\"ImageObject\",\"inLanguage\":\"fi\",\"@id\":\"https:\\\/\\\/hylajams.fi\\\/?page_id=12570#primaryimage\",\"url\":\"https:\\\/\\\/hylajams.fi\\\/wp-content\\\/uploads\\\/2026\\\/01\\\/Maksutavat.jpg\",\"contentUrl\":\"https:\\\/\\\/hylajams.fi\\\/wp-content\\\/uploads\\\/2026\\\/01\\\/Maksutavat.jpg\",\"width\":1248,\"height\":832,\"caption\":\"Maksutavat\"},{\"@type\":\"BreadcrumbList\",\"@id\":\"https:\\\/\\\/hylajams.fi\\\/?page_id=12570#breadcrumb\",\"itemListElement\":[{\"@type\":\"ListItem\",\"position\":1,\"name\":\"Etusivu\",\"item\":\"https:\\\/\\\/hylajams.fi\\\/\"},{\"@type\":\"ListItem\",\"position\":2,\"name\":\"Maksutavat\"}]},{\"@type\":\"WebSite\",\"@id\":\"https:\\\/\\\/hylajams.fi\\\/#website\",\"url\":\"https:\\\/\\\/hylajams.fi\\\/\",\"name\":\"Hyla Jams Verkkokauppa\",\"description\":\"Hyla ilman- ja huoneen puhdistusj\u00e4rjestelm\u00e4 Suomessa\",\"publisher\":{\"@id\":\"https:\\\/\\\/hylajams.fi\\\/#organization\"},\"potentialAction\":[{\"@type\":\"SearchAction\",\"target\":{\"@type\":\"EntryPoint\",\"urlTemplate\":\"https:\\\/\\\/hylajams.fi\\\/?s={search_term_string}\"},\"query-input\":{\"@type\":\"PropertyValueSpecification\",\"valueRequired\":true,\"valueName\":\"search_term_string\"}}],\"inLanguage\":\"fi\"},{\"@type\":\"Organization\",\"@id\":\"https:\\\/\\\/hylajams.fi\\\/#organization\",\"name\":\"Hyla Jams Verkkokauppa\",\"url\":\"https:\\\/\\\/hylajams.fi\\\/\",\"logo\":{\"@type\":\"ImageObject\",\"inLanguage\":\"fi\",\"@id\":\"https:\\\/\\\/hylajams.fi\\\/#\\\/schema\\\/logo\\\/image\\\/\",\"url\":\"https:\\\/\\\/hylajams.fi\\\/wp-content\\\/uploads\\\/2025\\\/02\\\/Logo-1-2.jpg\",\"contentUrl\":\"https:\\\/\\\/hylajams.fi\\\/wp-content\\\/uploads\\\/2025\\\/02\\\/Logo-1-2.jpg\",\"width\":500,\"height\":500,\"caption\":\"Hyla Jams Verkkokauppa\"},\"image\":{\"@id\":\"https:\\\/\\\/hylajams.fi\\\/#\\\/schema\\\/logo\\\/image\\\/\"},\"sameAs\":[\"https:\\\/\\\/www.instagram.com\\\/hylasiivous\\\/\"]}]}<\/script>\n<!-- \/ Yoast SEO plugin. -->","yoast_head_json":{"title":"Maksutavat \u2013 turvallinen maksu laskulla tai kortilla","description":"Valitse maksutavaksi pankki- tai luottokortti, lasku tai verkkolasku yrityksille. Turvalliset maksutavat verkkokaupassamme.","robots":{"index":"index","follow":"follow","max-snippet":"max-snippet:-1","max-image-preview":"max-image-preview:large","max-video-preview":"max-video-preview:-1"},"canonical":"https:\/\/hylajams.fi\/?page_id=12570","og_locale":"fi_FI","og_type":"article","og_title":"Maksutavat \u2013 turvallinen maksu laskulla tai kortilla","og_description":"Valitse maksutavaksi pankki- tai luottokortti, lasku tai verkkolasku yrityksille. Turvalliset maksutavat verkkokaupassamme.","og_url":"https:\/\/hylajams.fi\/?page_id=12570","og_site_name":"Hyla Jams Verkkokauppa","article_modified_time":"2026-01-28T10:21:08+00:00","og_image":[{"width":1248,"height":832,"url":"https:\/\/hylajams.fi\/wp-content\/uploads\/2026\/01\/Maksutavat.jpg","type":"image\/jpeg"}],"twitter_card":"summary_large_image","twitter_misc":{"Arvioitu lukuaika":"2 minuuttia"},"schema":{"@context":"https:\/\/schema.org","@graph":[{"@type":"WebPage","@id":"https:\/\/hylajams.fi\/?page_id=12570","url":"https:\/\/hylajams.fi\/?page_id=12570","name":"Maksutavat \u2013 turvallinen maksu laskulla tai kortilla","isPartOf":{"@id":"https:\/\/hylajams.fi\/#website"},"primaryImageOfPage":{"@id":"https:\/\/hylajams.fi\/?page_id=12570#primaryimage"},"image":{"@id":"https:\/\/hylajams.fi\/?page_id=12570#primaryimage"},"thumbnailUrl":"https:\/\/hylajams.fi\/wp-content\/uploads\/2026\/01\/Maksutavat.jpg","datePublished":"2026-01-25T14:25:36+00:00","dateModified":"2026-01-28T10:21:08+00:00","description":"Valitse maksutavaksi pankki- tai luottokortti, lasku tai verkkolasku yrityksille. Turvalliset maksutavat verkkokaupassamme.","breadcrumb":{"@id":"https:\/\/hylajams.fi\/?page_id=12570#breadcrumb"},"inLanguage":"fi","potentialAction":[{"@type":"ReadAction","target":["https:\/\/hylajams.fi\/?page_id=12570"]}]},{"@type":"ImageObject","inLanguage":"fi","@id":"https:\/\/hylajams.fi\/?page_id=12570#primaryimage","url":"https:\/\/hylajams.fi\/wp-content\/uploads\/2026\/01\/Maksutavat.jpg","contentUrl":"https:\/\/hylajams.fi\/wp-content\/uploads\/2026\/01\/Maksutavat.jpg","width":1248,"height":832,"caption":"Maksutavat"},{"@type":"BreadcrumbList","@id":"https:\/\/hylajams.fi\/?page_id=12570#breadcrumb","itemListElement":[{"@type":"ListItem","position":1,"name":"Etusivu","item":"https:\/\/hylajams.fi\/"},{"@type":"ListItem","position":2,"name":"Maksutavat"}]},{"@type":"WebSite","@id":"https:\/\/hylajams.fi\/#website","url":"https:\/\/hylajams.fi\/","name":"Hyla Jams Verkkokauppa","description":"Hyla ilman- ja huoneen puhdistusj\u00e4rjestelm\u00e4 Suomessa","publisher":{"@id":"https:\/\/hylajams.fi\/#organization"},"potentialAction":[{"@type":"SearchAction","target":{"@type":"EntryPoint","urlTemplate":"https:\/\/hylajams.fi\/?s={search_term_string}"},"query-input":{"@type":"PropertyValueSpecification","valueRequired":true,"valueName":"search_term_string"}}],"inLanguage":"fi"},{"@type":"Organization","@id":"https:\/\/hylajams.fi\/#organization","name":"Hyla Jams Verkkokauppa","url":"https:\/\/hylajams.fi\/","logo":{"@type":"ImageObject","inLanguage":"fi","@id":"https:\/\/hylajams.fi\/#\/schema\/logo\/image\/","url":"https:\/\/hylajams.fi\/wp-content\/uploads\/2025\/02\/Logo-1-2.jpg","contentUrl":"https:\/\/hylajams.fi\/wp-content\/uploads\/2025\/02\/Logo-1-2.jpg","width":500,"height":500,"caption":"Hyla Jams Verkkokauppa"},"image":{"@id":"https:\/\/hylajams.fi\/#\/schema\/logo\/image\/"},"sameAs":["https:\/\/www.instagram.com\/hylasiivous\/"]}]}},"_links":{"self":[{"href":"https:\/\/hylajams.fi\/index.php?rest_route=\/wp\/v2\/pages\/12570","targetHints":{"allow":["GET"]}}],"collection":[{"href":"https:\/\/hylajams.fi\/index.php?rest_route=\/wp\/v2\/pages"}],"about":[{"href":"https:\/\/hylajams.fi\/index.php?rest_route=\/wp\/v2\/types\/page"}],"author":[{"embeddable":true,"href":"https:\/\/hylajams.fi\/index.php?rest_route=\/wp\/v2\/users\/2"}],"replies":[{"embeddable":true,"href":"https:\/\/hylajams.fi\/index.php?rest_route=%2Fwp%2Fv2%2Fcomments&post=12570"}],"version-history":[{"count":11,"href":"https:\/\/hylajams.fi\/index.php?rest_route=\/wp\/v2\/pages\/12570\/revisions"}],"predecessor-version":[{"id":12695,"href":"https:\/\/hylajams.fi\/index.php?rest_route=\/wp\/v2\/pages\/12570\/revisions\/12695"}],"wp:featuredmedia":[{"embeddable":true,"href":"https:\/\/hylajams.fi\/index.php?rest_route=\/wp\/v2\/media\/12584"}],"wp:attachment":[{"href":"https:\/\/hylajams.fi\/index.php?rest_route=%2Fwp%2Fv2%2Fmedia&parent=12570"}],"curies":[{"name":"wp","href":"https:\/\/api.w.org\/{rel}","templated":true}]}}