{"id":12011,"date":"2025-12-03T19:26:42","date_gmt":"2025-12-03T17:26:42","guid":{"rendered":"https:\/\/hylajams.fi\/?page_id=12011"},"modified":"2025-12-03T19:26:45","modified_gmt":"2025-12-03T17:26:45","slug":"huoneilman-puhdistus","status":"publish","type":"page","link":"https:\/\/hylajams.fi\/?page_id=12011","title":{"rendered":"Huonep\u00f6ly, savu ja vesi"},"content":{"rendered":"\n<p><\/p>\n\n\n\n<h2 class=\"wp-block-heading\">Kuinka Hyla puhdistaa kodin ilman p\u00f6lyst\u00e4 ja savusta<\/h2>\n\n\n\n<p><\/p>\n\n\n<div class=\"wp-block-image\">\n<figure class=\"aligncenter size-large\"><img fetchpriority=\"high\" decoding=\"async\" width=\"795\" height=\"1024\" src=\"https:\/\/hylajams.fi\/wp-content\/uploads\/2024\/09\/Hyla-imee-huoneessa-olevan-polyn-ilmanotto-aukkojen-kautta-vesiastian-veteen-795x1024.jpg\" alt=\"\" class=\"wp-image-8168\" srcset=\"https:\/\/hylajams.fi\/wp-content\/uploads\/2024\/09\/Hyla-imee-huoneessa-olevan-polyn-ilmanotto-aukkojen-kautta-vesiastian-veteen-795x1024.jpg 795w, https:\/\/hylajams.fi\/wp-content\/uploads\/2024\/09\/Hyla-imee-huoneessa-olevan-polyn-ilmanotto-aukkojen-kautta-vesiastian-veteen-233x300.jpg 233w, https:\/\/hylajams.fi\/wp-content\/uploads\/2024\/09\/Hyla-imee-huoneessa-olevan-polyn-ilmanotto-aukkojen-kautta-vesiastian-veteen-768x989.jpg 768w, https:\/\/hylajams.fi\/wp-content\/uploads\/2024\/09\/Hyla-imee-huoneessa-olevan-polyn-ilmanotto-aukkojen-kautta-vesiastian-veteen-1193x1536.jpg 1193w, https:\/\/hylajams.fi\/wp-content\/uploads\/2024\/09\/Hyla-imee-huoneessa-olevan-polyn-ilmanotto-aukkojen-kautta-vesiastian-veteen-600x773.jpg 600w, https:\/\/hylajams.fi\/wp-content\/uploads\/2024\/09\/Hyla-imee-huoneessa-olevan-polyn-ilmanotto-aukkojen-kautta-vesiastian-veteen.jpg 1375w\" sizes=\"(max-width: 795px) 100vw, 795px\" \/><figcaption class=\"wp-element-caption\">Hyla imee huoneessa olevan p\u00f6lyn ilmanotto aukkojen kautta vesiastian veteen. &#8211; 10<\/figcaption><\/figure>\n<\/div>\n\n\n<h2 class=\"wp-block-heading\">Huoneilman puhdistus<\/h2>\n\n\n\n<p class=\"has-background\" style=\"background-color:#f4f4f4\">Tuntuuko, ett\u00e4 kotiisi kulkeutuu jatkuvasti p\u00f6ly\u00e4 tai savua, vaikka tuuletat ahkerasti?<br><br>Kun avaat ikkunan raikasta ilmaa varten, huoneeseen saattaa silti j\u00e4\u00e4d\u00e4 p\u00f6ly\u00e4 ja hiukkasia. Ent\u00e4 jos puu-uunin savu levi\u00e4\u00e4 sis\u00e4tiloihin, eik\u00e4 katoa savupiipun kautta? T\u00e4m\u00e4 voi johtua alipaineesta, ja savun haju tarttuu helposti huonekaluihin ja tekstiileihin. Hengitysilmasta tulee ep\u00e4miellytt\u00e4v\u00e4\u00e4 ja ep\u00e4terveellist\u00e4.<br><br>Pelkk\u00e4 tuuletus ei aina riit\u00e4 \u2013 t\u00e4ss\u00e4 Hyla ilman- ja huoneenpuhdistusj\u00e4rjestelm\u00e4 on ratkaisu. Se poistaa tehokkaasti p\u00f6lyn, savun ja pienhiukkaset vedell\u00e4, jolloin kotiisi j\u00e4\u00e4 raikas, puhdas ja turvallinen ilma. Huoneilman puhdistus tapahtuu Hylan avulla.<br><br>Hyla auttaa suojaamaan sinua ja l\u00e4heisi\u00e4si \u2013 jokainen hengenveto on kevyempi ja puhtaampi.<br><br>Katso video huonep\u00f6lyst\u00e4:<strong> <a href=\"https:\/\/www.youtube.com\/watch?v=3W8ASgOQT5M\">T\u00e4st\u00e4<\/a><\/strong><\/p>\n\n\n\n<p><\/p>\n\n\n\n<h2 class=\"wp-block-heading\">Kuinka Hyla auttaa huonep\u00f6lyn, savun ja ep\u00e4puhtauksien hallinnassa?<\/h2>\n\n\n\n<h2 class=\"wp-block-heading\"><strong>HUONEP\u00d6LY<\/strong><\/h2>\n\n\n\n<p class=\"has-background\" style=\"background-color:#f4f4f4\">Huonep\u00f6ly syntyy jatkuvasti \u2013 tekstiileist\u00e4, lemmikeist\u00e4, ulkoa kulkeutuvasta liasta ja jopa ruoanlaitosta. Se laskeutuu pinnoille ja kiert\u00e4\u00e4 ilmassa jokaisella askeleella, kunnes se lopulta p\u00e4\u00e4tyy hengitysilmaan. Moni huomaa t\u00e4m\u00e4n erityisesti valoisaa ikkunaa vasten, kun pienet hiukkaset leijailevat ilmassa.<br><br>Hyla poistaa n\u00e4m\u00e4 hiukkaset vedell\u00e4 toimivan suodatuksen avulla, jolloin p\u00f6ly j\u00e4\u00e4 veden alle eik\u00e4 palaa takaisin huoneilmaan. T\u00e4m\u00e4 on t\u00e4rke\u00e4\u00e4 etenkin allergia- ja astmakodeissa sek\u00e4 koteihin, joissa on lapsia tai lemmikkej\u00e4.<br><br><\/p>\n\n\n\n<p><\/p>\n\n\n\n<h2 class=\"wp-block-heading\">Kun savu valtaa huoneen \u2013 Hyla nopeuttaa palautumista<\/h2>\n\n\n\n<h2 class=\"wp-block-heading\"><strong>SAVU<\/strong><\/h2>\n\n\n\n<p class=\"has-background\" style=\"background-color:#f4f4f4\">Puu-uunin tai takan sytytt\u00e4minen voi joskus aiheuttaa savun p\u00f6ll\u00e4hdyksen sis\u00e4tiloihin, erityisesti jos koti on alipaineinen. Savu levi\u00e4\u00e4 nopeasti ja sen haju tarttuu tekstiileihin, mattoihin ja huonekaluihin.<br><br>Hyla auttaa puhdistamaan ilmaa tilanteessa, jossa pelkk\u00e4 tuuletus ei riit\u00e4. Laite sitoo savuhiukkaset tehokkaasti veden alle ja palauttaa huoneeseen raikkaamman ja terveellisemm\u00e4n ilman.<\/p>\n\n\n\n<p><\/p>\n\n\n\n<h2 class=\"wp-block-heading\">Vesi on luonnollinen ja tehokas puhdistusvoima<\/h2>\n\n\n\n<p><\/p>\n\n\n\n<h2 class=\"wp-block-heading\"><strong>VESI<\/strong><\/h2>\n\n\n\n<p><\/p>\n\n\n\n<p class=\"has-background\" style=\"background-color:#f4f4f4\">Hyla k\u00e4ytt\u00e4\u00e4 vain vett\u00e4 suodattamiseen \u2013 ilman p\u00f6lypusseja ja ilman kemikaaleja. Vesi sitoo p\u00f6lyn, savun, allergeenit ja pienhiukkaset luonnollisella tavalla. T\u00e4m\u00e4 tekee j\u00e4rjestelm\u00e4st\u00e4 ihanteellisen ratkaisun ymp\u00e4rist\u00f6yst\u00e4v\u00e4lliseen ja turvalliseen huoneilman puhdistus toiminnon.<br><br>Lis\u00e4ksi Hyla voidaan j\u00e4tt\u00e4\u00e4 toimimaan huoneeseen, jolloin vesi ker\u00e4\u00e4 ep\u00e4puhtauksia jatkuvasti ja auttaa tasapainottamaan sis\u00e4ilman laatua.<\/p>\n\n\n\n<p><\/p>\n\n\n\n<h2 class=\"wp-block-heading\">Kodin raikas ilma on p\u00e4ivitt\u00e4inen hyvinvointivalinta<\/h2>\n\n\n\n<p><\/p>\n\n\n\n<h2 class=\"wp-block-heading\"><strong>KODIN HUONEILMA<\/strong><\/h2>\n\n\n\n<p><\/p>\n\n\n\n<p class=\"has-background\" style=\"background-color:#f4f4f4\">Raikkaampi huoneilma voi helpottaa hengitt\u00e4mist\u00e4, v\u00e4hent\u00e4\u00e4 tunkkaisuuden tunnetta ja tehd\u00e4 sis\u00e4tiloista miellytt\u00e4v\u00e4mm\u00e4t. Moni huomaa eron jo ensimm\u00e4isen k\u00e4ytt\u00f6kerran j\u00e4lkeen \u2013 erityisesti pieniss\u00e4 tiloissa ja tulisijallisissa kodeissa.<br><br>Hyla auttaa pit\u00e4m\u00e4\u00e4n kotisi ilmapiirin puhtaampana ja turvallisempana joka p\u00e4iv\u00e4, oli kyseess\u00e4 arjen p\u00f6ly, savuhaitat tai muut ilman ep\u00e4puhtaudet.<\/p>\n\n\n\n<p><\/p>\n\n\n\n<h2 class=\"wp-block-heading\">Miten huoneilman saa oikeasti puhtaaksi?<\/h2>\n\n\n\n<p>Moni on kysynyt meilt\u00e4, miten huoneilman puhdistus tapahtuu? Jotkut ovat kysyneet, ett\u00e4 mitenk\u00e4 sit\u00e4 pystyy edes puhdistamaankaan muuten kuin tuulettamalla parvekkeen ovesta tai ikkunasta? Lue \u201dHyla puhdistaa huoneilmaa\u201d artikkeli, niin kerron.<\/p>\n\n\n\n<h2 class=\"wp-block-heading\">Liedelle sulanut muoviastia aiheuttaa vaarallisia kaasuja<\/h2>\n\n\n\n<h2 class=\"wp-block-heading\"><strong>PUHDISTUS.<\/strong><\/h2>\n\n\n\n<figure class=\"wp-block-image\"><img decoding=\"async\" width=\"640\" height=\"360\" src=\"https:\/\/hylajams.fi\/wp-content\/uploads\/2021\/09\/Kary.jpg\" alt=\"Huoneilman puhdistus\" class=\"wp-image-2863\" srcset=\"https:\/\/hylajams.fi\/wp-content\/uploads\/2021\/09\/Kary.jpg 640w, https:\/\/hylajams.fi\/wp-content\/uploads\/2021\/09\/Kary-300x169.jpg 300w, https:\/\/hylajams.fi\/wp-content\/uploads\/2021\/09\/Kary-600x338.jpg 600w\" sizes=\"(max-width: 640px) 100vw, 640px\" \/><\/figure>\n\n\n\n<p>\u2013 erilaisia p\u00f6lyst\u00e4 johtuvia huoneeseen kertyvi\u00e4 p\u00f6lypilvi\u00e4 mm. siivouksen yhteydess\u00e4<br>\u2013 s\u00e4hk\u00f6laiteviasta syntyneit\u00e4 katkuja ja hajuja, jotka ovat eritt\u00e4in vaarallisia (kuvassa liedelle sulanut muoviastia)<br>\u2013 ruuasta syntyneit\u00e4 k\u00e4ryn hajuja ja rasvan katkua tai muuta ep\u00e4mukavaa saastetta<br>\u2013 hapen v\u00e4henemist\u00e4 tai jopa loppumista huoneilmasta esim. ilmastokanavien tukkeutuminen<br>\u2013 vaarallisen n\u00e4kym\u00e4tt\u00f6m\u00e4n ja hajuttoman h\u00e4k\u00e4kaasun ym. huoneilmasta poistaminen<\/p>\n\n\n\n<h2 class=\"wp-block-heading\">Ilmank\u00e4sittely \u2013 Ilmanpuhdistus ja desinfiointi<\/h2>\n\n\n\n<p>Mill\u00e4 saan&nbsp;<strong>savun, k\u00e4ryn, hajun, p\u00f6lypilven, tai vaarallisen aineen pois huoneilmasta<\/strong>, kun tuulettaminen huoneessa ei auta.<br><br>Moni miettii, miten kodin huoneilman voi puhdistaa muuten kuin tuulettamalla. Ikkunan avaaminen ei poista p\u00f6ly\u00e4, bakteereja eik\u00e4 hajumolekyylej\u00e4 huoneesta \u2013 se ainoastaan vaihtaa osan ilmasta. Jos haluat todella puhdistaa ja raikastaa sis\u00e4ilman, tarvitset laitteen, joka sitouttaa ep\u00e4puhtaudet pois ilmasta.<br><br>Huoneilmaa voidaan puhdistaa joko pienimuotoisesti&nbsp;<strong><a href=\"https:\/\/hylajams.fi\/?p=6932\">Hyla AERA<\/a>&nbsp;ilmanraikastimella<\/strong>&nbsp;tai&nbsp;<strong><a href=\"https:\/\/hylajams.fi\/?page_id=7252\">Hyla EST<\/a>,&nbsp;<a href=\"https:\/\/hylajams.fi\/?page_id=8366\">Hyla GST<\/a>&nbsp;tai&nbsp;<a href=\"https:\/\/hylajams.fi\/?page_id=8371\">Hyla NST<\/a><\/strong>&nbsp;<strong>ilman- ja huoneen puhdistusj\u00e4rjestelm\u00e4ll\u00e4.<\/strong><br><br>Hyla puhdistaa huoneilmaa samalla kun siivoat kotiasi, toimistoa tai mit\u00e4 tahansa tilaa, Hyla tekee sen samanaikaisesti siivoamisen yhteydes\u00e4. Kysyt varmaankin, miten se on mahdollista?<br><br>Tarjoamme sinulle t\u00e4ydellisen huonepuhdistuksen ja ilmank\u00e4sittelyn kodin jokaiseen huoneeseen, jotta voit&nbsp;&nbsp;puhdistaa, desinfioida, virkist\u00e4\u00e4&nbsp;&nbsp;ja antaa kotisi tuoksua 100% ekologisella ja luonnollisella tavalla.<br><br><strong>T\u00e4h\u00e4n teht\u00e4v\u00e4\u00e4n Hyla on kehitetty.<\/strong><\/p>\n","protected":false},"excerpt":{"rendered":"<p>Kuinka Hyla puhdistaa kodin ilman p\u00f6lyst\u00e4 ja savusta Huoneilman puhdistus Tuntuuko, ett\u00e4 kotiisi kulkeutuu jatkuvasti p\u00f6ly\u00e4 tai savua, vaikka tuuletat ahkerasti? Kun avaat ikkunan raikasta ilmaa varten, huoneeseen saattaa silti<a href=\"https:\/\/hylajams.fi\/?page_id=12011\" class=\"d-block breadmore\">Lue lis\u00e4\u00e4<\/a><\/p>\n","protected":false},"author":2,"featured_media":0,"parent":0,"menu_order":0,"comment_status":"closed","ping_status":"closed","template":"","meta":{"footnotes":""},"class_list":["post-12011","page","type-page","status-publish","hentry","_wholesalex wsx-wholesalex-product"],"yoast_head":"<!-- This site is optimized with the Yoast SEO plugin v27.3 - https:\/\/yoast.com\/product\/yoast-seo-wordpress\/ -->\n<title>Huoneilman puhdistus - Huonep\u00f6ly, savu, vesi ja puhdistus<\/title>\n<meta name=\"description\" content=\"Huoneilman puhdistus - Huonep\u00f6ly, vaaralliset kaasut sek\u00e4 savupiipusta syntynyt alipaine voivat pilata sis\u00e4ilman.\" \/>\n<meta name=\"robots\" content=\"index, follow, max-snippet:-1, max-image-preview:large, max-video-preview:-1\" \/>\n<link rel=\"canonical\" href=\"https:\/\/hylajams.fi\/?page_id=12011\" \/>\n<meta property=\"og:locale\" content=\"fi_FI\" \/>\n<meta property=\"og:type\" content=\"article\" \/>\n<meta property=\"og:title\" content=\"Huoneilman puhdistus - Huonep\u00f6ly, savu, vesi ja puhdistus\" \/>\n<meta property=\"og:description\" content=\"Huoneilman puhdistus - Huonep\u00f6ly, vaaralliset kaasut sek\u00e4 savupiipusta syntynyt alipaine voivat pilata sis\u00e4ilman.\" \/>\n<meta property=\"og:url\" content=\"https:\/\/hylajams.fi\/?page_id=12011\" \/>\n<meta property=\"og:site_name\" content=\"Hyla Jams Verkkokauppa\" \/>\n<meta property=\"article:modified_time\" content=\"2025-12-03T17:26:45+00:00\" \/>\n<meta property=\"og:image\" content=\"https:\/\/hylajams.fi\/wp-content\/uploads\/2024\/09\/Hyla-imee-huoneessa-olevan-polyn-ilmanotto-aukkojen-kautta-vesiastian-veteen.jpg\" \/>\n\t<meta property=\"og:image:width\" content=\"1375\" \/>\n\t<meta property=\"og:image:height\" content=\"1771\" \/>\n\t<meta property=\"og:image:type\" content=\"image\/jpeg\" \/>\n<meta name=\"twitter:card\" content=\"summary_large_image\" \/>\n<meta name=\"twitter:label1\" content=\"Arvioitu lukuaika\" \/>\n\t<meta name=\"twitter:data1\" content=\"5 minuuttia\" \/>\n<script type=\"application\/ld+json\" class=\"yoast-schema-graph\">{\"@context\":\"https:\\\/\\\/schema.org\",\"@graph\":[{\"@type\":\"WebPage\",\"@id\":\"https:\\\/\\\/hylajams.fi\\\/?page_id=12011\",\"url\":\"https:\\\/\\\/hylajams.fi\\\/?page_id=12011\",\"name\":\"Huoneilman puhdistus - Huonep\u00f6ly, savu, vesi ja puhdistus\",\"isPartOf\":{\"@id\":\"https:\\\/\\\/hylajams.fi\\\/#website\"},\"primaryImageOfPage\":{\"@id\":\"https:\\\/\\\/hylajams.fi\\\/?page_id=12011#primaryimage\"},\"image\":{\"@id\":\"https:\\\/\\\/hylajams.fi\\\/?page_id=12011#primaryimage\"},\"thumbnailUrl\":\"https:\\\/\\\/hylajams.fi\\\/wp-content\\\/uploads\\\/2024\\\/09\\\/Hyla-imee-huoneessa-olevan-polyn-ilmanotto-aukkojen-kautta-vesiastian-veteen-795x1024.jpg\",\"datePublished\":\"2025-12-03T17:26:42+00:00\",\"dateModified\":\"2025-12-03T17:26:45+00:00\",\"description\":\"Huoneilman puhdistus - Huonep\u00f6ly, vaaralliset kaasut sek\u00e4 savupiipusta syntynyt alipaine voivat pilata sis\u00e4ilman.\",\"breadcrumb\":{\"@id\":\"https:\\\/\\\/hylajams.fi\\\/?page_id=12011#breadcrumb\"},\"inLanguage\":\"fi\",\"potentialAction\":[{\"@type\":\"ReadAction\",\"target\":[\"https:\\\/\\\/hylajams.fi\\\/?page_id=12011\"]}]},{\"@type\":\"ImageObject\",\"inLanguage\":\"fi\",\"@id\":\"https:\\\/\\\/hylajams.fi\\\/?page_id=12011#primaryimage\",\"url\":\"https:\\\/\\\/hylajams.fi\\\/wp-content\\\/uploads\\\/2024\\\/09\\\/Hyla-imee-huoneessa-olevan-polyn-ilmanotto-aukkojen-kautta-vesiastian-veteen.jpg\",\"contentUrl\":\"https:\\\/\\\/hylajams.fi\\\/wp-content\\\/uploads\\\/2024\\\/09\\\/Hyla-imee-huoneessa-olevan-polyn-ilmanotto-aukkojen-kautta-vesiastian-veteen.jpg\",\"width\":1375,\"height\":1771,\"caption\":\"Hyla imee huoneessa olevan p\u00f6lyn ilmanotto aukkojen kautta vesiastian veteen. - 10\"},{\"@type\":\"BreadcrumbList\",\"@id\":\"https:\\\/\\\/hylajams.fi\\\/?page_id=12011#breadcrumb\",\"itemListElement\":[{\"@type\":\"ListItem\",\"position\":1,\"name\":\"Etusivu\",\"item\":\"https:\\\/\\\/hylajams.fi\\\/\"},{\"@type\":\"ListItem\",\"position\":2,\"name\":\"Huonep\u00f6ly, savu ja vesi\"}]},{\"@type\":\"WebSite\",\"@id\":\"https:\\\/\\\/hylajams.fi\\\/#website\",\"url\":\"https:\\\/\\\/hylajams.fi\\\/\",\"name\":\"Hyla Jams Verkkokauppa\",\"description\":\"Hyla ilman- ja huoneen puhdistusj\u00e4rjestelm\u00e4 Suomessa\",\"publisher\":{\"@id\":\"https:\\\/\\\/hylajams.fi\\\/#organization\"},\"potentialAction\":[{\"@type\":\"SearchAction\",\"target\":{\"@type\":\"EntryPoint\",\"urlTemplate\":\"https:\\\/\\\/hylajams.fi\\\/?s={search_term_string}\"},\"query-input\":{\"@type\":\"PropertyValueSpecification\",\"valueRequired\":true,\"valueName\":\"search_term_string\"}}],\"inLanguage\":\"fi\"},{\"@type\":\"Organization\",\"@id\":\"https:\\\/\\\/hylajams.fi\\\/#organization\",\"name\":\"Hyla Jams Verkkokauppa\",\"url\":\"https:\\\/\\\/hylajams.fi\\\/\",\"logo\":{\"@type\":\"ImageObject\",\"inLanguage\":\"fi\",\"@id\":\"https:\\\/\\\/hylajams.fi\\\/#\\\/schema\\\/logo\\\/image\\\/\",\"url\":\"https:\\\/\\\/hylajams.fi\\\/wp-content\\\/uploads\\\/2025\\\/02\\\/Logo-1-2.jpg\",\"contentUrl\":\"https:\\\/\\\/hylajams.fi\\\/wp-content\\\/uploads\\\/2025\\\/02\\\/Logo-1-2.jpg\",\"width\":500,\"height\":500,\"caption\":\"Hyla Jams Verkkokauppa\"},\"image\":{\"@id\":\"https:\\\/\\\/hylajams.fi\\\/#\\\/schema\\\/logo\\\/image\\\/\"},\"sameAs\":[\"https:\\\/\\\/www.instagram.com\\\/hylasiivous\\\/\"]}]}<\/script>\n<!-- \/ Yoast SEO plugin. -->","yoast_head_json":{"title":"Huoneilman puhdistus - Huonep\u00f6ly, savu, vesi ja puhdistus","description":"Huoneilman puhdistus - Huonep\u00f6ly, vaaralliset kaasut sek\u00e4 savupiipusta syntynyt alipaine voivat pilata sis\u00e4ilman.","robots":{"index":"index","follow":"follow","max-snippet":"max-snippet:-1","max-image-preview":"max-image-preview:large","max-video-preview":"max-video-preview:-1"},"canonical":"https:\/\/hylajams.fi\/?page_id=12011","og_locale":"fi_FI","og_type":"article","og_title":"Huoneilman puhdistus - Huonep\u00f6ly, savu, vesi ja puhdistus","og_description":"Huoneilman puhdistus - Huonep\u00f6ly, vaaralliset kaasut sek\u00e4 savupiipusta syntynyt alipaine voivat pilata sis\u00e4ilman.","og_url":"https:\/\/hylajams.fi\/?page_id=12011","og_site_name":"Hyla Jams Verkkokauppa","article_modified_time":"2025-12-03T17:26:45+00:00","og_image":[{"width":1375,"height":1771,"url":"https:\/\/hylajams.fi\/wp-content\/uploads\/2024\/09\/Hyla-imee-huoneessa-olevan-polyn-ilmanotto-aukkojen-kautta-vesiastian-veteen.jpg","type":"image\/jpeg"}],"twitter_card":"summary_large_image","twitter_misc":{"Arvioitu lukuaika":"5 minuuttia"},"schema":{"@context":"https:\/\/schema.org","@graph":[{"@type":"WebPage","@id":"https:\/\/hylajams.fi\/?page_id=12011","url":"https:\/\/hylajams.fi\/?page_id=12011","name":"Huoneilman puhdistus - Huonep\u00f6ly, savu, vesi ja puhdistus","isPartOf":{"@id":"https:\/\/hylajams.fi\/#website"},"primaryImageOfPage":{"@id":"https:\/\/hylajams.fi\/?page_id=12011#primaryimage"},"image":{"@id":"https:\/\/hylajams.fi\/?page_id=12011#primaryimage"},"thumbnailUrl":"https:\/\/hylajams.fi\/wp-content\/uploads\/2024\/09\/Hyla-imee-huoneessa-olevan-polyn-ilmanotto-aukkojen-kautta-vesiastian-veteen-795x1024.jpg","datePublished":"2025-12-03T17:26:42+00:00","dateModified":"2025-12-03T17:26:45+00:00","description":"Huoneilman puhdistus - Huonep\u00f6ly, vaaralliset kaasut sek\u00e4 savupiipusta syntynyt alipaine voivat pilata sis\u00e4ilman.","breadcrumb":{"@id":"https:\/\/hylajams.fi\/?page_id=12011#breadcrumb"},"inLanguage":"fi","potentialAction":[{"@type":"ReadAction","target":["https:\/\/hylajams.fi\/?page_id=12011"]}]},{"@type":"ImageObject","inLanguage":"fi","@id":"https:\/\/hylajams.fi\/?page_id=12011#primaryimage","url":"https:\/\/hylajams.fi\/wp-content\/uploads\/2024\/09\/Hyla-imee-huoneessa-olevan-polyn-ilmanotto-aukkojen-kautta-vesiastian-veteen.jpg","contentUrl":"https:\/\/hylajams.fi\/wp-content\/uploads\/2024\/09\/Hyla-imee-huoneessa-olevan-polyn-ilmanotto-aukkojen-kautta-vesiastian-veteen.jpg","width":1375,"height":1771,"caption":"Hyla imee huoneessa olevan p\u00f6lyn ilmanotto aukkojen kautta vesiastian veteen. - 10"},{"@type":"BreadcrumbList","@id":"https:\/\/hylajams.fi\/?page_id=12011#breadcrumb","itemListElement":[{"@type":"ListItem","position":1,"name":"Etusivu","item":"https:\/\/hylajams.fi\/"},{"@type":"ListItem","position":2,"name":"Huonep\u00f6ly, savu ja vesi"}]},{"@type":"WebSite","@id":"https:\/\/hylajams.fi\/#website","url":"https:\/\/hylajams.fi\/","name":"Hyla Jams Verkkokauppa","description":"Hyla ilman- ja huoneen puhdistusj\u00e4rjestelm\u00e4 Suomessa","publisher":{"@id":"https:\/\/hylajams.fi\/#organization"},"potentialAction":[{"@type":"SearchAction","target":{"@type":"EntryPoint","urlTemplate":"https:\/\/hylajams.fi\/?s={search_term_string}"},"query-input":{"@type":"PropertyValueSpecification","valueRequired":true,"valueName":"search_term_string"}}],"inLanguage":"fi"},{"@type":"Organization","@id":"https:\/\/hylajams.fi\/#organization","name":"Hyla Jams Verkkokauppa","url":"https:\/\/hylajams.fi\/","logo":{"@type":"ImageObject","inLanguage":"fi","@id":"https:\/\/hylajams.fi\/#\/schema\/logo\/image\/","url":"https:\/\/hylajams.fi\/wp-content\/uploads\/2025\/02\/Logo-1-2.jpg","contentUrl":"https:\/\/hylajams.fi\/wp-content\/uploads\/2025\/02\/Logo-1-2.jpg","width":500,"height":500,"caption":"Hyla Jams Verkkokauppa"},"image":{"@id":"https:\/\/hylajams.fi\/#\/schema\/logo\/image\/"},"sameAs":["https:\/\/www.instagram.com\/hylasiivous\/"]}]}},"_links":{"self":[{"href":"https:\/\/hylajams.fi\/index.php?rest_route=\/wp\/v2\/pages\/12011","targetHints":{"allow":["GET"]}}],"collection":[{"href":"https:\/\/hylajams.fi\/index.php?rest_route=\/wp\/v2\/pages"}],"about":[{"href":"https:\/\/hylajams.fi\/index.php?rest_route=\/wp\/v2\/types\/page"}],"author":[{"embeddable":true,"href":"https:\/\/hylajams.fi\/index.php?rest_route=\/wp\/v2\/users\/2"}],"replies":[{"embeddable":true,"href":"https:\/\/hylajams.fi\/index.php?rest_route=%2Fwp%2Fv2%2Fcomments&post=12011"}],"version-history":[{"count":7,"href":"https:\/\/hylajams.fi\/index.php?rest_route=\/wp\/v2\/pages\/12011\/revisions"}],"predecessor-version":[{"id":12019,"href":"https:\/\/hylajams.fi\/index.php?rest_route=\/wp\/v2\/pages\/12011\/revisions\/12019"}],"wp:attachment":[{"href":"https:\/\/hylajams.fi\/index.php?rest_route=%2Fwp%2Fv2%2Fmedia&parent=12011"}],"curies":[{"name":"wp","href":"https:\/\/api.w.org\/{rel}","templated":true}]}}