{"id":10939,"date":"2025-08-26T23:07:31","date_gmt":"2025-08-26T20:07:31","guid":{"rendered":"https:\/\/hylajams.fi\/?page_id=10939"},"modified":"2026-02-25T20:11:15","modified_gmt":"2026-02-25T18:11:15","slug":"nain-kaytat-vakuumointipussia","status":"publish","type":"page","link":"https:\/\/hylajams.fi\/?page_id=10939","title":{"rendered":"N\u00e4in k\u00e4yt\u00e4t vakuumointipussia"},"content":{"rendered":"\n<p><\/p>\n\n\n\n<p class=\"has-background\" style=\"background-color:#e6f7f9\">Syksyn tullen m\u00f6kin terassi, ulkokalusteet ja pehmusteet altistuvat kosteudelle, p\u00f6lylle ja \u00f6t\u00f6k\u00f6ille. Yksi k\u00e4tev\u00e4 tapa suojata ne talven yli on k\u00e4ytt\u00e4\u00e4 vakuumointipusseja, jotka pit\u00e4v\u00e4t sis\u00e4ll\u00f6n kuivana ja p\u00f6lytt\u00f6m\u00e4n\u00e4.<br><br>Isot vakuumointipussit, kuten <strong><a href=\"https:\/\/hylajams.fi\/?product=hyla-iso-vakuumointipussi-250x315-cm\" type=\"link\" id=\"https:\/\/hylajams.fi\/?product=hyla-iso-vakuumointipussi-250x315-cm\">250\u00d7315 cm<\/a><\/strong> ja <a href=\"https:\/\/hylajams.fi\/?product=hyla-vakuumointipussi-150x300\" type=\"link\" id=\"https:\/\/hylajams.fi\/?product=hyla-vakuumointipussi-150x300\"><strong>150\u00d7300 cm<\/strong><\/a>, sopivat erinomaisesti patjojen, pehmustettujen nojatuolien ja muiden kalusteiden s\u00e4ilytykseen. Ne suojaavat kalusteita p\u00f6lylt\u00e4, lialta ja kosteudelta. Vakuumointipusseihin voidaan laittaa esimerkiksi patjat, tyynyt ja kalusteiden p\u00e4\u00e4lliset. N\u00e4in k\u00e4yt\u00e4t vakuumointipussia oikein.<br><br>Kun ilma poistetaan pussista vakuumoimalla, patja litistyy ja p\u00f6lypunkit kuolevat ilmattomassa tilassa. T\u00e4m\u00e4n j\u00e4lkeen ne on helppo imuroida pois Hylalla. Isoissa vakuumointipusseissa ei ole suljinta; pussin suu kierret\u00e4\u00e4n tiukasti niin, ettei ilmaa p\u00e4\u00e4se sis\u00e4\u00e4n.<br><br>Hyla-vesip\u00f6lynimurin avulla voit tyhjent\u00e4\u00e4 pussit helposti ja turvallisesti, varmistaen samalla, ettei kosteutta tai p\u00f6ly\u00e4 p\u00e4\u00e4se sis\u00e4\u00e4n. N\u00e4in voit palata m\u00f6kille kev\u00e4\u00e4ll\u00e4 ilman ylim\u00e4\u00e4r\u00e4ist\u00e4 siivousurakkaa.<br><br>Lis\u00e4tietoja <strong><a href=\"https:\/\/hylajams.fi\/?page_id=5940\" type=\"link\" id=\"https:\/\/hylajams.fi\/?page_id=5940\">syksyn siivouksesta ja m\u00f6kkien huoltamisesta<\/a><\/strong> l\u00f6yd\u00e4t t\u00e4st\u00e4: m\u00f6kkien syksy- ja kev\u00e4tsiivous<\/p>\n\n\n\n<p><\/p>\n\n\n\n<h2 class=\"wp-block-heading has-white-background-color has-background\">N\u00e4in k\u00e4yt\u00e4t vakuumointipussia \u2013 vaihe vaiheelta<\/h2>\n\n\n\n<p><\/p>\n\n\n\n<p class=\"has-background\" style=\"background-color:#e6f7f9\">Vakuumointipussin k\u00e4ytt\u00f6 on k\u00e4tev\u00e4 tapa s\u00e4\u00e4st\u00e4\u00e4 tilaa ja pit\u00e4\u00e4 patjat ja tekstiilit puhtaina sek\u00e4 p\u00f6lypunkeista vapaana. T\u00e4m\u00e4 ohje opastaa sinut askel askeleelta Hyla-laitteen avulla tapahtuvaan vakuumointiin.<br><br>Valmistelut ovat helppoja: varmista, ett\u00e4 Hyla on k\u00e4ytt\u00f6kunnossa ja vesiastiassa on vett\u00e4, kiinnit\u00e4 letkuun sopiva suulake ja varaa j\u00e4lkipuhdistusta varten s\u00e4hk\u00f6moottoriharja.<br><br>Seuraavaksi opit, kuinka pussi valmistellaan, ilma poistetaan turvallisesti ja patja tai muu tekstiili voidaan palauttaa k\u00e4ytt\u00f6\u00f6n puhtaana, raikkaana ja p\u00f6lypunkeista vapaana. N\u00e4in vakuumointipussin k\u00e4ytt\u00f6 onnistuu nopeasti ja tehokkaasti, ilman ylim\u00e4\u00e4r\u00e4ist\u00e4 sotkua tai vaaraa.<\/p>\n\n\n\n<p><\/p>\n\n\n<div class=\"wp-block-image\">\n<figure class=\"aligncenter size-full is-resized\"><img fetchpriority=\"high\" decoding=\"async\" width=\"600\" height=\"600\" src=\"https:\/\/hylajams.fi\/wp-content\/uploads\/2024\/03\/21128-iso-tyhjiopussi-1.png\" alt=\"N\u00e4in k\u00e4yt\u00e4t vakuumointipussia\" class=\"wp-image-7264\" style=\"width:371px;height:auto\" srcset=\"https:\/\/hylajams.fi\/wp-content\/uploads\/2024\/03\/21128-iso-tyhjiopussi-1.png 600w, https:\/\/hylajams.fi\/wp-content\/uploads\/2024\/03\/21128-iso-tyhjiopussi-1-300x300.png 300w, https:\/\/hylajams.fi\/wp-content\/uploads\/2024\/03\/21128-iso-tyhjiopussi-1-150x150.png 150w, https:\/\/hylajams.fi\/wp-content\/uploads\/2024\/03\/21128-iso-tyhjiopussi-1-100x100.png 100w\" sizes=\"(max-width: 600px) 100vw, 600px\" \/><\/figure>\n<\/div>\n\n\n<p><\/p>\n\n\n\n<h2 class=\"wp-block-heading\">K\u00e4ytt\u00f6ohje vaihe vaiheelta<\/h2>\n\n\n\n<h3 class=\"wp-block-heading\">Valmistelut <\/h3>\n\n\n\n<p>N\u00e4in k\u00e4yt\u00e4t vakuumointipussia -ohje<\/p>\n\n\n\n<ul class=\"wp-block-list\">\n<li>Valmistele Hyla k\u00e4ytt\u00f6kuntoon ja lis\u00e4\u00e4 vesi vesiastiaan.<\/li>\n\n\n\n<li>Ota lyhyt letku tai putki ja kiinnit\u00e4 siihen joko rako- tai verhosuulake.<\/li>\n\n\n\n<li>J\u00e4lkipuhdistusta varten varaa valmiiksi pieni tai iso s\u00e4hk\u00f6moottoriharja.<\/li>\n<\/ul>\n\n\n\n<p><\/p>\n\n\n\n<div class=\"wp-block-group is-nowrap is-layout-flex wp-container-core-group-is-layout-ad2f72ca wp-block-group-is-layout-flex\">\n<figure class=\"wp-block-image size-full\"><img decoding=\"async\" width=\"960\" height=\"540\" src=\"https:\/\/hylajams.fi\/wp-content\/uploads\/2025\/05\/HYLA-EST.jpg\" alt=\"\" class=\"wp-image-10454\" srcset=\"https:\/\/hylajams.fi\/wp-content\/uploads\/2025\/05\/HYLA-EST.jpg 960w, https:\/\/hylajams.fi\/wp-content\/uploads\/2025\/05\/HYLA-EST-300x169.jpg 300w, https:\/\/hylajams.fi\/wp-content\/uploads\/2025\/05\/HYLA-EST-768x432.jpg 768w, https:\/\/hylajams.fi\/wp-content\/uploads\/2025\/05\/HYLA-EST-600x338.jpg 600w\" sizes=\"(max-width: 960px) 100vw, 960px\" \/><\/figure>\n\n\n\n<figure class=\"wp-block-image size-full\"><img decoding=\"async\" width=\"960\" height=\"540\" src=\"https:\/\/hylajams.fi\/wp-content\/uploads\/2025\/05\/7.jpg\" alt=\"\" class=\"wp-image-10344\" srcset=\"https:\/\/hylajams.fi\/wp-content\/uploads\/2025\/05\/7.jpg 960w, https:\/\/hylajams.fi\/wp-content\/uploads\/2025\/05\/7-300x169.jpg 300w, https:\/\/hylajams.fi\/wp-content\/uploads\/2025\/05\/7-768x432.jpg 768w, https:\/\/hylajams.fi\/wp-content\/uploads\/2025\/05\/7-600x338.jpg 600w\" sizes=\"(max-width: 960px) 100vw, 960px\" \/><\/figure>\n\n\n\n<figure class=\"wp-block-image size-full\"><img loading=\"lazy\" decoding=\"async\" width=\"960\" height=\"540\" src=\"https:\/\/hylajams.fi\/wp-content\/uploads\/2025\/05\/EST-Rakosuulake.jpg\" alt=\"\" class=\"wp-image-10367\" srcset=\"https:\/\/hylajams.fi\/wp-content\/uploads\/2025\/05\/EST-Rakosuulake.jpg 960w, https:\/\/hylajams.fi\/wp-content\/uploads\/2025\/05\/EST-Rakosuulake-300x169.jpg 300w, https:\/\/hylajams.fi\/wp-content\/uploads\/2025\/05\/EST-Rakosuulake-768x432.jpg 768w, https:\/\/hylajams.fi\/wp-content\/uploads\/2025\/05\/EST-Rakosuulake-600x338.jpg 600w\" sizes=\"(max-width: 960px) 100vw, 960px\" \/><\/figure>\n\n\n\n<figure class=\"wp-block-image size-full\"><img loading=\"lazy\" decoding=\"async\" width=\"960\" height=\"540\" src=\"https:\/\/hylajams.fi\/wp-content\/uploads\/2025\/05\/Verho-ja-kangas-suulake.jpg\" alt=\"\" class=\"wp-image-10533\" srcset=\"https:\/\/hylajams.fi\/wp-content\/uploads\/2025\/05\/Verho-ja-kangas-suulake.jpg 960w, https:\/\/hylajams.fi\/wp-content\/uploads\/2025\/05\/Verho-ja-kangas-suulake-300x169.jpg 300w, https:\/\/hylajams.fi\/wp-content\/uploads\/2025\/05\/Verho-ja-kangas-suulake-768x432.jpg 768w, https:\/\/hylajams.fi\/wp-content\/uploads\/2025\/05\/Verho-ja-kangas-suulake-600x338.jpg 600w\" sizes=\"(max-width: 960px) 100vw, 960px\" \/><\/figure>\n<\/div>\n\n\n\n<div class=\"wp-block-group is-nowrap is-layout-flex wp-container-core-group-is-layout-ad2f72ca wp-block-group-is-layout-flex\">\n<figure class=\"wp-block-image size-full\"><img loading=\"lazy\" decoding=\"async\" width=\"960\" height=\"540\" src=\"https:\/\/hylajams.fi\/wp-content\/uploads\/2023\/04\/1.jpg\" alt=\"\" class=\"wp-image-10480\" srcset=\"https:\/\/hylajams.fi\/wp-content\/uploads\/2023\/04\/1.jpg 960w, https:\/\/hylajams.fi\/wp-content\/uploads\/2023\/04\/1-300x169.jpg 300w, https:\/\/hylajams.fi\/wp-content\/uploads\/2023\/04\/1-768x432.jpg 768w, https:\/\/hylajams.fi\/wp-content\/uploads\/2023\/04\/1-600x338.jpg 600w\" sizes=\"(max-width: 960px) 100vw, 960px\" \/><\/figure>\n\n\n\n<figure class=\"wp-block-image size-full\"><img loading=\"lazy\" decoding=\"async\" width=\"960\" height=\"540\" src=\"https:\/\/hylajams.fi\/wp-content\/uploads\/2023\/04\/2.jpg\" alt=\"N\u00e4in k\u00e4yt\u00e4t vakuumointipussia\" class=\"wp-image-10481\" srcset=\"https:\/\/hylajams.fi\/wp-content\/uploads\/2023\/04\/2.jpg 960w, https:\/\/hylajams.fi\/wp-content\/uploads\/2023\/04\/2-300x169.jpg 300w, https:\/\/hylajams.fi\/wp-content\/uploads\/2023\/04\/2-768x432.jpg 768w, https:\/\/hylajams.fi\/wp-content\/uploads\/2023\/04\/2-600x338.jpg 600w\" sizes=\"(max-width: 960px) 100vw, 960px\" \/><\/figure>\n<\/div>\n\n\n\n<p><\/p>\n\n\n\n<h3 class=\"wp-block-heading\">Pussin valmistelu<\/h3>\n\n\n\n<ul class=\"wp-block-list\">\n<li>Levit\u00e4 vakuumointipussi tasaiselle alustalle ja laita patja pussin sis\u00e4\u00e4n.<\/li>\n\n\n\n<li>Huomioi, ett\u00e4 isoissa pusseissa ei ole venttiili\u00e4, vaan toinen p\u00e4\u00e4 on avoin.<\/li>\n<\/ul>\n\n\n\n<p><\/p>\n\n\n<div class=\"wp-block-image\">\n<figure class=\"aligncenter size-full is-resized\"><img loading=\"lazy\" decoding=\"async\" width=\"600\" height=\"600\" src=\"https:\/\/hylajams.fi\/wp-content\/uploads\/2025\/08\/21128-iso-tyhjiopussi2.png\" alt=\"\" class=\"wp-image-10943\" style=\"width:341px;height:auto\" srcset=\"https:\/\/hylajams.fi\/wp-content\/uploads\/2025\/08\/21128-iso-tyhjiopussi2.png 600w, https:\/\/hylajams.fi\/wp-content\/uploads\/2025\/08\/21128-iso-tyhjiopussi2-300x300.png 300w, https:\/\/hylajams.fi\/wp-content\/uploads\/2025\/08\/21128-iso-tyhjiopussi2-150x150.png 150w, https:\/\/hylajams.fi\/wp-content\/uploads\/2025\/08\/21128-iso-tyhjiopussi2-100x100.png 100w\" sizes=\"(max-width: 600px) 100vw, 600px\" \/><\/figure>\n<\/div>\n\n\n<p><\/p>\n\n\n\n<h3 class=\"wp-block-heading\">Ilman poistaminen<\/h3>\n\n\n\n<ul class=\"wp-block-list\">\n<li>Aseta letku rako- tai verhosuulakkeella kangasta vasten (ei suoraan pussia vasten) pussin sis\u00e4lle.<\/li>\n\n\n\n<li>K\u00e4\u00e4ri pussin avoin suuaukko tiukasti rullalle letkun tai putken ymp\u00e4rille, niin ettei ilmaa p\u00e4\u00e4se sis\u00e4\u00e4n.<\/li>\n\n\n\n<li>K\u00e4ynnist\u00e4 Hyla. Imu vet\u00e4\u00e4 ilman pois pussista suulakkeen kautta.<\/li>\n\n\n\n<li>Pussi litistyy alipaineen ansiosta, poistaen ep\u00e4puhtaudet ja h\u00e4vitt\u00e4en p\u00f6lypunkkikannan.<\/li>\n\n\n\n<li>Anna pussin olla tyhji\u00f6ss\u00e4 5\u201310 minuuttia Hylan k\u00e4ydess\u00e4.<\/li>\n<\/ul>\n\n\n\n<p><\/p>\n\n\n\n<figure class=\"wp-block-image size-full\"><img loading=\"lazy\" decoding=\"async\" width=\"960\" height=\"540\" src=\"https:\/\/hylajams.fi\/wp-content\/uploads\/2025\/08\/vakumointi-isot-pussit.jpg\" alt=\"N\u00e4in k\u00e4yt\u00e4t vakuumointipussia\" class=\"wp-image-10945\" srcset=\"https:\/\/hylajams.fi\/wp-content\/uploads\/2025\/08\/vakumointi-isot-pussit.jpg 960w, https:\/\/hylajams.fi\/wp-content\/uploads\/2025\/08\/vakumointi-isot-pussit-300x169.jpg 300w, https:\/\/hylajams.fi\/wp-content\/uploads\/2025\/08\/vakumointi-isot-pussit-768x432.jpg 768w, https:\/\/hylajams.fi\/wp-content\/uploads\/2025\/08\/vakumointi-isot-pussit-600x338.jpg 600w\" sizes=\"(max-width: 960px) 100vw, 960px\" \/><\/figure>\n\n\n\n<p><\/p>\n\n\n\n<h3 class=\"wp-block-heading\">T\u00e4rke\u00e4\u00e4 muistaa<\/h3>\n\n\n\n<ul class=\"wp-block-list\">\n<li><strong>\u00c4l\u00e4 sammuta Hylaa<\/strong>, vaan irrota letkun toinen p\u00e4\u00e4 moottoriyksik\u00f6st\u00e4 laitteen ollessa k\u00e4ynniss\u00e4.<\/li>\n\n\n\n<li><strong>\u00c4l\u00e4 p\u00e4\u00e4st\u00e4 ilmaa pussiin ennen kuin letku on irrotettu Hyla-laitteesta.<\/strong><\/li>\n\n\n\n<li>\u00c4l\u00e4 koskaan sammuta Hylaa, kun imuletku on viel\u00e4 pussin sis\u00e4ll\u00e4 \u2013 muuten vaarana on veden kulkeutuminen pussiin ja patjan kastuminen.<\/li>\n<\/ul>\n\n\n\n<p><\/p>\n\n\n\n<p>N\u00e4in k\u00e4yt\u00e4t vakuumointipussia oikein<\/p>\n\n\n\n<h3 class=\"wp-block-heading\">Lopetus<\/h3>\n\n\n\n<ul class=\"wp-block-list\">\n<li>Kun tyhjennys on valmis, anna pussin t\u00e4ytty\u00e4 ilmalla tai nopeuta prosessia liitt\u00e4m\u00e4ll\u00e4 letku Hylan takaosan puhallusaukkoon.<\/li>\n\n\n\n<li>Poista suulake ja ota puhdistettu patja k\u00e4ytt\u00f6\u00f6n.<\/li>\n\n\n\n<li>Jos vesivahinko kuitenkin tapahtuu, ime vesi patjan pinnasta Hylan kirkkaalla suulakkeella.<\/li>\n\n\n\n<li>Viimeistele puhdistus poistamalla kuolleet p\u00f6lypunkit, niiden j\u00e4t\u00f6kset sek\u00e4 muut ep\u00e4puhtaudet Hylan pienell\u00e4 tai isolla s\u00e4hk\u00f6moottoriharjalla.<\/li>\n\n\n\n<li>Nyt patjasi on puhdas, raikas ja vapaa p\u00f6lypunkeista.<\/li>\n<\/ul>\n\n\n\n<p><\/p>\n\n\n<div class=\"wp-block-image\">\n<figure class=\"aligncenter size-full is-resized\"><img loading=\"lazy\" decoding=\"async\" width=\"160\" height=\"160\" src=\"https:\/\/hylajams.fi\/wp-content\/uploads\/2025\/08\/vakuumipussit2.png\" alt=\"N\u00e4in k\u00e4yt\u00e4t vakuumointipussia\" class=\"wp-image-10947\" style=\"width:313px;height:auto\" srcset=\"https:\/\/hylajams.fi\/wp-content\/uploads\/2025\/08\/vakuumipussit2.png 160w, https:\/\/hylajams.fi\/wp-content\/uploads\/2025\/08\/vakuumipussit2-150x150.png 150w, https:\/\/hylajams.fi\/wp-content\/uploads\/2025\/08\/vakuumipussit2-100x100.png 100w\" sizes=\"(max-width: 160px) 100vw, 160px\" \/><\/figure>\n<\/div>\n\n\n<hr class=\"wp-block-separator has-alpha-channel-opacity\"\/>\n\n\n\n<h2 class=\"wp-block-heading\">Vinkki raikkauteen <\/h2>\n\n\n\n<p>\ud83d\udca1 <strong>Vinkki:<\/strong> Lis\u00e4\u00e4 muutama tippa Hylan tuoksua vesis\u00e4ili\u00f6\u00f6n ennen vakuumointia \u2013 n\u00e4in saat my\u00f6s vuodevaatteisiin raikkaan tuoksun.<\/p>\n\n\n\n<p><\/p>\n\n\n\n<figure class=\"wp-block-image size-large\"><img loading=\"lazy\" decoding=\"async\" width=\"1024\" height=\"576\" src=\"https:\/\/hylajams.fi\/wp-content\/uploads\/2024\/12\/17456-Rosa-Vanilja-Hyla-eteerinen-tuoksut-3x20-VGF-1024x576.jpg\" alt=\"\" class=\"wp-image-9228\" srcset=\"https:\/\/hylajams.fi\/wp-content\/uploads\/2024\/12\/17456-Rosa-Vanilja-Hyla-eteerinen-tuoksut-3x20-VGF-1024x576.jpg 1024w, https:\/\/hylajams.fi\/wp-content\/uploads\/2024\/12\/17456-Rosa-Vanilja-Hyla-eteerinen-tuoksut-3x20-VGF-300x169.jpg 300w, https:\/\/hylajams.fi\/wp-content\/uploads\/2024\/12\/17456-Rosa-Vanilja-Hyla-eteerinen-tuoksut-3x20-VGF-768x432.jpg 768w, https:\/\/hylajams.fi\/wp-content\/uploads\/2024\/12\/17456-Rosa-Vanilja-Hyla-eteerinen-tuoksut-3x20-VGF-1536x864.jpg 1536w, https:\/\/hylajams.fi\/wp-content\/uploads\/2024\/12\/17456-Rosa-Vanilja-Hyla-eteerinen-tuoksut-3x20-VGF-600x338.jpg 600w, https:\/\/hylajams.fi\/wp-content\/uploads\/2024\/12\/17456-Rosa-Vanilja-Hyla-eteerinen-tuoksut-3x20-VGF.jpg 1920w\" sizes=\"(max-width: 1024px) 100vw, 1024px\" \/><\/figure>\n","protected":false},"excerpt":{"rendered":"<p>Syksyn tullen m\u00f6kin terassi, ulkokalusteet ja pehmusteet altistuvat kosteudelle, p\u00f6lylle ja \u00f6t\u00f6k\u00f6ille. Yksi k\u00e4tev\u00e4 tapa suojata ne talven yli on k\u00e4ytt\u00e4\u00e4 vakuumointipusseja, jotka pit\u00e4v\u00e4t sis\u00e4ll\u00f6n kuivana ja p\u00f6lytt\u00f6m\u00e4n\u00e4. Isot vakuumointipussit,<a href=\"https:\/\/hylajams.fi\/?page_id=10939\" class=\"d-block breadmore\">Lue lis\u00e4\u00e4<\/a><\/p>\n","protected":false},"author":2,"featured_media":0,"parent":0,"menu_order":0,"comment_status":"closed","ping_status":"closed","template":"","meta":{"footnotes":""},"class_list":["post-10939","page","type-page","status-publish","hentry","_wholesalex wsx-wholesalex-product"],"yoast_head":"<!-- This site is optimized with the Yoast SEO plugin v27.3 - https:\/\/yoast.com\/product\/yoast-seo-wordpress\/ -->\n<title>N\u00e4in k\u00e4yt\u00e4t vakuumointipussia \u2013 vinkit ja ohjeet | Hyla Jams<\/title>\n<meta name=\"description\" content=\"N\u00e4in k\u00e4yt\u00e4t vakuumointipussia - opas vakuumointipussin oikeaan k\u00e4ytt\u00f6\u00f6n: suojaa ne p\u00f6lylt\u00e4 ja kosteudelta. Helppo ja nopea ohje.\" \/>\n<meta name=\"robots\" content=\"index, follow, max-snippet:-1, max-image-preview:large, max-video-preview:-1\" \/>\n<link rel=\"canonical\" href=\"https:\/\/hylajams.fi\/?page_id=10939\" \/>\n<meta property=\"og:locale\" content=\"fi_FI\" \/>\n<meta property=\"og:type\" content=\"article\" \/>\n<meta property=\"og:title\" content=\"N\u00e4in k\u00e4yt\u00e4t vakuumointipussia \u2013 vinkit ja ohjeet | Hyla Jams\" \/>\n<meta property=\"og:description\" content=\"N\u00e4in k\u00e4yt\u00e4t vakuumointipussia - opas vakuumointipussin oikeaan k\u00e4ytt\u00f6\u00f6n: suojaa ne p\u00f6lylt\u00e4 ja kosteudelta. Helppo ja nopea ohje.\" \/>\n<meta property=\"og:url\" content=\"https:\/\/hylajams.fi\/?page_id=10939\" \/>\n<meta property=\"og:site_name\" content=\"Hyla Jams Verkkokauppa\" \/>\n<meta property=\"article:modified_time\" content=\"2026-02-25T18:11:15+00:00\" \/>\n<meta property=\"og:image\" content=\"https:\/\/hylajams.fi\/wp-content\/uploads\/2024\/03\/21128-iso-tyhjiopussi-1.png\" \/>\n\t<meta property=\"og:image:width\" content=\"600\" \/>\n\t<meta property=\"og:image:height\" content=\"600\" \/>\n\t<meta property=\"og:image:type\" content=\"image\/png\" \/>\n<meta name=\"twitter:card\" content=\"summary_large_image\" \/>\n<meta name=\"twitter:label1\" content=\"Arvioitu lukuaika\" \/>\n\t<meta name=\"twitter:data1\" content=\"6 minuuttia\" \/>\n<script type=\"application\/ld+json\" class=\"yoast-schema-graph\">{\"@context\":\"https:\\\/\\\/schema.org\",\"@graph\":[{\"@type\":\"WebPage\",\"@id\":\"https:\\\/\\\/hylajams.fi\\\/?page_id=10939\",\"url\":\"https:\\\/\\\/hylajams.fi\\\/?page_id=10939\",\"name\":\"N\u00e4in k\u00e4yt\u00e4t vakuumointipussia \u2013 vinkit ja ohjeet | Hyla Jams\",\"isPartOf\":{\"@id\":\"https:\\\/\\\/hylajams.fi\\\/#website\"},\"primaryImageOfPage\":{\"@id\":\"https:\\\/\\\/hylajams.fi\\\/?page_id=10939#primaryimage\"},\"image\":{\"@id\":\"https:\\\/\\\/hylajams.fi\\\/?page_id=10939#primaryimage\"},\"thumbnailUrl\":\"https:\\\/\\\/hylajams.fi\\\/wp-content\\\/uploads\\\/2024\\\/03\\\/21128-iso-tyhjiopussi-1.png\",\"datePublished\":\"2025-08-26T20:07:31+00:00\",\"dateModified\":\"2026-02-25T18:11:15+00:00\",\"description\":\"N\u00e4in k\u00e4yt\u00e4t vakuumointipussia - opas vakuumointipussin oikeaan k\u00e4ytt\u00f6\u00f6n: suojaa ne p\u00f6lylt\u00e4 ja kosteudelta. Helppo ja nopea ohje.\",\"breadcrumb\":{\"@id\":\"https:\\\/\\\/hylajams.fi\\\/?page_id=10939#breadcrumb\"},\"inLanguage\":\"fi\",\"potentialAction\":[{\"@type\":\"ReadAction\",\"target\":[\"https:\\\/\\\/hylajams.fi\\\/?page_id=10939\"]}]},{\"@type\":\"ImageObject\",\"inLanguage\":\"fi\",\"@id\":\"https:\\\/\\\/hylajams.fi\\\/?page_id=10939#primaryimage\",\"url\":\"https:\\\/\\\/hylajams.fi\\\/wp-content\\\/uploads\\\/2024\\\/03\\\/21128-iso-tyhjiopussi-1.png\",\"contentUrl\":\"https:\\\/\\\/hylajams.fi\\\/wp-content\\\/uploads\\\/2024\\\/03\\\/21128-iso-tyhjiopussi-1.png\",\"width\":600,\"height\":600},{\"@type\":\"BreadcrumbList\",\"@id\":\"https:\\\/\\\/hylajams.fi\\\/?page_id=10939#breadcrumb\",\"itemListElement\":[{\"@type\":\"ListItem\",\"position\":1,\"name\":\"Etusivu\",\"item\":\"https:\\\/\\\/hylajams.fi\\\/\"},{\"@type\":\"ListItem\",\"position\":2,\"name\":\"N\u00e4in k\u00e4yt\u00e4t vakuumointipussia\"}]},{\"@type\":\"WebSite\",\"@id\":\"https:\\\/\\\/hylajams.fi\\\/#website\",\"url\":\"https:\\\/\\\/hylajams.fi\\\/\",\"name\":\"Hyla Jams Verkkokauppa\",\"description\":\"Hyla ilman- ja huoneen puhdistusj\u00e4rjestelm\u00e4 Suomessa\",\"publisher\":{\"@id\":\"https:\\\/\\\/hylajams.fi\\\/#organization\"},\"potentialAction\":[{\"@type\":\"SearchAction\",\"target\":{\"@type\":\"EntryPoint\",\"urlTemplate\":\"https:\\\/\\\/hylajams.fi\\\/?s={search_term_string}\"},\"query-input\":{\"@type\":\"PropertyValueSpecification\",\"valueRequired\":true,\"valueName\":\"search_term_string\"}}],\"inLanguage\":\"fi\"},{\"@type\":\"Organization\",\"@id\":\"https:\\\/\\\/hylajams.fi\\\/#organization\",\"name\":\"Hyla Jams Verkkokauppa\",\"url\":\"https:\\\/\\\/hylajams.fi\\\/\",\"logo\":{\"@type\":\"ImageObject\",\"inLanguage\":\"fi\",\"@id\":\"https:\\\/\\\/hylajams.fi\\\/#\\\/schema\\\/logo\\\/image\\\/\",\"url\":\"https:\\\/\\\/hylajams.fi\\\/wp-content\\\/uploads\\\/2025\\\/02\\\/Logo-1-2.jpg\",\"contentUrl\":\"https:\\\/\\\/hylajams.fi\\\/wp-content\\\/uploads\\\/2025\\\/02\\\/Logo-1-2.jpg\",\"width\":500,\"height\":500,\"caption\":\"Hyla Jams Verkkokauppa\"},\"image\":{\"@id\":\"https:\\\/\\\/hylajams.fi\\\/#\\\/schema\\\/logo\\\/image\\\/\"},\"sameAs\":[\"https:\\\/\\\/www.instagram.com\\\/hylasiivous\\\/\"]}]}<\/script>\n<!-- \/ Yoast SEO plugin. -->","yoast_head_json":{"title":"N\u00e4in k\u00e4yt\u00e4t vakuumointipussia \u2013 vinkit ja ohjeet | Hyla Jams","description":"N\u00e4in k\u00e4yt\u00e4t vakuumointipussia - opas vakuumointipussin oikeaan k\u00e4ytt\u00f6\u00f6n: suojaa ne p\u00f6lylt\u00e4 ja kosteudelta. Helppo ja nopea ohje.","robots":{"index":"index","follow":"follow","max-snippet":"max-snippet:-1","max-image-preview":"max-image-preview:large","max-video-preview":"max-video-preview:-1"},"canonical":"https:\/\/hylajams.fi\/?page_id=10939","og_locale":"fi_FI","og_type":"article","og_title":"N\u00e4in k\u00e4yt\u00e4t vakuumointipussia \u2013 vinkit ja ohjeet | Hyla Jams","og_description":"N\u00e4in k\u00e4yt\u00e4t vakuumointipussia - opas vakuumointipussin oikeaan k\u00e4ytt\u00f6\u00f6n: suojaa ne p\u00f6lylt\u00e4 ja kosteudelta. Helppo ja nopea ohje.","og_url":"https:\/\/hylajams.fi\/?page_id=10939","og_site_name":"Hyla Jams Verkkokauppa","article_modified_time":"2026-02-25T18:11:15+00:00","og_image":[{"width":600,"height":600,"url":"https:\/\/hylajams.fi\/wp-content\/uploads\/2024\/03\/21128-iso-tyhjiopussi-1.png","type":"image\/png"}],"twitter_card":"summary_large_image","twitter_misc":{"Arvioitu lukuaika":"6 minuuttia"},"schema":{"@context":"https:\/\/schema.org","@graph":[{"@type":"WebPage","@id":"https:\/\/hylajams.fi\/?page_id=10939","url":"https:\/\/hylajams.fi\/?page_id=10939","name":"N\u00e4in k\u00e4yt\u00e4t vakuumointipussia \u2013 vinkit ja ohjeet | Hyla Jams","isPartOf":{"@id":"https:\/\/hylajams.fi\/#website"},"primaryImageOfPage":{"@id":"https:\/\/hylajams.fi\/?page_id=10939#primaryimage"},"image":{"@id":"https:\/\/hylajams.fi\/?page_id=10939#primaryimage"},"thumbnailUrl":"https:\/\/hylajams.fi\/wp-content\/uploads\/2024\/03\/21128-iso-tyhjiopussi-1.png","datePublished":"2025-08-26T20:07:31+00:00","dateModified":"2026-02-25T18:11:15+00:00","description":"N\u00e4in k\u00e4yt\u00e4t vakuumointipussia - opas vakuumointipussin oikeaan k\u00e4ytt\u00f6\u00f6n: suojaa ne p\u00f6lylt\u00e4 ja kosteudelta. Helppo ja nopea ohje.","breadcrumb":{"@id":"https:\/\/hylajams.fi\/?page_id=10939#breadcrumb"},"inLanguage":"fi","potentialAction":[{"@type":"ReadAction","target":["https:\/\/hylajams.fi\/?page_id=10939"]}]},{"@type":"ImageObject","inLanguage":"fi","@id":"https:\/\/hylajams.fi\/?page_id=10939#primaryimage","url":"https:\/\/hylajams.fi\/wp-content\/uploads\/2024\/03\/21128-iso-tyhjiopussi-1.png","contentUrl":"https:\/\/hylajams.fi\/wp-content\/uploads\/2024\/03\/21128-iso-tyhjiopussi-1.png","width":600,"height":600},{"@type":"BreadcrumbList","@id":"https:\/\/hylajams.fi\/?page_id=10939#breadcrumb","itemListElement":[{"@type":"ListItem","position":1,"name":"Etusivu","item":"https:\/\/hylajams.fi\/"},{"@type":"ListItem","position":2,"name":"N\u00e4in k\u00e4yt\u00e4t vakuumointipussia"}]},{"@type":"WebSite","@id":"https:\/\/hylajams.fi\/#website","url":"https:\/\/hylajams.fi\/","name":"Hyla Jams Verkkokauppa","description":"Hyla ilman- ja huoneen puhdistusj\u00e4rjestelm\u00e4 Suomessa","publisher":{"@id":"https:\/\/hylajams.fi\/#organization"},"potentialAction":[{"@type":"SearchAction","target":{"@type":"EntryPoint","urlTemplate":"https:\/\/hylajams.fi\/?s={search_term_string}"},"query-input":{"@type":"PropertyValueSpecification","valueRequired":true,"valueName":"search_term_string"}}],"inLanguage":"fi"},{"@type":"Organization","@id":"https:\/\/hylajams.fi\/#organization","name":"Hyla Jams Verkkokauppa","url":"https:\/\/hylajams.fi\/","logo":{"@type":"ImageObject","inLanguage":"fi","@id":"https:\/\/hylajams.fi\/#\/schema\/logo\/image\/","url":"https:\/\/hylajams.fi\/wp-content\/uploads\/2025\/02\/Logo-1-2.jpg","contentUrl":"https:\/\/hylajams.fi\/wp-content\/uploads\/2025\/02\/Logo-1-2.jpg","width":500,"height":500,"caption":"Hyla Jams Verkkokauppa"},"image":{"@id":"https:\/\/hylajams.fi\/#\/schema\/logo\/image\/"},"sameAs":["https:\/\/www.instagram.com\/hylasiivous\/"]}]}},"_links":{"self":[{"href":"https:\/\/hylajams.fi\/index.php?rest_route=\/wp\/v2\/pages\/10939","targetHints":{"allow":["GET"]}}],"collection":[{"href":"https:\/\/hylajams.fi\/index.php?rest_route=\/wp\/v2\/pages"}],"about":[{"href":"https:\/\/hylajams.fi\/index.php?rest_route=\/wp\/v2\/types\/page"}],"author":[{"embeddable":true,"href":"https:\/\/hylajams.fi\/index.php?rest_route=\/wp\/v2\/users\/2"}],"replies":[{"embeddable":true,"href":"https:\/\/hylajams.fi\/index.php?rest_route=%2Fwp%2Fv2%2Fcomments&post=10939"}],"version-history":[{"count":11,"href":"https:\/\/hylajams.fi\/index.php?rest_route=\/wp\/v2\/pages\/10939\/revisions"}],"predecessor-version":[{"id":13049,"href":"https:\/\/hylajams.fi\/index.php?rest_route=\/wp\/v2\/pages\/10939\/revisions\/13049"}],"wp:attachment":[{"href":"https:\/\/hylajams.fi\/index.php?rest_route=%2Fwp%2Fv2%2Fmedia&parent=10939"}],"curies":[{"name":"wp","href":"https:\/\/api.w.org\/{rel}","templated":true}]}}