{"id":10140,"date":"2025-03-25T10:42:31","date_gmt":"2025-03-25T08:42:31","guid":{"rendered":"https:\/\/hylajams.fi\/?page_id=10140"},"modified":"2026-02-25T12:55:41","modified_gmt":"2026-02-25T10:55:41","slug":"lisatuloja-vai-kokopaivainen-ura","status":"publish","type":"page","link":"https:\/\/hylajams.fi\/?page_id=10140","title":{"rendered":"Haluatko lis\u00e4tuloja vai etsitk\u00f6 kokop\u00e4iv\u00e4ist\u00e4 uraa?"},"content":{"rendered":"\n<p>Lis\u00e4tuloja tai kokop\u00e4iv\u00e4inen ura<\/p>\n\n\n\n<h4 class=\"wp-block-heading\">Haluatko lis\u00e4tuloja tai etsitk\u00f6 kokop\u00e4iv\u00e4ist\u00e4 uraa?<\/h4>\n\n\n\n<p><\/p>\n\n\n\n<p>Kaipaatko joustavaa tapaa ansaita lis\u00e4tuloja vai etsitk\u00f6 mahdollisuutta rakentaa kokop\u00e4iv\u00e4ist\u00e4 uraa? Hyla-tiimi tarjoaa vaihtoehdon, jossa voit edet\u00e4 omien tavoitteiden ja el\u00e4m\u00e4ntilanteen mukaan <strong>toiminimiyritt\u00e4j\u00e4n\u00e4 tai yrityksen kautta<\/strong>.<\/p>\n\n\n\n<p><\/p>\n\n\n\n<p><\/p>\n\n\n\n<figure class=\"wp-block-image size-full\"><img fetchpriority=\"high\" decoding=\"async\" width=\"900\" height=\"450\" src=\"https:\/\/hylajams.fi\/wp-content\/uploads\/2024\/01\/Puhdas-ilma-alkaa-taalta-2.jpg\" alt=\"Lis\u00e4tuloja tai kokop\u00e4iv\u00e4inen ura\" class=\"wp-image-10836\" srcset=\"https:\/\/hylajams.fi\/wp-content\/uploads\/2024\/01\/Puhdas-ilma-alkaa-taalta-2.jpg 900w, https:\/\/hylajams.fi\/wp-content\/uploads\/2024\/01\/Puhdas-ilma-alkaa-taalta-2-300x150.jpg 300w, https:\/\/hylajams.fi\/wp-content\/uploads\/2024\/01\/Puhdas-ilma-alkaa-taalta-2-768x384.jpg 768w, https:\/\/hylajams.fi\/wp-content\/uploads\/2024\/01\/Puhdas-ilma-alkaa-taalta-2-600x300.jpg 600w\" sizes=\"(max-width: 900px) 100vw, 900px\" \/><\/figure>\n\n\n\n<p><\/p>\n\n\n\n<h4 class=\"wp-block-heading\">Haluatko auttaa koteja saamaan puhtaampaa sis\u00e4ilmaa?<\/h4>\n\n\n\n<p>Haluaisitko ty\u00f6n, jossa saat itse p\u00e4\u00e4tt\u00e4\u00e4 ty\u00f6aikasi, kohdata uusia ihmisi\u00e4 ja tarjota heille aidosti hy\u00f6dyllisen ratkaisun? Hyla tiimimyyj\u00e4n\u00e4 voit ty\u00f6skennell\u00e4 joko osa-aikaisesti lis\u00e4tulojen vuoksi tai kokop\u00e4iv\u00e4isen\u00e4 yritt\u00e4j\u00e4n\u00e4 \u2013 <strong>omalla Y-tunnuksella ja omasta yrityksest\u00e4si k\u00e4sin<\/strong>.<\/p>\n\n\n\n<p>Puhdas ilma, puhtaampi koti \u2013 ja sin\u00e4 voit tehd\u00e4 sen mahdolliseksi.<\/p>\n\n\n\n<p><\/p>\n\n\n\n<h4 class=\"wp-block-heading\">Mit\u00e4 ty\u00f6 sis\u00e4lt\u00e4\u00e4?<\/h4>\n\n\n\n<p>HYLA-ilman- ja huoneenpuhdistusj\u00e4rjestelm\u00e4t eiv\u00e4t vain poista p\u00f6ly\u00e4, vaan sitovat sen veteen, jolloin kotiin j\u00e4\u00e4 aidosti raikas ja puhdas ilma. Teht\u00e4v\u00e4si on esitell\u00e4 HYLAa asiakkaille, myyd\u00e4 ja ennen kaikkea opastaa asiakkaita laitteen oikeanlaiseen k\u00e4ytt\u00f6\u00f6n, jotta he saavat j\u00e4rjestelm\u00e4st\u00e4 parhaan mahdollisen hy\u00f6dyn.<\/p>\n\n\n\n<p>Ty\u00f6 tehd\u00e4\u00e4n <strong>itsen\u00e4isen\u00e4 yritt\u00e4j\u00e4n\u00e4<\/strong>, omalla vastuulla ja omasta yrityksest\u00e4 k\u00e4sin.<\/p>\n\n\n\n<p><\/p>\n\n\n\n<h4 class=\"wp-block-heading\">Lis\u00e4tuloja tai kokop\u00e4iv\u00e4inen ura<\/h4>\n\n\n\n<p>T\u00e4m\u00e4 ty\u00f6 sopii sinulle, jos:<br>\u2714 Haluat ty\u00f6skennell\u00e4 vapaasti ja p\u00e4\u00e4tt\u00e4\u00e4 omista tuloistasi<br>\u2714 Pid\u00e4t ihmisten kohtaamisesta ja haluat auttaa asiakkaitasi<br>\u2714 Arvostat puhtautta ja sis\u00e4ilman laatua<br>\u2714 Etsit lis\u00e4tuloja tai haluat t\u00e4ysip\u00e4iv\u00e4isen yritt\u00e4j\u00e4n vapauden<br>\u2714 <strong>Sinulla on oma Y-tunnus tai olet valmis perustamaan yrityksen<\/strong><\/p>\n\n\n\n<h4 class=\"wp-block-heading\">Tulo ilman suuria riskej\u00e4<\/h4>\n\n\n\n<p>Yritt\u00e4jyys ei ole kiinni suurista aloituskustannuksista. HYLA-myyj\u00e4n\u00e4 voit ansaita jo muutamalla kaupalla alkup\u00e4\u00e4omasi takaisin ja kasvattaa tulojasi t\u00e4m\u00e4n j\u00e4lkeen ilman yl\u00e4rajaa. Toiminta perustuu provisioon, ja etenet omaan tahtiisi.<\/p>\n\n\n\n<p>HYLA on tunnettu br\u00e4ndi, joka on toiminut jo yli 30 vuotta ja on k\u00e4yt\u00f6ss\u00e4 yli 85 maassa. Suomessa se on auttanut koteja hengitt\u00e4m\u00e4\u00e4n puhtaammin jo yli 20 vuoden ajan.<\/p>\n\n\n\n<p>\ud83d\ude97 Ty\u00f6ss\u00e4 tarvitaan auton k\u00e4ytt\u00f6mahdollisuus.<\/p>\n\n\n\n<p>\ud83d\udcb0 Palkkio perustuu provisioon \u2013 ilman myyntikattoa. Saat palkkion jokaisesta myydyst\u00e4 HYLA-tuotteesta ja voit kasvattaa tulojasi omalla aktiivisuudellasi. Tarkemmat palkkiotiedot k\u00e4yd\u00e4\u00e4n l\u00e4pi yhteisty\u00f6sopimuksen yhteydess\u00e4.<\/p>\n\n\n\n<p><\/p>\n\n\n\n<h4 class=\"wp-block-heading\">Kiinnostuitko?<\/h4>\n\n\n\n<p>Haluatko kokeilla, sopiiko t\u00e4m\u00e4 sinulle?<br>T\u00e4yt\u00e4 hakemus ja ota ensimm\u00e4inen askel kohti joustavaa ja palkitsevaa <strong>yritt\u00e4j\u00e4polkua HYLA-tiimiss\u00e4<\/strong>.<\/p>\n\n\n\n<p>\ud83d\udc49 <a href=\"https:\/\/hylajams.fi\/?page_id=10010\">T\u00e4yt\u00e4 hakemus t\u00e4st\u00e4<\/a><\/p>\n","protected":false},"excerpt":{"rendered":"<p>Lis\u00e4tuloja tai kokop\u00e4iv\u00e4inen ura Haluatko lis\u00e4tuloja tai etsitk\u00f6 kokop\u00e4iv\u00e4ist\u00e4 uraa? Kaipaatko joustavaa tapaa ansaita lis\u00e4tuloja vai etsitk\u00f6 mahdollisuutta rakentaa kokop\u00e4iv\u00e4ist\u00e4 uraa? Hyla-tiimi tarjoaa vaihtoehdon, jossa voit edet\u00e4 omien tavoitteiden ja<a href=\"https:\/\/hylajams.fi\/?page_id=10140\" class=\"d-block breadmore\">Lue lis\u00e4\u00e4<\/a><\/p>\n","protected":false},"author":2,"featured_media":0,"parent":0,"menu_order":0,"comment_status":"closed","ping_status":"closed","template":"","meta":{"footnotes":""},"class_list":["post-10140","page","type-page","status-publish","hentry","_wholesalex wsx-wholesalex-product"],"yoast_head":"<!-- This site is optimized with the Yoast SEO plugin v27.3 - https:\/\/yoast.com\/product\/yoast-seo-wordpress\/ -->\n<title>Lis\u00e4tuloja tai kokop\u00e4iv\u00e4inen ura \u2013 tutustu Hyla-tiimiin<\/title>\n<meta name=\"description\" content=\"Lis\u00e4tuloja tai kokop\u00e4iv\u00e4inen ura: Hyla tiimi tarjoaa mahdollisuuden lis\u00e4tuloihin tai kokop\u00e4iv\u00e4iseen uraan.\" \/>\n<meta name=\"robots\" content=\"index, follow, max-snippet:-1, max-image-preview:large, max-video-preview:-1\" \/>\n<link rel=\"canonical\" href=\"https:\/\/hylajams.fi\/?page_id=10140\" \/>\n<meta property=\"og:locale\" content=\"fi_FI\" \/>\n<meta property=\"og:type\" content=\"article\" \/>\n<meta property=\"og:title\" content=\"Lis\u00e4tuloja tai kokop\u00e4iv\u00e4inen ura \u2013 tutustu Hyla-tiimiin\" \/>\n<meta property=\"og:description\" content=\"Lis\u00e4tuloja tai kokop\u00e4iv\u00e4inen ura: Hyla tiimi tarjoaa mahdollisuuden lis\u00e4tuloihin tai kokop\u00e4iv\u00e4iseen uraan.\" \/>\n<meta property=\"og:url\" content=\"https:\/\/hylajams.fi\/?page_id=10140\" \/>\n<meta property=\"og:site_name\" content=\"Hyla Jams Verkkokauppa\" \/>\n<meta property=\"article:modified_time\" content=\"2026-02-25T10:55:41+00:00\" \/>\n<meta property=\"og:image\" content=\"https:\/\/hylajams.fi\/wp-content\/uploads\/2024\/01\/Puhdas-ilma-alkaa-taalta-2.jpg\" \/>\n\t<meta property=\"og:image:width\" content=\"900\" \/>\n\t<meta property=\"og:image:height\" content=\"450\" \/>\n\t<meta property=\"og:image:type\" content=\"image\/jpeg\" \/>\n<meta name=\"twitter:card\" content=\"summary_large_image\" \/>\n<meta name=\"twitter:label1\" content=\"Arvioitu lukuaika\" \/>\n\t<meta name=\"twitter:data1\" content=\"3 minuuttia\" \/>\n<script type=\"application\/ld+json\" class=\"yoast-schema-graph\">{\"@context\":\"https:\\\/\\\/schema.org\",\"@graph\":[{\"@type\":\"WebPage\",\"@id\":\"https:\\\/\\\/hylajams.fi\\\/?page_id=10140\",\"url\":\"https:\\\/\\\/hylajams.fi\\\/?page_id=10140\",\"name\":\"Lis\u00e4tuloja tai kokop\u00e4iv\u00e4inen ura \u2013 tutustu Hyla-tiimiin\",\"isPartOf\":{\"@id\":\"https:\\\/\\\/hylajams.fi\\\/#website\"},\"primaryImageOfPage\":{\"@id\":\"https:\\\/\\\/hylajams.fi\\\/?page_id=10140#primaryimage\"},\"image\":{\"@id\":\"https:\\\/\\\/hylajams.fi\\\/?page_id=10140#primaryimage\"},\"thumbnailUrl\":\"https:\\\/\\\/hylajams.fi\\\/wp-content\\\/uploads\\\/2024\\\/01\\\/Puhdas-ilma-alkaa-taalta-2.jpg\",\"datePublished\":\"2025-03-25T08:42:31+00:00\",\"dateModified\":\"2026-02-25T10:55:41+00:00\",\"description\":\"Lis\u00e4tuloja tai kokop\u00e4iv\u00e4inen ura: Hyla tiimi tarjoaa mahdollisuuden lis\u00e4tuloihin tai kokop\u00e4iv\u00e4iseen uraan.\",\"breadcrumb\":{\"@id\":\"https:\\\/\\\/hylajams.fi\\\/?page_id=10140#breadcrumb\"},\"inLanguage\":\"fi\",\"potentialAction\":[{\"@type\":\"ReadAction\",\"target\":[\"https:\\\/\\\/hylajams.fi\\\/?page_id=10140\"]}]},{\"@type\":\"ImageObject\",\"inLanguage\":\"fi\",\"@id\":\"https:\\\/\\\/hylajams.fi\\\/?page_id=10140#primaryimage\",\"url\":\"https:\\\/\\\/hylajams.fi\\\/wp-content\\\/uploads\\\/2024\\\/01\\\/Puhdas-ilma-alkaa-taalta-2.jpg\",\"contentUrl\":\"https:\\\/\\\/hylajams.fi\\\/wp-content\\\/uploads\\\/2024\\\/01\\\/Puhdas-ilma-alkaa-taalta-2.jpg\",\"width\":900,\"height\":450},{\"@type\":\"BreadcrumbList\",\"@id\":\"https:\\\/\\\/hylajams.fi\\\/?page_id=10140#breadcrumb\",\"itemListElement\":[{\"@type\":\"ListItem\",\"position\":1,\"name\":\"Etusivu\",\"item\":\"https:\\\/\\\/hylajams.fi\\\/\"},{\"@type\":\"ListItem\",\"position\":2,\"name\":\"Haluatko lis\u00e4tuloja vai etsitk\u00f6 kokop\u00e4iv\u00e4ist\u00e4 uraa?\"}]},{\"@type\":\"WebSite\",\"@id\":\"https:\\\/\\\/hylajams.fi\\\/#website\",\"url\":\"https:\\\/\\\/hylajams.fi\\\/\",\"name\":\"Hyla Jams Verkkokauppa\",\"description\":\"Hyla ilman- ja huoneen puhdistusj\u00e4rjestelm\u00e4 Suomessa\",\"publisher\":{\"@id\":\"https:\\\/\\\/hylajams.fi\\\/#organization\"},\"potentialAction\":[{\"@type\":\"SearchAction\",\"target\":{\"@type\":\"EntryPoint\",\"urlTemplate\":\"https:\\\/\\\/hylajams.fi\\\/?s={search_term_string}\"},\"query-input\":{\"@type\":\"PropertyValueSpecification\",\"valueRequired\":true,\"valueName\":\"search_term_string\"}}],\"inLanguage\":\"fi\"},{\"@type\":\"Organization\",\"@id\":\"https:\\\/\\\/hylajams.fi\\\/#organization\",\"name\":\"Hyla Jams Verkkokauppa\",\"url\":\"https:\\\/\\\/hylajams.fi\\\/\",\"logo\":{\"@type\":\"ImageObject\",\"inLanguage\":\"fi\",\"@id\":\"https:\\\/\\\/hylajams.fi\\\/#\\\/schema\\\/logo\\\/image\\\/\",\"url\":\"https:\\\/\\\/hylajams.fi\\\/wp-content\\\/uploads\\\/2025\\\/02\\\/Logo-1-2.jpg\",\"contentUrl\":\"https:\\\/\\\/hylajams.fi\\\/wp-content\\\/uploads\\\/2025\\\/02\\\/Logo-1-2.jpg\",\"width\":500,\"height\":500,\"caption\":\"Hyla Jams Verkkokauppa\"},\"image\":{\"@id\":\"https:\\\/\\\/hylajams.fi\\\/#\\\/schema\\\/logo\\\/image\\\/\"},\"sameAs\":[\"https:\\\/\\\/www.instagram.com\\\/hylasiivous\\\/\"]}]}<\/script>\n<!-- \/ Yoast SEO plugin. -->","yoast_head_json":{"title":"Lis\u00e4tuloja tai kokop\u00e4iv\u00e4inen ura \u2013 tutustu Hyla-tiimiin","description":"Lis\u00e4tuloja tai kokop\u00e4iv\u00e4inen ura: Hyla tiimi tarjoaa mahdollisuuden lis\u00e4tuloihin tai kokop\u00e4iv\u00e4iseen uraan.","robots":{"index":"index","follow":"follow","max-snippet":"max-snippet:-1","max-image-preview":"max-image-preview:large","max-video-preview":"max-video-preview:-1"},"canonical":"https:\/\/hylajams.fi\/?page_id=10140","og_locale":"fi_FI","og_type":"article","og_title":"Lis\u00e4tuloja tai kokop\u00e4iv\u00e4inen ura \u2013 tutustu Hyla-tiimiin","og_description":"Lis\u00e4tuloja tai kokop\u00e4iv\u00e4inen ura: Hyla tiimi tarjoaa mahdollisuuden lis\u00e4tuloihin tai kokop\u00e4iv\u00e4iseen uraan.","og_url":"https:\/\/hylajams.fi\/?page_id=10140","og_site_name":"Hyla Jams Verkkokauppa","article_modified_time":"2026-02-25T10:55:41+00:00","og_image":[{"width":900,"height":450,"url":"https:\/\/hylajams.fi\/wp-content\/uploads\/2024\/01\/Puhdas-ilma-alkaa-taalta-2.jpg","type":"image\/jpeg"}],"twitter_card":"summary_large_image","twitter_misc":{"Arvioitu lukuaika":"3 minuuttia"},"schema":{"@context":"https:\/\/schema.org","@graph":[{"@type":"WebPage","@id":"https:\/\/hylajams.fi\/?page_id=10140","url":"https:\/\/hylajams.fi\/?page_id=10140","name":"Lis\u00e4tuloja tai kokop\u00e4iv\u00e4inen ura \u2013 tutustu Hyla-tiimiin","isPartOf":{"@id":"https:\/\/hylajams.fi\/#website"},"primaryImageOfPage":{"@id":"https:\/\/hylajams.fi\/?page_id=10140#primaryimage"},"image":{"@id":"https:\/\/hylajams.fi\/?page_id=10140#primaryimage"},"thumbnailUrl":"https:\/\/hylajams.fi\/wp-content\/uploads\/2024\/01\/Puhdas-ilma-alkaa-taalta-2.jpg","datePublished":"2025-03-25T08:42:31+00:00","dateModified":"2026-02-25T10:55:41+00:00","description":"Lis\u00e4tuloja tai kokop\u00e4iv\u00e4inen ura: Hyla tiimi tarjoaa mahdollisuuden lis\u00e4tuloihin tai kokop\u00e4iv\u00e4iseen uraan.","breadcrumb":{"@id":"https:\/\/hylajams.fi\/?page_id=10140#breadcrumb"},"inLanguage":"fi","potentialAction":[{"@type":"ReadAction","target":["https:\/\/hylajams.fi\/?page_id=10140"]}]},{"@type":"ImageObject","inLanguage":"fi","@id":"https:\/\/hylajams.fi\/?page_id=10140#primaryimage","url":"https:\/\/hylajams.fi\/wp-content\/uploads\/2024\/01\/Puhdas-ilma-alkaa-taalta-2.jpg","contentUrl":"https:\/\/hylajams.fi\/wp-content\/uploads\/2024\/01\/Puhdas-ilma-alkaa-taalta-2.jpg","width":900,"height":450},{"@type":"BreadcrumbList","@id":"https:\/\/hylajams.fi\/?page_id=10140#breadcrumb","itemListElement":[{"@type":"ListItem","position":1,"name":"Etusivu","item":"https:\/\/hylajams.fi\/"},{"@type":"ListItem","position":2,"name":"Haluatko lis\u00e4tuloja vai etsitk\u00f6 kokop\u00e4iv\u00e4ist\u00e4 uraa?"}]},{"@type":"WebSite","@id":"https:\/\/hylajams.fi\/#website","url":"https:\/\/hylajams.fi\/","name":"Hyla Jams Verkkokauppa","description":"Hyla ilman- ja huoneen puhdistusj\u00e4rjestelm\u00e4 Suomessa","publisher":{"@id":"https:\/\/hylajams.fi\/#organization"},"potentialAction":[{"@type":"SearchAction","target":{"@type":"EntryPoint","urlTemplate":"https:\/\/hylajams.fi\/?s={search_term_string}"},"query-input":{"@type":"PropertyValueSpecification","valueRequired":true,"valueName":"search_term_string"}}],"inLanguage":"fi"},{"@type":"Organization","@id":"https:\/\/hylajams.fi\/#organization","name":"Hyla Jams Verkkokauppa","url":"https:\/\/hylajams.fi\/","logo":{"@type":"ImageObject","inLanguage":"fi","@id":"https:\/\/hylajams.fi\/#\/schema\/logo\/image\/","url":"https:\/\/hylajams.fi\/wp-content\/uploads\/2025\/02\/Logo-1-2.jpg","contentUrl":"https:\/\/hylajams.fi\/wp-content\/uploads\/2025\/02\/Logo-1-2.jpg","width":500,"height":500,"caption":"Hyla Jams Verkkokauppa"},"image":{"@id":"https:\/\/hylajams.fi\/#\/schema\/logo\/image\/"},"sameAs":["https:\/\/www.instagram.com\/hylasiivous\/"]}]}},"_links":{"self":[{"href":"https:\/\/hylajams.fi\/index.php?rest_route=\/wp\/v2\/pages\/10140","targetHints":{"allow":["GET"]}}],"collection":[{"href":"https:\/\/hylajams.fi\/index.php?rest_route=\/wp\/v2\/pages"}],"about":[{"href":"https:\/\/hylajams.fi\/index.php?rest_route=\/wp\/v2\/types\/page"}],"author":[{"embeddable":true,"href":"https:\/\/hylajams.fi\/index.php?rest_route=\/wp\/v2\/users\/2"}],"replies":[{"embeddable":true,"href":"https:\/\/hylajams.fi\/index.php?rest_route=%2Fwp%2Fv2%2Fcomments&post=10140"}],"version-history":[{"count":3,"href":"https:\/\/hylajams.fi\/index.php?rest_route=\/wp\/v2\/pages\/10140\/revisions"}],"predecessor-version":[{"id":13012,"href":"https:\/\/hylajams.fi\/index.php?rest_route=\/wp\/v2\/pages\/10140\/revisions\/13012"}],"wp:attachment":[{"href":"https:\/\/hylajams.fi\/index.php?rest_route=%2Fwp%2Fv2%2Fmedia&parent=10140"}],"curies":[{"name":"wp","href":"https:\/\/api.w.org\/{rel}","templated":true}]}}